{"id":12039,"date":"2025-10-29T03:09:27","date_gmt":"2025-10-29T02:09:27","guid":{"rendered":"https:\/\/htcwoo.test\/termek\/vanguard-lumineth-realm-lords\/"},"modified":"2026-01-08T11:39:13","modified_gmt":"2026-01-08T10:39:13","slug":"spearhead-lumineth-realm-lords-glitterling-phalanx","status":"publish","type":"product","link":"https:\/\/hammertimecafe.hu\/en\/product\/spearhead-lumineth-realm-lords-glitterling-phalanx\/","title":{"rendered":"SPEARHEAD: LUMINETH REALM-LORDS GLITTERING PHALANX"},"content":{"rendered":"<p>A term\u00e9szet\u00fckn\u00e9l fogva a misztikus m\u0171v\u00e9szet\u00e9nek \u00e9s k\u00e9pz\u00e9s\u00fck\u00a0l\u00e9v\u00e9n a h\u00e1bor\u00fa m\u0171v\u00e9szet\u00e9nek is mesterei. A Lumineth Realm-lordok igyekeznek egyens\u00falyt teremteni a kozmoszban. A vanari csapatok jelentik Hysh seregeinek f\u0151 t\u00e1masz\u00e1t \u2013 j\u00f3l felszereltek, kiv\u00e9telesen tapasztaltak \u00e9s hal\u00e1losak, ak\u00e1r nagy peng\u00e9vel, csuk\u00e1val vagy \u00edjjal vannak felfegyverkezve.<\/p>\n<p>Ha k\u00e9szen \u00e1llsz arra, hogy harm\u00f3ni\u00e1t hozz a Mortal Realm-be, ez a Vanguard doboz ide\u00e1lis kiindul\u00f3pont egy \u00faj Lumineth Realm-lords kollekci\u00f3hoz \u2013 vagy\u00a0hatalmas \u00e1ld\u00e1s egy m\u00e1r megl\u00e9v\u0151h\u00f6z.<\/p>\n<p>Tartalma:<br \/>\n\u2013 1 db Scinari Cathallar<br \/>\n\u2013 5 db\u00a0Vanari Bladelord<br \/>\n\u2013 10 db\u00a0Vanari Auralan Warden<br \/>\n\u2013 10 db\u00a0Vanari Auralan Sentinels<\/p>","protected":false},"excerpt":{"rendered":"<p>Hozz l\u00e9tre egy \u00faj sereget vagy b\u0151v\u00edtsd ki a megl\u00e9v\u0151 kollekci\u00f3t!<\/p>\n<p>A figur\u00e1k fest\u00e9st \u00e9s ragaszt\u00e1st ig\u00e9nyelnek!<\/p>","protected":false},"featured_media":24448,"comment_status":"open","ping_status":"closed","template":"","meta":{"_acf_changed":false},"product_brand":[46],"product_cat":[211,19,42],"product_tag":[],"class_list":{"0":"post-12039","1":"product","2":"type-product","3":"status-publish","4":"has-post-thumbnail","6":"product_brand-games-workshop","7":"product_cat-lumineth-realm-lords","8":"product_cat-wargame","9":"product_cat-warhammer-age-of-sigmar","11":"first","12":"onbackorder","13":"sale","14":"taxable","15":"shipping-taxable","16":"purchasable","17":"product-type-simple"},"acf":[],"yoast_head":"<!-- This site is optimized with the Yoast SEO Premium plugin v25.6 (Yoast SEO v25.6) - https:\/\/yoast.com\/wordpress\/plugins\/seo\/ -->\n<title>VANGUARD: LUMINETH REALM-LORDS<\/title>\n<meta name=\"robots\" content=\"index, follow, max-snippet:-1, max-image-preview:large, max-video-preview:-1\" \/>\n<link rel=\"canonical\" href=\"https:\/\/hammertimecafe.hu\/en\/product\/spearhead-lumineth-realm-lords-glitterling-phalanx\/\" \/>\n<meta property=\"og:locale\" content=\"en_US\" \/>\n<meta property=\"og:type\" content=\"article\" \/>\n<meta property=\"og:title\" content=\"SPEARHEAD: LUMINETH REALM-LORDS GLITTERING PHALANX\" \/>\n<meta property=\"og:description\" content=\"Hozz l\u00e9tre egy \u00faj sereget vagy b\u0151v\u00edtsd ki a megl\u00e9v\u0151 kollekci\u00f3t!  A figur\u00e1k fest\u00e9st \u00e9s ragaszt\u00e1st ig\u00e9nyelnek!\" \/>\n<meta property=\"og:url\" content=\"https:\/\/hammertimecafe.hu\/en\/product\/spearhead-lumineth-realm-lords-glitterling-phalanx\/\" \/>\n<meta property=\"og:site_name\" content=\"HammerTime Cafe Webshop\" \/>\n<meta property=\"article:modified_time\" content=\"2026-01-08T10:39:13+00:00\" \/>\n<meta property=\"og:image\" content=\"https:\/\/hammertimecafe.hu\/app\/uploads\/2025\/10\/Spearhead-Lumineth-Realm-Lords-Glittering-Phalanx.jpg\" \/>\n\t<meta property=\"og:image:width\" content=\"918\" \/>\n\t<meta property=\"og:image:height\" content=\"948\" \/>\n\t<meta property=\"og:image:type\" content=\"image\/jpeg\" \/>\n<meta name=\"twitter:card\" content=\"summary_large_image\" \/>\n<meta name=\"twitter:label1\" content=\"Est. reading time\" \/>\n\t<meta name=\"twitter:data1\" content=\"1 minute\" \/>\n<script type=\"application\/ld+json\" class=\"yoast-schema-graph\">{\"@context\":\"https:\/\/schema.org\",\"@graph\":[{\"@type\":\"WebPage\",\"@id\":\"https:\/\/hammertimecafe.hu\/termek\/spearhead-lumineth-realm-lords-glitterling-phalanx\/\",\"url\":\"https:\/\/hammertimecafe.hu\/termek\/spearhead-lumineth-realm-lords-glitterling-phalanx\/\",\"name\":\"VANGUARD: LUMINETH REALM-LORDS\",\"isPartOf\":{\"@id\":\"https:\/\/hammertimecafe.hu\/#website\"},\"primaryImageOfPage\":{\"@id\":\"https:\/\/hammertimecafe.hu\/termek\/spearhead-lumineth-realm-lords-glitterling-phalanx\/#primaryimage\"},\"image\":{\"@id\":\"https:\/\/hammertimecafe.hu\/termek\/spearhead-lumineth-realm-lords-glitterling-phalanx\/#primaryimage\"},\"thumbnailUrl\":\"https:\/\/hammertimecafe.hu\/app\/uploads\/2025\/10\/Spearhead-Lumineth-Realm-Lords-Glittering-Phalanx.jpg\",\"datePublished\":\"2025-10-29T02:09:27+00:00\",\"dateModified\":\"2026-01-08T10:39:13+00:00\",\"breadcrumb\":{\"@id\":\"https:\/\/hammertimecafe.hu\/termek\/spearhead-lumineth-realm-lords-glitterling-phalanx\/#breadcrumb\"},\"inLanguage\":\"en-US\",\"potentialAction\":[{\"@type\":\"ReadAction\",\"target\":[\"https:\/\/hammertimecafe.hu\/termek\/spearhead-lumineth-realm-lords-glitterling-phalanx\/\"]}]},{\"@type\":\"ImageObject\",\"inLanguage\":\"en-US\",\"@id\":\"https:\/\/hammertimecafe.hu\/termek\/spearhead-lumineth-realm-lords-glitterling-phalanx\/#primaryimage\",\"url\":\"https:\/\/hammertimecafe.hu\/app\/uploads\/2025\/10\/Spearhead-Lumineth-Realm-Lords-Glittering-Phalanx.jpg\",\"contentUrl\":\"https:\/\/hammertimecafe.hu\/app\/uploads\/2025\/10\/Spearhead-Lumineth-Realm-Lords-Glittering-Phalanx.jpg\",\"width\":918,\"height\":948,\"caption\":\"Spearhead Lumineth Realm-Lords Glittering Phalanx\"},{\"@type\":\"BreadcrumbList\",\"@id\":\"https:\/\/hammertimecafe.hu\/termek\/spearhead-lumineth-realm-lords-glitterling-phalanx\/#breadcrumb\",\"itemListElement\":[{\"@type\":\"ListItem\",\"position\":1,\"name\":\"Home\",\"item\":\"https:\/\/hammertimecafe.hu\/\"},{\"@type\":\"ListItem\",\"position\":2,\"name\":\"Shop\",\"item\":\"https:\/\/hammertimecafe.hu\/uzlet\/\"},{\"@type\":\"ListItem\",\"position\":3,\"name\":\"SPEARHEAD: LUMINETH REALM-LORDS GLITTERING PHALANX\"}]},{\"@type\":\"WebSite\",\"@id\":\"https:\/\/hammertimecafe.hu\/#website\",\"url\":\"https:\/\/hammertimecafe.hu\/\",\"name\":\"Hammertimecafe\",\"description\":\"A HammerTime Cafe Hivatalos Weboldala \u00e9s Webshopja.\",\"publisher\":{\"@id\":\"https:\/\/hammertimecafe.hu\/#organization\"},\"potentialAction\":[{\"@type\":\"SearchAction\",\"target\":{\"@type\":\"EntryPoint\",\"urlTemplate\":\"https:\/\/hammertimecafe.hu\/?s={search_term_string}\"},\"query-input\":{\"@type\":\"PropertyValueSpecification\",\"valueRequired\":true,\"valueName\":\"search_term_string\"}}],\"inLanguage\":\"en-US\"},{\"@type\":\"Organization\",\"@id\":\"https:\/\/hammertimecafe.hu\/#organization\",\"name\":\"Hammertimecafe\",\"url\":\"https:\/\/hammertimecafe.hu\/\",\"logo\":{\"@type\":\"ImageObject\",\"inLanguage\":\"en-US\",\"@id\":\"https:\/\/hammertimecafe.hu\/#\/schema\/logo\/image\/\",\"url\":\"https:\/\/htcwoo.test\/app\/uploads\/2025\/08\/logo_of_htc.png\",\"contentUrl\":\"https:\/\/htcwoo.test\/app\/uploads\/2025\/08\/logo_of_htc.png\",\"width\":166,\"height\":73,\"caption\":\"Hammertimecafe\"},\"image\":{\"@id\":\"https:\/\/hammertimecafe.hu\/#\/schema\/logo\/image\/\"}}]}<\/script>\n<!-- \/ Yoast SEO Premium plugin. -->","yoast_head_json":{"title":"VANGUARD: LUMINETH REALM-LORDS","robots":{"index":"index","follow":"follow","max-snippet":"max-snippet:-1","max-image-preview":"max-image-preview:large","max-video-preview":"max-video-preview:-1"},"canonical":"https:\/\/hammertimecafe.hu\/en\/product\/spearhead-lumineth-realm-lords-glitterling-phalanx\/","og_locale":"en_US","og_type":"article","og_title":"SPEARHEAD: LUMINETH REALM-LORDS GLITTERING PHALANX","og_description":"Hozz l\u00e9tre egy \u00faj sereget vagy b\u0151v\u00edtsd ki a megl\u00e9v\u0151 kollekci\u00f3t!  A figur\u00e1k fest\u00e9st \u00e9s ragaszt\u00e1st ig\u00e9nyelnek!","og_url":"https:\/\/hammertimecafe.hu\/en\/product\/spearhead-lumineth-realm-lords-glitterling-phalanx\/","og_site_name":"HammerTime Cafe Webshop","article_modified_time":"2026-01-08T10:39:13+00:00","og_image":[{"width":918,"height":948,"url":"https:\/\/hammertimecafe.hu\/app\/uploads\/2025\/10\/Spearhead-Lumineth-Realm-Lords-Glittering-Phalanx.jpg","type":"image\/jpeg"}],"twitter_card":"summary_large_image","twitter_misc":{"Est. reading time":"1 minute"},"schema":{"@context":"https:\/\/schema.org","@graph":[{"@type":"WebPage","@id":"https:\/\/hammertimecafe.hu\/termek\/spearhead-lumineth-realm-lords-glitterling-phalanx\/","url":"https:\/\/hammertimecafe.hu\/termek\/spearhead-lumineth-realm-lords-glitterling-phalanx\/","name":"VANGUARD: LUMINETH REALM-LORDS","isPartOf":{"@id":"https:\/\/hammertimecafe.hu\/#website"},"primaryImageOfPage":{"@id":"https:\/\/hammertimecafe.hu\/termek\/spearhead-lumineth-realm-lords-glitterling-phalanx\/#primaryimage"},"image":{"@id":"https:\/\/hammertimecafe.hu\/termek\/spearhead-lumineth-realm-lords-glitterling-phalanx\/#primaryimage"},"thumbnailUrl":"https:\/\/hammertimecafe.hu\/app\/uploads\/2025\/10\/Spearhead-Lumineth-Realm-Lords-Glittering-Phalanx.jpg","datePublished":"2025-10-29T02:09:27+00:00","dateModified":"2026-01-08T10:39:13+00:00","breadcrumb":{"@id":"https:\/\/hammertimecafe.hu\/termek\/spearhead-lumineth-realm-lords-glitterling-phalanx\/#breadcrumb"},"inLanguage":"en-US","potentialAction":[{"@type":"ReadAction","target":["https:\/\/hammertimecafe.hu\/termek\/spearhead-lumineth-realm-lords-glitterling-phalanx\/"]}]},{"@type":"ImageObject","inLanguage":"en-US","@id":"https:\/\/hammertimecafe.hu\/termek\/spearhead-lumineth-realm-lords-glitterling-phalanx\/#primaryimage","url":"https:\/\/hammertimecafe.hu\/app\/uploads\/2025\/10\/Spearhead-Lumineth-Realm-Lords-Glittering-Phalanx.jpg","contentUrl":"https:\/\/hammertimecafe.hu\/app\/uploads\/2025\/10\/Spearhead-Lumineth-Realm-Lords-Glittering-Phalanx.jpg","width":918,"height":948,"caption":"Spearhead Lumineth Realm-Lords Glittering Phalanx"},{"@type":"BreadcrumbList","@id":"https:\/\/hammertimecafe.hu\/termek\/spearhead-lumineth-realm-lords-glitterling-phalanx\/#breadcrumb","itemListElement":[{"@type":"ListItem","position":1,"name":"Home","item":"https:\/\/hammertimecafe.hu\/"},{"@type":"ListItem","position":2,"name":"Shop","item":"https:\/\/hammertimecafe.hu\/uzlet\/"},{"@type":"ListItem","position":3,"name":"SPEARHEAD: LUMINETH REALM-LORDS GLITTERING PHALANX"}]},{"@type":"WebSite","@id":"https:\/\/hammertimecafe.hu\/#website","url":"https:\/\/hammertimecafe.hu\/","name":"Hammertimecafe","description":"The Official Website and Webshop of HammerTime Cafe.","publisher":{"@id":"https:\/\/hammertimecafe.hu\/#organization"},"potentialAction":[{"@type":"SearchAction","target":{"@type":"EntryPoint","urlTemplate":"https:\/\/hammertimecafe.hu\/?s={search_term_string}"},"query-input":{"@type":"PropertyValueSpecification","valueRequired":true,"valueName":"search_term_string"}}],"inLanguage":"en-US"},{"@type":"Organization","@id":"https:\/\/hammertimecafe.hu\/#organization","name":"Hammertimecafe","url":"https:\/\/hammertimecafe.hu\/","logo":{"@type":"ImageObject","inLanguage":"en-US","@id":"https:\/\/hammertimecafe.hu\/#\/schema\/logo\/image\/","url":"https:\/\/htcwoo.test\/app\/uploads\/2025\/08\/logo_of_htc.png","contentUrl":"https:\/\/htcwoo.test\/app\/uploads\/2025\/08\/logo_of_htc.png","width":166,"height":73,"caption":"Hammertimecafe"},"image":{"@id":"https:\/\/hammertimecafe.hu\/#\/schema\/logo\/image\/"}}]}},"_links":{"self":[{"href":"https:\/\/hammertimecafe.hu\/en\/wp-json\/wp\/v2\/product\/12039","targetHints":{"allow":["GET"]}}],"collection":[{"href":"https:\/\/hammertimecafe.hu\/en\/wp-json\/wp\/v2\/product"}],"about":[{"href":"https:\/\/hammertimecafe.hu\/en\/wp-json\/wp\/v2\/types\/product"}],"replies":[{"embeddable":true,"href":"https:\/\/hammertimecafe.hu\/en\/wp-json\/wp\/v2\/comments?post=12039"}],"wp:featuredmedia":[{"embeddable":true,"href":"https:\/\/hammertimecafe.hu\/en\/wp-json\/wp\/v2\/media\/24448"}],"wp:attachment":[{"href":"https:\/\/hammertimecafe.hu\/en\/wp-json\/wp\/v2\/media?parent=12039"}],"wp:term":[{"taxonomy":"product_brand","embeddable":true,"href":"https:\/\/hammertimecafe.hu\/en\/wp-json\/wp\/v2\/product_brand?post=12039"},{"taxonomy":"product_cat","embeddable":true,"href":"https:\/\/hammertimecafe.hu\/en\/wp-json\/wp\/v2\/product_cat?post=12039"},{"taxonomy":"product_tag","embeddable":true,"href":"https:\/\/hammertimecafe.hu\/en\/wp-json\/wp\/v2\/product_tag?post=12039"}],"curies":[{"name":"wp","href":"https:\/\/api.w.org\/{rel}","templated":true}]}}