{"id":12156,"date":"2025-10-29T03:11:32","date_gmt":"2025-10-29T02:11:32","guid":{"rendered":"https:\/\/htcwoo.test\/termek\/slaves-to-darkness-ogroid-theridons\/"},"modified":"2026-04-19T20:40:42","modified_gmt":"2026-04-19T18:40:42","slug":"slaves-to-darkness-ogroid-theridons","status":"publish","type":"product","link":"https:\/\/hammertimecafe.hu\/en\/product\/slaves-to-darkness-ogroid-theridons\/","title":{"rendered":"SLAVES TO DARKNESS: OGROID THERIDONS"},"content":{"rendered":"<p>Az Ogroid Theridonok f\u00e9lelmetes csap\u00e1sm\u00e9r\u0151 csapatokk\u00e9nt szolg\u00e1lnak a K\u00e1osz seregeiben, akik megd\u00f6bbent\u0151 er\u0151vel \u00e9s \u00fcgyess\u00e9ggel \u00fctik sz\u00e9t ellens\u00e9geiket. Egykor a Fenevadak birodalm\u00e1n \u00e1tny\u00fal\u00f3 hatalmas birodalom uralkod\u00f3i voltak, a goroaiakat Archaon szolg\u00e1lat\u00e1ba cs\u00e1b\u00edtott\u00e1k az orruk inv\u00e1zi\u00f3kt\u00f3l mentes \u00faj haz\u00e1juk \u00edg\u00e9retei \u2013 ez a birodalom, amelyet Eightpoints-nak h\u00edvtak. Manaps\u00e1g ismertebb nev\u00e9n ogroidok, s\u00f6t\u00e9t fellegv\u00e1rakat emelnek, hatalmas fegyvereket kov\u00e1csolnak, \u00e9s fel\u00fcgyel\u0151k\u00e9nt szolg\u00e1lnak a Varanspire \u00e1rny\u00e9k\u00e1ban.<\/p>\n<p><strong>A doboz 3 figur\u00e1t tartalmaz.<\/strong><\/p>","protected":false},"excerpt":{"rendered":"<p>Gy\u0171jtsd be a f\u00e9lelmetes shock troop-kat a Slaves to Darkness seregeidbe!<\/p>\n<p>A figur\u00e1k fest\u00e9st \u00e9s ragaszt\u00e1st ig\u00e9nyelnek!<\/p>","protected":false},"featured_media":22670,"comment_status":"open","ping_status":"closed","template":"","meta":{"_acf_changed":false},"product_brand":[46],"product_cat":[43,103,19,42],"product_tag":[],"class_list":{"0":"post-12156","1":"product","2":"type-product","3":"status-publish","4":"has-post-thumbnail","6":"product_brand-games-workshop","7":"product_cat-grand-alliance-chaos","8":"product_cat-slaves-to-darkness","9":"product_cat-wargame","10":"product_cat-warhammer-age-of-sigmar","12":"first","13":"instock","14":"sale","15":"taxable","16":"shipping-taxable","17":"purchasable","18":"product-type-simple"},"acf":[],"yoast_head":"<!-- This site is optimized with the Yoast SEO Premium plugin v25.6 (Yoast SEO v25.6) - https:\/\/yoast.com\/wordpress\/plugins\/seo\/ -->\n<title>SLAVES TO DARKNESS: OGROID THERIDONS<\/title>\n<meta name=\"description\" content=\"SLAVES TO DARKNESS: OGROID THERIDONS\" \/>\n<meta name=\"robots\" content=\"index, follow, max-snippet:-1, max-image-preview:large, max-video-preview:-1\" \/>\n<link rel=\"canonical\" href=\"https:\/\/hammertimecafe.hu\/en\/product\/slaves-to-darkness-ogroid-theridons\/\" \/>\n<meta property=\"og:locale\" content=\"en_US\" \/>\n<meta property=\"og:type\" content=\"article\" \/>\n<meta property=\"og:title\" content=\"SLAVES TO DARKNESS: OGROID THERIDONS\" \/>\n<meta property=\"og:description\" content=\"SLAVES TO DARKNESS: OGROID THERIDONS\" \/>\n<meta property=\"og:url\" content=\"https:\/\/hammertimecafe.hu\/en\/product\/slaves-to-darkness-ogroid-theridons\/\" \/>\n<meta property=\"og:site_name\" content=\"HammerTime Cafe Webshop\" \/>\n<meta property=\"article:modified_time\" content=\"2026-04-19T18:40:42+00:00\" \/>\n<meta property=\"og:image\" content=\"https:\/\/hammertimecafe.hu\/app\/uploads\/2025\/10\/99120201129.jpg\" \/>\n\t<meta property=\"og:image:width\" content=\"1162\" \/>\n\t<meta property=\"og:image:height\" content=\"1200\" \/>\n\t<meta property=\"og:image:type\" content=\"image\/jpeg\" \/>\n<meta name=\"twitter:card\" content=\"summary_large_image\" \/>\n<meta name=\"twitter:label1\" content=\"Est. reading time\" \/>\n\t<meta name=\"twitter:data1\" content=\"1 minute\" \/>\n<script type=\"application\/ld+json\" class=\"yoast-schema-graph\">{\"@context\":\"https:\/\/schema.org\",\"@graph\":[{\"@type\":\"WebPage\",\"@id\":\"https:\/\/hammertimecafe.hu\/termek\/slaves-to-darkness-ogroid-theridons\/\",\"url\":\"https:\/\/hammertimecafe.hu\/termek\/slaves-to-darkness-ogroid-theridons\/\",\"name\":\"SLAVES TO DARKNESS: OGROID THERIDONS\",\"isPartOf\":{\"@id\":\"https:\/\/hammertimecafe.hu\/#website\"},\"primaryImageOfPage\":{\"@id\":\"https:\/\/hammertimecafe.hu\/termek\/slaves-to-darkness-ogroid-theridons\/#primaryimage\"},\"image\":{\"@id\":\"https:\/\/hammertimecafe.hu\/termek\/slaves-to-darkness-ogroid-theridons\/#primaryimage\"},\"thumbnailUrl\":\"https:\/\/hammertimecafe.hu\/app\/uploads\/2025\/10\/99120201129.jpg\",\"datePublished\":\"2025-10-29T02:11:32+00:00\",\"dateModified\":\"2026-04-19T18:40:42+00:00\",\"description\":\"SLAVES TO DARKNESS: OGROID THERIDONS\",\"breadcrumb\":{\"@id\":\"https:\/\/hammertimecafe.hu\/termek\/slaves-to-darkness-ogroid-theridons\/#breadcrumb\"},\"inLanguage\":\"en-US\",\"potentialAction\":[{\"@type\":\"ReadAction\",\"target\":[\"https:\/\/hammertimecafe.hu\/termek\/slaves-to-darkness-ogroid-theridons\/\"]}]},{\"@type\":\"ImageObject\",\"inLanguage\":\"en-US\",\"@id\":\"https:\/\/hammertimecafe.hu\/termek\/slaves-to-darkness-ogroid-theridons\/#primaryimage\",\"url\":\"https:\/\/hammertimecafe.hu\/app\/uploads\/2025\/10\/99120201129.jpg\",\"contentUrl\":\"https:\/\/hammertimecafe.hu\/app\/uploads\/2025\/10\/99120201129.jpg\",\"width\":1162,\"height\":1200},{\"@type\":\"BreadcrumbList\",\"@id\":\"https:\/\/hammertimecafe.hu\/termek\/slaves-to-darkness-ogroid-theridons\/#breadcrumb\",\"itemListElement\":[{\"@type\":\"ListItem\",\"position\":1,\"name\":\"Home\",\"item\":\"https:\/\/hammertimecafe.hu\/\"},{\"@type\":\"ListItem\",\"position\":2,\"name\":\"Shop\",\"item\":\"https:\/\/hammertimecafe.hu\/uzlet\/\"},{\"@type\":\"ListItem\",\"position\":3,\"name\":\"SLAVES TO DARKNESS: OGROID THERIDONS\"}]},{\"@type\":\"WebSite\",\"@id\":\"https:\/\/hammertimecafe.hu\/#website\",\"url\":\"https:\/\/hammertimecafe.hu\/\",\"name\":\"Hammertimecafe\",\"description\":\"A HammerTime Cafe Hivatalos Weboldala \u00e9s Webshopja.\",\"publisher\":{\"@id\":\"https:\/\/hammertimecafe.hu\/#organization\"},\"potentialAction\":[{\"@type\":\"SearchAction\",\"target\":{\"@type\":\"EntryPoint\",\"urlTemplate\":\"https:\/\/hammertimecafe.hu\/?s={search_term_string}\"},\"query-input\":{\"@type\":\"PropertyValueSpecification\",\"valueRequired\":true,\"valueName\":\"search_term_string\"}}],\"inLanguage\":\"en-US\"},{\"@type\":\"Organization\",\"@id\":\"https:\/\/hammertimecafe.hu\/#organization\",\"name\":\"Hammertimecafe\",\"url\":\"https:\/\/hammertimecafe.hu\/\",\"logo\":{\"@type\":\"ImageObject\",\"inLanguage\":\"en-US\",\"@id\":\"https:\/\/hammertimecafe.hu\/#\/schema\/logo\/image\/\",\"url\":\"https:\/\/htcwoo.test\/app\/uploads\/2025\/08\/logo_of_htc.png\",\"contentUrl\":\"https:\/\/htcwoo.test\/app\/uploads\/2025\/08\/logo_of_htc.png\",\"width\":166,\"height\":73,\"caption\":\"Hammertimecafe\"},\"image\":{\"@id\":\"https:\/\/hammertimecafe.hu\/#\/schema\/logo\/image\/\"}}]}<\/script>\n<!-- \/ Yoast SEO Premium plugin. -->","yoast_head_json":{"title":"SLAVES TO DARKNESS: OGROID THERIDONS","description":"SLAVES TO DARKNESS: OGROID THERIDONS","robots":{"index":"index","follow":"follow","max-snippet":"max-snippet:-1","max-image-preview":"max-image-preview:large","max-video-preview":"max-video-preview:-1"},"canonical":"https:\/\/hammertimecafe.hu\/en\/product\/slaves-to-darkness-ogroid-theridons\/","og_locale":"en_US","og_type":"article","og_title":"SLAVES TO DARKNESS: OGROID THERIDONS","og_description":"SLAVES TO DARKNESS: OGROID THERIDONS","og_url":"https:\/\/hammertimecafe.hu\/en\/product\/slaves-to-darkness-ogroid-theridons\/","og_site_name":"HammerTime Cafe Webshop","article_modified_time":"2026-04-19T18:40:42+00:00","og_image":[{"width":1162,"height":1200,"url":"https:\/\/hammertimecafe.hu\/app\/uploads\/2025\/10\/99120201129.jpg","type":"image\/jpeg"}],"twitter_card":"summary_large_image","twitter_misc":{"Est. reading time":"1 minute"},"schema":{"@context":"https:\/\/schema.org","@graph":[{"@type":"WebPage","@id":"https:\/\/hammertimecafe.hu\/termek\/slaves-to-darkness-ogroid-theridons\/","url":"https:\/\/hammertimecafe.hu\/termek\/slaves-to-darkness-ogroid-theridons\/","name":"SLAVES TO DARKNESS: OGROID THERIDONS","isPartOf":{"@id":"https:\/\/hammertimecafe.hu\/#website"},"primaryImageOfPage":{"@id":"https:\/\/hammertimecafe.hu\/termek\/slaves-to-darkness-ogroid-theridons\/#primaryimage"},"image":{"@id":"https:\/\/hammertimecafe.hu\/termek\/slaves-to-darkness-ogroid-theridons\/#primaryimage"},"thumbnailUrl":"https:\/\/hammertimecafe.hu\/app\/uploads\/2025\/10\/99120201129.jpg","datePublished":"2025-10-29T02:11:32+00:00","dateModified":"2026-04-19T18:40:42+00:00","description":"SLAVES TO DARKNESS: OGROID THERIDONS","breadcrumb":{"@id":"https:\/\/hammertimecafe.hu\/termek\/slaves-to-darkness-ogroid-theridons\/#breadcrumb"},"inLanguage":"en-US","potentialAction":[{"@type":"ReadAction","target":["https:\/\/hammertimecafe.hu\/termek\/slaves-to-darkness-ogroid-theridons\/"]}]},{"@type":"ImageObject","inLanguage":"en-US","@id":"https:\/\/hammertimecafe.hu\/termek\/slaves-to-darkness-ogroid-theridons\/#primaryimage","url":"https:\/\/hammertimecafe.hu\/app\/uploads\/2025\/10\/99120201129.jpg","contentUrl":"https:\/\/hammertimecafe.hu\/app\/uploads\/2025\/10\/99120201129.jpg","width":1162,"height":1200},{"@type":"BreadcrumbList","@id":"https:\/\/hammertimecafe.hu\/termek\/slaves-to-darkness-ogroid-theridons\/#breadcrumb","itemListElement":[{"@type":"ListItem","position":1,"name":"Home","item":"https:\/\/hammertimecafe.hu\/"},{"@type":"ListItem","position":2,"name":"Shop","item":"https:\/\/hammertimecafe.hu\/uzlet\/"},{"@type":"ListItem","position":3,"name":"SLAVES TO DARKNESS: OGROID THERIDONS"}]},{"@type":"WebSite","@id":"https:\/\/hammertimecafe.hu\/#website","url":"https:\/\/hammertimecafe.hu\/","name":"Hammertimecafe","description":"The Official Website and Webshop of HammerTime Cafe.","publisher":{"@id":"https:\/\/hammertimecafe.hu\/#organization"},"potentialAction":[{"@type":"SearchAction","target":{"@type":"EntryPoint","urlTemplate":"https:\/\/hammertimecafe.hu\/?s={search_term_string}"},"query-input":{"@type":"PropertyValueSpecification","valueRequired":true,"valueName":"search_term_string"}}],"inLanguage":"en-US"},{"@type":"Organization","@id":"https:\/\/hammertimecafe.hu\/#organization","name":"Hammertimecafe","url":"https:\/\/hammertimecafe.hu\/","logo":{"@type":"ImageObject","inLanguage":"en-US","@id":"https:\/\/hammertimecafe.hu\/#\/schema\/logo\/image\/","url":"https:\/\/htcwoo.test\/app\/uploads\/2025\/08\/logo_of_htc.png","contentUrl":"https:\/\/htcwoo.test\/app\/uploads\/2025\/08\/logo_of_htc.png","width":166,"height":73,"caption":"Hammertimecafe"},"image":{"@id":"https:\/\/hammertimecafe.hu\/#\/schema\/logo\/image\/"}}]}},"_links":{"self":[{"href":"https:\/\/hammertimecafe.hu\/en\/wp-json\/wp\/v2\/product\/12156","targetHints":{"allow":["GET"]}}],"collection":[{"href":"https:\/\/hammertimecafe.hu\/en\/wp-json\/wp\/v2\/product"}],"about":[{"href":"https:\/\/hammertimecafe.hu\/en\/wp-json\/wp\/v2\/types\/product"}],"replies":[{"embeddable":true,"href":"https:\/\/hammertimecafe.hu\/en\/wp-json\/wp\/v2\/comments?post=12156"}],"wp:featuredmedia":[{"embeddable":true,"href":"https:\/\/hammertimecafe.hu\/en\/wp-json\/wp\/v2\/media\/22670"}],"wp:attachment":[{"href":"https:\/\/hammertimecafe.hu\/en\/wp-json\/wp\/v2\/media?parent=12156"}],"wp:term":[{"taxonomy":"product_brand","embeddable":true,"href":"https:\/\/hammertimecafe.hu\/en\/wp-json\/wp\/v2\/product_brand?post=12156"},{"taxonomy":"product_cat","embeddable":true,"href":"https:\/\/hammertimecafe.hu\/en\/wp-json\/wp\/v2\/product_cat?post=12156"},{"taxonomy":"product_tag","embeddable":true,"href":"https:\/\/hammertimecafe.hu\/en\/wp-json\/wp\/v2\/product_tag?post=12156"}],"curies":[{"name":"wp","href":"https:\/\/api.w.org\/{rel}","templated":true}]}}