{"id":12157,"date":"2025-10-29T03:11:33","date_gmt":"2025-10-29T02:11:33","guid":{"rendered":"https:\/\/htcwoo.test\/termek\/slaves-to-darkness-daemon-prince\/"},"modified":"2026-04-19T20:40:42","modified_gmt":"2026-04-19T18:40:42","slug":"slaves-to-darkness-daemon-prince","status":"publish","type":"product","link":"https:\/\/hammertimecafe.hu\/en\/product\/slaves-to-darkness-daemon-prince\/","title":{"rendered":"SLAVES TO DARKNESS: DAEMON PRINCE"},"content":{"rendered":"<p>A Daemon Hercegek egykor a k\u00e1osz haland\u00f3 bajnokai voltak, akiket jutalomk\u00e9nt az \u00f6r\u00f6k d\u00e9mons\u00e1gra emeltek. E korrupt sz\u00f6rnyetegek mindegyike a K\u00e1osz pokoli erej\u00e9nek j\u00e1r\u00f3 bizonys\u00e1ga, halhatatlan had\u00farak,\u00a0akiket sokf\u00e9le rosszindulat\u00fa aj\u00e1nd\u00e9kkal \u00e1ldottak meg a dics\u0151s\u00e9ghez vezet\u0151 hossz\u00fa \u00e9s alattomos \u00fatjuk sor\u00e1n. Egy d\u00e9monherceg \u00fagy sz\u00e1rnyal, vagy sz\u00e1guld \u00e1t a csatat\u00e9ren, mint a v\u00e9gzet el\u0151jele.<\/p>\n<p><strong>Tartalma:<\/strong><br \/>&#8211; 112 db m\u0171anyag alkatr\u00e9sz<br \/>&#8211; 1 db Citadel 60 mm-es kerek talp<\/p>","protected":false},"excerpt":{"rendered":"<p>Vedd kezedbe ezt a K\u00e1osz istenei \u00e1ltal meg\u00e1ldott er\u0151teljes h\u0151st!\u00a0<\/p>\n<p>A figura ragaszt\u00e1st \u00e9s fest\u00e9st ig\u00e9nyel!<\/p>","protected":false},"featured_media":22671,"comment_status":"open","ping_status":"closed","template":"","meta":{"_acf_changed":false},"product_brand":[46],"product_cat":[43,103,19,42],"product_tag":[],"class_list":{"0":"post-12157","1":"product","2":"type-product","3":"status-publish","4":"has-post-thumbnail","6":"product_brand-games-workshop","7":"product_cat-grand-alliance-chaos","8":"product_cat-slaves-to-darkness","9":"product_cat-wargame","10":"product_cat-warhammer-age-of-sigmar","12":"first","13":"onbackorder","14":"sale","15":"taxable","16":"shipping-taxable","17":"purchasable","18":"product-type-simple"},"acf":[],"yoast_head":"<!-- This site is optimized with the Yoast SEO Premium plugin v25.6 (Yoast SEO v25.6) - https:\/\/yoast.com\/wordpress\/plugins\/seo\/ -->\n<title>SLAVES TO DARKNESS: DAEMON PRINCE<\/title>\n<meta name=\"description\" content=\"SLAVES TO DARKNESS: DAEMON PRINCE\" \/>\n<meta name=\"robots\" content=\"index, follow, max-snippet:-1, max-image-preview:large, max-video-preview:-1\" \/>\n<link rel=\"canonical\" href=\"https:\/\/hammertimecafe.hu\/en\/product\/slaves-to-darkness-daemon-prince\/\" \/>\n<meta property=\"og:locale\" content=\"en_US\" \/>\n<meta property=\"og:type\" content=\"article\" \/>\n<meta property=\"og:title\" content=\"SLAVES TO DARKNESS: DAEMON PRINCE\" \/>\n<meta property=\"og:description\" content=\"SLAVES TO DARKNESS: DAEMON PRINCE\" \/>\n<meta property=\"og:url\" content=\"https:\/\/hammertimecafe.hu\/en\/product\/slaves-to-darkness-daemon-prince\/\" \/>\n<meta property=\"og:site_name\" content=\"HammerTime Cafe Webshop\" \/>\n<meta property=\"article:modified_time\" content=\"2026-04-19T18:40:42+00:00\" \/>\n<meta property=\"og:image\" content=\"https:\/\/hammertimecafe.hu\/app\/uploads\/2025\/10\/99120201130v2.png\" \/>\n\t<meta property=\"og:image:width\" content=\"1162\" \/>\n\t<meta property=\"og:image:height\" content=\"1200\" \/>\n\t<meta property=\"og:image:type\" content=\"image\/png\" \/>\n<meta name=\"twitter:card\" content=\"summary_large_image\" \/>\n<script type=\"application\/ld+json\" class=\"yoast-schema-graph\">{\"@context\":\"https:\/\/schema.org\",\"@graph\":[{\"@type\":\"WebPage\",\"@id\":\"https:\/\/hammertimecafe.hu\/termek\/slaves-to-darkness-daemon-prince\/\",\"url\":\"https:\/\/hammertimecafe.hu\/termek\/slaves-to-darkness-daemon-prince\/\",\"name\":\"SLAVES TO DARKNESS: DAEMON PRINCE\",\"isPartOf\":{\"@id\":\"https:\/\/hammertimecafe.hu\/#website\"},\"primaryImageOfPage\":{\"@id\":\"https:\/\/hammertimecafe.hu\/termek\/slaves-to-darkness-daemon-prince\/#primaryimage\"},\"image\":{\"@id\":\"https:\/\/hammertimecafe.hu\/termek\/slaves-to-darkness-daemon-prince\/#primaryimage\"},\"thumbnailUrl\":\"https:\/\/hammertimecafe.hu\/app\/uploads\/2025\/10\/99120201130v2.png\",\"datePublished\":\"2025-10-29T02:11:33+00:00\",\"dateModified\":\"2026-04-19T18:40:42+00:00\",\"description\":\"SLAVES TO DARKNESS: DAEMON PRINCE\",\"breadcrumb\":{\"@id\":\"https:\/\/hammertimecafe.hu\/termek\/slaves-to-darkness-daemon-prince\/#breadcrumb\"},\"inLanguage\":\"en-US\",\"potentialAction\":[{\"@type\":\"ReadAction\",\"target\":[\"https:\/\/hammertimecafe.hu\/termek\/slaves-to-darkness-daemon-prince\/\"]}]},{\"@type\":\"ImageObject\",\"inLanguage\":\"en-US\",\"@id\":\"https:\/\/hammertimecafe.hu\/termek\/slaves-to-darkness-daemon-prince\/#primaryimage\",\"url\":\"https:\/\/hammertimecafe.hu\/app\/uploads\/2025\/10\/99120201130v2.png\",\"contentUrl\":\"https:\/\/hammertimecafe.hu\/app\/uploads\/2025\/10\/99120201130v2.png\",\"width\":1162,\"height\":1200},{\"@type\":\"BreadcrumbList\",\"@id\":\"https:\/\/hammertimecafe.hu\/termek\/slaves-to-darkness-daemon-prince\/#breadcrumb\",\"itemListElement\":[{\"@type\":\"ListItem\",\"position\":1,\"name\":\"Home\",\"item\":\"https:\/\/hammertimecafe.hu\/\"},{\"@type\":\"ListItem\",\"position\":2,\"name\":\"Shop\",\"item\":\"https:\/\/hammertimecafe.hu\/uzlet\/\"},{\"@type\":\"ListItem\",\"position\":3,\"name\":\"SLAVES TO DARKNESS: DAEMON PRINCE\"}]},{\"@type\":\"WebSite\",\"@id\":\"https:\/\/hammertimecafe.hu\/#website\",\"url\":\"https:\/\/hammertimecafe.hu\/\",\"name\":\"Hammertimecafe\",\"description\":\"A HammerTime Cafe Hivatalos Weboldala \u00e9s Webshopja.\",\"publisher\":{\"@id\":\"https:\/\/hammertimecafe.hu\/#organization\"},\"potentialAction\":[{\"@type\":\"SearchAction\",\"target\":{\"@type\":\"EntryPoint\",\"urlTemplate\":\"https:\/\/hammertimecafe.hu\/?s={search_term_string}\"},\"query-input\":{\"@type\":\"PropertyValueSpecification\",\"valueRequired\":true,\"valueName\":\"search_term_string\"}}],\"inLanguage\":\"en-US\"},{\"@type\":\"Organization\",\"@id\":\"https:\/\/hammertimecafe.hu\/#organization\",\"name\":\"Hammertimecafe\",\"url\":\"https:\/\/hammertimecafe.hu\/\",\"logo\":{\"@type\":\"ImageObject\",\"inLanguage\":\"en-US\",\"@id\":\"https:\/\/hammertimecafe.hu\/#\/schema\/logo\/image\/\",\"url\":\"https:\/\/htcwoo.test\/app\/uploads\/2025\/08\/logo_of_htc.png\",\"contentUrl\":\"https:\/\/htcwoo.test\/app\/uploads\/2025\/08\/logo_of_htc.png\",\"width\":166,\"height\":73,\"caption\":\"Hammertimecafe\"},\"image\":{\"@id\":\"https:\/\/hammertimecafe.hu\/#\/schema\/logo\/image\/\"}}]}<\/script>\n<!-- \/ Yoast SEO Premium plugin. -->","yoast_head_json":{"title":"SLAVES TO DARKNESS: DAEMON PRINCE","description":"SLAVES TO DARKNESS: DAEMON PRINCE","robots":{"index":"index","follow":"follow","max-snippet":"max-snippet:-1","max-image-preview":"max-image-preview:large","max-video-preview":"max-video-preview:-1"},"canonical":"https:\/\/hammertimecafe.hu\/en\/product\/slaves-to-darkness-daemon-prince\/","og_locale":"en_US","og_type":"article","og_title":"SLAVES TO DARKNESS: DAEMON PRINCE","og_description":"SLAVES TO DARKNESS: DAEMON PRINCE","og_url":"https:\/\/hammertimecafe.hu\/en\/product\/slaves-to-darkness-daemon-prince\/","og_site_name":"HammerTime Cafe Webshop","article_modified_time":"2026-04-19T18:40:42+00:00","og_image":[{"width":1162,"height":1200,"url":"https:\/\/hammertimecafe.hu\/app\/uploads\/2025\/10\/99120201130v2.png","type":"image\/png"}],"twitter_card":"summary_large_image","schema":{"@context":"https:\/\/schema.org","@graph":[{"@type":"WebPage","@id":"https:\/\/hammertimecafe.hu\/termek\/slaves-to-darkness-daemon-prince\/","url":"https:\/\/hammertimecafe.hu\/termek\/slaves-to-darkness-daemon-prince\/","name":"SLAVES TO DARKNESS: DAEMON PRINCE","isPartOf":{"@id":"https:\/\/hammertimecafe.hu\/#website"},"primaryImageOfPage":{"@id":"https:\/\/hammertimecafe.hu\/termek\/slaves-to-darkness-daemon-prince\/#primaryimage"},"image":{"@id":"https:\/\/hammertimecafe.hu\/termek\/slaves-to-darkness-daemon-prince\/#primaryimage"},"thumbnailUrl":"https:\/\/hammertimecafe.hu\/app\/uploads\/2025\/10\/99120201130v2.png","datePublished":"2025-10-29T02:11:33+00:00","dateModified":"2026-04-19T18:40:42+00:00","description":"SLAVES TO DARKNESS: DAEMON PRINCE","breadcrumb":{"@id":"https:\/\/hammertimecafe.hu\/termek\/slaves-to-darkness-daemon-prince\/#breadcrumb"},"inLanguage":"en-US","potentialAction":[{"@type":"ReadAction","target":["https:\/\/hammertimecafe.hu\/termek\/slaves-to-darkness-daemon-prince\/"]}]},{"@type":"ImageObject","inLanguage":"en-US","@id":"https:\/\/hammertimecafe.hu\/termek\/slaves-to-darkness-daemon-prince\/#primaryimage","url":"https:\/\/hammertimecafe.hu\/app\/uploads\/2025\/10\/99120201130v2.png","contentUrl":"https:\/\/hammertimecafe.hu\/app\/uploads\/2025\/10\/99120201130v2.png","width":1162,"height":1200},{"@type":"BreadcrumbList","@id":"https:\/\/hammertimecafe.hu\/termek\/slaves-to-darkness-daemon-prince\/#breadcrumb","itemListElement":[{"@type":"ListItem","position":1,"name":"Home","item":"https:\/\/hammertimecafe.hu\/"},{"@type":"ListItem","position":2,"name":"Shop","item":"https:\/\/hammertimecafe.hu\/uzlet\/"},{"@type":"ListItem","position":3,"name":"SLAVES TO DARKNESS: DAEMON PRINCE"}]},{"@type":"WebSite","@id":"https:\/\/hammertimecafe.hu\/#website","url":"https:\/\/hammertimecafe.hu\/","name":"Hammertimecafe","description":"The Official Website and Webshop of HammerTime Cafe.","publisher":{"@id":"https:\/\/hammertimecafe.hu\/#organization"},"potentialAction":[{"@type":"SearchAction","target":{"@type":"EntryPoint","urlTemplate":"https:\/\/hammertimecafe.hu\/?s={search_term_string}"},"query-input":{"@type":"PropertyValueSpecification","valueRequired":true,"valueName":"search_term_string"}}],"inLanguage":"en-US"},{"@type":"Organization","@id":"https:\/\/hammertimecafe.hu\/#organization","name":"Hammertimecafe","url":"https:\/\/hammertimecafe.hu\/","logo":{"@type":"ImageObject","inLanguage":"en-US","@id":"https:\/\/hammertimecafe.hu\/#\/schema\/logo\/image\/","url":"https:\/\/htcwoo.test\/app\/uploads\/2025\/08\/logo_of_htc.png","contentUrl":"https:\/\/htcwoo.test\/app\/uploads\/2025\/08\/logo_of_htc.png","width":166,"height":73,"caption":"Hammertimecafe"},"image":{"@id":"https:\/\/hammertimecafe.hu\/#\/schema\/logo\/image\/"}}]}},"_links":{"self":[{"href":"https:\/\/hammertimecafe.hu\/en\/wp-json\/wp\/v2\/product\/12157","targetHints":{"allow":["GET"]}}],"collection":[{"href":"https:\/\/hammertimecafe.hu\/en\/wp-json\/wp\/v2\/product"}],"about":[{"href":"https:\/\/hammertimecafe.hu\/en\/wp-json\/wp\/v2\/types\/product"}],"replies":[{"embeddable":true,"href":"https:\/\/hammertimecafe.hu\/en\/wp-json\/wp\/v2\/comments?post=12157"}],"wp:featuredmedia":[{"embeddable":true,"href":"https:\/\/hammertimecafe.hu\/en\/wp-json\/wp\/v2\/media\/22671"}],"wp:attachment":[{"href":"https:\/\/hammertimecafe.hu\/en\/wp-json\/wp\/v2\/media?parent=12157"}],"wp:term":[{"taxonomy":"product_brand","embeddable":true,"href":"https:\/\/hammertimecafe.hu\/en\/wp-json\/wp\/v2\/product_brand?post=12157"},{"taxonomy":"product_cat","embeddable":true,"href":"https:\/\/hammertimecafe.hu\/en\/wp-json\/wp\/v2\/product_cat?post=12157"},{"taxonomy":"product_tag","embeddable":true,"href":"https:\/\/hammertimecafe.hu\/en\/wp-json\/wp\/v2\/product_tag?post=12157"}],"curies":[{"name":"wp","href":"https:\/\/api.w.org\/{rel}","templated":true}]}}