{"id":12158,"date":"2025-10-29T03:11:35","date_gmt":"2025-10-29T02:11:35","guid":{"rendered":"https:\/\/htcwoo.test\/termek\/slaves-to-darkness-eternus-blade-of-the-first-prince\/"},"modified":"2026-04-19T20:40:42","modified_gmt":"2026-04-19T18:40:42","slug":"slaves-to-darkness-eternus-blade-of-the-first-prince","status":"publish","type":"product","link":"https:\/\/hammertimecafe.hu\/en\/product\/slaves-to-darkness-eternus-blade-of-the-first-prince\/","title":{"rendered":"SLAVES TO DARKNESS: ETERNUS BLADE OF THE FIRST PRINCE"},"content":{"rendered":"<p>Az Els\u0151 Herceg Peng\u00e9je Archaon egyik h\u0171s\u00e9ges Varanguardja volt eg\u00e9szen addig m\u00edg h\u0171s\u00e9get nem esk\u00fcd\u00f6tt a S\u00f6t\u00e9t Mesternek. Be&#8217;lakor var\u00e1zsl\u00e1s\u00e1val elpusztult, majd \u00fajj\u00e1sz\u00fcletett, Eternus lett \u2013 az Els\u0151 Herceg kiv\u00e1lasztott \u00fcgyn\u00f6ke. Az \u00e1rul\u00f3k ura most Be&#8217;lakor l\u00e9gi\u00f3inak \u00e9l\u00e9n lovagol, legy\u0151zi a riv\u00e1lisokat a csat\u00e1ban, \u00e9s k\u00e9mek, \u00fcgyn\u00f6k\u00f6k hatalmas h\u00e1l\u00f3zat\u00e1t ir\u00e1ny\u00edtja. M\u00e9g a hal\u00e1l sem \u00e1ll\u00edthatja meg mesterked\u00e9seit, mert minden alkalommal, amikor Eternust meg\u00f6lik, egy fekete vill\u00e1ml\u00e1sban \u00fajj\u00e1sz\u00fcletik.<\/p>\n<p><strong>Tartalma:<\/strong><br \/>&#8211; 71 db m\u0171anyag alkatr\u00e9sz<br \/>&#8211; 1 db Citadel 90x52mm-es ov\u00e1lis alap<\/p>","protected":false},"excerpt":{"rendered":"<p>Egy puszt\u00edt\u00f3 harcos, akit Be\u2019lakor megaj\u00e1nd\u00e9kozott a halhatatlans\u00e1ggal.<\/p>\n<p>A figura ragaszt\u00e1st \u00e9s fest\u00e9st ig\u00e9nyel!<\/p>","protected":false},"featured_media":22672,"comment_status":"open","ping_status":"closed","template":"","meta":{"_acf_changed":false},"product_brand":[46],"product_cat":[43,103,19,42],"product_tag":[],"class_list":{"0":"post-12158","1":"product","2":"type-product","3":"status-publish","4":"has-post-thumbnail","6":"product_brand-games-workshop","7":"product_cat-grand-alliance-chaos","8":"product_cat-slaves-to-darkness","9":"product_cat-wargame","10":"product_cat-warhammer-age-of-sigmar","12":"first","13":"onbackorder","14":"sale","15":"taxable","16":"shipping-taxable","17":"purchasable","18":"product-type-simple"},"acf":[],"yoast_head":"<!-- This site is optimized with the Yoast SEO Premium plugin v25.6 (Yoast SEO v25.6) - https:\/\/yoast.com\/wordpress\/plugins\/seo\/ -->\n<title>SLAVES TO DARKNESS: DAEMON PRINCE<\/title>\n<meta name=\"description\" content=\"SLAVES TO DARKNESS: DAEMON PRINCE\" \/>\n<meta name=\"robots\" content=\"index, follow, max-snippet:-1, max-image-preview:large, max-video-preview:-1\" \/>\n<link rel=\"canonical\" href=\"https:\/\/hammertimecafe.hu\/en\/product\/slaves-to-darkness-eternus-blade-of-the-first-prince\/\" \/>\n<meta property=\"og:locale\" content=\"en_US\" \/>\n<meta property=\"og:type\" content=\"article\" \/>\n<meta property=\"og:title\" content=\"SLAVES TO DARKNESS: ETERNUS BLADE OF THE FIRST PRINCE\" \/>\n<meta property=\"og:description\" content=\"SLAVES TO DARKNESS: DAEMON PRINCE\" \/>\n<meta property=\"og:url\" content=\"https:\/\/hammertimecafe.hu\/en\/product\/slaves-to-darkness-eternus-blade-of-the-first-prince\/\" \/>\n<meta property=\"og:site_name\" content=\"HammerTime Cafe Webshop\" \/>\n<meta property=\"article:modified_time\" content=\"2026-04-19T18:40:42+00:00\" \/>\n<meta property=\"og:image\" content=\"https:\/\/hammertimecafe.hu\/app\/uploads\/2025\/10\/99120201127.jpg\" \/>\n\t<meta property=\"og:image:width\" content=\"1162\" \/>\n\t<meta property=\"og:image:height\" content=\"1200\" \/>\n\t<meta property=\"og:image:type\" content=\"image\/jpeg\" \/>\n<meta name=\"twitter:card\" content=\"summary_large_image\" \/>\n<meta name=\"twitter:label1\" content=\"Est. reading time\" \/>\n\t<meta name=\"twitter:data1\" content=\"1 minute\" \/>\n<script type=\"application\/ld+json\" class=\"yoast-schema-graph\">{\"@context\":\"https:\/\/schema.org\",\"@graph\":[{\"@type\":\"WebPage\",\"@id\":\"https:\/\/hammertimecafe.hu\/termek\/slaves-to-darkness-eternus-blade-of-the-first-prince\/\",\"url\":\"https:\/\/hammertimecafe.hu\/termek\/slaves-to-darkness-eternus-blade-of-the-first-prince\/\",\"name\":\"SLAVES TO DARKNESS: DAEMON PRINCE\",\"isPartOf\":{\"@id\":\"https:\/\/hammertimecafe.hu\/#website\"},\"primaryImageOfPage\":{\"@id\":\"https:\/\/hammertimecafe.hu\/termek\/slaves-to-darkness-eternus-blade-of-the-first-prince\/#primaryimage\"},\"image\":{\"@id\":\"https:\/\/hammertimecafe.hu\/termek\/slaves-to-darkness-eternus-blade-of-the-first-prince\/#primaryimage\"},\"thumbnailUrl\":\"https:\/\/hammertimecafe.hu\/app\/uploads\/2025\/10\/99120201127.jpg\",\"datePublished\":\"2025-10-29T02:11:35+00:00\",\"dateModified\":\"2026-04-19T18:40:42+00:00\",\"description\":\"SLAVES TO DARKNESS: DAEMON PRINCE\",\"breadcrumb\":{\"@id\":\"https:\/\/hammertimecafe.hu\/termek\/slaves-to-darkness-eternus-blade-of-the-first-prince\/#breadcrumb\"},\"inLanguage\":\"en-US\",\"potentialAction\":[{\"@type\":\"ReadAction\",\"target\":[\"https:\/\/hammertimecafe.hu\/termek\/slaves-to-darkness-eternus-blade-of-the-first-prince\/\"]}]},{\"@type\":\"ImageObject\",\"inLanguage\":\"en-US\",\"@id\":\"https:\/\/hammertimecafe.hu\/termek\/slaves-to-darkness-eternus-blade-of-the-first-prince\/#primaryimage\",\"url\":\"https:\/\/hammertimecafe.hu\/app\/uploads\/2025\/10\/99120201127.jpg\",\"contentUrl\":\"https:\/\/hammertimecafe.hu\/app\/uploads\/2025\/10\/99120201127.jpg\",\"width\":1162,\"height\":1200},{\"@type\":\"BreadcrumbList\",\"@id\":\"https:\/\/hammertimecafe.hu\/termek\/slaves-to-darkness-eternus-blade-of-the-first-prince\/#breadcrumb\",\"itemListElement\":[{\"@type\":\"ListItem\",\"position\":1,\"name\":\"Home\",\"item\":\"https:\/\/hammertimecafe.hu\/\"},{\"@type\":\"ListItem\",\"position\":2,\"name\":\"Shop\",\"item\":\"https:\/\/hammertimecafe.hu\/uzlet\/\"},{\"@type\":\"ListItem\",\"position\":3,\"name\":\"SLAVES TO DARKNESS: ETERNUS BLADE OF THE FIRST PRINCE\"}]},{\"@type\":\"WebSite\",\"@id\":\"https:\/\/hammertimecafe.hu\/#website\",\"url\":\"https:\/\/hammertimecafe.hu\/\",\"name\":\"Hammertimecafe\",\"description\":\"A HammerTime Cafe Hivatalos Weboldala \u00e9s Webshopja.\",\"publisher\":{\"@id\":\"https:\/\/hammertimecafe.hu\/#organization\"},\"potentialAction\":[{\"@type\":\"SearchAction\",\"target\":{\"@type\":\"EntryPoint\",\"urlTemplate\":\"https:\/\/hammertimecafe.hu\/?s={search_term_string}\"},\"query-input\":{\"@type\":\"PropertyValueSpecification\",\"valueRequired\":true,\"valueName\":\"search_term_string\"}}],\"inLanguage\":\"en-US\"},{\"@type\":\"Organization\",\"@id\":\"https:\/\/hammertimecafe.hu\/#organization\",\"name\":\"Hammertimecafe\",\"url\":\"https:\/\/hammertimecafe.hu\/\",\"logo\":{\"@type\":\"ImageObject\",\"inLanguage\":\"en-US\",\"@id\":\"https:\/\/hammertimecafe.hu\/#\/schema\/logo\/image\/\",\"url\":\"https:\/\/htcwoo.test\/app\/uploads\/2025\/08\/logo_of_htc.png\",\"contentUrl\":\"https:\/\/htcwoo.test\/app\/uploads\/2025\/08\/logo_of_htc.png\",\"width\":166,\"height\":73,\"caption\":\"Hammertimecafe\"},\"image\":{\"@id\":\"https:\/\/hammertimecafe.hu\/#\/schema\/logo\/image\/\"}}]}<\/script>\n<!-- \/ Yoast SEO Premium plugin. -->","yoast_head_json":{"title":"SLAVES TO DARKNESS: DAEMON PRINCE","description":"SLAVES TO DARKNESS: DAEMON PRINCE","robots":{"index":"index","follow":"follow","max-snippet":"max-snippet:-1","max-image-preview":"max-image-preview:large","max-video-preview":"max-video-preview:-1"},"canonical":"https:\/\/hammertimecafe.hu\/en\/product\/slaves-to-darkness-eternus-blade-of-the-first-prince\/","og_locale":"en_US","og_type":"article","og_title":"SLAVES TO DARKNESS: ETERNUS BLADE OF THE FIRST PRINCE","og_description":"SLAVES TO DARKNESS: DAEMON PRINCE","og_url":"https:\/\/hammertimecafe.hu\/en\/product\/slaves-to-darkness-eternus-blade-of-the-first-prince\/","og_site_name":"HammerTime Cafe Webshop","article_modified_time":"2026-04-19T18:40:42+00:00","og_image":[{"width":1162,"height":1200,"url":"https:\/\/hammertimecafe.hu\/app\/uploads\/2025\/10\/99120201127.jpg","type":"image\/jpeg"}],"twitter_card":"summary_large_image","twitter_misc":{"Est. reading time":"1 minute"},"schema":{"@context":"https:\/\/schema.org","@graph":[{"@type":"WebPage","@id":"https:\/\/hammertimecafe.hu\/termek\/slaves-to-darkness-eternus-blade-of-the-first-prince\/","url":"https:\/\/hammertimecafe.hu\/termek\/slaves-to-darkness-eternus-blade-of-the-first-prince\/","name":"SLAVES TO DARKNESS: DAEMON PRINCE","isPartOf":{"@id":"https:\/\/hammertimecafe.hu\/#website"},"primaryImageOfPage":{"@id":"https:\/\/hammertimecafe.hu\/termek\/slaves-to-darkness-eternus-blade-of-the-first-prince\/#primaryimage"},"image":{"@id":"https:\/\/hammertimecafe.hu\/termek\/slaves-to-darkness-eternus-blade-of-the-first-prince\/#primaryimage"},"thumbnailUrl":"https:\/\/hammertimecafe.hu\/app\/uploads\/2025\/10\/99120201127.jpg","datePublished":"2025-10-29T02:11:35+00:00","dateModified":"2026-04-19T18:40:42+00:00","description":"SLAVES TO DARKNESS: DAEMON PRINCE","breadcrumb":{"@id":"https:\/\/hammertimecafe.hu\/termek\/slaves-to-darkness-eternus-blade-of-the-first-prince\/#breadcrumb"},"inLanguage":"en-US","potentialAction":[{"@type":"ReadAction","target":["https:\/\/hammertimecafe.hu\/termek\/slaves-to-darkness-eternus-blade-of-the-first-prince\/"]}]},{"@type":"ImageObject","inLanguage":"en-US","@id":"https:\/\/hammertimecafe.hu\/termek\/slaves-to-darkness-eternus-blade-of-the-first-prince\/#primaryimage","url":"https:\/\/hammertimecafe.hu\/app\/uploads\/2025\/10\/99120201127.jpg","contentUrl":"https:\/\/hammertimecafe.hu\/app\/uploads\/2025\/10\/99120201127.jpg","width":1162,"height":1200},{"@type":"BreadcrumbList","@id":"https:\/\/hammertimecafe.hu\/termek\/slaves-to-darkness-eternus-blade-of-the-first-prince\/#breadcrumb","itemListElement":[{"@type":"ListItem","position":1,"name":"Home","item":"https:\/\/hammertimecafe.hu\/"},{"@type":"ListItem","position":2,"name":"Shop","item":"https:\/\/hammertimecafe.hu\/uzlet\/"},{"@type":"ListItem","position":3,"name":"SLAVES TO DARKNESS: ETERNUS BLADE OF THE FIRST PRINCE"}]},{"@type":"WebSite","@id":"https:\/\/hammertimecafe.hu\/#website","url":"https:\/\/hammertimecafe.hu\/","name":"Hammertimecafe","description":"The Official Website and Webshop of HammerTime Cafe.","publisher":{"@id":"https:\/\/hammertimecafe.hu\/#organization"},"potentialAction":[{"@type":"SearchAction","target":{"@type":"EntryPoint","urlTemplate":"https:\/\/hammertimecafe.hu\/?s={search_term_string}"},"query-input":{"@type":"PropertyValueSpecification","valueRequired":true,"valueName":"search_term_string"}}],"inLanguage":"en-US"},{"@type":"Organization","@id":"https:\/\/hammertimecafe.hu\/#organization","name":"Hammertimecafe","url":"https:\/\/hammertimecafe.hu\/","logo":{"@type":"ImageObject","inLanguage":"en-US","@id":"https:\/\/hammertimecafe.hu\/#\/schema\/logo\/image\/","url":"https:\/\/htcwoo.test\/app\/uploads\/2025\/08\/logo_of_htc.png","contentUrl":"https:\/\/htcwoo.test\/app\/uploads\/2025\/08\/logo_of_htc.png","width":166,"height":73,"caption":"Hammertimecafe"},"image":{"@id":"https:\/\/hammertimecafe.hu\/#\/schema\/logo\/image\/"}}]}},"_links":{"self":[{"href":"https:\/\/hammertimecafe.hu\/en\/wp-json\/wp\/v2\/product\/12158","targetHints":{"allow":["GET"]}}],"collection":[{"href":"https:\/\/hammertimecafe.hu\/en\/wp-json\/wp\/v2\/product"}],"about":[{"href":"https:\/\/hammertimecafe.hu\/en\/wp-json\/wp\/v2\/types\/product"}],"replies":[{"embeddable":true,"href":"https:\/\/hammertimecafe.hu\/en\/wp-json\/wp\/v2\/comments?post=12158"}],"wp:featuredmedia":[{"embeddable":true,"href":"https:\/\/hammertimecafe.hu\/en\/wp-json\/wp\/v2\/media\/22672"}],"wp:attachment":[{"href":"https:\/\/hammertimecafe.hu\/en\/wp-json\/wp\/v2\/media?parent=12158"}],"wp:term":[{"taxonomy":"product_brand","embeddable":true,"href":"https:\/\/hammertimecafe.hu\/en\/wp-json\/wp\/v2\/product_brand?post=12158"},{"taxonomy":"product_cat","embeddable":true,"href":"https:\/\/hammertimecafe.hu\/en\/wp-json\/wp\/v2\/product_cat?post=12158"},{"taxonomy":"product_tag","embeddable":true,"href":"https:\/\/hammertimecafe.hu\/en\/wp-json\/wp\/v2\/product_tag?post=12158"}],"curies":[{"name":"wp","href":"https:\/\/api.w.org\/{rel}","templated":true}]}}