{"id":12163,"date":"2025-10-29T03:11:41","date_gmt":"2025-10-29T02:11:41","guid":{"rendered":"https:\/\/htcwoo.test\/termek\/astra-militarum-lord-solar-leontus\/"},"modified":"2026-02-21T18:27:54","modified_gmt":"2026-02-21T17:27:54","slug":"astra-militarum-lord-solar-leontus","status":"publish","type":"product","link":"https:\/\/hammertimecafe.hu\/en\/product\/astra-militarum-lord-solar-leontus\/","title":{"rendered":"ASTRA MILITARUM: LORD SOLAR LEONTUS"},"content":{"rendered":"<p>Arcadian Leontus az Astra Militarum Solar parancsnoka, hatalmas seregeknek parancsol az apokaliptikus inv\u00e1zi\u00f3k, az eg\u00e9sz szektorra kiterjed\u0151 l\u00e1zad\u00e1sok \u00e9s m\u00e9g a Segmentum Solaron t\u00fali, t\u00e1voli hadj\u00e1ratok ellen. A hadt\u00f6rt\u00e9nelem mesteri taktikusa \u00e9s p\u00e1ratlan tud\u00f3sa, strat\u00e9giai d\u00f6nt\u00e9seiben l\u00e1tnokokb\u00f3l, tan\u00e1csad\u00f3kb\u00f3l \u00e9s papokb\u00f3l \u00e1ll\u00f3 k\u00eds\u00e9ret seg\u00edti. A csatat\u00e9ren a Lord Solar a r\u00e9gi h\u0151s\u00f6kh\u00f6z hasonl\u00f3 alakban t\u0171nik fel kibernetikus m\u00e9nje, Konstantin tetej\u00e9n. Leontus peng\u00e9j\u00e9t az ellens\u00e9g fel\u00e9 ny\u00fajtva parancsokat ad, hogy a cs\u00e1sz\u00e1ri g\u00e1rda k\u00f6teless\u00e9gtud\u00f3 katon\u00e1i gy\u0151zelmet arathassanak.<\/p>\n<p>Tartalma:<br \/>&#8211; 1 db figura ( 36 db m\u0171anyag alkatr\u00e9sz)<br \/>&#8211; 1 db Citadel 80mm Round Base<\/p>","protected":false},"excerpt":{"rendered":"<p>Vezesd gy\u0151zelemre csapatod!<\/p>\n<p>A figura fest\u00e9st \u00e9s ragaszt\u00e1st ig\u00e9nyel!<\/p>","protected":false},"featured_media":22677,"comment_status":"open","ping_status":"closed","template":"","meta":{"_acf_changed":false},"product_brand":[46],"product_cat":[109,19],"product_tag":[],"class_list":{"0":"post-12163","1":"product","2":"type-product","3":"status-publish","4":"has-post-thumbnail","6":"product_brand-games-workshop","7":"product_cat-astra-militarum","8":"product_cat-wargame","10":"first","11":"onbackorder","12":"sale","13":"taxable","14":"shipping-taxable","15":"purchasable","16":"product-type-simple"},"acf":[],"yoast_head":"<!-- This site is optimized with the Yoast SEO Premium plugin v25.6 (Yoast SEO v25.6) - https:\/\/yoast.com\/wordpress\/plugins\/seo\/ -->\n<title>ASTRA MILITARUM: LORD SOLAR LEONTUS<\/title>\n<meta name=\"description\" content=\"ASTRA MILITARUM: LORD SOLAR LEONTUS\" \/>\n<meta name=\"robots\" content=\"index, follow, max-snippet:-1, max-image-preview:large, max-video-preview:-1\" \/>\n<link rel=\"canonical\" href=\"https:\/\/hammertimecafe.hu\/en\/product\/astra-militarum-lord-solar-leontus\/\" \/>\n<meta property=\"og:locale\" content=\"en_US\" \/>\n<meta property=\"og:type\" content=\"article\" \/>\n<meta property=\"og:title\" content=\"ASTRA MILITARUM: LORD SOLAR LEONTUS\" \/>\n<meta property=\"og:description\" content=\"ASTRA MILITARUM: LORD SOLAR LEONTUS\" \/>\n<meta property=\"og:url\" content=\"https:\/\/hammertimecafe.hu\/en\/product\/astra-militarum-lord-solar-leontus\/\" \/>\n<meta property=\"og:site_name\" content=\"HammerTime Cafe Webshop\" \/>\n<meta property=\"article:modified_time\" content=\"2026-02-21T17:27:54+00:00\" \/>\n<meta property=\"og:image\" content=\"https:\/\/hammertimecafe.hu\/app\/uploads\/2025\/10\/99120105095.jpg\" \/>\n\t<meta property=\"og:image:width\" content=\"1162\" \/>\n\t<meta property=\"og:image:height\" content=\"1200\" \/>\n\t<meta property=\"og:image:type\" content=\"image\/jpeg\" \/>\n<meta name=\"twitter:card\" content=\"summary_large_image\" \/>\n<meta name=\"twitter:label1\" content=\"Est. reading time\" \/>\n\t<meta name=\"twitter:data1\" content=\"1 minute\" \/>\n<script type=\"application\/ld+json\" class=\"yoast-schema-graph\">{\"@context\":\"https:\/\/schema.org\",\"@graph\":[{\"@type\":\"WebPage\",\"@id\":\"https:\/\/hammertimecafe.hu\/termek\/astra-militarum-lord-solar-leontus\/\",\"url\":\"https:\/\/hammertimecafe.hu\/termek\/astra-militarum-lord-solar-leontus\/\",\"name\":\"ASTRA MILITARUM: LORD SOLAR LEONTUS\",\"isPartOf\":{\"@id\":\"https:\/\/hammertimecafe.hu\/#website\"},\"primaryImageOfPage\":{\"@id\":\"https:\/\/hammertimecafe.hu\/termek\/astra-militarum-lord-solar-leontus\/#primaryimage\"},\"image\":{\"@id\":\"https:\/\/hammertimecafe.hu\/termek\/astra-militarum-lord-solar-leontus\/#primaryimage\"},\"thumbnailUrl\":\"https:\/\/hammertimecafe.hu\/app\/uploads\/2025\/10\/99120105095.jpg\",\"datePublished\":\"2025-10-29T02:11:41+00:00\",\"dateModified\":\"2026-02-21T17:27:54+00:00\",\"description\":\"ASTRA MILITARUM: LORD SOLAR LEONTUS\",\"breadcrumb\":{\"@id\":\"https:\/\/hammertimecafe.hu\/termek\/astra-militarum-lord-solar-leontus\/#breadcrumb\"},\"inLanguage\":\"en-US\",\"potentialAction\":[{\"@type\":\"ReadAction\",\"target\":[\"https:\/\/hammertimecafe.hu\/termek\/astra-militarum-lord-solar-leontus\/\"]}]},{\"@type\":\"ImageObject\",\"inLanguage\":\"en-US\",\"@id\":\"https:\/\/hammertimecafe.hu\/termek\/astra-militarum-lord-solar-leontus\/#primaryimage\",\"url\":\"https:\/\/hammertimecafe.hu\/app\/uploads\/2025\/10\/99120105095.jpg\",\"contentUrl\":\"https:\/\/hammertimecafe.hu\/app\/uploads\/2025\/10\/99120105095.jpg\",\"width\":1162,\"height\":1200},{\"@type\":\"BreadcrumbList\",\"@id\":\"https:\/\/hammertimecafe.hu\/termek\/astra-militarum-lord-solar-leontus\/#breadcrumb\",\"itemListElement\":[{\"@type\":\"ListItem\",\"position\":1,\"name\":\"Home\",\"item\":\"https:\/\/hammertimecafe.hu\/\"},{\"@type\":\"ListItem\",\"position\":2,\"name\":\"Shop\",\"item\":\"https:\/\/hammertimecafe.hu\/uzlet\/\"},{\"@type\":\"ListItem\",\"position\":3,\"name\":\"ASTRA MILITARUM: LORD SOLAR LEONTUS\"}]},{\"@type\":\"WebSite\",\"@id\":\"https:\/\/hammertimecafe.hu\/#website\",\"url\":\"https:\/\/hammertimecafe.hu\/\",\"name\":\"Hammertimecafe\",\"description\":\"A HammerTime Cafe Hivatalos Weboldala \u00e9s Webshopja.\",\"publisher\":{\"@id\":\"https:\/\/hammertimecafe.hu\/#organization\"},\"potentialAction\":[{\"@type\":\"SearchAction\",\"target\":{\"@type\":\"EntryPoint\",\"urlTemplate\":\"https:\/\/hammertimecafe.hu\/?s={search_term_string}\"},\"query-input\":{\"@type\":\"PropertyValueSpecification\",\"valueRequired\":true,\"valueName\":\"search_term_string\"}}],\"inLanguage\":\"en-US\"},{\"@type\":\"Organization\",\"@id\":\"https:\/\/hammertimecafe.hu\/#organization\",\"name\":\"Hammertimecafe\",\"url\":\"https:\/\/hammertimecafe.hu\/\",\"logo\":{\"@type\":\"ImageObject\",\"inLanguage\":\"en-US\",\"@id\":\"https:\/\/hammertimecafe.hu\/#\/schema\/logo\/image\/\",\"url\":\"https:\/\/htcwoo.test\/app\/uploads\/2025\/08\/logo_of_htc.png\",\"contentUrl\":\"https:\/\/htcwoo.test\/app\/uploads\/2025\/08\/logo_of_htc.png\",\"width\":166,\"height\":73,\"caption\":\"Hammertimecafe\"},\"image\":{\"@id\":\"https:\/\/hammertimecafe.hu\/#\/schema\/logo\/image\/\"}}]}<\/script>\n<!-- \/ Yoast SEO Premium plugin. -->","yoast_head_json":{"title":"ASTRA MILITARUM: LORD SOLAR LEONTUS","description":"ASTRA MILITARUM: LORD SOLAR LEONTUS","robots":{"index":"index","follow":"follow","max-snippet":"max-snippet:-1","max-image-preview":"max-image-preview:large","max-video-preview":"max-video-preview:-1"},"canonical":"https:\/\/hammertimecafe.hu\/en\/product\/astra-militarum-lord-solar-leontus\/","og_locale":"en_US","og_type":"article","og_title":"ASTRA MILITARUM: LORD SOLAR LEONTUS","og_description":"ASTRA MILITARUM: LORD SOLAR LEONTUS","og_url":"https:\/\/hammertimecafe.hu\/en\/product\/astra-militarum-lord-solar-leontus\/","og_site_name":"HammerTime Cafe Webshop","article_modified_time":"2026-02-21T17:27:54+00:00","og_image":[{"width":1162,"height":1200,"url":"https:\/\/hammertimecafe.hu\/app\/uploads\/2025\/10\/99120105095.jpg","type":"image\/jpeg"}],"twitter_card":"summary_large_image","twitter_misc":{"Est. reading time":"1 minute"},"schema":{"@context":"https:\/\/schema.org","@graph":[{"@type":"WebPage","@id":"https:\/\/hammertimecafe.hu\/termek\/astra-militarum-lord-solar-leontus\/","url":"https:\/\/hammertimecafe.hu\/termek\/astra-militarum-lord-solar-leontus\/","name":"ASTRA MILITARUM: LORD SOLAR LEONTUS","isPartOf":{"@id":"https:\/\/hammertimecafe.hu\/#website"},"primaryImageOfPage":{"@id":"https:\/\/hammertimecafe.hu\/termek\/astra-militarum-lord-solar-leontus\/#primaryimage"},"image":{"@id":"https:\/\/hammertimecafe.hu\/termek\/astra-militarum-lord-solar-leontus\/#primaryimage"},"thumbnailUrl":"https:\/\/hammertimecafe.hu\/app\/uploads\/2025\/10\/99120105095.jpg","datePublished":"2025-10-29T02:11:41+00:00","dateModified":"2026-02-21T17:27:54+00:00","description":"ASTRA MILITARUM: LORD SOLAR LEONTUS","breadcrumb":{"@id":"https:\/\/hammertimecafe.hu\/termek\/astra-militarum-lord-solar-leontus\/#breadcrumb"},"inLanguage":"en-US","potentialAction":[{"@type":"ReadAction","target":["https:\/\/hammertimecafe.hu\/termek\/astra-militarum-lord-solar-leontus\/"]}]},{"@type":"ImageObject","inLanguage":"en-US","@id":"https:\/\/hammertimecafe.hu\/termek\/astra-militarum-lord-solar-leontus\/#primaryimage","url":"https:\/\/hammertimecafe.hu\/app\/uploads\/2025\/10\/99120105095.jpg","contentUrl":"https:\/\/hammertimecafe.hu\/app\/uploads\/2025\/10\/99120105095.jpg","width":1162,"height":1200},{"@type":"BreadcrumbList","@id":"https:\/\/hammertimecafe.hu\/termek\/astra-militarum-lord-solar-leontus\/#breadcrumb","itemListElement":[{"@type":"ListItem","position":1,"name":"Home","item":"https:\/\/hammertimecafe.hu\/"},{"@type":"ListItem","position":2,"name":"Shop","item":"https:\/\/hammertimecafe.hu\/uzlet\/"},{"@type":"ListItem","position":3,"name":"ASTRA MILITARUM: LORD SOLAR LEONTUS"}]},{"@type":"WebSite","@id":"https:\/\/hammertimecafe.hu\/#website","url":"https:\/\/hammertimecafe.hu\/","name":"Hammertimecafe","description":"The Official Website and Webshop of HammerTime Cafe.","publisher":{"@id":"https:\/\/hammertimecafe.hu\/#organization"},"potentialAction":[{"@type":"SearchAction","target":{"@type":"EntryPoint","urlTemplate":"https:\/\/hammertimecafe.hu\/?s={search_term_string}"},"query-input":{"@type":"PropertyValueSpecification","valueRequired":true,"valueName":"search_term_string"}}],"inLanguage":"en-US"},{"@type":"Organization","@id":"https:\/\/hammertimecafe.hu\/#organization","name":"Hammertimecafe","url":"https:\/\/hammertimecafe.hu\/","logo":{"@type":"ImageObject","inLanguage":"en-US","@id":"https:\/\/hammertimecafe.hu\/#\/schema\/logo\/image\/","url":"https:\/\/htcwoo.test\/app\/uploads\/2025\/08\/logo_of_htc.png","contentUrl":"https:\/\/htcwoo.test\/app\/uploads\/2025\/08\/logo_of_htc.png","width":166,"height":73,"caption":"Hammertimecafe"},"image":{"@id":"https:\/\/hammertimecafe.hu\/#\/schema\/logo\/image\/"}}]}},"_links":{"self":[{"href":"https:\/\/hammertimecafe.hu\/en\/wp-json\/wp\/v2\/product\/12163","targetHints":{"allow":["GET"]}}],"collection":[{"href":"https:\/\/hammertimecafe.hu\/en\/wp-json\/wp\/v2\/product"}],"about":[{"href":"https:\/\/hammertimecafe.hu\/en\/wp-json\/wp\/v2\/types\/product"}],"replies":[{"embeddable":true,"href":"https:\/\/hammertimecafe.hu\/en\/wp-json\/wp\/v2\/comments?post=12163"}],"wp:featuredmedia":[{"embeddable":true,"href":"https:\/\/hammertimecafe.hu\/en\/wp-json\/wp\/v2\/media\/22677"}],"wp:attachment":[{"href":"https:\/\/hammertimecafe.hu\/en\/wp-json\/wp\/v2\/media?parent=12163"}],"wp:term":[{"taxonomy":"product_brand","embeddable":true,"href":"https:\/\/hammertimecafe.hu\/en\/wp-json\/wp\/v2\/product_brand?post=12163"},{"taxonomy":"product_cat","embeddable":true,"href":"https:\/\/hammertimecafe.hu\/en\/wp-json\/wp\/v2\/product_cat?post=12163"},{"taxonomy":"product_tag","embeddable":true,"href":"https:\/\/hammertimecafe.hu\/en\/wp-json\/wp\/v2\/product_tag?post=12163"}],"curies":[{"name":"wp","href":"https:\/\/api.w.org\/{rel}","templated":true}]}}