{"id":12340,"date":"2025-10-29T03:14:59","date_gmt":"2025-10-29T02:14:59","guid":{"rendered":"https:\/\/htcwoo.test\/termek\/getting-started-with-warhammer-40-000-2023\/"},"modified":"2026-04-19T20:40:19","modified_gmt":"2026-04-19T18:40:19","slug":"getting-started-with-warhammer-40-000-2023","status":"publish","type":"product","link":"https:\/\/hammertimecafe.hu\/en\/product\/getting-started-with-warhammer-40-000-2023\/","title":{"rendered":"GETTING STARTED WITH WARHAMMER 40.000 2023"},"content":{"rendered":"<p>Ebben mindent megtal\u00e1lsz amit tudnod kell a Warhammer 40.000-r\u0151l kezd\u0151k\u00e9nt. Ezen k\u00edv\u00fcl egy Primaris Space Marine Infernus \u00e9s egy Termagaunt\u00a0figur\u00e1t is tartalmaz.<\/p>\n<p>Ezek a figur\u00e1k k\u00f6nnyen \u00f6sszerakhat\u00f3 (\u00f6sszepattinthat\u00f3), kifejezetten a kezd\u0151 j\u00e1t\u00e9kosoknak lett kital\u00e1lva.<\/p>\n<p>A figur\u00e1k ragaszt\u00e1st nem, de fest\u00e9st ig\u00e9nyelnek!<\/p>","protected":false},"excerpt":{"rendered":"<p>Ebben mindent megtal\u00e1lsz amit tudnod kell a Warhammer 40.000-r\u0151l kezd\u0151k\u00e9nt. Ezen k\u00edv\u00fcl egy Primaris Space Marine Infernus \u00e9s egy Termagaunt\u00a0figur\u00e1t is tartalmaz.<\/p>","protected":false},"featured_media":22840,"comment_status":"open","ping_status":"closed","template":"","meta":{"_acf_changed":false},"product_brand":[46],"product_cat":[19],"product_tag":[],"class_list":{"0":"post-12340","1":"product","2":"type-product","3":"status-publish","4":"has-post-thumbnail","6":"product_brand-games-workshop","7":"product_cat-wargame","9":"first","10":"instock","11":"sale","12":"taxable","13":"shipping-taxable","14":"purchasable","15":"product-type-simple"},"acf":[],"yoast_head":"<!-- This site is optimized with the Yoast SEO Premium plugin v25.6 (Yoast SEO v25.6) - https:\/\/yoast.com\/wordpress\/plugins\/seo\/ -->\n<title>GETTING STARTED WITH WARHAMMER 40.000 2023<\/title>\n<meta name=\"description\" content=\"Ebben mindent megtal\u00e1lsz amit tudnod kell a Warhammer 40.000-r\u0151l kezd\u0151k\u00e9nt. Ezen k\u00edv\u00fcl egy Primaris Space Marine Infernus \u00e9s egy Termagaunt\u00a0figur\u00e1t is tartalmaz.\" \/>\n<meta name=\"robots\" content=\"index, follow, max-snippet:-1, max-image-preview:large, max-video-preview:-1\" \/>\n<link rel=\"canonical\" href=\"https:\/\/hammertimecafe.hu\/en\/product\/getting-started-with-warhammer-40-000-2023\/\" \/>\n<meta property=\"og:locale\" content=\"en_US\" \/>\n<meta property=\"og:type\" content=\"article\" \/>\n<meta property=\"og:title\" content=\"GETTING STARTED WITH WARHAMMER 40.000 2023\" \/>\n<meta property=\"og:description\" content=\"Ebben mindent megtal\u00e1lsz amit tudnod kell a Warhammer 40.000-r\u0151l kezd\u0151k\u00e9nt. Ezen k\u00edv\u00fcl egy Primaris Space Marine Infernus \u00e9s egy Termagaunt\u00a0figur\u00e1t is tartalmaz.\" \/>\n<meta property=\"og:url\" content=\"https:\/\/hammertimecafe.hu\/en\/product\/getting-started-with-warhammer-40-000-2023\/\" \/>\n<meta property=\"og:site_name\" content=\"HammerTime Cafe Webshop\" \/>\n<meta property=\"article:modified_time\" content=\"2026-04-19T18:40:19+00:00\" \/>\n<meta property=\"og:image\" content=\"https:\/\/hammertimecafe.hu\/app\/uploads\/2025\/10\/60040199169.jpg\" \/>\n\t<meta property=\"og:image:width\" content=\"1162\" \/>\n\t<meta property=\"og:image:height\" content=\"1200\" \/>\n\t<meta property=\"og:image:type\" content=\"image\/jpeg\" \/>\n<meta name=\"twitter:card\" content=\"summary_large_image\" \/>\n<script type=\"application\/ld+json\" class=\"yoast-schema-graph\">{\"@context\":\"https:\/\/schema.org\",\"@graph\":[{\"@type\":\"WebPage\",\"@id\":\"https:\/\/hammertimecafe.hu\/termek\/getting-started-with-warhammer-40-000-2023\/\",\"url\":\"https:\/\/hammertimecafe.hu\/termek\/getting-started-with-warhammer-40-000-2023\/\",\"name\":\"GETTING STARTED WITH WARHAMMER 40.000 2023\",\"isPartOf\":{\"@id\":\"https:\/\/hammertimecafe.hu\/#website\"},\"primaryImageOfPage\":{\"@id\":\"https:\/\/hammertimecafe.hu\/termek\/getting-started-with-warhammer-40-000-2023\/#primaryimage\"},\"image\":{\"@id\":\"https:\/\/hammertimecafe.hu\/termek\/getting-started-with-warhammer-40-000-2023\/#primaryimage\"},\"thumbnailUrl\":\"https:\/\/hammertimecafe.hu\/app\/uploads\/2025\/10\/60040199169.jpg\",\"datePublished\":\"2025-10-29T02:14:59+00:00\",\"dateModified\":\"2026-04-19T18:40:19+00:00\",\"description\":\"Ebben mindent megtal\u00e1lsz amit tudnod kell a Warhammer 40.000-r\u0151l kezd\u0151k\u00e9nt. Ezen k\u00edv\u00fcl egy Primaris Space Marine Infernus \u00e9s egy Termagaunt\u00a0figur\u00e1t is tartalmaz.\",\"breadcrumb\":{\"@id\":\"https:\/\/hammertimecafe.hu\/termek\/getting-started-with-warhammer-40-000-2023\/#breadcrumb\"},\"inLanguage\":\"en-US\",\"potentialAction\":[{\"@type\":\"ReadAction\",\"target\":[\"https:\/\/hammertimecafe.hu\/termek\/getting-started-with-warhammer-40-000-2023\/\"]}]},{\"@type\":\"ImageObject\",\"inLanguage\":\"en-US\",\"@id\":\"https:\/\/hammertimecafe.hu\/termek\/getting-started-with-warhammer-40-000-2023\/#primaryimage\",\"url\":\"https:\/\/hammertimecafe.hu\/app\/uploads\/2025\/10\/60040199169.jpg\",\"contentUrl\":\"https:\/\/hammertimecafe.hu\/app\/uploads\/2025\/10\/60040199169.jpg\",\"width\":1162,\"height\":1200},{\"@type\":\"BreadcrumbList\",\"@id\":\"https:\/\/hammertimecafe.hu\/termek\/getting-started-with-warhammer-40-000-2023\/#breadcrumb\",\"itemListElement\":[{\"@type\":\"ListItem\",\"position\":1,\"name\":\"Home\",\"item\":\"https:\/\/hammertimecafe.hu\/\"},{\"@type\":\"ListItem\",\"position\":2,\"name\":\"Shop\",\"item\":\"https:\/\/hammertimecafe.hu\/uzlet\/\"},{\"@type\":\"ListItem\",\"position\":3,\"name\":\"GETTING STARTED WITH WARHAMMER 40.000 2023\"}]},{\"@type\":\"WebSite\",\"@id\":\"https:\/\/hammertimecafe.hu\/#website\",\"url\":\"https:\/\/hammertimecafe.hu\/\",\"name\":\"Hammertimecafe\",\"description\":\"A HammerTime Cafe Hivatalos Weboldala \u00e9s Webshopja.\",\"publisher\":{\"@id\":\"https:\/\/hammertimecafe.hu\/#organization\"},\"potentialAction\":[{\"@type\":\"SearchAction\",\"target\":{\"@type\":\"EntryPoint\",\"urlTemplate\":\"https:\/\/hammertimecafe.hu\/?s={search_term_string}\"},\"query-input\":{\"@type\":\"PropertyValueSpecification\",\"valueRequired\":true,\"valueName\":\"search_term_string\"}}],\"inLanguage\":\"en-US\"},{\"@type\":\"Organization\",\"@id\":\"https:\/\/hammertimecafe.hu\/#organization\",\"name\":\"Hammertimecafe\",\"url\":\"https:\/\/hammertimecafe.hu\/\",\"logo\":{\"@type\":\"ImageObject\",\"inLanguage\":\"en-US\",\"@id\":\"https:\/\/hammertimecafe.hu\/#\/schema\/logo\/image\/\",\"url\":\"https:\/\/htcwoo.test\/app\/uploads\/2025\/08\/logo_of_htc.png\",\"contentUrl\":\"https:\/\/htcwoo.test\/app\/uploads\/2025\/08\/logo_of_htc.png\",\"width\":166,\"height\":73,\"caption\":\"Hammertimecafe\"},\"image\":{\"@id\":\"https:\/\/hammertimecafe.hu\/#\/schema\/logo\/image\/\"}}]}<\/script>\n<!-- \/ Yoast SEO Premium plugin. -->","yoast_head_json":{"title":"GETTING STARTED WITH WARHAMMER 40.000 2023","description":"Ebben mindent megtal\u00e1lsz amit tudnod kell a Warhammer 40.000-r\u0151l kezd\u0151k\u00e9nt. Ezen k\u00edv\u00fcl egy Primaris Space Marine Infernus \u00e9s egy Termagaunt\u00a0figur\u00e1t is tartalmaz.","robots":{"index":"index","follow":"follow","max-snippet":"max-snippet:-1","max-image-preview":"max-image-preview:large","max-video-preview":"max-video-preview:-1"},"canonical":"https:\/\/hammertimecafe.hu\/en\/product\/getting-started-with-warhammer-40-000-2023\/","og_locale":"en_US","og_type":"article","og_title":"GETTING STARTED WITH WARHAMMER 40.000 2023","og_description":"Ebben mindent megtal\u00e1lsz amit tudnod kell a Warhammer 40.000-r\u0151l kezd\u0151k\u00e9nt. Ezen k\u00edv\u00fcl egy Primaris Space Marine Infernus \u00e9s egy Termagaunt\u00a0figur\u00e1t is tartalmaz.","og_url":"https:\/\/hammertimecafe.hu\/en\/product\/getting-started-with-warhammer-40-000-2023\/","og_site_name":"HammerTime Cafe Webshop","article_modified_time":"2026-04-19T18:40:19+00:00","og_image":[{"width":1162,"height":1200,"url":"https:\/\/hammertimecafe.hu\/app\/uploads\/2025\/10\/60040199169.jpg","type":"image\/jpeg"}],"twitter_card":"summary_large_image","schema":{"@context":"https:\/\/schema.org","@graph":[{"@type":"WebPage","@id":"https:\/\/hammertimecafe.hu\/termek\/getting-started-with-warhammer-40-000-2023\/","url":"https:\/\/hammertimecafe.hu\/termek\/getting-started-with-warhammer-40-000-2023\/","name":"GETTING STARTED WITH WARHAMMER 40.000 2023","isPartOf":{"@id":"https:\/\/hammertimecafe.hu\/#website"},"primaryImageOfPage":{"@id":"https:\/\/hammertimecafe.hu\/termek\/getting-started-with-warhammer-40-000-2023\/#primaryimage"},"image":{"@id":"https:\/\/hammertimecafe.hu\/termek\/getting-started-with-warhammer-40-000-2023\/#primaryimage"},"thumbnailUrl":"https:\/\/hammertimecafe.hu\/app\/uploads\/2025\/10\/60040199169.jpg","datePublished":"2025-10-29T02:14:59+00:00","dateModified":"2026-04-19T18:40:19+00:00","description":"Ebben mindent megtal\u00e1lsz amit tudnod kell a Warhammer 40.000-r\u0151l kezd\u0151k\u00e9nt. Ezen k\u00edv\u00fcl egy Primaris Space Marine Infernus \u00e9s egy Termagaunt\u00a0figur\u00e1t is tartalmaz.","breadcrumb":{"@id":"https:\/\/hammertimecafe.hu\/termek\/getting-started-with-warhammer-40-000-2023\/#breadcrumb"},"inLanguage":"en-US","potentialAction":[{"@type":"ReadAction","target":["https:\/\/hammertimecafe.hu\/termek\/getting-started-with-warhammer-40-000-2023\/"]}]},{"@type":"ImageObject","inLanguage":"en-US","@id":"https:\/\/hammertimecafe.hu\/termek\/getting-started-with-warhammer-40-000-2023\/#primaryimage","url":"https:\/\/hammertimecafe.hu\/app\/uploads\/2025\/10\/60040199169.jpg","contentUrl":"https:\/\/hammertimecafe.hu\/app\/uploads\/2025\/10\/60040199169.jpg","width":1162,"height":1200},{"@type":"BreadcrumbList","@id":"https:\/\/hammertimecafe.hu\/termek\/getting-started-with-warhammer-40-000-2023\/#breadcrumb","itemListElement":[{"@type":"ListItem","position":1,"name":"Home","item":"https:\/\/hammertimecafe.hu\/"},{"@type":"ListItem","position":2,"name":"Shop","item":"https:\/\/hammertimecafe.hu\/uzlet\/"},{"@type":"ListItem","position":3,"name":"GETTING STARTED WITH WARHAMMER 40.000 2023"}]},{"@type":"WebSite","@id":"https:\/\/hammertimecafe.hu\/#website","url":"https:\/\/hammertimecafe.hu\/","name":"Hammertimecafe","description":"The Official Website and Webshop of HammerTime Cafe.","publisher":{"@id":"https:\/\/hammertimecafe.hu\/#organization"},"potentialAction":[{"@type":"SearchAction","target":{"@type":"EntryPoint","urlTemplate":"https:\/\/hammertimecafe.hu\/?s={search_term_string}"},"query-input":{"@type":"PropertyValueSpecification","valueRequired":true,"valueName":"search_term_string"}}],"inLanguage":"en-US"},{"@type":"Organization","@id":"https:\/\/hammertimecafe.hu\/#organization","name":"Hammertimecafe","url":"https:\/\/hammertimecafe.hu\/","logo":{"@type":"ImageObject","inLanguage":"en-US","@id":"https:\/\/hammertimecafe.hu\/#\/schema\/logo\/image\/","url":"https:\/\/htcwoo.test\/app\/uploads\/2025\/08\/logo_of_htc.png","contentUrl":"https:\/\/htcwoo.test\/app\/uploads\/2025\/08\/logo_of_htc.png","width":166,"height":73,"caption":"Hammertimecafe"},"image":{"@id":"https:\/\/hammertimecafe.hu\/#\/schema\/logo\/image\/"}}]}},"_links":{"self":[{"href":"https:\/\/hammertimecafe.hu\/en\/wp-json\/wp\/v2\/product\/12340","targetHints":{"allow":["GET"]}}],"collection":[{"href":"https:\/\/hammertimecafe.hu\/en\/wp-json\/wp\/v2\/product"}],"about":[{"href":"https:\/\/hammertimecafe.hu\/en\/wp-json\/wp\/v2\/types\/product"}],"replies":[{"embeddable":true,"href":"https:\/\/hammertimecafe.hu\/en\/wp-json\/wp\/v2\/comments?post=12340"}],"wp:featuredmedia":[{"embeddable":true,"href":"https:\/\/hammertimecafe.hu\/en\/wp-json\/wp\/v2\/media\/22840"}],"wp:attachment":[{"href":"https:\/\/hammertimecafe.hu\/en\/wp-json\/wp\/v2\/media?parent=12340"}],"wp:term":[{"taxonomy":"product_brand","embeddable":true,"href":"https:\/\/hammertimecafe.hu\/en\/wp-json\/wp\/v2\/product_brand?post=12340"},{"taxonomy":"product_cat","embeddable":true,"href":"https:\/\/hammertimecafe.hu\/en\/wp-json\/wp\/v2\/product_cat?post=12340"},{"taxonomy":"product_tag","embeddable":true,"href":"https:\/\/hammertimecafe.hu\/en\/wp-json\/wp\/v2\/product_tag?post=12340"}],"curies":[{"name":"wp","href":"https:\/\/api.w.org\/{rel}","templated":true}]}}