{"id":12808,"date":"2025-10-29T03:37:30","date_gmt":"2025-10-29T02:37:30","guid":{"rendered":"https:\/\/htcwoo.test\/termek\/60-000-ft-os-ajandekutalvany\/"},"modified":"2025-12-14T14:58:16","modified_gmt":"2025-12-14T13:58:16","slug":"60-000-ft-os-ajandekutalvany","status":"publish","type":"product","link":"https:\/\/hammertimecafe.hu\/en\/product\/60-000-ft-os-ajandekutalvany\/","title":{"rendered":"60 000 Ft-os Aj\u00e1nd\u00e9kutalv\u00e1ny"},"content":{"rendered":"<p>Lepd meg szeretteidet egy aj\u00e1nd\u00e9kutalv\u00e1nnyal, hogy a legkedvesebb figur\u00e1it \u00e9s kell\u00e9keit tudj\u00e1k maguk\u00e9nak\u00a0az \u00fcnnepl\u00e9shez. \ud83d\ude42<\/p>\n<p>\u00a0<\/p>\n<p>Az aj\u00e1nd\u00e9kutalv\u00e1nyt emailben k\u00fcldj\u00fck el nyomtathat\u00f3 form\u00e1ban a rendel\u00e9shez megadott email c\u00edmen.<\/p>","protected":false},"excerpt":{"rendered":"<p>Lepd meg szeretteidet egy aj\u00e1nd\u00e9kutalv\u00e1nnyal, hogy a legkedvesebb figur\u00e1it \u00e9s kell\u00e9keit tudj\u00e1k maguk\u00e9nak\u00a0az \u00fcnnepl\u00e9shez. \ud83d\ude42<\/p>","protected":false},"featured_media":22911,"comment_status":"open","ping_status":"closed","template":"","meta":{"_acf_changed":false},"product_brand":[],"product_cat":[19],"product_tag":[],"class_list":{"0":"post-12808","1":"product","2":"type-product","3":"status-publish","4":"has-post-thumbnail","6":"product_cat-wargame","8":"first","9":"onbackorder","10":"taxable","11":"shipping-taxable","12":"purchasable","13":"product-type-simple"},"acf":[],"yoast_head":"<!-- This site is optimized with the Yoast SEO Premium plugin v25.6 (Yoast SEO v25.6) - https:\/\/yoast.com\/wordpress\/plugins\/seo\/ -->\n<title>60 000 Ft-os Aj\u00e1nd\u00e9kutalv\u00e1ny<\/title>\n<meta name=\"description\" content=\"Lepd meg szeretteidet egy aj\u00e1nd\u00e9kutalv\u00e1nnyal, hogy a legkedvesebb figur\u00e1it \u00e9s kell\u00e9keit tudj\u00e1k maguk\u00e9nak\u00a0az \u00fcnnepl\u00e9shez. :)\" \/>\n<meta name=\"robots\" content=\"index, follow, max-snippet:-1, max-image-preview:large, max-video-preview:-1\" \/>\n<link rel=\"canonical\" href=\"https:\/\/hammertimecafe.hu\/en\/product\/60-000-ft-os-ajandekutalvany\/\" \/>\n<meta property=\"og:locale\" content=\"en_US\" \/>\n<meta property=\"og:type\" content=\"article\" \/>\n<meta property=\"og:title\" content=\"60 000 Ft-os Aj\u00e1nd\u00e9kutalv\u00e1ny\" \/>\n<meta property=\"og:description\" content=\"Lepd meg szeretteidet egy aj\u00e1nd\u00e9kutalv\u00e1nnyal, hogy a legkedvesebb figur\u00e1it \u00e9s kell\u00e9keit tudj\u00e1k maguk\u00e9nak\u00a0az \u00fcnnepl\u00e9shez. :)\" \/>\n<meta property=\"og:url\" content=\"https:\/\/hammertimecafe.hu\/en\/product\/60-000-ft-os-ajandekutalvany\/\" \/>\n<meta property=\"og:site_name\" content=\"HammerTime Cafe Webshop\" \/>\n<meta property=\"article:modified_time\" content=\"2025-12-14T13:58:16+00:00\" \/>\n<meta property=\"og:image\" content=\"https:\/\/hammertimecafe.hu\/app\/uploads\/2025\/10\/aj_nd_kutalv_ny3-1024x724.png\" \/>\n\t<meta property=\"og:image:width\" content=\"1024\" \/>\n\t<meta property=\"og:image:height\" content=\"724\" \/>\n\t<meta property=\"og:image:type\" content=\"image\/png\" \/>\n<meta name=\"twitter:card\" content=\"summary_large_image\" \/>\n<script type=\"application\/ld+json\" class=\"yoast-schema-graph\">{\"@context\":\"https:\/\/schema.org\",\"@graph\":[{\"@type\":\"WebPage\",\"@id\":\"https:\/\/hammertimecafe.hu\/termek\/60-000-ft-os-ajandekutalvany\/\",\"url\":\"https:\/\/hammertimecafe.hu\/termek\/60-000-ft-os-ajandekutalvany\/\",\"name\":\"60 000 Ft-os Aj\u00e1nd\u00e9kutalv\u00e1ny\",\"isPartOf\":{\"@id\":\"https:\/\/hammertimecafe.hu\/#website\"},\"primaryImageOfPage\":{\"@id\":\"https:\/\/hammertimecafe.hu\/termek\/60-000-ft-os-ajandekutalvany\/#primaryimage\"},\"image\":{\"@id\":\"https:\/\/hammertimecafe.hu\/termek\/60-000-ft-os-ajandekutalvany\/#primaryimage\"},\"thumbnailUrl\":\"https:\/\/hammertimecafe.hu\/app\/uploads\/2025\/10\/aj_nd_kutalv_ny3.png\",\"datePublished\":\"2025-10-29T02:37:30+00:00\",\"dateModified\":\"2025-12-14T13:58:16+00:00\",\"description\":\"Lepd meg szeretteidet egy aj\u00e1nd\u00e9kutalv\u00e1nnyal, hogy a legkedvesebb figur\u00e1it \u00e9s kell\u00e9keit tudj\u00e1k maguk\u00e9nak\u00a0az \u00fcnnepl\u00e9shez. :)\",\"breadcrumb\":{\"@id\":\"https:\/\/hammertimecafe.hu\/termek\/60-000-ft-os-ajandekutalvany\/#breadcrumb\"},\"inLanguage\":\"en-US\",\"potentialAction\":[{\"@type\":\"ReadAction\",\"target\":[\"https:\/\/hammertimecafe.hu\/termek\/60-000-ft-os-ajandekutalvany\/\"]}]},{\"@type\":\"ImageObject\",\"inLanguage\":\"en-US\",\"@id\":\"https:\/\/hammertimecafe.hu\/termek\/60-000-ft-os-ajandekutalvany\/#primaryimage\",\"url\":\"https:\/\/hammertimecafe.hu\/app\/uploads\/2025\/10\/aj_nd_kutalv_ny3.png\",\"contentUrl\":\"https:\/\/hammertimecafe.hu\/app\/uploads\/2025\/10\/aj_nd_kutalv_ny3.png\",\"width\":1697,\"height\":1200},{\"@type\":\"BreadcrumbList\",\"@id\":\"https:\/\/hammertimecafe.hu\/termek\/60-000-ft-os-ajandekutalvany\/#breadcrumb\",\"itemListElement\":[{\"@type\":\"ListItem\",\"position\":1,\"name\":\"Home\",\"item\":\"https:\/\/hammertimecafe.hu\/\"},{\"@type\":\"ListItem\",\"position\":2,\"name\":\"Shop\",\"item\":\"https:\/\/hammertimecafe.hu\/uzlet\/\"},{\"@type\":\"ListItem\",\"position\":3,\"name\":\"60 000 Ft-os Aj\u00e1nd\u00e9kutalv\u00e1ny\"}]},{\"@type\":\"WebSite\",\"@id\":\"https:\/\/hammertimecafe.hu\/#website\",\"url\":\"https:\/\/hammertimecafe.hu\/\",\"name\":\"Hammertimecafe\",\"description\":\"A HammerTime Cafe Hivatalos Weboldala \u00e9s Webshopja.\",\"publisher\":{\"@id\":\"https:\/\/hammertimecafe.hu\/#organization\"},\"potentialAction\":[{\"@type\":\"SearchAction\",\"target\":{\"@type\":\"EntryPoint\",\"urlTemplate\":\"https:\/\/hammertimecafe.hu\/?s={search_term_string}\"},\"query-input\":{\"@type\":\"PropertyValueSpecification\",\"valueRequired\":true,\"valueName\":\"search_term_string\"}}],\"inLanguage\":\"en-US\"},{\"@type\":\"Organization\",\"@id\":\"https:\/\/hammertimecafe.hu\/#organization\",\"name\":\"Hammertimecafe\",\"url\":\"https:\/\/hammertimecafe.hu\/\",\"logo\":{\"@type\":\"ImageObject\",\"inLanguage\":\"en-US\",\"@id\":\"https:\/\/hammertimecafe.hu\/#\/schema\/logo\/image\/\",\"url\":\"https:\/\/htcwoo.test\/app\/uploads\/2025\/08\/logo_of_htc.png\",\"contentUrl\":\"https:\/\/htcwoo.test\/app\/uploads\/2025\/08\/logo_of_htc.png\",\"width\":166,\"height\":73,\"caption\":\"Hammertimecafe\"},\"image\":{\"@id\":\"https:\/\/hammertimecafe.hu\/#\/schema\/logo\/image\/\"}}]}<\/script>\n<!-- \/ Yoast SEO Premium plugin. -->","yoast_head_json":{"title":"60 000 Ft-os Aj\u00e1nd\u00e9kutalv\u00e1ny","description":"Lepd meg szeretteidet egy aj\u00e1nd\u00e9kutalv\u00e1nnyal, hogy a legkedvesebb figur\u00e1it \u00e9s kell\u00e9keit tudj\u00e1k maguk\u00e9nak\u00a0az \u00fcnnepl\u00e9shez. :)","robots":{"index":"index","follow":"follow","max-snippet":"max-snippet:-1","max-image-preview":"max-image-preview:large","max-video-preview":"max-video-preview:-1"},"canonical":"https:\/\/hammertimecafe.hu\/en\/product\/60-000-ft-os-ajandekutalvany\/","og_locale":"en_US","og_type":"article","og_title":"60 000 Ft-os Aj\u00e1nd\u00e9kutalv\u00e1ny","og_description":"Lepd meg szeretteidet egy aj\u00e1nd\u00e9kutalv\u00e1nnyal, hogy a legkedvesebb figur\u00e1it \u00e9s kell\u00e9keit tudj\u00e1k maguk\u00e9nak\u00a0az \u00fcnnepl\u00e9shez. :)","og_url":"https:\/\/hammertimecafe.hu\/en\/product\/60-000-ft-os-ajandekutalvany\/","og_site_name":"HammerTime Cafe Webshop","article_modified_time":"2025-12-14T13:58:16+00:00","og_image":[{"width":1024,"height":724,"url":"https:\/\/hammertimecafe.hu\/app\/uploads\/2025\/10\/aj_nd_kutalv_ny3-1024x724.png","type":"image\/png"}],"twitter_card":"summary_large_image","schema":{"@context":"https:\/\/schema.org","@graph":[{"@type":"WebPage","@id":"https:\/\/hammertimecafe.hu\/termek\/60-000-ft-os-ajandekutalvany\/","url":"https:\/\/hammertimecafe.hu\/termek\/60-000-ft-os-ajandekutalvany\/","name":"60 000 Ft-os Aj\u00e1nd\u00e9kutalv\u00e1ny","isPartOf":{"@id":"https:\/\/hammertimecafe.hu\/#website"},"primaryImageOfPage":{"@id":"https:\/\/hammertimecafe.hu\/termek\/60-000-ft-os-ajandekutalvany\/#primaryimage"},"image":{"@id":"https:\/\/hammertimecafe.hu\/termek\/60-000-ft-os-ajandekutalvany\/#primaryimage"},"thumbnailUrl":"https:\/\/hammertimecafe.hu\/app\/uploads\/2025\/10\/aj_nd_kutalv_ny3.png","datePublished":"2025-10-29T02:37:30+00:00","dateModified":"2025-12-14T13:58:16+00:00","description":"Lepd meg szeretteidet egy aj\u00e1nd\u00e9kutalv\u00e1nnyal, hogy a legkedvesebb figur\u00e1it \u00e9s kell\u00e9keit tudj\u00e1k maguk\u00e9nak\u00a0az \u00fcnnepl\u00e9shez. :)","breadcrumb":{"@id":"https:\/\/hammertimecafe.hu\/termek\/60-000-ft-os-ajandekutalvany\/#breadcrumb"},"inLanguage":"en-US","potentialAction":[{"@type":"ReadAction","target":["https:\/\/hammertimecafe.hu\/termek\/60-000-ft-os-ajandekutalvany\/"]}]},{"@type":"ImageObject","inLanguage":"en-US","@id":"https:\/\/hammertimecafe.hu\/termek\/60-000-ft-os-ajandekutalvany\/#primaryimage","url":"https:\/\/hammertimecafe.hu\/app\/uploads\/2025\/10\/aj_nd_kutalv_ny3.png","contentUrl":"https:\/\/hammertimecafe.hu\/app\/uploads\/2025\/10\/aj_nd_kutalv_ny3.png","width":1697,"height":1200},{"@type":"BreadcrumbList","@id":"https:\/\/hammertimecafe.hu\/termek\/60-000-ft-os-ajandekutalvany\/#breadcrumb","itemListElement":[{"@type":"ListItem","position":1,"name":"Home","item":"https:\/\/hammertimecafe.hu\/"},{"@type":"ListItem","position":2,"name":"Shop","item":"https:\/\/hammertimecafe.hu\/uzlet\/"},{"@type":"ListItem","position":3,"name":"60 000 Ft-os Aj\u00e1nd\u00e9kutalv\u00e1ny"}]},{"@type":"WebSite","@id":"https:\/\/hammertimecafe.hu\/#website","url":"https:\/\/hammertimecafe.hu\/","name":"Hammertimecafe","description":"The Official Website and Webshop of HammerTime Cafe.","publisher":{"@id":"https:\/\/hammertimecafe.hu\/#organization"},"potentialAction":[{"@type":"SearchAction","target":{"@type":"EntryPoint","urlTemplate":"https:\/\/hammertimecafe.hu\/?s={search_term_string}"},"query-input":{"@type":"PropertyValueSpecification","valueRequired":true,"valueName":"search_term_string"}}],"inLanguage":"en-US"},{"@type":"Organization","@id":"https:\/\/hammertimecafe.hu\/#organization","name":"Hammertimecafe","url":"https:\/\/hammertimecafe.hu\/","logo":{"@type":"ImageObject","inLanguage":"en-US","@id":"https:\/\/hammertimecafe.hu\/#\/schema\/logo\/image\/","url":"https:\/\/htcwoo.test\/app\/uploads\/2025\/08\/logo_of_htc.png","contentUrl":"https:\/\/htcwoo.test\/app\/uploads\/2025\/08\/logo_of_htc.png","width":166,"height":73,"caption":"Hammertimecafe"},"image":{"@id":"https:\/\/hammertimecafe.hu\/#\/schema\/logo\/image\/"}}]}},"_links":{"self":[{"href":"https:\/\/hammertimecafe.hu\/en\/wp-json\/wp\/v2\/product\/12808","targetHints":{"allow":["GET"]}}],"collection":[{"href":"https:\/\/hammertimecafe.hu\/en\/wp-json\/wp\/v2\/product"}],"about":[{"href":"https:\/\/hammertimecafe.hu\/en\/wp-json\/wp\/v2\/types\/product"}],"replies":[{"embeddable":true,"href":"https:\/\/hammertimecafe.hu\/en\/wp-json\/wp\/v2\/comments?post=12808"}],"wp:featuredmedia":[{"embeddable":true,"href":"https:\/\/hammertimecafe.hu\/en\/wp-json\/wp\/v2\/media\/22911"}],"wp:attachment":[{"href":"https:\/\/hammertimecafe.hu\/en\/wp-json\/wp\/v2\/media?parent=12808"}],"wp:term":[{"taxonomy":"product_brand","embeddable":true,"href":"https:\/\/hammertimecafe.hu\/en\/wp-json\/wp\/v2\/product_brand?post=12808"},{"taxonomy":"product_cat","embeddable":true,"href":"https:\/\/hammertimecafe.hu\/en\/wp-json\/wp\/v2\/product_cat?post=12808"},{"taxonomy":"product_tag","embeddable":true,"href":"https:\/\/hammertimecafe.hu\/en\/wp-json\/wp\/v2\/product_tag?post=12808"}],"curies":[{"name":"wp","href":"https:\/\/api.w.org\/{rel}","templated":true}]}}