{"id":14788,"date":"2025-10-29T03:56:46","date_gmt":"2025-10-29T02:56:46","guid":{"rendered":"https:\/\/htcwoo.test\/en\/termek\/warpaints-fanatic-effects-warpaints-retarder\/"},"modified":"2025-12-14T19:00:41","modified_gmt":"2025-12-14T18:00:41","slug":"warpaints-fanatic-effects-warpaints-retarder","status":"publish","type":"product","link":"https:\/\/hammertimecafe.hu\/en\/product\/warpaints-fanatic-effects-warpaints-retarder\/","title":{"rendered":"Warpaints Fanatic Effects: Warpaints Retarder"},"content":{"rendered":"<p><!--td {border: 1px solid #ccc;}br {mso-data-placement:same-cell;}--><br \/>\n<!--td {border: 1px solid #ccc;}br {mso-data-placement:same-cell;}--><span id=\"mce_marker\" data-mce-type=\"bookmark\"><\/span><span id=\"__caret\">_<\/span><br \/>\n<!--td {border: 1px solid #ccc;}br {mso-data-placement:same-cell;}--><\/p>\n<p>A Warpaints Fanatic Effects akril alap\u00fa fest\u00e9kekkel k\u00f6nnyed\u00e9n \u00e9s \u00e9lvezetesen adhatsz k\u00fcl\u00f6nleges hat\u00e1sokat a miniat\u0171rjeidhez, ezzel egy magasabb szintre emelve a projektjeidet. Haszn\u00e1ld a Warpaints Fanatic Effects v\u00e1laszt\u00e9k\u00e1t, hogy v\u00e9res elemeket, val\u00f3s\u00e1gh\u0171 rozsd\u00e1t, vagy egyszer\u0171 ragyog\u00e1st adj egy lencs\u00e9nek, er\u0151fegyvernek vagy var\u00e1zslatnak!<\/p>\n<p>A Warpaints Fanatic Effects: Warpaints Retarder seg\u00edts\u00e9g\u00e9vel meghosszabb\u00edthatod a sz\u00e1rad\u00e1si id\u0151t, hogy gy\u00f6ny\u00f6r\u0171 \u00e1tmeneteket k\u00e9sz\u00edthess.<\/p>","protected":false},"excerpt":{"rendered":"<p><!--td {border: 1px solid #ccc;}br {mso-data-placement:same-cell;}--><br \/>\n<!--td {border: 1px solid #ccc;}br {mso-data-placement:same-cell;}--><br \/>\n<!--td {border: 1px solid #ccc;}br {mso-data-placement:same-cell;}--><br \/>\n<!--td {border: 1px solid #ccc;}br {mso-data-placement:same-cell;}--><br \/>\n<!--td {border: 1px solid #ccc;}br {mso-data-placement:same-cell;}--><br \/>\n<!--td {border: 1px solid #ccc;}br {mso-data-placement:same-cell;}--><br \/>\n<!--td {border: 1px solid #ccc;}br {mso-data-placement:same-cell;}--><br \/>\n<!--td {border: 1px solid #ccc;}br {mso-data-placement:same-cell;}--><br \/>\n<!--td {border: 1px solid #ccc;}br {mso-data-placement:same-cell;}--><br \/>\n<!--td {border: 1px solid #ccc;}br {mso-data-placement:same-cell;}--><br \/>\n<!--td {border: 1px solid #ccc;}br {mso-data-placement:same-cell;}--><span id=\"mce_marker\" data-mce-type=\"bookmark\"><\/span><span id=\"__caret\">_<\/span><br \/>\n<!--td {border: 1px solid #ccc;}br {mso-data-placement:same-cell;}--><br \/>\n<!--td {border: 1px solid #ccc;}br {mso-data-placement:same-cell;}--><br \/>\n<!--td {border: 1px solid #ccc;}br {mso-data-placement:same-cell;}--><span id=\"mce_marker\" data-mce-type=\"bookmark\"><\/span><span id=\"__caret\">_<\/span><br \/>\n<!--td {border: 1px solid #ccc;}br {mso-data-placement:same-cell;}--><br \/>\n<!--td {border: 1px solid #ccc;}br {mso-data-placement:same-cell;}--><br \/>\n<!--td {border: 1px solid #ccc;}br {mso-data-placement:same-cell;}--><span id=\"mce_marker\" data-mce-type=\"bookmark\"><\/span><span id=\"__caret\">_<\/span><br \/>\n<!--td {border: 1px solid #ccc;}br {mso-data-placement:same-cell;}--><\/p>\n<p>A Warpaints Fanatic Effects akril alap\u00fa fest\u00e9kekkel k\u00f6nnyed\u00e9n \u00e9s \u00e9lvezetesen adhatsz k\u00fcl\u00f6nleges hat\u00e1sokat a miniat\u0171rjeidhez, ezzel egy magasabb szintre emelve a projektjeidet. Haszn\u00e1ld a Warpaints Fanatic Effects v\u00e1laszt\u00e9k\u00e1t, hogy v\u00e9res elemeket, val\u00f3s\u00e1gh\u0171 rozsd\u00e1t, vagy egyszer\u0171 ragyog\u00e1st adj egy lencs\u00e9nek, er\u0151fegyvernek vagy var\u00e1zslatnak!<\/p>\n<p>A Warpaints Fanatic Effects: Warpaints Retarder seg\u00edts\u00e9g\u00e9vel meghosszabb\u00edthatod a sz\u00e1rad\u00e1si id\u0151t, hogy gy\u00f6ny\u00f6r\u0171 \u00e1tmeneteket k\u00e9sz\u00edthess.<\/p>","protected":false},"featured_media":23189,"comment_status":"open","ping_status":"closed","template":"","meta":{"_acf_changed":false},"product_brand":[379],"product_cat":[213,129],"product_tag":[],"class_list":{"0":"post-14788","1":"product","2":"type-product","3":"status-publish","4":"has-post-thumbnail","6":"product_brand-the-army-painter","7":"product_cat-army-painter","8":"product_cat-tegelyes-festekek","10":"first","11":"onbackorder","12":"sale","13":"taxable","14":"shipping-taxable","15":"purchasable","16":"product-type-simple"},"acf":[],"yoast_head":"<!-- This site is optimized with the Yoast SEO Premium plugin v25.6 (Yoast SEO v25.6) - https:\/\/yoast.com\/wordpress\/plugins\/seo\/ -->\n<title>Warpaints Fanatic Effects: Warpaints Retarder<\/title>\n<meta name=\"description\" content=\"Haszn\u00e1ld a Warpaints Fanatic Effects v\u00e1laszt\u00e9k\u00e1t, hogy v\u00e9res elemeket, val\u00f3s\u00e1gh\u0171 rozsd\u00e1t, vagy egyszer\u0171 ragyog\u00e1st adj egy lencs\u00e9nek, er\u0151fegyvernek vagy var\u00e1zslatnak!\" \/>\n<meta name=\"robots\" content=\"index, follow, max-snippet:-1, max-image-preview:large, max-video-preview:-1\" \/>\n<link rel=\"canonical\" href=\"https:\/\/hammertimecafe.hu\/en\/product\/warpaints-fanatic-effects-warpaints-retarder\/\" \/>\n<meta property=\"og:locale\" content=\"en_US\" \/>\n<meta property=\"og:type\" content=\"article\" \/>\n<meta property=\"og:title\" content=\"Warpaints Fanatic Effects: Warpaints Retarder\" \/>\n<meta property=\"og:description\" content=\"Haszn\u00e1ld a Warpaints Fanatic Effects v\u00e1laszt\u00e9k\u00e1t, hogy v\u00e9res elemeket, val\u00f3s\u00e1gh\u0171 rozsd\u00e1t, vagy egyszer\u0171 ragyog\u00e1st adj egy lencs\u00e9nek, er\u0151fegyvernek vagy var\u00e1zslatnak!\" \/>\n<meta property=\"og:url\" content=\"https:\/\/hammertimecafe.hu\/en\/product\/warpaints-fanatic-effects-warpaints-retarder\/\" \/>\n<meta property=\"og:site_name\" content=\"HammerTime Cafe Webshop\" \/>\n<meta property=\"article:modified_time\" content=\"2025-12-14T18:00:41+00:00\" \/>\n<meta property=\"og:image\" content=\"https:\/\/hammertimecafe.hu\/app\/uploads\/2025\/10\/warpaints_fanatic_effects-_warpaints_retarder.jpeg\" \/>\n\t<meta property=\"og:image:width\" content=\"1200\" \/>\n\t<meta property=\"og:image:height\" content=\"1200\" \/>\n\t<meta property=\"og:image:type\" content=\"image\/jpeg\" \/>\n<meta name=\"twitter:card\" content=\"summary_large_image\" \/>\n<script type=\"application\/ld+json\" class=\"yoast-schema-graph\">{\"@context\":\"https:\/\/schema.org\",\"@graph\":[{\"@type\":\"WebPage\",\"@id\":\"https:\/\/hammertimecafe.hu\/termek\/warpaints-fanatic-effects-warpaints-retarder\/\",\"url\":\"https:\/\/hammertimecafe.hu\/termek\/warpaints-fanatic-effects-warpaints-retarder\/\",\"name\":\"Warpaints Fanatic Effects: Warpaints Retarder\",\"isPartOf\":{\"@id\":\"https:\/\/hammertimecafe.hu\/#website\"},\"primaryImageOfPage\":{\"@id\":\"https:\/\/hammertimecafe.hu\/termek\/warpaints-fanatic-effects-warpaints-retarder\/#primaryimage\"},\"image\":{\"@id\":\"https:\/\/hammertimecafe.hu\/termek\/warpaints-fanatic-effects-warpaints-retarder\/#primaryimage\"},\"thumbnailUrl\":\"https:\/\/hammertimecafe.hu\/app\/uploads\/2025\/10\/warpaints_fanatic_effects-_warpaints_retarder.jpeg\",\"datePublished\":\"2025-10-29T02:56:46+00:00\",\"dateModified\":\"2025-12-14T18:00:41+00:00\",\"description\":\"Haszn\u00e1ld a Warpaints Fanatic Effects v\u00e1laszt\u00e9k\u00e1t, hogy v\u00e9res elemeket, val\u00f3s\u00e1gh\u0171 rozsd\u00e1t, vagy egyszer\u0171 ragyog\u00e1st adj egy lencs\u00e9nek, er\u0151fegyvernek vagy var\u00e1zslatnak!\",\"breadcrumb\":{\"@id\":\"https:\/\/hammertimecafe.hu\/termek\/warpaints-fanatic-effects-warpaints-retarder\/#breadcrumb\"},\"inLanguage\":\"en-US\",\"potentialAction\":[{\"@type\":\"ReadAction\",\"target\":[\"https:\/\/hammertimecafe.hu\/termek\/warpaints-fanatic-effects-warpaints-retarder\/\"]}]},{\"@type\":\"ImageObject\",\"inLanguage\":\"en-US\",\"@id\":\"https:\/\/hammertimecafe.hu\/termek\/warpaints-fanatic-effects-warpaints-retarder\/#primaryimage\",\"url\":\"https:\/\/hammertimecafe.hu\/app\/uploads\/2025\/10\/warpaints_fanatic_effects-_warpaints_retarder.jpeg\",\"contentUrl\":\"https:\/\/hammertimecafe.hu\/app\/uploads\/2025\/10\/warpaints_fanatic_effects-_warpaints_retarder.jpeg\",\"width\":1200,\"height\":1200},{\"@type\":\"BreadcrumbList\",\"@id\":\"https:\/\/hammertimecafe.hu\/termek\/warpaints-fanatic-effects-warpaints-retarder\/#breadcrumb\",\"itemListElement\":[{\"@type\":\"ListItem\",\"position\":1,\"name\":\"Home\",\"item\":\"https:\/\/hammertimecafe.hu\/\"},{\"@type\":\"ListItem\",\"position\":2,\"name\":\"Shop\",\"item\":\"https:\/\/hammertimecafe.hu\/uzlet\/\"},{\"@type\":\"ListItem\",\"position\":3,\"name\":\"Warpaints Fanatic Effects: Warpaints Retarder\"}]},{\"@type\":\"WebSite\",\"@id\":\"https:\/\/hammertimecafe.hu\/#website\",\"url\":\"https:\/\/hammertimecafe.hu\/\",\"name\":\"Hammertimecafe\",\"description\":\"A HammerTime Cafe Hivatalos Weboldala \u00e9s Webshopja.\",\"publisher\":{\"@id\":\"https:\/\/hammertimecafe.hu\/#organization\"},\"potentialAction\":[{\"@type\":\"SearchAction\",\"target\":{\"@type\":\"EntryPoint\",\"urlTemplate\":\"https:\/\/hammertimecafe.hu\/?s={search_term_string}\"},\"query-input\":{\"@type\":\"PropertyValueSpecification\",\"valueRequired\":true,\"valueName\":\"search_term_string\"}}],\"inLanguage\":\"en-US\"},{\"@type\":\"Organization\",\"@id\":\"https:\/\/hammertimecafe.hu\/#organization\",\"name\":\"Hammertimecafe\",\"url\":\"https:\/\/hammertimecafe.hu\/\",\"logo\":{\"@type\":\"ImageObject\",\"inLanguage\":\"en-US\",\"@id\":\"https:\/\/hammertimecafe.hu\/#\/schema\/logo\/image\/\",\"url\":\"https:\/\/htcwoo.test\/app\/uploads\/2025\/08\/logo_of_htc.png\",\"contentUrl\":\"https:\/\/htcwoo.test\/app\/uploads\/2025\/08\/logo_of_htc.png\",\"width\":166,\"height\":73,\"caption\":\"Hammertimecafe\"},\"image\":{\"@id\":\"https:\/\/hammertimecafe.hu\/#\/schema\/logo\/image\/\"}}]}<\/script>\n<!-- \/ Yoast SEO Premium plugin. -->","yoast_head_json":{"title":"Warpaints Fanatic Effects: Warpaints Retarder","description":"Haszn\u00e1ld a Warpaints Fanatic Effects v\u00e1laszt\u00e9k\u00e1t, hogy v\u00e9res elemeket, val\u00f3s\u00e1gh\u0171 rozsd\u00e1t, vagy egyszer\u0171 ragyog\u00e1st adj egy lencs\u00e9nek, er\u0151fegyvernek vagy var\u00e1zslatnak!","robots":{"index":"index","follow":"follow","max-snippet":"max-snippet:-1","max-image-preview":"max-image-preview:large","max-video-preview":"max-video-preview:-1"},"canonical":"https:\/\/hammertimecafe.hu\/en\/product\/warpaints-fanatic-effects-warpaints-retarder\/","og_locale":"en_US","og_type":"article","og_title":"Warpaints Fanatic Effects: Warpaints Retarder","og_description":"Haszn\u00e1ld a Warpaints Fanatic Effects v\u00e1laszt\u00e9k\u00e1t, hogy v\u00e9res elemeket, val\u00f3s\u00e1gh\u0171 rozsd\u00e1t, vagy egyszer\u0171 ragyog\u00e1st adj egy lencs\u00e9nek, er\u0151fegyvernek vagy var\u00e1zslatnak!","og_url":"https:\/\/hammertimecafe.hu\/en\/product\/warpaints-fanatic-effects-warpaints-retarder\/","og_site_name":"HammerTime Cafe Webshop","article_modified_time":"2025-12-14T18:00:41+00:00","og_image":[{"width":1200,"height":1200,"url":"https:\/\/hammertimecafe.hu\/app\/uploads\/2025\/10\/warpaints_fanatic_effects-_warpaints_retarder.jpeg","type":"image\/jpeg"}],"twitter_card":"summary_large_image","schema":{"@context":"https:\/\/schema.org","@graph":[{"@type":"WebPage","@id":"https:\/\/hammertimecafe.hu\/termek\/warpaints-fanatic-effects-warpaints-retarder\/","url":"https:\/\/hammertimecafe.hu\/termek\/warpaints-fanatic-effects-warpaints-retarder\/","name":"Warpaints Fanatic Effects: Warpaints Retarder","isPartOf":{"@id":"https:\/\/hammertimecafe.hu\/#website"},"primaryImageOfPage":{"@id":"https:\/\/hammertimecafe.hu\/termek\/warpaints-fanatic-effects-warpaints-retarder\/#primaryimage"},"image":{"@id":"https:\/\/hammertimecafe.hu\/termek\/warpaints-fanatic-effects-warpaints-retarder\/#primaryimage"},"thumbnailUrl":"https:\/\/hammertimecafe.hu\/app\/uploads\/2025\/10\/warpaints_fanatic_effects-_warpaints_retarder.jpeg","datePublished":"2025-10-29T02:56:46+00:00","dateModified":"2025-12-14T18:00:41+00:00","description":"Haszn\u00e1ld a Warpaints Fanatic Effects v\u00e1laszt\u00e9k\u00e1t, hogy v\u00e9res elemeket, val\u00f3s\u00e1gh\u0171 rozsd\u00e1t, vagy egyszer\u0171 ragyog\u00e1st adj egy lencs\u00e9nek, er\u0151fegyvernek vagy var\u00e1zslatnak!","breadcrumb":{"@id":"https:\/\/hammertimecafe.hu\/termek\/warpaints-fanatic-effects-warpaints-retarder\/#breadcrumb"},"inLanguage":"en-US","potentialAction":[{"@type":"ReadAction","target":["https:\/\/hammertimecafe.hu\/termek\/warpaints-fanatic-effects-warpaints-retarder\/"]}]},{"@type":"ImageObject","inLanguage":"en-US","@id":"https:\/\/hammertimecafe.hu\/termek\/warpaints-fanatic-effects-warpaints-retarder\/#primaryimage","url":"https:\/\/hammertimecafe.hu\/app\/uploads\/2025\/10\/warpaints_fanatic_effects-_warpaints_retarder.jpeg","contentUrl":"https:\/\/hammertimecafe.hu\/app\/uploads\/2025\/10\/warpaints_fanatic_effects-_warpaints_retarder.jpeg","width":1200,"height":1200},{"@type":"BreadcrumbList","@id":"https:\/\/hammertimecafe.hu\/termek\/warpaints-fanatic-effects-warpaints-retarder\/#breadcrumb","itemListElement":[{"@type":"ListItem","position":1,"name":"Home","item":"https:\/\/hammertimecafe.hu\/"},{"@type":"ListItem","position":2,"name":"Shop","item":"https:\/\/hammertimecafe.hu\/uzlet\/"},{"@type":"ListItem","position":3,"name":"Warpaints Fanatic Effects: Warpaints Retarder"}]},{"@type":"WebSite","@id":"https:\/\/hammertimecafe.hu\/#website","url":"https:\/\/hammertimecafe.hu\/","name":"Hammertimecafe","description":"The Official Website and Webshop of HammerTime Cafe.","publisher":{"@id":"https:\/\/hammertimecafe.hu\/#organization"},"potentialAction":[{"@type":"SearchAction","target":{"@type":"EntryPoint","urlTemplate":"https:\/\/hammertimecafe.hu\/?s={search_term_string}"},"query-input":{"@type":"PropertyValueSpecification","valueRequired":true,"valueName":"search_term_string"}}],"inLanguage":"en-US"},{"@type":"Organization","@id":"https:\/\/hammertimecafe.hu\/#organization","name":"Hammertimecafe","url":"https:\/\/hammertimecafe.hu\/","logo":{"@type":"ImageObject","inLanguage":"en-US","@id":"https:\/\/hammertimecafe.hu\/#\/schema\/logo\/image\/","url":"https:\/\/htcwoo.test\/app\/uploads\/2025\/08\/logo_of_htc.png","contentUrl":"https:\/\/htcwoo.test\/app\/uploads\/2025\/08\/logo_of_htc.png","width":166,"height":73,"caption":"Hammertimecafe"},"image":{"@id":"https:\/\/hammertimecafe.hu\/#\/schema\/logo\/image\/"}}]}},"_links":{"self":[{"href":"https:\/\/hammertimecafe.hu\/en\/wp-json\/wp\/v2\/product\/14788","targetHints":{"allow":["GET"]}}],"collection":[{"href":"https:\/\/hammertimecafe.hu\/en\/wp-json\/wp\/v2\/product"}],"about":[{"href":"https:\/\/hammertimecafe.hu\/en\/wp-json\/wp\/v2\/types\/product"}],"replies":[{"embeddable":true,"href":"https:\/\/hammertimecafe.hu\/en\/wp-json\/wp\/v2\/comments?post=14788"}],"wp:featuredmedia":[{"embeddable":true,"href":"https:\/\/hammertimecafe.hu\/en\/wp-json\/wp\/v2\/media\/23189"}],"wp:attachment":[{"href":"https:\/\/hammertimecafe.hu\/en\/wp-json\/wp\/v2\/media?parent=14788"}],"wp:term":[{"taxonomy":"product_brand","embeddable":true,"href":"https:\/\/hammertimecafe.hu\/en\/wp-json\/wp\/v2\/product_brand?post=14788"},{"taxonomy":"product_cat","embeddable":true,"href":"https:\/\/hammertimecafe.hu\/en\/wp-json\/wp\/v2\/product_cat?post=14788"},{"taxonomy":"product_tag","embeddable":true,"href":"https:\/\/hammertimecafe.hu\/en\/wp-json\/wp\/v2\/product_tag?post=14788"}],"curies":[{"name":"wp","href":"https:\/\/api.w.org\/{rel}","templated":true}]}}