{"id":18733,"date":"2025-10-29T04:34:32","date_gmt":"2025-10-29T03:34:32","guid":{"rendered":"https:\/\/htcwoo.test\/termek\/warhammer-underworlds-rivals-deck-reckless-fury\/"},"modified":"2026-04-19T20:39:03","modified_gmt":"2026-04-19T18:39:03","slug":"warhammer-underworlds-rivals-deck-reckless-fury","status":"publish","type":"product","link":"https:\/\/hammertimecafe.hu\/en\/product\/warhammer-underworlds-rivals-deck-reckless-fury\/","title":{"rendered":"WARHAMMER UNDERWORLDS RIVALS DECK: RECKLESS FURY"},"content":{"rendered":"<p>Ez a k\u00e1rtyacsomag a Warhammer Underworlds t\u00e1rsasj\u00e1t\u00e9k kieg\u00e9sz\u00edt\u0151je, amely tov\u00e1bb b\u0151v\u00edti k\u00e1rtyagy\u0171jtem\u00e9ny\u00fcnket, \u00e9s m\u00e9g t\u00f6bb lehet\u0151s\u00e9get k\u00edn\u00e1l a pakli\u00e9p\u00edt\u00e9shez.<\/p>","protected":false},"excerpt":{"rendered":"<p>Ez a k\u00e1rtyacsomag a Warhammer Underworlds t\u00e1rsasj\u00e1t\u00e9k kieg\u00e9sz\u00edt\u0151je, amely tov\u00e1bb b\u0151v\u00edti k\u00e1rtyagy\u0171jtem\u00e9ny\u00fcnket, \u00e9s m\u00e9g t\u00f6bb lehet\u0151s\u00e9get k\u00edn\u00e1l a pakli\u00e9p\u00edt\u00e9shez.<\/p>","protected":false},"featured_media":23367,"comment_status":"open","ping_status":"closed","template":"","meta":{"_acf_changed":false},"product_brand":[46],"product_cat":[106,105,19,42],"product_tag":[],"class_list":{"0":"post-18733","1":"product","2":"type-product","3":"status-publish","4":"has-post-thumbnail","6":"product_brand-games-workshop","7":"product_cat-games-workshop","8":"product_cat-tarsasjatekok","9":"product_cat-wargame","10":"product_cat-warhammer-age-of-sigmar","12":"first","13":"onbackorder","14":"sale","15":"taxable","16":"shipping-taxable","17":"purchasable","18":"product-type-simple"},"acf":[],"yoast_head":"<!-- This site is optimized with the Yoast SEO Premium plugin v25.6 (Yoast SEO v25.6) - https:\/\/yoast.com\/wordpress\/plugins\/seo\/ -->\n<title>WARHAMMER UNDERWORLDS RIVALS DECK: RECKLESS FURY<\/title>\n<meta name=\"description\" content=\"Ez a k\u00e1rtyacsomag a Warhammer Underworlds t\u00e1rsasj\u00e1t\u00e9k kieg\u00e9sz\u00edt\u0151je, amely tov\u00e1bb b\u0151v\u00edti k\u00e1rtyagy\u0171jtem\u00e9ny\u00fcnket, \u00e9s m\u00e9g t\u00f6bb lehet\u0151s\u00e9get k\u00edn\u00e1l a pakli\u00e9p\u00edt\u00e9shez.\" \/>\n<meta name=\"robots\" content=\"index, follow, max-snippet:-1, max-image-preview:large, max-video-preview:-1\" \/>\n<link rel=\"canonical\" href=\"https:\/\/hammertimecafe.hu\/en\/product\/warhammer-underworlds-rivals-deck-reckless-fury\/\" \/>\n<meta property=\"og:locale\" content=\"en_US\" \/>\n<meta property=\"og:type\" content=\"article\" \/>\n<meta property=\"og:title\" content=\"WARHAMMER UNDERWORLDS RIVALS DECK: RECKLESS FURY\" \/>\n<meta property=\"og:description\" content=\"Ez a k\u00e1rtyacsomag a Warhammer Underworlds t\u00e1rsasj\u00e1t\u00e9k kieg\u00e9sz\u00edt\u0151je, amely tov\u00e1bb b\u0151v\u00edti k\u00e1rtyagy\u0171jtem\u00e9ny\u00fcnket, \u00e9s m\u00e9g t\u00f6bb lehet\u0151s\u00e9get k\u00edn\u00e1l a pakli\u00e9p\u00edt\u00e9shez.\" \/>\n<meta property=\"og:url\" content=\"https:\/\/hammertimecafe.hu\/en\/product\/warhammer-underworlds-rivals-deck-reckless-fury\/\" \/>\n<meta property=\"og:site_name\" content=\"HammerTime Cafe Webshop\" \/>\n<meta property=\"article:modified_time\" content=\"2026-04-19T18:39:03+00:00\" \/>\n<meta property=\"og:image\" content=\"https:\/\/hammertimecafe.hu\/app\/uploads\/2025\/10\/warhammer_underworlds_reckless_fury_rivals_deck.jpg\" \/>\n\t<meta property=\"og:image:width\" content=\"1162\" \/>\n\t<meta property=\"og:image:height\" content=\"1200\" \/>\n\t<meta property=\"og:image:type\" content=\"image\/jpeg\" \/>\n<meta name=\"twitter:card\" content=\"summary_large_image\" \/>\n<script type=\"application\/ld+json\" class=\"yoast-schema-graph\">{\"@context\":\"https:\/\/schema.org\",\"@graph\":[{\"@type\":\"WebPage\",\"@id\":\"https:\/\/hammertimecafe.hu\/termek\/warhammer-underworlds-rivals-deck-reckless-fury\/\",\"url\":\"https:\/\/hammertimecafe.hu\/termek\/warhammer-underworlds-rivals-deck-reckless-fury\/\",\"name\":\"WARHAMMER UNDERWORLDS RIVALS DECK: RECKLESS FURY\",\"isPartOf\":{\"@id\":\"https:\/\/hammertimecafe.hu\/#website\"},\"primaryImageOfPage\":{\"@id\":\"https:\/\/hammertimecafe.hu\/termek\/warhammer-underworlds-rivals-deck-reckless-fury\/#primaryimage\"},\"image\":{\"@id\":\"https:\/\/hammertimecafe.hu\/termek\/warhammer-underworlds-rivals-deck-reckless-fury\/#primaryimage\"},\"thumbnailUrl\":\"https:\/\/hammertimecafe.hu\/app\/uploads\/2025\/10\/warhammer_underworlds_reckless_fury_rivals_deck.jpg\",\"datePublished\":\"2025-10-29T03:34:32+00:00\",\"dateModified\":\"2026-04-19T18:39:03+00:00\",\"description\":\"Ez a k\u00e1rtyacsomag a Warhammer Underworlds t\u00e1rsasj\u00e1t\u00e9k kieg\u00e9sz\u00edt\u0151je, amely tov\u00e1bb b\u0151v\u00edti k\u00e1rtyagy\u0171jtem\u00e9ny\u00fcnket, \u00e9s m\u00e9g t\u00f6bb lehet\u0151s\u00e9get k\u00edn\u00e1l a pakli\u00e9p\u00edt\u00e9shez.\",\"breadcrumb\":{\"@id\":\"https:\/\/hammertimecafe.hu\/termek\/warhammer-underworlds-rivals-deck-reckless-fury\/#breadcrumb\"},\"inLanguage\":\"en-US\",\"potentialAction\":[{\"@type\":\"ReadAction\",\"target\":[\"https:\/\/hammertimecafe.hu\/termek\/warhammer-underworlds-rivals-deck-reckless-fury\/\"]}]},{\"@type\":\"ImageObject\",\"inLanguage\":\"en-US\",\"@id\":\"https:\/\/hammertimecafe.hu\/termek\/warhammer-underworlds-rivals-deck-reckless-fury\/#primaryimage\",\"url\":\"https:\/\/hammertimecafe.hu\/app\/uploads\/2025\/10\/warhammer_underworlds_reckless_fury_rivals_deck.jpg\",\"contentUrl\":\"https:\/\/hammertimecafe.hu\/app\/uploads\/2025\/10\/warhammer_underworlds_reckless_fury_rivals_deck.jpg\",\"width\":1162,\"height\":1200},{\"@type\":\"BreadcrumbList\",\"@id\":\"https:\/\/hammertimecafe.hu\/termek\/warhammer-underworlds-rivals-deck-reckless-fury\/#breadcrumb\",\"itemListElement\":[{\"@type\":\"ListItem\",\"position\":1,\"name\":\"Home\",\"item\":\"https:\/\/hammertimecafe.hu\/\"},{\"@type\":\"ListItem\",\"position\":2,\"name\":\"Shop\",\"item\":\"https:\/\/hammertimecafe.hu\/uzlet\/\"},{\"@type\":\"ListItem\",\"position\":3,\"name\":\"WARHAMMER UNDERWORLDS RIVALS DECK: RECKLESS FURY\"}]},{\"@type\":\"WebSite\",\"@id\":\"https:\/\/hammertimecafe.hu\/#website\",\"url\":\"https:\/\/hammertimecafe.hu\/\",\"name\":\"Hammertimecafe\",\"description\":\"A HammerTime Cafe Hivatalos Weboldala \u00e9s Webshopja.\",\"publisher\":{\"@id\":\"https:\/\/hammertimecafe.hu\/#organization\"},\"potentialAction\":[{\"@type\":\"SearchAction\",\"target\":{\"@type\":\"EntryPoint\",\"urlTemplate\":\"https:\/\/hammertimecafe.hu\/?s={search_term_string}\"},\"query-input\":{\"@type\":\"PropertyValueSpecification\",\"valueRequired\":true,\"valueName\":\"search_term_string\"}}],\"inLanguage\":\"en-US\"},{\"@type\":\"Organization\",\"@id\":\"https:\/\/hammertimecafe.hu\/#organization\",\"name\":\"Hammertimecafe\",\"url\":\"https:\/\/hammertimecafe.hu\/\",\"logo\":{\"@type\":\"ImageObject\",\"inLanguage\":\"en-US\",\"@id\":\"https:\/\/hammertimecafe.hu\/#\/schema\/logo\/image\/\",\"url\":\"https:\/\/htcwoo.test\/app\/uploads\/2025\/08\/logo_of_htc.png\",\"contentUrl\":\"https:\/\/htcwoo.test\/app\/uploads\/2025\/08\/logo_of_htc.png\",\"width\":166,\"height\":73,\"caption\":\"Hammertimecafe\"},\"image\":{\"@id\":\"https:\/\/hammertimecafe.hu\/#\/schema\/logo\/image\/\"}}]}<\/script>\n<!-- \/ Yoast SEO Premium plugin. -->","yoast_head_json":{"title":"WARHAMMER UNDERWORLDS RIVALS DECK: RECKLESS FURY","description":"Ez a k\u00e1rtyacsomag a Warhammer Underworlds t\u00e1rsasj\u00e1t\u00e9k kieg\u00e9sz\u00edt\u0151je, amely tov\u00e1bb b\u0151v\u00edti k\u00e1rtyagy\u0171jtem\u00e9ny\u00fcnket, \u00e9s m\u00e9g t\u00f6bb lehet\u0151s\u00e9get k\u00edn\u00e1l a pakli\u00e9p\u00edt\u00e9shez.","robots":{"index":"index","follow":"follow","max-snippet":"max-snippet:-1","max-image-preview":"max-image-preview:large","max-video-preview":"max-video-preview:-1"},"canonical":"https:\/\/hammertimecafe.hu\/en\/product\/warhammer-underworlds-rivals-deck-reckless-fury\/","og_locale":"en_US","og_type":"article","og_title":"WARHAMMER UNDERWORLDS RIVALS DECK: RECKLESS FURY","og_description":"Ez a k\u00e1rtyacsomag a Warhammer Underworlds t\u00e1rsasj\u00e1t\u00e9k kieg\u00e9sz\u00edt\u0151je, amely tov\u00e1bb b\u0151v\u00edti k\u00e1rtyagy\u0171jtem\u00e9ny\u00fcnket, \u00e9s m\u00e9g t\u00f6bb lehet\u0151s\u00e9get k\u00edn\u00e1l a pakli\u00e9p\u00edt\u00e9shez.","og_url":"https:\/\/hammertimecafe.hu\/en\/product\/warhammer-underworlds-rivals-deck-reckless-fury\/","og_site_name":"HammerTime Cafe Webshop","article_modified_time":"2026-04-19T18:39:03+00:00","og_image":[{"width":1162,"height":1200,"url":"https:\/\/hammertimecafe.hu\/app\/uploads\/2025\/10\/warhammer_underworlds_reckless_fury_rivals_deck.jpg","type":"image\/jpeg"}],"twitter_card":"summary_large_image","schema":{"@context":"https:\/\/schema.org","@graph":[{"@type":"WebPage","@id":"https:\/\/hammertimecafe.hu\/termek\/warhammer-underworlds-rivals-deck-reckless-fury\/","url":"https:\/\/hammertimecafe.hu\/termek\/warhammer-underworlds-rivals-deck-reckless-fury\/","name":"WARHAMMER UNDERWORLDS RIVALS DECK: RECKLESS FURY","isPartOf":{"@id":"https:\/\/hammertimecafe.hu\/#website"},"primaryImageOfPage":{"@id":"https:\/\/hammertimecafe.hu\/termek\/warhammer-underworlds-rivals-deck-reckless-fury\/#primaryimage"},"image":{"@id":"https:\/\/hammertimecafe.hu\/termek\/warhammer-underworlds-rivals-deck-reckless-fury\/#primaryimage"},"thumbnailUrl":"https:\/\/hammertimecafe.hu\/app\/uploads\/2025\/10\/warhammer_underworlds_reckless_fury_rivals_deck.jpg","datePublished":"2025-10-29T03:34:32+00:00","dateModified":"2026-04-19T18:39:03+00:00","description":"Ez a k\u00e1rtyacsomag a Warhammer Underworlds t\u00e1rsasj\u00e1t\u00e9k kieg\u00e9sz\u00edt\u0151je, amely tov\u00e1bb b\u0151v\u00edti k\u00e1rtyagy\u0171jtem\u00e9ny\u00fcnket, \u00e9s m\u00e9g t\u00f6bb lehet\u0151s\u00e9get k\u00edn\u00e1l a pakli\u00e9p\u00edt\u00e9shez.","breadcrumb":{"@id":"https:\/\/hammertimecafe.hu\/termek\/warhammer-underworlds-rivals-deck-reckless-fury\/#breadcrumb"},"inLanguage":"en-US","potentialAction":[{"@type":"ReadAction","target":["https:\/\/hammertimecafe.hu\/termek\/warhammer-underworlds-rivals-deck-reckless-fury\/"]}]},{"@type":"ImageObject","inLanguage":"en-US","@id":"https:\/\/hammertimecafe.hu\/termek\/warhammer-underworlds-rivals-deck-reckless-fury\/#primaryimage","url":"https:\/\/hammertimecafe.hu\/app\/uploads\/2025\/10\/warhammer_underworlds_reckless_fury_rivals_deck.jpg","contentUrl":"https:\/\/hammertimecafe.hu\/app\/uploads\/2025\/10\/warhammer_underworlds_reckless_fury_rivals_deck.jpg","width":1162,"height":1200},{"@type":"BreadcrumbList","@id":"https:\/\/hammertimecafe.hu\/termek\/warhammer-underworlds-rivals-deck-reckless-fury\/#breadcrumb","itemListElement":[{"@type":"ListItem","position":1,"name":"Home","item":"https:\/\/hammertimecafe.hu\/"},{"@type":"ListItem","position":2,"name":"Shop","item":"https:\/\/hammertimecafe.hu\/uzlet\/"},{"@type":"ListItem","position":3,"name":"WARHAMMER UNDERWORLDS RIVALS DECK: RECKLESS FURY"}]},{"@type":"WebSite","@id":"https:\/\/hammertimecafe.hu\/#website","url":"https:\/\/hammertimecafe.hu\/","name":"Hammertimecafe","description":"The Official Website and Webshop of HammerTime Cafe.","publisher":{"@id":"https:\/\/hammertimecafe.hu\/#organization"},"potentialAction":[{"@type":"SearchAction","target":{"@type":"EntryPoint","urlTemplate":"https:\/\/hammertimecafe.hu\/?s={search_term_string}"},"query-input":{"@type":"PropertyValueSpecification","valueRequired":true,"valueName":"search_term_string"}}],"inLanguage":"en-US"},{"@type":"Organization","@id":"https:\/\/hammertimecafe.hu\/#organization","name":"Hammertimecafe","url":"https:\/\/hammertimecafe.hu\/","logo":{"@type":"ImageObject","inLanguage":"en-US","@id":"https:\/\/hammertimecafe.hu\/#\/schema\/logo\/image\/","url":"https:\/\/htcwoo.test\/app\/uploads\/2025\/08\/logo_of_htc.png","contentUrl":"https:\/\/htcwoo.test\/app\/uploads\/2025\/08\/logo_of_htc.png","width":166,"height":73,"caption":"Hammertimecafe"},"image":{"@id":"https:\/\/hammertimecafe.hu\/#\/schema\/logo\/image\/"}}]}},"_links":{"self":[{"href":"https:\/\/hammertimecafe.hu\/en\/wp-json\/wp\/v2\/product\/18733","targetHints":{"allow":["GET"]}}],"collection":[{"href":"https:\/\/hammertimecafe.hu\/en\/wp-json\/wp\/v2\/product"}],"about":[{"href":"https:\/\/hammertimecafe.hu\/en\/wp-json\/wp\/v2\/types\/product"}],"replies":[{"embeddable":true,"href":"https:\/\/hammertimecafe.hu\/en\/wp-json\/wp\/v2\/comments?post=18733"}],"wp:featuredmedia":[{"embeddable":true,"href":"https:\/\/hammertimecafe.hu\/en\/wp-json\/wp\/v2\/media\/23367"}],"wp:attachment":[{"href":"https:\/\/hammertimecafe.hu\/en\/wp-json\/wp\/v2\/media?parent=18733"}],"wp:term":[{"taxonomy":"product_brand","embeddable":true,"href":"https:\/\/hammertimecafe.hu\/en\/wp-json\/wp\/v2\/product_brand?post=18733"},{"taxonomy":"product_cat","embeddable":true,"href":"https:\/\/hammertimecafe.hu\/en\/wp-json\/wp\/v2\/product_cat?post=18733"},{"taxonomy":"product_tag","embeddable":true,"href":"https:\/\/hammertimecafe.hu\/en\/wp-json\/wp\/v2\/product_tag?post=18733"}],"curies":[{"name":"wp","href":"https:\/\/api.w.org\/{rel}","templated":true}]}}