{"id":18751,"date":"2025-10-29T04:34:41","date_gmt":"2025-10-29T03:34:41","guid":{"rendered":"https:\/\/htcwoo.test\/termek\/72304-game-color-orcs-goblins-by-angel-giraldez-paint-set-regi-game-color\/"},"modified":"2026-04-19T20:39:01","modified_gmt":"2026-04-19T18:39:01","slug":"72304-game-color-orcs-goblins-by-angel-giraldez-paint-set-regi-game-color","status":"publish","type":"product","link":"https:\/\/hammertimecafe.hu\/en\/product\/72304-game-color-orcs-goblins-by-angel-giraldez-paint-set-regi-game-color\/","title":{"rendered":"72304 Game Color &#8211; Orcs &#038; Goblins by Angel Giraldez Paint set (R\u00e9gi game Color)"},"content":{"rendered":"<p>Orcs and Goblins set contains 8 colors in 17 ml.\/0.57 fl.oz. Bottles for painting Orc and Goblin skins with the step by step by Angel Gir\u00e1ldez.<\/p>","protected":false},"excerpt":{"rendered":"<p>8 db-os fest\u00e9k szett, orkok \u00e9s goblinok fest\u00e9s\u00e9hez.<\/p>","protected":false},"featured_media":23372,"comment_status":"open","ping_status":"closed","template":"","meta":{"_acf_changed":false},"product_brand":[380],"product_cat":[210,129,207],"product_tag":[],"class_list":{"0":"post-18751","1":"product","2":"type-product","3":"status-publish","4":"has-post-thumbnail","6":"product_brand-vallejo","7":"product_cat-akcios-termekek","8":"product_cat-tegelyes-festekek","9":"product_cat-vallejo","11":"first","12":"onbackorder","13":"sale","14":"taxable","15":"shipping-taxable","16":"purchasable","17":"product-type-simple"},"acf":[],"yoast_head":"<!-- This site is optimized with the Yoast SEO Premium plugin v25.6 (Yoast SEO v25.6) - https:\/\/yoast.com\/wordpress\/plugins\/seo\/ -->\n<title>72304 Game Color - Orcs &amp; Goblins by Angel Giraldez Paint set (R\u00e9gi game Color)<\/title>\n<meta name=\"description\" content=\"8 db-os fest\u00e9k szett, orkok \u00e9s goblinok fest\u00e9s\u00e9hez.\" \/>\n<meta name=\"robots\" content=\"index, follow, max-snippet:-1, max-image-preview:large, max-video-preview:-1\" \/>\n<link rel=\"canonical\" href=\"https:\/\/hammertimecafe.hu\/en\/product\/72304-game-color-orcs-goblins-by-angel-giraldez-paint-set-regi-game-color\/\" \/>\n<meta property=\"og:locale\" content=\"en_US\" \/>\n<meta property=\"og:type\" content=\"article\" \/>\n<meta property=\"og:title\" content=\"72304 Game Color - Orcs &amp; Goblins by Angel Giraldez Paint set (R\u00e9gi game Color)\" \/>\n<meta property=\"og:description\" content=\"8 db-os fest\u00e9k szett, orkok \u00e9s goblinok fest\u00e9s\u00e9hez.\" \/>\n<meta property=\"og:url\" content=\"https:\/\/hammertimecafe.hu\/en\/product\/72304-game-color-orcs-goblins-by-angel-giraldez-paint-set-regi-game-color\/\" \/>\n<meta property=\"og:site_name\" content=\"HammerTime Cafe Webshop\" \/>\n<meta property=\"article:modified_time\" content=\"2026-04-19T18:39:01+00:00\" \/>\n<meta property=\"og:image\" content=\"https:\/\/hammertimecafe.hu\/app\/uploads\/2025\/10\/8429551723046_jptmpdj8c6kxzha0_1.png\" \/>\n\t<meta property=\"og:image:width\" content=\"800\" \/>\n\t<meta property=\"og:image:height\" content=\"800\" \/>\n\t<meta property=\"og:image:type\" content=\"image\/png\" \/>\n<meta name=\"twitter:card\" content=\"summary_large_image\" \/>\n<meta name=\"twitter:label1\" content=\"Est. reading time\" \/>\n\t<meta name=\"twitter:data1\" content=\"1 minute\" \/>\n<script type=\"application\/ld+json\" class=\"yoast-schema-graph\">{\"@context\":\"https:\/\/schema.org\",\"@graph\":[{\"@type\":\"WebPage\",\"@id\":\"https:\/\/hammertimecafe.hu\/termek\/72304-game-color-orcs-goblins-by-angel-giraldez-paint-set-regi-game-color\/\",\"url\":\"https:\/\/hammertimecafe.hu\/termek\/72304-game-color-orcs-goblins-by-angel-giraldez-paint-set-regi-game-color\/\",\"name\":\"72304 Game Color - Orcs & Goblins by Angel Giraldez Paint set (R\u00e9gi game Color)\",\"isPartOf\":{\"@id\":\"https:\/\/hammertimecafe.hu\/#website\"},\"primaryImageOfPage\":{\"@id\":\"https:\/\/hammertimecafe.hu\/termek\/72304-game-color-orcs-goblins-by-angel-giraldez-paint-set-regi-game-color\/#primaryimage\"},\"image\":{\"@id\":\"https:\/\/hammertimecafe.hu\/termek\/72304-game-color-orcs-goblins-by-angel-giraldez-paint-set-regi-game-color\/#primaryimage\"},\"thumbnailUrl\":\"https:\/\/hammertimecafe.hu\/app\/uploads\/2025\/10\/8429551723046_jptmpdj8c6kxzha0_1.png\",\"datePublished\":\"2025-10-29T03:34:41+00:00\",\"dateModified\":\"2026-04-19T18:39:01+00:00\",\"description\":\"8 db-os fest\u00e9k szett, orkok \u00e9s goblinok fest\u00e9s\u00e9hez.\",\"breadcrumb\":{\"@id\":\"https:\/\/hammertimecafe.hu\/termek\/72304-game-color-orcs-goblins-by-angel-giraldez-paint-set-regi-game-color\/#breadcrumb\"},\"inLanguage\":\"en-US\",\"potentialAction\":[{\"@type\":\"ReadAction\",\"target\":[\"https:\/\/hammertimecafe.hu\/termek\/72304-game-color-orcs-goblins-by-angel-giraldez-paint-set-regi-game-color\/\"]}]},{\"@type\":\"ImageObject\",\"inLanguage\":\"en-US\",\"@id\":\"https:\/\/hammertimecafe.hu\/termek\/72304-game-color-orcs-goblins-by-angel-giraldez-paint-set-regi-game-color\/#primaryimage\",\"url\":\"https:\/\/hammertimecafe.hu\/app\/uploads\/2025\/10\/8429551723046_jptmpdj8c6kxzha0_1.png\",\"contentUrl\":\"https:\/\/hammertimecafe.hu\/app\/uploads\/2025\/10\/8429551723046_jptmpdj8c6kxzha0_1.png\",\"width\":800,\"height\":800},{\"@type\":\"BreadcrumbList\",\"@id\":\"https:\/\/hammertimecafe.hu\/termek\/72304-game-color-orcs-goblins-by-angel-giraldez-paint-set-regi-game-color\/#breadcrumb\",\"itemListElement\":[{\"@type\":\"ListItem\",\"position\":1,\"name\":\"Home\",\"item\":\"https:\/\/hammertimecafe.hu\/\"},{\"@type\":\"ListItem\",\"position\":2,\"name\":\"Shop\",\"item\":\"https:\/\/hammertimecafe.hu\/uzlet\/\"},{\"@type\":\"ListItem\",\"position\":3,\"name\":\"72304 Game Color &#8211; Orcs &#038; Goblins by Angel Giraldez Paint set (R\u00e9gi game Color)\"}]},{\"@type\":\"WebSite\",\"@id\":\"https:\/\/hammertimecafe.hu\/#website\",\"url\":\"https:\/\/hammertimecafe.hu\/\",\"name\":\"Hammertimecafe\",\"description\":\"A HammerTime Cafe Hivatalos Weboldala \u00e9s Webshopja.\",\"publisher\":{\"@id\":\"https:\/\/hammertimecafe.hu\/#organization\"},\"potentialAction\":[{\"@type\":\"SearchAction\",\"target\":{\"@type\":\"EntryPoint\",\"urlTemplate\":\"https:\/\/hammertimecafe.hu\/?s={search_term_string}\"},\"query-input\":{\"@type\":\"PropertyValueSpecification\",\"valueRequired\":true,\"valueName\":\"search_term_string\"}}],\"inLanguage\":\"en-US\"},{\"@type\":\"Organization\",\"@id\":\"https:\/\/hammertimecafe.hu\/#organization\",\"name\":\"Hammertimecafe\",\"url\":\"https:\/\/hammertimecafe.hu\/\",\"logo\":{\"@type\":\"ImageObject\",\"inLanguage\":\"en-US\",\"@id\":\"https:\/\/hammertimecafe.hu\/#\/schema\/logo\/image\/\",\"url\":\"https:\/\/htcwoo.test\/app\/uploads\/2025\/08\/logo_of_htc.png\",\"contentUrl\":\"https:\/\/htcwoo.test\/app\/uploads\/2025\/08\/logo_of_htc.png\",\"width\":166,\"height\":73,\"caption\":\"Hammertimecafe\"},\"image\":{\"@id\":\"https:\/\/hammertimecafe.hu\/#\/schema\/logo\/image\/\"}}]}<\/script>\n<!-- \/ Yoast SEO Premium plugin. -->","yoast_head_json":{"title":"72304 Game Color - Orcs & Goblins by Angel Giraldez Paint set (R\u00e9gi game Color)","description":"8 db-os fest\u00e9k szett, orkok \u00e9s goblinok fest\u00e9s\u00e9hez.","robots":{"index":"index","follow":"follow","max-snippet":"max-snippet:-1","max-image-preview":"max-image-preview:large","max-video-preview":"max-video-preview:-1"},"canonical":"https:\/\/hammertimecafe.hu\/en\/product\/72304-game-color-orcs-goblins-by-angel-giraldez-paint-set-regi-game-color\/","og_locale":"en_US","og_type":"article","og_title":"72304 Game Color - Orcs & Goblins by Angel Giraldez Paint set (R\u00e9gi game Color)","og_description":"8 db-os fest\u00e9k szett, orkok \u00e9s goblinok fest\u00e9s\u00e9hez.","og_url":"https:\/\/hammertimecafe.hu\/en\/product\/72304-game-color-orcs-goblins-by-angel-giraldez-paint-set-regi-game-color\/","og_site_name":"HammerTime Cafe Webshop","article_modified_time":"2026-04-19T18:39:01+00:00","og_image":[{"width":800,"height":800,"url":"https:\/\/hammertimecafe.hu\/app\/uploads\/2025\/10\/8429551723046_jptmpdj8c6kxzha0_1.png","type":"image\/png"}],"twitter_card":"summary_large_image","twitter_misc":{"Est. reading time":"1 minute"},"schema":{"@context":"https:\/\/schema.org","@graph":[{"@type":"WebPage","@id":"https:\/\/hammertimecafe.hu\/termek\/72304-game-color-orcs-goblins-by-angel-giraldez-paint-set-regi-game-color\/","url":"https:\/\/hammertimecafe.hu\/termek\/72304-game-color-orcs-goblins-by-angel-giraldez-paint-set-regi-game-color\/","name":"72304 Game Color - Orcs & Goblins by Angel Giraldez Paint set (R\u00e9gi game Color)","isPartOf":{"@id":"https:\/\/hammertimecafe.hu\/#website"},"primaryImageOfPage":{"@id":"https:\/\/hammertimecafe.hu\/termek\/72304-game-color-orcs-goblins-by-angel-giraldez-paint-set-regi-game-color\/#primaryimage"},"image":{"@id":"https:\/\/hammertimecafe.hu\/termek\/72304-game-color-orcs-goblins-by-angel-giraldez-paint-set-regi-game-color\/#primaryimage"},"thumbnailUrl":"https:\/\/hammertimecafe.hu\/app\/uploads\/2025\/10\/8429551723046_jptmpdj8c6kxzha0_1.png","datePublished":"2025-10-29T03:34:41+00:00","dateModified":"2026-04-19T18:39:01+00:00","description":"8 db-os fest\u00e9k szett, orkok \u00e9s goblinok fest\u00e9s\u00e9hez.","breadcrumb":{"@id":"https:\/\/hammertimecafe.hu\/termek\/72304-game-color-orcs-goblins-by-angel-giraldez-paint-set-regi-game-color\/#breadcrumb"},"inLanguage":"en-US","potentialAction":[{"@type":"ReadAction","target":["https:\/\/hammertimecafe.hu\/termek\/72304-game-color-orcs-goblins-by-angel-giraldez-paint-set-regi-game-color\/"]}]},{"@type":"ImageObject","inLanguage":"en-US","@id":"https:\/\/hammertimecafe.hu\/termek\/72304-game-color-orcs-goblins-by-angel-giraldez-paint-set-regi-game-color\/#primaryimage","url":"https:\/\/hammertimecafe.hu\/app\/uploads\/2025\/10\/8429551723046_jptmpdj8c6kxzha0_1.png","contentUrl":"https:\/\/hammertimecafe.hu\/app\/uploads\/2025\/10\/8429551723046_jptmpdj8c6kxzha0_1.png","width":800,"height":800},{"@type":"BreadcrumbList","@id":"https:\/\/hammertimecafe.hu\/termek\/72304-game-color-orcs-goblins-by-angel-giraldez-paint-set-regi-game-color\/#breadcrumb","itemListElement":[{"@type":"ListItem","position":1,"name":"Home","item":"https:\/\/hammertimecafe.hu\/"},{"@type":"ListItem","position":2,"name":"Shop","item":"https:\/\/hammertimecafe.hu\/uzlet\/"},{"@type":"ListItem","position":3,"name":"72304 Game Color &#8211; Orcs &#038; Goblins by Angel Giraldez Paint set (R\u00e9gi game Color)"}]},{"@type":"WebSite","@id":"https:\/\/hammertimecafe.hu\/#website","url":"https:\/\/hammertimecafe.hu\/","name":"Hammertimecafe","description":"The Official Website and Webshop of HammerTime Cafe.","publisher":{"@id":"https:\/\/hammertimecafe.hu\/#organization"},"potentialAction":[{"@type":"SearchAction","target":{"@type":"EntryPoint","urlTemplate":"https:\/\/hammertimecafe.hu\/?s={search_term_string}"},"query-input":{"@type":"PropertyValueSpecification","valueRequired":true,"valueName":"search_term_string"}}],"inLanguage":"en-US"},{"@type":"Organization","@id":"https:\/\/hammertimecafe.hu\/#organization","name":"Hammertimecafe","url":"https:\/\/hammertimecafe.hu\/","logo":{"@type":"ImageObject","inLanguage":"en-US","@id":"https:\/\/hammertimecafe.hu\/#\/schema\/logo\/image\/","url":"https:\/\/htcwoo.test\/app\/uploads\/2025\/08\/logo_of_htc.png","contentUrl":"https:\/\/htcwoo.test\/app\/uploads\/2025\/08\/logo_of_htc.png","width":166,"height":73,"caption":"Hammertimecafe"},"image":{"@id":"https:\/\/hammertimecafe.hu\/#\/schema\/logo\/image\/"}}]}},"_links":{"self":[{"href":"https:\/\/hammertimecafe.hu\/en\/wp-json\/wp\/v2\/product\/18751","targetHints":{"allow":["GET"]}}],"collection":[{"href":"https:\/\/hammertimecafe.hu\/en\/wp-json\/wp\/v2\/product"}],"about":[{"href":"https:\/\/hammertimecafe.hu\/en\/wp-json\/wp\/v2\/types\/product"}],"replies":[{"embeddable":true,"href":"https:\/\/hammertimecafe.hu\/en\/wp-json\/wp\/v2\/comments?post=18751"}],"wp:featuredmedia":[{"embeddable":true,"href":"https:\/\/hammertimecafe.hu\/en\/wp-json\/wp\/v2\/media\/23372"}],"wp:attachment":[{"href":"https:\/\/hammertimecafe.hu\/en\/wp-json\/wp\/v2\/media?parent=18751"}],"wp:term":[{"taxonomy":"product_brand","embeddable":true,"href":"https:\/\/hammertimecafe.hu\/en\/wp-json\/wp\/v2\/product_brand?post=18751"},{"taxonomy":"product_cat","embeddable":true,"href":"https:\/\/hammertimecafe.hu\/en\/wp-json\/wp\/v2\/product_cat?post=18751"},{"taxonomy":"product_tag","embeddable":true,"href":"https:\/\/hammertimecafe.hu\/en\/wp-json\/wp\/v2\/product_tag?post=18751"}],"curies":[{"name":"wp","href":"https:\/\/api.w.org\/{rel}","templated":true}]}}