{"id":18773,"date":"2025-10-29T04:34:50","date_gmt":"2025-10-29T03:34:50","guid":{"rendered":"https:\/\/htcwoo.test\/termek\/70209-model-color-wwii-italian-armour-infantry-paint-set-regi-model-color\/"},"modified":"2026-01-09T18:26:47","modified_gmt":"2026-01-09T17:26:47","slug":"70209-model-color-wwii-italian-armour-infantry-paint-set-regi-model-color","status":"publish","type":"product","link":"https:\/\/hammertimecafe.hu\/en\/product\/70209-model-color-wwii-italian-armour-infantry-paint-set-regi-model-color\/","title":{"rendered":"70209 Model Color &#8211; WWII Italian Armour &#038; Infantry Paint set (R\u00e9gi Model Color)"},"content":{"rendered":"<p>Ez a k\u00e9szlet olyan fest\u00e9keket tartalmaz, amelyek\u00a0az olasz hadsereg j\u00e1rm\u0171veinek \u00e9s a gyalogs\u00e1g\u00e1nak fest\u00e9s\u00e9hez sz\u00fcks\u00e9gesek.<\/p>\n<p>A doboz 6 db 17 ml-s fest\u00e9ket tartalmaz:<\/p>\n<p><span class=\"s1\">70.888 Olive Grey<br \/>\n70.914 Green Ochre<br \/>\n70.977 Desert Yellow<br \/>\n70.881 Green Yellow<br \/>\n70.976 Buff<br \/>\n70.830 German Fieldgrey WWII<\/span><\/p>","protected":false},"excerpt":{"rendered":"<p>Ez a k\u00e9szlet olyan fest\u00e9keket tartalmaz, amelyek\u00a0az olasz hadsereg j\u00e1rm\u0171veinek \u00e9s a gyalogs\u00e1g\u00e1nak fest\u00e9s\u00e9hez sz\u00fcks\u00e9gesek.<\/p>","protected":false},"featured_media":23378,"comment_status":"open","ping_status":"closed","template":"","meta":{"_acf_changed":false},"product_brand":[380],"product_cat":[15,210,207],"product_tag":[],"class_list":{"0":"post-18773","1":"product","2":"type-product","3":"status-publish","4":"has-post-thumbnail","6":"product_brand-vallejo","7":"product_cat-egyeb","8":"product_cat-akcios-termekek","9":"product_cat-vallejo","11":"first","12":"instock","13":"sale","14":"taxable","15":"shipping-taxable","16":"purchasable","17":"product-type-simple"},"acf":[],"yoast_head":"<!-- This site is optimized with the Yoast SEO Premium plugin v25.6 (Yoast SEO v25.6) - https:\/\/yoast.com\/wordpress\/plugins\/seo\/ -->\n<title>70209 Model Color - WWII Italian Armour &amp; Infantry Paint set (R\u00e9gi Model Color)<\/title>\n<meta name=\"description\" content=\"Ez a k\u00e9szlet olyan fest\u00e9keket tartalmaz, amelyek\u00a0az olasz hadsereg j\u00e1rm\u0171veinek \u00e9s a gyalogs\u00e1g\u00e1nak fest\u00e9s\u00e9hez sz\u00fcks\u00e9gesek.\" \/>\n<meta name=\"robots\" content=\"index, follow, max-snippet:-1, max-image-preview:large, max-video-preview:-1\" \/>\n<link rel=\"canonical\" href=\"https:\/\/hammertimecafe.hu\/en\/product\/70209-model-color-wwii-italian-armour-infantry-paint-set-regi-model-color\/\" \/>\n<meta property=\"og:locale\" content=\"en_US\" \/>\n<meta property=\"og:type\" content=\"article\" \/>\n<meta property=\"og:title\" content=\"70209 Model Color - WWII Italian Armour &amp; Infantry Paint set (R\u00e9gi Model Color)\" \/>\n<meta property=\"og:description\" content=\"Ez a k\u00e9szlet olyan fest\u00e9keket tartalmaz, amelyek\u00a0az olasz hadsereg j\u00e1rm\u0171veinek \u00e9s a gyalogs\u00e1g\u00e1nak fest\u00e9s\u00e9hez sz\u00fcks\u00e9gesek.\" \/>\n<meta property=\"og:url\" content=\"https:\/\/hammertimecafe.hu\/en\/product\/70209-model-color-wwii-italian-armour-infantry-paint-set-regi-model-color\/\" \/>\n<meta property=\"og:site_name\" content=\"HammerTime Cafe Webshop\" \/>\n<meta property=\"article:modified_time\" content=\"2026-01-09T17:26:47+00:00\" \/>\n<meta property=\"og:image\" content=\"https:\/\/hammertimecafe.hu\/app\/uploads\/2025\/10\/70209_1.jpg\" \/>\n\t<meta property=\"og:image:width\" content=\"800\" \/>\n\t<meta property=\"og:image:height\" content=\"800\" \/>\n\t<meta property=\"og:image:type\" content=\"image\/jpeg\" \/>\n<meta name=\"twitter:card\" content=\"summary_large_image\" \/>\n<meta name=\"twitter:label1\" content=\"Est. reading time\" \/>\n\t<meta name=\"twitter:data1\" content=\"1 minute\" \/>\n<script type=\"application\/ld+json\" class=\"yoast-schema-graph\">{\"@context\":\"https:\/\/schema.org\",\"@graph\":[{\"@type\":\"WebPage\",\"@id\":\"https:\/\/hammertimecafe.hu\/termek\/70209-model-color-wwii-italian-armour-infantry-paint-set-regi-model-color\/\",\"url\":\"https:\/\/hammertimecafe.hu\/termek\/70209-model-color-wwii-italian-armour-infantry-paint-set-regi-model-color\/\",\"name\":\"70209 Model Color - WWII Italian Armour & Infantry Paint set (R\u00e9gi Model Color)\",\"isPartOf\":{\"@id\":\"https:\/\/hammertimecafe.hu\/#website\"},\"primaryImageOfPage\":{\"@id\":\"https:\/\/hammertimecafe.hu\/termek\/70209-model-color-wwii-italian-armour-infantry-paint-set-regi-model-color\/#primaryimage\"},\"image\":{\"@id\":\"https:\/\/hammertimecafe.hu\/termek\/70209-model-color-wwii-italian-armour-infantry-paint-set-regi-model-color\/#primaryimage\"},\"thumbnailUrl\":\"https:\/\/hammertimecafe.hu\/app\/uploads\/2025\/10\/70209_1.jpg\",\"datePublished\":\"2025-10-29T03:34:50+00:00\",\"dateModified\":\"2026-01-09T17:26:47+00:00\",\"description\":\"Ez a k\u00e9szlet olyan fest\u00e9keket tartalmaz, amelyek\u00a0az olasz hadsereg j\u00e1rm\u0171veinek \u00e9s a gyalogs\u00e1g\u00e1nak fest\u00e9s\u00e9hez sz\u00fcks\u00e9gesek.\",\"breadcrumb\":{\"@id\":\"https:\/\/hammertimecafe.hu\/termek\/70209-model-color-wwii-italian-armour-infantry-paint-set-regi-model-color\/#breadcrumb\"},\"inLanguage\":\"en-US\",\"potentialAction\":[{\"@type\":\"ReadAction\",\"target\":[\"https:\/\/hammertimecafe.hu\/termek\/70209-model-color-wwii-italian-armour-infantry-paint-set-regi-model-color\/\"]}]},{\"@type\":\"ImageObject\",\"inLanguage\":\"en-US\",\"@id\":\"https:\/\/hammertimecafe.hu\/termek\/70209-model-color-wwii-italian-armour-infantry-paint-set-regi-model-color\/#primaryimage\",\"url\":\"https:\/\/hammertimecafe.hu\/app\/uploads\/2025\/10\/70209_1.jpg\",\"contentUrl\":\"https:\/\/hammertimecafe.hu\/app\/uploads\/2025\/10\/70209_1.jpg\",\"width\":800,\"height\":800},{\"@type\":\"BreadcrumbList\",\"@id\":\"https:\/\/hammertimecafe.hu\/termek\/70209-model-color-wwii-italian-armour-infantry-paint-set-regi-model-color\/#breadcrumb\",\"itemListElement\":[{\"@type\":\"ListItem\",\"position\":1,\"name\":\"Home\",\"item\":\"https:\/\/hammertimecafe.hu\/\"},{\"@type\":\"ListItem\",\"position\":2,\"name\":\"Shop\",\"item\":\"https:\/\/hammertimecafe.hu\/uzlet\/\"},{\"@type\":\"ListItem\",\"position\":3,\"name\":\"70209 Model Color &#8211; WWII Italian Armour &#038; Infantry Paint set (R\u00e9gi Model Color)\"}]},{\"@type\":\"WebSite\",\"@id\":\"https:\/\/hammertimecafe.hu\/#website\",\"url\":\"https:\/\/hammertimecafe.hu\/\",\"name\":\"Hammertimecafe\",\"description\":\"A HammerTime Cafe Hivatalos Weboldala \u00e9s Webshopja.\",\"publisher\":{\"@id\":\"https:\/\/hammertimecafe.hu\/#organization\"},\"potentialAction\":[{\"@type\":\"SearchAction\",\"target\":{\"@type\":\"EntryPoint\",\"urlTemplate\":\"https:\/\/hammertimecafe.hu\/?s={search_term_string}\"},\"query-input\":{\"@type\":\"PropertyValueSpecification\",\"valueRequired\":true,\"valueName\":\"search_term_string\"}}],\"inLanguage\":\"en-US\"},{\"@type\":\"Organization\",\"@id\":\"https:\/\/hammertimecafe.hu\/#organization\",\"name\":\"Hammertimecafe\",\"url\":\"https:\/\/hammertimecafe.hu\/\",\"logo\":{\"@type\":\"ImageObject\",\"inLanguage\":\"en-US\",\"@id\":\"https:\/\/hammertimecafe.hu\/#\/schema\/logo\/image\/\",\"url\":\"https:\/\/htcwoo.test\/app\/uploads\/2025\/08\/logo_of_htc.png\",\"contentUrl\":\"https:\/\/htcwoo.test\/app\/uploads\/2025\/08\/logo_of_htc.png\",\"width\":166,\"height\":73,\"caption\":\"Hammertimecafe\"},\"image\":{\"@id\":\"https:\/\/hammertimecafe.hu\/#\/schema\/logo\/image\/\"}}]}<\/script>\n<!-- \/ Yoast SEO Premium plugin. -->","yoast_head_json":{"title":"70209 Model Color - WWII Italian Armour & Infantry Paint set (R\u00e9gi Model Color)","description":"Ez a k\u00e9szlet olyan fest\u00e9keket tartalmaz, amelyek\u00a0az olasz hadsereg j\u00e1rm\u0171veinek \u00e9s a gyalogs\u00e1g\u00e1nak fest\u00e9s\u00e9hez sz\u00fcks\u00e9gesek.","robots":{"index":"index","follow":"follow","max-snippet":"max-snippet:-1","max-image-preview":"max-image-preview:large","max-video-preview":"max-video-preview:-1"},"canonical":"https:\/\/hammertimecafe.hu\/en\/product\/70209-model-color-wwii-italian-armour-infantry-paint-set-regi-model-color\/","og_locale":"en_US","og_type":"article","og_title":"70209 Model Color - WWII Italian Armour & Infantry Paint set (R\u00e9gi Model Color)","og_description":"Ez a k\u00e9szlet olyan fest\u00e9keket tartalmaz, amelyek\u00a0az olasz hadsereg j\u00e1rm\u0171veinek \u00e9s a gyalogs\u00e1g\u00e1nak fest\u00e9s\u00e9hez sz\u00fcks\u00e9gesek.","og_url":"https:\/\/hammertimecafe.hu\/en\/product\/70209-model-color-wwii-italian-armour-infantry-paint-set-regi-model-color\/","og_site_name":"HammerTime Cafe Webshop","article_modified_time":"2026-01-09T17:26:47+00:00","og_image":[{"width":800,"height":800,"url":"https:\/\/hammertimecafe.hu\/app\/uploads\/2025\/10\/70209_1.jpg","type":"image\/jpeg"}],"twitter_card":"summary_large_image","twitter_misc":{"Est. reading time":"1 minute"},"schema":{"@context":"https:\/\/schema.org","@graph":[{"@type":"WebPage","@id":"https:\/\/hammertimecafe.hu\/termek\/70209-model-color-wwii-italian-armour-infantry-paint-set-regi-model-color\/","url":"https:\/\/hammertimecafe.hu\/termek\/70209-model-color-wwii-italian-armour-infantry-paint-set-regi-model-color\/","name":"70209 Model Color - WWII Italian Armour & Infantry Paint set (R\u00e9gi Model Color)","isPartOf":{"@id":"https:\/\/hammertimecafe.hu\/#website"},"primaryImageOfPage":{"@id":"https:\/\/hammertimecafe.hu\/termek\/70209-model-color-wwii-italian-armour-infantry-paint-set-regi-model-color\/#primaryimage"},"image":{"@id":"https:\/\/hammertimecafe.hu\/termek\/70209-model-color-wwii-italian-armour-infantry-paint-set-regi-model-color\/#primaryimage"},"thumbnailUrl":"https:\/\/hammertimecafe.hu\/app\/uploads\/2025\/10\/70209_1.jpg","datePublished":"2025-10-29T03:34:50+00:00","dateModified":"2026-01-09T17:26:47+00:00","description":"Ez a k\u00e9szlet olyan fest\u00e9keket tartalmaz, amelyek\u00a0az olasz hadsereg j\u00e1rm\u0171veinek \u00e9s a gyalogs\u00e1g\u00e1nak fest\u00e9s\u00e9hez sz\u00fcks\u00e9gesek.","breadcrumb":{"@id":"https:\/\/hammertimecafe.hu\/termek\/70209-model-color-wwii-italian-armour-infantry-paint-set-regi-model-color\/#breadcrumb"},"inLanguage":"en-US","potentialAction":[{"@type":"ReadAction","target":["https:\/\/hammertimecafe.hu\/termek\/70209-model-color-wwii-italian-armour-infantry-paint-set-regi-model-color\/"]}]},{"@type":"ImageObject","inLanguage":"en-US","@id":"https:\/\/hammertimecafe.hu\/termek\/70209-model-color-wwii-italian-armour-infantry-paint-set-regi-model-color\/#primaryimage","url":"https:\/\/hammertimecafe.hu\/app\/uploads\/2025\/10\/70209_1.jpg","contentUrl":"https:\/\/hammertimecafe.hu\/app\/uploads\/2025\/10\/70209_1.jpg","width":800,"height":800},{"@type":"BreadcrumbList","@id":"https:\/\/hammertimecafe.hu\/termek\/70209-model-color-wwii-italian-armour-infantry-paint-set-regi-model-color\/#breadcrumb","itemListElement":[{"@type":"ListItem","position":1,"name":"Home","item":"https:\/\/hammertimecafe.hu\/"},{"@type":"ListItem","position":2,"name":"Shop","item":"https:\/\/hammertimecafe.hu\/uzlet\/"},{"@type":"ListItem","position":3,"name":"70209 Model Color &#8211; WWII Italian Armour &#038; Infantry Paint set (R\u00e9gi Model Color)"}]},{"@type":"WebSite","@id":"https:\/\/hammertimecafe.hu\/#website","url":"https:\/\/hammertimecafe.hu\/","name":"Hammertimecafe","description":"The Official Website and Webshop of HammerTime Cafe.","publisher":{"@id":"https:\/\/hammertimecafe.hu\/#organization"},"potentialAction":[{"@type":"SearchAction","target":{"@type":"EntryPoint","urlTemplate":"https:\/\/hammertimecafe.hu\/?s={search_term_string}"},"query-input":{"@type":"PropertyValueSpecification","valueRequired":true,"valueName":"search_term_string"}}],"inLanguage":"en-US"},{"@type":"Organization","@id":"https:\/\/hammertimecafe.hu\/#organization","name":"Hammertimecafe","url":"https:\/\/hammertimecafe.hu\/","logo":{"@type":"ImageObject","inLanguage":"en-US","@id":"https:\/\/hammertimecafe.hu\/#\/schema\/logo\/image\/","url":"https:\/\/htcwoo.test\/app\/uploads\/2025\/08\/logo_of_htc.png","contentUrl":"https:\/\/htcwoo.test\/app\/uploads\/2025\/08\/logo_of_htc.png","width":166,"height":73,"caption":"Hammertimecafe"},"image":{"@id":"https:\/\/hammertimecafe.hu\/#\/schema\/logo\/image\/"}}]}},"_links":{"self":[{"href":"https:\/\/hammertimecafe.hu\/en\/wp-json\/wp\/v2\/product\/18773","targetHints":{"allow":["GET"]}}],"collection":[{"href":"https:\/\/hammertimecafe.hu\/en\/wp-json\/wp\/v2\/product"}],"about":[{"href":"https:\/\/hammertimecafe.hu\/en\/wp-json\/wp\/v2\/types\/product"}],"replies":[{"embeddable":true,"href":"https:\/\/hammertimecafe.hu\/en\/wp-json\/wp\/v2\/comments?post=18773"}],"wp:featuredmedia":[{"embeddable":true,"href":"https:\/\/hammertimecafe.hu\/en\/wp-json\/wp\/v2\/media\/23378"}],"wp:attachment":[{"href":"https:\/\/hammertimecafe.hu\/en\/wp-json\/wp\/v2\/media?parent=18773"}],"wp:term":[{"taxonomy":"product_brand","embeddable":true,"href":"https:\/\/hammertimecafe.hu\/en\/wp-json\/wp\/v2\/product_brand?post=18773"},{"taxonomy":"product_cat","embeddable":true,"href":"https:\/\/hammertimecafe.hu\/en\/wp-json\/wp\/v2\/product_cat?post=18773"},{"taxonomy":"product_tag","embeddable":true,"href":"https:\/\/hammertimecafe.hu\/en\/wp-json\/wp\/v2\/product_tag?post=18773"}],"curies":[{"name":"wp","href":"https:\/\/api.w.org\/{rel}","templated":true}]}}