{"id":18782,"date":"2025-10-29T04:34:54","date_gmt":"2025-10-29T03:34:54","guid":{"rendered":"https:\/\/htcwoo.test\/termek\/war-of-the-rohirrim-battle-of-edoras\/"},"modified":"2026-04-19T20:39:00","modified_gmt":"2026-04-19T18:39:00","slug":"war-of-the-rohirrim-battle-of-edoras","status":"publish","type":"product","link":"https:\/\/hammertimecafe.hu\/en\/product\/war-of-the-rohirrim-battle-of-edoras\/","title":{"rendered":"WAR OF THE ROHIRRIM: BATTLE OF EDORAS"},"content":{"rendered":"<p><strong>Edoras csat\u00e1ja<\/strong> a\u00a0Hegyi T\u00f6rzsek \u00e9s a b\u00fcszke Rohan harcosok k\u00f6z\u00f6tti ny\u00edlt konfliktust mutatja be, mik\u00f6zben a sz\u00e9th\u00faz\u00f3 \u00e9s rendezetlen t\u00f6rzsek elsz\u00e1nt hadj\u00e1ratot ind\u00edtanak. Egykor nemes \u00far, most sz\u00e1m\u0171z\u00f6tt, Wulf a Rohan elleni l\u00e1zad\u00e1s \u00e9l\u00e9re \u00e1ll\u00edtja a Hegyi T\u00f6rzseket. Ek\u00f6zben Haleth \u00e9s H\u00e1ma hercegek, Helm Hammerhand nemes \u00e9s hatalmas kir\u00e1ly fiai, vezetik a rohaniakat otthonuk \u00e9s birtokaik v\u00e9delm\u00e9ben.<\/p>\n<p><strong>A Rohani H\u00e1bor\u00fa \u2013 Edoras csat\u00e1ja<\/strong> ide\u00e1lis kezd\u0151- vagy folytat\u00f3csomag K\u00f6z\u00e9pf\u00f6lde vil\u00e1g\u00e1ban val\u00f3 kalandoz\u00e1shoz. Vedd \u00e1t az ir\u00e1ny\u00edt\u00e1st Rohan hatalmas harcosai vagy a keser\u0171 \u00e9s agressz\u00edv hegyi t\u00f6rzsek felett, akiket karizmatikus h\u0151s\u00f6k vezetnek, \u00e9s eleven\u00edtsd meg kedvenc jeleneteidet <strong>A Gy\u0171r\u0171k Ura: A Rohani H\u00e1bor\u00fa\u2122<\/strong> t\u00f6rt\u00e9net\u00e9b\u0151l. A dobozban 56 miniat\u0171r tal\u00e1lhat\u00f3, k\u00e9t kiegyens\u00falyozott seregre osztva \u2013 egy J\u00f3 \u00e9s egy Gonosz \u2013, valamint minden, amire sz\u00fcks\u00e9ged van a j\u00e1t\u00e9khoz, bele\u00e9rtve a szab\u00e1lyk\u00f6nyvet, kock\u00e1kat \u00e9s kieg\u00e9sz\u00edt\u0151ket.<\/p>\n<h3><strong>A Miniat\u0171r\u00f6k<\/strong><\/h3>\n<p><strong>A J\u00f3 serege:<\/strong><\/p>\n<ul>\n<li>1x Haleth, Rohan hercege gyalogosan<\/li>\n<li>1x Haleth, Rohan hercege p\u00e1nc\u00e9lozott lovon<\/li>\n<li>1x H\u00e1ma, Rohan hercege gyalogosan<\/li>\n<li>1x H\u00e1ma, Rohan hercege lovon<\/li>\n<li>24x Rohan harcosa, k\u00fcl\u00f6nf\u00e9le fegyverekkel felszerelve: l\u00e1ndzs\u00e1k, k\u00f6zelharci fegyverek, pajzsok \u00e9s \u00edjak<\/li>\n<\/ul>\n<p><strong>A Gonosz serege:<\/strong><\/p>\n<ul>\n<li>1x Wulf, a Hegyi T\u00f6rzsek Nagyura gyalogosan<\/li>\n<li>1x Wulf, a Hegyi T\u00f6rzsek Nagyura lovon<\/li>\n<li>1x Targg t\u00e1bornok gyalogosan<\/li>\n<li>1x Targg t\u00e1bornok lovon<\/li>\n<li>24x Hegyi t\u00f6rzstag, k\u00fcl\u00f6nf\u00e9le fegyverekkel, l\u00e1ngol\u00f3 f\u00e1kly\u00e1kkal \u00e9s \u00edjakkal<\/li>\n<\/ul>\n<h3><strong>A Terept\u00e1rgyak<\/strong><\/h3>\n<ul>\n<li>2 modul\u00e1ris Rohan-h\u00e1z k\u00e9szlet, amelyekb\u0151l k\u00e9t nagy \u00e9p\u00fclet \u00e9p\u00edthet\u0151, valamint sz\u00e1mos kieg\u00e9sz\u00edt\u0151 \u00e9s ker\u00edt\u00e9s<\/li>\n<\/ul>\n<h3><strong>A Szab\u00e1lyok<\/strong><\/h3>\n<p>A doboz tartalmazza a teljes, 176 oldalas kem\u00e9nyt\u00e1bl\u00e1s <span class=\"base\" data-ui-id=\"page-title-wrapper\"><a title=\"MIDDLE-EARTH STRATEGY BATTLE GAME RULES MANUAL\" href=\"https:\/\/hammertimecafe.hu\/index.php\/middle-earth-strategy-battle-game-rules-manual-2022.html\" target=\"_blank\" rel=\"noopener\">MIDDLE-EARTH STRATEGY BATTLE GAME RULES MANUAL<\/a>T<\/span>, amely lefedi a narrat\u00edv \u00e9s a pont\u00e9rt\u00e9kes j\u00e1t\u00e9km\u00f3dokat egyar\u00e1nt. A mozg\u00e1s \u00e9s a harc alapjait\u00f3l kezdve a hadi g\u00e9pek alkalmaz\u00e1s\u00e1n \u00e1t a var\u00e1zslatok haszn\u00e1lat\u00e1ig minden megtal\u00e1lhat\u00f3 benne, tov\u00e1bb\u00e1 inspir\u00e1l\u00f3, sz\u00e9pen festett seregek fot\u00f3i is.<\/p>\n<p>Tov\u00e1bb\u00e1 a doboz egy 48 oldalas f\u00fczetet is tartalmaz, amelyben minden sz\u00fcks\u00e9ges forgat\u00f3k\u00f6nyv \u00e9s profil szerepel Edoras csat\u00e1j\u00e1nak \u00fajraj\u00e1tsz\u00e1s\u00e1hoz. N\u00e9gy forgat\u00f3k\u00f6nyv seg\u00edts\u00e9g\u00e9vel egy mini kamp\u00e1nyon vehetsz r\u00e9szt: <strong>Az els\u0151 t\u00e1mad\u00e1s<\/strong>, <strong>A kapuk eleste<\/strong>, <strong>A v\u00e1ros felgy\u00fajt\u00e1sa<\/strong>, \u00e9s <strong>A hercegek v\u00e9gs\u0151 ellen\u00e1ll\u00e1sa<\/strong>. A teljes egys\u00e9gprofilokhoz sz\u00fcks\u00e9ged lesz a k\u00fcl\u00f6n kaphat\u00f3 <strong>A Gy\u0171r\u0171k Ura seregei<\/strong> kieg\u00e9sz\u00edt\u0151re.<\/p>\n<h3><strong>A Kieg\u00e9sz\u00edt\u0151k<\/strong><\/h3>\n<ul>\n<li>12 hatoldal\u00fa dob\u00f3kocka, k\u00e9t sz\u00ednben<\/li>\n<li>1x m\u00e9r\u0151r\u00fad<\/li>\n<li>1x 3&#8217;x3&#8242; (kb. 90&#215;90 cm) k\u00e9toldalas j\u00e1t\u00e9ksz\u0151nyeg<\/li>\n<li>2x Gyorshivatkoz\u00e1s-\u00fatmutat\u00f3<\/li>\n<\/ul>\n<h3><strong>A K\u00e9szlet Tartalma<\/strong><\/h3>\n<p>A doboz 678 m\u0171anyag alkatr\u00e9szt, valamint 2 darab Citadel 40 mm-es kerek talpat hatsz\u00f6gletes lyukkal \u00e9s 52 darab Citadel 25 mm-es kerek talpat tartalmaz.\u00a0<\/p>\n<p>The miniatures require assembly and painting.<\/p>","protected":false},"excerpt":{"rendered":"<p><strong>Edoras csat\u00e1ja<\/strong> a\u00a0Hegyi T\u00f6rzsek \u00e9s a b\u00fcszke Rohan harcosok k\u00f6z\u00f6tti ny\u00edlt konfliktust mutatja be, mik\u00f6zben a sz\u00e9th\u00faz\u00f3 \u00e9s rendezetlen t\u00f6rzsek elsz\u00e1nt hadj\u00e1ratot ind\u00edtanak. Egykor nemes \u00far, most sz\u00e1m\u0171z\u00f6tt, Wulf a Rohan elleni l\u00e1zad\u00e1s \u00e9l\u00e9re \u00e1ll\u00edtja a Hegyi T\u00f6rzseket. Ek\u00f6zben Haleth \u00e9s H\u00e1ma hercegek, Helm Hammerhand nemes \u00e9s hatalmas kir\u00e1ly fiai, vezetik a rohaniakat otthonuk \u00e9s birtokaik v\u00e9delm\u00e9ben.<\/p>","protected":false},"featured_media":23381,"comment_status":"open","ping_status":"closed","template":"","meta":{"_acf_changed":false},"product_brand":[46],"product_cat":[183,19],"product_tag":[],"class_list":{"0":"post-18782","1":"product","2":"type-product","3":"status-publish","4":"has-post-thumbnail","6":"product_brand-games-workshop","7":"product_cat-the-lord-of-the-rings","8":"product_cat-wargame","10":"first","11":"onbackorder","12":"sale","13":"taxable","14":"shipping-taxable","15":"purchasable","16":"product-type-simple"},"acf":[],"yoast_head":"<!-- This site is optimized with the Yoast SEO Premium plugin v25.6 (Yoast SEO v25.6) - https:\/\/yoast.com\/wordpress\/plugins\/seo\/ -->\n<title>WAR OF THE ROHIRRIM: BATTLE OF EDORAS<\/title>\n<meta name=\"description\" content=\"Edoras csat\u00e1ja a\u00a0Hegyi T\u00f6rzsek \u00e9s a b\u00fcszke Rohan harcosok k\u00f6z\u00f6tti ny\u00edlt konfliktust mutatja be, mik\u00f6zben a sz\u00e9th\u00faz\u00f3 \u00e9s rendezetlen t\u00f6rzsek elsz\u00e1nt hadj\u00e1ratot ind\u00edtanak.\" \/>\n<meta name=\"robots\" content=\"index, follow, max-snippet:-1, max-image-preview:large, max-video-preview:-1\" \/>\n<link rel=\"canonical\" href=\"https:\/\/hammertimecafe.hu\/en\/product\/war-of-the-rohirrim-battle-of-edoras\/\" \/>\n<meta property=\"og:locale\" content=\"en_US\" \/>\n<meta property=\"og:type\" content=\"article\" \/>\n<meta property=\"og:title\" content=\"WAR OF THE ROHIRRIM: BATTLE OF EDORAS\" \/>\n<meta property=\"og:description\" content=\"Edoras csat\u00e1ja a\u00a0Hegyi T\u00f6rzsek \u00e9s a b\u00fcszke Rohan harcosok k\u00f6z\u00f6tti ny\u00edlt konfliktust mutatja be, mik\u00f6zben a sz\u00e9th\u00faz\u00f3 \u00e9s rendezetlen t\u00f6rzsek elsz\u00e1nt hadj\u00e1ratot ind\u00edtanak.\" \/>\n<meta property=\"og:url\" content=\"https:\/\/hammertimecafe.hu\/en\/product\/war-of-the-rohirrim-battle-of-edoras\/\" \/>\n<meta property=\"og:site_name\" content=\"HammerTime Cafe Webshop\" \/>\n<meta property=\"article:modified_time\" content=\"2026-04-19T18:39:00+00:00\" \/>\n<meta property=\"og:image\" content=\"https:\/\/hammertimecafe.hu\/app\/uploads\/2025\/10\/waroftherohirimbattleedoras29.jpg\" \/>\n\t<meta property=\"og:image:width\" content=\"1162\" \/>\n\t<meta property=\"og:image:height\" content=\"1200\" \/>\n\t<meta property=\"og:image:type\" content=\"image\/jpeg\" \/>\n<meta name=\"twitter:card\" content=\"summary_large_image\" \/>\n<meta name=\"twitter:label1\" content=\"Est. reading time\" \/>\n\t<meta name=\"twitter:data1\" content=\"3 minutes\" \/>\n<script type=\"application\/ld+json\" class=\"yoast-schema-graph\">{\"@context\":\"https:\/\/schema.org\",\"@graph\":[{\"@type\":\"WebPage\",\"@id\":\"https:\/\/hammertimecafe.hu\/termek\/war-of-the-rohirrim-battle-of-edoras\/\",\"url\":\"https:\/\/hammertimecafe.hu\/termek\/war-of-the-rohirrim-battle-of-edoras\/\",\"name\":\"WAR OF THE ROHIRRIM: BATTLE OF EDORAS\",\"isPartOf\":{\"@id\":\"https:\/\/hammertimecafe.hu\/#website\"},\"primaryImageOfPage\":{\"@id\":\"https:\/\/hammertimecafe.hu\/termek\/war-of-the-rohirrim-battle-of-edoras\/#primaryimage\"},\"image\":{\"@id\":\"https:\/\/hammertimecafe.hu\/termek\/war-of-the-rohirrim-battle-of-edoras\/#primaryimage\"},\"thumbnailUrl\":\"https:\/\/hammertimecafe.hu\/app\/uploads\/2025\/10\/waroftherohirimbattleedoras29.jpg\",\"datePublished\":\"2025-10-29T03:34:54+00:00\",\"dateModified\":\"2026-04-19T18:39:00+00:00\",\"description\":\"Edoras csat\u00e1ja a\u00a0Hegyi T\u00f6rzsek \u00e9s a b\u00fcszke Rohan harcosok k\u00f6z\u00f6tti ny\u00edlt konfliktust mutatja be, mik\u00f6zben a sz\u00e9th\u00faz\u00f3 \u00e9s rendezetlen t\u00f6rzsek elsz\u00e1nt hadj\u00e1ratot ind\u00edtanak.\",\"breadcrumb\":{\"@id\":\"https:\/\/hammertimecafe.hu\/termek\/war-of-the-rohirrim-battle-of-edoras\/#breadcrumb\"},\"inLanguage\":\"en-US\",\"potentialAction\":[{\"@type\":\"ReadAction\",\"target\":[\"https:\/\/hammertimecafe.hu\/termek\/war-of-the-rohirrim-battle-of-edoras\/\"]}]},{\"@type\":\"ImageObject\",\"inLanguage\":\"en-US\",\"@id\":\"https:\/\/hammertimecafe.hu\/termek\/war-of-the-rohirrim-battle-of-edoras\/#primaryimage\",\"url\":\"https:\/\/hammertimecafe.hu\/app\/uploads\/2025\/10\/waroftherohirimbattleedoras29.jpg\",\"contentUrl\":\"https:\/\/hammertimecafe.hu\/app\/uploads\/2025\/10\/waroftherohirimbattleedoras29.jpg\",\"width\":1162,\"height\":1200},{\"@type\":\"BreadcrumbList\",\"@id\":\"https:\/\/hammertimecafe.hu\/termek\/war-of-the-rohirrim-battle-of-edoras\/#breadcrumb\",\"itemListElement\":[{\"@type\":\"ListItem\",\"position\":1,\"name\":\"Home\",\"item\":\"https:\/\/hammertimecafe.hu\/\"},{\"@type\":\"ListItem\",\"position\":2,\"name\":\"Shop\",\"item\":\"https:\/\/hammertimecafe.hu\/uzlet\/\"},{\"@type\":\"ListItem\",\"position\":3,\"name\":\"WAR OF THE ROHIRRIM: BATTLE OF EDORAS\"}]},{\"@type\":\"WebSite\",\"@id\":\"https:\/\/hammertimecafe.hu\/#website\",\"url\":\"https:\/\/hammertimecafe.hu\/\",\"name\":\"Hammertimecafe\",\"description\":\"A HammerTime Cafe Hivatalos Weboldala \u00e9s Webshopja.\",\"publisher\":{\"@id\":\"https:\/\/hammertimecafe.hu\/#organization\"},\"potentialAction\":[{\"@type\":\"SearchAction\",\"target\":{\"@type\":\"EntryPoint\",\"urlTemplate\":\"https:\/\/hammertimecafe.hu\/?s={search_term_string}\"},\"query-input\":{\"@type\":\"PropertyValueSpecification\",\"valueRequired\":true,\"valueName\":\"search_term_string\"}}],\"inLanguage\":\"en-US\"},{\"@type\":\"Organization\",\"@id\":\"https:\/\/hammertimecafe.hu\/#organization\",\"name\":\"Hammertimecafe\",\"url\":\"https:\/\/hammertimecafe.hu\/\",\"logo\":{\"@type\":\"ImageObject\",\"inLanguage\":\"en-US\",\"@id\":\"https:\/\/hammertimecafe.hu\/#\/schema\/logo\/image\/\",\"url\":\"https:\/\/htcwoo.test\/app\/uploads\/2025\/08\/logo_of_htc.png\",\"contentUrl\":\"https:\/\/htcwoo.test\/app\/uploads\/2025\/08\/logo_of_htc.png\",\"width\":166,\"height\":73,\"caption\":\"Hammertimecafe\"},\"image\":{\"@id\":\"https:\/\/hammertimecafe.hu\/#\/schema\/logo\/image\/\"}}]}<\/script>\n<!-- \/ Yoast SEO Premium plugin. -->","yoast_head_json":{"title":"WAR OF THE ROHIRRIM: BATTLE OF EDORAS","description":"Edoras csat\u00e1ja a\u00a0Hegyi T\u00f6rzsek \u00e9s a b\u00fcszke Rohan harcosok k\u00f6z\u00f6tti ny\u00edlt konfliktust mutatja be, mik\u00f6zben a sz\u00e9th\u00faz\u00f3 \u00e9s rendezetlen t\u00f6rzsek elsz\u00e1nt hadj\u00e1ratot ind\u00edtanak.","robots":{"index":"index","follow":"follow","max-snippet":"max-snippet:-1","max-image-preview":"max-image-preview:large","max-video-preview":"max-video-preview:-1"},"canonical":"https:\/\/hammertimecafe.hu\/en\/product\/war-of-the-rohirrim-battle-of-edoras\/","og_locale":"en_US","og_type":"article","og_title":"WAR OF THE ROHIRRIM: BATTLE OF EDORAS","og_description":"Edoras csat\u00e1ja a\u00a0Hegyi T\u00f6rzsek \u00e9s a b\u00fcszke Rohan harcosok k\u00f6z\u00f6tti ny\u00edlt konfliktust mutatja be, mik\u00f6zben a sz\u00e9th\u00faz\u00f3 \u00e9s rendezetlen t\u00f6rzsek elsz\u00e1nt hadj\u00e1ratot ind\u00edtanak.","og_url":"https:\/\/hammertimecafe.hu\/en\/product\/war-of-the-rohirrim-battle-of-edoras\/","og_site_name":"HammerTime Cafe Webshop","article_modified_time":"2026-04-19T18:39:00+00:00","og_image":[{"width":1162,"height":1200,"url":"https:\/\/hammertimecafe.hu\/app\/uploads\/2025\/10\/waroftherohirimbattleedoras29.jpg","type":"image\/jpeg"}],"twitter_card":"summary_large_image","twitter_misc":{"Est. reading time":"3 minutes"},"schema":{"@context":"https:\/\/schema.org","@graph":[{"@type":"WebPage","@id":"https:\/\/hammertimecafe.hu\/termek\/war-of-the-rohirrim-battle-of-edoras\/","url":"https:\/\/hammertimecafe.hu\/termek\/war-of-the-rohirrim-battle-of-edoras\/","name":"WAR OF THE ROHIRRIM: BATTLE OF EDORAS","isPartOf":{"@id":"https:\/\/hammertimecafe.hu\/#website"},"primaryImageOfPage":{"@id":"https:\/\/hammertimecafe.hu\/termek\/war-of-the-rohirrim-battle-of-edoras\/#primaryimage"},"image":{"@id":"https:\/\/hammertimecafe.hu\/termek\/war-of-the-rohirrim-battle-of-edoras\/#primaryimage"},"thumbnailUrl":"https:\/\/hammertimecafe.hu\/app\/uploads\/2025\/10\/waroftherohirimbattleedoras29.jpg","datePublished":"2025-10-29T03:34:54+00:00","dateModified":"2026-04-19T18:39:00+00:00","description":"Edoras csat\u00e1ja a\u00a0Hegyi T\u00f6rzsek \u00e9s a b\u00fcszke Rohan harcosok k\u00f6z\u00f6tti ny\u00edlt konfliktust mutatja be, mik\u00f6zben a sz\u00e9th\u00faz\u00f3 \u00e9s rendezetlen t\u00f6rzsek elsz\u00e1nt hadj\u00e1ratot ind\u00edtanak.","breadcrumb":{"@id":"https:\/\/hammertimecafe.hu\/termek\/war-of-the-rohirrim-battle-of-edoras\/#breadcrumb"},"inLanguage":"en-US","potentialAction":[{"@type":"ReadAction","target":["https:\/\/hammertimecafe.hu\/termek\/war-of-the-rohirrim-battle-of-edoras\/"]}]},{"@type":"ImageObject","inLanguage":"en-US","@id":"https:\/\/hammertimecafe.hu\/termek\/war-of-the-rohirrim-battle-of-edoras\/#primaryimage","url":"https:\/\/hammertimecafe.hu\/app\/uploads\/2025\/10\/waroftherohirimbattleedoras29.jpg","contentUrl":"https:\/\/hammertimecafe.hu\/app\/uploads\/2025\/10\/waroftherohirimbattleedoras29.jpg","width":1162,"height":1200},{"@type":"BreadcrumbList","@id":"https:\/\/hammertimecafe.hu\/termek\/war-of-the-rohirrim-battle-of-edoras\/#breadcrumb","itemListElement":[{"@type":"ListItem","position":1,"name":"Home","item":"https:\/\/hammertimecafe.hu\/"},{"@type":"ListItem","position":2,"name":"Shop","item":"https:\/\/hammertimecafe.hu\/uzlet\/"},{"@type":"ListItem","position":3,"name":"WAR OF THE ROHIRRIM: BATTLE OF EDORAS"}]},{"@type":"WebSite","@id":"https:\/\/hammertimecafe.hu\/#website","url":"https:\/\/hammertimecafe.hu\/","name":"Hammertimecafe","description":"The Official Website and Webshop of HammerTime Cafe.","publisher":{"@id":"https:\/\/hammertimecafe.hu\/#organization"},"potentialAction":[{"@type":"SearchAction","target":{"@type":"EntryPoint","urlTemplate":"https:\/\/hammertimecafe.hu\/?s={search_term_string}"},"query-input":{"@type":"PropertyValueSpecification","valueRequired":true,"valueName":"search_term_string"}}],"inLanguage":"en-US"},{"@type":"Organization","@id":"https:\/\/hammertimecafe.hu\/#organization","name":"Hammertimecafe","url":"https:\/\/hammertimecafe.hu\/","logo":{"@type":"ImageObject","inLanguage":"en-US","@id":"https:\/\/hammertimecafe.hu\/#\/schema\/logo\/image\/","url":"https:\/\/htcwoo.test\/app\/uploads\/2025\/08\/logo_of_htc.png","contentUrl":"https:\/\/htcwoo.test\/app\/uploads\/2025\/08\/logo_of_htc.png","width":166,"height":73,"caption":"Hammertimecafe"},"image":{"@id":"https:\/\/hammertimecafe.hu\/#\/schema\/logo\/image\/"}}]}},"_links":{"self":[{"href":"https:\/\/hammertimecafe.hu\/en\/wp-json\/wp\/v2\/product\/18782","targetHints":{"allow":["GET"]}}],"collection":[{"href":"https:\/\/hammertimecafe.hu\/en\/wp-json\/wp\/v2\/product"}],"about":[{"href":"https:\/\/hammertimecafe.hu\/en\/wp-json\/wp\/v2\/types\/product"}],"replies":[{"embeddable":true,"href":"https:\/\/hammertimecafe.hu\/en\/wp-json\/wp\/v2\/comments?post=18782"}],"wp:featuredmedia":[{"embeddable":true,"href":"https:\/\/hammertimecafe.hu\/en\/wp-json\/wp\/v2\/media\/23381"}],"wp:attachment":[{"href":"https:\/\/hammertimecafe.hu\/en\/wp-json\/wp\/v2\/media?parent=18782"}],"wp:term":[{"taxonomy":"product_brand","embeddable":true,"href":"https:\/\/hammertimecafe.hu\/en\/wp-json\/wp\/v2\/product_brand?post=18782"},{"taxonomy":"product_cat","embeddable":true,"href":"https:\/\/hammertimecafe.hu\/en\/wp-json\/wp\/v2\/product_cat?post=18782"},{"taxonomy":"product_tag","embeddable":true,"href":"https:\/\/hammertimecafe.hu\/en\/wp-json\/wp\/v2\/product_tag?post=18782"}],"curies":[{"name":"wp","href":"https:\/\/api.w.org\/{rel}","templated":true}]}}