{"id":18786,"date":"2025-10-29T04:34:55","date_gmt":"2025-10-29T03:34:55","guid":{"rendered":"https:\/\/htcwoo.test\/termek\/middle-earth-strategy-battle-game-hill-tribesmen\/"},"modified":"2026-04-19T20:39:00","modified_gmt":"2026-04-19T18:39:00","slug":"middle-earth-strategy-battle-game-hill-tribesmen","status":"publish","type":"product","link":"https:\/\/hammertimecafe.hu\/en\/product\/middle-earth-strategy-battle-game-hill-tribesmen\/","title":{"rendered":"MIDDLE-EARTH STRATEGY BATTLE GAME: HILL TRIBESMEN"},"content":{"rendered":"<p>Thanks to the combined operation of the <strong>Hegyi T\u00f6rzsek barb\u00e1r harcosai<\/strong> Rohan nyugati hat\u00e1rain t\u00fal \u00e9lnek. Sz\u00e9th\u00faz\u00f3 k\u00f6z\u00f6ss\u00e9gekben \u00e9lve, a t\u00f6rzsek r\u00e9g\u00f3ta t\u00e1pl\u00e1lnak gy\u0171l\u00f6letet a rohaniak ir\u00e1nt. Ha egyes\u00edtett c\u00e9l\u00e9rt sz\u00e1llnak harcba, ez a rendezetlen barb\u00e1r gy\u00fclekezet k\u00f6nnyen olyan seregg\u00e9 alakulhat, amely m\u00e9g Edoras sz\u00e1m\u00e1ra is komoly fenyeget\u00e9st jelenthet.<\/p>\n<p>Ez a <strong>t\u00f6bbkomponens\u0171 m\u0171anyag k\u00e9szlet<\/strong> 24 Hegyi T\u00f6rzsharcos gyalogost \u00e9p\u00edt, amelyek ide\u00e1lisak arra, hogy els\u00f6pr\u0151 sz\u00e1mbeli f\u00f6l\u00e9nnyel \u00e1rassz\u00e1k el a csatamez\u0151t. A modellek sz\u00e1mos gonosz sereg r\u00e9szek\u00e9nt is bevethet\u0151k, bele\u00e9rtve a <strong>Feh\u00e9r K\u00e9z Sereg\u00e9t<\/strong>, <strong>Edoras Bitorl\u00f3it<\/strong>, \u00e9s a <strong>Szarvhegyn\u00e9l Ostroml\u00f3kat<\/strong>, valamint haszn\u00e1lhat\u00f3k a dunlandi vademberek megjelen\u00edt\u00e9s\u00e9re is. Mivel nem szervezett hadsereg tagjai, a harcosok k\u00fcl\u00f6nb\u00f6z\u0151 t\u00edpus\u00fa \u2013 gyakran r\u00f6gt\u00f6nz\u00f6tt \u2013 fegyverekkel vannak felszerelve. Nyolc modell l\u00e1ndzs\u00e1kkal vagy k\u00e9tkezes fegyverekkel lehet felfegyverezve, tov\u00e1bbi nyolc l\u00e1ngol\u00f3 f\u00e1kly\u00e1kat vagy k\u00e9zifegyvereket vihet, opcion\u00e1lis pajzsokkal. Az utols\u00f3 nyolc \u00edjjal lehet ell\u00e1tva.<\/p>\n<p>A k\u00e9szlet tartalma:<\/p>\n<ul>\n<li>226 m\u0171anyag alkatr\u00e9sz<\/li>\n<li>24 darab Citadel 25 mm-es kerek talp<\/li>\n<\/ul>\n<p>A figur\u00e1k \u00f6sszerak\u00e1st \u00e9s fest\u00e9st ig\u00e9nyelnek<\/p>","protected":false},"excerpt":{"rendered":"<p>Thanks to the combined operation of the <strong>Hegyi T\u00f6rzsek barb\u00e1r harcosai<\/strong> Rohan nyugati hat\u00e1rain t\u00fal \u00e9lnek. Sz\u00e9th\u00faz\u00f3 k\u00f6z\u00f6ss\u00e9gekben \u00e9lve, a t\u00f6rzsek r\u00e9g\u00f3ta t\u00e1pl\u00e1lnak gy\u0171l\u00f6letet a rohaniak ir\u00e1nt. Ha egyes\u00edtett c\u00e9l\u00e9rt sz\u00e1llnak harcba, ez a rendezetlen barb\u00e1r gy\u00fclekezet k\u00f6nnyen olyan seregg\u00e9 alakulhat, amely m\u00e9g Edoras sz\u00e1m\u00e1ra is komoly fenyeget\u00e9st jelenthet.<\/p>","protected":false},"featured_media":23382,"comment_status":"open","ping_status":"closed","template":"","meta":{"_acf_changed":false},"product_brand":[46],"product_cat":[183,19],"product_tag":[],"class_list":{"0":"post-18786","1":"product","2":"type-product","3":"status-publish","4":"has-post-thumbnail","6":"product_brand-games-workshop","7":"product_cat-the-lord-of-the-rings","8":"product_cat-wargame","10":"first","11":"onbackorder","12":"sale","13":"taxable","14":"shipping-taxable","15":"purchasable","16":"product-type-simple"},"acf":[],"yoast_head":"<!-- This site is optimized with the Yoast SEO Premium plugin v25.6 (Yoast SEO v25.6) - https:\/\/yoast.com\/wordpress\/plugins\/seo\/ -->\n<title>MIDDLE-EARTH STRATEGY BATTLE GAME: HILL TRIBESMEN<\/title>\n<meta name=\"description\" content=\"A Hegyi T\u00f6rzsek barb\u00e1r harcosai Rohan nyugati hat\u00e1rain t\u00fal \u00e9lnek. Sz\u00e9th\u00faz\u00f3 k\u00f6z\u00f6ss\u00e9gekben \u00e9lve, a t\u00f6rzsek r\u00e9g\u00f3ta t\u00e1pl\u00e1lnak gy\u0171l\u00f6letet a rohaniak ir\u00e1nt. Ha egyes\u00edtett c\u00e9l\u00e9rt sz\u00e1llnak harcba, ez a rendezetlen barb\u00e1r gy\u00fclekezet k\u00f6nnyen olyan seregg\u00e9 alakulhat\" \/>\n<meta name=\"robots\" content=\"index, follow, max-snippet:-1, max-image-preview:large, max-video-preview:-1\" \/>\n<link rel=\"canonical\" href=\"https:\/\/hammertimecafe.hu\/en\/product\/middle-earth-strategy-battle-game-hill-tribesmen\/\" \/>\n<meta property=\"og:locale\" content=\"en_US\" \/>\n<meta property=\"og:type\" content=\"article\" \/>\n<meta property=\"og:title\" content=\"MIDDLE-EARTH STRATEGY BATTLE GAME: HILL TRIBESMEN\" \/>\n<meta property=\"og:description\" content=\"A Hegyi T\u00f6rzsek barb\u00e1r harcosai Rohan nyugati hat\u00e1rain t\u00fal \u00e9lnek. Sz\u00e9th\u00faz\u00f3 k\u00f6z\u00f6ss\u00e9gekben \u00e9lve, a t\u00f6rzsek r\u00e9g\u00f3ta t\u00e1pl\u00e1lnak gy\u0171l\u00f6letet a rohaniak ir\u00e1nt. Ha egyes\u00edtett c\u00e9l\u00e9rt sz\u00e1llnak harcba, ez a rendezetlen barb\u00e1r gy\u00fclekezet k\u00f6nnyen olyan seregg\u00e9 alakulhat\" \/>\n<meta property=\"og:url\" content=\"https:\/\/hammertimecafe.hu\/en\/product\/middle-earth-strategy-battle-game-hill-tribesmen\/\" \/>\n<meta property=\"og:site_name\" content=\"HammerTime Cafe Webshop\" \/>\n<meta property=\"article:modified_time\" content=\"2026-04-19T18:39:00+00:00\" \/>\n<meta property=\"og:image\" content=\"https:\/\/hammertimecafe.hu\/app\/uploads\/2025\/10\/middle-earth_strategy_battle_game_hill_tribesmen.jpg\" \/>\n\t<meta property=\"og:image:width\" content=\"1162\" \/>\n\t<meta property=\"og:image:height\" content=\"1200\" \/>\n\t<meta property=\"og:image:type\" content=\"image\/jpeg\" \/>\n<meta name=\"twitter:card\" content=\"summary_large_image\" \/>\n<meta name=\"twitter:label1\" content=\"Est. reading time\" \/>\n\t<meta name=\"twitter:data1\" content=\"1 minute\" \/>\n<script type=\"application\/ld+json\" class=\"yoast-schema-graph\">{\"@context\":\"https:\/\/schema.org\",\"@graph\":[{\"@type\":\"WebPage\",\"@id\":\"https:\/\/hammertimecafe.hu\/termek\/middle-earth-strategy-battle-game-hill-tribesmen\/\",\"url\":\"https:\/\/hammertimecafe.hu\/termek\/middle-earth-strategy-battle-game-hill-tribesmen\/\",\"name\":\"MIDDLE-EARTH STRATEGY BATTLE GAME: HILL TRIBESMEN\",\"isPartOf\":{\"@id\":\"https:\/\/hammertimecafe.hu\/#website\"},\"primaryImageOfPage\":{\"@id\":\"https:\/\/hammertimecafe.hu\/termek\/middle-earth-strategy-battle-game-hill-tribesmen\/#primaryimage\"},\"image\":{\"@id\":\"https:\/\/hammertimecafe.hu\/termek\/middle-earth-strategy-battle-game-hill-tribesmen\/#primaryimage\"},\"thumbnailUrl\":\"https:\/\/hammertimecafe.hu\/app\/uploads\/2025\/10\/middle-earth_strategy_battle_game_hill_tribesmen.jpg\",\"datePublished\":\"2025-10-29T03:34:55+00:00\",\"dateModified\":\"2026-04-19T18:39:00+00:00\",\"description\":\"A Hegyi T\u00f6rzsek barb\u00e1r harcosai Rohan nyugati hat\u00e1rain t\u00fal \u00e9lnek. Sz\u00e9th\u00faz\u00f3 k\u00f6z\u00f6ss\u00e9gekben \u00e9lve, a t\u00f6rzsek r\u00e9g\u00f3ta t\u00e1pl\u00e1lnak gy\u0171l\u00f6letet a rohaniak ir\u00e1nt. Ha egyes\u00edtett c\u00e9l\u00e9rt sz\u00e1llnak harcba, ez a rendezetlen barb\u00e1r gy\u00fclekezet k\u00f6nnyen olyan seregg\u00e9 alakulhat\",\"breadcrumb\":{\"@id\":\"https:\/\/hammertimecafe.hu\/termek\/middle-earth-strategy-battle-game-hill-tribesmen\/#breadcrumb\"},\"inLanguage\":\"en-US\",\"potentialAction\":[{\"@type\":\"ReadAction\",\"target\":[\"https:\/\/hammertimecafe.hu\/termek\/middle-earth-strategy-battle-game-hill-tribesmen\/\"]}]},{\"@type\":\"ImageObject\",\"inLanguage\":\"en-US\",\"@id\":\"https:\/\/hammertimecafe.hu\/termek\/middle-earth-strategy-battle-game-hill-tribesmen\/#primaryimage\",\"url\":\"https:\/\/hammertimecafe.hu\/app\/uploads\/2025\/10\/middle-earth_strategy_battle_game_hill_tribesmen.jpg\",\"contentUrl\":\"https:\/\/hammertimecafe.hu\/app\/uploads\/2025\/10\/middle-earth_strategy_battle_game_hill_tribesmen.jpg\",\"width\":1162,\"height\":1200},{\"@type\":\"BreadcrumbList\",\"@id\":\"https:\/\/hammertimecafe.hu\/termek\/middle-earth-strategy-battle-game-hill-tribesmen\/#breadcrumb\",\"itemListElement\":[{\"@type\":\"ListItem\",\"position\":1,\"name\":\"Home\",\"item\":\"https:\/\/hammertimecafe.hu\/\"},{\"@type\":\"ListItem\",\"position\":2,\"name\":\"Shop\",\"item\":\"https:\/\/hammertimecafe.hu\/uzlet\/\"},{\"@type\":\"ListItem\",\"position\":3,\"name\":\"MIDDLE-EARTH STRATEGY BATTLE GAME: HILL TRIBESMEN\"}]},{\"@type\":\"WebSite\",\"@id\":\"https:\/\/hammertimecafe.hu\/#website\",\"url\":\"https:\/\/hammertimecafe.hu\/\",\"name\":\"Hammertimecafe\",\"description\":\"A HammerTime Cafe Hivatalos Weboldala \u00e9s Webshopja.\",\"publisher\":{\"@id\":\"https:\/\/hammertimecafe.hu\/#organization\"},\"potentialAction\":[{\"@type\":\"SearchAction\",\"target\":{\"@type\":\"EntryPoint\",\"urlTemplate\":\"https:\/\/hammertimecafe.hu\/?s={search_term_string}\"},\"query-input\":{\"@type\":\"PropertyValueSpecification\",\"valueRequired\":true,\"valueName\":\"search_term_string\"}}],\"inLanguage\":\"en-US\"},{\"@type\":\"Organization\",\"@id\":\"https:\/\/hammertimecafe.hu\/#organization\",\"name\":\"Hammertimecafe\",\"url\":\"https:\/\/hammertimecafe.hu\/\",\"logo\":{\"@type\":\"ImageObject\",\"inLanguage\":\"en-US\",\"@id\":\"https:\/\/hammertimecafe.hu\/#\/schema\/logo\/image\/\",\"url\":\"https:\/\/htcwoo.test\/app\/uploads\/2025\/08\/logo_of_htc.png\",\"contentUrl\":\"https:\/\/htcwoo.test\/app\/uploads\/2025\/08\/logo_of_htc.png\",\"width\":166,\"height\":73,\"caption\":\"Hammertimecafe\"},\"image\":{\"@id\":\"https:\/\/hammertimecafe.hu\/#\/schema\/logo\/image\/\"}}]}<\/script>\n<!-- \/ Yoast SEO Premium plugin. -->","yoast_head_json":{"title":"MIDDLE-EARTH STRATEGY BATTLE GAME: HILL TRIBESMEN","description":"A Hegyi T\u00f6rzsek barb\u00e1r harcosai Rohan nyugati hat\u00e1rain t\u00fal \u00e9lnek. Sz\u00e9th\u00faz\u00f3 k\u00f6z\u00f6ss\u00e9gekben \u00e9lve, a t\u00f6rzsek r\u00e9g\u00f3ta t\u00e1pl\u00e1lnak gy\u0171l\u00f6letet a rohaniak ir\u00e1nt. Ha egyes\u00edtett c\u00e9l\u00e9rt sz\u00e1llnak harcba, ez a rendezetlen barb\u00e1r gy\u00fclekezet k\u00f6nnyen olyan seregg\u00e9 alakulhat","robots":{"index":"index","follow":"follow","max-snippet":"max-snippet:-1","max-image-preview":"max-image-preview:large","max-video-preview":"max-video-preview:-1"},"canonical":"https:\/\/hammertimecafe.hu\/en\/product\/middle-earth-strategy-battle-game-hill-tribesmen\/","og_locale":"en_US","og_type":"article","og_title":"MIDDLE-EARTH STRATEGY BATTLE GAME: HILL TRIBESMEN","og_description":"A Hegyi T\u00f6rzsek barb\u00e1r harcosai Rohan nyugati hat\u00e1rain t\u00fal \u00e9lnek. Sz\u00e9th\u00faz\u00f3 k\u00f6z\u00f6ss\u00e9gekben \u00e9lve, a t\u00f6rzsek r\u00e9g\u00f3ta t\u00e1pl\u00e1lnak gy\u0171l\u00f6letet a rohaniak ir\u00e1nt. Ha egyes\u00edtett c\u00e9l\u00e9rt sz\u00e1llnak harcba, ez a rendezetlen barb\u00e1r gy\u00fclekezet k\u00f6nnyen olyan seregg\u00e9 alakulhat","og_url":"https:\/\/hammertimecafe.hu\/en\/product\/middle-earth-strategy-battle-game-hill-tribesmen\/","og_site_name":"HammerTime Cafe Webshop","article_modified_time":"2026-04-19T18:39:00+00:00","og_image":[{"width":1162,"height":1200,"url":"https:\/\/hammertimecafe.hu\/app\/uploads\/2025\/10\/middle-earth_strategy_battle_game_hill_tribesmen.jpg","type":"image\/jpeg"}],"twitter_card":"summary_large_image","twitter_misc":{"Est. reading time":"1 minute"},"schema":{"@context":"https:\/\/schema.org","@graph":[{"@type":"WebPage","@id":"https:\/\/hammertimecafe.hu\/termek\/middle-earth-strategy-battle-game-hill-tribesmen\/","url":"https:\/\/hammertimecafe.hu\/termek\/middle-earth-strategy-battle-game-hill-tribesmen\/","name":"MIDDLE-EARTH STRATEGY BATTLE GAME: HILL TRIBESMEN","isPartOf":{"@id":"https:\/\/hammertimecafe.hu\/#website"},"primaryImageOfPage":{"@id":"https:\/\/hammertimecafe.hu\/termek\/middle-earth-strategy-battle-game-hill-tribesmen\/#primaryimage"},"image":{"@id":"https:\/\/hammertimecafe.hu\/termek\/middle-earth-strategy-battle-game-hill-tribesmen\/#primaryimage"},"thumbnailUrl":"https:\/\/hammertimecafe.hu\/app\/uploads\/2025\/10\/middle-earth_strategy_battle_game_hill_tribesmen.jpg","datePublished":"2025-10-29T03:34:55+00:00","dateModified":"2026-04-19T18:39:00+00:00","description":"A Hegyi T\u00f6rzsek barb\u00e1r harcosai Rohan nyugati hat\u00e1rain t\u00fal \u00e9lnek. Sz\u00e9th\u00faz\u00f3 k\u00f6z\u00f6ss\u00e9gekben \u00e9lve, a t\u00f6rzsek r\u00e9g\u00f3ta t\u00e1pl\u00e1lnak gy\u0171l\u00f6letet a rohaniak ir\u00e1nt. Ha egyes\u00edtett c\u00e9l\u00e9rt sz\u00e1llnak harcba, ez a rendezetlen barb\u00e1r gy\u00fclekezet k\u00f6nnyen olyan seregg\u00e9 alakulhat","breadcrumb":{"@id":"https:\/\/hammertimecafe.hu\/termek\/middle-earth-strategy-battle-game-hill-tribesmen\/#breadcrumb"},"inLanguage":"en-US","potentialAction":[{"@type":"ReadAction","target":["https:\/\/hammertimecafe.hu\/termek\/middle-earth-strategy-battle-game-hill-tribesmen\/"]}]},{"@type":"ImageObject","inLanguage":"en-US","@id":"https:\/\/hammertimecafe.hu\/termek\/middle-earth-strategy-battle-game-hill-tribesmen\/#primaryimage","url":"https:\/\/hammertimecafe.hu\/app\/uploads\/2025\/10\/middle-earth_strategy_battle_game_hill_tribesmen.jpg","contentUrl":"https:\/\/hammertimecafe.hu\/app\/uploads\/2025\/10\/middle-earth_strategy_battle_game_hill_tribesmen.jpg","width":1162,"height":1200},{"@type":"BreadcrumbList","@id":"https:\/\/hammertimecafe.hu\/termek\/middle-earth-strategy-battle-game-hill-tribesmen\/#breadcrumb","itemListElement":[{"@type":"ListItem","position":1,"name":"Home","item":"https:\/\/hammertimecafe.hu\/"},{"@type":"ListItem","position":2,"name":"Shop","item":"https:\/\/hammertimecafe.hu\/uzlet\/"},{"@type":"ListItem","position":3,"name":"MIDDLE-EARTH STRATEGY BATTLE GAME: HILL TRIBESMEN"}]},{"@type":"WebSite","@id":"https:\/\/hammertimecafe.hu\/#website","url":"https:\/\/hammertimecafe.hu\/","name":"Hammertimecafe","description":"The Official Website and Webshop of HammerTime Cafe.","publisher":{"@id":"https:\/\/hammertimecafe.hu\/#organization"},"potentialAction":[{"@type":"SearchAction","target":{"@type":"EntryPoint","urlTemplate":"https:\/\/hammertimecafe.hu\/?s={search_term_string}"},"query-input":{"@type":"PropertyValueSpecification","valueRequired":true,"valueName":"search_term_string"}}],"inLanguage":"en-US"},{"@type":"Organization","@id":"https:\/\/hammertimecafe.hu\/#organization","name":"Hammertimecafe","url":"https:\/\/hammertimecafe.hu\/","logo":{"@type":"ImageObject","inLanguage":"en-US","@id":"https:\/\/hammertimecafe.hu\/#\/schema\/logo\/image\/","url":"https:\/\/htcwoo.test\/app\/uploads\/2025\/08\/logo_of_htc.png","contentUrl":"https:\/\/htcwoo.test\/app\/uploads\/2025\/08\/logo_of_htc.png","width":166,"height":73,"caption":"Hammertimecafe"},"image":{"@id":"https:\/\/hammertimecafe.hu\/#\/schema\/logo\/image\/"}}]}},"_links":{"self":[{"href":"https:\/\/hammertimecafe.hu\/en\/wp-json\/wp\/v2\/product\/18786","targetHints":{"allow":["GET"]}}],"collection":[{"href":"https:\/\/hammertimecafe.hu\/en\/wp-json\/wp\/v2\/product"}],"about":[{"href":"https:\/\/hammertimecafe.hu\/en\/wp-json\/wp\/v2\/types\/product"}],"replies":[{"embeddable":true,"href":"https:\/\/hammertimecafe.hu\/en\/wp-json\/wp\/v2\/comments?post=18786"}],"wp:featuredmedia":[{"embeddable":true,"href":"https:\/\/hammertimecafe.hu\/en\/wp-json\/wp\/v2\/media\/23382"}],"wp:attachment":[{"href":"https:\/\/hammertimecafe.hu\/en\/wp-json\/wp\/v2\/media?parent=18786"}],"wp:term":[{"taxonomy":"product_brand","embeddable":true,"href":"https:\/\/hammertimecafe.hu\/en\/wp-json\/wp\/v2\/product_brand?post=18786"},{"taxonomy":"product_cat","embeddable":true,"href":"https:\/\/hammertimecafe.hu\/en\/wp-json\/wp\/v2\/product_cat?post=18786"},{"taxonomy":"product_tag","embeddable":true,"href":"https:\/\/hammertimecafe.hu\/en\/wp-json\/wp\/v2\/product_tag?post=18786"}],"curies":[{"name":"wp","href":"https:\/\/api.w.org\/{rel}","templated":true}]}}