{"id":19295,"date":"2025-10-29T04:41:01","date_gmt":"2025-10-29T03:41:01","guid":{"rendered":"https:\/\/htcwoo.test\/termek\/aeldari-fire-dragons\/"},"modified":"2026-04-30T22:52:34","modified_gmt":"2026-04-30T20:52:34","slug":"aeldari-fire-dragons","status":"publish","type":"product","link":"https:\/\/hammertimecafe.hu\/en\/product\/aeldari-fire-dragons\/","title":{"rendered":"AELDARI: FIRE DRAGONS"},"content":{"rendered":"<p>A fegyvereik tombol\u00f3 haragj\u00e1val ellent\u00e9tben a Fire Dragonok idej\u00fck nagy r\u00e9sz\u00e9t edz\u00e9ssel t\u00f6ltik,\u00a0test\u00fcket, elm\u00e9j\u00fcket \u00e9s lelk\u00fcket kem\u00e9ny\u00edtve \u00f6sszetett medit\u00e1ci\u00f3s ritu\u00e1l\u00e9k \u00e9s szigor\u00fa harci gyakorlatok r\u00e9v\u00e9n. A csat\u00e1ban rend\u00edthetetlenek, mik\u00f6zben szemben\u00e9znek a t\u00f6bbsz\u00f6r\u00f6s m\u00e9ret\u0171 p\u00e1nc\u00e9lozott tit\u00e1nokkal, pontos l\u00f6v\u00e9sekkel d\u00f6ntik le \u0151ket Dragon f\u00fazi\u00f3s fegyvereikb\u0151l, majd neh\u00e9zp\u00e1nc\u00e9ljukban meg\u00e1ll\u00e1s n\u00e9lk\u00fcl l\u00e9pnek tov\u00e1bb a k\u00f6vetkez\u0151 c\u00e9lpont fel\u00e9.<\/p>\n<p>Ez az \u00faj m\u0171anyag k\u00e9szlet opcion\u00e1lis sisak n\u00e9lk\u00fcli fejeket tartalmaz, valamint egy teljes Exarch-felszerel\u00e9st, bele\u00e9rtve egy Dragon fusion gunt, egy Dragon axe-t \u00e9s Dragon fusion pistol comb\u00f3t, egy Dragon\u2019s breath flamert \u00e9s egy firepike-ot. A k\u00e9szlet tartalmaz egy Aspect Warrior szent\u00e9lyszobrot \u00e9s egy Aeldari transzfer\u00edvet is, amely 378 transzfert tartalmaz.<\/p>","protected":false},"excerpt":{"rendered":"<p>Ez az \u00faj m\u0171anyag k\u00e9szlet opcion\u00e1lis sisak n\u00e9lk\u00fcli fejeket tartalmaz, valamint egy teljes Exarch-felszerel\u00e9st. A k\u00e9szlet tartalmaz egy Aspect Warrior szent\u00e9lyszobrot \u00e9s egy Aeldari transzfer\u00edvet is, amely 378 transzfert tartalmaz.<\/p>","protected":false},"featured_media":23420,"comment_status":"open","ping_status":"closed","template":"","meta":{"_acf_changed":false},"product_brand":[46],"product_cat":[81,19],"product_tag":[],"class_list":{"0":"post-19295","1":"product","2":"type-product","3":"status-publish","4":"has-post-thumbnail","6":"product_brand-games-workshop","7":"product_cat-aeldari","8":"product_cat-wargame","10":"first","11":"instock","12":"sale","13":"taxable","14":"shipping-taxable","15":"purchasable","16":"product-type-simple"},"acf":[],"yoast_head":"<!-- This site is optimized with the Yoast SEO Premium plugin v25.6 (Yoast SEO v25.6) - https:\/\/yoast.com\/wordpress\/plugins\/seo\/ -->\n<title>AELDARI: FIRE DRAGONS<\/title>\n<meta name=\"description\" content=\"Ez az \u00faj m\u0171anyag k\u00e9szlet opcion\u00e1lis sisak n\u00e9lk\u00fcli fejeket tartalmaz, valamint egy teljes Exarch-felszerel\u00e9st. A k\u00e9szlet tartalmaz egy Aspect Warrior szent\u00e9lyszobrot \u00e9s egy Aeldari transzfer\u00edvet is, amely 378 transzfert tartalmaz.\" \/>\n<meta name=\"robots\" content=\"index, follow, max-snippet:-1, max-image-preview:large, max-video-preview:-1\" \/>\n<link rel=\"canonical\" href=\"https:\/\/hammertimecafe.hu\/en\/product\/aeldari-fire-dragons\/\" \/>\n<meta property=\"og:locale\" content=\"en_US\" \/>\n<meta property=\"og:type\" content=\"article\" \/>\n<meta property=\"og:title\" content=\"AELDARI: FIRE DRAGONS\" \/>\n<meta property=\"og:description\" content=\"Ez az \u00faj m\u0171anyag k\u00e9szlet opcion\u00e1lis sisak n\u00e9lk\u00fcli fejeket tartalmaz, valamint egy teljes Exarch-felszerel\u00e9st. A k\u00e9szlet tartalmaz egy Aspect Warrior szent\u00e9lyszobrot \u00e9s egy Aeldari transzfer\u00edvet is, amely 378 transzfert tartalmaz.\" \/>\n<meta property=\"og:url\" content=\"https:\/\/hammertimecafe.hu\/en\/product\/aeldari-fire-dragons\/\" \/>\n<meta property=\"og:site_name\" content=\"HammerTime Cafe Webshop\" \/>\n<meta property=\"article:modified_time\" content=\"2026-04-30T20:52:34+00:00\" \/>\n<meta property=\"og:image\" content=\"https:\/\/hammertimecafe.hu\/app\/uploads\/2025\/10\/aeldari_fire_dragons.jpg\" \/>\n\t<meta property=\"og:image:width\" content=\"1162\" \/>\n\t<meta property=\"og:image:height\" content=\"1200\" \/>\n\t<meta property=\"og:image:type\" content=\"image\/jpeg\" \/>\n<meta name=\"twitter:card\" content=\"summary_large_image\" \/>\n<meta name=\"twitter:label1\" content=\"Est. reading time\" \/>\n\t<meta name=\"twitter:data1\" content=\"1 minute\" \/>\n<script type=\"application\/ld+json\" class=\"yoast-schema-graph\">{\"@context\":\"https:\/\/schema.org\",\"@graph\":[{\"@type\":\"WebPage\",\"@id\":\"https:\/\/hammertimecafe.hu\/termek\/aeldari-fire-dragons\/\",\"url\":\"https:\/\/hammertimecafe.hu\/termek\/aeldari-fire-dragons\/\",\"name\":\"AELDARI: FIRE DRAGONS\",\"isPartOf\":{\"@id\":\"https:\/\/hammertimecafe.hu\/#website\"},\"primaryImageOfPage\":{\"@id\":\"https:\/\/hammertimecafe.hu\/termek\/aeldari-fire-dragons\/#primaryimage\"},\"image\":{\"@id\":\"https:\/\/hammertimecafe.hu\/termek\/aeldari-fire-dragons\/#primaryimage\"},\"thumbnailUrl\":\"https:\/\/hammertimecafe.hu\/app\/uploads\/2025\/10\/aeldari_fire_dragons.jpg\",\"datePublished\":\"2025-10-29T03:41:01+00:00\",\"dateModified\":\"2026-04-30T20:52:34+00:00\",\"description\":\"Ez az \u00faj m\u0171anyag k\u00e9szlet opcion\u00e1lis sisak n\u00e9lk\u00fcli fejeket tartalmaz, valamint egy teljes Exarch-felszerel\u00e9st. A k\u00e9szlet tartalmaz egy Aspect Warrior szent\u00e9lyszobrot \u00e9s egy Aeldari transzfer\u00edvet is, amely 378 transzfert tartalmaz.\",\"breadcrumb\":{\"@id\":\"https:\/\/hammertimecafe.hu\/termek\/aeldari-fire-dragons\/#breadcrumb\"},\"inLanguage\":\"en-US\",\"potentialAction\":[{\"@type\":\"ReadAction\",\"target\":[\"https:\/\/hammertimecafe.hu\/termek\/aeldari-fire-dragons\/\"]}]},{\"@type\":\"ImageObject\",\"inLanguage\":\"en-US\",\"@id\":\"https:\/\/hammertimecafe.hu\/termek\/aeldari-fire-dragons\/#primaryimage\",\"url\":\"https:\/\/hammertimecafe.hu\/app\/uploads\/2025\/10\/aeldari_fire_dragons.jpg\",\"contentUrl\":\"https:\/\/hammertimecafe.hu\/app\/uploads\/2025\/10\/aeldari_fire_dragons.jpg\",\"width\":1162,\"height\":1200},{\"@type\":\"BreadcrumbList\",\"@id\":\"https:\/\/hammertimecafe.hu\/termek\/aeldari-fire-dragons\/#breadcrumb\",\"itemListElement\":[{\"@type\":\"ListItem\",\"position\":1,\"name\":\"Home\",\"item\":\"https:\/\/hammertimecafe.hu\/\"},{\"@type\":\"ListItem\",\"position\":2,\"name\":\"Shop\",\"item\":\"https:\/\/hammertimecafe.hu\/uzlet\/\"},{\"@type\":\"ListItem\",\"position\":3,\"name\":\"AELDARI: FIRE DRAGONS\"}]},{\"@type\":\"WebSite\",\"@id\":\"https:\/\/hammertimecafe.hu\/#website\",\"url\":\"https:\/\/hammertimecafe.hu\/\",\"name\":\"Hammertimecafe\",\"description\":\"A HammerTime Cafe Hivatalos Weboldala \u00e9s Webshopja.\",\"publisher\":{\"@id\":\"https:\/\/hammertimecafe.hu\/#organization\"},\"potentialAction\":[{\"@type\":\"SearchAction\",\"target\":{\"@type\":\"EntryPoint\",\"urlTemplate\":\"https:\/\/hammertimecafe.hu\/?s={search_term_string}\"},\"query-input\":{\"@type\":\"PropertyValueSpecification\",\"valueRequired\":true,\"valueName\":\"search_term_string\"}}],\"inLanguage\":\"en-US\"},{\"@type\":\"Organization\",\"@id\":\"https:\/\/hammertimecafe.hu\/#organization\",\"name\":\"Hammertimecafe\",\"url\":\"https:\/\/hammertimecafe.hu\/\",\"logo\":{\"@type\":\"ImageObject\",\"inLanguage\":\"en-US\",\"@id\":\"https:\/\/hammertimecafe.hu\/#\/schema\/logo\/image\/\",\"url\":\"https:\/\/htcwoo.test\/app\/uploads\/2025\/08\/logo_of_htc.png\",\"contentUrl\":\"https:\/\/htcwoo.test\/app\/uploads\/2025\/08\/logo_of_htc.png\",\"width\":166,\"height\":73,\"caption\":\"Hammertimecafe\"},\"image\":{\"@id\":\"https:\/\/hammertimecafe.hu\/#\/schema\/logo\/image\/\"}}]}<\/script>\n<!-- \/ Yoast SEO Premium plugin. -->","yoast_head_json":{"title":"AELDARI: FIRE DRAGONS","description":"Ez az \u00faj m\u0171anyag k\u00e9szlet opcion\u00e1lis sisak n\u00e9lk\u00fcli fejeket tartalmaz, valamint egy teljes Exarch-felszerel\u00e9st. A k\u00e9szlet tartalmaz egy Aspect Warrior szent\u00e9lyszobrot \u00e9s egy Aeldari transzfer\u00edvet is, amely 378 transzfert tartalmaz.","robots":{"index":"index","follow":"follow","max-snippet":"max-snippet:-1","max-image-preview":"max-image-preview:large","max-video-preview":"max-video-preview:-1"},"canonical":"https:\/\/hammertimecafe.hu\/en\/product\/aeldari-fire-dragons\/","og_locale":"en_US","og_type":"article","og_title":"AELDARI: FIRE DRAGONS","og_description":"Ez az \u00faj m\u0171anyag k\u00e9szlet opcion\u00e1lis sisak n\u00e9lk\u00fcli fejeket tartalmaz, valamint egy teljes Exarch-felszerel\u00e9st. A k\u00e9szlet tartalmaz egy Aspect Warrior szent\u00e9lyszobrot \u00e9s egy Aeldari transzfer\u00edvet is, amely 378 transzfert tartalmaz.","og_url":"https:\/\/hammertimecafe.hu\/en\/product\/aeldari-fire-dragons\/","og_site_name":"HammerTime Cafe Webshop","article_modified_time":"2026-04-30T20:52:34+00:00","og_image":[{"width":1162,"height":1200,"url":"https:\/\/hammertimecafe.hu\/app\/uploads\/2025\/10\/aeldari_fire_dragons.jpg","type":"image\/jpeg"}],"twitter_card":"summary_large_image","twitter_misc":{"Est. reading time":"1 minute"},"schema":{"@context":"https:\/\/schema.org","@graph":[{"@type":"WebPage","@id":"https:\/\/hammertimecafe.hu\/termek\/aeldari-fire-dragons\/","url":"https:\/\/hammertimecafe.hu\/termek\/aeldari-fire-dragons\/","name":"AELDARI: FIRE DRAGONS","isPartOf":{"@id":"https:\/\/hammertimecafe.hu\/#website"},"primaryImageOfPage":{"@id":"https:\/\/hammertimecafe.hu\/termek\/aeldari-fire-dragons\/#primaryimage"},"image":{"@id":"https:\/\/hammertimecafe.hu\/termek\/aeldari-fire-dragons\/#primaryimage"},"thumbnailUrl":"https:\/\/hammertimecafe.hu\/app\/uploads\/2025\/10\/aeldari_fire_dragons.jpg","datePublished":"2025-10-29T03:41:01+00:00","dateModified":"2026-04-30T20:52:34+00:00","description":"Ez az \u00faj m\u0171anyag k\u00e9szlet opcion\u00e1lis sisak n\u00e9lk\u00fcli fejeket tartalmaz, valamint egy teljes Exarch-felszerel\u00e9st. A k\u00e9szlet tartalmaz egy Aspect Warrior szent\u00e9lyszobrot \u00e9s egy Aeldari transzfer\u00edvet is, amely 378 transzfert tartalmaz.","breadcrumb":{"@id":"https:\/\/hammertimecafe.hu\/termek\/aeldari-fire-dragons\/#breadcrumb"},"inLanguage":"en-US","potentialAction":[{"@type":"ReadAction","target":["https:\/\/hammertimecafe.hu\/termek\/aeldari-fire-dragons\/"]}]},{"@type":"ImageObject","inLanguage":"en-US","@id":"https:\/\/hammertimecafe.hu\/termek\/aeldari-fire-dragons\/#primaryimage","url":"https:\/\/hammertimecafe.hu\/app\/uploads\/2025\/10\/aeldari_fire_dragons.jpg","contentUrl":"https:\/\/hammertimecafe.hu\/app\/uploads\/2025\/10\/aeldari_fire_dragons.jpg","width":1162,"height":1200},{"@type":"BreadcrumbList","@id":"https:\/\/hammertimecafe.hu\/termek\/aeldari-fire-dragons\/#breadcrumb","itemListElement":[{"@type":"ListItem","position":1,"name":"Home","item":"https:\/\/hammertimecafe.hu\/"},{"@type":"ListItem","position":2,"name":"Shop","item":"https:\/\/hammertimecafe.hu\/uzlet\/"},{"@type":"ListItem","position":3,"name":"AELDARI: FIRE DRAGONS"}]},{"@type":"WebSite","@id":"https:\/\/hammertimecafe.hu\/#website","url":"https:\/\/hammertimecafe.hu\/","name":"Hammertimecafe","description":"The Official Website and Webshop of HammerTime Cafe.","publisher":{"@id":"https:\/\/hammertimecafe.hu\/#organization"},"potentialAction":[{"@type":"SearchAction","target":{"@type":"EntryPoint","urlTemplate":"https:\/\/hammertimecafe.hu\/?s={search_term_string}"},"query-input":{"@type":"PropertyValueSpecification","valueRequired":true,"valueName":"search_term_string"}}],"inLanguage":"en-US"},{"@type":"Organization","@id":"https:\/\/hammertimecafe.hu\/#organization","name":"Hammertimecafe","url":"https:\/\/hammertimecafe.hu\/","logo":{"@type":"ImageObject","inLanguage":"en-US","@id":"https:\/\/hammertimecafe.hu\/#\/schema\/logo\/image\/","url":"https:\/\/htcwoo.test\/app\/uploads\/2025\/08\/logo_of_htc.png","contentUrl":"https:\/\/htcwoo.test\/app\/uploads\/2025\/08\/logo_of_htc.png","width":166,"height":73,"caption":"Hammertimecafe"},"image":{"@id":"https:\/\/hammertimecafe.hu\/#\/schema\/logo\/image\/"}}]}},"_links":{"self":[{"href":"https:\/\/hammertimecafe.hu\/en\/wp-json\/wp\/v2\/product\/19295","targetHints":{"allow":["GET"]}}],"collection":[{"href":"https:\/\/hammertimecafe.hu\/en\/wp-json\/wp\/v2\/product"}],"about":[{"href":"https:\/\/hammertimecafe.hu\/en\/wp-json\/wp\/v2\/types\/product"}],"replies":[{"embeddable":true,"href":"https:\/\/hammertimecafe.hu\/en\/wp-json\/wp\/v2\/comments?post=19295"}],"wp:featuredmedia":[{"embeddable":true,"href":"https:\/\/hammertimecafe.hu\/en\/wp-json\/wp\/v2\/media\/23420"}],"wp:attachment":[{"href":"https:\/\/hammertimecafe.hu\/en\/wp-json\/wp\/v2\/media?parent=19295"}],"wp:term":[{"taxonomy":"product_brand","embeddable":true,"href":"https:\/\/hammertimecafe.hu\/en\/wp-json\/wp\/v2\/product_brand?post=19295"},{"taxonomy":"product_cat","embeddable":true,"href":"https:\/\/hammertimecafe.hu\/en\/wp-json\/wp\/v2\/product_cat?post=19295"},{"taxonomy":"product_tag","embeddable":true,"href":"https:\/\/hammertimecafe.hu\/en\/wp-json\/wp\/v2\/product_tag?post=19295"}],"curies":[{"name":"wp","href":"https:\/\/api.w.org\/{rel}","templated":true}]}}