{"id":19521,"date":"2025-10-29T04:42:40","date_gmt":"2025-10-29T03:42:40","guid":{"rendered":"https:\/\/htcwoo.test\/termek\/combat-patrol-emperor-s-children\/"},"modified":"2026-01-09T18:14:42","modified_gmt":"2026-01-09T17:14:42","slug":"combat-patrol-emperor-s-children","status":"publish","type":"product","link":"https:\/\/hammertimecafe.hu\/en\/product\/combat-patrol-emperor-s-children\/","title":{"rendered":"COMBAT PATROL: EMPEROR&#8217;S CHILDREN"},"content":{"rendered":"<p>Meg\u00e9rkezett az \u00faj <strong>Combat Patrol: Emperor&#8217;s Children<\/strong> doboz, mely kezd\u0151 j\u00e1t\u00e9kosok sz\u00e1m\u00e1ra az egyik legide\u00e1lisabb v\u00e1laszt\u00e1s, ha Slaanesh\u00a0szolg\u00e1lat\u00e1ba k\u00edv\u00e1nnak l\u00e9pni! \ud83d\ude42<\/p>\n<p>A szett tartalma:<\/p>\n<ul>\n<li>1 x Lord Exultant<\/li>\n<li>6 x\u00a0Flawless Blades<\/li>\n<li>10 x\u00a0Infractors \/ Tormentors<\/li>\n<\/ul>\n<p>\u00a0<\/p>\n<p><strong>The miniatures require assembly and painting.<\/strong><\/p>","protected":false},"excerpt":{"rendered":"<p>Meg\u00e9rkezett az \u00faj <strong>Combat Patrol: Emperor&#8217;s Children<\/strong> doboz, mely kezd\u0151 j\u00e1t\u00e9kosok sz\u00e1m\u00e1ra az egyik legide\u00e1lisabb v\u00e1laszt\u00e1s, ha Slaanesh\u00a0szolg\u00e1lat\u00e1ba k\u00edv\u00e1nnak l\u00e9pni! \ud83d\ude42<\/p>","protected":false},"featured_media":23471,"comment_status":"open","ping_status":"closed","template":"","meta":{"_acf_changed":false},"product_brand":[46],"product_cat":[292,340,19,249],"product_tag":[],"class_list":{"0":"post-19521","1":"product","2":"type-product","3":"status-publish","4":"has-post-thumbnail","6":"product_brand-games-workshop","7":"product_cat-armies-of-chaos","8":"product_cat-emperors-children","9":"product_cat-wargame","10":"product_cat-warhammer-40-000-wargame","12":"first","13":"instock","14":"sale","15":"taxable","16":"shipping-taxable","17":"purchasable","18":"product-type-simple"},"acf":[],"yoast_head":"<!-- This site is optimized with the Yoast SEO Premium plugin v25.6 (Yoast SEO v25.6) - https:\/\/yoast.com\/wordpress\/plugins\/seo\/ -->\n<title>COMBAT PATROL: EMPEROR&#039;S CHILDREN<\/title>\n<meta name=\"description\" content=\"Meg\u00e9rkezett az \u00faj Combat Patrol: Emperor&#039;s Children doboz, mely kezd\u0151 j\u00e1t\u00e9kosok sz\u00e1m\u00e1ra az egyik legide\u00e1lisabb v\u00e1laszt\u00e1s, ha Slaanesh\u00a0szolg\u00e1lat\u00e1ba k\u00edv\u00e1nnak l\u00e9pni! :)\" \/>\n<meta name=\"robots\" content=\"index, follow, max-snippet:-1, max-image-preview:large, max-video-preview:-1\" \/>\n<link rel=\"canonical\" href=\"https:\/\/hammertimecafe.hu\/en\/product\/combat-patrol-emperor-s-children\/\" \/>\n<meta property=\"og:locale\" content=\"en_US\" \/>\n<meta property=\"og:type\" content=\"article\" \/>\n<meta property=\"og:title\" content=\"COMBAT PATROL: EMPEROR&#039;S CHILDREN\" \/>\n<meta property=\"og:description\" content=\"Meg\u00e9rkezett az \u00faj Combat Patrol: Emperor&#039;s Children doboz, mely kezd\u0151 j\u00e1t\u00e9kosok sz\u00e1m\u00e1ra az egyik legide\u00e1lisabb v\u00e1laszt\u00e1s, ha Slaanesh\u00a0szolg\u00e1lat\u00e1ba k\u00edv\u00e1nnak l\u00e9pni! :)\" \/>\n<meta property=\"og:url\" content=\"https:\/\/hammertimecafe.hu\/en\/product\/combat-patrol-emperor-s-children\/\" \/>\n<meta property=\"og:site_name\" content=\"HammerTime Cafe Webshop\" \/>\n<meta property=\"article:modified_time\" content=\"2026-01-09T17:14:42+00:00\" \/>\n<meta property=\"og:image\" content=\"https:\/\/hammertimecafe.hu\/app\/uploads\/2025\/10\/combat_patrol_emperor_s_children.jpg\" \/>\n\t<meta property=\"og:image:width\" content=\"1162\" \/>\n\t<meta property=\"og:image:height\" content=\"1200\" \/>\n\t<meta property=\"og:image:type\" content=\"image\/jpeg\" \/>\n<meta name=\"twitter:card\" content=\"summary_large_image\" \/>\n<script type=\"application\/ld+json\" class=\"yoast-schema-graph\">{\"@context\":\"https:\/\/schema.org\",\"@graph\":[{\"@type\":\"WebPage\",\"@id\":\"https:\/\/hammertimecafe.hu\/termek\/combat-patrol-emperor-s-children\/\",\"url\":\"https:\/\/hammertimecafe.hu\/termek\/combat-patrol-emperor-s-children\/\",\"name\":\"COMBAT PATROL: EMPEROR'S CHILDREN\",\"isPartOf\":{\"@id\":\"https:\/\/hammertimecafe.hu\/#website\"},\"primaryImageOfPage\":{\"@id\":\"https:\/\/hammertimecafe.hu\/termek\/combat-patrol-emperor-s-children\/#primaryimage\"},\"image\":{\"@id\":\"https:\/\/hammertimecafe.hu\/termek\/combat-patrol-emperor-s-children\/#primaryimage\"},\"thumbnailUrl\":\"https:\/\/hammertimecafe.hu\/app\/uploads\/2025\/10\/combat_patrol_emperor_s_children.jpg\",\"datePublished\":\"2025-10-29T03:42:40+00:00\",\"dateModified\":\"2026-01-09T17:14:42+00:00\",\"description\":\"Meg\u00e9rkezett az \u00faj Combat Patrol: Emperor's Children doboz, mely kezd\u0151 j\u00e1t\u00e9kosok sz\u00e1m\u00e1ra az egyik legide\u00e1lisabb v\u00e1laszt\u00e1s, ha Slaanesh\u00a0szolg\u00e1lat\u00e1ba k\u00edv\u00e1nnak l\u00e9pni! :)\",\"breadcrumb\":{\"@id\":\"https:\/\/hammertimecafe.hu\/termek\/combat-patrol-emperor-s-children\/#breadcrumb\"},\"inLanguage\":\"en-US\",\"potentialAction\":[{\"@type\":\"ReadAction\",\"target\":[\"https:\/\/hammertimecafe.hu\/termek\/combat-patrol-emperor-s-children\/\"]}]},{\"@type\":\"ImageObject\",\"inLanguage\":\"en-US\",\"@id\":\"https:\/\/hammertimecafe.hu\/termek\/combat-patrol-emperor-s-children\/#primaryimage\",\"url\":\"https:\/\/hammertimecafe.hu\/app\/uploads\/2025\/10\/combat_patrol_emperor_s_children.jpg\",\"contentUrl\":\"https:\/\/hammertimecafe.hu\/app\/uploads\/2025\/10\/combat_patrol_emperor_s_children.jpg\",\"width\":1162,\"height\":1200},{\"@type\":\"BreadcrumbList\",\"@id\":\"https:\/\/hammertimecafe.hu\/termek\/combat-patrol-emperor-s-children\/#breadcrumb\",\"itemListElement\":[{\"@type\":\"ListItem\",\"position\":1,\"name\":\"Home\",\"item\":\"https:\/\/hammertimecafe.hu\/\"},{\"@type\":\"ListItem\",\"position\":2,\"name\":\"Shop\",\"item\":\"https:\/\/hammertimecafe.hu\/uzlet\/\"},{\"@type\":\"ListItem\",\"position\":3,\"name\":\"COMBAT PATROL: EMPEROR&#8217;S CHILDREN\"}]},{\"@type\":\"WebSite\",\"@id\":\"https:\/\/hammertimecafe.hu\/#website\",\"url\":\"https:\/\/hammertimecafe.hu\/\",\"name\":\"Hammertimecafe\",\"description\":\"A HammerTime Cafe Hivatalos Weboldala \u00e9s Webshopja.\",\"publisher\":{\"@id\":\"https:\/\/hammertimecafe.hu\/#organization\"},\"potentialAction\":[{\"@type\":\"SearchAction\",\"target\":{\"@type\":\"EntryPoint\",\"urlTemplate\":\"https:\/\/hammertimecafe.hu\/?s={search_term_string}\"},\"query-input\":{\"@type\":\"PropertyValueSpecification\",\"valueRequired\":true,\"valueName\":\"search_term_string\"}}],\"inLanguage\":\"en-US\"},{\"@type\":\"Organization\",\"@id\":\"https:\/\/hammertimecafe.hu\/#organization\",\"name\":\"Hammertimecafe\",\"url\":\"https:\/\/hammertimecafe.hu\/\",\"logo\":{\"@type\":\"ImageObject\",\"inLanguage\":\"en-US\",\"@id\":\"https:\/\/hammertimecafe.hu\/#\/schema\/logo\/image\/\",\"url\":\"https:\/\/htcwoo.test\/app\/uploads\/2025\/08\/logo_of_htc.png\",\"contentUrl\":\"https:\/\/htcwoo.test\/app\/uploads\/2025\/08\/logo_of_htc.png\",\"width\":166,\"height\":73,\"caption\":\"Hammertimecafe\"},\"image\":{\"@id\":\"https:\/\/hammertimecafe.hu\/#\/schema\/logo\/image\/\"}}]}<\/script>\n<!-- \/ Yoast SEO Premium plugin. -->","yoast_head_json":{"title":"COMBAT PATROL: EMPEROR'S CHILDREN","description":"Meg\u00e9rkezett az \u00faj Combat Patrol: Emperor's Children doboz, mely kezd\u0151 j\u00e1t\u00e9kosok sz\u00e1m\u00e1ra az egyik legide\u00e1lisabb v\u00e1laszt\u00e1s, ha Slaanesh\u00a0szolg\u00e1lat\u00e1ba k\u00edv\u00e1nnak l\u00e9pni! :)","robots":{"index":"index","follow":"follow","max-snippet":"max-snippet:-1","max-image-preview":"max-image-preview:large","max-video-preview":"max-video-preview:-1"},"canonical":"https:\/\/hammertimecafe.hu\/en\/product\/combat-patrol-emperor-s-children\/","og_locale":"en_US","og_type":"article","og_title":"COMBAT PATROL: EMPEROR'S CHILDREN","og_description":"Meg\u00e9rkezett az \u00faj Combat Patrol: Emperor's Children doboz, mely kezd\u0151 j\u00e1t\u00e9kosok sz\u00e1m\u00e1ra az egyik legide\u00e1lisabb v\u00e1laszt\u00e1s, ha Slaanesh\u00a0szolg\u00e1lat\u00e1ba k\u00edv\u00e1nnak l\u00e9pni! :)","og_url":"https:\/\/hammertimecafe.hu\/en\/product\/combat-patrol-emperor-s-children\/","og_site_name":"HammerTime Cafe Webshop","article_modified_time":"2026-01-09T17:14:42+00:00","og_image":[{"width":1162,"height":1200,"url":"https:\/\/hammertimecafe.hu\/app\/uploads\/2025\/10\/combat_patrol_emperor_s_children.jpg","type":"image\/jpeg"}],"twitter_card":"summary_large_image","schema":{"@context":"https:\/\/schema.org","@graph":[{"@type":"WebPage","@id":"https:\/\/hammertimecafe.hu\/termek\/combat-patrol-emperor-s-children\/","url":"https:\/\/hammertimecafe.hu\/termek\/combat-patrol-emperor-s-children\/","name":"COMBAT PATROL: EMPEROR'S CHILDREN","isPartOf":{"@id":"https:\/\/hammertimecafe.hu\/#website"},"primaryImageOfPage":{"@id":"https:\/\/hammertimecafe.hu\/termek\/combat-patrol-emperor-s-children\/#primaryimage"},"image":{"@id":"https:\/\/hammertimecafe.hu\/termek\/combat-patrol-emperor-s-children\/#primaryimage"},"thumbnailUrl":"https:\/\/hammertimecafe.hu\/app\/uploads\/2025\/10\/combat_patrol_emperor_s_children.jpg","datePublished":"2025-10-29T03:42:40+00:00","dateModified":"2026-01-09T17:14:42+00:00","description":"Meg\u00e9rkezett az \u00faj Combat Patrol: Emperor's Children doboz, mely kezd\u0151 j\u00e1t\u00e9kosok sz\u00e1m\u00e1ra az egyik legide\u00e1lisabb v\u00e1laszt\u00e1s, ha Slaanesh\u00a0szolg\u00e1lat\u00e1ba k\u00edv\u00e1nnak l\u00e9pni! :)","breadcrumb":{"@id":"https:\/\/hammertimecafe.hu\/termek\/combat-patrol-emperor-s-children\/#breadcrumb"},"inLanguage":"en-US","potentialAction":[{"@type":"ReadAction","target":["https:\/\/hammertimecafe.hu\/termek\/combat-patrol-emperor-s-children\/"]}]},{"@type":"ImageObject","inLanguage":"en-US","@id":"https:\/\/hammertimecafe.hu\/termek\/combat-patrol-emperor-s-children\/#primaryimage","url":"https:\/\/hammertimecafe.hu\/app\/uploads\/2025\/10\/combat_patrol_emperor_s_children.jpg","contentUrl":"https:\/\/hammertimecafe.hu\/app\/uploads\/2025\/10\/combat_patrol_emperor_s_children.jpg","width":1162,"height":1200},{"@type":"BreadcrumbList","@id":"https:\/\/hammertimecafe.hu\/termek\/combat-patrol-emperor-s-children\/#breadcrumb","itemListElement":[{"@type":"ListItem","position":1,"name":"Home","item":"https:\/\/hammertimecafe.hu\/"},{"@type":"ListItem","position":2,"name":"Shop","item":"https:\/\/hammertimecafe.hu\/uzlet\/"},{"@type":"ListItem","position":3,"name":"COMBAT PATROL: EMPEROR&#8217;S CHILDREN"}]},{"@type":"WebSite","@id":"https:\/\/hammertimecafe.hu\/#website","url":"https:\/\/hammertimecafe.hu\/","name":"Hammertimecafe","description":"The Official Website and Webshop of HammerTime Cafe.","publisher":{"@id":"https:\/\/hammertimecafe.hu\/#organization"},"potentialAction":[{"@type":"SearchAction","target":{"@type":"EntryPoint","urlTemplate":"https:\/\/hammertimecafe.hu\/?s={search_term_string}"},"query-input":{"@type":"PropertyValueSpecification","valueRequired":true,"valueName":"search_term_string"}}],"inLanguage":"en-US"},{"@type":"Organization","@id":"https:\/\/hammertimecafe.hu\/#organization","name":"Hammertimecafe","url":"https:\/\/hammertimecafe.hu\/","logo":{"@type":"ImageObject","inLanguage":"en-US","@id":"https:\/\/hammertimecafe.hu\/#\/schema\/logo\/image\/","url":"https:\/\/htcwoo.test\/app\/uploads\/2025\/08\/logo_of_htc.png","contentUrl":"https:\/\/htcwoo.test\/app\/uploads\/2025\/08\/logo_of_htc.png","width":166,"height":73,"caption":"Hammertimecafe"},"image":{"@id":"https:\/\/hammertimecafe.hu\/#\/schema\/logo\/image\/"}}]}},"_links":{"self":[{"href":"https:\/\/hammertimecafe.hu\/en\/wp-json\/wp\/v2\/product\/19521","targetHints":{"allow":["GET"]}}],"collection":[{"href":"https:\/\/hammertimecafe.hu\/en\/wp-json\/wp\/v2\/product"}],"about":[{"href":"https:\/\/hammertimecafe.hu\/en\/wp-json\/wp\/v2\/types\/product"}],"replies":[{"embeddable":true,"href":"https:\/\/hammertimecafe.hu\/en\/wp-json\/wp\/v2\/comments?post=19521"}],"wp:featuredmedia":[{"embeddable":true,"href":"https:\/\/hammertimecafe.hu\/en\/wp-json\/wp\/v2\/media\/23471"}],"wp:attachment":[{"href":"https:\/\/hammertimecafe.hu\/en\/wp-json\/wp\/v2\/media?parent=19521"}],"wp:term":[{"taxonomy":"product_brand","embeddable":true,"href":"https:\/\/hammertimecafe.hu\/en\/wp-json\/wp\/v2\/product_brand?post=19521"},{"taxonomy":"product_cat","embeddable":true,"href":"https:\/\/hammertimecafe.hu\/en\/wp-json\/wp\/v2\/product_cat?post=19521"},{"taxonomy":"product_tag","embeddable":true,"href":"https:\/\/hammertimecafe.hu\/en\/wp-json\/wp\/v2\/product_tag?post=19521"}],"curies":[{"name":"wp","href":"https:\/\/api.w.org\/{rel}","templated":true}]}}