{"id":19982,"date":"2025-10-29T04:47:17","date_gmt":"2025-10-29T03:47:17","guid":{"rendered":"https:\/\/htcwoo.test\/termek\/combat-patrol-drukhari-10th-2025\/"},"modified":"2026-04-19T20:38:25","modified_gmt":"2026-04-19T18:38:25","slug":"combat-patrol-drukhari-10th-2025","status":"publish","type":"product","link":"https:\/\/hammertimecafe.hu\/en\/product\/combat-patrol-drukhari-10th-2025\/","title":{"rendered":"COMBAT PATROL: DRUKHARI"},"content":{"rendered":"<p>Ez a kezd\u0151doboz t\u00f6k\u00e9letes v\u00e1laszt\u00e1s azoknak, akik egyb\u0151l beleszeretn\u00e9k magukat vetni a j\u00e1t\u00e9kokba, mivel egy t\u00f6k\u00e9letes kezd\u0151sereget tartalmaz ez a doboz.<\/p>\n<p>A doboz 13 figur\u00e1t tartalmaz, amely r\u00e9szletezve a k\u00f6vetkez\u0151k:<\/p>\n<p>1x\u00a0Haemonculus Xatrophos Nuul<\/p>\n<p>1x\u00a0Cronos<\/p>\n<p>1x Talos<\/p>\n<p>10x Wracks<\/p>\n<p>The miniatures require assembly and painting.<\/p>","protected":false},"excerpt":{"rendered":"<p>Ez a kezd\u0151doboz t\u00f6k\u00e9letes v\u00e1laszt\u00e1s azoknak, akik egyb\u0151l beleszeretn\u00e9k magukat vetni a j\u00e1t\u00e9kokba, mivel egy t\u00f6k\u00e9letes kezd\u0151sereget tartalmaz ez a doboz.<\/p>","protected":false},"featured_media":20188,"comment_status":"open","ping_status":"closed","template":"","meta":{"_acf_changed":false},"product_brand":[46],"product_cat":[117,19],"product_tag":[],"class_list":{"0":"post-19982","1":"product","2":"type-product","3":"status-publish","4":"has-post-thumbnail","6":"product_brand-games-workshop","7":"product_cat-drukhari","8":"product_cat-wargame","10":"first","11":"instock","12":"sale","13":"taxable","14":"shipping-taxable","15":"purchasable","16":"product-type-simple"},"acf":[],"yoast_head":"<!-- This site is optimized with the Yoast SEO Premium plugin v25.6 (Yoast SEO v25.6) - https:\/\/yoast.com\/wordpress\/plugins\/seo\/ -->\n<title>COMBAT PATROL: DRUKHARI<\/title>\n<meta name=\"description\" content=\"Ez a kezd\u0151doboz t\u00f6k\u00e9letes v\u00e1laszt\u00e1s azoknak, akik egyb\u0151l beleszeretn\u00e9k magukat vetni a j\u00e1t\u00e9kokba, mivel egy t\u00f6k\u00e9letes kezd\u0151sereget tartalmaz ez a doboz.\" \/>\n<meta name=\"robots\" content=\"index, follow, max-snippet:-1, max-image-preview:large, max-video-preview:-1\" \/>\n<link rel=\"canonical\" href=\"https:\/\/hammertimecafe.hu\/en\/product\/combat-patrol-drukhari-10th-2025\/\" \/>\n<meta property=\"og:locale\" content=\"en_US\" \/>\n<meta property=\"og:type\" content=\"article\" \/>\n<meta property=\"og:title\" content=\"COMBAT PATROL: DRUKHARI\" \/>\n<meta property=\"og:description\" content=\"Ez a kezd\u0151doboz t\u00f6k\u00e9letes v\u00e1laszt\u00e1s azoknak, akik egyb\u0151l beleszeretn\u00e9k magukat vetni a j\u00e1t\u00e9kokba, mivel egy t\u00f6k\u00e9letes kezd\u0151sereget tartalmaz ez a doboz.\" \/>\n<meta property=\"og:url\" content=\"https:\/\/hammertimecafe.hu\/en\/product\/combat-patrol-drukhari-10th-2025\/\" \/>\n<meta property=\"og:site_name\" content=\"HammerTime Cafe Webshop\" \/>\n<meta property=\"article:modified_time\" content=\"2026-04-19T18:38:25+00:00\" \/>\n<meta property=\"og:image\" content=\"https:\/\/hammertimecafe.hu\/app\/uploads\/2025\/10\/combat_patrol_drukhari.jpg\" \/>\n\t<meta property=\"og:image:width\" content=\"1162\" \/>\n\t<meta property=\"og:image:height\" content=\"1200\" \/>\n\t<meta property=\"og:image:type\" content=\"image\/jpeg\" \/>\n<meta name=\"twitter:card\" content=\"summary_large_image\" \/>\n<script type=\"application\/ld+json\" class=\"yoast-schema-graph\">{\"@context\":\"https:\/\/schema.org\",\"@graph\":[{\"@type\":\"WebPage\",\"@id\":\"https:\/\/hammertimecafe.hu\/termek\/combat-patrol-drukhari-10th-2025\/\",\"url\":\"https:\/\/hammertimecafe.hu\/termek\/combat-patrol-drukhari-10th-2025\/\",\"name\":\"COMBAT PATROL: DRUKHARI\",\"isPartOf\":{\"@id\":\"https:\/\/hammertimecafe.hu\/#website\"},\"primaryImageOfPage\":{\"@id\":\"https:\/\/hammertimecafe.hu\/termek\/combat-patrol-drukhari-10th-2025\/#primaryimage\"},\"image\":{\"@id\":\"https:\/\/hammertimecafe.hu\/termek\/combat-patrol-drukhari-10th-2025\/#primaryimage\"},\"thumbnailUrl\":\"https:\/\/hammertimecafe.hu\/app\/uploads\/2025\/10\/combat_patrol_drukhari.jpg\",\"datePublished\":\"2025-10-29T03:47:17+00:00\",\"dateModified\":\"2026-04-19T18:38:25+00:00\",\"description\":\"Ez a kezd\u0151doboz t\u00f6k\u00e9letes v\u00e1laszt\u00e1s azoknak, akik egyb\u0151l beleszeretn\u00e9k magukat vetni a j\u00e1t\u00e9kokba, mivel egy t\u00f6k\u00e9letes kezd\u0151sereget tartalmaz ez a doboz.\",\"breadcrumb\":{\"@id\":\"https:\/\/hammertimecafe.hu\/termek\/combat-patrol-drukhari-10th-2025\/#breadcrumb\"},\"inLanguage\":\"en-US\",\"potentialAction\":[{\"@type\":\"ReadAction\",\"target\":[\"https:\/\/hammertimecafe.hu\/termek\/combat-patrol-drukhari-10th-2025\/\"]}]},{\"@type\":\"ImageObject\",\"inLanguage\":\"en-US\",\"@id\":\"https:\/\/hammertimecafe.hu\/termek\/combat-patrol-drukhari-10th-2025\/#primaryimage\",\"url\":\"https:\/\/hammertimecafe.hu\/app\/uploads\/2025\/10\/combat_patrol_drukhari.jpg\",\"contentUrl\":\"https:\/\/hammertimecafe.hu\/app\/uploads\/2025\/10\/combat_patrol_drukhari.jpg\",\"width\":1162,\"height\":1200},{\"@type\":\"BreadcrumbList\",\"@id\":\"https:\/\/hammertimecafe.hu\/termek\/combat-patrol-drukhari-10th-2025\/#breadcrumb\",\"itemListElement\":[{\"@type\":\"ListItem\",\"position\":1,\"name\":\"Home\",\"item\":\"https:\/\/hammertimecafe.hu\/\"},{\"@type\":\"ListItem\",\"position\":2,\"name\":\"Shop\",\"item\":\"https:\/\/hammertimecafe.hu\/uzlet\/\"},{\"@type\":\"ListItem\",\"position\":3,\"name\":\"COMBAT PATROL: DRUKHARI\"}]},{\"@type\":\"WebSite\",\"@id\":\"https:\/\/hammertimecafe.hu\/#website\",\"url\":\"https:\/\/hammertimecafe.hu\/\",\"name\":\"Hammertimecafe\",\"description\":\"A HammerTime Cafe Hivatalos Weboldala \u00e9s Webshopja.\",\"publisher\":{\"@id\":\"https:\/\/hammertimecafe.hu\/#organization\"},\"potentialAction\":[{\"@type\":\"SearchAction\",\"target\":{\"@type\":\"EntryPoint\",\"urlTemplate\":\"https:\/\/hammertimecafe.hu\/?s={search_term_string}\"},\"query-input\":{\"@type\":\"PropertyValueSpecification\",\"valueRequired\":true,\"valueName\":\"search_term_string\"}}],\"inLanguage\":\"en-US\"},{\"@type\":\"Organization\",\"@id\":\"https:\/\/hammertimecafe.hu\/#organization\",\"name\":\"Hammertimecafe\",\"url\":\"https:\/\/hammertimecafe.hu\/\",\"logo\":{\"@type\":\"ImageObject\",\"inLanguage\":\"en-US\",\"@id\":\"https:\/\/hammertimecafe.hu\/#\/schema\/logo\/image\/\",\"url\":\"https:\/\/htcwoo.test\/app\/uploads\/2025\/08\/logo_of_htc.png\",\"contentUrl\":\"https:\/\/htcwoo.test\/app\/uploads\/2025\/08\/logo_of_htc.png\",\"width\":166,\"height\":73,\"caption\":\"Hammertimecafe\"},\"image\":{\"@id\":\"https:\/\/hammertimecafe.hu\/#\/schema\/logo\/image\/\"}}]}<\/script>\n<!-- \/ Yoast SEO Premium plugin. -->","yoast_head_json":{"title":"COMBAT PATROL: DRUKHARI","description":"Ez a kezd\u0151doboz t\u00f6k\u00e9letes v\u00e1laszt\u00e1s azoknak, akik egyb\u0151l beleszeretn\u00e9k magukat vetni a j\u00e1t\u00e9kokba, mivel egy t\u00f6k\u00e9letes kezd\u0151sereget tartalmaz ez a doboz.","robots":{"index":"index","follow":"follow","max-snippet":"max-snippet:-1","max-image-preview":"max-image-preview:large","max-video-preview":"max-video-preview:-1"},"canonical":"https:\/\/hammertimecafe.hu\/en\/product\/combat-patrol-drukhari-10th-2025\/","og_locale":"en_US","og_type":"article","og_title":"COMBAT PATROL: DRUKHARI","og_description":"Ez a kezd\u0151doboz t\u00f6k\u00e9letes v\u00e1laszt\u00e1s azoknak, akik egyb\u0151l beleszeretn\u00e9k magukat vetni a j\u00e1t\u00e9kokba, mivel egy t\u00f6k\u00e9letes kezd\u0151sereget tartalmaz ez a doboz.","og_url":"https:\/\/hammertimecafe.hu\/en\/product\/combat-patrol-drukhari-10th-2025\/","og_site_name":"HammerTime Cafe Webshop","article_modified_time":"2026-04-19T18:38:25+00:00","og_image":[{"width":1162,"height":1200,"url":"https:\/\/hammertimecafe.hu\/app\/uploads\/2025\/10\/combat_patrol_drukhari.jpg","type":"image\/jpeg"}],"twitter_card":"summary_large_image","schema":{"@context":"https:\/\/schema.org","@graph":[{"@type":"WebPage","@id":"https:\/\/hammertimecafe.hu\/termek\/combat-patrol-drukhari-10th-2025\/","url":"https:\/\/hammertimecafe.hu\/termek\/combat-patrol-drukhari-10th-2025\/","name":"COMBAT PATROL: DRUKHARI","isPartOf":{"@id":"https:\/\/hammertimecafe.hu\/#website"},"primaryImageOfPage":{"@id":"https:\/\/hammertimecafe.hu\/termek\/combat-patrol-drukhari-10th-2025\/#primaryimage"},"image":{"@id":"https:\/\/hammertimecafe.hu\/termek\/combat-patrol-drukhari-10th-2025\/#primaryimage"},"thumbnailUrl":"https:\/\/hammertimecafe.hu\/app\/uploads\/2025\/10\/combat_patrol_drukhari.jpg","datePublished":"2025-10-29T03:47:17+00:00","dateModified":"2026-04-19T18:38:25+00:00","description":"Ez a kezd\u0151doboz t\u00f6k\u00e9letes v\u00e1laszt\u00e1s azoknak, akik egyb\u0151l beleszeretn\u00e9k magukat vetni a j\u00e1t\u00e9kokba, mivel egy t\u00f6k\u00e9letes kezd\u0151sereget tartalmaz ez a doboz.","breadcrumb":{"@id":"https:\/\/hammertimecafe.hu\/termek\/combat-patrol-drukhari-10th-2025\/#breadcrumb"},"inLanguage":"en-US","potentialAction":[{"@type":"ReadAction","target":["https:\/\/hammertimecafe.hu\/termek\/combat-patrol-drukhari-10th-2025\/"]}]},{"@type":"ImageObject","inLanguage":"en-US","@id":"https:\/\/hammertimecafe.hu\/termek\/combat-patrol-drukhari-10th-2025\/#primaryimage","url":"https:\/\/hammertimecafe.hu\/app\/uploads\/2025\/10\/combat_patrol_drukhari.jpg","contentUrl":"https:\/\/hammertimecafe.hu\/app\/uploads\/2025\/10\/combat_patrol_drukhari.jpg","width":1162,"height":1200},{"@type":"BreadcrumbList","@id":"https:\/\/hammertimecafe.hu\/termek\/combat-patrol-drukhari-10th-2025\/#breadcrumb","itemListElement":[{"@type":"ListItem","position":1,"name":"Home","item":"https:\/\/hammertimecafe.hu\/"},{"@type":"ListItem","position":2,"name":"Shop","item":"https:\/\/hammertimecafe.hu\/uzlet\/"},{"@type":"ListItem","position":3,"name":"COMBAT PATROL: DRUKHARI"}]},{"@type":"WebSite","@id":"https:\/\/hammertimecafe.hu\/#website","url":"https:\/\/hammertimecafe.hu\/","name":"Hammertimecafe","description":"The Official Website and Webshop of HammerTime Cafe.","publisher":{"@id":"https:\/\/hammertimecafe.hu\/#organization"},"potentialAction":[{"@type":"SearchAction","target":{"@type":"EntryPoint","urlTemplate":"https:\/\/hammertimecafe.hu\/?s={search_term_string}"},"query-input":{"@type":"PropertyValueSpecification","valueRequired":true,"valueName":"search_term_string"}}],"inLanguage":"en-US"},{"@type":"Organization","@id":"https:\/\/hammertimecafe.hu\/#organization","name":"Hammertimecafe","url":"https:\/\/hammertimecafe.hu\/","logo":{"@type":"ImageObject","inLanguage":"en-US","@id":"https:\/\/hammertimecafe.hu\/#\/schema\/logo\/image\/","url":"https:\/\/htcwoo.test\/app\/uploads\/2025\/08\/logo_of_htc.png","contentUrl":"https:\/\/htcwoo.test\/app\/uploads\/2025\/08\/logo_of_htc.png","width":166,"height":73,"caption":"Hammertimecafe"},"image":{"@id":"https:\/\/hammertimecafe.hu\/#\/schema\/logo\/image\/"}}]}},"_links":{"self":[{"href":"https:\/\/hammertimecafe.hu\/en\/wp-json\/wp\/v2\/product\/19982","targetHints":{"allow":["GET"]}}],"collection":[{"href":"https:\/\/hammertimecafe.hu\/en\/wp-json\/wp\/v2\/product"}],"about":[{"href":"https:\/\/hammertimecafe.hu\/en\/wp-json\/wp\/v2\/types\/product"}],"replies":[{"embeddable":true,"href":"https:\/\/hammertimecafe.hu\/en\/wp-json\/wp\/v2\/comments?post=19982"}],"wp:featuredmedia":[{"embeddable":true,"href":"https:\/\/hammertimecafe.hu\/en\/wp-json\/wp\/v2\/media\/20188"}],"wp:attachment":[{"href":"https:\/\/hammertimecafe.hu\/en\/wp-json\/wp\/v2\/media?parent=19982"}],"wp:term":[{"taxonomy":"product_brand","embeddable":true,"href":"https:\/\/hammertimecafe.hu\/en\/wp-json\/wp\/v2\/product_brand?post=19982"},{"taxonomy":"product_cat","embeddable":true,"href":"https:\/\/hammertimecafe.hu\/en\/wp-json\/wp\/v2\/product_cat?post=19982"},{"taxonomy":"product_tag","embeddable":true,"href":"https:\/\/hammertimecafe.hu\/en\/wp-json\/wp\/v2\/product_tag?post=19982"}],"curies":[{"name":"wp","href":"https:\/\/api.w.org\/{rel}","templated":true}]}}