{"id":19988,"date":"2025-10-29T04:47:26","date_gmt":"2025-10-29T03:47:26","guid":{"rendered":"https:\/\/htcwoo.test\/termek\/warhammer-underworlds-reavers-of-ruin\/"},"modified":"2026-05-04T14:14:33","modified_gmt":"2026-05-04T12:14:33","slug":"warhammer-underworlds-reavers-of-ruin","status":"publish","type":"product","link":"https:\/\/hammertimecafe.hu\/en\/product\/warhammer-underworlds-reavers-of-ruin\/","title":{"rendered":"WARHAMMER UNDERWORLDS: REAVERS OF RUIN"},"content":{"rendered":"<p>Az \u00faj kieg\u00e9sz\u00edt\u0151,\u00a0a <a href=\"https:\/\/hammertimecafe.hu\/index.php\/warhammer-underworlds-spitewood.html\"><strong>Warhammer Underworlds<\/strong>: <strong>Spitewood <\/strong><\/a>mell\u00e9 m\u00e1r l\u00e9tez\u0151 warbandek \u00fajracsomagolt szettjei is \u00e9rkeznek, melyeket a Grand Alliance-ek szerint csoportos\u00edtottak.<\/p>\n<p><strong>A WARHAMMER UNDERWORLDS: REAVERS OF RUIN doboz tartalma:<\/strong><\/p>\n<ul>\n<li>Gnarlspirit Pack warband;<\/li>\n<li>Skittershank\u2019s Clawpack warband;<\/li>\n<li>Thricefold Discord warband;<\/li>\n<li>Wurmspat warband;<\/li>\n<li>Warsrcoll \u00e9s Fighter k\u00e1rty\u00e1k.<\/li>\n<\/ul>\n<p>A term\u00e9k csup\u00e1n kieg\u00e9sz\u00edt\u0151, a j\u00e1t\u00e9khoz sz\u00fcks\u00e9g van a\u00a0<strong><a href=\"https:\/\/hammertimecafe.hu\/index.php\/warhammer-underworlds-embergard-2024.html\">Warhammer Underworlds: Embergard<\/a><\/strong> t\u00e1rsasj\u00e1t\u00e9kra.<\/p>\n<p>The miniatures require assembly and painting.<\/p>\n<p>A j\u00e1t\u00e9k angol nyelv\u0171.<\/p>","protected":false},"excerpt":{"rendered":"<p>Az \u00faj kieg\u00e9sz\u00edt\u0151,\u00a0a <a href=\"https:\/\/hammertimecafe.hu\/index.php\/warhammer-underworlds-spitewood.html\"><strong>Warhammer Underworlds<\/strong>: <strong>Spitewood <\/strong><\/a>mell\u00e9 m\u00e1r l\u00e9tez\u0151 warbandek \u00fajracsomagolt szettjei is \u00e9rkeznek, melyeket a Grand Alliance-ek szerint csoportos\u00edtottak.<\/p>","protected":false},"featured_media":20204,"comment_status":"open","ping_status":"closed","template":"","meta":{"_acf_changed":false},"product_brand":[46],"product_cat":[106,105,19,42],"product_tag":[],"class_list":{"0":"post-19988","1":"product","2":"type-product","3":"status-publish","4":"has-post-thumbnail","6":"product_brand-games-workshop","7":"product_cat-games-workshop","8":"product_cat-tarsasjatekok","9":"product_cat-wargame","10":"product_cat-warhammer-age-of-sigmar","12":"first","13":"onbackorder","14":"sale","15":"taxable","16":"shipping-taxable","17":"purchasable","18":"product-type-simple"},"acf":[],"yoast_head":"<!-- This site is optimized with the Yoast SEO Premium plugin v25.6 (Yoast SEO v25.6) - https:\/\/yoast.com\/wordpress\/plugins\/seo\/ -->\n<title>WARHAMMER UNDERWORLDS: REAVERS OF RUIN<\/title>\n<meta name=\"description\" content=\"Az \u00faj kieg\u00e9sz\u00edt\u0151,\u00a0a Warhammer Underworlds: Spitewood mell\u00e9 m\u00e1r l\u00e9tez\u0151 warbandek \u00fajracsomagolt szettjei is \u00e9rkeznek, melyeket a Grand Alliance-ek szerint csoportos\u00edtottak.\" \/>\n<meta name=\"robots\" content=\"index, follow, max-snippet:-1, max-image-preview:large, max-video-preview:-1\" \/>\n<link rel=\"canonical\" href=\"https:\/\/hammertimecafe.hu\/en\/product\/warhammer-underworlds-reavers-of-ruin\/\" \/>\n<meta property=\"og:locale\" content=\"en_US\" \/>\n<meta property=\"og:type\" content=\"article\" \/>\n<meta property=\"og:title\" content=\"WARHAMMER UNDERWORLDS: REAVERS OF RUIN\" \/>\n<meta property=\"og:description\" content=\"Az \u00faj kieg\u00e9sz\u00edt\u0151,\u00a0a Warhammer Underworlds: Spitewood mell\u00e9 m\u00e1r l\u00e9tez\u0151 warbandek \u00fajracsomagolt szettjei is \u00e9rkeznek, melyeket a Grand Alliance-ek szerint csoportos\u00edtottak.\" \/>\n<meta property=\"og:url\" content=\"https:\/\/hammertimecafe.hu\/en\/product\/warhammer-underworlds-reavers-of-ruin\/\" \/>\n<meta property=\"og:site_name\" content=\"HammerTime Cafe Webshop\" \/>\n<meta property=\"article:modified_time\" content=\"2026-05-04T12:14:33+00:00\" \/>\n<meta property=\"og:image\" content=\"https:\/\/hammertimecafe.hu\/app\/uploads\/2025\/10\/warhammer_underworlds_reavers_of_ruin.jpg\" \/>\n\t<meta property=\"og:image:width\" content=\"1162\" \/>\n\t<meta property=\"og:image:height\" content=\"1200\" \/>\n\t<meta property=\"og:image:type\" content=\"image\/jpeg\" \/>\n<meta name=\"twitter:card\" content=\"summary_large_image\" \/>\n<script type=\"application\/ld+json\" class=\"yoast-schema-graph\">{\"@context\":\"https:\/\/schema.org\",\"@graph\":[{\"@type\":\"WebPage\",\"@id\":\"https:\/\/hammertimecafe.hu\/termek\/warhammer-underworlds-reavers-of-ruin\/\",\"url\":\"https:\/\/hammertimecafe.hu\/termek\/warhammer-underworlds-reavers-of-ruin\/\",\"name\":\"WARHAMMER UNDERWORLDS: REAVERS OF RUIN\",\"isPartOf\":{\"@id\":\"https:\/\/hammertimecafe.hu\/#website\"},\"primaryImageOfPage\":{\"@id\":\"https:\/\/hammertimecafe.hu\/termek\/warhammer-underworlds-reavers-of-ruin\/#primaryimage\"},\"image\":{\"@id\":\"https:\/\/hammertimecafe.hu\/termek\/warhammer-underworlds-reavers-of-ruin\/#primaryimage\"},\"thumbnailUrl\":\"https:\/\/hammertimecafe.hu\/app\/uploads\/2025\/10\/warhammer_underworlds_reavers_of_ruin.jpg\",\"datePublished\":\"2025-10-29T03:47:26+00:00\",\"dateModified\":\"2026-05-04T12:14:33+00:00\",\"description\":\"Az \u00faj kieg\u00e9sz\u00edt\u0151,\u00a0a Warhammer Underworlds: Spitewood mell\u00e9 m\u00e1r l\u00e9tez\u0151 warbandek \u00fajracsomagolt szettjei is \u00e9rkeznek, melyeket a Grand Alliance-ek szerint csoportos\u00edtottak.\",\"breadcrumb\":{\"@id\":\"https:\/\/hammertimecafe.hu\/termek\/warhammer-underworlds-reavers-of-ruin\/#breadcrumb\"},\"inLanguage\":\"en-US\",\"potentialAction\":[{\"@type\":\"ReadAction\",\"target\":[\"https:\/\/hammertimecafe.hu\/termek\/warhammer-underworlds-reavers-of-ruin\/\"]}]},{\"@type\":\"ImageObject\",\"inLanguage\":\"en-US\",\"@id\":\"https:\/\/hammertimecafe.hu\/termek\/warhammer-underworlds-reavers-of-ruin\/#primaryimage\",\"url\":\"https:\/\/hammertimecafe.hu\/app\/uploads\/2025\/10\/warhammer_underworlds_reavers_of_ruin.jpg\",\"contentUrl\":\"https:\/\/hammertimecafe.hu\/app\/uploads\/2025\/10\/warhammer_underworlds_reavers_of_ruin.jpg\",\"width\":1162,\"height\":1200},{\"@type\":\"BreadcrumbList\",\"@id\":\"https:\/\/hammertimecafe.hu\/termek\/warhammer-underworlds-reavers-of-ruin\/#breadcrumb\",\"itemListElement\":[{\"@type\":\"ListItem\",\"position\":1,\"name\":\"Home\",\"item\":\"https:\/\/hammertimecafe.hu\/\"},{\"@type\":\"ListItem\",\"position\":2,\"name\":\"Shop\",\"item\":\"https:\/\/hammertimecafe.hu\/uzlet\/\"},{\"@type\":\"ListItem\",\"position\":3,\"name\":\"WARHAMMER UNDERWORLDS: REAVERS OF RUIN\"}]},{\"@type\":\"WebSite\",\"@id\":\"https:\/\/hammertimecafe.hu\/#website\",\"url\":\"https:\/\/hammertimecafe.hu\/\",\"name\":\"Hammertimecafe\",\"description\":\"A HammerTime Cafe Hivatalos Weboldala \u00e9s Webshopja.\",\"publisher\":{\"@id\":\"https:\/\/hammertimecafe.hu\/#organization\"},\"potentialAction\":[{\"@type\":\"SearchAction\",\"target\":{\"@type\":\"EntryPoint\",\"urlTemplate\":\"https:\/\/hammertimecafe.hu\/?s={search_term_string}\"},\"query-input\":{\"@type\":\"PropertyValueSpecification\",\"valueRequired\":true,\"valueName\":\"search_term_string\"}}],\"inLanguage\":\"en-US\"},{\"@type\":\"Organization\",\"@id\":\"https:\/\/hammertimecafe.hu\/#organization\",\"name\":\"Hammertimecafe\",\"url\":\"https:\/\/hammertimecafe.hu\/\",\"logo\":{\"@type\":\"ImageObject\",\"inLanguage\":\"en-US\",\"@id\":\"https:\/\/hammertimecafe.hu\/#\/schema\/logo\/image\/\",\"url\":\"https:\/\/htcwoo.test\/app\/uploads\/2025\/08\/logo_of_htc.png\",\"contentUrl\":\"https:\/\/htcwoo.test\/app\/uploads\/2025\/08\/logo_of_htc.png\",\"width\":166,\"height\":73,\"caption\":\"Hammertimecafe\"},\"image\":{\"@id\":\"https:\/\/hammertimecafe.hu\/#\/schema\/logo\/image\/\"}}]}<\/script>\n<!-- \/ Yoast SEO Premium plugin. -->","yoast_head_json":{"title":"WARHAMMER UNDERWORLDS: REAVERS OF RUIN","description":"Az \u00faj kieg\u00e9sz\u00edt\u0151,\u00a0a Warhammer Underworlds: Spitewood mell\u00e9 m\u00e1r l\u00e9tez\u0151 warbandek \u00fajracsomagolt szettjei is \u00e9rkeznek, melyeket a Grand Alliance-ek szerint csoportos\u00edtottak.","robots":{"index":"index","follow":"follow","max-snippet":"max-snippet:-1","max-image-preview":"max-image-preview:large","max-video-preview":"max-video-preview:-1"},"canonical":"https:\/\/hammertimecafe.hu\/en\/product\/warhammer-underworlds-reavers-of-ruin\/","og_locale":"en_US","og_type":"article","og_title":"WARHAMMER UNDERWORLDS: REAVERS OF RUIN","og_description":"Az \u00faj kieg\u00e9sz\u00edt\u0151,\u00a0a Warhammer Underworlds: Spitewood mell\u00e9 m\u00e1r l\u00e9tez\u0151 warbandek \u00fajracsomagolt szettjei is \u00e9rkeznek, melyeket a Grand Alliance-ek szerint csoportos\u00edtottak.","og_url":"https:\/\/hammertimecafe.hu\/en\/product\/warhammer-underworlds-reavers-of-ruin\/","og_site_name":"HammerTime Cafe Webshop","article_modified_time":"2026-05-04T12:14:33+00:00","og_image":[{"width":1162,"height":1200,"url":"https:\/\/hammertimecafe.hu\/app\/uploads\/2025\/10\/warhammer_underworlds_reavers_of_ruin.jpg","type":"image\/jpeg"}],"twitter_card":"summary_large_image","schema":{"@context":"https:\/\/schema.org","@graph":[{"@type":"WebPage","@id":"https:\/\/hammertimecafe.hu\/termek\/warhammer-underworlds-reavers-of-ruin\/","url":"https:\/\/hammertimecafe.hu\/termek\/warhammer-underworlds-reavers-of-ruin\/","name":"WARHAMMER UNDERWORLDS: REAVERS OF RUIN","isPartOf":{"@id":"https:\/\/hammertimecafe.hu\/#website"},"primaryImageOfPage":{"@id":"https:\/\/hammertimecafe.hu\/termek\/warhammer-underworlds-reavers-of-ruin\/#primaryimage"},"image":{"@id":"https:\/\/hammertimecafe.hu\/termek\/warhammer-underworlds-reavers-of-ruin\/#primaryimage"},"thumbnailUrl":"https:\/\/hammertimecafe.hu\/app\/uploads\/2025\/10\/warhammer_underworlds_reavers_of_ruin.jpg","datePublished":"2025-10-29T03:47:26+00:00","dateModified":"2026-05-04T12:14:33+00:00","description":"Az \u00faj kieg\u00e9sz\u00edt\u0151,\u00a0a Warhammer Underworlds: Spitewood mell\u00e9 m\u00e1r l\u00e9tez\u0151 warbandek \u00fajracsomagolt szettjei is \u00e9rkeznek, melyeket a Grand Alliance-ek szerint csoportos\u00edtottak.","breadcrumb":{"@id":"https:\/\/hammertimecafe.hu\/termek\/warhammer-underworlds-reavers-of-ruin\/#breadcrumb"},"inLanguage":"en-US","potentialAction":[{"@type":"ReadAction","target":["https:\/\/hammertimecafe.hu\/termek\/warhammer-underworlds-reavers-of-ruin\/"]}]},{"@type":"ImageObject","inLanguage":"en-US","@id":"https:\/\/hammertimecafe.hu\/termek\/warhammer-underworlds-reavers-of-ruin\/#primaryimage","url":"https:\/\/hammertimecafe.hu\/app\/uploads\/2025\/10\/warhammer_underworlds_reavers_of_ruin.jpg","contentUrl":"https:\/\/hammertimecafe.hu\/app\/uploads\/2025\/10\/warhammer_underworlds_reavers_of_ruin.jpg","width":1162,"height":1200},{"@type":"BreadcrumbList","@id":"https:\/\/hammertimecafe.hu\/termek\/warhammer-underworlds-reavers-of-ruin\/#breadcrumb","itemListElement":[{"@type":"ListItem","position":1,"name":"Home","item":"https:\/\/hammertimecafe.hu\/"},{"@type":"ListItem","position":2,"name":"Shop","item":"https:\/\/hammertimecafe.hu\/uzlet\/"},{"@type":"ListItem","position":3,"name":"WARHAMMER UNDERWORLDS: REAVERS OF RUIN"}]},{"@type":"WebSite","@id":"https:\/\/hammertimecafe.hu\/#website","url":"https:\/\/hammertimecafe.hu\/","name":"Hammertimecafe","description":"The Official Website and Webshop of HammerTime Cafe.","publisher":{"@id":"https:\/\/hammertimecafe.hu\/#organization"},"potentialAction":[{"@type":"SearchAction","target":{"@type":"EntryPoint","urlTemplate":"https:\/\/hammertimecafe.hu\/?s={search_term_string}"},"query-input":{"@type":"PropertyValueSpecification","valueRequired":true,"valueName":"search_term_string"}}],"inLanguage":"en-US"},{"@type":"Organization","@id":"https:\/\/hammertimecafe.hu\/#organization","name":"Hammertimecafe","url":"https:\/\/hammertimecafe.hu\/","logo":{"@type":"ImageObject","inLanguage":"en-US","@id":"https:\/\/hammertimecafe.hu\/#\/schema\/logo\/image\/","url":"https:\/\/htcwoo.test\/app\/uploads\/2025\/08\/logo_of_htc.png","contentUrl":"https:\/\/htcwoo.test\/app\/uploads\/2025\/08\/logo_of_htc.png","width":166,"height":73,"caption":"Hammertimecafe"},"image":{"@id":"https:\/\/hammertimecafe.hu\/#\/schema\/logo\/image\/"}}]}},"_links":{"self":[{"href":"https:\/\/hammertimecafe.hu\/en\/wp-json\/wp\/v2\/product\/19988","targetHints":{"allow":["GET"]}}],"collection":[{"href":"https:\/\/hammertimecafe.hu\/en\/wp-json\/wp\/v2\/product"}],"about":[{"href":"https:\/\/hammertimecafe.hu\/en\/wp-json\/wp\/v2\/types\/product"}],"replies":[{"embeddable":true,"href":"https:\/\/hammertimecafe.hu\/en\/wp-json\/wp\/v2\/comments?post=19988"}],"wp:featuredmedia":[{"embeddable":true,"href":"https:\/\/hammertimecafe.hu\/en\/wp-json\/wp\/v2\/media\/20204"}],"wp:attachment":[{"href":"https:\/\/hammertimecafe.hu\/en\/wp-json\/wp\/v2\/media?parent=19988"}],"wp:term":[{"taxonomy":"product_brand","embeddable":true,"href":"https:\/\/hammertimecafe.hu\/en\/wp-json\/wp\/v2\/product_brand?post=19988"},{"taxonomy":"product_cat","embeddable":true,"href":"https:\/\/hammertimecafe.hu\/en\/wp-json\/wp\/v2\/product_cat?post=19988"},{"taxonomy":"product_tag","embeddable":true,"href":"https:\/\/hammertimecafe.hu\/en\/wp-json\/wp\/v2\/product_tag?post=19988"}],"curies":[{"name":"wp","href":"https:\/\/api.w.org\/{rel}","templated":true}]}}