{"id":24583,"date":"2025-12-14T14:34:48","date_gmt":"2025-12-14T13:34:48","guid":{"rendered":"https:\/\/new.hammertimecafe.hu\/?post_type=product&#038;p=24583"},"modified":"2026-04-19T20:37:56","modified_gmt":"2026-04-19T18:37:56","slug":"middle-earth-strategy-battle-game-armies-of-the-lord-of-the-rings","status":"publish","type":"product","link":"https:\/\/hammertimecafe.hu\/en\/product\/middle-earth-strategy-battle-game-armies-of-the-lord-of-the-rings\/","title":{"rendered":"MIDDLE-EARTH STRATEGY BATTLE GAME: ARMIES OF THE LORD OF THE RINGS"},"content":{"rendered":"<p>K&ouml;z&eacute;pf&ouml;lde a pusztul&aacute;s sz&eacute;l&eacute;n &aacute;ll. Minden kitart&oacute; l&eacute;lekre sz&uuml;ks&eacute;g van, hogy a gonosz erej&eacute;t vissza\u0171zz&eacute;k meg&eacute;rdemelt hely&eacute;re. Szauron er\u0151i csak arra v&aacute;rnak, hogy leig&aacute;zz&aacute;k a teljes vil&aacute;got. Vajon te kitartasza v&eacute;gs\u0151kig &eacute;s megv&eacute;ded h\u0151nszeretett haz&aacute;dat vagy &eacute;ppen Mordor mell&eacute; &aacute;llsz &eacute;s eltiporsz mindenkit?<\/p>\n<p>A Middle-Earth Strategy Battle Games egy 2 vagy t&ouml;bb f\u0151nek sz&oacute;l&oacute; terepasztalos strat&eacute;giai t&aacute;rsasj&aacute;t&eacute;k, amely a J.R.R. Tolkien &aacute;ltal &iacute;rt zseni&aacute;lis Gy\u0171r\u0171k Ura k&ouml;nyvsorozatot dolgozza fel.<\/p>\n<p> Ez a k&ouml;nyv tartalmazza a j&aacute;t&eacute;ba l&eacute;v\u0151 &ouml;sszes frakci&oacute; &eacute;s h\u0151s szab&aacute;lyait, &iacute;gy minden Middle-Earth Strategy Battle Games j&aacute;t&eacute;kosnak javasolt a beszerz&eacute;se.<\/p>\n<p> A k&ouml;nyv Angol nyelv\u0171<\/p>","protected":false},"excerpt":{"rendered":"<p>K\u00f6z\u00e9pf\u00f6lde a pusztul\u00e1s sz\u00e9l\u00e9n \u00e1ll. Minden kitart\u00f3 l\u00e9lekre sz\u00fcks\u00e9g van, hogy a gonosz erej\u00e9t vissza\u0171zz\u00e9k meg\u00e9rdemelt hely\u00e9re. Szauron er\u0151i csak arra v\u00e1rnak, hogy leig\u00e1zz\u00e1k a teljes vil\u00e1got. Vajon te kitartasza v\u00e9gs\u0151kig \u00e9s megv\u00e9ded h\u0151nszeretett haz\u00e1dat vagy \u00e9ppen Mordor mell\u00e9 \u00e1llsz \u00e9s eltiporsz mindenkit?<\/p>","protected":false},"featured_media":24958,"comment_status":"open","ping_status":"closed","template":"","meta":{"_acf_changed":false},"product_brand":[46],"product_cat":[183,19],"product_tag":[],"class_list":{"0":"post-24583","1":"product","2":"type-product","3":"status-publish","4":"has-post-thumbnail","6":"product_brand-games-workshop","7":"product_cat-the-lord-of-the-rings","8":"product_cat-wargame","10":"first","11":"onbackorder","12":"sale","13":"taxable","14":"shipping-taxable","15":"purchasable","16":"product-type-simple"},"acf":[],"yoast_head":"<!-- This site is optimized with the Yoast SEO Premium plugin v25.6 (Yoast SEO v25.6) - https:\/\/yoast.com\/wordpress\/plugins\/seo\/ -->\n<title>MIDDLE-EARTH STRATEGY BATTLE GAME: ARMIES OF THE LORD OF THE RINGS<\/title>\n<meta name=\"description\" content=\"K\u00f6z\u00e9pf\u00f6lde a pusztul\u00e1s sz\u00e9l\u00e9n \u00e1ll. Minden kitart\u00f3 l\u00e9lekre sz\u00fcks\u00e9g van, hogy a gonosz erej\u00e9t vissza\u0171zz\u00e9k meg\u00e9rdemelt hely\u00e9re. Szauron er\u0151i csak arra v\u00e1rnak, hogy leig\u00e1zz\u00e1k a teljes vil\u00e1got. Vajon te kitartasza v\u00e9gs\u0151kig \u00e9s megv\u00e9ded h\u0151nszeretett haz\u00e1dat vagy\" \/>\n<meta name=\"robots\" content=\"index, follow, max-snippet:-1, max-image-preview:large, max-video-preview:-1\" \/>\n<link rel=\"canonical\" href=\"https:\/\/hammertimecafe.hu\/en\/product\/middle-earth-strategy-battle-game-armies-of-the-lord-of-the-rings\/\" \/>\n<meta property=\"og:locale\" content=\"en_US\" \/>\n<meta property=\"og:type\" content=\"article\" \/>\n<meta property=\"og:title\" content=\"MIDDLE-EARTH STRATEGY BATTLE GAME: ARMIES OF THE LORD OF THE RINGS\" \/>\n<meta property=\"og:description\" content=\"K\u00f6z\u00e9pf\u00f6lde a pusztul\u00e1s sz\u00e9l\u00e9n \u00e1ll. Minden kitart\u00f3 l\u00e9lekre sz\u00fcks\u00e9g van, hogy a gonosz erej\u00e9t vissza\u0171zz\u00e9k meg\u00e9rdemelt hely\u00e9re. Szauron er\u0151i csak arra v\u00e1rnak, hogy leig\u00e1zz\u00e1k a teljes vil\u00e1got. Vajon te kitartasza v\u00e9gs\u0151kig \u00e9s megv\u00e9ded h\u0151nszeretett haz\u00e1dat vagy\" \/>\n<meta property=\"og:url\" content=\"https:\/\/hammertimecafe.hu\/en\/product\/middle-earth-strategy-battle-game-armies-of-the-lord-of-the-rings\/\" \/>\n<meta property=\"og:site_name\" content=\"HammerTime Cafe Webshop\" \/>\n<meta property=\"article:modified_time\" content=\"2026-04-19T18:37:56+00:00\" \/>\n<meta property=\"og:image\" content=\"https:\/\/hammertimecafe.hu\/app\/uploads\/2025\/12\/middle-earth_strategy_battle_game_armies_of_the_lord_of_the_rings.jpg\" \/>\n\t<meta property=\"og:image:width\" content=\"1162\" \/>\n\t<meta property=\"og:image:height\" content=\"1200\" \/>\n\t<meta property=\"og:image:type\" content=\"image\/jpeg\" \/>\n<meta name=\"twitter:card\" content=\"summary_large_image\" \/>\n<meta name=\"twitter:label1\" content=\"Est. reading time\" \/>\n\t<meta name=\"twitter:data1\" content=\"1 minute\" \/>\n<script type=\"application\/ld+json\" class=\"yoast-schema-graph\">{\"@context\":\"https:\/\/schema.org\",\"@graph\":[{\"@type\":\"WebPage\",\"@id\":\"https:\/\/hammertimecafe.hu\/termek\/middle-earth-strategy-battle-game-armies-of-the-lord-of-the-rings\/\",\"url\":\"https:\/\/hammertimecafe.hu\/termek\/middle-earth-strategy-battle-game-armies-of-the-lord-of-the-rings\/\",\"name\":\"MIDDLE-EARTH STRATEGY BATTLE GAME: ARMIES OF THE LORD OF THE RINGS\",\"isPartOf\":{\"@id\":\"https:\/\/hammertimecafe.hu\/#website\"},\"primaryImageOfPage\":{\"@id\":\"https:\/\/hammertimecafe.hu\/termek\/middle-earth-strategy-battle-game-armies-of-the-lord-of-the-rings\/#primaryimage\"},\"image\":{\"@id\":\"https:\/\/hammertimecafe.hu\/termek\/middle-earth-strategy-battle-game-armies-of-the-lord-of-the-rings\/#primaryimage\"},\"thumbnailUrl\":\"https:\/\/hammertimecafe.hu\/app\/uploads\/2025\/12\/middle-earth_strategy_battle_game_armies_of_the_lord_of_the_rings.jpg\",\"datePublished\":\"2025-12-14T13:34:48+00:00\",\"dateModified\":\"2026-04-19T18:37:56+00:00\",\"description\":\"K\u00f6z\u00e9pf\u00f6lde a pusztul\u00e1s sz\u00e9l\u00e9n \u00e1ll. Minden kitart\u00f3 l\u00e9lekre sz\u00fcks\u00e9g van, hogy a gonosz erej\u00e9t vissza\u0171zz\u00e9k meg\u00e9rdemelt hely\u00e9re. Szauron er\u0151i csak arra v\u00e1rnak, hogy leig\u00e1zz\u00e1k a teljes vil\u00e1got. Vajon te kitartasza v\u00e9gs\u0151kig \u00e9s megv\u00e9ded h\u0151nszeretett haz\u00e1dat vagy\",\"breadcrumb\":{\"@id\":\"https:\/\/hammertimecafe.hu\/termek\/middle-earth-strategy-battle-game-armies-of-the-lord-of-the-rings\/#breadcrumb\"},\"inLanguage\":\"en-US\",\"potentialAction\":[{\"@type\":\"ReadAction\",\"target\":[\"https:\/\/hammertimecafe.hu\/termek\/middle-earth-strategy-battle-game-armies-of-the-lord-of-the-rings\/\"]}]},{\"@type\":\"ImageObject\",\"inLanguage\":\"en-US\",\"@id\":\"https:\/\/hammertimecafe.hu\/termek\/middle-earth-strategy-battle-game-armies-of-the-lord-of-the-rings\/#primaryimage\",\"url\":\"https:\/\/hammertimecafe.hu\/app\/uploads\/2025\/12\/middle-earth_strategy_battle_game_armies_of_the_lord_of_the_rings.jpg\",\"contentUrl\":\"https:\/\/hammertimecafe.hu\/app\/uploads\/2025\/12\/middle-earth_strategy_battle_game_armies_of_the_lord_of_the_rings.jpg\",\"width\":1162,\"height\":1200},{\"@type\":\"BreadcrumbList\",\"@id\":\"https:\/\/hammertimecafe.hu\/termek\/middle-earth-strategy-battle-game-armies-of-the-lord-of-the-rings\/#breadcrumb\",\"itemListElement\":[{\"@type\":\"ListItem\",\"position\":1,\"name\":\"Home\",\"item\":\"https:\/\/hammertimecafe.hu\/\"},{\"@type\":\"ListItem\",\"position\":2,\"name\":\"Shop\",\"item\":\"https:\/\/hammertimecafe.hu\/uzlet\/\"},{\"@type\":\"ListItem\",\"position\":3,\"name\":\"MIDDLE-EARTH STRATEGY BATTLE GAME: ARMIES OF THE LORD OF THE RINGS\"}]},{\"@type\":\"WebSite\",\"@id\":\"https:\/\/hammertimecafe.hu\/#website\",\"url\":\"https:\/\/hammertimecafe.hu\/\",\"name\":\"Hammertimecafe\",\"description\":\"A HammerTime Cafe Hivatalos Weboldala \u00e9s Webshopja.\",\"publisher\":{\"@id\":\"https:\/\/hammertimecafe.hu\/#organization\"},\"potentialAction\":[{\"@type\":\"SearchAction\",\"target\":{\"@type\":\"EntryPoint\",\"urlTemplate\":\"https:\/\/hammertimecafe.hu\/?s={search_term_string}\"},\"query-input\":{\"@type\":\"PropertyValueSpecification\",\"valueRequired\":true,\"valueName\":\"search_term_string\"}}],\"inLanguage\":\"en-US\"},{\"@type\":\"Organization\",\"@id\":\"https:\/\/hammertimecafe.hu\/#organization\",\"name\":\"Hammertimecafe\",\"url\":\"https:\/\/hammertimecafe.hu\/\",\"logo\":{\"@type\":\"ImageObject\",\"inLanguage\":\"en-US\",\"@id\":\"https:\/\/hammertimecafe.hu\/#\/schema\/logo\/image\/\",\"url\":\"https:\/\/htcwoo.test\/app\/uploads\/2025\/08\/logo_of_htc.png\",\"contentUrl\":\"https:\/\/htcwoo.test\/app\/uploads\/2025\/08\/logo_of_htc.png\",\"width\":166,\"height\":73,\"caption\":\"Hammertimecafe\"},\"image\":{\"@id\":\"https:\/\/hammertimecafe.hu\/#\/schema\/logo\/image\/\"}}]}<\/script>\n<!-- \/ Yoast SEO Premium plugin. -->","yoast_head_json":{"title":"MIDDLE-EARTH STRATEGY BATTLE GAME: ARMIES OF THE LORD OF THE RINGS","description":"K\u00f6z\u00e9pf\u00f6lde a pusztul\u00e1s sz\u00e9l\u00e9n \u00e1ll. Minden kitart\u00f3 l\u00e9lekre sz\u00fcks\u00e9g van, hogy a gonosz erej\u00e9t vissza\u0171zz\u00e9k meg\u00e9rdemelt hely\u00e9re. Szauron er\u0151i csak arra v\u00e1rnak, hogy leig\u00e1zz\u00e1k a teljes vil\u00e1got. Vajon te kitartasza v\u00e9gs\u0151kig \u00e9s megv\u00e9ded h\u0151nszeretett haz\u00e1dat vagy","robots":{"index":"index","follow":"follow","max-snippet":"max-snippet:-1","max-image-preview":"max-image-preview:large","max-video-preview":"max-video-preview:-1"},"canonical":"https:\/\/hammertimecafe.hu\/en\/product\/middle-earth-strategy-battle-game-armies-of-the-lord-of-the-rings\/","og_locale":"en_US","og_type":"article","og_title":"MIDDLE-EARTH STRATEGY BATTLE GAME: ARMIES OF THE LORD OF THE RINGS","og_description":"K\u00f6z\u00e9pf\u00f6lde a pusztul\u00e1s sz\u00e9l\u00e9n \u00e1ll. Minden kitart\u00f3 l\u00e9lekre sz\u00fcks\u00e9g van, hogy a gonosz erej\u00e9t vissza\u0171zz\u00e9k meg\u00e9rdemelt hely\u00e9re. Szauron er\u0151i csak arra v\u00e1rnak, hogy leig\u00e1zz\u00e1k a teljes vil\u00e1got. Vajon te kitartasza v\u00e9gs\u0151kig \u00e9s megv\u00e9ded h\u0151nszeretett haz\u00e1dat vagy","og_url":"https:\/\/hammertimecafe.hu\/en\/product\/middle-earth-strategy-battle-game-armies-of-the-lord-of-the-rings\/","og_site_name":"HammerTime Cafe Webshop","article_modified_time":"2026-04-19T18:37:56+00:00","og_image":[{"width":1162,"height":1200,"url":"https:\/\/hammertimecafe.hu\/app\/uploads\/2025\/12\/middle-earth_strategy_battle_game_armies_of_the_lord_of_the_rings.jpg","type":"image\/jpeg"}],"twitter_card":"summary_large_image","twitter_misc":{"Est. reading time":"1 minute"},"schema":{"@context":"https:\/\/schema.org","@graph":[{"@type":"WebPage","@id":"https:\/\/hammertimecafe.hu\/termek\/middle-earth-strategy-battle-game-armies-of-the-lord-of-the-rings\/","url":"https:\/\/hammertimecafe.hu\/termek\/middle-earth-strategy-battle-game-armies-of-the-lord-of-the-rings\/","name":"MIDDLE-EARTH STRATEGY BATTLE GAME: ARMIES OF THE LORD OF THE RINGS","isPartOf":{"@id":"https:\/\/hammertimecafe.hu\/#website"},"primaryImageOfPage":{"@id":"https:\/\/hammertimecafe.hu\/termek\/middle-earth-strategy-battle-game-armies-of-the-lord-of-the-rings\/#primaryimage"},"image":{"@id":"https:\/\/hammertimecafe.hu\/termek\/middle-earth-strategy-battle-game-armies-of-the-lord-of-the-rings\/#primaryimage"},"thumbnailUrl":"https:\/\/hammertimecafe.hu\/app\/uploads\/2025\/12\/middle-earth_strategy_battle_game_armies_of_the_lord_of_the_rings.jpg","datePublished":"2025-12-14T13:34:48+00:00","dateModified":"2026-04-19T18:37:56+00:00","description":"K\u00f6z\u00e9pf\u00f6lde a pusztul\u00e1s sz\u00e9l\u00e9n \u00e1ll. Minden kitart\u00f3 l\u00e9lekre sz\u00fcks\u00e9g van, hogy a gonosz erej\u00e9t vissza\u0171zz\u00e9k meg\u00e9rdemelt hely\u00e9re. Szauron er\u0151i csak arra v\u00e1rnak, hogy leig\u00e1zz\u00e1k a teljes vil\u00e1got. Vajon te kitartasza v\u00e9gs\u0151kig \u00e9s megv\u00e9ded h\u0151nszeretett haz\u00e1dat vagy","breadcrumb":{"@id":"https:\/\/hammertimecafe.hu\/termek\/middle-earth-strategy-battle-game-armies-of-the-lord-of-the-rings\/#breadcrumb"},"inLanguage":"en-US","potentialAction":[{"@type":"ReadAction","target":["https:\/\/hammertimecafe.hu\/termek\/middle-earth-strategy-battle-game-armies-of-the-lord-of-the-rings\/"]}]},{"@type":"ImageObject","inLanguage":"en-US","@id":"https:\/\/hammertimecafe.hu\/termek\/middle-earth-strategy-battle-game-armies-of-the-lord-of-the-rings\/#primaryimage","url":"https:\/\/hammertimecafe.hu\/app\/uploads\/2025\/12\/middle-earth_strategy_battle_game_armies_of_the_lord_of_the_rings.jpg","contentUrl":"https:\/\/hammertimecafe.hu\/app\/uploads\/2025\/12\/middle-earth_strategy_battle_game_armies_of_the_lord_of_the_rings.jpg","width":1162,"height":1200},{"@type":"BreadcrumbList","@id":"https:\/\/hammertimecafe.hu\/termek\/middle-earth-strategy-battle-game-armies-of-the-lord-of-the-rings\/#breadcrumb","itemListElement":[{"@type":"ListItem","position":1,"name":"Home","item":"https:\/\/hammertimecafe.hu\/"},{"@type":"ListItem","position":2,"name":"Shop","item":"https:\/\/hammertimecafe.hu\/uzlet\/"},{"@type":"ListItem","position":3,"name":"MIDDLE-EARTH STRATEGY BATTLE GAME: ARMIES OF THE LORD OF THE RINGS"}]},{"@type":"WebSite","@id":"https:\/\/hammertimecafe.hu\/#website","url":"https:\/\/hammertimecafe.hu\/","name":"Hammertimecafe","description":"The Official Website and Webshop of HammerTime Cafe.","publisher":{"@id":"https:\/\/hammertimecafe.hu\/#organization"},"potentialAction":[{"@type":"SearchAction","target":{"@type":"EntryPoint","urlTemplate":"https:\/\/hammertimecafe.hu\/?s={search_term_string}"},"query-input":{"@type":"PropertyValueSpecification","valueRequired":true,"valueName":"search_term_string"}}],"inLanguage":"en-US"},{"@type":"Organization","@id":"https:\/\/hammertimecafe.hu\/#organization","name":"Hammertimecafe","url":"https:\/\/hammertimecafe.hu\/","logo":{"@type":"ImageObject","inLanguage":"en-US","@id":"https:\/\/hammertimecafe.hu\/#\/schema\/logo\/image\/","url":"https:\/\/htcwoo.test\/app\/uploads\/2025\/08\/logo_of_htc.png","contentUrl":"https:\/\/htcwoo.test\/app\/uploads\/2025\/08\/logo_of_htc.png","width":166,"height":73,"caption":"Hammertimecafe"},"image":{"@id":"https:\/\/hammertimecafe.hu\/#\/schema\/logo\/image\/"}}]}},"_links":{"self":[{"href":"https:\/\/hammertimecafe.hu\/en\/wp-json\/wp\/v2\/product\/24583","targetHints":{"allow":["GET"]}}],"collection":[{"href":"https:\/\/hammertimecafe.hu\/en\/wp-json\/wp\/v2\/product"}],"about":[{"href":"https:\/\/hammertimecafe.hu\/en\/wp-json\/wp\/v2\/types\/product"}],"replies":[{"embeddable":true,"href":"https:\/\/hammertimecafe.hu\/en\/wp-json\/wp\/v2\/comments?post=24583"}],"wp:featuredmedia":[{"embeddable":true,"href":"https:\/\/hammertimecafe.hu\/en\/wp-json\/wp\/v2\/media\/24958"}],"wp:attachment":[{"href":"https:\/\/hammertimecafe.hu\/en\/wp-json\/wp\/v2\/media?parent=24583"}],"wp:term":[{"taxonomy":"product_brand","embeddable":true,"href":"https:\/\/hammertimecafe.hu\/en\/wp-json\/wp\/v2\/product_brand?post=24583"},{"taxonomy":"product_cat","embeddable":true,"href":"https:\/\/hammertimecafe.hu\/en\/wp-json\/wp\/v2\/product_cat?post=24583"},{"taxonomy":"product_tag","embeddable":true,"href":"https:\/\/hammertimecafe.hu\/en\/wp-json\/wp\/v2\/product_tag?post=24583"}],"curies":[{"name":"wp","href":"https:\/\/api.w.org\/{rel}","templated":true}]}}