{"id":24588,"date":"2025-12-14T14:37:58","date_gmt":"2025-12-14T13:37:58","guid":{"rendered":"https:\/\/new.hammertimecafe.hu\/?post_type=product&#038;p=24588"},"modified":"2026-01-08T12:18:30","modified_gmt":"2026-01-08T11:18:30","slug":"gloomspite-gits-dankhold-troggoth-2","status":"publish","type":"product","link":"https:\/\/hammertimecafe.hu\/en\/product\/gloomspite-gits-dankhold-troggoth-2\/","title":{"rendered":"GLOOMSPITE GITZ DANKHOLD TROGGOTH"},"content":{"rendered":"<p>A Dankhold Troggoth m&eacute;lyen alszik a GloomSpite-ok alatt &eacute;s amikor felkel &aacute;lm&aacute;b&oacute;l mindent elpuszt&iacute;t amit el&eacute;r &eacute;s a m&aacute;gi&aacute;t &uacute;gy sz&iacute;vja mag&aacute;ba, mint a szivacs.<\/p>\n<p>A doboz 1 figur&aacute;t tartalmaz.<\/p>\n<p>A figur&aacute;k ragaszt&aacute;st &eacute;s fest&eacute;st ig&eacute;nyelnek!<\/p>","protected":false},"excerpt":{"rendered":"<p>A Dankhold Troggoth m\u00e9lyen alszik a GloomSpite-ok alatt \u00e9s amikor felkel \u00e1lm\u00e1b\u00f3l mindent elpuszt\u00edt amit el\u00e9r \u00e9s a m\u00e1gi\u00e1t \u00fagy sz\u00edvja mag\u00e1ba, mint a szivacs.<\/p>","protected":false},"featured_media":25078,"comment_status":"open","ping_status":"closed","template":"","meta":{"_acf_changed":false},"product_brand":[46],"product_cat":[125,123,19,42],"product_tag":[],"class_list":{"0":"post-24588","1":"product","2":"type-product","3":"status-publish","4":"has-post-thumbnail","6":"product_brand-games-workshop","7":"product_cat-gloomspite-gitz","8":"product_cat-grand-alliance-destruction","9":"product_cat-wargame","10":"product_cat-warhammer-age-of-sigmar","12":"first","13":"onbackorder","14":"sale","15":"taxable","16":"shipping-taxable","17":"purchasable","18":"product-type-simple"},"acf":[],"yoast_head":"<!-- This site is optimized with the Yoast SEO Premium plugin v25.6 (Yoast SEO v25.6) - https:\/\/yoast.com\/wordpress\/plugins\/seo\/ -->\n<title>NIGHT GOBLINS<\/title>\n<meta name=\"description\" content=\"NIGHT GOBLINS\" \/>\n<meta name=\"robots\" content=\"index, follow, max-snippet:-1, max-image-preview:large, max-video-preview:-1\" \/>\n<link rel=\"canonical\" href=\"https:\/\/hammertimecafe.hu\/en\/product\/gloomspite-gits-dankhold-troggoth-2\/\" \/>\n<meta property=\"og:locale\" content=\"en_US\" \/>\n<meta property=\"og:type\" content=\"article\" \/>\n<meta property=\"og:title\" content=\"GLOOMSPITE GITZ DANKHOLD TROGGOTH\" \/>\n<meta property=\"og:description\" content=\"NIGHT GOBLINS\" \/>\n<meta property=\"og:url\" content=\"https:\/\/hammertimecafe.hu\/en\/product\/gloomspite-gits-dankhold-troggoth-2\/\" \/>\n<meta property=\"og:site_name\" content=\"HammerTime Cafe Webshop\" \/>\n<meta property=\"article:modified_time\" content=\"2026-01-08T11:18:30+00:00\" \/>\n<meta property=\"og:image\" content=\"https:\/\/hammertimecafe.hu\/app\/uploads\/2025\/12\/99120209053_2.jpg\" \/>\n\t<meta property=\"og:image:width\" content=\"920\" \/>\n\t<meta property=\"og:image:height\" content=\"950\" \/>\n\t<meta property=\"og:image:type\" content=\"image\/jpeg\" \/>\n<meta name=\"twitter:card\" content=\"summary_large_image\" \/>\n<script type=\"application\/ld+json\" class=\"yoast-schema-graph\">{\"@context\":\"https:\/\/schema.org\",\"@graph\":[{\"@type\":\"WebPage\",\"@id\":\"https:\/\/hammertimecafe.hu\/termek\/gloomspite-gits-dankhold-troggoth-2\/\",\"url\":\"https:\/\/hammertimecafe.hu\/termek\/gloomspite-gits-dankhold-troggoth-2\/\",\"name\":\"NIGHT GOBLINS\",\"isPartOf\":{\"@id\":\"https:\/\/hammertimecafe.hu\/#website\"},\"primaryImageOfPage\":{\"@id\":\"https:\/\/hammertimecafe.hu\/termek\/gloomspite-gits-dankhold-troggoth-2\/#primaryimage\"},\"image\":{\"@id\":\"https:\/\/hammertimecafe.hu\/termek\/gloomspite-gits-dankhold-troggoth-2\/#primaryimage\"},\"thumbnailUrl\":\"https:\/\/hammertimecafe.hu\/app\/uploads\/2025\/12\/99120209053_2.jpg\",\"datePublished\":\"2025-12-14T13:37:58+00:00\",\"dateModified\":\"2026-01-08T11:18:30+00:00\",\"description\":\"NIGHT GOBLINS\",\"breadcrumb\":{\"@id\":\"https:\/\/hammertimecafe.hu\/termek\/gloomspite-gits-dankhold-troggoth-2\/#breadcrumb\"},\"inLanguage\":\"en-US\",\"potentialAction\":[{\"@type\":\"ReadAction\",\"target\":[\"https:\/\/hammertimecafe.hu\/termek\/gloomspite-gits-dankhold-troggoth-2\/\"]}]},{\"@type\":\"ImageObject\",\"inLanguage\":\"en-US\",\"@id\":\"https:\/\/hammertimecafe.hu\/termek\/gloomspite-gits-dankhold-troggoth-2\/#primaryimage\",\"url\":\"https:\/\/hammertimecafe.hu\/app\/uploads\/2025\/12\/99120209053_2.jpg\",\"contentUrl\":\"https:\/\/hammertimecafe.hu\/app\/uploads\/2025\/12\/99120209053_2.jpg\",\"width\":920,\"height\":950},{\"@type\":\"BreadcrumbList\",\"@id\":\"https:\/\/hammertimecafe.hu\/termek\/gloomspite-gits-dankhold-troggoth-2\/#breadcrumb\",\"itemListElement\":[{\"@type\":\"ListItem\",\"position\":1,\"name\":\"Home\",\"item\":\"https:\/\/hammertimecafe.hu\/\"},{\"@type\":\"ListItem\",\"position\":2,\"name\":\"Shop\",\"item\":\"https:\/\/hammertimecafe.hu\/uzlet\/\"},{\"@type\":\"ListItem\",\"position\":3,\"name\":\"GLOOMSPITE GITZ DANKHOLD TROGGOTH\"}]},{\"@type\":\"WebSite\",\"@id\":\"https:\/\/hammertimecafe.hu\/#website\",\"url\":\"https:\/\/hammertimecafe.hu\/\",\"name\":\"Hammertimecafe\",\"description\":\"A HammerTime Cafe Hivatalos Weboldala \u00e9s Webshopja.\",\"publisher\":{\"@id\":\"https:\/\/hammertimecafe.hu\/#organization\"},\"potentialAction\":[{\"@type\":\"SearchAction\",\"target\":{\"@type\":\"EntryPoint\",\"urlTemplate\":\"https:\/\/hammertimecafe.hu\/?s={search_term_string}\"},\"query-input\":{\"@type\":\"PropertyValueSpecification\",\"valueRequired\":true,\"valueName\":\"search_term_string\"}}],\"inLanguage\":\"en-US\"},{\"@type\":\"Organization\",\"@id\":\"https:\/\/hammertimecafe.hu\/#organization\",\"name\":\"Hammertimecafe\",\"url\":\"https:\/\/hammertimecafe.hu\/\",\"logo\":{\"@type\":\"ImageObject\",\"inLanguage\":\"en-US\",\"@id\":\"https:\/\/hammertimecafe.hu\/#\/schema\/logo\/image\/\",\"url\":\"https:\/\/htcwoo.test\/app\/uploads\/2025\/08\/logo_of_htc.png\",\"contentUrl\":\"https:\/\/htcwoo.test\/app\/uploads\/2025\/08\/logo_of_htc.png\",\"width\":166,\"height\":73,\"caption\":\"Hammertimecafe\"},\"image\":{\"@id\":\"https:\/\/hammertimecafe.hu\/#\/schema\/logo\/image\/\"}}]}<\/script>\n<!-- \/ Yoast SEO Premium plugin. -->","yoast_head_json":{"title":"NIGHT GOBLINS","description":"NIGHT GOBLINS","robots":{"index":"index","follow":"follow","max-snippet":"max-snippet:-1","max-image-preview":"max-image-preview:large","max-video-preview":"max-video-preview:-1"},"canonical":"https:\/\/hammertimecafe.hu\/en\/product\/gloomspite-gits-dankhold-troggoth-2\/","og_locale":"en_US","og_type":"article","og_title":"GLOOMSPITE GITZ DANKHOLD TROGGOTH","og_description":"NIGHT GOBLINS","og_url":"https:\/\/hammertimecafe.hu\/en\/product\/gloomspite-gits-dankhold-troggoth-2\/","og_site_name":"HammerTime Cafe Webshop","article_modified_time":"2026-01-08T11:18:30+00:00","og_image":[{"width":920,"height":950,"url":"https:\/\/hammertimecafe.hu\/app\/uploads\/2025\/12\/99120209053_2.jpg","type":"image\/jpeg"}],"twitter_card":"summary_large_image","schema":{"@context":"https:\/\/schema.org","@graph":[{"@type":"WebPage","@id":"https:\/\/hammertimecafe.hu\/termek\/gloomspite-gits-dankhold-troggoth-2\/","url":"https:\/\/hammertimecafe.hu\/termek\/gloomspite-gits-dankhold-troggoth-2\/","name":"NIGHT GOBLINS","isPartOf":{"@id":"https:\/\/hammertimecafe.hu\/#website"},"primaryImageOfPage":{"@id":"https:\/\/hammertimecafe.hu\/termek\/gloomspite-gits-dankhold-troggoth-2\/#primaryimage"},"image":{"@id":"https:\/\/hammertimecafe.hu\/termek\/gloomspite-gits-dankhold-troggoth-2\/#primaryimage"},"thumbnailUrl":"https:\/\/hammertimecafe.hu\/app\/uploads\/2025\/12\/99120209053_2.jpg","datePublished":"2025-12-14T13:37:58+00:00","dateModified":"2026-01-08T11:18:30+00:00","description":"NIGHT GOBLINS","breadcrumb":{"@id":"https:\/\/hammertimecafe.hu\/termek\/gloomspite-gits-dankhold-troggoth-2\/#breadcrumb"},"inLanguage":"en-US","potentialAction":[{"@type":"ReadAction","target":["https:\/\/hammertimecafe.hu\/termek\/gloomspite-gits-dankhold-troggoth-2\/"]}]},{"@type":"ImageObject","inLanguage":"en-US","@id":"https:\/\/hammertimecafe.hu\/termek\/gloomspite-gits-dankhold-troggoth-2\/#primaryimage","url":"https:\/\/hammertimecafe.hu\/app\/uploads\/2025\/12\/99120209053_2.jpg","contentUrl":"https:\/\/hammertimecafe.hu\/app\/uploads\/2025\/12\/99120209053_2.jpg","width":920,"height":950},{"@type":"BreadcrumbList","@id":"https:\/\/hammertimecafe.hu\/termek\/gloomspite-gits-dankhold-troggoth-2\/#breadcrumb","itemListElement":[{"@type":"ListItem","position":1,"name":"Home","item":"https:\/\/hammertimecafe.hu\/"},{"@type":"ListItem","position":2,"name":"Shop","item":"https:\/\/hammertimecafe.hu\/uzlet\/"},{"@type":"ListItem","position":3,"name":"GLOOMSPITE GITZ DANKHOLD TROGGOTH"}]},{"@type":"WebSite","@id":"https:\/\/hammertimecafe.hu\/#website","url":"https:\/\/hammertimecafe.hu\/","name":"Hammertimecafe","description":"The Official Website and Webshop of HammerTime Cafe.","publisher":{"@id":"https:\/\/hammertimecafe.hu\/#organization"},"potentialAction":[{"@type":"SearchAction","target":{"@type":"EntryPoint","urlTemplate":"https:\/\/hammertimecafe.hu\/?s={search_term_string}"},"query-input":{"@type":"PropertyValueSpecification","valueRequired":true,"valueName":"search_term_string"}}],"inLanguage":"en-US"},{"@type":"Organization","@id":"https:\/\/hammertimecafe.hu\/#organization","name":"Hammertimecafe","url":"https:\/\/hammertimecafe.hu\/","logo":{"@type":"ImageObject","inLanguage":"en-US","@id":"https:\/\/hammertimecafe.hu\/#\/schema\/logo\/image\/","url":"https:\/\/htcwoo.test\/app\/uploads\/2025\/08\/logo_of_htc.png","contentUrl":"https:\/\/htcwoo.test\/app\/uploads\/2025\/08\/logo_of_htc.png","width":166,"height":73,"caption":"Hammertimecafe"},"image":{"@id":"https:\/\/hammertimecafe.hu\/#\/schema\/logo\/image\/"}}]}},"_links":{"self":[{"href":"https:\/\/hammertimecafe.hu\/en\/wp-json\/wp\/v2\/product\/24588","targetHints":{"allow":["GET"]}}],"collection":[{"href":"https:\/\/hammertimecafe.hu\/en\/wp-json\/wp\/v2\/product"}],"about":[{"href":"https:\/\/hammertimecafe.hu\/en\/wp-json\/wp\/v2\/types\/product"}],"replies":[{"embeddable":true,"href":"https:\/\/hammertimecafe.hu\/en\/wp-json\/wp\/v2\/comments?post=24588"}],"wp:featuredmedia":[{"embeddable":true,"href":"https:\/\/hammertimecafe.hu\/en\/wp-json\/wp\/v2\/media\/25078"}],"wp:attachment":[{"href":"https:\/\/hammertimecafe.hu\/en\/wp-json\/wp\/v2\/media?parent=24588"}],"wp:term":[{"taxonomy":"product_brand","embeddable":true,"href":"https:\/\/hammertimecafe.hu\/en\/wp-json\/wp\/v2\/product_brand?post=24588"},{"taxonomy":"product_cat","embeddable":true,"href":"https:\/\/hammertimecafe.hu\/en\/wp-json\/wp\/v2\/product_cat?post=24588"},{"taxonomy":"product_tag","embeddable":true,"href":"https:\/\/hammertimecafe.hu\/en\/wp-json\/wp\/v2\/product_tag?post=24588"}],"curies":[{"name":"wp","href":"https:\/\/api.w.org\/{rel}","templated":true}]}}