{"id":24591,"date":"2025-12-14T13:40:35","date_gmt":"2025-12-14T12:40:35","guid":{"rendered":"https:\/\/new.hammertimecafe.hu\/?post_type=product&#038;p=24591"},"modified":"2026-04-19T20:38:18","modified_gmt":"2026-04-19T18:38:18","slug":"base-lupercal-green-2","status":"publish","type":"product","link":"https:\/\/hammertimecafe.hu\/en\/product\/base-lupercal-green-2\/","title":{"rendered":"BASE: LUPERCAL GREEN"},"content":{"rendered":"<p>Pr\u00f3b\u00e1lj\u00e1tok ki a Games Wokrshop leg\u00fajabb fest\u00e9keit, melyekkel k\u00f6nnyen sz\u00e9p eredm\u00e9nyt \u00e9rhettek el a figur\u00e1itokon. Warhammer 40.000 Wargame, Warhammer Age Of Sigmar j\u00e1t\u00e9kosoknak \u00e9s makettez\u0151knek egyar\u00e1nt aj\u00e1nljuk!<\/p>\n<p>Akril alap\u00fa fest\u00e9k figur\u00e1k fest\u00e9s\u00e9hez.<\/p>","protected":false},"excerpt":{"rendered":"<p>Pr\u00f3b\u00e1lj\u00e1tok ki a Games Wokrshop leg\u00fajabb fest\u00e9keit, melyekkel k\u00f6nnyen sz\u00e9p eredm\u00e9nyt \u00e9rhettek el a figur\u00e1itokon. Warhammer 40.000 Wargame, Warhammer Age Of Sigmar j\u00e1t\u00e9kosoknak \u00e9s makettez\u0151knek egyar\u00e1nt aj\u00e1nljuk!<\/p>\n<p>Akril alap\u00fa fest\u00e9k figur\u00e1k fest\u00e9s\u00e9hez.<\/p>","protected":false},"featured_media":25084,"comment_status":"open","ping_status":"closed","template":"","meta":{"_acf_changed":false},"product_brand":[46],"product_cat":[383,382,127,129],"product_tag":[],"class_list":{"0":"post-24591","1":"product","2":"type-product","3":"status-publish","4":"has-post-thumbnail","6":"product_brand-games-workshop","7":"product_cat-base","8":"product_cat-citadel-festekek","9":"product_cat-festekek-es-eszkozok","10":"product_cat-tegelyes-festekek","12":"first","13":"instock","14":"sale","15":"taxable","16":"shipping-taxable","17":"purchasable","18":"product-type-simple"},"acf":[],"yoast_head":"<!-- This site is optimized with the Yoast SEO Premium plugin v25.6 (Yoast SEO v25.6) - https:\/\/yoast.com\/wordpress\/plugins\/seo\/ -->\n<title>BASE: LUPERCAL GREEN - HammerTime Cafe Webshop<\/title>\n<meta name=\"robots\" content=\"index, follow, max-snippet:-1, max-image-preview:large, max-video-preview:-1\" \/>\n<link rel=\"canonical\" href=\"https:\/\/hammertimecafe.hu\/en\/product\/base-lupercal-green-2\/\" \/>\n<meta property=\"og:locale\" content=\"en_US\" \/>\n<meta property=\"og:type\" content=\"article\" \/>\n<meta property=\"og:title\" content=\"BASE: LUPERCAL GREEN\" \/>\n<meta property=\"og:description\" content=\"Pr\u00f3b\u00e1lj\u00e1tok ki a Games Wokrshop leg\u00fajabb fest\u00e9keit, melyekkel k\u00f6nnyen sz\u00e9p eredm\u00e9nyt \u00e9rhettek el a figur\u00e1itokon. Warhammer 40.000 Wargame, Warhammer Age Of Sigmar j\u00e1t\u00e9kosoknak \u00e9s makettez\u0151knek egyar\u00e1nt aj\u00e1nljuk!  Akril alap\u00fa fest\u00e9k figur\u00e1k fest\u00e9s\u00e9hez.\" \/>\n<meta property=\"og:url\" content=\"https:\/\/hammertimecafe.hu\/en\/product\/base-lupercal-green-2\/\" \/>\n<meta property=\"og:site_name\" content=\"HammerTime Cafe Webshop\" \/>\n<meta property=\"article:modified_time\" content=\"2026-04-19T18:38:18+00:00\" \/>\n<meta property=\"og:image\" content=\"https:\/\/hammertimecafe.hu\/app\/uploads\/2025\/12\/9918995012706_1.png\" \/>\n\t<meta property=\"og:image:width\" content=\"1000\" \/>\n\t<meta property=\"og:image:height\" content=\"1000\" \/>\n\t<meta property=\"og:image:type\" content=\"image\/png\" \/>\n<meta name=\"twitter:card\" content=\"summary_large_image\" \/>\n<meta name=\"twitter:label1\" content=\"Est. reading time\" \/>\n\t<meta name=\"twitter:data1\" content=\"1 minute\" \/>\n<script type=\"application\/ld+json\" class=\"yoast-schema-graph\">{\"@context\":\"https:\/\/schema.org\",\"@graph\":[{\"@type\":\"WebPage\",\"@id\":\"https:\/\/hammertimecafe.hu\/termek\/base-lupercal-green-2\/\",\"url\":\"https:\/\/hammertimecafe.hu\/termek\/base-lupercal-green-2\/\",\"name\":\"BASE: LUPERCAL GREEN - HammerTime Cafe Webshop\",\"isPartOf\":{\"@id\":\"https:\/\/hammertimecafe.hu\/#website\"},\"primaryImageOfPage\":{\"@id\":\"https:\/\/hammertimecafe.hu\/termek\/base-lupercal-green-2\/#primaryimage\"},\"image\":{\"@id\":\"https:\/\/hammertimecafe.hu\/termek\/base-lupercal-green-2\/#primaryimage\"},\"thumbnailUrl\":\"https:\/\/hammertimecafe.hu\/app\/uploads\/2025\/12\/9918995012706_1.png\",\"datePublished\":\"2025-12-14T12:40:35+00:00\",\"dateModified\":\"2026-04-19T18:38:18+00:00\",\"breadcrumb\":{\"@id\":\"https:\/\/hammertimecafe.hu\/termek\/base-lupercal-green-2\/#breadcrumb\"},\"inLanguage\":\"en-US\",\"potentialAction\":[{\"@type\":\"ReadAction\",\"target\":[\"https:\/\/hammertimecafe.hu\/termek\/base-lupercal-green-2\/\"]}]},{\"@type\":\"ImageObject\",\"inLanguage\":\"en-US\",\"@id\":\"https:\/\/hammertimecafe.hu\/termek\/base-lupercal-green-2\/#primaryimage\",\"url\":\"https:\/\/hammertimecafe.hu\/app\/uploads\/2025\/12\/9918995012706_1.png\",\"contentUrl\":\"https:\/\/hammertimecafe.hu\/app\/uploads\/2025\/12\/9918995012706_1.png\",\"width\":1000,\"height\":1000},{\"@type\":\"BreadcrumbList\",\"@id\":\"https:\/\/hammertimecafe.hu\/termek\/base-lupercal-green-2\/#breadcrumb\",\"itemListElement\":[{\"@type\":\"ListItem\",\"position\":1,\"name\":\"Home\",\"item\":\"https:\/\/hammertimecafe.hu\/\"},{\"@type\":\"ListItem\",\"position\":2,\"name\":\"Shop\",\"item\":\"https:\/\/hammertimecafe.hu\/uzlet\/\"},{\"@type\":\"ListItem\",\"position\":3,\"name\":\"BASE: LUPERCAL GREEN\"}]},{\"@type\":\"WebSite\",\"@id\":\"https:\/\/hammertimecafe.hu\/#website\",\"url\":\"https:\/\/hammertimecafe.hu\/\",\"name\":\"Hammertimecafe\",\"description\":\"A HammerTime Cafe Hivatalos Weboldala \u00e9s Webshopja.\",\"publisher\":{\"@id\":\"https:\/\/hammertimecafe.hu\/#organization\"},\"potentialAction\":[{\"@type\":\"SearchAction\",\"target\":{\"@type\":\"EntryPoint\",\"urlTemplate\":\"https:\/\/hammertimecafe.hu\/?s={search_term_string}\"},\"query-input\":{\"@type\":\"PropertyValueSpecification\",\"valueRequired\":true,\"valueName\":\"search_term_string\"}}],\"inLanguage\":\"en-US\"},{\"@type\":\"Organization\",\"@id\":\"https:\/\/hammertimecafe.hu\/#organization\",\"name\":\"Hammertimecafe\",\"url\":\"https:\/\/hammertimecafe.hu\/\",\"logo\":{\"@type\":\"ImageObject\",\"inLanguage\":\"en-US\",\"@id\":\"https:\/\/hammertimecafe.hu\/#\/schema\/logo\/image\/\",\"url\":\"https:\/\/htcwoo.test\/app\/uploads\/2025\/08\/logo_of_htc.png\",\"contentUrl\":\"https:\/\/htcwoo.test\/app\/uploads\/2025\/08\/logo_of_htc.png\",\"width\":166,\"height\":73,\"caption\":\"Hammertimecafe\"},\"image\":{\"@id\":\"https:\/\/hammertimecafe.hu\/#\/schema\/logo\/image\/\"}}]}<\/script>\n<!-- \/ Yoast SEO Premium plugin. -->","yoast_head_json":{"title":"BASE: LUPERCAL GREEN - HammerTime Cafe Webshop","robots":{"index":"index","follow":"follow","max-snippet":"max-snippet:-1","max-image-preview":"max-image-preview:large","max-video-preview":"max-video-preview:-1"},"canonical":"https:\/\/hammertimecafe.hu\/en\/product\/base-lupercal-green-2\/","og_locale":"en_US","og_type":"article","og_title":"BASE: LUPERCAL GREEN","og_description":"Pr\u00f3b\u00e1lj\u00e1tok ki a Games Wokrshop leg\u00fajabb fest\u00e9keit, melyekkel k\u00f6nnyen sz\u00e9p eredm\u00e9nyt \u00e9rhettek el a figur\u00e1itokon. Warhammer 40.000 Wargame, Warhammer Age Of Sigmar j\u00e1t\u00e9kosoknak \u00e9s makettez\u0151knek egyar\u00e1nt aj\u00e1nljuk!  Akril alap\u00fa fest\u00e9k figur\u00e1k fest\u00e9s\u00e9hez.","og_url":"https:\/\/hammertimecafe.hu\/en\/product\/base-lupercal-green-2\/","og_site_name":"HammerTime Cafe Webshop","article_modified_time":"2026-04-19T18:38:18+00:00","og_image":[{"width":1000,"height":1000,"url":"https:\/\/hammertimecafe.hu\/app\/uploads\/2025\/12\/9918995012706_1.png","type":"image\/png"}],"twitter_card":"summary_large_image","twitter_misc":{"Est. reading time":"1 minute"},"schema":{"@context":"https:\/\/schema.org","@graph":[{"@type":"WebPage","@id":"https:\/\/hammertimecafe.hu\/termek\/base-lupercal-green-2\/","url":"https:\/\/hammertimecafe.hu\/termek\/base-lupercal-green-2\/","name":"BASE: LUPERCAL GREEN - HammerTime Cafe Webshop","isPartOf":{"@id":"https:\/\/hammertimecafe.hu\/#website"},"primaryImageOfPage":{"@id":"https:\/\/hammertimecafe.hu\/termek\/base-lupercal-green-2\/#primaryimage"},"image":{"@id":"https:\/\/hammertimecafe.hu\/termek\/base-lupercal-green-2\/#primaryimage"},"thumbnailUrl":"https:\/\/hammertimecafe.hu\/app\/uploads\/2025\/12\/9918995012706_1.png","datePublished":"2025-12-14T12:40:35+00:00","dateModified":"2026-04-19T18:38:18+00:00","breadcrumb":{"@id":"https:\/\/hammertimecafe.hu\/termek\/base-lupercal-green-2\/#breadcrumb"},"inLanguage":"en-US","potentialAction":[{"@type":"ReadAction","target":["https:\/\/hammertimecafe.hu\/termek\/base-lupercal-green-2\/"]}]},{"@type":"ImageObject","inLanguage":"en-US","@id":"https:\/\/hammertimecafe.hu\/termek\/base-lupercal-green-2\/#primaryimage","url":"https:\/\/hammertimecafe.hu\/app\/uploads\/2025\/12\/9918995012706_1.png","contentUrl":"https:\/\/hammertimecafe.hu\/app\/uploads\/2025\/12\/9918995012706_1.png","width":1000,"height":1000},{"@type":"BreadcrumbList","@id":"https:\/\/hammertimecafe.hu\/termek\/base-lupercal-green-2\/#breadcrumb","itemListElement":[{"@type":"ListItem","position":1,"name":"Home","item":"https:\/\/hammertimecafe.hu\/"},{"@type":"ListItem","position":2,"name":"Shop","item":"https:\/\/hammertimecafe.hu\/uzlet\/"},{"@type":"ListItem","position":3,"name":"BASE: LUPERCAL GREEN"}]},{"@type":"WebSite","@id":"https:\/\/hammertimecafe.hu\/#website","url":"https:\/\/hammertimecafe.hu\/","name":"Hammertimecafe","description":"The Official Website and Webshop of HammerTime Cafe.","publisher":{"@id":"https:\/\/hammertimecafe.hu\/#organization"},"potentialAction":[{"@type":"SearchAction","target":{"@type":"EntryPoint","urlTemplate":"https:\/\/hammertimecafe.hu\/?s={search_term_string}"},"query-input":{"@type":"PropertyValueSpecification","valueRequired":true,"valueName":"search_term_string"}}],"inLanguage":"en-US"},{"@type":"Organization","@id":"https:\/\/hammertimecafe.hu\/#organization","name":"Hammertimecafe","url":"https:\/\/hammertimecafe.hu\/","logo":{"@type":"ImageObject","inLanguage":"en-US","@id":"https:\/\/hammertimecafe.hu\/#\/schema\/logo\/image\/","url":"https:\/\/htcwoo.test\/app\/uploads\/2025\/08\/logo_of_htc.png","contentUrl":"https:\/\/htcwoo.test\/app\/uploads\/2025\/08\/logo_of_htc.png","width":166,"height":73,"caption":"Hammertimecafe"},"image":{"@id":"https:\/\/hammertimecafe.hu\/#\/schema\/logo\/image\/"}}]}},"_links":{"self":[{"href":"https:\/\/hammertimecafe.hu\/en\/wp-json\/wp\/v2\/product\/24591","targetHints":{"allow":["GET"]}}],"collection":[{"href":"https:\/\/hammertimecafe.hu\/en\/wp-json\/wp\/v2\/product"}],"about":[{"href":"https:\/\/hammertimecafe.hu\/en\/wp-json\/wp\/v2\/types\/product"}],"replies":[{"embeddable":true,"href":"https:\/\/hammertimecafe.hu\/en\/wp-json\/wp\/v2\/comments?post=24591"}],"wp:featuredmedia":[{"embeddable":true,"href":"https:\/\/hammertimecafe.hu\/en\/wp-json\/wp\/v2\/media\/25084"}],"wp:attachment":[{"href":"https:\/\/hammertimecafe.hu\/en\/wp-json\/wp\/v2\/media?parent=24591"}],"wp:term":[{"taxonomy":"product_brand","embeddable":true,"href":"https:\/\/hammertimecafe.hu\/en\/wp-json\/wp\/v2\/product_brand?post=24591"},{"taxonomy":"product_cat","embeddable":true,"href":"https:\/\/hammertimecafe.hu\/en\/wp-json\/wp\/v2\/product_cat?post=24591"},{"taxonomy":"product_tag","embeddable":true,"href":"https:\/\/hammertimecafe.hu\/en\/wp-json\/wp\/v2\/product_tag?post=24591"}],"curies":[{"name":"wp","href":"https:\/\/api.w.org\/{rel}","templated":true}]}}