{"id":24600,"date":"2025-12-14T14:25:51","date_gmt":"2025-12-14T13:25:51","guid":{"rendered":"https:\/\/new.hammertimecafe.hu\/?post_type=product&#038;p=24600"},"modified":"2025-12-14T18:59:31","modified_gmt":"2025-12-14T17:59:31","slug":"t03003-tools-budget-riffler-file-set","status":"publish","type":"product","link":"https:\/\/hammertimecafe.hu\/en\/product\/t03003-tools-budget-riffler-file-set\/","title":{"rendered":"T03003 Tools &#8211; Budget riffler file set"},"content":{"rendered":"<p>For reaching places not accessible with other needle files. Ideal for working on uneven surfaces. Although these are double ended files, they are still the same size as the needle files and are designed to have a very fine cutting surface with good sharp<\/p>","protected":false},"excerpt":{"rendered":"<p>10 db-os hajl\u00edtott reszel\u0151 k\u00e9szlet modellez\u00e9shez.<\/p>","protected":false},"featured_media":25146,"comment_status":"open","ping_status":"closed","template":"","meta":{"_acf_changed":false},"product_brand":[380],"product_cat":[134,127,207],"product_tag":[],"class_list":{"0":"post-24600","1":"product","2":"type-product","3":"status-publish","4":"has-post-thumbnail","6":"product_brand-vallejo","7":"product_cat-ecsetek-es-eszkozok","8":"product_cat-festekek-es-eszkozok","9":"product_cat-vallejo","11":"first","12":"onbackorder","13":"sale","14":"taxable","15":"shipping-taxable","16":"purchasable","17":"product-type-simple"},"acf":[],"yoast_head":"<!-- This site is optimized with the Yoast SEO Premium plugin v25.6 (Yoast SEO v25.6) - https:\/\/yoast.com\/wordpress\/plugins\/seo\/ -->\n<title>T03003 Tools - Budget riffler file set<\/title>\n<meta name=\"description\" content=\"T03003 Tools - Budget riffler file set\" \/>\n<meta name=\"robots\" content=\"index, follow, max-snippet:-1, max-image-preview:large, max-video-preview:-1\" \/>\n<link rel=\"canonical\" href=\"https:\/\/hammertimecafe.hu\/en\/product\/t03003-tools-budget-riffler-file-set\/\" \/>\n<meta property=\"og:locale\" content=\"en_US\" \/>\n<meta property=\"og:type\" content=\"article\" \/>\n<meta property=\"og:title\" content=\"T03003 Tools - Budget riffler file set\" \/>\n<meta property=\"og:description\" content=\"T03003 Tools - Budget riffler file set\" \/>\n<meta property=\"og:url\" content=\"https:\/\/hammertimecafe.hu\/en\/product\/t03003-tools-budget-riffler-file-set\/\" \/>\n<meta property=\"og:site_name\" content=\"HammerTime Cafe Webshop\" \/>\n<meta property=\"article:modified_time\" content=\"2025-12-14T17:59:31+00:00\" \/>\n<meta property=\"og:image\" content=\"https:\/\/hammertimecafe.hu\/app\/uploads\/2025\/12\/8429551930116_vdgojcxdv7jkc4s1.png\" \/>\n\t<meta property=\"og:image:width\" content=\"1\" \/>\n\t<meta property=\"og:image:height\" content=\"1\" \/>\n\t<meta property=\"og:image:type\" content=\"image\/png\" \/>\n<meta name=\"twitter:card\" content=\"summary_large_image\" \/>\n<meta name=\"twitter:label1\" content=\"Est. reading time\" \/>\n\t<meta name=\"twitter:data1\" content=\"1 minute\" \/>\n<script type=\"application\/ld+json\" class=\"yoast-schema-graph\">{\"@context\":\"https:\/\/schema.org\",\"@graph\":[{\"@type\":\"WebPage\",\"@id\":\"https:\/\/hammertimecafe.hu\/termek\/t03003-tools-budget-riffler-file-set\/\",\"url\":\"https:\/\/hammertimecafe.hu\/termek\/t03003-tools-budget-riffler-file-set\/\",\"name\":\"T03003 Tools - Budget riffler file set\",\"isPartOf\":{\"@id\":\"https:\/\/hammertimecafe.hu\/#website\"},\"primaryImageOfPage\":{\"@id\":\"https:\/\/hammertimecafe.hu\/termek\/t03003-tools-budget-riffler-file-set\/#primaryimage\"},\"image\":{\"@id\":\"https:\/\/hammertimecafe.hu\/termek\/t03003-tools-budget-riffler-file-set\/#primaryimage\"},\"thumbnailUrl\":\"https:\/\/hammertimecafe.hu\/app\/uploads\/2025\/12\/8429551930116_vdgojcxdv7jkc4s1.png\",\"datePublished\":\"2025-12-14T13:25:51+00:00\",\"dateModified\":\"2025-12-14T17:59:31+00:00\",\"description\":\"T03003 Tools - Budget riffler file set\",\"breadcrumb\":{\"@id\":\"https:\/\/hammertimecafe.hu\/termek\/t03003-tools-budget-riffler-file-set\/#breadcrumb\"},\"inLanguage\":\"en-US\",\"potentialAction\":[{\"@type\":\"ReadAction\",\"target\":[\"https:\/\/hammertimecafe.hu\/termek\/t03003-tools-budget-riffler-file-set\/\"]}]},{\"@type\":\"ImageObject\",\"inLanguage\":\"en-US\",\"@id\":\"https:\/\/hammertimecafe.hu\/termek\/t03003-tools-budget-riffler-file-set\/#primaryimage\",\"url\":\"https:\/\/hammertimecafe.hu\/app\/uploads\/2025\/12\/8429551930116_vdgojcxdv7jkc4s1.png\",\"contentUrl\":\"https:\/\/hammertimecafe.hu\/app\/uploads\/2025\/12\/8429551930116_vdgojcxdv7jkc4s1.png\"},{\"@type\":\"BreadcrumbList\",\"@id\":\"https:\/\/hammertimecafe.hu\/termek\/t03003-tools-budget-riffler-file-set\/#breadcrumb\",\"itemListElement\":[{\"@type\":\"ListItem\",\"position\":1,\"name\":\"Home\",\"item\":\"https:\/\/hammertimecafe.hu\/\"},{\"@type\":\"ListItem\",\"position\":2,\"name\":\"Shop\",\"item\":\"https:\/\/hammertimecafe.hu\/uzlet\/\"},{\"@type\":\"ListItem\",\"position\":3,\"name\":\"T03003 Tools &#8211; Budget riffler file set\"}]},{\"@type\":\"WebSite\",\"@id\":\"https:\/\/hammertimecafe.hu\/#website\",\"url\":\"https:\/\/hammertimecafe.hu\/\",\"name\":\"Hammertimecafe\",\"description\":\"A HammerTime Cafe Hivatalos Weboldala \u00e9s Webshopja.\",\"publisher\":{\"@id\":\"https:\/\/hammertimecafe.hu\/#organization\"},\"potentialAction\":[{\"@type\":\"SearchAction\",\"target\":{\"@type\":\"EntryPoint\",\"urlTemplate\":\"https:\/\/hammertimecafe.hu\/?s={search_term_string}\"},\"query-input\":{\"@type\":\"PropertyValueSpecification\",\"valueRequired\":true,\"valueName\":\"search_term_string\"}}],\"inLanguage\":\"en-US\"},{\"@type\":\"Organization\",\"@id\":\"https:\/\/hammertimecafe.hu\/#organization\",\"name\":\"Hammertimecafe\",\"url\":\"https:\/\/hammertimecafe.hu\/\",\"logo\":{\"@type\":\"ImageObject\",\"inLanguage\":\"en-US\",\"@id\":\"https:\/\/hammertimecafe.hu\/#\/schema\/logo\/image\/\",\"url\":\"https:\/\/htcwoo.test\/app\/uploads\/2025\/08\/logo_of_htc.png\",\"contentUrl\":\"https:\/\/htcwoo.test\/app\/uploads\/2025\/08\/logo_of_htc.png\",\"width\":166,\"height\":73,\"caption\":\"Hammertimecafe\"},\"image\":{\"@id\":\"https:\/\/hammertimecafe.hu\/#\/schema\/logo\/image\/\"}}]}<\/script>\n<!-- \/ Yoast SEO Premium plugin. -->","yoast_head_json":{"title":"T03003 Tools - Budget riffler file set","description":"T03003 Tools - Budget riffler file set","robots":{"index":"index","follow":"follow","max-snippet":"max-snippet:-1","max-image-preview":"max-image-preview:large","max-video-preview":"max-video-preview:-1"},"canonical":"https:\/\/hammertimecafe.hu\/en\/product\/t03003-tools-budget-riffler-file-set\/","og_locale":"en_US","og_type":"article","og_title":"T03003 Tools - Budget riffler file set","og_description":"T03003 Tools - Budget riffler file set","og_url":"https:\/\/hammertimecafe.hu\/en\/product\/t03003-tools-budget-riffler-file-set\/","og_site_name":"HammerTime Cafe Webshop","article_modified_time":"2025-12-14T17:59:31+00:00","og_image":[{"url":"https:\/\/hammertimecafe.hu\/app\/uploads\/2025\/12\/8429551930116_vdgojcxdv7jkc4s1.png","width":1,"height":1,"type":"image\/png"}],"twitter_card":"summary_large_image","twitter_misc":{"Est. reading time":"1 minute"},"schema":{"@context":"https:\/\/schema.org","@graph":[{"@type":"WebPage","@id":"https:\/\/hammertimecafe.hu\/termek\/t03003-tools-budget-riffler-file-set\/","url":"https:\/\/hammertimecafe.hu\/termek\/t03003-tools-budget-riffler-file-set\/","name":"T03003 Tools - Budget riffler file set","isPartOf":{"@id":"https:\/\/hammertimecafe.hu\/#website"},"primaryImageOfPage":{"@id":"https:\/\/hammertimecafe.hu\/termek\/t03003-tools-budget-riffler-file-set\/#primaryimage"},"image":{"@id":"https:\/\/hammertimecafe.hu\/termek\/t03003-tools-budget-riffler-file-set\/#primaryimage"},"thumbnailUrl":"https:\/\/hammertimecafe.hu\/app\/uploads\/2025\/12\/8429551930116_vdgojcxdv7jkc4s1.png","datePublished":"2025-12-14T13:25:51+00:00","dateModified":"2025-12-14T17:59:31+00:00","description":"T03003 Tools - Budget riffler file set","breadcrumb":{"@id":"https:\/\/hammertimecafe.hu\/termek\/t03003-tools-budget-riffler-file-set\/#breadcrumb"},"inLanguage":"en-US","potentialAction":[{"@type":"ReadAction","target":["https:\/\/hammertimecafe.hu\/termek\/t03003-tools-budget-riffler-file-set\/"]}]},{"@type":"ImageObject","inLanguage":"en-US","@id":"https:\/\/hammertimecafe.hu\/termek\/t03003-tools-budget-riffler-file-set\/#primaryimage","url":"https:\/\/hammertimecafe.hu\/app\/uploads\/2025\/12\/8429551930116_vdgojcxdv7jkc4s1.png","contentUrl":"https:\/\/hammertimecafe.hu\/app\/uploads\/2025\/12\/8429551930116_vdgojcxdv7jkc4s1.png"},{"@type":"BreadcrumbList","@id":"https:\/\/hammertimecafe.hu\/termek\/t03003-tools-budget-riffler-file-set\/#breadcrumb","itemListElement":[{"@type":"ListItem","position":1,"name":"Home","item":"https:\/\/hammertimecafe.hu\/"},{"@type":"ListItem","position":2,"name":"Shop","item":"https:\/\/hammertimecafe.hu\/uzlet\/"},{"@type":"ListItem","position":3,"name":"T03003 Tools &#8211; Budget riffler file set"}]},{"@type":"WebSite","@id":"https:\/\/hammertimecafe.hu\/#website","url":"https:\/\/hammertimecafe.hu\/","name":"Hammertimecafe","description":"The Official Website and Webshop of HammerTime Cafe.","publisher":{"@id":"https:\/\/hammertimecafe.hu\/#organization"},"potentialAction":[{"@type":"SearchAction","target":{"@type":"EntryPoint","urlTemplate":"https:\/\/hammertimecafe.hu\/?s={search_term_string}"},"query-input":{"@type":"PropertyValueSpecification","valueRequired":true,"valueName":"search_term_string"}}],"inLanguage":"en-US"},{"@type":"Organization","@id":"https:\/\/hammertimecafe.hu\/#organization","name":"Hammertimecafe","url":"https:\/\/hammertimecafe.hu\/","logo":{"@type":"ImageObject","inLanguage":"en-US","@id":"https:\/\/hammertimecafe.hu\/#\/schema\/logo\/image\/","url":"https:\/\/htcwoo.test\/app\/uploads\/2025\/08\/logo_of_htc.png","contentUrl":"https:\/\/htcwoo.test\/app\/uploads\/2025\/08\/logo_of_htc.png","width":166,"height":73,"caption":"Hammertimecafe"},"image":{"@id":"https:\/\/hammertimecafe.hu\/#\/schema\/logo\/image\/"}}]}},"_links":{"self":[{"href":"https:\/\/hammertimecafe.hu\/en\/wp-json\/wp\/v2\/product\/24600","targetHints":{"allow":["GET"]}}],"collection":[{"href":"https:\/\/hammertimecafe.hu\/en\/wp-json\/wp\/v2\/product"}],"about":[{"href":"https:\/\/hammertimecafe.hu\/en\/wp-json\/wp\/v2\/types\/product"}],"replies":[{"embeddable":true,"href":"https:\/\/hammertimecafe.hu\/en\/wp-json\/wp\/v2\/comments?post=24600"}],"wp:featuredmedia":[{"embeddable":true,"href":"https:\/\/hammertimecafe.hu\/en\/wp-json\/wp\/v2\/media\/25146"}],"wp:attachment":[{"href":"https:\/\/hammertimecafe.hu\/en\/wp-json\/wp\/v2\/media?parent=24600"}],"wp:term":[{"taxonomy":"product_brand","embeddable":true,"href":"https:\/\/hammertimecafe.hu\/en\/wp-json\/wp\/v2\/product_brand?post=24600"},{"taxonomy":"product_cat","embeddable":true,"href":"https:\/\/hammertimecafe.hu\/en\/wp-json\/wp\/v2\/product_cat?post=24600"},{"taxonomy":"product_tag","embeddable":true,"href":"https:\/\/hammertimecafe.hu\/en\/wp-json\/wp\/v2\/product_tag?post=24600"}],"curies":[{"name":"wp","href":"https:\/\/api.w.org\/{rel}","templated":true}]}}