{"id":24641,"date":"2025-12-14T14:26:56","date_gmt":"2025-12-14T13:26:56","guid":{"rendered":"https:\/\/new.hammertimecafe.hu\/?post_type=product&#038;p=24641"},"modified":"2026-01-08T12:18:35","modified_gmt":"2026-01-08T11:18:35","slug":"70129-panzer-aces-skin-tone-and-splinter-camouflage-paint-set","status":"publish","type":"product","link":"https:\/\/hammertimecafe.hu\/en\/product\/70129-panzer-aces-skin-tone-and-splinter-camouflage-paint-set\/","title":{"rendered":"70129 Panzer Aces &#8211; Skin Tone and Splinter Camouflage Paint set"},"content":{"rendered":"<p>Tartalma:<\/p>\n<div class=\"woocommerce-product-details__short-description\">\n<p>70.341 Flesh Base<br \/>70.342 Highlight Flesh<br \/>70.343 Shadows Flesh<br \/>70.344 White (German Tank Crew)<br \/>70.345 Splinter Camouflage Base<br \/>70.346 Splinter Blotches I<br \/>70.347 Splinter Blotches II<br \/>70.348 Splinter Strips<\/p>\n<div class=\"heateor_sss_sharing_container heateor_sss_horizontal_sharing\" data-heateor-ss-offset=\"0\" data-heateor-sss-href=\"https:\/\/acrylicosvallejo.com\/en\/product\/hobby\/sets\/figure-en\/skin-tones-and-camouflage-70129\/\">\n<div class=\"heateorSssClear\">\u00a0<\/div>\n<\/div>\n<\/div>","protected":false},"excerpt":{"rendered":"<p>8 db-os fest\u00e9k szett, b\u0151r t\u00f3nusok valamint feh\u00e9r \u00e9s szil\u00e1nkos \u00e1lcamint\u00e1k fest\u00e9s\u00e9hez.<\/p>","protected":false},"featured_media":25371,"comment_status":"open","ping_status":"closed","template":"","meta":{"_acf_changed":false},"product_brand":[380],"product_cat":[128,127,207],"product_tag":[],"class_list":{"0":"post-24641","1":"product","2":"type-product","3":"status-publish","4":"has-post-thumbnail","6":"product_brand-vallejo","7":"product_cat-festek-szettek","8":"product_cat-festekek-es-eszkozok","9":"product_cat-vallejo","11":"first","12":"onbackorder","13":"sale","14":"taxable","15":"shipping-taxable","16":"purchasable","17":"product-type-simple"},"acf":[],"yoast_head":"<!-- This site is optimized with the Yoast SEO Premium plugin v25.6 (Yoast SEO v25.6) - https:\/\/yoast.com\/wordpress\/plugins\/seo\/ -->\n<title>70129 Panzer Aces - Skin Tone and Splinter Camouflage Paint set<\/title>\n<meta name=\"description\" content=\"70129 Panzer Aces - Skin Tone and Splinter Camouflage Paint set\" \/>\n<meta name=\"robots\" content=\"index, follow, max-snippet:-1, max-image-preview:large, max-video-preview:-1\" \/>\n<link rel=\"canonical\" href=\"https:\/\/hammertimecafe.hu\/en\/product\/70129-panzer-aces-skin-tone-and-splinter-camouflage-paint-set\/\" \/>\n<meta property=\"og:locale\" content=\"en_US\" \/>\n<meta property=\"og:type\" content=\"article\" \/>\n<meta property=\"og:title\" content=\"70129 Panzer Aces - Skin Tone and Splinter Camouflage Paint set\" \/>\n<meta property=\"og:description\" content=\"70129 Panzer Aces - Skin Tone and Splinter Camouflage Paint set\" \/>\n<meta property=\"og:url\" content=\"https:\/\/hammertimecafe.hu\/en\/product\/70129-panzer-aces-skin-tone-and-splinter-camouflage-paint-set\/\" \/>\n<meta property=\"og:site_name\" content=\"HammerTime Cafe Webshop\" \/>\n<meta property=\"article:modified_time\" content=\"2026-01-08T11:18:35+00:00\" \/>\n<meta property=\"og:image\" content=\"https:\/\/hammertimecafe.hu\/app\/uploads\/2025\/12\/70129.jpg\" \/>\n\t<meta property=\"og:image:width\" content=\"1\" \/>\n\t<meta property=\"og:image:height\" content=\"1\" \/>\n\t<meta property=\"og:image:type\" content=\"image\/jpeg\" \/>\n<meta name=\"twitter:card\" content=\"summary_large_image\" \/>\n<script type=\"application\/ld+json\" class=\"yoast-schema-graph\">{\"@context\":\"https:\/\/schema.org\",\"@graph\":[{\"@type\":\"WebPage\",\"@id\":\"https:\/\/hammertimecafe.hu\/termek\/70129-panzer-aces-skin-tone-and-splinter-camouflage-paint-set\/\",\"url\":\"https:\/\/hammertimecafe.hu\/termek\/70129-panzer-aces-skin-tone-and-splinter-camouflage-paint-set\/\",\"name\":\"70129 Panzer Aces - Skin Tone and Splinter Camouflage Paint set\",\"isPartOf\":{\"@id\":\"https:\/\/hammertimecafe.hu\/#website\"},\"primaryImageOfPage\":{\"@id\":\"https:\/\/hammertimecafe.hu\/termek\/70129-panzer-aces-skin-tone-and-splinter-camouflage-paint-set\/#primaryimage\"},\"image\":{\"@id\":\"https:\/\/hammertimecafe.hu\/termek\/70129-panzer-aces-skin-tone-and-splinter-camouflage-paint-set\/#primaryimage\"},\"thumbnailUrl\":\"https:\/\/hammertimecafe.hu\/app\/uploads\/2025\/12\/70129.jpg\",\"datePublished\":\"2025-12-14T13:26:56+00:00\",\"dateModified\":\"2026-01-08T11:18:35+00:00\",\"description\":\"70129 Panzer Aces - Skin Tone and Splinter Camouflage Paint set\",\"breadcrumb\":{\"@id\":\"https:\/\/hammertimecafe.hu\/termek\/70129-panzer-aces-skin-tone-and-splinter-camouflage-paint-set\/#breadcrumb\"},\"inLanguage\":\"en-US\",\"potentialAction\":[{\"@type\":\"ReadAction\",\"target\":[\"https:\/\/hammertimecafe.hu\/termek\/70129-panzer-aces-skin-tone-and-splinter-camouflage-paint-set\/\"]}]},{\"@type\":\"ImageObject\",\"inLanguage\":\"en-US\",\"@id\":\"https:\/\/hammertimecafe.hu\/termek\/70129-panzer-aces-skin-tone-and-splinter-camouflage-paint-set\/#primaryimage\",\"url\":\"https:\/\/hammertimecafe.hu\/app\/uploads\/2025\/12\/70129.jpg\",\"contentUrl\":\"https:\/\/hammertimecafe.hu\/app\/uploads\/2025\/12\/70129.jpg\"},{\"@type\":\"BreadcrumbList\",\"@id\":\"https:\/\/hammertimecafe.hu\/termek\/70129-panzer-aces-skin-tone-and-splinter-camouflage-paint-set\/#breadcrumb\",\"itemListElement\":[{\"@type\":\"ListItem\",\"position\":1,\"name\":\"Home\",\"item\":\"https:\/\/hammertimecafe.hu\/\"},{\"@type\":\"ListItem\",\"position\":2,\"name\":\"Shop\",\"item\":\"https:\/\/hammertimecafe.hu\/uzlet\/\"},{\"@type\":\"ListItem\",\"position\":3,\"name\":\"70129 Panzer Aces &#8211; Skin Tone and Splinter Camouflage Paint set\"}]},{\"@type\":\"WebSite\",\"@id\":\"https:\/\/hammertimecafe.hu\/#website\",\"url\":\"https:\/\/hammertimecafe.hu\/\",\"name\":\"Hammertimecafe\",\"description\":\"A HammerTime Cafe Hivatalos Weboldala \u00e9s Webshopja.\",\"publisher\":{\"@id\":\"https:\/\/hammertimecafe.hu\/#organization\"},\"potentialAction\":[{\"@type\":\"SearchAction\",\"target\":{\"@type\":\"EntryPoint\",\"urlTemplate\":\"https:\/\/hammertimecafe.hu\/?s={search_term_string}\"},\"query-input\":{\"@type\":\"PropertyValueSpecification\",\"valueRequired\":true,\"valueName\":\"search_term_string\"}}],\"inLanguage\":\"en-US\"},{\"@type\":\"Organization\",\"@id\":\"https:\/\/hammertimecafe.hu\/#organization\",\"name\":\"Hammertimecafe\",\"url\":\"https:\/\/hammertimecafe.hu\/\",\"logo\":{\"@type\":\"ImageObject\",\"inLanguage\":\"en-US\",\"@id\":\"https:\/\/hammertimecafe.hu\/#\/schema\/logo\/image\/\",\"url\":\"https:\/\/htcwoo.test\/app\/uploads\/2025\/08\/logo_of_htc.png\",\"contentUrl\":\"https:\/\/htcwoo.test\/app\/uploads\/2025\/08\/logo_of_htc.png\",\"width\":166,\"height\":73,\"caption\":\"Hammertimecafe\"},\"image\":{\"@id\":\"https:\/\/hammertimecafe.hu\/#\/schema\/logo\/image\/\"}}]}<\/script>\n<!-- \/ Yoast SEO Premium plugin. -->","yoast_head_json":{"title":"70129 Panzer Aces - Skin Tone and Splinter Camouflage Paint set","description":"70129 Panzer Aces - Skin Tone and Splinter Camouflage Paint set","robots":{"index":"index","follow":"follow","max-snippet":"max-snippet:-1","max-image-preview":"max-image-preview:large","max-video-preview":"max-video-preview:-1"},"canonical":"https:\/\/hammertimecafe.hu\/en\/product\/70129-panzer-aces-skin-tone-and-splinter-camouflage-paint-set\/","og_locale":"en_US","og_type":"article","og_title":"70129 Panzer Aces - Skin Tone and Splinter Camouflage Paint set","og_description":"70129 Panzer Aces - Skin Tone and Splinter Camouflage Paint set","og_url":"https:\/\/hammertimecafe.hu\/en\/product\/70129-panzer-aces-skin-tone-and-splinter-camouflage-paint-set\/","og_site_name":"HammerTime Cafe Webshop","article_modified_time":"2026-01-08T11:18:35+00:00","og_image":[{"url":"https:\/\/hammertimecafe.hu\/app\/uploads\/2025\/12\/70129.jpg","width":1,"height":1,"type":"image\/jpeg"}],"twitter_card":"summary_large_image","schema":{"@context":"https:\/\/schema.org","@graph":[{"@type":"WebPage","@id":"https:\/\/hammertimecafe.hu\/termek\/70129-panzer-aces-skin-tone-and-splinter-camouflage-paint-set\/","url":"https:\/\/hammertimecafe.hu\/termek\/70129-panzer-aces-skin-tone-and-splinter-camouflage-paint-set\/","name":"70129 Panzer Aces - Skin Tone and Splinter Camouflage Paint set","isPartOf":{"@id":"https:\/\/hammertimecafe.hu\/#website"},"primaryImageOfPage":{"@id":"https:\/\/hammertimecafe.hu\/termek\/70129-panzer-aces-skin-tone-and-splinter-camouflage-paint-set\/#primaryimage"},"image":{"@id":"https:\/\/hammertimecafe.hu\/termek\/70129-panzer-aces-skin-tone-and-splinter-camouflage-paint-set\/#primaryimage"},"thumbnailUrl":"https:\/\/hammertimecafe.hu\/app\/uploads\/2025\/12\/70129.jpg","datePublished":"2025-12-14T13:26:56+00:00","dateModified":"2026-01-08T11:18:35+00:00","description":"70129 Panzer Aces - Skin Tone and Splinter Camouflage Paint set","breadcrumb":{"@id":"https:\/\/hammertimecafe.hu\/termek\/70129-panzer-aces-skin-tone-and-splinter-camouflage-paint-set\/#breadcrumb"},"inLanguage":"en-US","potentialAction":[{"@type":"ReadAction","target":["https:\/\/hammertimecafe.hu\/termek\/70129-panzer-aces-skin-tone-and-splinter-camouflage-paint-set\/"]}]},{"@type":"ImageObject","inLanguage":"en-US","@id":"https:\/\/hammertimecafe.hu\/termek\/70129-panzer-aces-skin-tone-and-splinter-camouflage-paint-set\/#primaryimage","url":"https:\/\/hammertimecafe.hu\/app\/uploads\/2025\/12\/70129.jpg","contentUrl":"https:\/\/hammertimecafe.hu\/app\/uploads\/2025\/12\/70129.jpg"},{"@type":"BreadcrumbList","@id":"https:\/\/hammertimecafe.hu\/termek\/70129-panzer-aces-skin-tone-and-splinter-camouflage-paint-set\/#breadcrumb","itemListElement":[{"@type":"ListItem","position":1,"name":"Home","item":"https:\/\/hammertimecafe.hu\/"},{"@type":"ListItem","position":2,"name":"Shop","item":"https:\/\/hammertimecafe.hu\/uzlet\/"},{"@type":"ListItem","position":3,"name":"70129 Panzer Aces &#8211; Skin Tone and Splinter Camouflage Paint set"}]},{"@type":"WebSite","@id":"https:\/\/hammertimecafe.hu\/#website","url":"https:\/\/hammertimecafe.hu\/","name":"Hammertimecafe","description":"The Official Website and Webshop of HammerTime Cafe.","publisher":{"@id":"https:\/\/hammertimecafe.hu\/#organization"},"potentialAction":[{"@type":"SearchAction","target":{"@type":"EntryPoint","urlTemplate":"https:\/\/hammertimecafe.hu\/?s={search_term_string}"},"query-input":{"@type":"PropertyValueSpecification","valueRequired":true,"valueName":"search_term_string"}}],"inLanguage":"en-US"},{"@type":"Organization","@id":"https:\/\/hammertimecafe.hu\/#organization","name":"Hammertimecafe","url":"https:\/\/hammertimecafe.hu\/","logo":{"@type":"ImageObject","inLanguage":"en-US","@id":"https:\/\/hammertimecafe.hu\/#\/schema\/logo\/image\/","url":"https:\/\/htcwoo.test\/app\/uploads\/2025\/08\/logo_of_htc.png","contentUrl":"https:\/\/htcwoo.test\/app\/uploads\/2025\/08\/logo_of_htc.png","width":166,"height":73,"caption":"Hammertimecafe"},"image":{"@id":"https:\/\/hammertimecafe.hu\/#\/schema\/logo\/image\/"}}]}},"_links":{"self":[{"href":"https:\/\/hammertimecafe.hu\/en\/wp-json\/wp\/v2\/product\/24641","targetHints":{"allow":["GET"]}}],"collection":[{"href":"https:\/\/hammertimecafe.hu\/en\/wp-json\/wp\/v2\/product"}],"about":[{"href":"https:\/\/hammertimecafe.hu\/en\/wp-json\/wp\/v2\/types\/product"}],"replies":[{"embeddable":true,"href":"https:\/\/hammertimecafe.hu\/en\/wp-json\/wp\/v2\/comments?post=24641"}],"wp:featuredmedia":[{"embeddable":true,"href":"https:\/\/hammertimecafe.hu\/en\/wp-json\/wp\/v2\/media\/25371"}],"wp:attachment":[{"href":"https:\/\/hammertimecafe.hu\/en\/wp-json\/wp\/v2\/media?parent=24641"}],"wp:term":[{"taxonomy":"product_brand","embeddable":true,"href":"https:\/\/hammertimecafe.hu\/en\/wp-json\/wp\/v2\/product_brand?post=24641"},{"taxonomy":"product_cat","embeddable":true,"href":"https:\/\/hammertimecafe.hu\/en\/wp-json\/wp\/v2\/product_cat?post=24641"},{"taxonomy":"product_tag","embeddable":true,"href":"https:\/\/hammertimecafe.hu\/en\/wp-json\/wp\/v2\/product_tag?post=24641"}],"curies":[{"name":"wp","href":"https:\/\/api.w.org\/{rel}","templated":true}]}}