{"id":24785,"date":"2025-12-14T14:27:29","date_gmt":"2025-12-14T13:27:29","guid":{"rendered":"https:\/\/new.hammertimecafe.hu\/?post_type=product&#038;p=24785"},"modified":"2026-01-08T12:18:50","modified_gmt":"2026-01-08T11:18:50","slug":"model-color-mustard-brown","status":"publish","type":"product","link":"https:\/\/hammertimecafe.hu\/en\/product\/model-color-mustard-brown\/","title":{"rendered":"MODEL COLOR: MUSTARD BROWN"},"content":{"rendered":"<p><span data-sheets-root=\"1\">MODEL COLOR: MUSTARD BROWN<\/span><\/p>\n<p>A Vallejo \u00faj fest\u00e9kformul\u00e1ja, amely leny\u0171g\u00f6z\u0151 ecsetelhet\u0151s\u00e9g\u00e9vel, kiv\u00e1l\u00f3 fed\u0151k\u00e9pess\u00e9g\u00e9vel \u00e9s remek matt fel\u00fclet\u00e9vel teszi \u00e9lvezetesebb\u00e9 a figurafest\u00e9st.<\/p>\n<p>A sz\u00edn gyorsan sz\u00e1rad, homog\u00e9n \u00e9s \u00f6nter\u00fcl\u0151 r\u00e9teget k\u00e9pezve, amely tiszteletben tartja a modelled legapr\u00f3bb r\u00e9szleteit is. Javasoljuk, hogy el\u0151zetesen alapozott fel\u00fcleten alkalmazd ezt a fest\u00e9ket.<\/p>\n<p>A csomagol\u00e1sr\u00f3l: A Model Color 18 ml-es szemcseppent\u0151s \u00fcvegekben ker\u00fcl forgalomba. Ez a csomagol\u00e1s megakad\u00e1lyozza a fest\u00e9k elp\u00e1rolg\u00e1s\u00e1t \u00e9s kisz\u00e1rad\u00e1s\u00e1t a tart\u00e1lyban, lehet\u0151v\u00e9 t\u00e9ve minim\u00e1lis mennyis\u00e9gben val\u00f3 haszn\u00e1lat\u00e1t \u00e9s hosszabb ideig \u0151rizhet\u0151s\u00e9g\u00e9t.<\/p>","protected":false},"excerpt":{"rendered":"<p><span data-sheets-root=\"1\">MODEL COLOR: MUSTARD BROWN<\/span><\/p>\n<p>A Vallejo \u00faj fest\u00e9kformul\u00e1ja, amely leny\u0171g\u00f6z\u0151 ecsetelhet\u0151s\u00e9g\u00e9vel, kiv\u00e1l\u00f3 fed\u0151k\u00e9pess\u00e9g\u00e9vel \u00e9s remek matt fel\u00fclet\u00e9vel teszi \u00e9lvezetesebb\u00e9 a figurafest\u00e9st.<\/p>\n<p>A sz\u00edn gyorsan sz\u00e1rad, homog\u00e9n \u00e9s \u00f6nter\u00fcl\u0151 r\u00e9teget k\u00e9pezve, amely tiszteletben tartja a modelled legapr\u00f3bb r\u00e9szleteit is. Javasoljuk, hogy el\u0151zetesen alapozott fel\u00fcleten alkalmazd ezt a fest\u00e9ket.<\/p>\n<p>A csomagol\u00e1sr\u00f3l: A Model Color 18 ml-es szemcseppent\u0151s \u00fcvegekben ker\u00fcl forgalomba. Ez a csomagol\u00e1s megakad\u00e1lyozza a fest\u00e9k elp\u00e1rolg\u00e1s\u00e1t \u00e9s kisz\u00e1rad\u00e1s\u00e1t a tart\u00e1lyban, lehet\u0151v\u00e9 t\u00e9ve minim\u00e1lis mennyis\u00e9gben val\u00f3 haszn\u00e1lat\u00e1t \u00e9s hosszabb ideig \u0151rizhet\u0151s\u00e9g\u00e9t.<\/p>","protected":false},"featured_media":25670,"comment_status":"open","ping_status":"closed","template":"","meta":{"_acf_changed":false},"product_brand":[380],"product_cat":[127,129,207],"product_tag":[],"class_list":{"0":"post-24785","1":"product","2":"type-product","3":"status-publish","4":"has-post-thumbnail","6":"product_brand-vallejo","7":"product_cat-festekek-es-eszkozok","8":"product_cat-tegelyes-festekek","9":"product_cat-vallejo","11":"first","12":"onbackorder","13":"sale","14":"taxable","15":"shipping-taxable","16":"purchasable","17":"product-type-simple"},"acf":[],"yoast_head":"<!-- This site is optimized with the Yoast SEO Premium plugin v25.6 (Yoast SEO v25.6) - https:\/\/yoast.com\/wordpress\/plugins\/seo\/ -->\n<title>MODEL COLOR: MUSTARD BROWN<\/title>\n<meta name=\"description\" content=\"A Vallejo \u00faj fest\u00e9kformul\u00e1ja, amely leny\u0171g\u00f6z\u0151 ecsetelhet\u0151s\u00e9g\u00e9vel, kiv\u00e1l\u00f3 fed\u0151k\u00e9pess\u00e9g\u00e9vel \u00e9s remek matt fel\u00fclet\u00e9vel teszi \u00e9lvezetesebb\u00e9 a figurafest\u00e9st.\" \/>\n<meta name=\"robots\" content=\"index, follow, max-snippet:-1, max-image-preview:large, max-video-preview:-1\" \/>\n<link rel=\"canonical\" href=\"https:\/\/hammertimecafe.hu\/en\/product\/model-color-mustard-brown\/\" \/>\n<meta property=\"og:locale\" content=\"en_US\" \/>\n<meta property=\"og:type\" content=\"article\" \/>\n<meta property=\"og:title\" content=\"MODEL COLOR: MUSTARD BROWN\" \/>\n<meta property=\"og:description\" content=\"A Vallejo \u00faj fest\u00e9kformul\u00e1ja, amely leny\u0171g\u00f6z\u0151 ecsetelhet\u0151s\u00e9g\u00e9vel, kiv\u00e1l\u00f3 fed\u0151k\u00e9pess\u00e9g\u00e9vel \u00e9s remek matt fel\u00fclet\u00e9vel teszi \u00e9lvezetesebb\u00e9 a figurafest\u00e9st.\" \/>\n<meta property=\"og:url\" content=\"https:\/\/hammertimecafe.hu\/en\/product\/model-color-mustard-brown\/\" \/>\n<meta property=\"og:site_name\" content=\"HammerTime Cafe Webshop\" \/>\n<meta property=\"article:modified_time\" content=\"2026-01-08T11:18:50+00:00\" \/>\n<meta property=\"og:image\" content=\"https:\/\/hammertimecafe.hu\/app\/uploads\/2025\/12\/model_color-_mustard_brown.jpeg\" \/>\n\t<meta property=\"og:image:width\" content=\"1\" \/>\n\t<meta property=\"og:image:height\" content=\"1\" \/>\n\t<meta property=\"og:image:type\" content=\"image\/jpeg\" \/>\n<meta name=\"twitter:card\" content=\"summary_large_image\" \/>\n<meta name=\"twitter:label1\" content=\"Est. reading time\" \/>\n\t<meta name=\"twitter:data1\" content=\"1 minute\" \/>\n<script type=\"application\/ld+json\" class=\"yoast-schema-graph\">{\"@context\":\"https:\/\/schema.org\",\"@graph\":[{\"@type\":\"WebPage\",\"@id\":\"https:\/\/hammertimecafe.hu\/termek\/model-color-mustard-brown\/\",\"url\":\"https:\/\/hammertimecafe.hu\/termek\/model-color-mustard-brown\/\",\"name\":\"MODEL COLOR: MUSTARD BROWN\",\"isPartOf\":{\"@id\":\"https:\/\/hammertimecafe.hu\/#website\"},\"primaryImageOfPage\":{\"@id\":\"https:\/\/hammertimecafe.hu\/termek\/model-color-mustard-brown\/#primaryimage\"},\"image\":{\"@id\":\"https:\/\/hammertimecafe.hu\/termek\/model-color-mustard-brown\/#primaryimage\"},\"thumbnailUrl\":\"https:\/\/hammertimecafe.hu\/app\/uploads\/2025\/12\/model_color-_mustard_brown.jpeg\",\"datePublished\":\"2025-12-14T13:27:29+00:00\",\"dateModified\":\"2026-01-08T11:18:50+00:00\",\"description\":\"A Vallejo \u00faj fest\u00e9kformul\u00e1ja, amely leny\u0171g\u00f6z\u0151 ecsetelhet\u0151s\u00e9g\u00e9vel, kiv\u00e1l\u00f3 fed\u0151k\u00e9pess\u00e9g\u00e9vel \u00e9s remek matt fel\u00fclet\u00e9vel teszi \u00e9lvezetesebb\u00e9 a figurafest\u00e9st.\",\"breadcrumb\":{\"@id\":\"https:\/\/hammertimecafe.hu\/termek\/model-color-mustard-brown\/#breadcrumb\"},\"inLanguage\":\"en-US\",\"potentialAction\":[{\"@type\":\"ReadAction\",\"target\":[\"https:\/\/hammertimecafe.hu\/termek\/model-color-mustard-brown\/\"]}]},{\"@type\":\"ImageObject\",\"inLanguage\":\"en-US\",\"@id\":\"https:\/\/hammertimecafe.hu\/termek\/model-color-mustard-brown\/#primaryimage\",\"url\":\"https:\/\/hammertimecafe.hu\/app\/uploads\/2025\/12\/model_color-_mustard_brown.jpeg\",\"contentUrl\":\"https:\/\/hammertimecafe.hu\/app\/uploads\/2025\/12\/model_color-_mustard_brown.jpeg\"},{\"@type\":\"BreadcrumbList\",\"@id\":\"https:\/\/hammertimecafe.hu\/termek\/model-color-mustard-brown\/#breadcrumb\",\"itemListElement\":[{\"@type\":\"ListItem\",\"position\":1,\"name\":\"Home\",\"item\":\"https:\/\/hammertimecafe.hu\/\"},{\"@type\":\"ListItem\",\"position\":2,\"name\":\"Shop\",\"item\":\"https:\/\/hammertimecafe.hu\/uzlet\/\"},{\"@type\":\"ListItem\",\"position\":3,\"name\":\"MODEL COLOR: MUSTARD BROWN\"}]},{\"@type\":\"WebSite\",\"@id\":\"https:\/\/hammertimecafe.hu\/#website\",\"url\":\"https:\/\/hammertimecafe.hu\/\",\"name\":\"Hammertimecafe\",\"description\":\"A HammerTime Cafe Hivatalos Weboldala \u00e9s Webshopja.\",\"publisher\":{\"@id\":\"https:\/\/hammertimecafe.hu\/#organization\"},\"potentialAction\":[{\"@type\":\"SearchAction\",\"target\":{\"@type\":\"EntryPoint\",\"urlTemplate\":\"https:\/\/hammertimecafe.hu\/?s={search_term_string}\"},\"query-input\":{\"@type\":\"PropertyValueSpecification\",\"valueRequired\":true,\"valueName\":\"search_term_string\"}}],\"inLanguage\":\"en-US\"},{\"@type\":\"Organization\",\"@id\":\"https:\/\/hammertimecafe.hu\/#organization\",\"name\":\"Hammertimecafe\",\"url\":\"https:\/\/hammertimecafe.hu\/\",\"logo\":{\"@type\":\"ImageObject\",\"inLanguage\":\"en-US\",\"@id\":\"https:\/\/hammertimecafe.hu\/#\/schema\/logo\/image\/\",\"url\":\"https:\/\/htcwoo.test\/app\/uploads\/2025\/08\/logo_of_htc.png\",\"contentUrl\":\"https:\/\/htcwoo.test\/app\/uploads\/2025\/08\/logo_of_htc.png\",\"width\":166,\"height\":73,\"caption\":\"Hammertimecafe\"},\"image\":{\"@id\":\"https:\/\/hammertimecafe.hu\/#\/schema\/logo\/image\/\"}}]}<\/script>\n<!-- \/ Yoast SEO Premium plugin. -->","yoast_head_json":{"title":"MODEL COLOR: MUSTARD BROWN","description":"A Vallejo \u00faj fest\u00e9kformul\u00e1ja, amely leny\u0171g\u00f6z\u0151 ecsetelhet\u0151s\u00e9g\u00e9vel, kiv\u00e1l\u00f3 fed\u0151k\u00e9pess\u00e9g\u00e9vel \u00e9s remek matt fel\u00fclet\u00e9vel teszi \u00e9lvezetesebb\u00e9 a figurafest\u00e9st.","robots":{"index":"index","follow":"follow","max-snippet":"max-snippet:-1","max-image-preview":"max-image-preview:large","max-video-preview":"max-video-preview:-1"},"canonical":"https:\/\/hammertimecafe.hu\/en\/product\/model-color-mustard-brown\/","og_locale":"en_US","og_type":"article","og_title":"MODEL COLOR: MUSTARD BROWN","og_description":"A Vallejo \u00faj fest\u00e9kformul\u00e1ja, amely leny\u0171g\u00f6z\u0151 ecsetelhet\u0151s\u00e9g\u00e9vel, kiv\u00e1l\u00f3 fed\u0151k\u00e9pess\u00e9g\u00e9vel \u00e9s remek matt fel\u00fclet\u00e9vel teszi \u00e9lvezetesebb\u00e9 a figurafest\u00e9st.","og_url":"https:\/\/hammertimecafe.hu\/en\/product\/model-color-mustard-brown\/","og_site_name":"HammerTime Cafe Webshop","article_modified_time":"2026-01-08T11:18:50+00:00","og_image":[{"url":"https:\/\/hammertimecafe.hu\/app\/uploads\/2025\/12\/model_color-_mustard_brown.jpeg","width":1,"height":1,"type":"image\/jpeg"}],"twitter_card":"summary_large_image","twitter_misc":{"Est. reading time":"1 minute"},"schema":{"@context":"https:\/\/schema.org","@graph":[{"@type":"WebPage","@id":"https:\/\/hammertimecafe.hu\/termek\/model-color-mustard-brown\/","url":"https:\/\/hammertimecafe.hu\/termek\/model-color-mustard-brown\/","name":"MODEL COLOR: MUSTARD BROWN","isPartOf":{"@id":"https:\/\/hammertimecafe.hu\/#website"},"primaryImageOfPage":{"@id":"https:\/\/hammertimecafe.hu\/termek\/model-color-mustard-brown\/#primaryimage"},"image":{"@id":"https:\/\/hammertimecafe.hu\/termek\/model-color-mustard-brown\/#primaryimage"},"thumbnailUrl":"https:\/\/hammertimecafe.hu\/app\/uploads\/2025\/12\/model_color-_mustard_brown.jpeg","datePublished":"2025-12-14T13:27:29+00:00","dateModified":"2026-01-08T11:18:50+00:00","description":"A Vallejo \u00faj fest\u00e9kformul\u00e1ja, amely leny\u0171g\u00f6z\u0151 ecsetelhet\u0151s\u00e9g\u00e9vel, kiv\u00e1l\u00f3 fed\u0151k\u00e9pess\u00e9g\u00e9vel \u00e9s remek matt fel\u00fclet\u00e9vel teszi \u00e9lvezetesebb\u00e9 a figurafest\u00e9st.","breadcrumb":{"@id":"https:\/\/hammertimecafe.hu\/termek\/model-color-mustard-brown\/#breadcrumb"},"inLanguage":"en-US","potentialAction":[{"@type":"ReadAction","target":["https:\/\/hammertimecafe.hu\/termek\/model-color-mustard-brown\/"]}]},{"@type":"ImageObject","inLanguage":"en-US","@id":"https:\/\/hammertimecafe.hu\/termek\/model-color-mustard-brown\/#primaryimage","url":"https:\/\/hammertimecafe.hu\/app\/uploads\/2025\/12\/model_color-_mustard_brown.jpeg","contentUrl":"https:\/\/hammertimecafe.hu\/app\/uploads\/2025\/12\/model_color-_mustard_brown.jpeg"},{"@type":"BreadcrumbList","@id":"https:\/\/hammertimecafe.hu\/termek\/model-color-mustard-brown\/#breadcrumb","itemListElement":[{"@type":"ListItem","position":1,"name":"Home","item":"https:\/\/hammertimecafe.hu\/"},{"@type":"ListItem","position":2,"name":"Shop","item":"https:\/\/hammertimecafe.hu\/uzlet\/"},{"@type":"ListItem","position":3,"name":"MODEL COLOR: MUSTARD BROWN"}]},{"@type":"WebSite","@id":"https:\/\/hammertimecafe.hu\/#website","url":"https:\/\/hammertimecafe.hu\/","name":"Hammertimecafe","description":"The Official Website and Webshop of HammerTime Cafe.","publisher":{"@id":"https:\/\/hammertimecafe.hu\/#organization"},"potentialAction":[{"@type":"SearchAction","target":{"@type":"EntryPoint","urlTemplate":"https:\/\/hammertimecafe.hu\/?s={search_term_string}"},"query-input":{"@type":"PropertyValueSpecification","valueRequired":true,"valueName":"search_term_string"}}],"inLanguage":"en-US"},{"@type":"Organization","@id":"https:\/\/hammertimecafe.hu\/#organization","name":"Hammertimecafe","url":"https:\/\/hammertimecafe.hu\/","logo":{"@type":"ImageObject","inLanguage":"en-US","@id":"https:\/\/hammertimecafe.hu\/#\/schema\/logo\/image\/","url":"https:\/\/htcwoo.test\/app\/uploads\/2025\/08\/logo_of_htc.png","contentUrl":"https:\/\/htcwoo.test\/app\/uploads\/2025\/08\/logo_of_htc.png","width":166,"height":73,"caption":"Hammertimecafe"},"image":{"@id":"https:\/\/hammertimecafe.hu\/#\/schema\/logo\/image\/"}}]}},"_links":{"self":[{"href":"https:\/\/hammertimecafe.hu\/en\/wp-json\/wp\/v2\/product\/24785","targetHints":{"allow":["GET"]}}],"collection":[{"href":"https:\/\/hammertimecafe.hu\/en\/wp-json\/wp\/v2\/product"}],"about":[{"href":"https:\/\/hammertimecafe.hu\/en\/wp-json\/wp\/v2\/types\/product"}],"replies":[{"embeddable":true,"href":"https:\/\/hammertimecafe.hu\/en\/wp-json\/wp\/v2\/comments?post=24785"}],"wp:featuredmedia":[{"embeddable":true,"href":"https:\/\/hammertimecafe.hu\/en\/wp-json\/wp\/v2\/media\/25670"}],"wp:attachment":[{"href":"https:\/\/hammertimecafe.hu\/en\/wp-json\/wp\/v2\/media?parent=24785"}],"wp:term":[{"taxonomy":"product_brand","embeddable":true,"href":"https:\/\/hammertimecafe.hu\/en\/wp-json\/wp\/v2\/product_brand?post=24785"},{"taxonomy":"product_cat","embeddable":true,"href":"https:\/\/hammertimecafe.hu\/en\/wp-json\/wp\/v2\/product_cat?post=24785"},{"taxonomy":"product_tag","embeddable":true,"href":"https:\/\/hammertimecafe.hu\/en\/wp-json\/wp\/v2\/product_tag?post=24785"}],"curies":[{"name":"wp","href":"https:\/\/api.w.org\/{rel}","templated":true}]}}