{"id":26207,"date":"2026-01-17T12:38:13","date_gmt":"2026-01-17T11:38:13","guid":{"rendered":"https:\/\/hammertimecafe.hu\/?post_type=product&#038;p=26207"},"modified":"2026-02-20T11:01:55","modified_gmt":"2026-02-20T10:01:55","slug":"the-path-of-cirith-ungol-shelob-and-gollum-harom-middle-earth-sbg-miniaturat-kinal-shelobbal-gollummal-es-behalozott-frodoval","status":"publish","type":"product","link":"https:\/\/hammertimecafe.hu\/en\/product\/the-path-of-cirith-ungol-shelob-and-gollum-harom-middle-earth-sbg-miniaturat-kinal-shelobbal-gollummal-es-behalozott-frodoval\/","title":{"rendered":"THE PATH OF CIRITH UNGOL: SHELOB AND GOLLUM"},"content":{"rendered":"<p>The Path of Cirith Ungol: Shelob And Gollum recreates the chilling ambush by Shelob from The Lord of the Rings: The Return of the King for the Middle-earth\u2122 Strategy Battle Game. This set includes three plastic miniatures that capture the menace and tension of Cirith Ungol.<\/p>\n<p>Shelob is a terrifying monster capable of paralysing enemies and ensnaring prey in sticky webs, while Gollum (or Sm\u00e9agol) excels at sneaking and striking from the shadows. The Path of Cirith Ungol: Shelob And Gollum also contains a webbed Frodo miniature, usable as an objective marker in the Bravery of Master Samwise scenario from the Treachery of Gollum journal. Perfect for narrative play and collectors alike. <a href=\"https:\/\/hammertimecafe.hu\/en\/product\/middle-earth-strategy-battle-game-journal-the-treachery-of-gollum\/\" target=\"_blank\" rel=\"noopener\">Treachery of Gollum<\/a> szab\u00e1lyk\u00f6nyvben. Ide\u00e1lis v\u00e1laszt\u00e1s narrat\u00edv j\u00e1t\u00e9kosoknak \u00e9s gy\u0171jt\u0151knek.<\/p>\n<p>The miniatures require assembly and painting.<\/p>","protected":false},"excerpt":{"rendered":"<p>The Path of Cirith Ungol: Shelob And Gollum recreates the chilling ambush by Shelob from The Lord of the Rings: The Return of the King for the Middle-earth\u2122 Strategy Battle Game. This set includes three plastic miniatures that capture the menace and tension of Cirith Ungol.<\/p>","protected":false},"featured_media":26200,"comment_status":"open","ping_status":"closed","template":"","meta":{"_acf_changed":false},"product_brand":[46],"product_cat":[183,19],"product_tag":[],"class_list":{"0":"post-26207","1":"product","2":"type-product","3":"status-publish","4":"has-post-thumbnail","6":"product_brand-games-workshop","7":"product_cat-the-lord-of-the-rings","8":"product_cat-wargame","10":"first","11":"onbackorder","12":"sale","13":"taxable","14":"shipping-taxable","15":"purchasable","16":"product-type-simple"},"acf":[],"yoast_head":"<!-- This site is optimized with the Yoast SEO Premium plugin v25.6 (Yoast SEO v25.6) - https:\/\/yoast.com\/wordpress\/plugins\/seo\/ -->\n<title>THE PATH OF CIRITH UNGOL: SHELOB AND GOLLUM - HammerTime Cafe Webshop<\/title>\n<meta name=\"robots\" content=\"index, follow, max-snippet:-1, max-image-preview:large, max-video-preview:-1\" \/>\n<link rel=\"canonical\" href=\"https:\/\/hammertimecafe.hu\/en\/product\/the-path-of-cirith-ungol-shelob-and-gollum-harom-middle-earth-sbg-miniaturat-kinal-shelobbal-gollummal-es-behalozott-frodoval\/\" \/>\n<meta property=\"og:locale\" content=\"en_US\" \/>\n<meta property=\"og:type\" content=\"article\" \/>\n<meta property=\"og:title\" content=\"THE PATH OF CIRITH UNGOL: SHELOB AND GOLLUM\" \/>\n<meta property=\"og:description\" content=\"A The Path of Cirith Ungol: Shelob And Gollum k\u00e9szlet \u00fajraalkotja Shelob dermeszt\u0151 t\u00e1mad\u00e1s\u00e1t a The Lord of the Rings: The Return of the King esem\u00e9nyei alapj\u00e1n, a Middle-earth\u2122 Strategy Battle Game asztal\u00e1n. A doboz h\u00e1rom m\u0171anyag miniat\u00far\u00e1t tartalmaz, amelyek t\u00f6k\u00e9letesen visszaadj\u00e1k Cirith Ungol s\u00f6t\u00e9t hangulat\u00e1t.\" \/>\n<meta property=\"og:url\" content=\"https:\/\/hammertimecafe.hu\/en\/product\/the-path-of-cirith-ungol-shelob-and-gollum-harom-middle-earth-sbg-miniaturat-kinal-shelobbal-gollummal-es-behalozott-frodoval\/\" \/>\n<meta property=\"og:site_name\" content=\"HammerTime Cafe Webshop\" \/>\n<meta property=\"article:modified_time\" content=\"2026-02-20T10:01:55+00:00\" \/>\n<meta property=\"og:image\" content=\"https:\/\/hammertimecafe.hu\/app\/uploads\/2026\/01\/MiddleEarthPathOfCirithUngolShelobAndGollum.jpg\" \/>\n\t<meta property=\"og:image:width\" content=\"1840\" \/>\n\t<meta property=\"og:image:height\" content=\"1900\" \/>\n\t<meta property=\"og:image:type\" content=\"image\/jpeg\" \/>\n<meta name=\"twitter:card\" content=\"summary_large_image\" \/>\n<meta name=\"twitter:label1\" content=\"Est. reading time\" \/>\n\t<meta name=\"twitter:data1\" content=\"1 minute\" \/>\n<script type=\"application\/ld+json\" class=\"yoast-schema-graph\">{\"@context\":\"https:\/\/schema.org\",\"@graph\":[{\"@type\":\"WebPage\",\"@id\":\"https:\/\/hammertimecafe.hu\/termek\/the-path-of-cirith-ungol-shelob-and-gollum-harom-middle-earth-sbg-miniaturat-kinal-shelobbal-gollummal-es-behalozott-frodoval\/\",\"url\":\"https:\/\/hammertimecafe.hu\/termek\/the-path-of-cirith-ungol-shelob-and-gollum-harom-middle-earth-sbg-miniaturat-kinal-shelobbal-gollummal-es-behalozott-frodoval\/\",\"name\":\"THE PATH OF CIRITH UNGOL: SHELOB AND GOLLUM - HammerTime Cafe Webshop\",\"isPartOf\":{\"@id\":\"https:\/\/hammertimecafe.hu\/#website\"},\"primaryImageOfPage\":{\"@id\":\"https:\/\/hammertimecafe.hu\/termek\/the-path-of-cirith-ungol-shelob-and-gollum-harom-middle-earth-sbg-miniaturat-kinal-shelobbal-gollummal-es-behalozott-frodoval\/#primaryimage\"},\"image\":{\"@id\":\"https:\/\/hammertimecafe.hu\/termek\/the-path-of-cirith-ungol-shelob-and-gollum-harom-middle-earth-sbg-miniaturat-kinal-shelobbal-gollummal-es-behalozott-frodoval\/#primaryimage\"},\"thumbnailUrl\":\"https:\/\/hammertimecafe.hu\/app\/uploads\/2026\/01\/MiddleEarthPathOfCirithUngolShelobAndGollum.jpg\",\"datePublished\":\"2026-01-17T11:38:13+00:00\",\"dateModified\":\"2026-02-20T10:01:55+00:00\",\"breadcrumb\":{\"@id\":\"https:\/\/hammertimecafe.hu\/termek\/the-path-of-cirith-ungol-shelob-and-gollum-harom-middle-earth-sbg-miniaturat-kinal-shelobbal-gollummal-es-behalozott-frodoval\/#breadcrumb\"},\"inLanguage\":\"en-US\",\"potentialAction\":[{\"@type\":\"ReadAction\",\"target\":[\"https:\/\/hammertimecafe.hu\/termek\/the-path-of-cirith-ungol-shelob-and-gollum-harom-middle-earth-sbg-miniaturat-kinal-shelobbal-gollummal-es-behalozott-frodoval\/\"]}]},{\"@type\":\"ImageObject\",\"inLanguage\":\"en-US\",\"@id\":\"https:\/\/hammertimecafe.hu\/termek\/the-path-of-cirith-ungol-shelob-and-gollum-harom-middle-earth-sbg-miniaturat-kinal-shelobbal-gollummal-es-behalozott-frodoval\/#primaryimage\",\"url\":\"https:\/\/hammertimecafe.hu\/app\/uploads\/2026\/01\/MiddleEarthPathOfCirithUngolShelobAndGollum.jpg\",\"contentUrl\":\"https:\/\/hammertimecafe.hu\/app\/uploads\/2026\/01\/MiddleEarthPathOfCirithUngolShelobAndGollum.jpg\",\"width\":1840,\"height\":1900,\"caption\":\"MiddleEarthPathOfCirithUngolShelobAndGollum\"},{\"@type\":\"BreadcrumbList\",\"@id\":\"https:\/\/hammertimecafe.hu\/termek\/the-path-of-cirith-ungol-shelob-and-gollum-harom-middle-earth-sbg-miniaturat-kinal-shelobbal-gollummal-es-behalozott-frodoval\/#breadcrumb\",\"itemListElement\":[{\"@type\":\"ListItem\",\"position\":1,\"name\":\"Home\",\"item\":\"https:\/\/hammertimecafe.hu\/\"},{\"@type\":\"ListItem\",\"position\":2,\"name\":\"Shop\",\"item\":\"https:\/\/hammertimecafe.hu\/uzlet\/\"},{\"@type\":\"ListItem\",\"position\":3,\"name\":\"THE PATH OF CIRITH UNGOL: SHELOB AND GOLLUM\"}]},{\"@type\":\"WebSite\",\"@id\":\"https:\/\/hammertimecafe.hu\/#website\",\"url\":\"https:\/\/hammertimecafe.hu\/\",\"name\":\"Hammertimecafe\",\"description\":\"A HammerTime Cafe Hivatalos Weboldala \u00e9s Webshopja.\",\"publisher\":{\"@id\":\"https:\/\/hammertimecafe.hu\/#organization\"},\"potentialAction\":[{\"@type\":\"SearchAction\",\"target\":{\"@type\":\"EntryPoint\",\"urlTemplate\":\"https:\/\/hammertimecafe.hu\/?s={search_term_string}\"},\"query-input\":{\"@type\":\"PropertyValueSpecification\",\"valueRequired\":true,\"valueName\":\"search_term_string\"}}],\"inLanguage\":\"en-US\"},{\"@type\":\"Organization\",\"@id\":\"https:\/\/hammertimecafe.hu\/#organization\",\"name\":\"Hammertimecafe\",\"url\":\"https:\/\/hammertimecafe.hu\/\",\"logo\":{\"@type\":\"ImageObject\",\"inLanguage\":\"en-US\",\"@id\":\"https:\/\/hammertimecafe.hu\/#\/schema\/logo\/image\/\",\"url\":\"https:\/\/htcwoo.test\/app\/uploads\/2025\/08\/logo_of_htc.png\",\"contentUrl\":\"https:\/\/htcwoo.test\/app\/uploads\/2025\/08\/logo_of_htc.png\",\"width\":166,\"height\":73,\"caption\":\"Hammertimecafe\"},\"image\":{\"@id\":\"https:\/\/hammertimecafe.hu\/#\/schema\/logo\/image\/\"}}]}<\/script>\n<!-- \/ Yoast SEO Premium plugin. -->","yoast_head_json":{"title":"THE PATH OF CIRITH UNGOL: SHELOB AND GOLLUM - HammerTime Cafe Webshop","robots":{"index":"index","follow":"follow","max-snippet":"max-snippet:-1","max-image-preview":"max-image-preview:large","max-video-preview":"max-video-preview:-1"},"canonical":"https:\/\/hammertimecafe.hu\/en\/product\/the-path-of-cirith-ungol-shelob-and-gollum-harom-middle-earth-sbg-miniaturat-kinal-shelobbal-gollummal-es-behalozott-frodoval\/","og_locale":"en_US","og_type":"article","og_title":"THE PATH OF CIRITH UNGOL: SHELOB AND GOLLUM","og_description":"A The Path of Cirith Ungol: Shelob And Gollum k\u00e9szlet \u00fajraalkotja Shelob dermeszt\u0151 t\u00e1mad\u00e1s\u00e1t a The Lord of the Rings: The Return of the King esem\u00e9nyei alapj\u00e1n, a Middle-earth\u2122 Strategy Battle Game asztal\u00e1n. A doboz h\u00e1rom m\u0171anyag miniat\u00far\u00e1t tartalmaz, amelyek t\u00f6k\u00e9letesen visszaadj\u00e1k Cirith Ungol s\u00f6t\u00e9t hangulat\u00e1t.","og_url":"https:\/\/hammertimecafe.hu\/en\/product\/the-path-of-cirith-ungol-shelob-and-gollum-harom-middle-earth-sbg-miniaturat-kinal-shelobbal-gollummal-es-behalozott-frodoval\/","og_site_name":"HammerTime Cafe Webshop","article_modified_time":"2026-02-20T10:01:55+00:00","og_image":[{"width":1840,"height":1900,"url":"https:\/\/hammertimecafe.hu\/app\/uploads\/2026\/01\/MiddleEarthPathOfCirithUngolShelobAndGollum.jpg","type":"image\/jpeg"}],"twitter_card":"summary_large_image","twitter_misc":{"Est. reading time":"1 minute"},"schema":{"@context":"https:\/\/schema.org","@graph":[{"@type":"WebPage","@id":"https:\/\/hammertimecafe.hu\/termek\/the-path-of-cirith-ungol-shelob-and-gollum-harom-middle-earth-sbg-miniaturat-kinal-shelobbal-gollummal-es-behalozott-frodoval\/","url":"https:\/\/hammertimecafe.hu\/termek\/the-path-of-cirith-ungol-shelob-and-gollum-harom-middle-earth-sbg-miniaturat-kinal-shelobbal-gollummal-es-behalozott-frodoval\/","name":"THE PATH OF CIRITH UNGOL: SHELOB AND GOLLUM - HammerTime Cafe Webshop","isPartOf":{"@id":"https:\/\/hammertimecafe.hu\/#website"},"primaryImageOfPage":{"@id":"https:\/\/hammertimecafe.hu\/termek\/the-path-of-cirith-ungol-shelob-and-gollum-harom-middle-earth-sbg-miniaturat-kinal-shelobbal-gollummal-es-behalozott-frodoval\/#primaryimage"},"image":{"@id":"https:\/\/hammertimecafe.hu\/termek\/the-path-of-cirith-ungol-shelob-and-gollum-harom-middle-earth-sbg-miniaturat-kinal-shelobbal-gollummal-es-behalozott-frodoval\/#primaryimage"},"thumbnailUrl":"https:\/\/hammertimecafe.hu\/app\/uploads\/2026\/01\/MiddleEarthPathOfCirithUngolShelobAndGollum.jpg","datePublished":"2026-01-17T11:38:13+00:00","dateModified":"2026-02-20T10:01:55+00:00","breadcrumb":{"@id":"https:\/\/hammertimecafe.hu\/termek\/the-path-of-cirith-ungol-shelob-and-gollum-harom-middle-earth-sbg-miniaturat-kinal-shelobbal-gollummal-es-behalozott-frodoval\/#breadcrumb"},"inLanguage":"en-US","potentialAction":[{"@type":"ReadAction","target":["https:\/\/hammertimecafe.hu\/termek\/the-path-of-cirith-ungol-shelob-and-gollum-harom-middle-earth-sbg-miniaturat-kinal-shelobbal-gollummal-es-behalozott-frodoval\/"]}]},{"@type":"ImageObject","inLanguage":"en-US","@id":"https:\/\/hammertimecafe.hu\/termek\/the-path-of-cirith-ungol-shelob-and-gollum-harom-middle-earth-sbg-miniaturat-kinal-shelobbal-gollummal-es-behalozott-frodoval\/#primaryimage","url":"https:\/\/hammertimecafe.hu\/app\/uploads\/2026\/01\/MiddleEarthPathOfCirithUngolShelobAndGollum.jpg","contentUrl":"https:\/\/hammertimecafe.hu\/app\/uploads\/2026\/01\/MiddleEarthPathOfCirithUngolShelobAndGollum.jpg","width":1840,"height":1900,"caption":"MiddleEarthPathOfCirithUngolShelobAndGollum"},{"@type":"BreadcrumbList","@id":"https:\/\/hammertimecafe.hu\/termek\/the-path-of-cirith-ungol-shelob-and-gollum-harom-middle-earth-sbg-miniaturat-kinal-shelobbal-gollummal-es-behalozott-frodoval\/#breadcrumb","itemListElement":[{"@type":"ListItem","position":1,"name":"Home","item":"https:\/\/hammertimecafe.hu\/"},{"@type":"ListItem","position":2,"name":"Shop","item":"https:\/\/hammertimecafe.hu\/uzlet\/"},{"@type":"ListItem","position":3,"name":"THE PATH OF CIRITH UNGOL: SHELOB AND GOLLUM"}]},{"@type":"WebSite","@id":"https:\/\/hammertimecafe.hu\/#website","url":"https:\/\/hammertimecafe.hu\/","name":"Hammertimecafe","description":"The Official Website and Webshop of HammerTime Cafe.","publisher":{"@id":"https:\/\/hammertimecafe.hu\/#organization"},"potentialAction":[{"@type":"SearchAction","target":{"@type":"EntryPoint","urlTemplate":"https:\/\/hammertimecafe.hu\/?s={search_term_string}"},"query-input":{"@type":"PropertyValueSpecification","valueRequired":true,"valueName":"search_term_string"}}],"inLanguage":"en-US"},{"@type":"Organization","@id":"https:\/\/hammertimecafe.hu\/#organization","name":"Hammertimecafe","url":"https:\/\/hammertimecafe.hu\/","logo":{"@type":"ImageObject","inLanguage":"en-US","@id":"https:\/\/hammertimecafe.hu\/#\/schema\/logo\/image\/","url":"https:\/\/htcwoo.test\/app\/uploads\/2025\/08\/logo_of_htc.png","contentUrl":"https:\/\/htcwoo.test\/app\/uploads\/2025\/08\/logo_of_htc.png","width":166,"height":73,"caption":"Hammertimecafe"},"image":{"@id":"https:\/\/hammertimecafe.hu\/#\/schema\/logo\/image\/"}}]}},"_links":{"self":[{"href":"https:\/\/hammertimecafe.hu\/en\/wp-json\/wp\/v2\/product\/26207","targetHints":{"allow":["GET"]}}],"collection":[{"href":"https:\/\/hammertimecafe.hu\/en\/wp-json\/wp\/v2\/product"}],"about":[{"href":"https:\/\/hammertimecafe.hu\/en\/wp-json\/wp\/v2\/types\/product"}],"replies":[{"embeddable":true,"href":"https:\/\/hammertimecafe.hu\/en\/wp-json\/wp\/v2\/comments?post=26207"}],"wp:featuredmedia":[{"embeddable":true,"href":"https:\/\/hammertimecafe.hu\/en\/wp-json\/wp\/v2\/media\/26200"}],"wp:attachment":[{"href":"https:\/\/hammertimecafe.hu\/en\/wp-json\/wp\/v2\/media?parent=26207"}],"wp:term":[{"taxonomy":"product_brand","embeddable":true,"href":"https:\/\/hammertimecafe.hu\/en\/wp-json\/wp\/v2\/product_brand?post=26207"},{"taxonomy":"product_cat","embeddable":true,"href":"https:\/\/hammertimecafe.hu\/en\/wp-json\/wp\/v2\/product_cat?post=26207"},{"taxonomy":"product_tag","embeddable":true,"href":"https:\/\/hammertimecafe.hu\/en\/wp-json\/wp\/v2\/product_tag?post=26207"}],"curies":[{"name":"wp","href":"https:\/\/api.w.org\/{rel}","templated":true}]}}