{"id":26361,"date":"2026-01-23T15:34:06","date_gmt":"2026-01-23T14:34:06","guid":{"rendered":"https:\/\/hammertimecafe.hu\/?post_type=product&#038;p=26361"},"modified":"2026-04-19T20:37:44","modified_gmt":"2026-04-19T18:37:44","slug":"kill-team-xv26-stealth-battlesuits","status":"publish","type":"product","link":"https:\/\/hammertimecafe.hu\/en\/product\/kill-team-xv26-stealth-battlesuits\/","title":{"rendered":"KILL TEAM: XV26 STEALTH BATTLESUITS"},"content":{"rendered":"<p>KILL TEAM: XV26 STEALTH BATTLESUITS delivers some of the most advanced technology available to the T\u2019au Empire straight to the Kill Team battlefield. With optical camouflage and powerful weaponry, KILL TEAM: XV26 STEALTH BATTLESUITS excels at luring enemies into deadly firing lines.<\/p>\n<p>The box contains five multi-part plastic Stealth Battlesuits, along with two drones and a Homing Beacon. KILL TEAM: XV26 STEALTH BATTLESUITS also includes a dedicated token sheet for use in Kill Team games.<\/p>\n<p>Additionally, the set features a T\u2019au Empire Infantry transfer sheet with 177 transfers for detailed customization. KILL TEAM: XV26 STEALTH BATTLESUITS is an excellent choice for players who favor precision, stealth, and tactical dominance.<\/p>\n<p>The miniatures require assembly and painting.<br \/>\nProduct language: English.<\/p>","protected":false},"excerpt":{"rendered":"<p>KILL TEAM: XV26 STEALTH BATTLESUITS delivers some of the most advanced technology available to the T\u2019au Empire straight to the Kill Team battlefield. With optical camouflage and powerful weaponry, KILL TEAM: XV26 STEALTH BATTLESUITS excels at luring enemies into deadly firing lines.<\/p>","protected":false},"featured_media":26359,"comment_status":"open","ping_status":"closed","template":"","meta":{"_acf_changed":false},"product_brand":[46],"product_cat":[19,216],"product_tag":[],"class_list":{"0":"post-26361","1":"product","2":"type-product","3":"status-publish","4":"has-post-thumbnail","6":"product_brand-games-workshop","7":"product_cat-wargame","8":"product_cat-warhammer-40-000-kill-team","10":"first","11":"instock","12":"sale","13":"taxable","14":"shipping-taxable","15":"purchasable","16":"product-type-simple"},"acf":[],"yoast_head":"<!-- This site is optimized with the Yoast SEO Premium plugin v25.6 (Yoast SEO v25.6) - https:\/\/yoast.com\/wordpress\/plugins\/seo\/ -->\n<title>HammerTime Cafe Webshop | KILL TEAM: XV26 STEALTH BATTLESUITS<\/title>\n<meta name=\"description\" content=\"Kill Team: XV26 Stealth Battlesuits \u2013 lopakod\u00f3 T\u2019au egys\u00e9gek dr\u00f3nokkal \u00e9s jelz\u0151kkel, ide\u00e1lis v\u00e1laszt\u00e1s Kill Team j\u00e1t\u00e9khoz.\" \/>\n<meta name=\"robots\" content=\"index, follow, max-snippet:-1, max-image-preview:large, max-video-preview:-1\" \/>\n<link rel=\"canonical\" href=\"https:\/\/hammertimecafe.hu\/en\/product\/kill-team-xv26-stealth-battlesuits\/\" \/>\n<meta property=\"og:locale\" content=\"en_US\" \/>\n<meta property=\"og:type\" content=\"article\" \/>\n<meta property=\"og:title\" content=\"KILL TEAM: XV26 STEALTH BATTLESUITS\" \/>\n<meta property=\"og:description\" content=\"Kill Team: XV26 Stealth Battlesuits \u2013 lopakod\u00f3 T\u2019au egys\u00e9gek dr\u00f3nokkal \u00e9s jelz\u0151kkel, ide\u00e1lis v\u00e1laszt\u00e1s Kill Team j\u00e1t\u00e9khoz.\" \/>\n<meta property=\"og:url\" content=\"https:\/\/hammertimecafe.hu\/en\/product\/kill-team-xv26-stealth-battlesuits\/\" \/>\n<meta property=\"og:site_name\" content=\"HammerTime Cafe Webshop\" \/>\n<meta property=\"article:modified_time\" content=\"2026-04-19T18:37:44+00:00\" \/>\n<meta property=\"og:image\" content=\"https:\/\/hammertimecafe.hu\/app\/uploads\/2026\/01\/Kill-Team-XV26-Stealth-Battlesuits.jpg\" \/>\n\t<meta property=\"og:image:width\" content=\"1840\" \/>\n\t<meta property=\"og:image:height\" content=\"1900\" \/>\n\t<meta property=\"og:image:type\" content=\"image\/jpeg\" \/>\n<meta name=\"twitter:card\" content=\"summary_large_image\" \/>\n<meta name=\"twitter:label1\" content=\"Est. reading time\" \/>\n\t<meta name=\"twitter:data1\" content=\"1 minute\" \/>\n<script type=\"application\/ld+json\" class=\"yoast-schema-graph\">{\"@context\":\"https:\/\/schema.org\",\"@graph\":[{\"@type\":\"WebPage\",\"@id\":\"https:\/\/hammertimecafe.hu\/termek\/kill-team-xv26-stealth-battlesuits\/\",\"url\":\"https:\/\/hammertimecafe.hu\/termek\/kill-team-xv26-stealth-battlesuits\/\",\"name\":\"HammerTime Cafe Webshop | KILL TEAM: XV26 STEALTH BATTLESUITS\",\"isPartOf\":{\"@id\":\"https:\/\/hammertimecafe.hu\/#website\"},\"primaryImageOfPage\":{\"@id\":\"https:\/\/hammertimecafe.hu\/termek\/kill-team-xv26-stealth-battlesuits\/#primaryimage\"},\"image\":{\"@id\":\"https:\/\/hammertimecafe.hu\/termek\/kill-team-xv26-stealth-battlesuits\/#primaryimage\"},\"thumbnailUrl\":\"https:\/\/hammertimecafe.hu\/app\/uploads\/2026\/01\/Kill-Team-XV26-Stealth-Battlesuits.jpg\",\"datePublished\":\"2026-01-23T14:34:06+00:00\",\"dateModified\":\"2026-04-19T18:37:44+00:00\",\"description\":\"Kill Team: XV26 Stealth Battlesuits \u2013 lopakod\u00f3 T\u2019au egys\u00e9gek dr\u00f3nokkal \u00e9s jelz\u0151kkel, ide\u00e1lis v\u00e1laszt\u00e1s Kill Team j\u00e1t\u00e9khoz.\",\"breadcrumb\":{\"@id\":\"https:\/\/hammertimecafe.hu\/termek\/kill-team-xv26-stealth-battlesuits\/#breadcrumb\"},\"inLanguage\":\"en-US\",\"potentialAction\":[{\"@type\":\"ReadAction\",\"target\":[\"https:\/\/hammertimecafe.hu\/termek\/kill-team-xv26-stealth-battlesuits\/\"]}]},{\"@type\":\"ImageObject\",\"inLanguage\":\"en-US\",\"@id\":\"https:\/\/hammertimecafe.hu\/termek\/kill-team-xv26-stealth-battlesuits\/#primaryimage\",\"url\":\"https:\/\/hammertimecafe.hu\/app\/uploads\/2026\/01\/Kill-Team-XV26-Stealth-Battlesuits.jpg\",\"contentUrl\":\"https:\/\/hammertimecafe.hu\/app\/uploads\/2026\/01\/Kill-Team-XV26-Stealth-Battlesuits.jpg\",\"width\":1840,\"height\":1900,\"caption\":\"Kill Team XV26 Stealth Battlesuits\"},{\"@type\":\"BreadcrumbList\",\"@id\":\"https:\/\/hammertimecafe.hu\/termek\/kill-team-xv26-stealth-battlesuits\/#breadcrumb\",\"itemListElement\":[{\"@type\":\"ListItem\",\"position\":1,\"name\":\"Home\",\"item\":\"https:\/\/hammertimecafe.hu\/\"},{\"@type\":\"ListItem\",\"position\":2,\"name\":\"Shop\",\"item\":\"https:\/\/hammertimecafe.hu\/uzlet\/\"},{\"@type\":\"ListItem\",\"position\":3,\"name\":\"KILL TEAM: XV26 STEALTH BATTLESUITS\"}]},{\"@type\":\"WebSite\",\"@id\":\"https:\/\/hammertimecafe.hu\/#website\",\"url\":\"https:\/\/hammertimecafe.hu\/\",\"name\":\"Hammertimecafe\",\"description\":\"A HammerTime Cafe Hivatalos Weboldala \u00e9s Webshopja.\",\"publisher\":{\"@id\":\"https:\/\/hammertimecafe.hu\/#organization\"},\"potentialAction\":[{\"@type\":\"SearchAction\",\"target\":{\"@type\":\"EntryPoint\",\"urlTemplate\":\"https:\/\/hammertimecafe.hu\/?s={search_term_string}\"},\"query-input\":{\"@type\":\"PropertyValueSpecification\",\"valueRequired\":true,\"valueName\":\"search_term_string\"}}],\"inLanguage\":\"en-US\"},{\"@type\":\"Organization\",\"@id\":\"https:\/\/hammertimecafe.hu\/#organization\",\"name\":\"Hammertimecafe\",\"url\":\"https:\/\/hammertimecafe.hu\/\",\"logo\":{\"@type\":\"ImageObject\",\"inLanguage\":\"en-US\",\"@id\":\"https:\/\/hammertimecafe.hu\/#\/schema\/logo\/image\/\",\"url\":\"https:\/\/htcwoo.test\/app\/uploads\/2025\/08\/logo_of_htc.png\",\"contentUrl\":\"https:\/\/htcwoo.test\/app\/uploads\/2025\/08\/logo_of_htc.png\",\"width\":166,\"height\":73,\"caption\":\"Hammertimecafe\"},\"image\":{\"@id\":\"https:\/\/hammertimecafe.hu\/#\/schema\/logo\/image\/\"}}]}<\/script>\n<!-- \/ Yoast SEO Premium plugin. -->","yoast_head_json":{"title":"HammerTime Cafe Webshop | KILL TEAM: XV26 STEALTH BATTLESUITS","description":"Kill Team: XV26 Stealth Battlesuits \u2013 lopakod\u00f3 T\u2019au egys\u00e9gek dr\u00f3nokkal \u00e9s jelz\u0151kkel, ide\u00e1lis v\u00e1laszt\u00e1s Kill Team j\u00e1t\u00e9khoz.","robots":{"index":"index","follow":"follow","max-snippet":"max-snippet:-1","max-image-preview":"max-image-preview:large","max-video-preview":"max-video-preview:-1"},"canonical":"https:\/\/hammertimecafe.hu\/en\/product\/kill-team-xv26-stealth-battlesuits\/","og_locale":"en_US","og_type":"article","og_title":"KILL TEAM: XV26 STEALTH BATTLESUITS","og_description":"Kill Team: XV26 Stealth Battlesuits \u2013 lopakod\u00f3 T\u2019au egys\u00e9gek dr\u00f3nokkal \u00e9s jelz\u0151kkel, ide\u00e1lis v\u00e1laszt\u00e1s Kill Team j\u00e1t\u00e9khoz.","og_url":"https:\/\/hammertimecafe.hu\/en\/product\/kill-team-xv26-stealth-battlesuits\/","og_site_name":"HammerTime Cafe Webshop","article_modified_time":"2026-04-19T18:37:44+00:00","og_image":[{"width":1840,"height":1900,"url":"https:\/\/hammertimecafe.hu\/app\/uploads\/2026\/01\/Kill-Team-XV26-Stealth-Battlesuits.jpg","type":"image\/jpeg"}],"twitter_card":"summary_large_image","twitter_misc":{"Est. reading time":"1 minute"},"schema":{"@context":"https:\/\/schema.org","@graph":[{"@type":"WebPage","@id":"https:\/\/hammertimecafe.hu\/termek\/kill-team-xv26-stealth-battlesuits\/","url":"https:\/\/hammertimecafe.hu\/termek\/kill-team-xv26-stealth-battlesuits\/","name":"HammerTime Cafe Webshop | KILL TEAM: XV26 STEALTH BATTLESUITS","isPartOf":{"@id":"https:\/\/hammertimecafe.hu\/#website"},"primaryImageOfPage":{"@id":"https:\/\/hammertimecafe.hu\/termek\/kill-team-xv26-stealth-battlesuits\/#primaryimage"},"image":{"@id":"https:\/\/hammertimecafe.hu\/termek\/kill-team-xv26-stealth-battlesuits\/#primaryimage"},"thumbnailUrl":"https:\/\/hammertimecafe.hu\/app\/uploads\/2026\/01\/Kill-Team-XV26-Stealth-Battlesuits.jpg","datePublished":"2026-01-23T14:34:06+00:00","dateModified":"2026-04-19T18:37:44+00:00","description":"Kill Team: XV26 Stealth Battlesuits \u2013 lopakod\u00f3 T\u2019au egys\u00e9gek dr\u00f3nokkal \u00e9s jelz\u0151kkel, ide\u00e1lis v\u00e1laszt\u00e1s Kill Team j\u00e1t\u00e9khoz.","breadcrumb":{"@id":"https:\/\/hammertimecafe.hu\/termek\/kill-team-xv26-stealth-battlesuits\/#breadcrumb"},"inLanguage":"en-US","potentialAction":[{"@type":"ReadAction","target":["https:\/\/hammertimecafe.hu\/termek\/kill-team-xv26-stealth-battlesuits\/"]}]},{"@type":"ImageObject","inLanguage":"en-US","@id":"https:\/\/hammertimecafe.hu\/termek\/kill-team-xv26-stealth-battlesuits\/#primaryimage","url":"https:\/\/hammertimecafe.hu\/app\/uploads\/2026\/01\/Kill-Team-XV26-Stealth-Battlesuits.jpg","contentUrl":"https:\/\/hammertimecafe.hu\/app\/uploads\/2026\/01\/Kill-Team-XV26-Stealth-Battlesuits.jpg","width":1840,"height":1900,"caption":"Kill Team XV26 Stealth Battlesuits"},{"@type":"BreadcrumbList","@id":"https:\/\/hammertimecafe.hu\/termek\/kill-team-xv26-stealth-battlesuits\/#breadcrumb","itemListElement":[{"@type":"ListItem","position":1,"name":"Home","item":"https:\/\/hammertimecafe.hu\/"},{"@type":"ListItem","position":2,"name":"Shop","item":"https:\/\/hammertimecafe.hu\/uzlet\/"},{"@type":"ListItem","position":3,"name":"KILL TEAM: XV26 STEALTH BATTLESUITS"}]},{"@type":"WebSite","@id":"https:\/\/hammertimecafe.hu\/#website","url":"https:\/\/hammertimecafe.hu\/","name":"Hammertimecafe","description":"The Official Website and Webshop of HammerTime Cafe.","publisher":{"@id":"https:\/\/hammertimecafe.hu\/#organization"},"potentialAction":[{"@type":"SearchAction","target":{"@type":"EntryPoint","urlTemplate":"https:\/\/hammertimecafe.hu\/?s={search_term_string}"},"query-input":{"@type":"PropertyValueSpecification","valueRequired":true,"valueName":"search_term_string"}}],"inLanguage":"en-US"},{"@type":"Organization","@id":"https:\/\/hammertimecafe.hu\/#organization","name":"Hammertimecafe","url":"https:\/\/hammertimecafe.hu\/","logo":{"@type":"ImageObject","inLanguage":"en-US","@id":"https:\/\/hammertimecafe.hu\/#\/schema\/logo\/image\/","url":"https:\/\/htcwoo.test\/app\/uploads\/2025\/08\/logo_of_htc.png","contentUrl":"https:\/\/htcwoo.test\/app\/uploads\/2025\/08\/logo_of_htc.png","width":166,"height":73,"caption":"Hammertimecafe"},"image":{"@id":"https:\/\/hammertimecafe.hu\/#\/schema\/logo\/image\/"}}]}},"_links":{"self":[{"href":"https:\/\/hammertimecafe.hu\/en\/wp-json\/wp\/v2\/product\/26361","targetHints":{"allow":["GET"]}}],"collection":[{"href":"https:\/\/hammertimecafe.hu\/en\/wp-json\/wp\/v2\/product"}],"about":[{"href":"https:\/\/hammertimecafe.hu\/en\/wp-json\/wp\/v2\/types\/product"}],"replies":[{"embeddable":true,"href":"https:\/\/hammertimecafe.hu\/en\/wp-json\/wp\/v2\/comments?post=26361"}],"wp:featuredmedia":[{"embeddable":true,"href":"https:\/\/hammertimecafe.hu\/en\/wp-json\/wp\/v2\/media\/26359"}],"wp:attachment":[{"href":"https:\/\/hammertimecafe.hu\/en\/wp-json\/wp\/v2\/media?parent=26361"}],"wp:term":[{"taxonomy":"product_brand","embeddable":true,"href":"https:\/\/hammertimecafe.hu\/en\/wp-json\/wp\/v2\/product_brand?post=26361"},{"taxonomy":"product_cat","embeddable":true,"href":"https:\/\/hammertimecafe.hu\/en\/wp-json\/wp\/v2\/product_cat?post=26361"},{"taxonomy":"product_tag","embeddable":true,"href":"https:\/\/hammertimecafe.hu\/en\/wp-json\/wp\/v2\/product_tag?post=26361"}],"curies":[{"name":"wp","href":"https:\/\/api.w.org\/{rel}","templated":true}]}}