{"id":26368,"date":"2026-01-23T16:11:00","date_gmt":"2026-01-23T15:11:00","guid":{"rendered":"https:\/\/hammertimecafe.hu\/?post_type=product&#038;p=26368"},"modified":"2026-04-19T20:37:44","modified_gmt":"2026-04-19T18:37:44","slug":"kill-team-wolf-scouts","status":"publish","type":"product","link":"https:\/\/hammertimecafe.hu\/en\/product\/kill-team-wolf-scouts\/","title":{"rendered":"KILL TEAM: WOLF SCOUTS"},"content":{"rendered":"<p>KILL TEAM: WOLF SCOUTS brings together the most accomplished hunters drawn from the Great Companies of the Space Wolves. Designed for forward operations, KILL TEAM: WOLF SCOUTS excels at sowing confusion and eliminating high-value targets ahead of the main force.<\/p>\n<p>The box includes six multi-part plastic miniatures, including a loyal and ferocious Fenrisian Wolf. KILL TEAM: WOLF SCOUTS is ideal for players who favor mobility, precision strikes, and battlefield control.<\/p>\n<p>Also included are a token sheet for games of Kill Team and a Space Wolves transfer sheet with an impressive 419 transfers for deep customization. KILL TEAM: WOLF SCOUTS fits perfectly into both narrative and competitive playstyles.<\/p>\n<p>The miniatures require assembly and painting.<br \/>\nProduct language: English.<\/p>","protected":false},"excerpt":{"rendered":"<p>KILL TEAM: WOLF SCOUTS brings together the most accomplished hunters drawn from the Great Companies of the Space Wolves. Designed for forward operations, KILL TEAM: WOLF SCOUTS excels at sowing confusion and eliminating high-value targets ahead of the main force.<\/p>","protected":false},"featured_media":26358,"comment_status":"open","ping_status":"closed","template":"","meta":{"_acf_changed":false},"product_brand":[46],"product_cat":[19,216],"product_tag":[],"class_list":{"0":"post-26368","1":"product","2":"type-product","3":"status-publish","4":"has-post-thumbnail","6":"product_brand-games-workshop","7":"product_cat-wargame","8":"product_cat-warhammer-40-000-kill-team","10":"first","11":"instock","12":"sale","13":"taxable","14":"shipping-taxable","15":"purchasable","16":"product-type-simple"},"acf":[],"yoast_head":"<!-- This site is optimized with the Yoast SEO Premium plugin v25.6 (Yoast SEO v25.6) - https:\/\/yoast.com\/wordpress\/plugins\/seo\/ -->\n<title>HammerTime Cafe Webshop | KILL TEAM: WOLF SCOUTS<\/title>\n<meta name=\"description\" content=\"A Kill Team: Wolf Scouts elit Space Wolves felder\u00edt\u0151k Kill Teamhez, Fenrisian Wolffal, tokenekkel \u00e9s gazdag matricalappal.\" \/>\n<meta name=\"robots\" content=\"index, follow, max-snippet:-1, max-image-preview:large, max-video-preview:-1\" \/>\n<link rel=\"canonical\" href=\"https:\/\/hammertimecafe.hu\/en\/product\/kill-team-wolf-scouts\/\" \/>\n<meta property=\"og:locale\" content=\"en_US\" \/>\n<meta property=\"og:type\" content=\"article\" \/>\n<meta property=\"og:title\" content=\"KILL TEAM: WOLF SCOUTS\" \/>\n<meta property=\"og:description\" content=\"A Kill Team: Wolf Scouts elit Space Wolves felder\u00edt\u0151k Kill Teamhez, Fenrisian Wolffal, tokenekkel \u00e9s gazdag matricalappal.\" \/>\n<meta property=\"og:url\" content=\"https:\/\/hammertimecafe.hu\/en\/product\/kill-team-wolf-scouts\/\" \/>\n<meta property=\"og:site_name\" content=\"HammerTime Cafe Webshop\" \/>\n<meta property=\"article:modified_time\" content=\"2026-04-19T18:37:44+00:00\" \/>\n<meta property=\"og:image\" content=\"https:\/\/hammertimecafe.hu\/app\/uploads\/2026\/01\/Kill-Team-Wolf-Scouts.jpg\" \/>\n\t<meta property=\"og:image:width\" content=\"1840\" \/>\n\t<meta property=\"og:image:height\" content=\"1900\" \/>\n\t<meta property=\"og:image:type\" content=\"image\/jpeg\" \/>\n<meta name=\"twitter:card\" content=\"summary_large_image\" \/>\n<meta name=\"twitter:label1\" content=\"Est. reading time\" \/>\n\t<meta name=\"twitter:data1\" content=\"1 minute\" \/>\n<script type=\"application\/ld+json\" class=\"yoast-schema-graph\">{\"@context\":\"https:\/\/schema.org\",\"@graph\":[{\"@type\":\"WebPage\",\"@id\":\"https:\/\/hammertimecafe.hu\/termek\/kill-team-wolf-scouts\/\",\"url\":\"https:\/\/hammertimecafe.hu\/termek\/kill-team-wolf-scouts\/\",\"name\":\"HammerTime Cafe Webshop | KILL TEAM: WOLF SCOUTS\",\"isPartOf\":{\"@id\":\"https:\/\/hammertimecafe.hu\/#website\"},\"primaryImageOfPage\":{\"@id\":\"https:\/\/hammertimecafe.hu\/termek\/kill-team-wolf-scouts\/#primaryimage\"},\"image\":{\"@id\":\"https:\/\/hammertimecafe.hu\/termek\/kill-team-wolf-scouts\/#primaryimage\"},\"thumbnailUrl\":\"https:\/\/hammertimecafe.hu\/app\/uploads\/2026\/01\/Kill-Team-Wolf-Scouts.jpg\",\"datePublished\":\"2026-01-23T15:11:00+00:00\",\"dateModified\":\"2026-04-19T18:37:44+00:00\",\"description\":\"A Kill Team: Wolf Scouts elit Space Wolves felder\u00edt\u0151k Kill Teamhez, Fenrisian Wolffal, tokenekkel \u00e9s gazdag matricalappal.\",\"breadcrumb\":{\"@id\":\"https:\/\/hammertimecafe.hu\/termek\/kill-team-wolf-scouts\/#breadcrumb\"},\"inLanguage\":\"en-US\",\"potentialAction\":[{\"@type\":\"ReadAction\",\"target\":[\"https:\/\/hammertimecafe.hu\/termek\/kill-team-wolf-scouts\/\"]}]},{\"@type\":\"ImageObject\",\"inLanguage\":\"en-US\",\"@id\":\"https:\/\/hammertimecafe.hu\/termek\/kill-team-wolf-scouts\/#primaryimage\",\"url\":\"https:\/\/hammertimecafe.hu\/app\/uploads\/2026\/01\/Kill-Team-Wolf-Scouts.jpg\",\"contentUrl\":\"https:\/\/hammertimecafe.hu\/app\/uploads\/2026\/01\/Kill-Team-Wolf-Scouts.jpg\",\"width\":1840,\"height\":1900,\"caption\":\"Kill Team Wolf Scouts\"},{\"@type\":\"BreadcrumbList\",\"@id\":\"https:\/\/hammertimecafe.hu\/termek\/kill-team-wolf-scouts\/#breadcrumb\",\"itemListElement\":[{\"@type\":\"ListItem\",\"position\":1,\"name\":\"Home\",\"item\":\"https:\/\/hammertimecafe.hu\/\"},{\"@type\":\"ListItem\",\"position\":2,\"name\":\"Shop\",\"item\":\"https:\/\/hammertimecafe.hu\/uzlet\/\"},{\"@type\":\"ListItem\",\"position\":3,\"name\":\"KILL TEAM: WOLF SCOUTS\"}]},{\"@type\":\"WebSite\",\"@id\":\"https:\/\/hammertimecafe.hu\/#website\",\"url\":\"https:\/\/hammertimecafe.hu\/\",\"name\":\"Hammertimecafe\",\"description\":\"A HammerTime Cafe Hivatalos Weboldala \u00e9s Webshopja.\",\"publisher\":{\"@id\":\"https:\/\/hammertimecafe.hu\/#organization\"},\"potentialAction\":[{\"@type\":\"SearchAction\",\"target\":{\"@type\":\"EntryPoint\",\"urlTemplate\":\"https:\/\/hammertimecafe.hu\/?s={search_term_string}\"},\"query-input\":{\"@type\":\"PropertyValueSpecification\",\"valueRequired\":true,\"valueName\":\"search_term_string\"}}],\"inLanguage\":\"en-US\"},{\"@type\":\"Organization\",\"@id\":\"https:\/\/hammertimecafe.hu\/#organization\",\"name\":\"Hammertimecafe\",\"url\":\"https:\/\/hammertimecafe.hu\/\",\"logo\":{\"@type\":\"ImageObject\",\"inLanguage\":\"en-US\",\"@id\":\"https:\/\/hammertimecafe.hu\/#\/schema\/logo\/image\/\",\"url\":\"https:\/\/htcwoo.test\/app\/uploads\/2025\/08\/logo_of_htc.png\",\"contentUrl\":\"https:\/\/htcwoo.test\/app\/uploads\/2025\/08\/logo_of_htc.png\",\"width\":166,\"height\":73,\"caption\":\"Hammertimecafe\"},\"image\":{\"@id\":\"https:\/\/hammertimecafe.hu\/#\/schema\/logo\/image\/\"}}]}<\/script>\n<!-- \/ Yoast SEO Premium plugin. -->","yoast_head_json":{"title":"HammerTime Cafe Webshop | KILL TEAM: WOLF SCOUTS","description":"A Kill Team: Wolf Scouts elit Space Wolves felder\u00edt\u0151k Kill Teamhez, Fenrisian Wolffal, tokenekkel \u00e9s gazdag matricalappal.","robots":{"index":"index","follow":"follow","max-snippet":"max-snippet:-1","max-image-preview":"max-image-preview:large","max-video-preview":"max-video-preview:-1"},"canonical":"https:\/\/hammertimecafe.hu\/en\/product\/kill-team-wolf-scouts\/","og_locale":"en_US","og_type":"article","og_title":"KILL TEAM: WOLF SCOUTS","og_description":"A Kill Team: Wolf Scouts elit Space Wolves felder\u00edt\u0151k Kill Teamhez, Fenrisian Wolffal, tokenekkel \u00e9s gazdag matricalappal.","og_url":"https:\/\/hammertimecafe.hu\/en\/product\/kill-team-wolf-scouts\/","og_site_name":"HammerTime Cafe Webshop","article_modified_time":"2026-04-19T18:37:44+00:00","og_image":[{"width":1840,"height":1900,"url":"https:\/\/hammertimecafe.hu\/app\/uploads\/2026\/01\/Kill-Team-Wolf-Scouts.jpg","type":"image\/jpeg"}],"twitter_card":"summary_large_image","twitter_misc":{"Est. reading time":"1 minute"},"schema":{"@context":"https:\/\/schema.org","@graph":[{"@type":"WebPage","@id":"https:\/\/hammertimecafe.hu\/termek\/kill-team-wolf-scouts\/","url":"https:\/\/hammertimecafe.hu\/termek\/kill-team-wolf-scouts\/","name":"HammerTime Cafe Webshop | KILL TEAM: WOLF SCOUTS","isPartOf":{"@id":"https:\/\/hammertimecafe.hu\/#website"},"primaryImageOfPage":{"@id":"https:\/\/hammertimecafe.hu\/termek\/kill-team-wolf-scouts\/#primaryimage"},"image":{"@id":"https:\/\/hammertimecafe.hu\/termek\/kill-team-wolf-scouts\/#primaryimage"},"thumbnailUrl":"https:\/\/hammertimecafe.hu\/app\/uploads\/2026\/01\/Kill-Team-Wolf-Scouts.jpg","datePublished":"2026-01-23T15:11:00+00:00","dateModified":"2026-04-19T18:37:44+00:00","description":"A Kill Team: Wolf Scouts elit Space Wolves felder\u00edt\u0151k Kill Teamhez, Fenrisian Wolffal, tokenekkel \u00e9s gazdag matricalappal.","breadcrumb":{"@id":"https:\/\/hammertimecafe.hu\/termek\/kill-team-wolf-scouts\/#breadcrumb"},"inLanguage":"en-US","potentialAction":[{"@type":"ReadAction","target":["https:\/\/hammertimecafe.hu\/termek\/kill-team-wolf-scouts\/"]}]},{"@type":"ImageObject","inLanguage":"en-US","@id":"https:\/\/hammertimecafe.hu\/termek\/kill-team-wolf-scouts\/#primaryimage","url":"https:\/\/hammertimecafe.hu\/app\/uploads\/2026\/01\/Kill-Team-Wolf-Scouts.jpg","contentUrl":"https:\/\/hammertimecafe.hu\/app\/uploads\/2026\/01\/Kill-Team-Wolf-Scouts.jpg","width":1840,"height":1900,"caption":"Kill Team Wolf Scouts"},{"@type":"BreadcrumbList","@id":"https:\/\/hammertimecafe.hu\/termek\/kill-team-wolf-scouts\/#breadcrumb","itemListElement":[{"@type":"ListItem","position":1,"name":"Home","item":"https:\/\/hammertimecafe.hu\/"},{"@type":"ListItem","position":2,"name":"Shop","item":"https:\/\/hammertimecafe.hu\/uzlet\/"},{"@type":"ListItem","position":3,"name":"KILL TEAM: WOLF SCOUTS"}]},{"@type":"WebSite","@id":"https:\/\/hammertimecafe.hu\/#website","url":"https:\/\/hammertimecafe.hu\/","name":"Hammertimecafe","description":"The Official Website and Webshop of HammerTime Cafe.","publisher":{"@id":"https:\/\/hammertimecafe.hu\/#organization"},"potentialAction":[{"@type":"SearchAction","target":{"@type":"EntryPoint","urlTemplate":"https:\/\/hammertimecafe.hu\/?s={search_term_string}"},"query-input":{"@type":"PropertyValueSpecification","valueRequired":true,"valueName":"search_term_string"}}],"inLanguage":"en-US"},{"@type":"Organization","@id":"https:\/\/hammertimecafe.hu\/#organization","name":"Hammertimecafe","url":"https:\/\/hammertimecafe.hu\/","logo":{"@type":"ImageObject","inLanguage":"en-US","@id":"https:\/\/hammertimecafe.hu\/#\/schema\/logo\/image\/","url":"https:\/\/htcwoo.test\/app\/uploads\/2025\/08\/logo_of_htc.png","contentUrl":"https:\/\/htcwoo.test\/app\/uploads\/2025\/08\/logo_of_htc.png","width":166,"height":73,"caption":"Hammertimecafe"},"image":{"@id":"https:\/\/hammertimecafe.hu\/#\/schema\/logo\/image\/"}}]}},"_links":{"self":[{"href":"https:\/\/hammertimecafe.hu\/en\/wp-json\/wp\/v2\/product\/26368","targetHints":{"allow":["GET"]}}],"collection":[{"href":"https:\/\/hammertimecafe.hu\/en\/wp-json\/wp\/v2\/product"}],"about":[{"href":"https:\/\/hammertimecafe.hu\/en\/wp-json\/wp\/v2\/types\/product"}],"replies":[{"embeddable":true,"href":"https:\/\/hammertimecafe.hu\/en\/wp-json\/wp\/v2\/comments?post=26368"}],"wp:featuredmedia":[{"embeddable":true,"href":"https:\/\/hammertimecafe.hu\/en\/wp-json\/wp\/v2\/media\/26358"}],"wp:attachment":[{"href":"https:\/\/hammertimecafe.hu\/en\/wp-json\/wp\/v2\/media?parent=26368"}],"wp:term":[{"taxonomy":"product_brand","embeddable":true,"href":"https:\/\/hammertimecafe.hu\/en\/wp-json\/wp\/v2\/product_brand?post=26368"},{"taxonomy":"product_cat","embeddable":true,"href":"https:\/\/hammertimecafe.hu\/en\/wp-json\/wp\/v2\/product_cat?post=26368"},{"taxonomy":"product_tag","embeddable":true,"href":"https:\/\/hammertimecafe.hu\/en\/wp-json\/wp\/v2\/product_tag?post=26368"}],"curies":[{"name":"wp","href":"https:\/\/api.w.org\/{rel}","templated":true}]}}