{"id":26571,"date":"2026-01-31T10:28:45","date_gmt":"2026-01-31T09:28:45","guid":{"rendered":"https:\/\/hammertimecafe.hu\/?post_type=product&#038;p=26571"},"modified":"2026-01-31T10:54:02","modified_gmt":"2026-01-31T09:54:02","slug":"legion-astartes-cataphractii-terminators-power-mauls","status":"publish","type":"product","link":"https:\/\/hammertimecafe.hu\/en\/product\/legion-astartes-cataphractii-terminators-power-mauls\/","title":{"rendered":"LEGION ASTARTES CATAPHRACTII TERMINATORS POWER MAULS"},"content":{"rendered":"<p>The LEGION ASTARTES CATAPHRACTII TERMINATORS POWER MAULS set represents elite veterans of the Legiones Astartes clad in mighty Tactical Dreadnought Armour. The LEGION ASTARTES CATAPHRACTII TERMINATORS POWER MAULS kit showcases the Cataphractii armour pattern, sacrificing mobility for extreme resilience through reinforced plating and integrated shield generators.<\/p>\n<p>This box contains six plastic Cataphractii Terminators armed with power mauls and volkite chargers, making them highly effective against lightly armoured enemies as well as standard power-armoured Space Marines. One model can optionally be equipped with a reaper autocannon, adding significant ranged firepower to the unit.<\/p>\n<p>Each Terminator includes two shoulder pad options with varying levels of ornamentation and can be built with or without a tilting plate. The Sergeant can be armed with a power sword, power axe, or thunder hammer, and features a choice of three crests, offering excellent customisation options within the LEGION ASTARTES CATAPHRACTII TERMINATORS POWER MAULS set.<\/p>\n<p>Ennek a term\u00e9knek egy m\u00e1sik verzi\u00f3ja is l\u00e9tezik:<\/p>\n<p><a href=\"https:\/\/hammertimecafe.hu\/en\/product\/legion-astartes-cataphractii-terminators-power-fists\/\" target=\"_blank\" rel=\"noopener\"><img loading=\"lazy\" decoding=\"async\" class=\"size-medium wp-image-26565 aligncenter\" src=\"https:\/\/hammertimecafe.hu\/app\/uploads\/2026\/01\/HorusHeresyLegionsAstartesCataphractiiTerminatorswithCombiBoltersPowerFists-291x300.jpg\" alt=\"HorusHeresyLegionsAstartesCataphractiiTerminatorswithCombiBoltersPowerFists\" width=\"291\" height=\"300\" srcset=\"https:\/\/hammertimecafe.hu\/app\/uploads\/2026\/01\/HorusHeresyLegionsAstartesCataphractiiTerminatorswithCombiBoltersPowerFists-291x300.jpg 291w, https:\/\/hammertimecafe.hu\/app\/uploads\/2026\/01\/HorusHeresyLegionsAstartesCataphractiiTerminatorswithCombiBoltersPowerFists-992x1024.jpg 992w, https:\/\/hammertimecafe.hu\/app\/uploads\/2026\/01\/HorusHeresyLegionsAstartesCataphractiiTerminatorswithCombiBoltersPowerFists-768x793.jpg 768w, https:\/\/hammertimecafe.hu\/app\/uploads\/2026\/01\/HorusHeresyLegionsAstartesCataphractiiTerminatorswithCombiBoltersPowerFists-1487x1536.jpg 1487w, https:\/\/hammertimecafe.hu\/app\/uploads\/2026\/01\/HorusHeresyLegionsAstartesCataphractiiTerminatorswithCombiBoltersPowerFists-12x12.jpg 12w, https:\/\/hammertimecafe.hu\/app\/uploads\/2026\/01\/HorusHeresyLegionsAstartesCataphractiiTerminatorswithCombiBoltersPowerFists-600x620.jpg 600w, https:\/\/hammertimecafe.hu\/app\/uploads\/2026\/01\/HorusHeresyLegionsAstartesCataphractiiTerminatorswithCombiBoltersPowerFists.jpg 1840w\" sizes=\"auto, (max-width: 291px) 100vw, 291px\" \/><\/a><\/p>\n<p>The miniatures require assembly and painting.<\/p>","protected":false},"excerpt":{"rendered":"<p>The LEGION ASTARTES CATAPHRACTII TERMINATORS POWER MAULS set represents elite veterans of the Legiones Astartes clad in mighty Tactical Dreadnought Armour. The LEGION ASTARTES CATAPHRACTII TERMINATORS POWER MAULS kit showcases the Cataphractii armour pattern, sacrificing mobility for extreme resilience through reinforced plating and integrated shield generators.<\/p>","protected":false},"featured_media":26563,"comment_status":"open","ping_status":"closed","template":"","meta":{"_acf_changed":false},"product_brand":[46],"product_cat":[19,45],"product_tag":[],"class_list":{"0":"post-26571","1":"product","2":"type-product","3":"status-publish","4":"has-post-thumbnail","6":"product_brand-games-workshop","7":"product_cat-wargame","8":"product_cat-warhammer-the-horus-heresy","10":"first","11":"onbackorder","12":"sale","13":"taxable","14":"shipping-taxable","15":"purchasable","16":"product-type-simple"},"acf":[],"yoast_head":"<!-- This site is optimized with the Yoast SEO Premium plugin v25.6 (Yoast SEO v25.6) - https:\/\/yoast.com\/wordpress\/plugins\/seo\/ -->\n<title>LEGION ASTARTES CATAPHRACTII TERMINATORS POWER MAULS - HammerTime Cafe Webshop<\/title>\n<meta name=\"description\" content=\"LEGION ASTARTES CATAPHRACTII TERMINATORS POWER MAULS \u2013 hat elit Termin\u00e1tor power maulokkal, nagy t\u0171zer\u0151vel \u00e9s b\u0151v\u00edthet\u0151 felszerel\u00e9ssel.\" \/>\n<meta name=\"robots\" content=\"index, follow, max-snippet:-1, max-image-preview:large, max-video-preview:-1\" \/>\n<link rel=\"canonical\" href=\"https:\/\/hammertimecafe.hu\/en\/product\/legion-astartes-cataphractii-terminators-power-mauls\/\" \/>\n<meta property=\"og:locale\" content=\"en_US\" \/>\n<meta property=\"og:type\" content=\"article\" \/>\n<meta property=\"og:title\" content=\"LEGION ASTARTES CATAPHRACTII TERMINATORS POWER MAULS\" \/>\n<meta property=\"og:description\" content=\"LEGION ASTARTES CATAPHRACTII TERMINATORS POWER MAULS \u2013 hat elit Termin\u00e1tor power maulokkal, nagy t\u0171zer\u0151vel \u00e9s b\u0151v\u00edthet\u0151 felszerel\u00e9ssel.\" \/>\n<meta property=\"og:url\" content=\"https:\/\/hammertimecafe.hu\/en\/product\/legion-astartes-cataphractii-terminators-power-mauls\/\" \/>\n<meta property=\"og:site_name\" content=\"HammerTime Cafe Webshop\" \/>\n<meta property=\"article:modified_time\" content=\"2026-01-31T09:54:02+00:00\" \/>\n<meta property=\"og:image\" content=\"https:\/\/hammertimecafe.hu\/app\/uploads\/2026\/01\/HorusHeresyLegionesAstartesCataphractiiTerminatorswithVolkiteChargersandPowerMauls.jpg\" \/>\n\t<meta property=\"og:image:width\" content=\"1840\" \/>\n\t<meta property=\"og:image:height\" content=\"1900\" \/>\n\t<meta property=\"og:image:type\" content=\"image\/jpeg\" \/>\n<meta name=\"twitter:card\" content=\"summary_large_image\" \/>\n<meta name=\"twitter:label1\" content=\"Est. reading time\" \/>\n\t<meta name=\"twitter:data1\" content=\"2 minutes\" \/>\n<script type=\"application\/ld+json\" class=\"yoast-schema-graph\">{\"@context\":\"https:\/\/schema.org\",\"@graph\":[{\"@type\":\"WebPage\",\"@id\":\"https:\/\/hammertimecafe.hu\/termek\/legion-astartes-cataphractii-terminators-power-mauls\/\",\"url\":\"https:\/\/hammertimecafe.hu\/termek\/legion-astartes-cataphractii-terminators-power-mauls\/\",\"name\":\"LEGION ASTARTES CATAPHRACTII TERMINATORS POWER MAULS - HammerTime Cafe Webshop\",\"isPartOf\":{\"@id\":\"https:\/\/hammertimecafe.hu\/#website\"},\"primaryImageOfPage\":{\"@id\":\"https:\/\/hammertimecafe.hu\/termek\/legion-astartes-cataphractii-terminators-power-mauls\/#primaryimage\"},\"image\":{\"@id\":\"https:\/\/hammertimecafe.hu\/termek\/legion-astartes-cataphractii-terminators-power-mauls\/#primaryimage\"},\"thumbnailUrl\":\"https:\/\/hammertimecafe.hu\/app\/uploads\/2026\/01\/HorusHeresyLegionesAstartesCataphractiiTerminatorswithVolkiteChargersandPowerMauls.jpg\",\"datePublished\":\"2026-01-31T09:28:45+00:00\",\"dateModified\":\"2026-01-31T09:54:02+00:00\",\"description\":\"LEGION ASTARTES CATAPHRACTII TERMINATORS POWER MAULS \u2013 hat elit Termin\u00e1tor power maulokkal, nagy t\u0171zer\u0151vel \u00e9s b\u0151v\u00edthet\u0151 felszerel\u00e9ssel.\",\"breadcrumb\":{\"@id\":\"https:\/\/hammertimecafe.hu\/termek\/legion-astartes-cataphractii-terminators-power-mauls\/#breadcrumb\"},\"inLanguage\":\"en-US\",\"potentialAction\":[{\"@type\":\"ReadAction\",\"target\":[\"https:\/\/hammertimecafe.hu\/termek\/legion-astartes-cataphractii-terminators-power-mauls\/\"]}]},{\"@type\":\"ImageObject\",\"inLanguage\":\"en-US\",\"@id\":\"https:\/\/hammertimecafe.hu\/termek\/legion-astartes-cataphractii-terminators-power-mauls\/#primaryimage\",\"url\":\"https:\/\/hammertimecafe.hu\/app\/uploads\/2026\/01\/HorusHeresyLegionesAstartesCataphractiiTerminatorswithVolkiteChargersandPowerMauls.jpg\",\"contentUrl\":\"https:\/\/hammertimecafe.hu\/app\/uploads\/2026\/01\/HorusHeresyLegionesAstartesCataphractiiTerminatorswithVolkiteChargersandPowerMauls.jpg\",\"width\":1840,\"height\":1900,\"caption\":\"HorusHeresyLegionesAstartesCataphractiiTerminatorswithVolkiteChargersandPowerMauls\"},{\"@type\":\"BreadcrumbList\",\"@id\":\"https:\/\/hammertimecafe.hu\/termek\/legion-astartes-cataphractii-terminators-power-mauls\/#breadcrumb\",\"itemListElement\":[{\"@type\":\"ListItem\",\"position\":1,\"name\":\"Home\",\"item\":\"https:\/\/hammertimecafe.hu\/\"},{\"@type\":\"ListItem\",\"position\":2,\"name\":\"Shop\",\"item\":\"https:\/\/hammertimecafe.hu\/uzlet\/\"},{\"@type\":\"ListItem\",\"position\":3,\"name\":\"LEGION ASTARTES CATAPHRACTII TERMINATORS POWER MAULS\"}]},{\"@type\":\"WebSite\",\"@id\":\"https:\/\/hammertimecafe.hu\/#website\",\"url\":\"https:\/\/hammertimecafe.hu\/\",\"name\":\"Hammertimecafe\",\"description\":\"A HammerTime Cafe Hivatalos Weboldala \u00e9s Webshopja.\",\"publisher\":{\"@id\":\"https:\/\/hammertimecafe.hu\/#organization\"},\"potentialAction\":[{\"@type\":\"SearchAction\",\"target\":{\"@type\":\"EntryPoint\",\"urlTemplate\":\"https:\/\/hammertimecafe.hu\/?s={search_term_string}\"},\"query-input\":{\"@type\":\"PropertyValueSpecification\",\"valueRequired\":true,\"valueName\":\"search_term_string\"}}],\"inLanguage\":\"en-US\"},{\"@type\":\"Organization\",\"@id\":\"https:\/\/hammertimecafe.hu\/#organization\",\"name\":\"Hammertimecafe\",\"url\":\"https:\/\/hammertimecafe.hu\/\",\"logo\":{\"@type\":\"ImageObject\",\"inLanguage\":\"en-US\",\"@id\":\"https:\/\/hammertimecafe.hu\/#\/schema\/logo\/image\/\",\"url\":\"https:\/\/htcwoo.test\/app\/uploads\/2025\/08\/logo_of_htc.png\",\"contentUrl\":\"https:\/\/htcwoo.test\/app\/uploads\/2025\/08\/logo_of_htc.png\",\"width\":166,\"height\":73,\"caption\":\"Hammertimecafe\"},\"image\":{\"@id\":\"https:\/\/hammertimecafe.hu\/#\/schema\/logo\/image\/\"}}]}<\/script>\n<!-- \/ Yoast SEO Premium plugin. -->","yoast_head_json":{"title":"LEGION ASTARTES CATAPHRACTII TERMINATORS POWER MAULS - HammerTime Cafe Webshop","description":"LEGION ASTARTES CATAPHRACTII TERMINATORS POWER MAULS \u2013 hat elit Termin\u00e1tor power maulokkal, nagy t\u0171zer\u0151vel \u00e9s b\u0151v\u00edthet\u0151 felszerel\u00e9ssel.","robots":{"index":"index","follow":"follow","max-snippet":"max-snippet:-1","max-image-preview":"max-image-preview:large","max-video-preview":"max-video-preview:-1"},"canonical":"https:\/\/hammertimecafe.hu\/en\/product\/legion-astartes-cataphractii-terminators-power-mauls\/","og_locale":"en_US","og_type":"article","og_title":"LEGION ASTARTES CATAPHRACTII TERMINATORS POWER MAULS","og_description":"LEGION ASTARTES CATAPHRACTII TERMINATORS POWER MAULS \u2013 hat elit Termin\u00e1tor power maulokkal, nagy t\u0171zer\u0151vel \u00e9s b\u0151v\u00edthet\u0151 felszerel\u00e9ssel.","og_url":"https:\/\/hammertimecafe.hu\/en\/product\/legion-astartes-cataphractii-terminators-power-mauls\/","og_site_name":"HammerTime Cafe Webshop","article_modified_time":"2026-01-31T09:54:02+00:00","og_image":[{"width":1840,"height":1900,"url":"https:\/\/hammertimecafe.hu\/app\/uploads\/2026\/01\/HorusHeresyLegionesAstartesCataphractiiTerminatorswithVolkiteChargersandPowerMauls.jpg","type":"image\/jpeg"}],"twitter_card":"summary_large_image","twitter_misc":{"Est. reading time":"2 minutes"},"schema":{"@context":"https:\/\/schema.org","@graph":[{"@type":"WebPage","@id":"https:\/\/hammertimecafe.hu\/termek\/legion-astartes-cataphractii-terminators-power-mauls\/","url":"https:\/\/hammertimecafe.hu\/termek\/legion-astartes-cataphractii-terminators-power-mauls\/","name":"LEGION ASTARTES CATAPHRACTII TERMINATORS POWER MAULS - HammerTime Cafe Webshop","isPartOf":{"@id":"https:\/\/hammertimecafe.hu\/#website"},"primaryImageOfPage":{"@id":"https:\/\/hammertimecafe.hu\/termek\/legion-astartes-cataphractii-terminators-power-mauls\/#primaryimage"},"image":{"@id":"https:\/\/hammertimecafe.hu\/termek\/legion-astartes-cataphractii-terminators-power-mauls\/#primaryimage"},"thumbnailUrl":"https:\/\/hammertimecafe.hu\/app\/uploads\/2026\/01\/HorusHeresyLegionesAstartesCataphractiiTerminatorswithVolkiteChargersandPowerMauls.jpg","datePublished":"2026-01-31T09:28:45+00:00","dateModified":"2026-01-31T09:54:02+00:00","description":"LEGION ASTARTES CATAPHRACTII TERMINATORS POWER MAULS \u2013 hat elit Termin\u00e1tor power maulokkal, nagy t\u0171zer\u0151vel \u00e9s b\u0151v\u00edthet\u0151 felszerel\u00e9ssel.","breadcrumb":{"@id":"https:\/\/hammertimecafe.hu\/termek\/legion-astartes-cataphractii-terminators-power-mauls\/#breadcrumb"},"inLanguage":"en-US","potentialAction":[{"@type":"ReadAction","target":["https:\/\/hammertimecafe.hu\/termek\/legion-astartes-cataphractii-terminators-power-mauls\/"]}]},{"@type":"ImageObject","inLanguage":"en-US","@id":"https:\/\/hammertimecafe.hu\/termek\/legion-astartes-cataphractii-terminators-power-mauls\/#primaryimage","url":"https:\/\/hammertimecafe.hu\/app\/uploads\/2026\/01\/HorusHeresyLegionesAstartesCataphractiiTerminatorswithVolkiteChargersandPowerMauls.jpg","contentUrl":"https:\/\/hammertimecafe.hu\/app\/uploads\/2026\/01\/HorusHeresyLegionesAstartesCataphractiiTerminatorswithVolkiteChargersandPowerMauls.jpg","width":1840,"height":1900,"caption":"HorusHeresyLegionesAstartesCataphractiiTerminatorswithVolkiteChargersandPowerMauls"},{"@type":"BreadcrumbList","@id":"https:\/\/hammertimecafe.hu\/termek\/legion-astartes-cataphractii-terminators-power-mauls\/#breadcrumb","itemListElement":[{"@type":"ListItem","position":1,"name":"Home","item":"https:\/\/hammertimecafe.hu\/"},{"@type":"ListItem","position":2,"name":"Shop","item":"https:\/\/hammertimecafe.hu\/uzlet\/"},{"@type":"ListItem","position":3,"name":"LEGION ASTARTES CATAPHRACTII TERMINATORS POWER MAULS"}]},{"@type":"WebSite","@id":"https:\/\/hammertimecafe.hu\/#website","url":"https:\/\/hammertimecafe.hu\/","name":"Hammertimecafe","description":"The Official Website and Webshop of HammerTime Cafe.","publisher":{"@id":"https:\/\/hammertimecafe.hu\/#organization"},"potentialAction":[{"@type":"SearchAction","target":{"@type":"EntryPoint","urlTemplate":"https:\/\/hammertimecafe.hu\/?s={search_term_string}"},"query-input":{"@type":"PropertyValueSpecification","valueRequired":true,"valueName":"search_term_string"}}],"inLanguage":"en-US"},{"@type":"Organization","@id":"https:\/\/hammertimecafe.hu\/#organization","name":"Hammertimecafe","url":"https:\/\/hammertimecafe.hu\/","logo":{"@type":"ImageObject","inLanguage":"en-US","@id":"https:\/\/hammertimecafe.hu\/#\/schema\/logo\/image\/","url":"https:\/\/htcwoo.test\/app\/uploads\/2025\/08\/logo_of_htc.png","contentUrl":"https:\/\/htcwoo.test\/app\/uploads\/2025\/08\/logo_of_htc.png","width":166,"height":73,"caption":"Hammertimecafe"},"image":{"@id":"https:\/\/hammertimecafe.hu\/#\/schema\/logo\/image\/"}}]}},"_links":{"self":[{"href":"https:\/\/hammertimecafe.hu\/en\/wp-json\/wp\/v2\/product\/26571","targetHints":{"allow":["GET"]}}],"collection":[{"href":"https:\/\/hammertimecafe.hu\/en\/wp-json\/wp\/v2\/product"}],"about":[{"href":"https:\/\/hammertimecafe.hu\/en\/wp-json\/wp\/v2\/types\/product"}],"replies":[{"embeddable":true,"href":"https:\/\/hammertimecafe.hu\/en\/wp-json\/wp\/v2\/comments?post=26571"}],"wp:featuredmedia":[{"embeddable":true,"href":"https:\/\/hammertimecafe.hu\/en\/wp-json\/wp\/v2\/media\/26563"}],"wp:attachment":[{"href":"https:\/\/hammertimecafe.hu\/en\/wp-json\/wp\/v2\/media?parent=26571"}],"wp:term":[{"taxonomy":"product_brand","embeddable":true,"href":"https:\/\/hammertimecafe.hu\/en\/wp-json\/wp\/v2\/product_brand?post=26571"},{"taxonomy":"product_cat","embeddable":true,"href":"https:\/\/hammertimecafe.hu\/en\/wp-json\/wp\/v2\/product_cat?post=26571"},{"taxonomy":"product_tag","embeddable":true,"href":"https:\/\/hammertimecafe.hu\/en\/wp-json\/wp\/v2\/product_tag?post=26571"}],"curies":[{"name":"wp","href":"https:\/\/api.w.org\/{rel}","templated":true}]}}