{"id":26586,"date":"2026-01-31T11:10:00","date_gmt":"2026-01-31T10:10:00","guid":{"rendered":"https:\/\/hammertimecafe.hu\/?post_type=product&#038;p=26586"},"modified":"2026-04-19T20:37:44","modified_gmt":"2026-04-19T18:37:44","slug":"warriors-of-chaos-chaos-marauder-horsemen","status":"publish","type":"product","link":"https:\/\/hammertimecafe.hu\/en\/product\/warriors-of-chaos-chaos-marauder-horsemen\/","title":{"rendered":"WARRIORS OF CHAOS: CHAOS MARAUDER HORSEMEN"},"content":{"rendered":"<p>WARRIORS OF CHAOS: CHAOS MARAUDER HORSEMEN represents the bloodthirsty Northmen who ride to war in the name of the Dark Gods. With wild steeds and brutal momentum, WARRIORS OF CHAOS: CHAOS MARAUDER HORSEMEN excels as fast and destructive shock cavalry.<\/p>\n<p>The set contains 10 plastic Marauder Horsemen that can be assembled as one large unit or two units of five. Each unit includes its own Champion, musician, and standard bearer, giving WARRIORS OF CHAOS: CHAOS MARAUDER HORSEMEN strong battlefield flexibility.<\/p>\n<p>Each group of five features 13 interchangeable heads, and every Horseman can be equipped with either a hand weapon and shield or a flail. This makes WARRIORS OF CHAOS: CHAOS MARAUDER HORSEMEN a highly customizable and aggressive Chaos unit.<\/p>\n<p>The miniatures require assembly and painting.<br \/>\nProduct language: English.<\/p>","protected":false},"excerpt":{"rendered":"<p>WARRIORS OF CHAOS: CHAOS MARAUDER HORSEMEN represents the bloodthirsty Northmen who ride to war in the name of the Dark Gods. With wild steeds and brutal momentum, WARRIORS OF CHAOS: CHAOS MARAUDER HORSEMEN excels as fast and destructive shock cavalry.<\/p>","protected":false},"featured_media":26558,"comment_status":"open","ping_status":"closed","template":"","meta":{"_acf_changed":false},"product_brand":[46],"product_cat":[19,233],"product_tag":[],"class_list":{"0":"post-26586","1":"product","2":"type-product","3":"status-publish","4":"has-post-thumbnail","6":"product_brand-games-workshop","7":"product_cat-wargame","8":"product_cat-warhammer-the-old-world","10":"first","11":"onbackorder","12":"sale","13":"taxable","14":"shipping-taxable","15":"purchasable","16":"product-type-simple"},"acf":[],"yoast_head":"<!-- This site is optimized with the Yoast SEO Premium plugin v25.6 (Yoast SEO v25.6) - https:\/\/yoast.com\/wordpress\/plugins\/seo\/ -->\n<title>WARRIORS OF CHAOS: CHAOS MARAUDER HORSEMEN - HammerTime Cafe Webshop<\/title>\n<meta name=\"description\" content=\"WARRIORS OF CHAOS: CHAOS MARAUDER HORSEMEN brut\u00e1lis k\u00e1osz lovass\u00e1g sokf\u00e9le \u00e9p\u00edt\u00e9si opci\u00f3val \u00e9s puszt\u00edt\u00f3 rohamer\u0151vel.\" \/>\n<meta name=\"robots\" content=\"index, follow, max-snippet:-1, max-image-preview:large, max-video-preview:-1\" \/>\n<link rel=\"canonical\" href=\"https:\/\/hammertimecafe.hu\/en\/product\/warriors-of-chaos-chaos-marauder-horsemen\/\" \/>\n<meta property=\"og:locale\" content=\"en_US\" \/>\n<meta property=\"og:type\" content=\"article\" \/>\n<meta property=\"og:title\" content=\"WARRIORS OF CHAOS: CHAOS MARAUDER HORSEMEN\" \/>\n<meta property=\"og:description\" content=\"WARRIORS OF CHAOS: CHAOS MARAUDER HORSEMEN brut\u00e1lis k\u00e1osz lovass\u00e1g sokf\u00e9le \u00e9p\u00edt\u00e9si opci\u00f3val \u00e9s puszt\u00edt\u00f3 rohamer\u0151vel.\" \/>\n<meta property=\"og:url\" content=\"https:\/\/hammertimecafe.hu\/en\/product\/warriors-of-chaos-chaos-marauder-horsemen\/\" \/>\n<meta property=\"og:site_name\" content=\"HammerTime Cafe Webshop\" \/>\n<meta property=\"article:modified_time\" content=\"2026-04-19T18:37:44+00:00\" \/>\n<meta property=\"og:image\" content=\"https:\/\/hammertimecafe.hu\/app\/uploads\/2026\/01\/WarhammertheOldWorldWarriorsOfChaosMarauderHorsemen.jpg\" \/>\n\t<meta property=\"og:image:width\" content=\"1840\" \/>\n\t<meta property=\"og:image:height\" content=\"1900\" \/>\n\t<meta property=\"og:image:type\" content=\"image\/jpeg\" \/>\n<meta name=\"twitter:card\" content=\"summary_large_image\" \/>\n<meta name=\"twitter:label1\" content=\"Est. reading time\" \/>\n\t<meta name=\"twitter:data1\" content=\"1 minute\" \/>\n<script type=\"application\/ld+json\" class=\"yoast-schema-graph\">{\"@context\":\"https:\/\/schema.org\",\"@graph\":[{\"@type\":\"WebPage\",\"@id\":\"https:\/\/hammertimecafe.hu\/termek\/warriors-of-chaos-chaos-marauder-horsemen\/\",\"url\":\"https:\/\/hammertimecafe.hu\/termek\/warriors-of-chaos-chaos-marauder-horsemen\/\",\"name\":\"WARRIORS OF CHAOS: CHAOS MARAUDER HORSEMEN - HammerTime Cafe Webshop\",\"isPartOf\":{\"@id\":\"https:\/\/hammertimecafe.hu\/#website\"},\"primaryImageOfPage\":{\"@id\":\"https:\/\/hammertimecafe.hu\/termek\/warriors-of-chaos-chaos-marauder-horsemen\/#primaryimage\"},\"image\":{\"@id\":\"https:\/\/hammertimecafe.hu\/termek\/warriors-of-chaos-chaos-marauder-horsemen\/#primaryimage\"},\"thumbnailUrl\":\"https:\/\/hammertimecafe.hu\/app\/uploads\/2026\/01\/WarhammertheOldWorldWarriorsOfChaosMarauderHorsemen.jpg\",\"datePublished\":\"2026-01-31T10:10:00+00:00\",\"dateModified\":\"2026-04-19T18:37:44+00:00\",\"description\":\"WARRIORS OF CHAOS: CHAOS MARAUDER HORSEMEN brut\u00e1lis k\u00e1osz lovass\u00e1g sokf\u00e9le \u00e9p\u00edt\u00e9si opci\u00f3val \u00e9s puszt\u00edt\u00f3 rohamer\u0151vel.\",\"breadcrumb\":{\"@id\":\"https:\/\/hammertimecafe.hu\/termek\/warriors-of-chaos-chaos-marauder-horsemen\/#breadcrumb\"},\"inLanguage\":\"en-US\",\"potentialAction\":[{\"@type\":\"ReadAction\",\"target\":[\"https:\/\/hammertimecafe.hu\/termek\/warriors-of-chaos-chaos-marauder-horsemen\/\"]}]},{\"@type\":\"ImageObject\",\"inLanguage\":\"en-US\",\"@id\":\"https:\/\/hammertimecafe.hu\/termek\/warriors-of-chaos-chaos-marauder-horsemen\/#primaryimage\",\"url\":\"https:\/\/hammertimecafe.hu\/app\/uploads\/2026\/01\/WarhammertheOldWorldWarriorsOfChaosMarauderHorsemen.jpg\",\"contentUrl\":\"https:\/\/hammertimecafe.hu\/app\/uploads\/2026\/01\/WarhammertheOldWorldWarriorsOfChaosMarauderHorsemen.jpg\",\"width\":1840,\"height\":1900,\"caption\":\"WarhammertheOldWorldWarriorsOfChaosMarauderHorsemen\"},{\"@type\":\"BreadcrumbList\",\"@id\":\"https:\/\/hammertimecafe.hu\/termek\/warriors-of-chaos-chaos-marauder-horsemen\/#breadcrumb\",\"itemListElement\":[{\"@type\":\"ListItem\",\"position\":1,\"name\":\"Home\",\"item\":\"https:\/\/hammertimecafe.hu\/\"},{\"@type\":\"ListItem\",\"position\":2,\"name\":\"Shop\",\"item\":\"https:\/\/hammertimecafe.hu\/uzlet\/\"},{\"@type\":\"ListItem\",\"position\":3,\"name\":\"WARRIORS OF CHAOS: CHAOS MARAUDER HORSEMEN\"}]},{\"@type\":\"WebSite\",\"@id\":\"https:\/\/hammertimecafe.hu\/#website\",\"url\":\"https:\/\/hammertimecafe.hu\/\",\"name\":\"Hammertimecafe\",\"description\":\"A HammerTime Cafe Hivatalos Weboldala \u00e9s Webshopja.\",\"publisher\":{\"@id\":\"https:\/\/hammertimecafe.hu\/#organization\"},\"potentialAction\":[{\"@type\":\"SearchAction\",\"target\":{\"@type\":\"EntryPoint\",\"urlTemplate\":\"https:\/\/hammertimecafe.hu\/?s={search_term_string}\"},\"query-input\":{\"@type\":\"PropertyValueSpecification\",\"valueRequired\":true,\"valueName\":\"search_term_string\"}}],\"inLanguage\":\"en-US\"},{\"@type\":\"Organization\",\"@id\":\"https:\/\/hammertimecafe.hu\/#organization\",\"name\":\"Hammertimecafe\",\"url\":\"https:\/\/hammertimecafe.hu\/\",\"logo\":{\"@type\":\"ImageObject\",\"inLanguage\":\"en-US\",\"@id\":\"https:\/\/hammertimecafe.hu\/#\/schema\/logo\/image\/\",\"url\":\"https:\/\/htcwoo.test\/app\/uploads\/2025\/08\/logo_of_htc.png\",\"contentUrl\":\"https:\/\/htcwoo.test\/app\/uploads\/2025\/08\/logo_of_htc.png\",\"width\":166,\"height\":73,\"caption\":\"Hammertimecafe\"},\"image\":{\"@id\":\"https:\/\/hammertimecafe.hu\/#\/schema\/logo\/image\/\"}}]}<\/script>\n<!-- \/ Yoast SEO Premium plugin. -->","yoast_head_json":{"title":"WARRIORS OF CHAOS: CHAOS MARAUDER HORSEMEN - HammerTime Cafe Webshop","description":"WARRIORS OF CHAOS: CHAOS MARAUDER HORSEMEN brut\u00e1lis k\u00e1osz lovass\u00e1g sokf\u00e9le \u00e9p\u00edt\u00e9si opci\u00f3val \u00e9s puszt\u00edt\u00f3 rohamer\u0151vel.","robots":{"index":"index","follow":"follow","max-snippet":"max-snippet:-1","max-image-preview":"max-image-preview:large","max-video-preview":"max-video-preview:-1"},"canonical":"https:\/\/hammertimecafe.hu\/en\/product\/warriors-of-chaos-chaos-marauder-horsemen\/","og_locale":"en_US","og_type":"article","og_title":"WARRIORS OF CHAOS: CHAOS MARAUDER HORSEMEN","og_description":"WARRIORS OF CHAOS: CHAOS MARAUDER HORSEMEN brut\u00e1lis k\u00e1osz lovass\u00e1g sokf\u00e9le \u00e9p\u00edt\u00e9si opci\u00f3val \u00e9s puszt\u00edt\u00f3 rohamer\u0151vel.","og_url":"https:\/\/hammertimecafe.hu\/en\/product\/warriors-of-chaos-chaos-marauder-horsemen\/","og_site_name":"HammerTime Cafe Webshop","article_modified_time":"2026-04-19T18:37:44+00:00","og_image":[{"width":1840,"height":1900,"url":"https:\/\/hammertimecafe.hu\/app\/uploads\/2026\/01\/WarhammertheOldWorldWarriorsOfChaosMarauderHorsemen.jpg","type":"image\/jpeg"}],"twitter_card":"summary_large_image","twitter_misc":{"Est. reading time":"1 minute"},"schema":{"@context":"https:\/\/schema.org","@graph":[{"@type":"WebPage","@id":"https:\/\/hammertimecafe.hu\/termek\/warriors-of-chaos-chaos-marauder-horsemen\/","url":"https:\/\/hammertimecafe.hu\/termek\/warriors-of-chaos-chaos-marauder-horsemen\/","name":"WARRIORS OF CHAOS: CHAOS MARAUDER HORSEMEN - HammerTime Cafe Webshop","isPartOf":{"@id":"https:\/\/hammertimecafe.hu\/#website"},"primaryImageOfPage":{"@id":"https:\/\/hammertimecafe.hu\/termek\/warriors-of-chaos-chaos-marauder-horsemen\/#primaryimage"},"image":{"@id":"https:\/\/hammertimecafe.hu\/termek\/warriors-of-chaos-chaos-marauder-horsemen\/#primaryimage"},"thumbnailUrl":"https:\/\/hammertimecafe.hu\/app\/uploads\/2026\/01\/WarhammertheOldWorldWarriorsOfChaosMarauderHorsemen.jpg","datePublished":"2026-01-31T10:10:00+00:00","dateModified":"2026-04-19T18:37:44+00:00","description":"WARRIORS OF CHAOS: CHAOS MARAUDER HORSEMEN brut\u00e1lis k\u00e1osz lovass\u00e1g sokf\u00e9le \u00e9p\u00edt\u00e9si opci\u00f3val \u00e9s puszt\u00edt\u00f3 rohamer\u0151vel.","breadcrumb":{"@id":"https:\/\/hammertimecafe.hu\/termek\/warriors-of-chaos-chaos-marauder-horsemen\/#breadcrumb"},"inLanguage":"en-US","potentialAction":[{"@type":"ReadAction","target":["https:\/\/hammertimecafe.hu\/termek\/warriors-of-chaos-chaos-marauder-horsemen\/"]}]},{"@type":"ImageObject","inLanguage":"en-US","@id":"https:\/\/hammertimecafe.hu\/termek\/warriors-of-chaos-chaos-marauder-horsemen\/#primaryimage","url":"https:\/\/hammertimecafe.hu\/app\/uploads\/2026\/01\/WarhammertheOldWorldWarriorsOfChaosMarauderHorsemen.jpg","contentUrl":"https:\/\/hammertimecafe.hu\/app\/uploads\/2026\/01\/WarhammertheOldWorldWarriorsOfChaosMarauderHorsemen.jpg","width":1840,"height":1900,"caption":"WarhammertheOldWorldWarriorsOfChaosMarauderHorsemen"},{"@type":"BreadcrumbList","@id":"https:\/\/hammertimecafe.hu\/termek\/warriors-of-chaos-chaos-marauder-horsemen\/#breadcrumb","itemListElement":[{"@type":"ListItem","position":1,"name":"Home","item":"https:\/\/hammertimecafe.hu\/"},{"@type":"ListItem","position":2,"name":"Shop","item":"https:\/\/hammertimecafe.hu\/uzlet\/"},{"@type":"ListItem","position":3,"name":"WARRIORS OF CHAOS: CHAOS MARAUDER HORSEMEN"}]},{"@type":"WebSite","@id":"https:\/\/hammertimecafe.hu\/#website","url":"https:\/\/hammertimecafe.hu\/","name":"Hammertimecafe","description":"The Official Website and Webshop of HammerTime Cafe.","publisher":{"@id":"https:\/\/hammertimecafe.hu\/#organization"},"potentialAction":[{"@type":"SearchAction","target":{"@type":"EntryPoint","urlTemplate":"https:\/\/hammertimecafe.hu\/?s={search_term_string}"},"query-input":{"@type":"PropertyValueSpecification","valueRequired":true,"valueName":"search_term_string"}}],"inLanguage":"en-US"},{"@type":"Organization","@id":"https:\/\/hammertimecafe.hu\/#organization","name":"Hammertimecafe","url":"https:\/\/hammertimecafe.hu\/","logo":{"@type":"ImageObject","inLanguage":"en-US","@id":"https:\/\/hammertimecafe.hu\/#\/schema\/logo\/image\/","url":"https:\/\/htcwoo.test\/app\/uploads\/2025\/08\/logo_of_htc.png","contentUrl":"https:\/\/htcwoo.test\/app\/uploads\/2025\/08\/logo_of_htc.png","width":166,"height":73,"caption":"Hammertimecafe"},"image":{"@id":"https:\/\/hammertimecafe.hu\/#\/schema\/logo\/image\/"}}]}},"_links":{"self":[{"href":"https:\/\/hammertimecafe.hu\/en\/wp-json\/wp\/v2\/product\/26586","targetHints":{"allow":["GET"]}}],"collection":[{"href":"https:\/\/hammertimecafe.hu\/en\/wp-json\/wp\/v2\/product"}],"about":[{"href":"https:\/\/hammertimecafe.hu\/en\/wp-json\/wp\/v2\/types\/product"}],"replies":[{"embeddable":true,"href":"https:\/\/hammertimecafe.hu\/en\/wp-json\/wp\/v2\/comments?post=26586"}],"wp:featuredmedia":[{"embeddable":true,"href":"https:\/\/hammertimecafe.hu\/en\/wp-json\/wp\/v2\/media\/26558"}],"wp:attachment":[{"href":"https:\/\/hammertimecafe.hu\/en\/wp-json\/wp\/v2\/media?parent=26586"}],"wp:term":[{"taxonomy":"product_brand","embeddable":true,"href":"https:\/\/hammertimecafe.hu\/en\/wp-json\/wp\/v2\/product_brand?post=26586"},{"taxonomy":"product_cat","embeddable":true,"href":"https:\/\/hammertimecafe.hu\/en\/wp-json\/wp\/v2\/product_cat?post=26586"},{"taxonomy":"product_tag","embeddable":true,"href":"https:\/\/hammertimecafe.hu\/en\/wp-json\/wp\/v2\/product_tag?post=26586"}],"curies":[{"name":"wp","href":"https:\/\/api.w.org\/{rel}","templated":true}]}}