{"id":26830,"date":"2026-02-06T17:05:14","date_gmt":"2026-02-06T16:05:14","guid":{"rendered":"https:\/\/hammertimecafe.hu\/?post_type=product&#038;p=26830"},"modified":"2026-04-19T20:37:42","modified_gmt":"2026-04-19T18:37:42","slug":"maggotkin-of-nurgle-sloven-knights","status":"publish","type":"product","link":"https:\/\/hammertimecafe.hu\/en\/product\/maggotkin-of-nurgle-sloven-knights\/","title":{"rendered":"MAGGOTKIN OF NURGLE: SLOVEN KNIGHTS"},"content":{"rendered":"<p>MAGGOTKIN OF NURGLE: SLOVEN KNIGHTS are a dark parody of noble cavalry, riding plague-ridden steeds into battle. Wherever they charge, MAGGOTKIN OF NURGLE: SLOVEN KNIGHTS project a crushing aura of despair that saps the will of their enemies.<\/p>\n<p>Armed with brutal, blunted weapons, these riders smash foes into ruin while spreading Nurgle\u2019s blessings across the battlefield. MAGGOTKIN OF NURGLE: SLOVEN KNIGHTS excel as hard-hitting shock cavalry and psychological threats.<\/p>\n<p>This multipart plastic kit builds three Sloven Knights and includes a variety of head options for customisation. MAGGOTKIN OF NURGLE: SLOVEN KNIGHTS make an imposing and thematic addition to any Maggotkin of Nurgle army.<\/p>\n<p>Striking in appearance and deadly in role, they suit both narrative and competitive play. MAGGOTKIN OF NURGLE: SLOVEN KNIGHTS embody the corrupted chivalry of Nurgle\u2019s chosen.<\/p>\n<p>The miniatures require assembly and painting.<br \/>\nProduct language: English.<\/p>","protected":false},"excerpt":{"rendered":"<p>MAGGOTKIN OF NURGLE: SLOVEN KNIGHTS are a dark parody of noble cavalry, riding plague-ridden steeds into battle. Wherever they charge, MAGGOTKIN OF NURGLE: SLOVEN KNIGHTS project a crushing aura of despair that saps the will of their enemies.<\/p>","protected":false},"featured_media":26810,"comment_status":"open","ping_status":"closed","template":"","meta":{"_acf_changed":false},"product_brand":[46],"product_cat":[43,139,19,42],"product_tag":[],"class_list":{"0":"post-26830","1":"product","2":"type-product","3":"status-publish","4":"has-post-thumbnail","6":"product_brand-games-workshop","7":"product_cat-grand-alliance-chaos","8":"product_cat-maggotkin-of-nurgle","9":"product_cat-wargame","10":"product_cat-warhammer-age-of-sigmar","12":"first","13":"onbackorder","14":"sale","15":"taxable","16":"shipping-taxable","17":"purchasable","18":"product-type-simple"},"acf":[],"yoast_head":"<!-- This site is optimized with the Yoast SEO Premium plugin v25.6 (Yoast SEO v25.6) - https:\/\/yoast.com\/wordpress\/plugins\/seo\/ -->\n<title>MAGGOTKIN OF NURGLE: SLOVEN KNIGHTS - HammerTime Cafe Webshop<\/title>\n<meta name=\"description\" content=\"MAGGOTKIN OF NURGLE: SLOVEN KNIGHTS pestises lovass\u00e1g brut\u00e1lis k\u00f6zelharci er\u0151vel, rombol\u00f3 aur\u00e1val \u00e9s ikonikus Nurgle hangulattal.\" \/>\n<meta name=\"robots\" content=\"index, follow, max-snippet:-1, max-image-preview:large, max-video-preview:-1\" \/>\n<link rel=\"canonical\" href=\"https:\/\/hammertimecafe.hu\/en\/product\/maggotkin-of-nurgle-sloven-knights\/\" \/>\n<meta property=\"og:locale\" content=\"en_US\" \/>\n<meta property=\"og:type\" content=\"article\" \/>\n<meta property=\"og:title\" content=\"MAGGOTKIN OF NURGLE: SLOVEN KNIGHTS\" \/>\n<meta property=\"og:description\" content=\"MAGGOTKIN OF NURGLE: SLOVEN KNIGHTS pestises lovass\u00e1g brut\u00e1lis k\u00f6zelharci er\u0151vel, rombol\u00f3 aur\u00e1val \u00e9s ikonikus Nurgle hangulattal.\" \/>\n<meta property=\"og:url\" content=\"https:\/\/hammertimecafe.hu\/en\/product\/maggotkin-of-nurgle-sloven-knights\/\" \/>\n<meta property=\"og:site_name\" content=\"HammerTime Cafe Webshop\" \/>\n<meta property=\"article:modified_time\" content=\"2026-04-19T18:37:42+00:00\" \/>\n<meta property=\"og:image\" content=\"https:\/\/hammertimecafe.hu\/app\/uploads\/2026\/02\/Maggotkin-of-Nurgle-Sloven-Knights.jpg\" \/>\n\t<meta property=\"og:image:width\" content=\"1840\" \/>\n\t<meta property=\"og:image:height\" content=\"1900\" \/>\n\t<meta property=\"og:image:type\" content=\"image\/jpeg\" \/>\n<meta name=\"twitter:card\" content=\"summary_large_image\" \/>\n<meta name=\"twitter:label1\" content=\"Est. reading time\" \/>\n\t<meta name=\"twitter:data1\" content=\"1 minute\" \/>\n<script type=\"application\/ld+json\" class=\"yoast-schema-graph\">{\"@context\":\"https:\/\/schema.org\",\"@graph\":[{\"@type\":\"WebPage\",\"@id\":\"https:\/\/hammertimecafe.hu\/termek\/maggotkin-of-nurgle-sloven-knights\/\",\"url\":\"https:\/\/hammertimecafe.hu\/termek\/maggotkin-of-nurgle-sloven-knights\/\",\"name\":\"MAGGOTKIN OF NURGLE: SLOVEN KNIGHTS - HammerTime Cafe Webshop\",\"isPartOf\":{\"@id\":\"https:\/\/hammertimecafe.hu\/#website\"},\"primaryImageOfPage\":{\"@id\":\"https:\/\/hammertimecafe.hu\/termek\/maggotkin-of-nurgle-sloven-knights\/#primaryimage\"},\"image\":{\"@id\":\"https:\/\/hammertimecafe.hu\/termek\/maggotkin-of-nurgle-sloven-knights\/#primaryimage\"},\"thumbnailUrl\":\"https:\/\/hammertimecafe.hu\/app\/uploads\/2026\/02\/Maggotkin-of-Nurgle-Sloven-Knights.jpg\",\"datePublished\":\"2026-02-06T16:05:14+00:00\",\"dateModified\":\"2026-04-19T18:37:42+00:00\",\"description\":\"MAGGOTKIN OF NURGLE: SLOVEN KNIGHTS pestises lovass\u00e1g brut\u00e1lis k\u00f6zelharci er\u0151vel, rombol\u00f3 aur\u00e1val \u00e9s ikonikus Nurgle hangulattal.\",\"breadcrumb\":{\"@id\":\"https:\/\/hammertimecafe.hu\/termek\/maggotkin-of-nurgle-sloven-knights\/#breadcrumb\"},\"inLanguage\":\"en-US\",\"potentialAction\":[{\"@type\":\"ReadAction\",\"target\":[\"https:\/\/hammertimecafe.hu\/termek\/maggotkin-of-nurgle-sloven-knights\/\"]}]},{\"@type\":\"ImageObject\",\"inLanguage\":\"en-US\",\"@id\":\"https:\/\/hammertimecafe.hu\/termek\/maggotkin-of-nurgle-sloven-knights\/#primaryimage\",\"url\":\"https:\/\/hammertimecafe.hu\/app\/uploads\/2026\/02\/Maggotkin-of-Nurgle-Sloven-Knights.jpg\",\"contentUrl\":\"https:\/\/hammertimecafe.hu\/app\/uploads\/2026\/02\/Maggotkin-of-Nurgle-Sloven-Knights.jpg\",\"width\":1840,\"height\":1900,\"caption\":\"Maggotkin of Nurgle Sloven Knights\"},{\"@type\":\"BreadcrumbList\",\"@id\":\"https:\/\/hammertimecafe.hu\/termek\/maggotkin-of-nurgle-sloven-knights\/#breadcrumb\",\"itemListElement\":[{\"@type\":\"ListItem\",\"position\":1,\"name\":\"Home\",\"item\":\"https:\/\/hammertimecafe.hu\/\"},{\"@type\":\"ListItem\",\"position\":2,\"name\":\"Shop\",\"item\":\"https:\/\/hammertimecafe.hu\/uzlet\/\"},{\"@type\":\"ListItem\",\"position\":3,\"name\":\"MAGGOTKIN OF NURGLE: SLOVEN KNIGHTS\"}]},{\"@type\":\"WebSite\",\"@id\":\"https:\/\/hammertimecafe.hu\/#website\",\"url\":\"https:\/\/hammertimecafe.hu\/\",\"name\":\"Hammertimecafe\",\"description\":\"A HammerTime Cafe Hivatalos Weboldala \u00e9s Webshopja.\",\"publisher\":{\"@id\":\"https:\/\/hammertimecafe.hu\/#organization\"},\"potentialAction\":[{\"@type\":\"SearchAction\",\"target\":{\"@type\":\"EntryPoint\",\"urlTemplate\":\"https:\/\/hammertimecafe.hu\/?s={search_term_string}\"},\"query-input\":{\"@type\":\"PropertyValueSpecification\",\"valueRequired\":true,\"valueName\":\"search_term_string\"}}],\"inLanguage\":\"en-US\"},{\"@type\":\"Organization\",\"@id\":\"https:\/\/hammertimecafe.hu\/#organization\",\"name\":\"Hammertimecafe\",\"url\":\"https:\/\/hammertimecafe.hu\/\",\"logo\":{\"@type\":\"ImageObject\",\"inLanguage\":\"en-US\",\"@id\":\"https:\/\/hammertimecafe.hu\/#\/schema\/logo\/image\/\",\"url\":\"https:\/\/htcwoo.test\/app\/uploads\/2025\/08\/logo_of_htc.png\",\"contentUrl\":\"https:\/\/htcwoo.test\/app\/uploads\/2025\/08\/logo_of_htc.png\",\"width\":166,\"height\":73,\"caption\":\"Hammertimecafe\"},\"image\":{\"@id\":\"https:\/\/hammertimecafe.hu\/#\/schema\/logo\/image\/\"}}]}<\/script>\n<!-- \/ Yoast SEO Premium plugin. -->","yoast_head_json":{"title":"MAGGOTKIN OF NURGLE: SLOVEN KNIGHTS - HammerTime Cafe Webshop","description":"MAGGOTKIN OF NURGLE: SLOVEN KNIGHTS pestises lovass\u00e1g brut\u00e1lis k\u00f6zelharci er\u0151vel, rombol\u00f3 aur\u00e1val \u00e9s ikonikus Nurgle hangulattal.","robots":{"index":"index","follow":"follow","max-snippet":"max-snippet:-1","max-image-preview":"max-image-preview:large","max-video-preview":"max-video-preview:-1"},"canonical":"https:\/\/hammertimecafe.hu\/en\/product\/maggotkin-of-nurgle-sloven-knights\/","og_locale":"en_US","og_type":"article","og_title":"MAGGOTKIN OF NURGLE: SLOVEN KNIGHTS","og_description":"MAGGOTKIN OF NURGLE: SLOVEN KNIGHTS pestises lovass\u00e1g brut\u00e1lis k\u00f6zelharci er\u0151vel, rombol\u00f3 aur\u00e1val \u00e9s ikonikus Nurgle hangulattal.","og_url":"https:\/\/hammertimecafe.hu\/en\/product\/maggotkin-of-nurgle-sloven-knights\/","og_site_name":"HammerTime Cafe Webshop","article_modified_time":"2026-04-19T18:37:42+00:00","og_image":[{"width":1840,"height":1900,"url":"https:\/\/hammertimecafe.hu\/app\/uploads\/2026\/02\/Maggotkin-of-Nurgle-Sloven-Knights.jpg","type":"image\/jpeg"}],"twitter_card":"summary_large_image","twitter_misc":{"Est. reading time":"1 minute"},"schema":{"@context":"https:\/\/schema.org","@graph":[{"@type":"WebPage","@id":"https:\/\/hammertimecafe.hu\/termek\/maggotkin-of-nurgle-sloven-knights\/","url":"https:\/\/hammertimecafe.hu\/termek\/maggotkin-of-nurgle-sloven-knights\/","name":"MAGGOTKIN OF NURGLE: SLOVEN KNIGHTS - HammerTime Cafe Webshop","isPartOf":{"@id":"https:\/\/hammertimecafe.hu\/#website"},"primaryImageOfPage":{"@id":"https:\/\/hammertimecafe.hu\/termek\/maggotkin-of-nurgle-sloven-knights\/#primaryimage"},"image":{"@id":"https:\/\/hammertimecafe.hu\/termek\/maggotkin-of-nurgle-sloven-knights\/#primaryimage"},"thumbnailUrl":"https:\/\/hammertimecafe.hu\/app\/uploads\/2026\/02\/Maggotkin-of-Nurgle-Sloven-Knights.jpg","datePublished":"2026-02-06T16:05:14+00:00","dateModified":"2026-04-19T18:37:42+00:00","description":"MAGGOTKIN OF NURGLE: SLOVEN KNIGHTS pestises lovass\u00e1g brut\u00e1lis k\u00f6zelharci er\u0151vel, rombol\u00f3 aur\u00e1val \u00e9s ikonikus Nurgle hangulattal.","breadcrumb":{"@id":"https:\/\/hammertimecafe.hu\/termek\/maggotkin-of-nurgle-sloven-knights\/#breadcrumb"},"inLanguage":"en-US","potentialAction":[{"@type":"ReadAction","target":["https:\/\/hammertimecafe.hu\/termek\/maggotkin-of-nurgle-sloven-knights\/"]}]},{"@type":"ImageObject","inLanguage":"en-US","@id":"https:\/\/hammertimecafe.hu\/termek\/maggotkin-of-nurgle-sloven-knights\/#primaryimage","url":"https:\/\/hammertimecafe.hu\/app\/uploads\/2026\/02\/Maggotkin-of-Nurgle-Sloven-Knights.jpg","contentUrl":"https:\/\/hammertimecafe.hu\/app\/uploads\/2026\/02\/Maggotkin-of-Nurgle-Sloven-Knights.jpg","width":1840,"height":1900,"caption":"Maggotkin of Nurgle Sloven Knights"},{"@type":"BreadcrumbList","@id":"https:\/\/hammertimecafe.hu\/termek\/maggotkin-of-nurgle-sloven-knights\/#breadcrumb","itemListElement":[{"@type":"ListItem","position":1,"name":"Home","item":"https:\/\/hammertimecafe.hu\/"},{"@type":"ListItem","position":2,"name":"Shop","item":"https:\/\/hammertimecafe.hu\/uzlet\/"},{"@type":"ListItem","position":3,"name":"MAGGOTKIN OF NURGLE: SLOVEN KNIGHTS"}]},{"@type":"WebSite","@id":"https:\/\/hammertimecafe.hu\/#website","url":"https:\/\/hammertimecafe.hu\/","name":"Hammertimecafe","description":"The Official Website and Webshop of HammerTime Cafe.","publisher":{"@id":"https:\/\/hammertimecafe.hu\/#organization"},"potentialAction":[{"@type":"SearchAction","target":{"@type":"EntryPoint","urlTemplate":"https:\/\/hammertimecafe.hu\/?s={search_term_string}"},"query-input":{"@type":"PropertyValueSpecification","valueRequired":true,"valueName":"search_term_string"}}],"inLanguage":"en-US"},{"@type":"Organization","@id":"https:\/\/hammertimecafe.hu\/#organization","name":"Hammertimecafe","url":"https:\/\/hammertimecafe.hu\/","logo":{"@type":"ImageObject","inLanguage":"en-US","@id":"https:\/\/hammertimecafe.hu\/#\/schema\/logo\/image\/","url":"https:\/\/htcwoo.test\/app\/uploads\/2025\/08\/logo_of_htc.png","contentUrl":"https:\/\/htcwoo.test\/app\/uploads\/2025\/08\/logo_of_htc.png","width":166,"height":73,"caption":"Hammertimecafe"},"image":{"@id":"https:\/\/hammertimecafe.hu\/#\/schema\/logo\/image\/"}}]}},"_links":{"self":[{"href":"https:\/\/hammertimecafe.hu\/en\/wp-json\/wp\/v2\/product\/26830","targetHints":{"allow":["GET"]}}],"collection":[{"href":"https:\/\/hammertimecafe.hu\/en\/wp-json\/wp\/v2\/product"}],"about":[{"href":"https:\/\/hammertimecafe.hu\/en\/wp-json\/wp\/v2\/types\/product"}],"replies":[{"embeddable":true,"href":"https:\/\/hammertimecafe.hu\/en\/wp-json\/wp\/v2\/comments?post=26830"}],"wp:featuredmedia":[{"embeddable":true,"href":"https:\/\/hammertimecafe.hu\/en\/wp-json\/wp\/v2\/media\/26810"}],"wp:attachment":[{"href":"https:\/\/hammertimecafe.hu\/en\/wp-json\/wp\/v2\/media?parent=26830"}],"wp:term":[{"taxonomy":"product_brand","embeddable":true,"href":"https:\/\/hammertimecafe.hu\/en\/wp-json\/wp\/v2\/product_brand?post=26830"},{"taxonomy":"product_cat","embeddable":true,"href":"https:\/\/hammertimecafe.hu\/en\/wp-json\/wp\/v2\/product_cat?post=26830"},{"taxonomy":"product_tag","embeddable":true,"href":"https:\/\/hammertimecafe.hu\/en\/wp-json\/wp\/v2\/product_tag?post=26830"}],"curies":[{"name":"wp","href":"https:\/\/api.w.org\/{rel}","templated":true}]}}