{"id":26834,"date":"2026-02-06T17:24:04","date_gmt":"2026-02-06T16:24:04","guid":{"rendered":"https:\/\/hammertimecafe.hu\/?post_type=product&#038;p=26834"},"modified":"2026-04-19T20:37:42","modified_gmt":"2026-04-19T18:37:42","slug":"spearhead-bubonic-cell","status":"publish","type":"product","link":"https:\/\/hammertimecafe.hu\/en\/product\/spearhead-bubonic-cell\/","title":{"rendered":"SPEARHEAD: BUBONIC CELL"},"content":{"rendered":"<p>SPEARHEAD: BUBONIC CELL brings Grandfather Nurgle\u2019s gifts to the closely fought battlefields of Spearhead. Designed to combine mortals and daemons into a cohesive force, SPEARHEAD: BUBONIC CELL excels in grinding, corruption-driven warfare.<\/p>\n<p>The force is led by a Rotbringer Sorcerer commanding a delegation of Rotmire Creed, supported by two packs of three Nurgling bases and a rambunctious Beast of Nurgle. Drawing on the cycle of corruption, SPEARHEAD: BUBONIC CELL overwhelms foes through attrition and board control.<\/p>\n<p>The Nurglings apply constant pressure, while the Beast of Nurgle adds unpredictable threat and resilience. This makes SPEARHEAD: BUBONIC CELL particularly effective in prolonged engagements.<\/p>\n<p>Ideal as an entry point to Spearhead games or as a thematic expansion to a larger Maggotkin of Nurgle army, SPEARHEAD: BUBONIC CELL offers strong synergy and unmistakable Nurgle flavour.<\/p>\n<p>The miniatures require assembly and painting.<br \/>\nProduct language: English.<\/p>","protected":false},"excerpt":{"rendered":"<p>SPEARHEAD: BUBONIC CELL brings Grandfather Nurgle\u2019s gifts to the closely fought battlefields of Spearhead. Designed to combine mortals and daemons into a cohesive force, SPEARHEAD: BUBONIC CELL excels in grinding, corruption-driven warfare.<\/p>","protected":false},"featured_media":26807,"comment_status":"open","ping_status":"closed","template":"","meta":{"_acf_changed":false},"product_brand":[46],"product_cat":[43,139,19,42],"product_tag":[],"class_list":{"0":"post-26834","1":"product","2":"type-product","3":"status-publish","4":"has-post-thumbnail","6":"product_brand-games-workshop","7":"product_cat-grand-alliance-chaos","8":"product_cat-maggotkin-of-nurgle","9":"product_cat-wargame","10":"product_cat-warhammer-age-of-sigmar","12":"first","13":"onbackorder","14":"sale","15":"taxable","16":"shipping-taxable","17":"purchasable","18":"product-type-simple"},"acf":[],"yoast_head":"<!-- This site is optimized with the Yoast SEO Premium plugin v25.6 (Yoast SEO v25.6) - https:\/\/yoast.com\/wordpress\/plugins\/seo\/ -->\n<title>SPEARHEAD: BUBONIC CELL - HammerTime Cafe Webshop<\/title>\n<meta name=\"description\" content=\"SPEARHEAD: BUBONIC CELL vegyes Nurgle er\u0151 d\u00e9monokkal \u00e9s haland\u00f3kkal, amely ide\u00e1lis a szoros Spearhead csat\u00e1khoz.\" \/>\n<meta name=\"robots\" content=\"index, follow, max-snippet:-1, max-image-preview:large, max-video-preview:-1\" \/>\n<link rel=\"canonical\" href=\"https:\/\/hammertimecafe.hu\/en\/product\/spearhead-bubonic-cell\/\" \/>\n<meta property=\"og:locale\" content=\"en_US\" \/>\n<meta property=\"og:type\" content=\"article\" \/>\n<meta property=\"og:title\" content=\"SPEARHEAD: BUBONIC CELL\" \/>\n<meta property=\"og:description\" content=\"SPEARHEAD: BUBONIC CELL vegyes Nurgle er\u0151 d\u00e9monokkal \u00e9s haland\u00f3kkal, amely ide\u00e1lis a szoros Spearhead csat\u00e1khoz.\" \/>\n<meta property=\"og:url\" content=\"https:\/\/hammertimecafe.hu\/en\/product\/spearhead-bubonic-cell\/\" \/>\n<meta property=\"og:site_name\" content=\"HammerTime Cafe Webshop\" \/>\n<meta property=\"article:modified_time\" content=\"2026-04-19T18:37:42+00:00\" \/>\n<meta property=\"og:image\" content=\"https:\/\/hammertimecafe.hu\/app\/uploads\/2026\/02\/Spearhead-Bubonic-Cell-992x1024.jpg\" \/>\n\t<meta property=\"og:image:width\" content=\"992\" \/>\n\t<meta property=\"og:image:height\" content=\"1024\" \/>\n\t<meta property=\"og:image:type\" content=\"image\/jpeg\" \/>\n<meta name=\"twitter:card\" content=\"summary_large_image\" \/>\n<meta name=\"twitter:label1\" content=\"Est. reading time\" \/>\n\t<meta name=\"twitter:data1\" content=\"1 minute\" \/>\n<script type=\"application\/ld+json\" class=\"yoast-schema-graph\">{\"@context\":\"https:\/\/schema.org\",\"@graph\":[{\"@type\":\"WebPage\",\"@id\":\"https:\/\/hammertimecafe.hu\/termek\/spearhead-bubonic-cell\/\",\"url\":\"https:\/\/hammertimecafe.hu\/termek\/spearhead-bubonic-cell\/\",\"name\":\"SPEARHEAD: BUBONIC CELL - HammerTime Cafe Webshop\",\"isPartOf\":{\"@id\":\"https:\/\/hammertimecafe.hu\/#website\"},\"primaryImageOfPage\":{\"@id\":\"https:\/\/hammertimecafe.hu\/termek\/spearhead-bubonic-cell\/#primaryimage\"},\"image\":{\"@id\":\"https:\/\/hammertimecafe.hu\/termek\/spearhead-bubonic-cell\/#primaryimage\"},\"thumbnailUrl\":\"https:\/\/hammertimecafe.hu\/app\/uploads\/2026\/02\/Spearhead-Bubonic-Cell.jpg\",\"datePublished\":\"2026-02-06T16:24:04+00:00\",\"dateModified\":\"2026-04-19T18:37:42+00:00\",\"description\":\"SPEARHEAD: BUBONIC CELL vegyes Nurgle er\u0151 d\u00e9monokkal \u00e9s haland\u00f3kkal, amely ide\u00e1lis a szoros Spearhead csat\u00e1khoz.\",\"breadcrumb\":{\"@id\":\"https:\/\/hammertimecafe.hu\/termek\/spearhead-bubonic-cell\/#breadcrumb\"},\"inLanguage\":\"en-US\",\"potentialAction\":[{\"@type\":\"ReadAction\",\"target\":[\"https:\/\/hammertimecafe.hu\/termek\/spearhead-bubonic-cell\/\"]}]},{\"@type\":\"ImageObject\",\"inLanguage\":\"en-US\",\"@id\":\"https:\/\/hammertimecafe.hu\/termek\/spearhead-bubonic-cell\/#primaryimage\",\"url\":\"https:\/\/hammertimecafe.hu\/app\/uploads\/2026\/02\/Spearhead-Bubonic-Cell.jpg\",\"contentUrl\":\"https:\/\/hammertimecafe.hu\/app\/uploads\/2026\/02\/Spearhead-Bubonic-Cell.jpg\",\"width\":1840,\"height\":1900,\"caption\":\"Spearhead Bubonic Cell\"},{\"@type\":\"BreadcrumbList\",\"@id\":\"https:\/\/hammertimecafe.hu\/termek\/spearhead-bubonic-cell\/#breadcrumb\",\"itemListElement\":[{\"@type\":\"ListItem\",\"position\":1,\"name\":\"Home\",\"item\":\"https:\/\/hammertimecafe.hu\/\"},{\"@type\":\"ListItem\",\"position\":2,\"name\":\"Shop\",\"item\":\"https:\/\/hammertimecafe.hu\/uzlet\/\"},{\"@type\":\"ListItem\",\"position\":3,\"name\":\"SPEARHEAD: BUBONIC CELL\"}]},{\"@type\":\"WebSite\",\"@id\":\"https:\/\/hammertimecafe.hu\/#website\",\"url\":\"https:\/\/hammertimecafe.hu\/\",\"name\":\"Hammertimecafe\",\"description\":\"A HammerTime Cafe Hivatalos Weboldala \u00e9s Webshopja.\",\"publisher\":{\"@id\":\"https:\/\/hammertimecafe.hu\/#organization\"},\"potentialAction\":[{\"@type\":\"SearchAction\",\"target\":{\"@type\":\"EntryPoint\",\"urlTemplate\":\"https:\/\/hammertimecafe.hu\/?s={search_term_string}\"},\"query-input\":{\"@type\":\"PropertyValueSpecification\",\"valueRequired\":true,\"valueName\":\"search_term_string\"}}],\"inLanguage\":\"en-US\"},{\"@type\":\"Organization\",\"@id\":\"https:\/\/hammertimecafe.hu\/#organization\",\"name\":\"Hammertimecafe\",\"url\":\"https:\/\/hammertimecafe.hu\/\",\"logo\":{\"@type\":\"ImageObject\",\"inLanguage\":\"en-US\",\"@id\":\"https:\/\/hammertimecafe.hu\/#\/schema\/logo\/image\/\",\"url\":\"https:\/\/htcwoo.test\/app\/uploads\/2025\/08\/logo_of_htc.png\",\"contentUrl\":\"https:\/\/htcwoo.test\/app\/uploads\/2025\/08\/logo_of_htc.png\",\"width\":166,\"height\":73,\"caption\":\"Hammertimecafe\"},\"image\":{\"@id\":\"https:\/\/hammertimecafe.hu\/#\/schema\/logo\/image\/\"}}]}<\/script>\n<!-- \/ Yoast SEO Premium plugin. -->","yoast_head_json":{"title":"SPEARHEAD: BUBONIC CELL - HammerTime Cafe Webshop","description":"SPEARHEAD: BUBONIC CELL vegyes Nurgle er\u0151 d\u00e9monokkal \u00e9s haland\u00f3kkal, amely ide\u00e1lis a szoros Spearhead csat\u00e1khoz.","robots":{"index":"index","follow":"follow","max-snippet":"max-snippet:-1","max-image-preview":"max-image-preview:large","max-video-preview":"max-video-preview:-1"},"canonical":"https:\/\/hammertimecafe.hu\/en\/product\/spearhead-bubonic-cell\/","og_locale":"en_US","og_type":"article","og_title":"SPEARHEAD: BUBONIC CELL","og_description":"SPEARHEAD: BUBONIC CELL vegyes Nurgle er\u0151 d\u00e9monokkal \u00e9s haland\u00f3kkal, amely ide\u00e1lis a szoros Spearhead csat\u00e1khoz.","og_url":"https:\/\/hammertimecafe.hu\/en\/product\/spearhead-bubonic-cell\/","og_site_name":"HammerTime Cafe Webshop","article_modified_time":"2026-04-19T18:37:42+00:00","og_image":[{"width":992,"height":1024,"url":"https:\/\/hammertimecafe.hu\/app\/uploads\/2026\/02\/Spearhead-Bubonic-Cell-992x1024.jpg","type":"image\/jpeg"}],"twitter_card":"summary_large_image","twitter_misc":{"Est. reading time":"1 minute"},"schema":{"@context":"https:\/\/schema.org","@graph":[{"@type":"WebPage","@id":"https:\/\/hammertimecafe.hu\/termek\/spearhead-bubonic-cell\/","url":"https:\/\/hammertimecafe.hu\/termek\/spearhead-bubonic-cell\/","name":"SPEARHEAD: BUBONIC CELL - HammerTime Cafe Webshop","isPartOf":{"@id":"https:\/\/hammertimecafe.hu\/#website"},"primaryImageOfPage":{"@id":"https:\/\/hammertimecafe.hu\/termek\/spearhead-bubonic-cell\/#primaryimage"},"image":{"@id":"https:\/\/hammertimecafe.hu\/termek\/spearhead-bubonic-cell\/#primaryimage"},"thumbnailUrl":"https:\/\/hammertimecafe.hu\/app\/uploads\/2026\/02\/Spearhead-Bubonic-Cell.jpg","datePublished":"2026-02-06T16:24:04+00:00","dateModified":"2026-04-19T18:37:42+00:00","description":"SPEARHEAD: BUBONIC CELL vegyes Nurgle er\u0151 d\u00e9monokkal \u00e9s haland\u00f3kkal, amely ide\u00e1lis a szoros Spearhead csat\u00e1khoz.","breadcrumb":{"@id":"https:\/\/hammertimecafe.hu\/termek\/spearhead-bubonic-cell\/#breadcrumb"},"inLanguage":"en-US","potentialAction":[{"@type":"ReadAction","target":["https:\/\/hammertimecafe.hu\/termek\/spearhead-bubonic-cell\/"]}]},{"@type":"ImageObject","inLanguage":"en-US","@id":"https:\/\/hammertimecafe.hu\/termek\/spearhead-bubonic-cell\/#primaryimage","url":"https:\/\/hammertimecafe.hu\/app\/uploads\/2026\/02\/Spearhead-Bubonic-Cell.jpg","contentUrl":"https:\/\/hammertimecafe.hu\/app\/uploads\/2026\/02\/Spearhead-Bubonic-Cell.jpg","width":1840,"height":1900,"caption":"Spearhead Bubonic Cell"},{"@type":"BreadcrumbList","@id":"https:\/\/hammertimecafe.hu\/termek\/spearhead-bubonic-cell\/#breadcrumb","itemListElement":[{"@type":"ListItem","position":1,"name":"Home","item":"https:\/\/hammertimecafe.hu\/"},{"@type":"ListItem","position":2,"name":"Shop","item":"https:\/\/hammertimecafe.hu\/uzlet\/"},{"@type":"ListItem","position":3,"name":"SPEARHEAD: BUBONIC CELL"}]},{"@type":"WebSite","@id":"https:\/\/hammertimecafe.hu\/#website","url":"https:\/\/hammertimecafe.hu\/","name":"Hammertimecafe","description":"The Official Website and Webshop of HammerTime Cafe.","publisher":{"@id":"https:\/\/hammertimecafe.hu\/#organization"},"potentialAction":[{"@type":"SearchAction","target":{"@type":"EntryPoint","urlTemplate":"https:\/\/hammertimecafe.hu\/?s={search_term_string}"},"query-input":{"@type":"PropertyValueSpecification","valueRequired":true,"valueName":"search_term_string"}}],"inLanguage":"en-US"},{"@type":"Organization","@id":"https:\/\/hammertimecafe.hu\/#organization","name":"Hammertimecafe","url":"https:\/\/hammertimecafe.hu\/","logo":{"@type":"ImageObject","inLanguage":"en-US","@id":"https:\/\/hammertimecafe.hu\/#\/schema\/logo\/image\/","url":"https:\/\/htcwoo.test\/app\/uploads\/2025\/08\/logo_of_htc.png","contentUrl":"https:\/\/htcwoo.test\/app\/uploads\/2025\/08\/logo_of_htc.png","width":166,"height":73,"caption":"Hammertimecafe"},"image":{"@id":"https:\/\/hammertimecafe.hu\/#\/schema\/logo\/image\/"}}]}},"_links":{"self":[{"href":"https:\/\/hammertimecafe.hu\/en\/wp-json\/wp\/v2\/product\/26834","targetHints":{"allow":["GET"]}}],"collection":[{"href":"https:\/\/hammertimecafe.hu\/en\/wp-json\/wp\/v2\/product"}],"about":[{"href":"https:\/\/hammertimecafe.hu\/en\/wp-json\/wp\/v2\/types\/product"}],"replies":[{"embeddable":true,"href":"https:\/\/hammertimecafe.hu\/en\/wp-json\/wp\/v2\/comments?post=26834"}],"wp:featuredmedia":[{"embeddable":true,"href":"https:\/\/hammertimecafe.hu\/en\/wp-json\/wp\/v2\/media\/26807"}],"wp:attachment":[{"href":"https:\/\/hammertimecafe.hu\/en\/wp-json\/wp\/v2\/media?parent=26834"}],"wp:term":[{"taxonomy":"product_brand","embeddable":true,"href":"https:\/\/hammertimecafe.hu\/en\/wp-json\/wp\/v2\/product_brand?post=26834"},{"taxonomy":"product_cat","embeddable":true,"href":"https:\/\/hammertimecafe.hu\/en\/wp-json\/wp\/v2\/product_cat?post=26834"},{"taxonomy":"product_tag","embeddable":true,"href":"https:\/\/hammertimecafe.hu\/en\/wp-json\/wp\/v2\/product_tag?post=26834"}],"curies":[{"name":"wp","href":"https:\/\/api.w.org\/{rel}","templated":true}]}}