{"id":2727,"date":"2025-10-29T01:44:21","date_gmt":"2025-10-29T00:44:21","guid":{"rendered":"https:\/\/htcwoo.test\/?post_type=product&#038;p=2727"},"modified":"2026-04-19T20:50:20","modified_gmt":"2026-04-19T18:50:20","slug":"space-marine-stormhawk-interceptor","status":"publish","type":"product","link":"https:\/\/hammertimecafe.hu\/en\/product\/space-marine-stormhawk-interceptor\/","title":{"rendered":"SPACE MARINES: STORMHAWK INTERCEPTOR"},"content":{"rendered":"<p>A Stormhawk Interceptor egy neh\u00e9z p\u00e1nc\u00e9los, nagy t\u0171zerej\u0171 Astartes csap\u00e1sm\u00e9r\u0151 rep\u00fcl\u0151, mely minden bolyg\u00f3 l\u00e9gter\u00e9ben h\u00edrtedi az Imperium fels\u0151bbrend\u0171s\u00e9g\u00e9t.\u00a0<\/p>\n<p>A Stormtalon az Astartes seregek l\u00e9gi felder\u00edt\u0151 \u00e9s leveg\u0151-f\u00f6ld csap\u00e1sm\u00e9r\u0151 rep\u00fcl\u0151je. El\u00e9g mozg\u00e9kony ahhoz, hogy kicselezzen ellens\u00e9ges rep\u00fcl\u0151ket \u00e9s l\u00f6ved\u00e9keket, vertik\u00e1lis hajt\u00f3m\u0171ve pedig lehet\u0151v\u00e9 teszi sz\u00e1m\u00e1ra, hogy \u00e1ll\u00f3 helyzetb\u0151l t\u00fczeljen fegyvereivel. <\/p>\n<p>A doboz egy modellt tartalmaz melyet opcion\u00e1lisan egy Stormhawk Interceptor-k\u00e9nt vagy egy Stormtalon Gunship-k\u00e9nt lehet \u00f6sszerakni.\u00a0<\/p>\n<p>A modell ragaszt\u00e1st \u00e9s fest\u00e9st ig\u00e9nyel!<br \/>A doboz rengeteg alkatr\u00e9sz opci\u00f3t tartalmaz, ami lehet\u0151v\u00e9 teszi a modell v\u00e1ltozatos felszerel\u00e9s\u00e9t!<\/p>","protected":false},"excerpt":{"rendered":"<p>A Stormhawk Interceptor egy neh&eacute;z p&aacute;nc&eacute;los, nagy t\u0171zerej\u0171 Astartes csap&aacute;sm&eacute;r\u0151 rep&uuml;l\u0151, mely minden bolyg&oacute; l&eacute;gter&eacute;ben h&iacute;rtedi az Imperium fels\u0151bbrend\u0171s&eacute;g&eacute;t.&nbsp;<\/p>\n<p>A Stromtalon az Astartes seregek l&eacute;gi felder&iacute;t\u0151 &eacute;s leveg\u0151-f&ouml;ld csap&aacute;sm&eacute;r\u0151 rep&uuml;l\u0151je. El&eacute;g mozg&eacute;kony ahhoz, hogy kicselezzen ellens&eacute;ges rep&uuml;l\u0151ket &eacute;s l&ouml;ved&eacute;keket, vertik&aacute;lis hajt&oacute;m\u0171ve pedig lehet\u0151v&eacute; teszi sz&aacute;m&aacute;ra, hogy &aacute;ll&oacute; helyzetb\u0151l t&uuml;zeljen fegyvereivel.<\/p>","protected":false},"featured_media":7645,"comment_status":"open","ping_status":"closed","template":"","meta":{"_acf_changed":false},"product_brand":[46],"product_cat":[93,19],"product_tag":[],"class_list":{"0":"post-2727","1":"product","2":"type-product","3":"status-publish","4":"has-post-thumbnail","6":"product_brand-games-workshop","7":"product_cat-space-marines","8":"product_cat-wargame","10":"first","11":"onbackorder","12":"sale","13":"taxable","14":"shipping-taxable","15":"purchasable","16":"product-type-simple"},"acf":[],"yoast_head":"<!-- This site is optimized with the Yoast SEO Premium plugin v25.6 (Yoast SEO v25.6) - https:\/\/yoast.com\/wordpress\/plugins\/seo\/ -->\n<title>SPACE MARINE STORMHAWK INTERCEPTOR<\/title>\n<meta name=\"description\" content=\"SPACE MARINE STORMHAWK INTERCEPTOR\" \/>\n<meta name=\"robots\" content=\"index, follow, max-snippet:-1, max-image-preview:large, max-video-preview:-1\" \/>\n<link rel=\"canonical\" href=\"https:\/\/hammertimecafe.hu\/en\/product\/space-marine-stormhawk-interceptor\/\" \/>\n<meta property=\"og:locale\" content=\"en_US\" \/>\n<meta property=\"og:type\" content=\"article\" \/>\n<meta property=\"og:title\" content=\"SPACE MARINES: STORMHAWK INTERCEPTOR\" \/>\n<meta property=\"og:description\" content=\"SPACE MARINE STORMHAWK INTERCEPTOR\" \/>\n<meta property=\"og:url\" content=\"https:\/\/hammertimecafe.hu\/en\/product\/space-marine-stormhawk-interceptor\/\" \/>\n<meta property=\"og:site_name\" content=\"HammerTime Cafe Webshop\" \/>\n<meta property=\"article:modified_time\" content=\"2026-04-19T18:50:20+00:00\" \/>\n<meta property=\"og:image\" content=\"https:\/\/hammertimecafe.hu\/app\/uploads\/2025\/10\/99120101213.jpg\" \/>\n\t<meta property=\"og:image:width\" content=\"1162\" \/>\n\t<meta property=\"og:image:height\" content=\"1200\" \/>\n\t<meta property=\"og:image:type\" content=\"image\/jpeg\" \/>\n<meta name=\"twitter:card\" content=\"summary_large_image\" \/>\n<meta name=\"twitter:label1\" content=\"Est. reading time\" \/>\n\t<meta name=\"twitter:data1\" content=\"1 minute\" \/>\n<script type=\"application\/ld+json\" class=\"yoast-schema-graph\">{\"@context\":\"https:\/\/schema.org\",\"@graph\":[{\"@type\":\"WebPage\",\"@id\":\"https:\/\/hammertimecafe.hu\/termek\/space-marine-stormhawk-interceptor\/\",\"url\":\"https:\/\/hammertimecafe.hu\/termek\/space-marine-stormhawk-interceptor\/\",\"name\":\"SPACE MARINE STORMHAWK INTERCEPTOR\",\"isPartOf\":{\"@id\":\"https:\/\/hammertimecafe.hu\/#website\"},\"primaryImageOfPage\":{\"@id\":\"https:\/\/hammertimecafe.hu\/termek\/space-marine-stormhawk-interceptor\/#primaryimage\"},\"image\":{\"@id\":\"https:\/\/hammertimecafe.hu\/termek\/space-marine-stormhawk-interceptor\/#primaryimage\"},\"thumbnailUrl\":\"https:\/\/hammertimecafe.hu\/app\/uploads\/2025\/10\/99120101213.jpg\",\"datePublished\":\"2025-10-29T00:44:21+00:00\",\"dateModified\":\"2026-04-19T18:50:20+00:00\",\"description\":\"SPACE MARINE STORMHAWK INTERCEPTOR\",\"breadcrumb\":{\"@id\":\"https:\/\/hammertimecafe.hu\/termek\/space-marine-stormhawk-interceptor\/#breadcrumb\"},\"inLanguage\":\"en-US\",\"potentialAction\":[{\"@type\":\"ReadAction\",\"target\":[\"https:\/\/hammertimecafe.hu\/termek\/space-marine-stormhawk-interceptor\/\"]}]},{\"@type\":\"ImageObject\",\"inLanguage\":\"en-US\",\"@id\":\"https:\/\/hammertimecafe.hu\/termek\/space-marine-stormhawk-interceptor\/#primaryimage\",\"url\":\"https:\/\/hammertimecafe.hu\/app\/uploads\/2025\/10\/99120101213.jpg\",\"contentUrl\":\"https:\/\/hammertimecafe.hu\/app\/uploads\/2025\/10\/99120101213.jpg\",\"width\":1162,\"height\":1200},{\"@type\":\"BreadcrumbList\",\"@id\":\"https:\/\/hammertimecafe.hu\/termek\/space-marine-stormhawk-interceptor\/#breadcrumb\",\"itemListElement\":[{\"@type\":\"ListItem\",\"position\":1,\"name\":\"Home\",\"item\":\"https:\/\/hammertimecafe.hu\/\"},{\"@type\":\"ListItem\",\"position\":2,\"name\":\"Shop\",\"item\":\"https:\/\/hammertimecafe.hu\/uzlet\/\"},{\"@type\":\"ListItem\",\"position\":3,\"name\":\"SPACE MARINES: STORMHAWK INTERCEPTOR\"}]},{\"@type\":\"WebSite\",\"@id\":\"https:\/\/hammertimecafe.hu\/#website\",\"url\":\"https:\/\/hammertimecafe.hu\/\",\"name\":\"Hammertimecafe\",\"description\":\"A HammerTime Cafe Hivatalos Weboldala \u00e9s Webshopja.\",\"publisher\":{\"@id\":\"https:\/\/hammertimecafe.hu\/#organization\"},\"potentialAction\":[{\"@type\":\"SearchAction\",\"target\":{\"@type\":\"EntryPoint\",\"urlTemplate\":\"https:\/\/hammertimecafe.hu\/?s={search_term_string}\"},\"query-input\":{\"@type\":\"PropertyValueSpecification\",\"valueRequired\":true,\"valueName\":\"search_term_string\"}}],\"inLanguage\":\"en-US\"},{\"@type\":\"Organization\",\"@id\":\"https:\/\/hammertimecafe.hu\/#organization\",\"name\":\"Hammertimecafe\",\"url\":\"https:\/\/hammertimecafe.hu\/\",\"logo\":{\"@type\":\"ImageObject\",\"inLanguage\":\"en-US\",\"@id\":\"https:\/\/hammertimecafe.hu\/#\/schema\/logo\/image\/\",\"url\":\"https:\/\/htcwoo.test\/app\/uploads\/2025\/08\/logo_of_htc.png\",\"contentUrl\":\"https:\/\/htcwoo.test\/app\/uploads\/2025\/08\/logo_of_htc.png\",\"width\":166,\"height\":73,\"caption\":\"Hammertimecafe\"},\"image\":{\"@id\":\"https:\/\/hammertimecafe.hu\/#\/schema\/logo\/image\/\"}}]}<\/script>\n<!-- \/ Yoast SEO Premium plugin. -->","yoast_head_json":{"title":"SPACE MARINE STORMHAWK INTERCEPTOR","description":"SPACE MARINE STORMHAWK INTERCEPTOR","robots":{"index":"index","follow":"follow","max-snippet":"max-snippet:-1","max-image-preview":"max-image-preview:large","max-video-preview":"max-video-preview:-1"},"canonical":"https:\/\/hammertimecafe.hu\/en\/product\/space-marine-stormhawk-interceptor\/","og_locale":"en_US","og_type":"article","og_title":"SPACE MARINES: STORMHAWK INTERCEPTOR","og_description":"SPACE MARINE STORMHAWK INTERCEPTOR","og_url":"https:\/\/hammertimecafe.hu\/en\/product\/space-marine-stormhawk-interceptor\/","og_site_name":"HammerTime Cafe Webshop","article_modified_time":"2026-04-19T18:50:20+00:00","og_image":[{"width":1162,"height":1200,"url":"https:\/\/hammertimecafe.hu\/app\/uploads\/2025\/10\/99120101213.jpg","type":"image\/jpeg"}],"twitter_card":"summary_large_image","twitter_misc":{"Est. reading time":"1 minute"},"schema":{"@context":"https:\/\/schema.org","@graph":[{"@type":"WebPage","@id":"https:\/\/hammertimecafe.hu\/termek\/space-marine-stormhawk-interceptor\/","url":"https:\/\/hammertimecafe.hu\/termek\/space-marine-stormhawk-interceptor\/","name":"SPACE MARINE STORMHAWK INTERCEPTOR","isPartOf":{"@id":"https:\/\/hammertimecafe.hu\/#website"},"primaryImageOfPage":{"@id":"https:\/\/hammertimecafe.hu\/termek\/space-marine-stormhawk-interceptor\/#primaryimage"},"image":{"@id":"https:\/\/hammertimecafe.hu\/termek\/space-marine-stormhawk-interceptor\/#primaryimage"},"thumbnailUrl":"https:\/\/hammertimecafe.hu\/app\/uploads\/2025\/10\/99120101213.jpg","datePublished":"2025-10-29T00:44:21+00:00","dateModified":"2026-04-19T18:50:20+00:00","description":"SPACE MARINE STORMHAWK INTERCEPTOR","breadcrumb":{"@id":"https:\/\/hammertimecafe.hu\/termek\/space-marine-stormhawk-interceptor\/#breadcrumb"},"inLanguage":"en-US","potentialAction":[{"@type":"ReadAction","target":["https:\/\/hammertimecafe.hu\/termek\/space-marine-stormhawk-interceptor\/"]}]},{"@type":"ImageObject","inLanguage":"en-US","@id":"https:\/\/hammertimecafe.hu\/termek\/space-marine-stormhawk-interceptor\/#primaryimage","url":"https:\/\/hammertimecafe.hu\/app\/uploads\/2025\/10\/99120101213.jpg","contentUrl":"https:\/\/hammertimecafe.hu\/app\/uploads\/2025\/10\/99120101213.jpg","width":1162,"height":1200},{"@type":"BreadcrumbList","@id":"https:\/\/hammertimecafe.hu\/termek\/space-marine-stormhawk-interceptor\/#breadcrumb","itemListElement":[{"@type":"ListItem","position":1,"name":"Home","item":"https:\/\/hammertimecafe.hu\/"},{"@type":"ListItem","position":2,"name":"Shop","item":"https:\/\/hammertimecafe.hu\/uzlet\/"},{"@type":"ListItem","position":3,"name":"SPACE MARINES: STORMHAWK INTERCEPTOR"}]},{"@type":"WebSite","@id":"https:\/\/hammertimecafe.hu\/#website","url":"https:\/\/hammertimecafe.hu\/","name":"Hammertimecafe","description":"The Official Website and Webshop of HammerTime Cafe.","publisher":{"@id":"https:\/\/hammertimecafe.hu\/#organization"},"potentialAction":[{"@type":"SearchAction","target":{"@type":"EntryPoint","urlTemplate":"https:\/\/hammertimecafe.hu\/?s={search_term_string}"},"query-input":{"@type":"PropertyValueSpecification","valueRequired":true,"valueName":"search_term_string"}}],"inLanguage":"en-US"},{"@type":"Organization","@id":"https:\/\/hammertimecafe.hu\/#organization","name":"Hammertimecafe","url":"https:\/\/hammertimecafe.hu\/","logo":{"@type":"ImageObject","inLanguage":"en-US","@id":"https:\/\/hammertimecafe.hu\/#\/schema\/logo\/image\/","url":"https:\/\/htcwoo.test\/app\/uploads\/2025\/08\/logo_of_htc.png","contentUrl":"https:\/\/htcwoo.test\/app\/uploads\/2025\/08\/logo_of_htc.png","width":166,"height":73,"caption":"Hammertimecafe"},"image":{"@id":"https:\/\/hammertimecafe.hu\/#\/schema\/logo\/image\/"}}]}},"_links":{"self":[{"href":"https:\/\/hammertimecafe.hu\/en\/wp-json\/wp\/v2\/product\/2727","targetHints":{"allow":["GET"]}}],"collection":[{"href":"https:\/\/hammertimecafe.hu\/en\/wp-json\/wp\/v2\/product"}],"about":[{"href":"https:\/\/hammertimecafe.hu\/en\/wp-json\/wp\/v2\/types\/product"}],"replies":[{"embeddable":true,"href":"https:\/\/hammertimecafe.hu\/en\/wp-json\/wp\/v2\/comments?post=2727"}],"wp:featuredmedia":[{"embeddable":true,"href":"https:\/\/hammertimecafe.hu\/en\/wp-json\/wp\/v2\/media\/7645"}],"wp:attachment":[{"href":"https:\/\/hammertimecafe.hu\/en\/wp-json\/wp\/v2\/media?parent=2727"}],"wp:term":[{"taxonomy":"product_brand","embeddable":true,"href":"https:\/\/hammertimecafe.hu\/en\/wp-json\/wp\/v2\/product_brand?post=2727"},{"taxonomy":"product_cat","embeddable":true,"href":"https:\/\/hammertimecafe.hu\/en\/wp-json\/wp\/v2\/product_cat?post=2727"},{"taxonomy":"product_tag","embeddable":true,"href":"https:\/\/hammertimecafe.hu\/en\/wp-json\/wp\/v2\/product_tag?post=2727"}],"curies":[{"name":"wp","href":"https:\/\/api.w.org\/{rel}","templated":true}]}}