{"id":2732,"date":"2025-10-29T01:44:25","date_gmt":"2025-10-29T00:44:25","guid":{"rendered":"https:\/\/htcwoo.test\/?post_type=product&#038;p=2732"},"modified":"2026-04-11T11:20:06","modified_gmt":"2026-04-11T09:20:06","slug":"space-wolves-venerable-dreadnought","status":"publish","type":"product","link":"https:\/\/hammertimecafe.hu\/en\/product\/space-wolves-venerable-dreadnought\/","title":{"rendered":"SPACE WOLVES: VENERABLE DREADNOUGHT"},"content":{"rendered":"<p>A Dreadnought egy bizar kombin&aacute;ci&oacute;ja egy haldokl&oacute; \u0171rg&aacute;rdist&aacute;nak &eacute;s egy \u0151si harci g&eacute;pezetnek. Ha egy \u0171rg&aacute;rdista hal&aacute;losan megs&eacute;r&uuml;l &eacute;s m&aacute;r m&aacute;s ut&oacute;n nem lehet megmenteni egy ilyen harci kopors&oacute;ba helyezik, hogy tov&aacute;bb szolg&aacute;lja a cs&aacute;sz&aacute;rt. A Venerable Dreadnought a rendh&aacute;z egyik h\u0151s&eacute; volt &eacute;let&eacute;ben, de a Space Wolves rendh&aacute;zban olyan nagy nevek is erre a sorsra jutottak m&aacute;r, mint Bjorn &eacute;s a Wulfen Murderfang. <\/p>\n<p>A doboz egy modellt tartalmaz, melyet opcion&aacute;lisan Space Wolves Venerable Dreadnought-k&eacute;nt vagy Bjorn the Fell-Handed-k&eacute;nt, vagy Murderfang-k&eacute;nt is &ouml;sszerakhatsz. <\/p>\n<p>A modell ragaszt&aacute;st &eacute;s fest&eacute;st ig&eacute;nyel!<br \/>A doboz rengeteg alkatr&eacute;sz opci&oacute;t tartalmaz, ami lehet\u0151v&eacute; teszi a modell v&aacute;ltozatos felszerel&eacute;s&eacute;t!<\/p>","protected":false},"excerpt":{"rendered":"<p>A Dreadnought egy bizar kombin\u00e1ci\u00f3ja egy haldokl\u00f3 \u0171rg\u00e1rdist\u00e1nak \u00e9s egy \u0151si harci g\u00e9pezetnek. Ha egy \u0171rg\u00e1rdista hal\u00e1losan megs\u00e9r\u00fcl \u00e9s m\u00e1r m\u00e1s \u00faton nem lehet megmenteni egy ilyen harci kopors\u00f3ba helyezik, hogy tov\u00e1bb szolg\u00e1lja a cs\u00e1sz\u00e1rt. A Venerable Dreadnought a rendh\u00e1z egyik h\u0151s\u00e9 volt \u00e9let\u00e9ben, de a Space Wolves rendh\u00e1zban olyan nagy nevek is erre a sorsra jutottak m\u00e1r, mint Bjorn \u00e9s a Wulfen Murderfang.<\/p>","protected":false},"featured_media":7657,"comment_status":"open","ping_status":"closed","template":"","meta":{"_acf_changed":false},"product_brand":[46],"product_cat":[95,19],"product_tag":[],"class_list":{"0":"post-2732","1":"product","2":"type-product","3":"status-publish","4":"has-post-thumbnail","6":"product_brand-games-workshop","7":"product_cat-space-wolves","8":"product_cat-wargame","10":"first","11":"onbackorder","12":"sale","13":"taxable","14":"shipping-taxable","15":"purchasable","16":"product-type-simple"},"acf":[],"yoast_head":"<!-- This site is optimized with the Yoast SEO Premium plugin v25.6 (Yoast SEO v25.6) - https:\/\/yoast.com\/wordpress\/plugins\/seo\/ -->\n<title>SPACE WOLVES VENERABLE DREADNOUGHT<\/title>\n<meta name=\"description\" content=\"SPACE WOLVES VENERABLE DREADNOUGHT\" \/>\n<meta name=\"robots\" content=\"index, follow, max-snippet:-1, max-image-preview:large, max-video-preview:-1\" \/>\n<link rel=\"canonical\" href=\"https:\/\/hammertimecafe.hu\/en\/product\/space-wolves-venerable-dreadnought\/\" \/>\n<meta property=\"og:locale\" content=\"en_US\" \/>\n<meta property=\"og:type\" content=\"article\" \/>\n<meta property=\"og:title\" content=\"SPACE WOLVES: VENERABLE DREADNOUGHT\" \/>\n<meta property=\"og:description\" content=\"SPACE WOLVES VENERABLE DREADNOUGHT\" \/>\n<meta property=\"og:url\" content=\"https:\/\/hammertimecafe.hu\/en\/product\/space-wolves-venerable-dreadnought\/\" \/>\n<meta property=\"og:site_name\" content=\"HammerTime Cafe Webshop\" \/>\n<meta property=\"article:modified_time\" content=\"2026-04-11T09:20:06+00:00\" \/>\n<meta property=\"og:image\" content=\"https:\/\/hammertimecafe.hu\/app\/uploads\/2025\/10\/99120101348.jpg\" \/>\n\t<meta property=\"og:image:width\" content=\"1162\" \/>\n\t<meta property=\"og:image:height\" content=\"1200\" \/>\n\t<meta property=\"og:image:type\" content=\"image\/jpeg\" \/>\n<meta name=\"twitter:card\" content=\"summary_large_image\" \/>\n<meta name=\"twitter:label1\" content=\"Est. reading time\" \/>\n\t<meta name=\"twitter:data1\" content=\"1 minute\" \/>\n<script type=\"application\/ld+json\" class=\"yoast-schema-graph\">{\"@context\":\"https:\/\/schema.org\",\"@graph\":[{\"@type\":\"WebPage\",\"@id\":\"https:\/\/hammertimecafe.hu\/termek\/space-wolves-venerable-dreadnought\/\",\"url\":\"https:\/\/hammertimecafe.hu\/termek\/space-wolves-venerable-dreadnought\/\",\"name\":\"SPACE WOLVES VENERABLE DREADNOUGHT\",\"isPartOf\":{\"@id\":\"https:\/\/hammertimecafe.hu\/#website\"},\"primaryImageOfPage\":{\"@id\":\"https:\/\/hammertimecafe.hu\/termek\/space-wolves-venerable-dreadnought\/#primaryimage\"},\"image\":{\"@id\":\"https:\/\/hammertimecafe.hu\/termek\/space-wolves-venerable-dreadnought\/#primaryimage\"},\"thumbnailUrl\":\"https:\/\/hammertimecafe.hu\/app\/uploads\/2025\/10\/99120101348.jpg\",\"datePublished\":\"2025-10-29T00:44:25+00:00\",\"dateModified\":\"2026-04-11T09:20:06+00:00\",\"description\":\"SPACE WOLVES VENERABLE DREADNOUGHT\",\"breadcrumb\":{\"@id\":\"https:\/\/hammertimecafe.hu\/termek\/space-wolves-venerable-dreadnought\/#breadcrumb\"},\"inLanguage\":\"en-US\",\"potentialAction\":[{\"@type\":\"ReadAction\",\"target\":[\"https:\/\/hammertimecafe.hu\/termek\/space-wolves-venerable-dreadnought\/\"]}]},{\"@type\":\"ImageObject\",\"inLanguage\":\"en-US\",\"@id\":\"https:\/\/hammertimecafe.hu\/termek\/space-wolves-venerable-dreadnought\/#primaryimage\",\"url\":\"https:\/\/hammertimecafe.hu\/app\/uploads\/2025\/10\/99120101348.jpg\",\"contentUrl\":\"https:\/\/hammertimecafe.hu\/app\/uploads\/2025\/10\/99120101348.jpg\",\"width\":1162,\"height\":1200},{\"@type\":\"BreadcrumbList\",\"@id\":\"https:\/\/hammertimecafe.hu\/termek\/space-wolves-venerable-dreadnought\/#breadcrumb\",\"itemListElement\":[{\"@type\":\"ListItem\",\"position\":1,\"name\":\"Home\",\"item\":\"https:\/\/hammertimecafe.hu\/\"},{\"@type\":\"ListItem\",\"position\":2,\"name\":\"Shop\",\"item\":\"https:\/\/hammertimecafe.hu\/uzlet\/\"},{\"@type\":\"ListItem\",\"position\":3,\"name\":\"SPACE WOLVES: VENERABLE DREADNOUGHT\"}]},{\"@type\":\"WebSite\",\"@id\":\"https:\/\/hammertimecafe.hu\/#website\",\"url\":\"https:\/\/hammertimecafe.hu\/\",\"name\":\"Hammertimecafe\",\"description\":\"A HammerTime Cafe Hivatalos Weboldala \u00e9s Webshopja.\",\"publisher\":{\"@id\":\"https:\/\/hammertimecafe.hu\/#organization\"},\"potentialAction\":[{\"@type\":\"SearchAction\",\"target\":{\"@type\":\"EntryPoint\",\"urlTemplate\":\"https:\/\/hammertimecafe.hu\/?s={search_term_string}\"},\"query-input\":{\"@type\":\"PropertyValueSpecification\",\"valueRequired\":true,\"valueName\":\"search_term_string\"}}],\"inLanguage\":\"en-US\"},{\"@type\":\"Organization\",\"@id\":\"https:\/\/hammertimecafe.hu\/#organization\",\"name\":\"Hammertimecafe\",\"url\":\"https:\/\/hammertimecafe.hu\/\",\"logo\":{\"@type\":\"ImageObject\",\"inLanguage\":\"en-US\",\"@id\":\"https:\/\/hammertimecafe.hu\/#\/schema\/logo\/image\/\",\"url\":\"https:\/\/htcwoo.test\/app\/uploads\/2025\/08\/logo_of_htc.png\",\"contentUrl\":\"https:\/\/htcwoo.test\/app\/uploads\/2025\/08\/logo_of_htc.png\",\"width\":166,\"height\":73,\"caption\":\"Hammertimecafe\"},\"image\":{\"@id\":\"https:\/\/hammertimecafe.hu\/#\/schema\/logo\/image\/\"}}]}<\/script>\n<!-- \/ Yoast SEO Premium plugin. -->","yoast_head_json":{"title":"SPACE WOLVES VENERABLE DREADNOUGHT","description":"SPACE WOLVES VENERABLE DREADNOUGHT","robots":{"index":"index","follow":"follow","max-snippet":"max-snippet:-1","max-image-preview":"max-image-preview:large","max-video-preview":"max-video-preview:-1"},"canonical":"https:\/\/hammertimecafe.hu\/en\/product\/space-wolves-venerable-dreadnought\/","og_locale":"en_US","og_type":"article","og_title":"SPACE WOLVES: VENERABLE DREADNOUGHT","og_description":"SPACE WOLVES VENERABLE DREADNOUGHT","og_url":"https:\/\/hammertimecafe.hu\/en\/product\/space-wolves-venerable-dreadnought\/","og_site_name":"HammerTime Cafe Webshop","article_modified_time":"2026-04-11T09:20:06+00:00","og_image":[{"width":1162,"height":1200,"url":"https:\/\/hammertimecafe.hu\/app\/uploads\/2025\/10\/99120101348.jpg","type":"image\/jpeg"}],"twitter_card":"summary_large_image","twitter_misc":{"Est. reading time":"1 minute"},"schema":{"@context":"https:\/\/schema.org","@graph":[{"@type":"WebPage","@id":"https:\/\/hammertimecafe.hu\/termek\/space-wolves-venerable-dreadnought\/","url":"https:\/\/hammertimecafe.hu\/termek\/space-wolves-venerable-dreadnought\/","name":"SPACE WOLVES VENERABLE DREADNOUGHT","isPartOf":{"@id":"https:\/\/hammertimecafe.hu\/#website"},"primaryImageOfPage":{"@id":"https:\/\/hammertimecafe.hu\/termek\/space-wolves-venerable-dreadnought\/#primaryimage"},"image":{"@id":"https:\/\/hammertimecafe.hu\/termek\/space-wolves-venerable-dreadnought\/#primaryimage"},"thumbnailUrl":"https:\/\/hammertimecafe.hu\/app\/uploads\/2025\/10\/99120101348.jpg","datePublished":"2025-10-29T00:44:25+00:00","dateModified":"2026-04-11T09:20:06+00:00","description":"SPACE WOLVES VENERABLE DREADNOUGHT","breadcrumb":{"@id":"https:\/\/hammertimecafe.hu\/termek\/space-wolves-venerable-dreadnought\/#breadcrumb"},"inLanguage":"en-US","potentialAction":[{"@type":"ReadAction","target":["https:\/\/hammertimecafe.hu\/termek\/space-wolves-venerable-dreadnought\/"]}]},{"@type":"ImageObject","inLanguage":"en-US","@id":"https:\/\/hammertimecafe.hu\/termek\/space-wolves-venerable-dreadnought\/#primaryimage","url":"https:\/\/hammertimecafe.hu\/app\/uploads\/2025\/10\/99120101348.jpg","contentUrl":"https:\/\/hammertimecafe.hu\/app\/uploads\/2025\/10\/99120101348.jpg","width":1162,"height":1200},{"@type":"BreadcrumbList","@id":"https:\/\/hammertimecafe.hu\/termek\/space-wolves-venerable-dreadnought\/#breadcrumb","itemListElement":[{"@type":"ListItem","position":1,"name":"Home","item":"https:\/\/hammertimecafe.hu\/"},{"@type":"ListItem","position":2,"name":"Shop","item":"https:\/\/hammertimecafe.hu\/uzlet\/"},{"@type":"ListItem","position":3,"name":"SPACE WOLVES: VENERABLE DREADNOUGHT"}]},{"@type":"WebSite","@id":"https:\/\/hammertimecafe.hu\/#website","url":"https:\/\/hammertimecafe.hu\/","name":"Hammertimecafe","description":"The Official Website and Webshop of HammerTime Cafe.","publisher":{"@id":"https:\/\/hammertimecafe.hu\/#organization"},"potentialAction":[{"@type":"SearchAction","target":{"@type":"EntryPoint","urlTemplate":"https:\/\/hammertimecafe.hu\/?s={search_term_string}"},"query-input":{"@type":"PropertyValueSpecification","valueRequired":true,"valueName":"search_term_string"}}],"inLanguage":"en-US"},{"@type":"Organization","@id":"https:\/\/hammertimecafe.hu\/#organization","name":"Hammertimecafe","url":"https:\/\/hammertimecafe.hu\/","logo":{"@type":"ImageObject","inLanguage":"en-US","@id":"https:\/\/hammertimecafe.hu\/#\/schema\/logo\/image\/","url":"https:\/\/htcwoo.test\/app\/uploads\/2025\/08\/logo_of_htc.png","contentUrl":"https:\/\/htcwoo.test\/app\/uploads\/2025\/08\/logo_of_htc.png","width":166,"height":73,"caption":"Hammertimecafe"},"image":{"@id":"https:\/\/hammertimecafe.hu\/#\/schema\/logo\/image\/"}}]}},"_links":{"self":[{"href":"https:\/\/hammertimecafe.hu\/en\/wp-json\/wp\/v2\/product\/2732","targetHints":{"allow":["GET"]}}],"collection":[{"href":"https:\/\/hammertimecafe.hu\/en\/wp-json\/wp\/v2\/product"}],"about":[{"href":"https:\/\/hammertimecafe.hu\/en\/wp-json\/wp\/v2\/types\/product"}],"replies":[{"embeddable":true,"href":"https:\/\/hammertimecafe.hu\/en\/wp-json\/wp\/v2\/comments?post=2732"}],"wp:featuredmedia":[{"embeddable":true,"href":"https:\/\/hammertimecafe.hu\/en\/wp-json\/wp\/v2\/media\/7657"}],"wp:attachment":[{"href":"https:\/\/hammertimecafe.hu\/en\/wp-json\/wp\/v2\/media?parent=2732"}],"wp:term":[{"taxonomy":"product_brand","embeddable":true,"href":"https:\/\/hammertimecafe.hu\/en\/wp-json\/wp\/v2\/product_brand?post=2732"},{"taxonomy":"product_cat","embeddable":true,"href":"https:\/\/hammertimecafe.hu\/en\/wp-json\/wp\/v2\/product_cat?post=2732"},{"taxonomy":"product_tag","embeddable":true,"href":"https:\/\/hammertimecafe.hu\/en\/wp-json\/wp\/v2\/product_tag?post=2732"}],"curies":[{"name":"wp","href":"https:\/\/api.w.org\/{rel}","templated":true}]}}