{"id":27378,"date":"2026-02-28T10:11:32","date_gmt":"2026-02-28T09:11:32","guid":{"rendered":"https:\/\/hammertimecafe.hu\/?post_type=product&#038;p=27378"},"modified":"2026-04-19T20:37:36","modified_gmt":"2026-04-19T18:37:36","slug":"mechanicum-vultarax-stratos-automata","status":"publish","type":"product","link":"https:\/\/hammertimecafe.hu\/en\/product\/mechanicum-vultarax-stratos-automata\/","title":{"rendered":"MECHANICUM: VULTARAX STRATOS-AUTOMATA"},"content":{"rendered":"<p>A MECHANICUM: VULTARAX STRATOS-AUTOMATA lebeg\u0151 fegyverplatformk\u00e9nt biztos\u00edt l\u00e9gi t\u00e1mogat\u00e1st a Mechanicum seregek sz\u00e1m\u00e1ra. A MECHANICUM: VULTARAX STRATOS-AUTOMATA arc blasterrel, airburst l\u00f6ved\u00e9kekkel \u00e9s p\u00e1nc\u00e9lt\u00f6r\u0151 rak\u00e9t\u00e1kkal puszt\u00edtja az ellens\u00e9get.<\/p>\n<p>Gyorsas\u00e1g\u00e1nak \u00e9s rep\u00fcl\u00e9si k\u00e9pess\u00e9g\u00e9nek k\u00f6sz\u00f6nhet\u0151en k\u00f6nnyed\u00e9n \u00e1thalad terept\u00e1rgyakon \u00e9s egys\u00e9geken, hogy a megfelel\u0151 poz\u00edci\u00f3b\u00f3l m\u00e9rjen csap\u00e1st. A MECHANICUM: VULTARAX STRATOS-AUTOMATA kiv\u00e1l\u00f3an alkalmas gyalogs\u00e1g \u00e9s j\u00e1rm\u0171vek elleni bevet\u00e9sre egyar\u00e1nt.<\/p>\n<p>K\u00f6zelharcban hal\u00e1los karmokkal v\u00e9di mag\u00e1t, \u00edgy sokoldal\u00fa fenyeget\u00e9st jelent a csatat\u00e9ren. A MECHANICUM: VULTARAX STRATOS-AUTOMATA rugalmas taktikai lehet\u0151s\u00e9geket k\u00edn\u00e1l gyors reag\u00e1l\u00e1s\u00fa strat\u00e9gi\u00e1khoz.<\/p>\n<p>A modell nem tartalmaz frakci\u00f3specifikus jel\u00f6l\u00e9seket, \u00edgy b\u00e1rmely Mechanicum seregbe beilleszthet\u0151. A MECHANICUM: VULTARAX STRATOS-AUTOMATA ide\u00e1lis v\u00e1laszt\u00e1s mind lojalista, mind reneg\u00e1t er\u0151k sz\u00e1m\u00e1ra.<\/p>\n<p>The miniatures require assembly and painting.<br \/>\nProduct language: English.<\/p>","protected":false},"excerpt":{"rendered":"<p>A MECHANICUM: VULTARAX STRATOS-AUTOMATA lebeg\u0151 fegyverplatformk\u00e9nt biztos\u00edt l\u00e9gi t\u00e1mogat\u00e1st a Mechanicum seregek sz\u00e1m\u00e1ra. A MECHANICUM: VULTARAX STRATOS-AUTOMATA arc blasterrel, airburst l\u00f6ved\u00e9kekkel \u00e9s p\u00e1nc\u00e9lt\u00f6r\u0151 rak\u00e9t\u00e1kkal puszt\u00edtja az ellens\u00e9get.<\/p>","protected":false},"featured_media":27567,"comment_status":"open","ping_status":"closed","template":"","meta":{"_acf_changed":false},"product_brand":[46],"product_cat":[19,45],"product_tag":[],"class_list":{"0":"post-27378","1":"product","2":"type-product","3":"status-publish","4":"has-post-thumbnail","6":"product_brand-games-workshop","7":"product_cat-wargame","8":"product_cat-warhammer-the-horus-heresy","10":"first","11":"onbackorder","12":"sale","13":"taxable","14":"shipping-taxable","15":"purchasable","16":"product-type-simple"},"acf":[],"yoast_head":"<!-- This site is optimized with the Yoast SEO Premium plugin v25.6 (Yoast SEO v25.6) - https:\/\/yoast.com\/wordpress\/plugins\/seo\/ -->\n<title>MECHANICUM: VULTARAX STRATOS-AUTOMATA - HammerTime Cafe Webshop<\/title>\n<meta name=\"description\" content=\"MECHANICUM: VULTARAX STRATOS-AUTOMATA rep\u00fcl\u0151 fegyverplatform puszt\u00edt\u00f3 t\u0171zer\u0151vel.\" \/>\n<meta name=\"robots\" content=\"index, follow, max-snippet:-1, max-image-preview:large, max-video-preview:-1\" \/>\n<link rel=\"canonical\" href=\"https:\/\/hammertimecafe.hu\/en\/product\/mechanicum-vultarax-stratos-automata\/\" \/>\n<meta property=\"og:locale\" content=\"en_US\" \/>\n<meta property=\"og:type\" content=\"article\" \/>\n<meta property=\"og:title\" content=\"MECHANICUM: VULTARAX STRATOS-AUTOMATA\" \/>\n<meta property=\"og:description\" content=\"MECHANICUM: VULTARAX STRATOS-AUTOMATA rep\u00fcl\u0151 fegyverplatform puszt\u00edt\u00f3 t\u0171zer\u0151vel.\" \/>\n<meta property=\"og:url\" content=\"https:\/\/hammertimecafe.hu\/en\/product\/mechanicum-vultarax-stratos-automata\/\" \/>\n<meta property=\"og:site_name\" content=\"HammerTime Cafe Webshop\" \/>\n<meta property=\"article:modified_time\" content=\"2026-04-19T18:37:36+00:00\" \/>\n<meta property=\"og:image\" content=\"https:\/\/hammertimecafe.hu\/app\/uploads\/2026\/02\/Mechanicum-Vultarax-Stratos-Automata.jpg\" \/>\n\t<meta property=\"og:image:width\" content=\"1840\" \/>\n\t<meta property=\"og:image:height\" content=\"1900\" \/>\n\t<meta property=\"og:image:type\" content=\"image\/jpeg\" \/>\n<meta name=\"twitter:card\" content=\"summary_large_image\" \/>\n<meta name=\"twitter:label1\" content=\"Est. reading time\" \/>\n\t<meta name=\"twitter:data1\" content=\"1 minute\" \/>\n<script type=\"application\/ld+json\" class=\"yoast-schema-graph\">{\"@context\":\"https:\/\/schema.org\",\"@graph\":[{\"@type\":\"WebPage\",\"@id\":\"https:\/\/hammertimecafe.hu\/termek\/mechanicum-vultarax-stratos-automata\/\",\"url\":\"https:\/\/hammertimecafe.hu\/termek\/mechanicum-vultarax-stratos-automata\/\",\"name\":\"MECHANICUM: VULTARAX STRATOS-AUTOMATA - HammerTime Cafe Webshop\",\"isPartOf\":{\"@id\":\"https:\/\/hammertimecafe.hu\/#website\"},\"primaryImageOfPage\":{\"@id\":\"https:\/\/hammertimecafe.hu\/termek\/mechanicum-vultarax-stratos-automata\/#primaryimage\"},\"image\":{\"@id\":\"https:\/\/hammertimecafe.hu\/termek\/mechanicum-vultarax-stratos-automata\/#primaryimage\"},\"thumbnailUrl\":\"https:\/\/hammertimecafe.hu\/app\/uploads\/2026\/02\/Mechanicum-Vultarax-Stratos-Automata.jpg\",\"datePublished\":\"2026-02-28T09:11:32+00:00\",\"dateModified\":\"2026-04-19T18:37:36+00:00\",\"description\":\"MECHANICUM: VULTARAX STRATOS-AUTOMATA rep\u00fcl\u0151 fegyverplatform puszt\u00edt\u00f3 t\u0171zer\u0151vel.\",\"breadcrumb\":{\"@id\":\"https:\/\/hammertimecafe.hu\/termek\/mechanicum-vultarax-stratos-automata\/#breadcrumb\"},\"inLanguage\":\"en-US\",\"potentialAction\":[{\"@type\":\"ReadAction\",\"target\":[\"https:\/\/hammertimecafe.hu\/termek\/mechanicum-vultarax-stratos-automata\/\"]}]},{\"@type\":\"ImageObject\",\"inLanguage\":\"en-US\",\"@id\":\"https:\/\/hammertimecafe.hu\/termek\/mechanicum-vultarax-stratos-automata\/#primaryimage\",\"url\":\"https:\/\/hammertimecafe.hu\/app\/uploads\/2026\/02\/Mechanicum-Vultarax-Stratos-Automata.jpg\",\"contentUrl\":\"https:\/\/hammertimecafe.hu\/app\/uploads\/2026\/02\/Mechanicum-Vultarax-Stratos-Automata.jpg\",\"width\":1840,\"height\":1900,\"caption\":\"Mechanicum Vultarax Stratos Automata\"},{\"@type\":\"BreadcrumbList\",\"@id\":\"https:\/\/hammertimecafe.hu\/termek\/mechanicum-vultarax-stratos-automata\/#breadcrumb\",\"itemListElement\":[{\"@type\":\"ListItem\",\"position\":1,\"name\":\"Home\",\"item\":\"https:\/\/hammertimecafe.hu\/\"},{\"@type\":\"ListItem\",\"position\":2,\"name\":\"Shop\",\"item\":\"https:\/\/hammertimecafe.hu\/uzlet\/\"},{\"@type\":\"ListItem\",\"position\":3,\"name\":\"MECHANICUM: VULTARAX STRATOS-AUTOMATA\"}]},{\"@type\":\"WebSite\",\"@id\":\"https:\/\/hammertimecafe.hu\/#website\",\"url\":\"https:\/\/hammertimecafe.hu\/\",\"name\":\"Hammertimecafe\",\"description\":\"A HammerTime Cafe Hivatalos Weboldala \u00e9s Webshopja.\",\"publisher\":{\"@id\":\"https:\/\/hammertimecafe.hu\/#organization\"},\"potentialAction\":[{\"@type\":\"SearchAction\",\"target\":{\"@type\":\"EntryPoint\",\"urlTemplate\":\"https:\/\/hammertimecafe.hu\/?s={search_term_string}\"},\"query-input\":{\"@type\":\"PropertyValueSpecification\",\"valueRequired\":true,\"valueName\":\"search_term_string\"}}],\"inLanguage\":\"en-US\"},{\"@type\":\"Organization\",\"@id\":\"https:\/\/hammertimecafe.hu\/#organization\",\"name\":\"Hammertimecafe\",\"url\":\"https:\/\/hammertimecafe.hu\/\",\"logo\":{\"@type\":\"ImageObject\",\"inLanguage\":\"en-US\",\"@id\":\"https:\/\/hammertimecafe.hu\/#\/schema\/logo\/image\/\",\"url\":\"https:\/\/htcwoo.test\/app\/uploads\/2025\/08\/logo_of_htc.png\",\"contentUrl\":\"https:\/\/htcwoo.test\/app\/uploads\/2025\/08\/logo_of_htc.png\",\"width\":166,\"height\":73,\"caption\":\"Hammertimecafe\"},\"image\":{\"@id\":\"https:\/\/hammertimecafe.hu\/#\/schema\/logo\/image\/\"}}]}<\/script>\n<!-- \/ Yoast SEO Premium plugin. -->","yoast_head_json":{"title":"MECHANICUM: VULTARAX STRATOS-AUTOMATA - HammerTime Cafe Webshop","description":"MECHANICUM: VULTARAX STRATOS-AUTOMATA rep\u00fcl\u0151 fegyverplatform puszt\u00edt\u00f3 t\u0171zer\u0151vel.","robots":{"index":"index","follow":"follow","max-snippet":"max-snippet:-1","max-image-preview":"max-image-preview:large","max-video-preview":"max-video-preview:-1"},"canonical":"https:\/\/hammertimecafe.hu\/en\/product\/mechanicum-vultarax-stratos-automata\/","og_locale":"en_US","og_type":"article","og_title":"MECHANICUM: VULTARAX STRATOS-AUTOMATA","og_description":"MECHANICUM: VULTARAX STRATOS-AUTOMATA rep\u00fcl\u0151 fegyverplatform puszt\u00edt\u00f3 t\u0171zer\u0151vel.","og_url":"https:\/\/hammertimecafe.hu\/en\/product\/mechanicum-vultarax-stratos-automata\/","og_site_name":"HammerTime Cafe Webshop","article_modified_time":"2026-04-19T18:37:36+00:00","og_image":[{"width":1840,"height":1900,"url":"https:\/\/hammertimecafe.hu\/app\/uploads\/2026\/02\/Mechanicum-Vultarax-Stratos-Automata.jpg","type":"image\/jpeg"}],"twitter_card":"summary_large_image","twitter_misc":{"Est. reading time":"1 minute"},"schema":{"@context":"https:\/\/schema.org","@graph":[{"@type":"WebPage","@id":"https:\/\/hammertimecafe.hu\/termek\/mechanicum-vultarax-stratos-automata\/","url":"https:\/\/hammertimecafe.hu\/termek\/mechanicum-vultarax-stratos-automata\/","name":"MECHANICUM: VULTARAX STRATOS-AUTOMATA - HammerTime Cafe Webshop","isPartOf":{"@id":"https:\/\/hammertimecafe.hu\/#website"},"primaryImageOfPage":{"@id":"https:\/\/hammertimecafe.hu\/termek\/mechanicum-vultarax-stratos-automata\/#primaryimage"},"image":{"@id":"https:\/\/hammertimecafe.hu\/termek\/mechanicum-vultarax-stratos-automata\/#primaryimage"},"thumbnailUrl":"https:\/\/hammertimecafe.hu\/app\/uploads\/2026\/02\/Mechanicum-Vultarax-Stratos-Automata.jpg","datePublished":"2026-02-28T09:11:32+00:00","dateModified":"2026-04-19T18:37:36+00:00","description":"MECHANICUM: VULTARAX STRATOS-AUTOMATA rep\u00fcl\u0151 fegyverplatform puszt\u00edt\u00f3 t\u0171zer\u0151vel.","breadcrumb":{"@id":"https:\/\/hammertimecafe.hu\/termek\/mechanicum-vultarax-stratos-automata\/#breadcrumb"},"inLanguage":"en-US","potentialAction":[{"@type":"ReadAction","target":["https:\/\/hammertimecafe.hu\/termek\/mechanicum-vultarax-stratos-automata\/"]}]},{"@type":"ImageObject","inLanguage":"en-US","@id":"https:\/\/hammertimecafe.hu\/termek\/mechanicum-vultarax-stratos-automata\/#primaryimage","url":"https:\/\/hammertimecafe.hu\/app\/uploads\/2026\/02\/Mechanicum-Vultarax-Stratos-Automata.jpg","contentUrl":"https:\/\/hammertimecafe.hu\/app\/uploads\/2026\/02\/Mechanicum-Vultarax-Stratos-Automata.jpg","width":1840,"height":1900,"caption":"Mechanicum Vultarax Stratos Automata"},{"@type":"BreadcrumbList","@id":"https:\/\/hammertimecafe.hu\/termek\/mechanicum-vultarax-stratos-automata\/#breadcrumb","itemListElement":[{"@type":"ListItem","position":1,"name":"Home","item":"https:\/\/hammertimecafe.hu\/"},{"@type":"ListItem","position":2,"name":"Shop","item":"https:\/\/hammertimecafe.hu\/uzlet\/"},{"@type":"ListItem","position":3,"name":"MECHANICUM: VULTARAX STRATOS-AUTOMATA"}]},{"@type":"WebSite","@id":"https:\/\/hammertimecafe.hu\/#website","url":"https:\/\/hammertimecafe.hu\/","name":"Hammertimecafe","description":"The Official Website and Webshop of HammerTime Cafe.","publisher":{"@id":"https:\/\/hammertimecafe.hu\/#organization"},"potentialAction":[{"@type":"SearchAction","target":{"@type":"EntryPoint","urlTemplate":"https:\/\/hammertimecafe.hu\/?s={search_term_string}"},"query-input":{"@type":"PropertyValueSpecification","valueRequired":true,"valueName":"search_term_string"}}],"inLanguage":"en-US"},{"@type":"Organization","@id":"https:\/\/hammertimecafe.hu\/#organization","name":"Hammertimecafe","url":"https:\/\/hammertimecafe.hu\/","logo":{"@type":"ImageObject","inLanguage":"en-US","@id":"https:\/\/hammertimecafe.hu\/#\/schema\/logo\/image\/","url":"https:\/\/htcwoo.test\/app\/uploads\/2025\/08\/logo_of_htc.png","contentUrl":"https:\/\/htcwoo.test\/app\/uploads\/2025\/08\/logo_of_htc.png","width":166,"height":73,"caption":"Hammertimecafe"},"image":{"@id":"https:\/\/hammertimecafe.hu\/#\/schema\/logo\/image\/"}}]}},"_links":{"self":[{"href":"https:\/\/hammertimecafe.hu\/en\/wp-json\/wp\/v2\/product\/27378","targetHints":{"allow":["GET"]}}],"collection":[{"href":"https:\/\/hammertimecafe.hu\/en\/wp-json\/wp\/v2\/product"}],"about":[{"href":"https:\/\/hammertimecafe.hu\/en\/wp-json\/wp\/v2\/types\/product"}],"replies":[{"embeddable":true,"href":"https:\/\/hammertimecafe.hu\/en\/wp-json\/wp\/v2\/comments?post=27378"}],"wp:featuredmedia":[{"embeddable":true,"href":"https:\/\/hammertimecafe.hu\/en\/wp-json\/wp\/v2\/media\/27567"}],"wp:attachment":[{"href":"https:\/\/hammertimecafe.hu\/en\/wp-json\/wp\/v2\/media?parent=27378"}],"wp:term":[{"taxonomy":"product_brand","embeddable":true,"href":"https:\/\/hammertimecafe.hu\/en\/wp-json\/wp\/v2\/product_brand?post=27378"},{"taxonomy":"product_cat","embeddable":true,"href":"https:\/\/hammertimecafe.hu\/en\/wp-json\/wp\/v2\/product_cat?post=27378"},{"taxonomy":"product_tag","embeddable":true,"href":"https:\/\/hammertimecafe.hu\/en\/wp-json\/wp\/v2\/product_tag?post=27378"}],"curies":[{"name":"wp","href":"https:\/\/api.w.org\/{rel}","templated":true}]}}