{"id":2757,"date":"2025-10-29T01:44:48","date_gmt":"2025-10-29T00:44:48","guid":{"rendered":"https:\/\/htcwoo.test\/?post_type=product&#038;p=2757"},"modified":"2026-02-18T18:31:26","modified_gmt":"2026-02-18T17:31:26","slug":"ork-meganobz","status":"publish","type":"product","link":"https:\/\/hammertimecafe.hu\/en\/product\/ork-meganobz\/","title":{"rendered":"ORKS: MEGANOBZ"},"content":{"rendered":"<p>A Mega Nob-ok az adott kl&aacute;n leggazdagabb &eacute;s leger\u0151sebb orkjai, akik megengedhetik maguknak, hogy hatalmas Mega p&aacute;nc&eacute;lban sz&aacute;lljanak harcba. Ezek a robosztus harci ruh&aacute;k igazi &eacute;l\u0151 tankokk&aacute; teszik visel\u0151j&uuml;ket. A legbefoly&aacute;sosabb &eacute;s legtehets&eacute;gesebb (vagy ink&aacute;bb legm&aacute;zlisabb) Mek orkok is gyakran viselnek ilyen, testre szabott, egyedi Mega p&aacute;nc&eacute;lokat.<\/p>\n<p>Ez a doboz 4 figur&aacute;t tartalmaz, melyek t&ouml;bb kombin&aacute;ci&oacute;val is &ouml;sszerakhat&oacute;ak!<br \/>A dobozb&oacute;l &eacute;p&iacute;thet\u0151 3 Mega Nob, melyb\u0151l egy alternat&iacute;van Big Mek-k&eacute;nt is &ouml;sszerakhat&oacute;, valamint tal&aacute;lhat&oacute; a dobozban egy Grot Oiler is. <br \/>A doboz rengeteg alkatr&eacute;sz opci&oacute;t tartalmaz, ami lehet\u0151v&eacute; teszi a figur&aacute;k v&aacute;ltozatos felszerel&eacute;s&eacute;t!<\/p>","protected":false},"excerpt":{"rendered":"<p>A Mega Nob-ok az adott kl\u00e1n leggazdagabb \u00e9s leger\u0151sebb orkjai, akik megengedhetik maguknak, hogy hatalmas Mega p\u00e1nc\u00e9lban sz\u00e1lljanak harcba. Ezek a robosztus harci ruh\u00e1k igazi \u00e9l\u0151 tankokk\u00e1 teszik visel\u0151j\u00fcket. A legbefoly\u00e1sosabb \u00e9s legtehets\u00e9gesebb (vagy ink\u00e1bb legm\u00e1zlisabb) Mek orkok is gyakran viselnek ilyen, testre szabott, egyedi Mega p\u00e1nc\u00e9lokat.<\/p>","protected":false},"featured_media":7759,"comment_status":"open","ping_status":"closed","template":"","meta":{"_acf_changed":false},"product_brand":[46],"product_cat":[107,19],"product_tag":[],"class_list":{"0":"post-2757","1":"product","2":"type-product","3":"status-publish","4":"has-post-thumbnail","6":"product_brand-games-workshop","7":"product_cat-orks","8":"product_cat-wargame","10":"first","11":"onbackorder","12":"sale","13":"taxable","14":"shipping-taxable","15":"purchasable","16":"product-type-simple"},"acf":[],"yoast_head":"<!-- This site is optimized with the Yoast SEO Premium plugin v25.6 (Yoast SEO v25.6) - https:\/\/yoast.com\/wordpress\/plugins\/seo\/ -->\n<title>ORK MEGANOBZ<\/title>\n<meta name=\"description\" content=\"ORK MEGANOBZ\" \/>\n<meta name=\"robots\" content=\"index, follow, max-snippet:-1, max-image-preview:large, max-video-preview:-1\" \/>\n<link rel=\"canonical\" href=\"https:\/\/hammertimecafe.hu\/en\/product\/ork-meganobz\/\" \/>\n<meta property=\"og:locale\" content=\"en_US\" \/>\n<meta property=\"og:type\" content=\"article\" \/>\n<meta property=\"og:title\" content=\"ORKS: MEGANOBZ\" \/>\n<meta property=\"og:description\" content=\"ORK MEGANOBZ\" \/>\n<meta property=\"og:url\" content=\"https:\/\/hammertimecafe.hu\/en\/product\/ork-meganobz\/\" \/>\n<meta property=\"og:site_name\" content=\"HammerTime Cafe Webshop\" \/>\n<meta property=\"article:modified_time\" content=\"2026-02-18T17:31:26+00:00\" \/>\n<meta property=\"og:image\" content=\"https:\/\/hammertimecafe.hu\/app\/uploads\/2025\/10\/99120103035_meganobz01_1.jpg\" \/>\n\t<meta property=\"og:image:width\" content=\"600\" \/>\n\t<meta property=\"og:image:height\" content=\"620\" \/>\n\t<meta property=\"og:image:type\" content=\"image\/jpeg\" \/>\n<meta name=\"twitter:card\" content=\"summary_large_image\" \/>\n<meta name=\"twitter:label1\" content=\"Est. reading time\" \/>\n\t<meta name=\"twitter:data1\" content=\"1 minute\" \/>\n<script type=\"application\/ld+json\" class=\"yoast-schema-graph\">{\"@context\":\"https:\/\/schema.org\",\"@graph\":[{\"@type\":\"WebPage\",\"@id\":\"https:\/\/hammertimecafe.hu\/en\/product\/ork-meganobz\/\",\"url\":\"https:\/\/hammertimecafe.hu\/en\/product\/ork-meganobz\/\",\"name\":\"ORK MEGANOBZ\",\"isPartOf\":{\"@id\":\"https:\/\/hammertimecafe.hu\/#website\"},\"primaryImageOfPage\":{\"@id\":\"https:\/\/hammertimecafe.hu\/en\/product\/ork-meganobz\/#primaryimage\"},\"image\":{\"@id\":\"https:\/\/hammertimecafe.hu\/en\/product\/ork-meganobz\/#primaryimage\"},\"thumbnailUrl\":\"https:\/\/hammertimecafe.hu\/app\/uploads\/2025\/10\/99120103035_meganobz01_1.jpg\",\"datePublished\":\"2025-10-29T00:44:48+00:00\",\"dateModified\":\"2026-02-18T17:31:26+00:00\",\"description\":\"ORK MEGANOBZ\",\"breadcrumb\":{\"@id\":\"https:\/\/hammertimecafe.hu\/en\/product\/ork-meganobz\/#breadcrumb\"},\"inLanguage\":\"en-US\",\"potentialAction\":[{\"@type\":\"ReadAction\",\"target\":[\"https:\/\/hammertimecafe.hu\/en\/product\/ork-meganobz\/\"]}]},{\"@type\":\"ImageObject\",\"inLanguage\":\"en-US\",\"@id\":\"https:\/\/hammertimecafe.hu\/en\/product\/ork-meganobz\/#primaryimage\",\"url\":\"https:\/\/hammertimecafe.hu\/app\/uploads\/2025\/10\/99120103035_meganobz01_1.jpg\",\"contentUrl\":\"https:\/\/hammertimecafe.hu\/app\/uploads\/2025\/10\/99120103035_meganobz01_1.jpg\",\"width\":600,\"height\":620},{\"@type\":\"BreadcrumbList\",\"@id\":\"https:\/\/hammertimecafe.hu\/en\/product\/ork-meganobz\/#breadcrumb\",\"itemListElement\":[{\"@type\":\"ListItem\",\"position\":1,\"name\":\"Home\",\"item\":\"https:\/\/hammertimecafe.hu\/\"},{\"@type\":\"ListItem\",\"position\":2,\"name\":\"Shop\",\"item\":\"https:\/\/hammertimecafe.hu\/uzlet\/\"},{\"@type\":\"ListItem\",\"position\":3,\"name\":\"ORKS: MEGANOBZ\"}]},{\"@type\":\"WebSite\",\"@id\":\"https:\/\/hammertimecafe.hu\/#website\",\"url\":\"https:\/\/hammertimecafe.hu\/\",\"name\":\"Hammertimecafe\",\"description\":\"A HammerTime Cafe Hivatalos Weboldala \u00e9s Webshopja.\",\"publisher\":{\"@id\":\"https:\/\/hammertimecafe.hu\/#organization\"},\"potentialAction\":[{\"@type\":\"SearchAction\",\"target\":{\"@type\":\"EntryPoint\",\"urlTemplate\":\"https:\/\/hammertimecafe.hu\/?s={search_term_string}\"},\"query-input\":{\"@type\":\"PropertyValueSpecification\",\"valueRequired\":true,\"valueName\":\"search_term_string\"}}],\"inLanguage\":\"en-US\"},{\"@type\":\"Organization\",\"@id\":\"https:\/\/hammertimecafe.hu\/#organization\",\"name\":\"Hammertimecafe\",\"url\":\"https:\/\/hammertimecafe.hu\/\",\"logo\":{\"@type\":\"ImageObject\",\"inLanguage\":\"en-US\",\"@id\":\"https:\/\/hammertimecafe.hu\/#\/schema\/logo\/image\/\",\"url\":\"https:\/\/htcwoo.test\/app\/uploads\/2025\/08\/logo_of_htc.png\",\"contentUrl\":\"https:\/\/htcwoo.test\/app\/uploads\/2025\/08\/logo_of_htc.png\",\"width\":166,\"height\":73,\"caption\":\"Hammertimecafe\"},\"image\":{\"@id\":\"https:\/\/hammertimecafe.hu\/#\/schema\/logo\/image\/\"}}]}<\/script>\n<!-- \/ Yoast SEO Premium plugin. -->","yoast_head_json":{"title":"ORK MEGANOBZ","description":"ORK MEGANOBZ","robots":{"index":"index","follow":"follow","max-snippet":"max-snippet:-1","max-image-preview":"max-image-preview:large","max-video-preview":"max-video-preview:-1"},"canonical":"https:\/\/hammertimecafe.hu\/en\/product\/ork-meganobz\/","og_locale":"en_US","og_type":"article","og_title":"ORKS: MEGANOBZ","og_description":"ORK MEGANOBZ","og_url":"https:\/\/hammertimecafe.hu\/en\/product\/ork-meganobz\/","og_site_name":"HammerTime Cafe Webshop","article_modified_time":"2026-02-18T17:31:26+00:00","og_image":[{"width":600,"height":620,"url":"https:\/\/hammertimecafe.hu\/app\/uploads\/2025\/10\/99120103035_meganobz01_1.jpg","type":"image\/jpeg"}],"twitter_card":"summary_large_image","twitter_misc":{"Est. reading time":"1 minute"},"schema":{"@context":"https:\/\/schema.org","@graph":[{"@type":"WebPage","@id":"https:\/\/hammertimecafe.hu\/en\/product\/ork-meganobz\/","url":"https:\/\/hammertimecafe.hu\/en\/product\/ork-meganobz\/","name":"ORK MEGANOBZ","isPartOf":{"@id":"https:\/\/hammertimecafe.hu\/#website"},"primaryImageOfPage":{"@id":"https:\/\/hammertimecafe.hu\/en\/product\/ork-meganobz\/#primaryimage"},"image":{"@id":"https:\/\/hammertimecafe.hu\/en\/product\/ork-meganobz\/#primaryimage"},"thumbnailUrl":"https:\/\/hammertimecafe.hu\/app\/uploads\/2025\/10\/99120103035_meganobz01_1.jpg","datePublished":"2025-10-29T00:44:48+00:00","dateModified":"2026-02-18T17:31:26+00:00","description":"ORK MEGANOBZ","breadcrumb":{"@id":"https:\/\/hammertimecafe.hu\/en\/product\/ork-meganobz\/#breadcrumb"},"inLanguage":"en-US","potentialAction":[{"@type":"ReadAction","target":["https:\/\/hammertimecafe.hu\/en\/product\/ork-meganobz\/"]}]},{"@type":"ImageObject","inLanguage":"en-US","@id":"https:\/\/hammertimecafe.hu\/en\/product\/ork-meganobz\/#primaryimage","url":"https:\/\/hammertimecafe.hu\/app\/uploads\/2025\/10\/99120103035_meganobz01_1.jpg","contentUrl":"https:\/\/hammertimecafe.hu\/app\/uploads\/2025\/10\/99120103035_meganobz01_1.jpg","width":600,"height":620},{"@type":"BreadcrumbList","@id":"https:\/\/hammertimecafe.hu\/en\/product\/ork-meganobz\/#breadcrumb","itemListElement":[{"@type":"ListItem","position":1,"name":"Home","item":"https:\/\/hammertimecafe.hu\/"},{"@type":"ListItem","position":2,"name":"Shop","item":"https:\/\/hammertimecafe.hu\/uzlet\/"},{"@type":"ListItem","position":3,"name":"ORKS: MEGANOBZ"}]},{"@type":"WebSite","@id":"https:\/\/hammertimecafe.hu\/#website","url":"https:\/\/hammertimecafe.hu\/","name":"Hammertimecafe","description":"The Official Website and Webshop of HammerTime Cafe.","publisher":{"@id":"https:\/\/hammertimecafe.hu\/#organization"},"potentialAction":[{"@type":"SearchAction","target":{"@type":"EntryPoint","urlTemplate":"https:\/\/hammertimecafe.hu\/?s={search_term_string}"},"query-input":{"@type":"PropertyValueSpecification","valueRequired":true,"valueName":"search_term_string"}}],"inLanguage":"en-US"},{"@type":"Organization","@id":"https:\/\/hammertimecafe.hu\/#organization","name":"Hammertimecafe","url":"https:\/\/hammertimecafe.hu\/","logo":{"@type":"ImageObject","inLanguage":"en-US","@id":"https:\/\/hammertimecafe.hu\/#\/schema\/logo\/image\/","url":"https:\/\/htcwoo.test\/app\/uploads\/2025\/08\/logo_of_htc.png","contentUrl":"https:\/\/htcwoo.test\/app\/uploads\/2025\/08\/logo_of_htc.png","width":166,"height":73,"caption":"Hammertimecafe"},"image":{"@id":"https:\/\/hammertimecafe.hu\/#\/schema\/logo\/image\/"}}]}},"_links":{"self":[{"href":"https:\/\/hammertimecafe.hu\/en\/wp-json\/wp\/v2\/product\/2757","targetHints":{"allow":["GET"]}}],"collection":[{"href":"https:\/\/hammertimecafe.hu\/en\/wp-json\/wp\/v2\/product"}],"about":[{"href":"https:\/\/hammertimecafe.hu\/en\/wp-json\/wp\/v2\/types\/product"}],"replies":[{"embeddable":true,"href":"https:\/\/hammertimecafe.hu\/en\/wp-json\/wp\/v2\/comments?post=2757"}],"wp:featuredmedia":[{"embeddable":true,"href":"https:\/\/hammertimecafe.hu\/en\/wp-json\/wp\/v2\/media\/7759"}],"wp:attachment":[{"href":"https:\/\/hammertimecafe.hu\/en\/wp-json\/wp\/v2\/media?parent=2757"}],"wp:term":[{"taxonomy":"product_brand","embeddable":true,"href":"https:\/\/hammertimecafe.hu\/en\/wp-json\/wp\/v2\/product_brand?post=2757"},{"taxonomy":"product_cat","embeddable":true,"href":"https:\/\/hammertimecafe.hu\/en\/wp-json\/wp\/v2\/product_cat?post=2757"},{"taxonomy":"product_tag","embeddable":true,"href":"https:\/\/hammertimecafe.hu\/en\/wp-json\/wp\/v2\/product_tag?post=2757"}],"curies":[{"name":"wp","href":"https:\/\/api.w.org\/{rel}","templated":true}]}}