{"id":27650,"date":"2026-03-07T10:02:51","date_gmt":"2026-03-07T09:02:51","guid":{"rendered":"https:\/\/hammertimecafe.hu\/?post_type=product&#038;p=27650"},"modified":"2026-03-19T16:26:35","modified_gmt":"2026-03-19T15:26:35","slug":"chaos-space-marines-red-corsairs-reave-captain","status":"publish","type":"product","link":"https:\/\/hammertimecafe.hu\/en\/product\/chaos-space-marines-red-corsairs-reave-captain\/","title":{"rendered":"CHAOS SPACE MARINES: RED CORSAIRS REAVE-CAPTAIN"},"content":{"rendered":"<p>A CHAOS SPACE MARINES: RED CORSAIRS REAVE-CAPTAIN a reneg\u00e1t Red Corsairs k\u00f6ny\u00f6rtelen hadvez\u00e9re, aki Huron Blackheart z\u00e1szlaja alatt vezeti harcosait. A CHAOS SPACE MARINES: RED CORSAIRS REAVE-CAPTAIN t\u00f6k\u00e9letes v\u00e1laszt\u00e1s, ha karakteres \u00e9s f\u00e9lelmetes parancsnokot keresel Chaos Space Marines sereged \u00e9l\u00e9re.<\/p>\n<p>A modell h\u00e1rom k\u00fcl\u00f6nb\u00f6z\u0151 fejopci\u00f3val, k\u00e9t h\u00e1tizs\u00e1k-d\u00edsszel \u00e9s k\u00e9t bandolierrel szerelhet\u0151 fel, \u00edgy k\u00f6nnyed\u00e9n egyediv\u00e9 teheted. A CHAOS SPACE MARINES: RED CORSAIRS REAVE-CAPTAIN felszerelhet\u0151 power sworddal vagy power maullal, valamint plasma pisztollyal vagy egy \u2013 minden bizonnyal zs\u00e1km\u00e1nyolt \u2013 relikvi\u00e1val.<\/p>\n<p>Ez a sokoldal\u00fa fegyverzet lehet\u0151v\u00e9 teszi, hogy j\u00e1t\u00e9kst\u00edlusodhoz igaz\u00edtsd a parancsnok szerep\u00e9t. A CHAOS SPACE MARINES: RED CORSAIRS REAVE-CAPTAIN ide\u00e1lis k\u00f6zponti karakter k\u00f6zelharcra \u00e9p\u00edt\u0151 vagy agressz\u00edv taktik\u00e1khoz.<\/p>\n<p>R\u00e9szletgazdag kidolgoz\u00e1sa \u00e9s vari\u00e1lhat\u00f3s\u00e1ga miatt l\u00e1tv\u00e1nyos \u00e9s \u00fct\u0151k\u00e9pes vezet\u0151 modell. A CHAOS SPACE MARINES: RED CORSAIRS REAVE-CAPTAIN er\u0151s tematikus kieg\u00e9sz\u00edt\u0151 minden Red Corsairs gy\u0171jtem\u00e9nyhez.<\/p>\n<p>The miniatures require assembly and painting.<br \/>\nProduct language: English.<br \/>\nAz el\u0151rendel\u00e9si peri\u00f3dus 2026. 03. 07-\u00e9n indul, a term\u00e9k 2026. 03. 21-t\u0151l vehet\u0151 \u00e1t.<\/p>","protected":false},"excerpt":{"rendered":"<p>A CHAOS SPACE MARINES: RED CORSAIRS REAVE-CAPTAIN a reneg\u00e1t Red Corsairs k\u00f6ny\u00f6rtelen hadvez\u00e9re, aki Huron Blackheart z\u00e1szlaja alatt vezeti harcosait. A CHAOS SPACE MARINES: RED CORSAIRS REAVE-CAPTAIN t\u00f6k\u00e9letes v\u00e1laszt\u00e1s, ha karakteres \u00e9s f\u00e9lelmetes parancsnokot keresel Chaos Space Marines sereged \u00e9l\u00e9re.<\/p>","protected":false},"featured_media":27722,"comment_status":"open","ping_status":"closed","template":"","meta":{"_acf_changed":false},"product_brand":[46],"product_cat":[292,101,19,249],"product_tag":[],"class_list":{"0":"post-27650","1":"product","2":"type-product","3":"status-publish","4":"has-post-thumbnail","6":"product_brand-games-workshop","7":"product_cat-armies-of-chaos","8":"product_cat-chaos-space-marines","9":"product_cat-wargame","10":"product_cat-warhammer-40-000-wargame","12":"first","13":"instock","14":"sale","15":"taxable","16":"shipping-taxable","17":"purchasable","18":"product-type-simple"},"acf":[],"yoast_head":"<!-- This site is optimized with the Yoast SEO Premium plugin v25.6 (Yoast SEO v25.6) - https:\/\/yoast.com\/wordpress\/plugins\/seo\/ -->\n<title>CHAOS SPACE MARINES: RED CORSAIRS REAVE-CAPTAIN - HammerTime Cafe Webshop<\/title>\n<meta name=\"description\" content=\"CHAOS SPACE MARINES: RED CORSAIRS REAVE-CAPTAIN testreszabhat\u00f3 k\u00e1osz parancsnok t\u00f6bb fegyver- \u00e9s fejopci\u00f3val.\" \/>\n<meta name=\"robots\" content=\"index, follow, max-snippet:-1, max-image-preview:large, max-video-preview:-1\" \/>\n<link rel=\"canonical\" href=\"https:\/\/hammertimecafe.hu\/en\/product\/chaos-space-marines-red-corsairs-reave-captain\/\" \/>\n<meta property=\"og:locale\" content=\"en_US\" \/>\n<meta property=\"og:type\" content=\"article\" \/>\n<meta property=\"og:title\" content=\"CHAOS SPACE MARINES: RED CORSAIRS REAVE-CAPTAIN\" \/>\n<meta property=\"og:description\" content=\"CHAOS SPACE MARINES: RED CORSAIRS REAVE-CAPTAIN testreszabhat\u00f3 k\u00e1osz parancsnok t\u00f6bb fegyver- \u00e9s fejopci\u00f3val.\" \/>\n<meta property=\"og:url\" content=\"https:\/\/hammertimecafe.hu\/en\/product\/chaos-space-marines-red-corsairs-reave-captain\/\" \/>\n<meta property=\"og:site_name\" content=\"HammerTime Cafe Webshop\" \/>\n<meta property=\"article:modified_time\" content=\"2026-03-19T15:26:35+00:00\" \/>\n<meta property=\"og:image\" content=\"https:\/\/hammertimecafe.hu\/app\/uploads\/2026\/03\/Chaos-Space-Marines-Red-Corsairs-Reave-Captain.jpg\" \/>\n\t<meta property=\"og:image:width\" content=\"1840\" \/>\n\t<meta property=\"og:image:height\" content=\"1900\" \/>\n\t<meta property=\"og:image:type\" content=\"image\/jpeg\" \/>\n<meta name=\"twitter:card\" content=\"summary_large_image\" \/>\n<meta name=\"twitter:label1\" content=\"Est. reading time\" \/>\n\t<meta name=\"twitter:data1\" content=\"1 minute\" \/>\n<script type=\"application\/ld+json\" class=\"yoast-schema-graph\">{\"@context\":\"https:\/\/schema.org\",\"@graph\":[{\"@type\":\"WebPage\",\"@id\":\"https:\/\/hammertimecafe.hu\/termek\/chaos-space-marines-red-corsairs-reave-captain\/\",\"url\":\"https:\/\/hammertimecafe.hu\/termek\/chaos-space-marines-red-corsairs-reave-captain\/\",\"name\":\"CHAOS SPACE MARINES: RED CORSAIRS REAVE-CAPTAIN - HammerTime Cafe Webshop\",\"isPartOf\":{\"@id\":\"https:\/\/hammertimecafe.hu\/#website\"},\"primaryImageOfPage\":{\"@id\":\"https:\/\/hammertimecafe.hu\/termek\/chaos-space-marines-red-corsairs-reave-captain\/#primaryimage\"},\"image\":{\"@id\":\"https:\/\/hammertimecafe.hu\/termek\/chaos-space-marines-red-corsairs-reave-captain\/#primaryimage\"},\"thumbnailUrl\":\"https:\/\/hammertimecafe.hu\/app\/uploads\/2026\/03\/Chaos-Space-Marines-Red-Corsairs-Reave-Captain.jpg\",\"datePublished\":\"2026-03-07T09:02:51+00:00\",\"dateModified\":\"2026-03-19T15:26:35+00:00\",\"description\":\"CHAOS SPACE MARINES: RED CORSAIRS REAVE-CAPTAIN testreszabhat\u00f3 k\u00e1osz parancsnok t\u00f6bb fegyver- \u00e9s fejopci\u00f3val.\",\"breadcrumb\":{\"@id\":\"https:\/\/hammertimecafe.hu\/termek\/chaos-space-marines-red-corsairs-reave-captain\/#breadcrumb\"},\"inLanguage\":\"en-US\",\"potentialAction\":[{\"@type\":\"ReadAction\",\"target\":[\"https:\/\/hammertimecafe.hu\/termek\/chaos-space-marines-red-corsairs-reave-captain\/\"]}]},{\"@type\":\"ImageObject\",\"inLanguage\":\"en-US\",\"@id\":\"https:\/\/hammertimecafe.hu\/termek\/chaos-space-marines-red-corsairs-reave-captain\/#primaryimage\",\"url\":\"https:\/\/hammertimecafe.hu\/app\/uploads\/2026\/03\/Chaos-Space-Marines-Red-Corsairs-Reave-Captain.jpg\",\"contentUrl\":\"https:\/\/hammertimecafe.hu\/app\/uploads\/2026\/03\/Chaos-Space-Marines-Red-Corsairs-Reave-Captain.jpg\",\"width\":1840,\"height\":1900,\"caption\":\"Chaos Space Marines Red Corsairs Reave-Captain\"},{\"@type\":\"BreadcrumbList\",\"@id\":\"https:\/\/hammertimecafe.hu\/termek\/chaos-space-marines-red-corsairs-reave-captain\/#breadcrumb\",\"itemListElement\":[{\"@type\":\"ListItem\",\"position\":1,\"name\":\"Home\",\"item\":\"https:\/\/hammertimecafe.hu\/\"},{\"@type\":\"ListItem\",\"position\":2,\"name\":\"Shop\",\"item\":\"https:\/\/hammertimecafe.hu\/uzlet\/\"},{\"@type\":\"ListItem\",\"position\":3,\"name\":\"CHAOS SPACE MARINES: RED CORSAIRS REAVE-CAPTAIN\"}]},{\"@type\":\"WebSite\",\"@id\":\"https:\/\/hammertimecafe.hu\/#website\",\"url\":\"https:\/\/hammertimecafe.hu\/\",\"name\":\"Hammertimecafe\",\"description\":\"A HammerTime Cafe Hivatalos Weboldala \u00e9s Webshopja.\",\"publisher\":{\"@id\":\"https:\/\/hammertimecafe.hu\/#organization\"},\"potentialAction\":[{\"@type\":\"SearchAction\",\"target\":{\"@type\":\"EntryPoint\",\"urlTemplate\":\"https:\/\/hammertimecafe.hu\/?s={search_term_string}\"},\"query-input\":{\"@type\":\"PropertyValueSpecification\",\"valueRequired\":true,\"valueName\":\"search_term_string\"}}],\"inLanguage\":\"en-US\"},{\"@type\":\"Organization\",\"@id\":\"https:\/\/hammertimecafe.hu\/#organization\",\"name\":\"Hammertimecafe\",\"url\":\"https:\/\/hammertimecafe.hu\/\",\"logo\":{\"@type\":\"ImageObject\",\"inLanguage\":\"en-US\",\"@id\":\"https:\/\/hammertimecafe.hu\/#\/schema\/logo\/image\/\",\"url\":\"https:\/\/htcwoo.test\/app\/uploads\/2025\/08\/logo_of_htc.png\",\"contentUrl\":\"https:\/\/htcwoo.test\/app\/uploads\/2025\/08\/logo_of_htc.png\",\"width\":166,\"height\":73,\"caption\":\"Hammertimecafe\"},\"image\":{\"@id\":\"https:\/\/hammertimecafe.hu\/#\/schema\/logo\/image\/\"}}]}<\/script>\n<!-- \/ Yoast SEO Premium plugin. -->","yoast_head_json":{"title":"CHAOS SPACE MARINES: RED CORSAIRS REAVE-CAPTAIN - HammerTime Cafe Webshop","description":"CHAOS SPACE MARINES: RED CORSAIRS REAVE-CAPTAIN testreszabhat\u00f3 k\u00e1osz parancsnok t\u00f6bb fegyver- \u00e9s fejopci\u00f3val.","robots":{"index":"index","follow":"follow","max-snippet":"max-snippet:-1","max-image-preview":"max-image-preview:large","max-video-preview":"max-video-preview:-1"},"canonical":"https:\/\/hammertimecafe.hu\/en\/product\/chaos-space-marines-red-corsairs-reave-captain\/","og_locale":"en_US","og_type":"article","og_title":"CHAOS SPACE MARINES: RED CORSAIRS REAVE-CAPTAIN","og_description":"CHAOS SPACE MARINES: RED CORSAIRS REAVE-CAPTAIN testreszabhat\u00f3 k\u00e1osz parancsnok t\u00f6bb fegyver- \u00e9s fejopci\u00f3val.","og_url":"https:\/\/hammertimecafe.hu\/en\/product\/chaos-space-marines-red-corsairs-reave-captain\/","og_site_name":"HammerTime Cafe Webshop","article_modified_time":"2026-03-19T15:26:35+00:00","og_image":[{"width":1840,"height":1900,"url":"https:\/\/hammertimecafe.hu\/app\/uploads\/2026\/03\/Chaos-Space-Marines-Red-Corsairs-Reave-Captain.jpg","type":"image\/jpeg"}],"twitter_card":"summary_large_image","twitter_misc":{"Est. reading time":"1 minute"},"schema":{"@context":"https:\/\/schema.org","@graph":[{"@type":"WebPage","@id":"https:\/\/hammertimecafe.hu\/termek\/chaos-space-marines-red-corsairs-reave-captain\/","url":"https:\/\/hammertimecafe.hu\/termek\/chaos-space-marines-red-corsairs-reave-captain\/","name":"CHAOS SPACE MARINES: RED CORSAIRS REAVE-CAPTAIN - HammerTime Cafe Webshop","isPartOf":{"@id":"https:\/\/hammertimecafe.hu\/#website"},"primaryImageOfPage":{"@id":"https:\/\/hammertimecafe.hu\/termek\/chaos-space-marines-red-corsairs-reave-captain\/#primaryimage"},"image":{"@id":"https:\/\/hammertimecafe.hu\/termek\/chaos-space-marines-red-corsairs-reave-captain\/#primaryimage"},"thumbnailUrl":"https:\/\/hammertimecafe.hu\/app\/uploads\/2026\/03\/Chaos-Space-Marines-Red-Corsairs-Reave-Captain.jpg","datePublished":"2026-03-07T09:02:51+00:00","dateModified":"2026-03-19T15:26:35+00:00","description":"CHAOS SPACE MARINES: RED CORSAIRS REAVE-CAPTAIN testreszabhat\u00f3 k\u00e1osz parancsnok t\u00f6bb fegyver- \u00e9s fejopci\u00f3val.","breadcrumb":{"@id":"https:\/\/hammertimecafe.hu\/termek\/chaos-space-marines-red-corsairs-reave-captain\/#breadcrumb"},"inLanguage":"en-US","potentialAction":[{"@type":"ReadAction","target":["https:\/\/hammertimecafe.hu\/termek\/chaos-space-marines-red-corsairs-reave-captain\/"]}]},{"@type":"ImageObject","inLanguage":"en-US","@id":"https:\/\/hammertimecafe.hu\/termek\/chaos-space-marines-red-corsairs-reave-captain\/#primaryimage","url":"https:\/\/hammertimecafe.hu\/app\/uploads\/2026\/03\/Chaos-Space-Marines-Red-Corsairs-Reave-Captain.jpg","contentUrl":"https:\/\/hammertimecafe.hu\/app\/uploads\/2026\/03\/Chaos-Space-Marines-Red-Corsairs-Reave-Captain.jpg","width":1840,"height":1900,"caption":"Chaos Space Marines Red Corsairs Reave-Captain"},{"@type":"BreadcrumbList","@id":"https:\/\/hammertimecafe.hu\/termek\/chaos-space-marines-red-corsairs-reave-captain\/#breadcrumb","itemListElement":[{"@type":"ListItem","position":1,"name":"Home","item":"https:\/\/hammertimecafe.hu\/"},{"@type":"ListItem","position":2,"name":"Shop","item":"https:\/\/hammertimecafe.hu\/uzlet\/"},{"@type":"ListItem","position":3,"name":"CHAOS SPACE MARINES: RED CORSAIRS REAVE-CAPTAIN"}]},{"@type":"WebSite","@id":"https:\/\/hammertimecafe.hu\/#website","url":"https:\/\/hammertimecafe.hu\/","name":"Hammertimecafe","description":"The Official Website and Webshop of HammerTime Cafe.","publisher":{"@id":"https:\/\/hammertimecafe.hu\/#organization"},"potentialAction":[{"@type":"SearchAction","target":{"@type":"EntryPoint","urlTemplate":"https:\/\/hammertimecafe.hu\/?s={search_term_string}"},"query-input":{"@type":"PropertyValueSpecification","valueRequired":true,"valueName":"search_term_string"}}],"inLanguage":"en-US"},{"@type":"Organization","@id":"https:\/\/hammertimecafe.hu\/#organization","name":"Hammertimecafe","url":"https:\/\/hammertimecafe.hu\/","logo":{"@type":"ImageObject","inLanguage":"en-US","@id":"https:\/\/hammertimecafe.hu\/#\/schema\/logo\/image\/","url":"https:\/\/htcwoo.test\/app\/uploads\/2025\/08\/logo_of_htc.png","contentUrl":"https:\/\/htcwoo.test\/app\/uploads\/2025\/08\/logo_of_htc.png","width":166,"height":73,"caption":"Hammertimecafe"},"image":{"@id":"https:\/\/hammertimecafe.hu\/#\/schema\/logo\/image\/"}}]}},"_links":{"self":[{"href":"https:\/\/hammertimecafe.hu\/en\/wp-json\/wp\/v2\/product\/27650","targetHints":{"allow":["GET"]}}],"collection":[{"href":"https:\/\/hammertimecafe.hu\/en\/wp-json\/wp\/v2\/product"}],"about":[{"href":"https:\/\/hammertimecafe.hu\/en\/wp-json\/wp\/v2\/types\/product"}],"replies":[{"embeddable":true,"href":"https:\/\/hammertimecafe.hu\/en\/wp-json\/wp\/v2\/comments?post=27650"}],"wp:featuredmedia":[{"embeddable":true,"href":"https:\/\/hammertimecafe.hu\/en\/wp-json\/wp\/v2\/media\/27722"}],"wp:attachment":[{"href":"https:\/\/hammertimecafe.hu\/en\/wp-json\/wp\/v2\/media?parent=27650"}],"wp:term":[{"taxonomy":"product_brand","embeddable":true,"href":"https:\/\/hammertimecafe.hu\/en\/wp-json\/wp\/v2\/product_brand?post=27650"},{"taxonomy":"product_cat","embeddable":true,"href":"https:\/\/hammertimecafe.hu\/en\/wp-json\/wp\/v2\/product_cat?post=27650"},{"taxonomy":"product_tag","embeddable":true,"href":"https:\/\/hammertimecafe.hu\/en\/wp-json\/wp\/v2\/product_tag?post=27650"}],"curies":[{"name":"wp","href":"https:\/\/api.w.org\/{rel}","templated":true}]}}