{"id":27652,"date":"2026-03-07T10:03:37","date_gmt":"2026-03-07T09:03:37","guid":{"rendered":"https:\/\/hammertimecafe.hu\/?post_type=product&#038;p=27652"},"modified":"2026-04-19T20:37:33","modified_gmt":"2026-04-19T18:37:33","slug":"chaos-space-marines-red-corsairs-raiders","status":"publish","type":"product","link":"https:\/\/hammertimecafe.hu\/en\/product\/chaos-space-marines-red-corsairs-raiders\/","title":{"rendered":"CHAOS SPACE MARINES: RED CORSAIRS RAIDERS"},"content":{"rendered":"<p>A CHAOS SPACE MARINES: RED CORSAIRS RAIDERS biztos\u00edtja a h\u0171s\u00e9ges \u2013 vagy legal\u00e1bbis h\u0171s\u00e9gesnek t\u0171n\u0151 \u2013 leg\u00e9nys\u00e9get a Red Corsairs kapit\u00e1nyai sz\u00e1m\u00e1ra. A CHAOS SPACE MARINES: RED CORSAIRS RAIDERS ide\u00e1lis alapegys\u00e9g b\u00e1rmely kal\u00f3z tematik\u00e1j\u00fa Chaos Space Marines sereghez.<\/p>\n<p>A k\u00e9szlet sz\u00e1mos cser\u00e9lhet\u0151 fejet, v\u00e1llv\u00e9rtet, boltert, bolt pisztolyt \u00e9s k\u00f6zelharci fegyvert tartalmaz, \u00edgy k\u00f6nnyen testreszabhatod az egys\u00e9get. A CHAOS SPACE MARINES: RED CORSAIRS RAIDERS lehet\u0151s\u00e9get ad opcion\u00e1lis bajnok \u00e9p\u00edt\u00e9s\u00e9re, valamint narrat\u00edv p\u00f3zok, meltagun \u00e9s power fist haszn\u00e1lat\u00e1ra is.<\/p>\n<p>Ez a sokoldal\u00fas\u00e1g megk\u00f6nny\u00edti az egyedi megjelen\u00e9s\u0171 gyalogs\u00e1g kialak\u00edt\u00e1s\u00e1t, ahogy flott\u00e1d egyre n\u00f6vekszik. A CHAOS SPACE MARINES: RED CORSAIRS RAIDERS er\u0151s, agressz\u00edv \u00e9s l\u00e1tv\u00e1nyos magj\u00e1t k\u00e9pezi egy Red Corsairs hader\u0151nek.<\/p>\n<p>R\u00e9szletgazdag kidolgoz\u00e1s\u00e1nak \u00e9s vari\u00e1lhat\u00f3s\u00e1g\u00e1nak k\u00f6sz\u00f6nhet\u0151en hobbi \u00e9s j\u00e1t\u00e9k szempontb\u00f3l is kiemelked\u0151 v\u00e1laszt\u00e1s. A CHAOS SPACE MARINES: RED CORSAIRS RAIDERS dinamikus \u00e9s karakteres jelenl\u00e9tet biztos\u00edt a csatat\u00e9ren.<\/p>\n<p>The miniatures require assembly and painting.<br \/>\nProduct language: English.<br \/>\nAz el\u0151rendel\u00e9si peri\u00f3dus 2026. 03. 07-\u00e9n indul, a term\u00e9k 2026. 03. 21-t\u0151l vehet\u0151 \u00e1t.<\/p>","protected":false},"excerpt":{"rendered":"<p>A CHAOS SPACE MARINES: RED CORSAIRS RAIDERS biztos\u00edtja a h\u0171s\u00e9ges \u2013 vagy legal\u00e1bbis h\u0171s\u00e9gesnek t\u0171n\u0151 \u2013 leg\u00e9nys\u00e9get a Red Corsairs kapit\u00e1nyai sz\u00e1m\u00e1ra. A CHAOS SPACE MARINES: RED CORSAIRS RAIDERS ide\u00e1lis alapegys\u00e9g b\u00e1rmely kal\u00f3z tematik\u00e1j\u00fa Chaos Space Marines sereghez.<\/p>","protected":false},"featured_media":27725,"comment_status":"open","ping_status":"closed","template":"","meta":{"_acf_changed":false},"product_brand":[46],"product_cat":[292,101,19,249],"product_tag":[],"class_list":{"0":"post-27652","1":"product","2":"type-product","3":"status-publish","4":"has-post-thumbnail","6":"product_brand-games-workshop","7":"product_cat-armies-of-chaos","8":"product_cat-chaos-space-marines","9":"product_cat-wargame","10":"product_cat-warhammer-40-000-wargame","12":"first","13":"instock","14":"sale","15":"taxable","16":"shipping-taxable","17":"purchasable","18":"product-type-simple"},"acf":[],"yoast_head":"<!-- This site is optimized with the Yoast SEO Premium plugin v25.6 (Yoast SEO v25.6) - https:\/\/yoast.com\/wordpress\/plugins\/seo\/ -->\n<title>CHAOS SPACE MARINES: RED CORSAIRS RAIDERS - HammerTime Cafe Webshop<\/title>\n<meta name=\"description\" content=\"CHAOS SPACE MARINES: RED CORSAIRS RAIDERS testreszabhat\u00f3 kal\u00f3z gyalogs\u00e1g meltagunnal \u00e9s power fisttel.\" \/>\n<meta name=\"robots\" content=\"index, follow, max-snippet:-1, max-image-preview:large, max-video-preview:-1\" \/>\n<link rel=\"canonical\" href=\"https:\/\/hammertimecafe.hu\/en\/product\/chaos-space-marines-red-corsairs-raiders\/\" \/>\n<meta property=\"og:locale\" content=\"en_US\" \/>\n<meta property=\"og:type\" content=\"article\" \/>\n<meta property=\"og:title\" content=\"CHAOS SPACE MARINES: RED CORSAIRS RAIDERS\" \/>\n<meta property=\"og:description\" content=\"CHAOS SPACE MARINES: RED CORSAIRS RAIDERS testreszabhat\u00f3 kal\u00f3z gyalogs\u00e1g meltagunnal \u00e9s power fisttel.\" \/>\n<meta property=\"og:url\" content=\"https:\/\/hammertimecafe.hu\/en\/product\/chaos-space-marines-red-corsairs-raiders\/\" \/>\n<meta property=\"og:site_name\" content=\"HammerTime Cafe Webshop\" \/>\n<meta property=\"article:modified_time\" content=\"2026-04-19T18:37:33+00:00\" \/>\n<meta property=\"og:image\" content=\"https:\/\/hammertimecafe.hu\/app\/uploads\/2026\/03\/Chaos-Space-Marines-Red-Corsairs-Raiders.jpg\" \/>\n\t<meta property=\"og:image:width\" content=\"1840\" \/>\n\t<meta property=\"og:image:height\" content=\"1900\" \/>\n\t<meta property=\"og:image:type\" content=\"image\/jpeg\" \/>\n<meta name=\"twitter:card\" content=\"summary_large_image\" \/>\n<meta name=\"twitter:label1\" content=\"Est. reading time\" \/>\n\t<meta name=\"twitter:data1\" content=\"2 minutes\" \/>\n<script type=\"application\/ld+json\" class=\"yoast-schema-graph\">{\"@context\":\"https:\/\/schema.org\",\"@graph\":[{\"@type\":\"WebPage\",\"@id\":\"https:\/\/hammertimecafe.hu\/termek\/chaos-space-marines-red-corsairs-raiders\/\",\"url\":\"https:\/\/hammertimecafe.hu\/termek\/chaos-space-marines-red-corsairs-raiders\/\",\"name\":\"CHAOS SPACE MARINES: RED CORSAIRS RAIDERS - HammerTime Cafe Webshop\",\"isPartOf\":{\"@id\":\"https:\/\/hammertimecafe.hu\/#website\"},\"primaryImageOfPage\":{\"@id\":\"https:\/\/hammertimecafe.hu\/termek\/chaos-space-marines-red-corsairs-raiders\/#primaryimage\"},\"image\":{\"@id\":\"https:\/\/hammertimecafe.hu\/termek\/chaos-space-marines-red-corsairs-raiders\/#primaryimage\"},\"thumbnailUrl\":\"https:\/\/hammertimecafe.hu\/app\/uploads\/2026\/03\/Chaos-Space-Marines-Red-Corsairs-Raiders.jpg\",\"datePublished\":\"2026-03-07T09:03:37+00:00\",\"dateModified\":\"2026-04-19T18:37:33+00:00\",\"description\":\"CHAOS SPACE MARINES: RED CORSAIRS RAIDERS testreszabhat\u00f3 kal\u00f3z gyalogs\u00e1g meltagunnal \u00e9s power fisttel.\",\"breadcrumb\":{\"@id\":\"https:\/\/hammertimecafe.hu\/termek\/chaos-space-marines-red-corsairs-raiders\/#breadcrumb\"},\"inLanguage\":\"en-US\",\"potentialAction\":[{\"@type\":\"ReadAction\",\"target\":[\"https:\/\/hammertimecafe.hu\/termek\/chaos-space-marines-red-corsairs-raiders\/\"]}]},{\"@type\":\"ImageObject\",\"inLanguage\":\"en-US\",\"@id\":\"https:\/\/hammertimecafe.hu\/termek\/chaos-space-marines-red-corsairs-raiders\/#primaryimage\",\"url\":\"https:\/\/hammertimecafe.hu\/app\/uploads\/2026\/03\/Chaos-Space-Marines-Red-Corsairs-Raiders.jpg\",\"contentUrl\":\"https:\/\/hammertimecafe.hu\/app\/uploads\/2026\/03\/Chaos-Space-Marines-Red-Corsairs-Raiders.jpg\",\"width\":1840,\"height\":1900,\"caption\":\"Chaos Space Marines Red Corsairs Raiders\"},{\"@type\":\"BreadcrumbList\",\"@id\":\"https:\/\/hammertimecafe.hu\/termek\/chaos-space-marines-red-corsairs-raiders\/#breadcrumb\",\"itemListElement\":[{\"@type\":\"ListItem\",\"position\":1,\"name\":\"Home\",\"item\":\"https:\/\/hammertimecafe.hu\/\"},{\"@type\":\"ListItem\",\"position\":2,\"name\":\"Shop\",\"item\":\"https:\/\/hammertimecafe.hu\/uzlet\/\"},{\"@type\":\"ListItem\",\"position\":3,\"name\":\"CHAOS SPACE MARINES: RED CORSAIRS RAIDERS\"}]},{\"@type\":\"WebSite\",\"@id\":\"https:\/\/hammertimecafe.hu\/#website\",\"url\":\"https:\/\/hammertimecafe.hu\/\",\"name\":\"Hammertimecafe\",\"description\":\"A HammerTime Cafe Hivatalos Weboldala \u00e9s Webshopja.\",\"publisher\":{\"@id\":\"https:\/\/hammertimecafe.hu\/#organization\"},\"potentialAction\":[{\"@type\":\"SearchAction\",\"target\":{\"@type\":\"EntryPoint\",\"urlTemplate\":\"https:\/\/hammertimecafe.hu\/?s={search_term_string}\"},\"query-input\":{\"@type\":\"PropertyValueSpecification\",\"valueRequired\":true,\"valueName\":\"search_term_string\"}}],\"inLanguage\":\"en-US\"},{\"@type\":\"Organization\",\"@id\":\"https:\/\/hammertimecafe.hu\/#organization\",\"name\":\"Hammertimecafe\",\"url\":\"https:\/\/hammertimecafe.hu\/\",\"logo\":{\"@type\":\"ImageObject\",\"inLanguage\":\"en-US\",\"@id\":\"https:\/\/hammertimecafe.hu\/#\/schema\/logo\/image\/\",\"url\":\"https:\/\/htcwoo.test\/app\/uploads\/2025\/08\/logo_of_htc.png\",\"contentUrl\":\"https:\/\/htcwoo.test\/app\/uploads\/2025\/08\/logo_of_htc.png\",\"width\":166,\"height\":73,\"caption\":\"Hammertimecafe\"},\"image\":{\"@id\":\"https:\/\/hammertimecafe.hu\/#\/schema\/logo\/image\/\"}}]}<\/script>\n<!-- \/ Yoast SEO Premium plugin. -->","yoast_head_json":{"title":"CHAOS SPACE MARINES: RED CORSAIRS RAIDERS - HammerTime Cafe Webshop","description":"CHAOS SPACE MARINES: RED CORSAIRS RAIDERS testreszabhat\u00f3 kal\u00f3z gyalogs\u00e1g meltagunnal \u00e9s power fisttel.","robots":{"index":"index","follow":"follow","max-snippet":"max-snippet:-1","max-image-preview":"max-image-preview:large","max-video-preview":"max-video-preview:-1"},"canonical":"https:\/\/hammertimecafe.hu\/en\/product\/chaos-space-marines-red-corsairs-raiders\/","og_locale":"en_US","og_type":"article","og_title":"CHAOS SPACE MARINES: RED CORSAIRS RAIDERS","og_description":"CHAOS SPACE MARINES: RED CORSAIRS RAIDERS testreszabhat\u00f3 kal\u00f3z gyalogs\u00e1g meltagunnal \u00e9s power fisttel.","og_url":"https:\/\/hammertimecafe.hu\/en\/product\/chaos-space-marines-red-corsairs-raiders\/","og_site_name":"HammerTime Cafe Webshop","article_modified_time":"2026-04-19T18:37:33+00:00","og_image":[{"width":1840,"height":1900,"url":"https:\/\/hammertimecafe.hu\/app\/uploads\/2026\/03\/Chaos-Space-Marines-Red-Corsairs-Raiders.jpg","type":"image\/jpeg"}],"twitter_card":"summary_large_image","twitter_misc":{"Est. reading time":"2 minutes"},"schema":{"@context":"https:\/\/schema.org","@graph":[{"@type":"WebPage","@id":"https:\/\/hammertimecafe.hu\/termek\/chaos-space-marines-red-corsairs-raiders\/","url":"https:\/\/hammertimecafe.hu\/termek\/chaos-space-marines-red-corsairs-raiders\/","name":"CHAOS SPACE MARINES: RED CORSAIRS RAIDERS - HammerTime Cafe Webshop","isPartOf":{"@id":"https:\/\/hammertimecafe.hu\/#website"},"primaryImageOfPage":{"@id":"https:\/\/hammertimecafe.hu\/termek\/chaos-space-marines-red-corsairs-raiders\/#primaryimage"},"image":{"@id":"https:\/\/hammertimecafe.hu\/termek\/chaos-space-marines-red-corsairs-raiders\/#primaryimage"},"thumbnailUrl":"https:\/\/hammertimecafe.hu\/app\/uploads\/2026\/03\/Chaos-Space-Marines-Red-Corsairs-Raiders.jpg","datePublished":"2026-03-07T09:03:37+00:00","dateModified":"2026-04-19T18:37:33+00:00","description":"CHAOS SPACE MARINES: RED CORSAIRS RAIDERS testreszabhat\u00f3 kal\u00f3z gyalogs\u00e1g meltagunnal \u00e9s power fisttel.","breadcrumb":{"@id":"https:\/\/hammertimecafe.hu\/termek\/chaos-space-marines-red-corsairs-raiders\/#breadcrumb"},"inLanguage":"en-US","potentialAction":[{"@type":"ReadAction","target":["https:\/\/hammertimecafe.hu\/termek\/chaos-space-marines-red-corsairs-raiders\/"]}]},{"@type":"ImageObject","inLanguage":"en-US","@id":"https:\/\/hammertimecafe.hu\/termek\/chaos-space-marines-red-corsairs-raiders\/#primaryimage","url":"https:\/\/hammertimecafe.hu\/app\/uploads\/2026\/03\/Chaos-Space-Marines-Red-Corsairs-Raiders.jpg","contentUrl":"https:\/\/hammertimecafe.hu\/app\/uploads\/2026\/03\/Chaos-Space-Marines-Red-Corsairs-Raiders.jpg","width":1840,"height":1900,"caption":"Chaos Space Marines Red Corsairs Raiders"},{"@type":"BreadcrumbList","@id":"https:\/\/hammertimecafe.hu\/termek\/chaos-space-marines-red-corsairs-raiders\/#breadcrumb","itemListElement":[{"@type":"ListItem","position":1,"name":"Home","item":"https:\/\/hammertimecafe.hu\/"},{"@type":"ListItem","position":2,"name":"Shop","item":"https:\/\/hammertimecafe.hu\/uzlet\/"},{"@type":"ListItem","position":3,"name":"CHAOS SPACE MARINES: RED CORSAIRS RAIDERS"}]},{"@type":"WebSite","@id":"https:\/\/hammertimecafe.hu\/#website","url":"https:\/\/hammertimecafe.hu\/","name":"Hammertimecafe","description":"The Official Website and Webshop of HammerTime Cafe.","publisher":{"@id":"https:\/\/hammertimecafe.hu\/#organization"},"potentialAction":[{"@type":"SearchAction","target":{"@type":"EntryPoint","urlTemplate":"https:\/\/hammertimecafe.hu\/?s={search_term_string}"},"query-input":{"@type":"PropertyValueSpecification","valueRequired":true,"valueName":"search_term_string"}}],"inLanguage":"en-US"},{"@type":"Organization","@id":"https:\/\/hammertimecafe.hu\/#organization","name":"Hammertimecafe","url":"https:\/\/hammertimecafe.hu\/","logo":{"@type":"ImageObject","inLanguage":"en-US","@id":"https:\/\/hammertimecafe.hu\/#\/schema\/logo\/image\/","url":"https:\/\/htcwoo.test\/app\/uploads\/2025\/08\/logo_of_htc.png","contentUrl":"https:\/\/htcwoo.test\/app\/uploads\/2025\/08\/logo_of_htc.png","width":166,"height":73,"caption":"Hammertimecafe"},"image":{"@id":"https:\/\/hammertimecafe.hu\/#\/schema\/logo\/image\/"}}]}},"_links":{"self":[{"href":"https:\/\/hammertimecafe.hu\/en\/wp-json\/wp\/v2\/product\/27652","targetHints":{"allow":["GET"]}}],"collection":[{"href":"https:\/\/hammertimecafe.hu\/en\/wp-json\/wp\/v2\/product"}],"about":[{"href":"https:\/\/hammertimecafe.hu\/en\/wp-json\/wp\/v2\/types\/product"}],"replies":[{"embeddable":true,"href":"https:\/\/hammertimecafe.hu\/en\/wp-json\/wp\/v2\/comments?post=27652"}],"wp:featuredmedia":[{"embeddable":true,"href":"https:\/\/hammertimecafe.hu\/en\/wp-json\/wp\/v2\/media\/27725"}],"wp:attachment":[{"href":"https:\/\/hammertimecafe.hu\/en\/wp-json\/wp\/v2\/media?parent=27652"}],"wp:term":[{"taxonomy":"product_brand","embeddable":true,"href":"https:\/\/hammertimecafe.hu\/en\/wp-json\/wp\/v2\/product_brand?post=27652"},{"taxonomy":"product_cat","embeddable":true,"href":"https:\/\/hammertimecafe.hu\/en\/wp-json\/wp\/v2\/product_cat?post=27652"},{"taxonomy":"product_tag","embeddable":true,"href":"https:\/\/hammertimecafe.hu\/en\/wp-json\/wp\/v2\/product_tag?post=27652"}],"curies":[{"name":"wp","href":"https:\/\/api.w.org\/{rel}","templated":true}]}}