{"id":27667,"date":"2026-03-07T10:02:59","date_gmt":"2026-03-07T09:02:59","guid":{"rendered":"https:\/\/hammertimecafe.hu\/?post_type=product&#038;p=27667"},"modified":"2026-04-23T18:28:38","modified_gmt":"2026-04-23T16:28:38","slug":"leagues-of-votann-berehk-stornbrow","status":"publish","type":"product","link":"https:\/\/hammertimecafe.hu\/en\/product\/leagues-of-votann-berehk-stornbrow\/","title":{"rendered":"LEAGUES OF VOTANN: BEREHK STORNBR\u00d6W"},"content":{"rendered":"<p>A LEAGUES OF VOTANN: BEREHK STORNBR\u00d6W az Orkok r\u00e9m\u00e1lma \u00e9s a Kin hadseregek rettegett harcosa. A LEAGUES OF VOTANN: BEREHK STORNBR\u00d6W kifejezetten az Ork hord\u00e1k ellen specializ\u00e1l\u00f3dott, brut\u00e1lis erej\u00e9vel \u00e9s k\u00e9rlelhetetlen harcmodor\u00e1val.<\/p>\n<p>Fegyvere, a Kroml\u00f4k\u2019s Revenge, egy puszt\u00edt\u00f3 pick-hammer, amelynek kalap\u00e1csfeje j\u00e1rm\u0171veket \u00e9s sz\u00f6rnyetegeket z\u00faz sz\u00e9t. A LEAGUES OF VOTANN: BEREHK STORNBR\u00d6W cs\u00e1k\u00e1nyv\u00e9ge pedig k\u00f6ny\u00f6rtelen\u00fcl v\u00e1g rendet az ellens\u00e9ges gyalogs\u00e1g soraiban.<\/p>\n<p>Ide\u00e1lis v\u00e1laszt\u00e1s Cthonian Beserks egys\u00e9gek \u00e9l\u00e9re, ahol agressz\u00edv rohamai maxim\u00e1lis hat\u00e1st \u00e9rnek el. A LEAGUES OF VOTANN: BEREHK STORNBR\u00d6W nemcsak taktikai, hanem tematikus k\u00f6zponti modellje lehet egy Votann seregnek.<\/p>\n<p>R\u00e9szletgazdag kidolgoz\u00e1sa \u00e9s tr\u00f3fe\u00e1i \u2013 k\u00f6zt\u00fck egy legy\u0151z\u00f6tt Ork feje \u2013 karakteres megjelen\u00e9st biztos\u00edtanak. A LEAGUES OF VOTANN: BEREHK STORNBR\u00d6W kiv\u00e1l\u00f3 v\u00e1laszt\u00e1s gy\u0171jt\u0151knek \u00e9s versenyj\u00e1t\u00e9kosoknak egyar\u00e1nt.<\/p>\n<p>The miniatures require assembly and painting.<br \/>\nProduct language: English.<br \/>\nAz el\u0151rendel\u00e9si peri\u00f3dus 2026. 03. 07-\u00e9n indul, a term\u00e9k 2026. 03. 21-t\u0151l vehet\u0151 \u00e1t.<\/p>","protected":false},"excerpt":{"rendered":"<p>A LEAGUES OF VOTANN: BEREHK STORNBR\u00d6W az Orkok r\u00e9m\u00e1lma \u00e9s a Kin hadseregek rettegett harcosa. A LEAGUES OF VOTANN: BEREHK STORNBR\u00d6W kifejezetten az Ork hord\u00e1k ellen specializ\u00e1l\u00f3dott, brut\u00e1lis erej\u00e9vel \u00e9s k\u00e9rlelhetetlen harcmodor\u00e1val.<\/p>","protected":false},"featured_media":27735,"comment_status":"open","ping_status":"closed","template":"","meta":{"_acf_changed":false},"product_brand":[46],"product_cat":[229,19,249,251],"product_tag":[],"class_list":{"0":"post-27667","1":"product","2":"type-product","3":"status-publish","4":"has-post-thumbnail","6":"product_brand-games-workshop","7":"product_cat-leagues-of-votann","8":"product_cat-wargame","9":"product_cat-warhammer-40-000-wargame","10":"product_cat-xenos-armies","12":"first","13":"instock","14":"sale","15":"taxable","16":"shipping-taxable","17":"purchasable","18":"product-type-simple"},"acf":[],"yoast_head":"<!-- This site is optimized with the Yoast SEO Premium plugin v25.6 (Yoast SEO v25.6) - https:\/\/yoast.com\/wordpress\/plugins\/seo\/ -->\n<title>LEAGUES OF VOTANN: BEREHK STORNBR\u00d6W - HammerTime Cafe Webshop<\/title>\n<meta name=\"description\" content=\"LEAGUES OF VOTANN: BEREHK STORNBR\u00d6W ork-vad\u00e1sz h\u0151s puszt\u00edt\u00f3 pick-hammer fegyverrel.\" \/>\n<meta name=\"robots\" content=\"index, follow, max-snippet:-1, max-image-preview:large, max-video-preview:-1\" \/>\n<link rel=\"canonical\" href=\"https:\/\/hammertimecafe.hu\/en\/product\/leagues-of-votann-berehk-stornbrow\/\" \/>\n<meta property=\"og:locale\" content=\"en_US\" \/>\n<meta property=\"og:type\" content=\"article\" \/>\n<meta property=\"og:title\" content=\"LEAGUES OF VOTANN: BEREHK STORNBR\u00d6W\" \/>\n<meta property=\"og:description\" content=\"LEAGUES OF VOTANN: BEREHK STORNBR\u00d6W ork-vad\u00e1sz h\u0151s puszt\u00edt\u00f3 pick-hammer fegyverrel.\" \/>\n<meta property=\"og:url\" content=\"https:\/\/hammertimecafe.hu\/en\/product\/leagues-of-votann-berehk-stornbrow\/\" \/>\n<meta property=\"og:site_name\" content=\"HammerTime Cafe Webshop\" \/>\n<meta property=\"article:modified_time\" content=\"2026-04-23T16:28:38+00:00\" \/>\n<meta property=\"og:image\" content=\"https:\/\/hammertimecafe.hu\/app\/uploads\/2026\/03\/Leagues-of-Votann-Berehk-Stornbrow.jpg\" \/>\n\t<meta property=\"og:image:width\" content=\"1840\" \/>\n\t<meta property=\"og:image:height\" content=\"1900\" \/>\n\t<meta property=\"og:image:type\" content=\"image\/jpeg\" \/>\n<meta name=\"twitter:card\" content=\"summary_large_image\" \/>\n<meta name=\"twitter:label1\" content=\"Est. reading time\" \/>\n\t<meta name=\"twitter:data1\" content=\"1 minute\" \/>\n<script type=\"application\/ld+json\" class=\"yoast-schema-graph\">{\"@context\":\"https:\/\/schema.org\",\"@graph\":[{\"@type\":\"WebPage\",\"@id\":\"https:\/\/hammertimecafe.hu\/termek\/leagues-of-votann-berehk-stornbrow\/\",\"url\":\"https:\/\/hammertimecafe.hu\/termek\/leagues-of-votann-berehk-stornbrow\/\",\"name\":\"LEAGUES OF VOTANN: BEREHK STORNBR\u00d6W - HammerTime Cafe Webshop\",\"isPartOf\":{\"@id\":\"https:\/\/hammertimecafe.hu\/#website\"},\"primaryImageOfPage\":{\"@id\":\"https:\/\/hammertimecafe.hu\/termek\/leagues-of-votann-berehk-stornbrow\/#primaryimage\"},\"image\":{\"@id\":\"https:\/\/hammertimecafe.hu\/termek\/leagues-of-votann-berehk-stornbrow\/#primaryimage\"},\"thumbnailUrl\":\"https:\/\/hammertimecafe.hu\/app\/uploads\/2026\/03\/Leagues-of-Votann-Berehk-Stornbrow.jpg\",\"datePublished\":\"2026-03-07T09:02:59+00:00\",\"dateModified\":\"2026-04-23T16:28:38+00:00\",\"description\":\"LEAGUES OF VOTANN: BEREHK STORNBR\u00d6W ork-vad\u00e1sz h\u0151s puszt\u00edt\u00f3 pick-hammer fegyverrel.\",\"breadcrumb\":{\"@id\":\"https:\/\/hammertimecafe.hu\/termek\/leagues-of-votann-berehk-stornbrow\/#breadcrumb\"},\"inLanguage\":\"en-US\",\"potentialAction\":[{\"@type\":\"ReadAction\",\"target\":[\"https:\/\/hammertimecafe.hu\/termek\/leagues-of-votann-berehk-stornbrow\/\"]}]},{\"@type\":\"ImageObject\",\"inLanguage\":\"en-US\",\"@id\":\"https:\/\/hammertimecafe.hu\/termek\/leagues-of-votann-berehk-stornbrow\/#primaryimage\",\"url\":\"https:\/\/hammertimecafe.hu\/app\/uploads\/2026\/03\/Leagues-of-Votann-Berehk-Stornbrow.jpg\",\"contentUrl\":\"https:\/\/hammertimecafe.hu\/app\/uploads\/2026\/03\/Leagues-of-Votann-Berehk-Stornbrow.jpg\",\"width\":1840,\"height\":1900,\"caption\":\"Leagues of Votann Berehk Stornbr\u00f6w\"},{\"@type\":\"BreadcrumbList\",\"@id\":\"https:\/\/hammertimecafe.hu\/termek\/leagues-of-votann-berehk-stornbrow\/#breadcrumb\",\"itemListElement\":[{\"@type\":\"ListItem\",\"position\":1,\"name\":\"Home\",\"item\":\"https:\/\/hammertimecafe.hu\/\"},{\"@type\":\"ListItem\",\"position\":2,\"name\":\"Shop\",\"item\":\"https:\/\/hammertimecafe.hu\/uzlet\/\"},{\"@type\":\"ListItem\",\"position\":3,\"name\":\"LEAGUES OF VOTANN: BEREHK STORNBR\u00d6W\"}]},{\"@type\":\"WebSite\",\"@id\":\"https:\/\/hammertimecafe.hu\/#website\",\"url\":\"https:\/\/hammertimecafe.hu\/\",\"name\":\"Hammertimecafe\",\"description\":\"A HammerTime Cafe Hivatalos Weboldala \u00e9s Webshopja.\",\"publisher\":{\"@id\":\"https:\/\/hammertimecafe.hu\/#organization\"},\"potentialAction\":[{\"@type\":\"SearchAction\",\"target\":{\"@type\":\"EntryPoint\",\"urlTemplate\":\"https:\/\/hammertimecafe.hu\/?s={search_term_string}\"},\"query-input\":{\"@type\":\"PropertyValueSpecification\",\"valueRequired\":true,\"valueName\":\"search_term_string\"}}],\"inLanguage\":\"en-US\"},{\"@type\":\"Organization\",\"@id\":\"https:\/\/hammertimecafe.hu\/#organization\",\"name\":\"Hammertimecafe\",\"url\":\"https:\/\/hammertimecafe.hu\/\",\"logo\":{\"@type\":\"ImageObject\",\"inLanguage\":\"en-US\",\"@id\":\"https:\/\/hammertimecafe.hu\/#\/schema\/logo\/image\/\",\"url\":\"https:\/\/htcwoo.test\/app\/uploads\/2025\/08\/logo_of_htc.png\",\"contentUrl\":\"https:\/\/htcwoo.test\/app\/uploads\/2025\/08\/logo_of_htc.png\",\"width\":166,\"height\":73,\"caption\":\"Hammertimecafe\"},\"image\":{\"@id\":\"https:\/\/hammertimecafe.hu\/#\/schema\/logo\/image\/\"}}]}<\/script>\n<!-- \/ Yoast SEO Premium plugin. -->","yoast_head_json":{"title":"LEAGUES OF VOTANN: BEREHK STORNBR\u00d6W - HammerTime Cafe Webshop","description":"LEAGUES OF VOTANN: BEREHK STORNBR\u00d6W ork-vad\u00e1sz h\u0151s puszt\u00edt\u00f3 pick-hammer fegyverrel.","robots":{"index":"index","follow":"follow","max-snippet":"max-snippet:-1","max-image-preview":"max-image-preview:large","max-video-preview":"max-video-preview:-1"},"canonical":"https:\/\/hammertimecafe.hu\/en\/product\/leagues-of-votann-berehk-stornbrow\/","og_locale":"en_US","og_type":"article","og_title":"LEAGUES OF VOTANN: BEREHK STORNBR\u00d6W","og_description":"LEAGUES OF VOTANN: BEREHK STORNBR\u00d6W ork-vad\u00e1sz h\u0151s puszt\u00edt\u00f3 pick-hammer fegyverrel.","og_url":"https:\/\/hammertimecafe.hu\/en\/product\/leagues-of-votann-berehk-stornbrow\/","og_site_name":"HammerTime Cafe Webshop","article_modified_time":"2026-04-23T16:28:38+00:00","og_image":[{"width":1840,"height":1900,"url":"https:\/\/hammertimecafe.hu\/app\/uploads\/2026\/03\/Leagues-of-Votann-Berehk-Stornbrow.jpg","type":"image\/jpeg"}],"twitter_card":"summary_large_image","twitter_misc":{"Est. reading time":"1 minute"},"schema":{"@context":"https:\/\/schema.org","@graph":[{"@type":"WebPage","@id":"https:\/\/hammertimecafe.hu\/termek\/leagues-of-votann-berehk-stornbrow\/","url":"https:\/\/hammertimecafe.hu\/termek\/leagues-of-votann-berehk-stornbrow\/","name":"LEAGUES OF VOTANN: BEREHK STORNBR\u00d6W - HammerTime Cafe Webshop","isPartOf":{"@id":"https:\/\/hammertimecafe.hu\/#website"},"primaryImageOfPage":{"@id":"https:\/\/hammertimecafe.hu\/termek\/leagues-of-votann-berehk-stornbrow\/#primaryimage"},"image":{"@id":"https:\/\/hammertimecafe.hu\/termek\/leagues-of-votann-berehk-stornbrow\/#primaryimage"},"thumbnailUrl":"https:\/\/hammertimecafe.hu\/app\/uploads\/2026\/03\/Leagues-of-Votann-Berehk-Stornbrow.jpg","datePublished":"2026-03-07T09:02:59+00:00","dateModified":"2026-04-23T16:28:38+00:00","description":"LEAGUES OF VOTANN: BEREHK STORNBR\u00d6W ork-vad\u00e1sz h\u0151s puszt\u00edt\u00f3 pick-hammer fegyverrel.","breadcrumb":{"@id":"https:\/\/hammertimecafe.hu\/termek\/leagues-of-votann-berehk-stornbrow\/#breadcrumb"},"inLanguage":"en-US","potentialAction":[{"@type":"ReadAction","target":["https:\/\/hammertimecafe.hu\/termek\/leagues-of-votann-berehk-stornbrow\/"]}]},{"@type":"ImageObject","inLanguage":"en-US","@id":"https:\/\/hammertimecafe.hu\/termek\/leagues-of-votann-berehk-stornbrow\/#primaryimage","url":"https:\/\/hammertimecafe.hu\/app\/uploads\/2026\/03\/Leagues-of-Votann-Berehk-Stornbrow.jpg","contentUrl":"https:\/\/hammertimecafe.hu\/app\/uploads\/2026\/03\/Leagues-of-Votann-Berehk-Stornbrow.jpg","width":1840,"height":1900,"caption":"Leagues of Votann Berehk Stornbr\u00f6w"},{"@type":"BreadcrumbList","@id":"https:\/\/hammertimecafe.hu\/termek\/leagues-of-votann-berehk-stornbrow\/#breadcrumb","itemListElement":[{"@type":"ListItem","position":1,"name":"Home","item":"https:\/\/hammertimecafe.hu\/"},{"@type":"ListItem","position":2,"name":"Shop","item":"https:\/\/hammertimecafe.hu\/uzlet\/"},{"@type":"ListItem","position":3,"name":"LEAGUES OF VOTANN: BEREHK STORNBR\u00d6W"}]},{"@type":"WebSite","@id":"https:\/\/hammertimecafe.hu\/#website","url":"https:\/\/hammertimecafe.hu\/","name":"Hammertimecafe","description":"The Official Website and Webshop of HammerTime Cafe.","publisher":{"@id":"https:\/\/hammertimecafe.hu\/#organization"},"potentialAction":[{"@type":"SearchAction","target":{"@type":"EntryPoint","urlTemplate":"https:\/\/hammertimecafe.hu\/?s={search_term_string}"},"query-input":{"@type":"PropertyValueSpecification","valueRequired":true,"valueName":"search_term_string"}}],"inLanguage":"en-US"},{"@type":"Organization","@id":"https:\/\/hammertimecafe.hu\/#organization","name":"Hammertimecafe","url":"https:\/\/hammertimecafe.hu\/","logo":{"@type":"ImageObject","inLanguage":"en-US","@id":"https:\/\/hammertimecafe.hu\/#\/schema\/logo\/image\/","url":"https:\/\/htcwoo.test\/app\/uploads\/2025\/08\/logo_of_htc.png","contentUrl":"https:\/\/htcwoo.test\/app\/uploads\/2025\/08\/logo_of_htc.png","width":166,"height":73,"caption":"Hammertimecafe"},"image":{"@id":"https:\/\/hammertimecafe.hu\/#\/schema\/logo\/image\/"}}]}},"_links":{"self":[{"href":"https:\/\/hammertimecafe.hu\/en\/wp-json\/wp\/v2\/product\/27667","targetHints":{"allow":["GET"]}}],"collection":[{"href":"https:\/\/hammertimecafe.hu\/en\/wp-json\/wp\/v2\/product"}],"about":[{"href":"https:\/\/hammertimecafe.hu\/en\/wp-json\/wp\/v2\/types\/product"}],"replies":[{"embeddable":true,"href":"https:\/\/hammertimecafe.hu\/en\/wp-json\/wp\/v2\/comments?post=27667"}],"wp:featuredmedia":[{"embeddable":true,"href":"https:\/\/hammertimecafe.hu\/en\/wp-json\/wp\/v2\/media\/27735"}],"wp:attachment":[{"href":"https:\/\/hammertimecafe.hu\/en\/wp-json\/wp\/v2\/media?parent=27667"}],"wp:term":[{"taxonomy":"product_brand","embeddable":true,"href":"https:\/\/hammertimecafe.hu\/en\/wp-json\/wp\/v2\/product_brand?post=27667"},{"taxonomy":"product_cat","embeddable":true,"href":"https:\/\/hammertimecafe.hu\/en\/wp-json\/wp\/v2\/product_cat?post=27667"},{"taxonomy":"product_tag","embeddable":true,"href":"https:\/\/hammertimecafe.hu\/en\/wp-json\/wp\/v2\/product_tag?post=27667"}],"curies":[{"name":"wp","href":"https:\/\/api.w.org\/{rel}","templated":true}]}}