{"id":27826,"date":"2026-03-14T10:10:01","date_gmt":"2026-03-14T09:10:01","guid":{"rendered":"https:\/\/hammertimecafe.hu\/?post_type=product&#038;p=27826"},"modified":"2026-04-23T18:27:26","modified_gmt":"2026-04-23T16:27:26","slug":"blood-bowl-spike-issue-21","status":"publish","type":"product","link":"https:\/\/hammertimecafe.hu\/en\/product\/blood-bowl-spike-issue-21\/","title":{"rendered":"BLOOD BOWL: SPIKE! ISSUE 21"},"content":{"rendered":"<p>A BLOOD BOWL: SPIKE! ISSUE 21 egy izgalmas Blood Bowl magazin, amely az Ulthuan vil\u00e1g\u00e1ba kalauzolja az olvas\u00f3kat. A BLOOD BOWL: SPIKE! ISSUE 21 vend\u00e9gszerkeszt\u0151je Alandrian the Exiled, Caledor egykori hercege, aki a legend\u00e1s Caledor Dragons csapat t\u00f6rt\u00e9net\u00e9t \u00e9s h\u00e1tter\u00e9t mutatja be.<\/p>\n<p>Ebben a 32 oldalas kiadv\u00e1nyban r\u00e9szletes szab\u00e1lyokat \u00e9s j\u00e1t\u00e9kosprofilokat tal\u00e1lsz, amelyekkel p\u00e1ly\u00e1ra k\u00fcldheted a Caledor Dragons csapatot. A BLOOD BOWL: SPIKE! ISSUE 21 seg\u00edt a legt\u00f6bbet kihozni a High Elf Blood Bowl csapatodb\u00f3l.<\/p>\n<p>A magazin \u00faj tematikus p\u00e1ly\u00e1kra \u00e9s labd\u00e1kra vonatkoz\u00f3 szab\u00e1lyokat is tartalmaz, valamint bemutatja a Spectacle of the Flame Eternal esem\u00e9nyt. A BLOOD BOWL: SPIKE! ISSUE 21 emellett edz\u0151i tippeket \u00e9s sz\u00f3rakoztat\u00f3 szerkeszt\u0151s\u00e9gi cikkeket is k\u00edn\u00e1l.<\/p>\n<p>A friss k\u00fcl\u00f6nleges szab\u00e1lyok \u00e9s achievementek m\u00e9g v\u00e1ltozatosabb\u00e1 teszik a m\u00e9rk\u0151z\u00e9seket. A BLOOD BOWL: SPIKE! ISSUE 21 t\u00f6k\u00e9letes kieg\u00e9sz\u00edt\u0151 minden Blood Bowl rajong\u00f3 sz\u00e1m\u00e1ra.<\/p>\n<p>Product language: English.<br \/>\nAz el\u0151rendel\u00e9si peri\u00f3dus 2026. 03. 14-\u00e9n indul, a term\u00e9k 2026. 03. 28-t\u00f3l vehet\u0151 \u00e1t.<\/p>","protected":false},"excerpt":{"rendered":"<p>A BLOOD BOWL: SPIKE! ISSUE 21 egy izgalmas Blood Bowl magazin, amely az Ulthuan vil\u00e1g\u00e1ba kalauzolja az olvas\u00f3kat. A BLOOD BOWL: SPIKE! ISSUE 21 vend\u00e9gszerkeszt\u0151je Alandrian the Exiled, Caledor egykori hercege, aki a legend\u00e1s Caledor Dragons csapat t\u00f6rt\u00e9net\u00e9t \u00e9s h\u00e1tter\u00e9t mutatja be.<\/p>","protected":false},"featured_media":28030,"comment_status":"open","ping_status":"closed","template":"","meta":{"_acf_changed":false},"product_brand":[46],"product_cat":[163,19],"product_tag":[],"class_list":{"0":"post-27826","1":"product","2":"type-product","3":"status-publish","4":"has-post-thumbnail","6":"product_brand-games-workshop","7":"product_cat-blood-bowl","8":"product_cat-wargame","10":"first","11":"instock","12":"sale","13":"taxable","14":"shipping-taxable","15":"purchasable","16":"product-type-simple"},"acf":[],"yoast_head":"<!-- This site is optimized with the Yoast SEO Premium plugin v25.6 (Yoast SEO v25.6) - https:\/\/yoast.com\/wordpress\/plugins\/seo\/ -->\n<title>BLOOD BOWL: SPIKE! ISSUE 21 - HammerTime Cafe Webshop<\/title>\n<meta name=\"description\" content=\"BLOOD BOWL: SPIKE! ISSUE 21 magazin a Caledor Dragons csapattal, \u00faj szab\u00e1lyokkal, j\u00e1t\u00e9kosprofilokkal \u00e9s Blood Bowl tippekkel.\" \/>\n<meta name=\"robots\" content=\"index, follow, max-snippet:-1, max-image-preview:large, max-video-preview:-1\" \/>\n<link rel=\"canonical\" href=\"https:\/\/hammertimecafe.hu\/en\/product\/blood-bowl-spike-issue-21\/\" \/>\n<meta property=\"og:locale\" content=\"en_US\" \/>\n<meta property=\"og:type\" content=\"article\" \/>\n<meta property=\"og:title\" content=\"BLOOD BOWL: SPIKE! ISSUE 21\" \/>\n<meta property=\"og:description\" content=\"BLOOD BOWL: SPIKE! ISSUE 21 magazin a Caledor Dragons csapattal, \u00faj szab\u00e1lyokkal, j\u00e1t\u00e9kosprofilokkal \u00e9s Blood Bowl tippekkel.\" \/>\n<meta property=\"og:url\" content=\"https:\/\/hammertimecafe.hu\/en\/product\/blood-bowl-spike-issue-21\/\" \/>\n<meta property=\"og:site_name\" content=\"HammerTime Cafe Webshop\" \/>\n<meta property=\"article:modified_time\" content=\"2026-04-23T16:27:26+00:00\" \/>\n<meta property=\"og:image\" content=\"https:\/\/hammertimecafe.hu\/app\/uploads\/2026\/03\/Blood-Bowl-Spike-Issue-21.jpg\" \/>\n\t<meta property=\"og:image:width\" content=\"1840\" \/>\n\t<meta property=\"og:image:height\" content=\"1900\" \/>\n\t<meta property=\"og:image:type\" content=\"image\/jpeg\" \/>\n<meta name=\"twitter:card\" content=\"summary_large_image\" \/>\n<meta name=\"twitter:label1\" content=\"Est. reading time\" \/>\n\t<meta name=\"twitter:data1\" content=\"2 minutes\" \/>\n<script type=\"application\/ld+json\" class=\"yoast-schema-graph\">{\"@context\":\"https:\/\/schema.org\",\"@graph\":[{\"@type\":\"WebPage\",\"@id\":\"https:\/\/hammertimecafe.hu\/termek\/blood-bowl-spike-issue-21\/\",\"url\":\"https:\/\/hammertimecafe.hu\/termek\/blood-bowl-spike-issue-21\/\",\"name\":\"BLOOD BOWL: SPIKE! ISSUE 21 - HammerTime Cafe Webshop\",\"isPartOf\":{\"@id\":\"https:\/\/hammertimecafe.hu\/#website\"},\"primaryImageOfPage\":{\"@id\":\"https:\/\/hammertimecafe.hu\/termek\/blood-bowl-spike-issue-21\/#primaryimage\"},\"image\":{\"@id\":\"https:\/\/hammertimecafe.hu\/termek\/blood-bowl-spike-issue-21\/#primaryimage\"},\"thumbnailUrl\":\"https:\/\/hammertimecafe.hu\/app\/uploads\/2026\/03\/Blood-Bowl-Spike-Issue-21.jpg\",\"datePublished\":\"2026-03-14T09:10:01+00:00\",\"dateModified\":\"2026-04-23T16:27:26+00:00\",\"description\":\"BLOOD BOWL: SPIKE! ISSUE 21 magazin a Caledor Dragons csapattal, \u00faj szab\u00e1lyokkal, j\u00e1t\u00e9kosprofilokkal \u00e9s Blood Bowl tippekkel.\",\"breadcrumb\":{\"@id\":\"https:\/\/hammertimecafe.hu\/termek\/blood-bowl-spike-issue-21\/#breadcrumb\"},\"inLanguage\":\"en-US\",\"potentialAction\":[{\"@type\":\"ReadAction\",\"target\":[\"https:\/\/hammertimecafe.hu\/termek\/blood-bowl-spike-issue-21\/\"]}]},{\"@type\":\"ImageObject\",\"inLanguage\":\"en-US\",\"@id\":\"https:\/\/hammertimecafe.hu\/termek\/blood-bowl-spike-issue-21\/#primaryimage\",\"url\":\"https:\/\/hammertimecafe.hu\/app\/uploads\/2026\/03\/Blood-Bowl-Spike-Issue-21.jpg\",\"contentUrl\":\"https:\/\/hammertimecafe.hu\/app\/uploads\/2026\/03\/Blood-Bowl-Spike-Issue-21.jpg\",\"width\":1840,\"height\":1900,\"caption\":\"Blood Bowl Spike Issue 21\"},{\"@type\":\"BreadcrumbList\",\"@id\":\"https:\/\/hammertimecafe.hu\/termek\/blood-bowl-spike-issue-21\/#breadcrumb\",\"itemListElement\":[{\"@type\":\"ListItem\",\"position\":1,\"name\":\"Home\",\"item\":\"https:\/\/hammertimecafe.hu\/\"},{\"@type\":\"ListItem\",\"position\":2,\"name\":\"Shop\",\"item\":\"https:\/\/hammertimecafe.hu\/uzlet\/\"},{\"@type\":\"ListItem\",\"position\":3,\"name\":\"BLOOD BOWL: SPIKE! ISSUE 21\"}]},{\"@type\":\"WebSite\",\"@id\":\"https:\/\/hammertimecafe.hu\/#website\",\"url\":\"https:\/\/hammertimecafe.hu\/\",\"name\":\"Hammertimecafe\",\"description\":\"A HammerTime Cafe Hivatalos Weboldala \u00e9s Webshopja.\",\"publisher\":{\"@id\":\"https:\/\/hammertimecafe.hu\/#organization\"},\"potentialAction\":[{\"@type\":\"SearchAction\",\"target\":{\"@type\":\"EntryPoint\",\"urlTemplate\":\"https:\/\/hammertimecafe.hu\/?s={search_term_string}\"},\"query-input\":{\"@type\":\"PropertyValueSpecification\",\"valueRequired\":true,\"valueName\":\"search_term_string\"}}],\"inLanguage\":\"en-US\"},{\"@type\":\"Organization\",\"@id\":\"https:\/\/hammertimecafe.hu\/#organization\",\"name\":\"Hammertimecafe\",\"url\":\"https:\/\/hammertimecafe.hu\/\",\"logo\":{\"@type\":\"ImageObject\",\"inLanguage\":\"en-US\",\"@id\":\"https:\/\/hammertimecafe.hu\/#\/schema\/logo\/image\/\",\"url\":\"https:\/\/htcwoo.test\/app\/uploads\/2025\/08\/logo_of_htc.png\",\"contentUrl\":\"https:\/\/htcwoo.test\/app\/uploads\/2025\/08\/logo_of_htc.png\",\"width\":166,\"height\":73,\"caption\":\"Hammertimecafe\"},\"image\":{\"@id\":\"https:\/\/hammertimecafe.hu\/#\/schema\/logo\/image\/\"}}]}<\/script>\n<!-- \/ Yoast SEO Premium plugin. -->","yoast_head_json":{"title":"BLOOD BOWL: SPIKE! ISSUE 21 - HammerTime Cafe Webshop","description":"BLOOD BOWL: SPIKE! ISSUE 21 magazin a Caledor Dragons csapattal, \u00faj szab\u00e1lyokkal, j\u00e1t\u00e9kosprofilokkal \u00e9s Blood Bowl tippekkel.","robots":{"index":"index","follow":"follow","max-snippet":"max-snippet:-1","max-image-preview":"max-image-preview:large","max-video-preview":"max-video-preview:-1"},"canonical":"https:\/\/hammertimecafe.hu\/en\/product\/blood-bowl-spike-issue-21\/","og_locale":"en_US","og_type":"article","og_title":"BLOOD BOWL: SPIKE! ISSUE 21","og_description":"BLOOD BOWL: SPIKE! ISSUE 21 magazin a Caledor Dragons csapattal, \u00faj szab\u00e1lyokkal, j\u00e1t\u00e9kosprofilokkal \u00e9s Blood Bowl tippekkel.","og_url":"https:\/\/hammertimecafe.hu\/en\/product\/blood-bowl-spike-issue-21\/","og_site_name":"HammerTime Cafe Webshop","article_modified_time":"2026-04-23T16:27:26+00:00","og_image":[{"width":1840,"height":1900,"url":"https:\/\/hammertimecafe.hu\/app\/uploads\/2026\/03\/Blood-Bowl-Spike-Issue-21.jpg","type":"image\/jpeg"}],"twitter_card":"summary_large_image","twitter_misc":{"Est. reading time":"2 minutes"},"schema":{"@context":"https:\/\/schema.org","@graph":[{"@type":"WebPage","@id":"https:\/\/hammertimecafe.hu\/termek\/blood-bowl-spike-issue-21\/","url":"https:\/\/hammertimecafe.hu\/termek\/blood-bowl-spike-issue-21\/","name":"BLOOD BOWL: SPIKE! ISSUE 21 - HammerTime Cafe Webshop","isPartOf":{"@id":"https:\/\/hammertimecafe.hu\/#website"},"primaryImageOfPage":{"@id":"https:\/\/hammertimecafe.hu\/termek\/blood-bowl-spike-issue-21\/#primaryimage"},"image":{"@id":"https:\/\/hammertimecafe.hu\/termek\/blood-bowl-spike-issue-21\/#primaryimage"},"thumbnailUrl":"https:\/\/hammertimecafe.hu\/app\/uploads\/2026\/03\/Blood-Bowl-Spike-Issue-21.jpg","datePublished":"2026-03-14T09:10:01+00:00","dateModified":"2026-04-23T16:27:26+00:00","description":"BLOOD BOWL: SPIKE! ISSUE 21 magazin a Caledor Dragons csapattal, \u00faj szab\u00e1lyokkal, j\u00e1t\u00e9kosprofilokkal \u00e9s Blood Bowl tippekkel.","breadcrumb":{"@id":"https:\/\/hammertimecafe.hu\/termek\/blood-bowl-spike-issue-21\/#breadcrumb"},"inLanguage":"en-US","potentialAction":[{"@type":"ReadAction","target":["https:\/\/hammertimecafe.hu\/termek\/blood-bowl-spike-issue-21\/"]}]},{"@type":"ImageObject","inLanguage":"en-US","@id":"https:\/\/hammertimecafe.hu\/termek\/blood-bowl-spike-issue-21\/#primaryimage","url":"https:\/\/hammertimecafe.hu\/app\/uploads\/2026\/03\/Blood-Bowl-Spike-Issue-21.jpg","contentUrl":"https:\/\/hammertimecafe.hu\/app\/uploads\/2026\/03\/Blood-Bowl-Spike-Issue-21.jpg","width":1840,"height":1900,"caption":"Blood Bowl Spike Issue 21"},{"@type":"BreadcrumbList","@id":"https:\/\/hammertimecafe.hu\/termek\/blood-bowl-spike-issue-21\/#breadcrumb","itemListElement":[{"@type":"ListItem","position":1,"name":"Home","item":"https:\/\/hammertimecafe.hu\/"},{"@type":"ListItem","position":2,"name":"Shop","item":"https:\/\/hammertimecafe.hu\/uzlet\/"},{"@type":"ListItem","position":3,"name":"BLOOD BOWL: SPIKE! ISSUE 21"}]},{"@type":"WebSite","@id":"https:\/\/hammertimecafe.hu\/#website","url":"https:\/\/hammertimecafe.hu\/","name":"Hammertimecafe","description":"The Official Website and Webshop of HammerTime Cafe.","publisher":{"@id":"https:\/\/hammertimecafe.hu\/#organization"},"potentialAction":[{"@type":"SearchAction","target":{"@type":"EntryPoint","urlTemplate":"https:\/\/hammertimecafe.hu\/?s={search_term_string}"},"query-input":{"@type":"PropertyValueSpecification","valueRequired":true,"valueName":"search_term_string"}}],"inLanguage":"en-US"},{"@type":"Organization","@id":"https:\/\/hammertimecafe.hu\/#organization","name":"Hammertimecafe","url":"https:\/\/hammertimecafe.hu\/","logo":{"@type":"ImageObject","inLanguage":"en-US","@id":"https:\/\/hammertimecafe.hu\/#\/schema\/logo\/image\/","url":"https:\/\/htcwoo.test\/app\/uploads\/2025\/08\/logo_of_htc.png","contentUrl":"https:\/\/htcwoo.test\/app\/uploads\/2025\/08\/logo_of_htc.png","width":166,"height":73,"caption":"Hammertimecafe"},"image":{"@id":"https:\/\/hammertimecafe.hu\/#\/schema\/logo\/image\/"}}]}},"_links":{"self":[{"href":"https:\/\/hammertimecafe.hu\/en\/wp-json\/wp\/v2\/product\/27826","targetHints":{"allow":["GET"]}}],"collection":[{"href":"https:\/\/hammertimecafe.hu\/en\/wp-json\/wp\/v2\/product"}],"about":[{"href":"https:\/\/hammertimecafe.hu\/en\/wp-json\/wp\/v2\/types\/product"}],"replies":[{"embeddable":true,"href":"https:\/\/hammertimecafe.hu\/en\/wp-json\/wp\/v2\/comments?post=27826"}],"wp:featuredmedia":[{"embeddable":true,"href":"https:\/\/hammertimecafe.hu\/en\/wp-json\/wp\/v2\/media\/28030"}],"wp:attachment":[{"href":"https:\/\/hammertimecafe.hu\/en\/wp-json\/wp\/v2\/media?parent=27826"}],"wp:term":[{"taxonomy":"product_brand","embeddable":true,"href":"https:\/\/hammertimecafe.hu\/en\/wp-json\/wp\/v2\/product_brand?post=27826"},{"taxonomy":"product_cat","embeddable":true,"href":"https:\/\/hammertimecafe.hu\/en\/wp-json\/wp\/v2\/product_cat?post=27826"},{"taxonomy":"product_tag","embeddable":true,"href":"https:\/\/hammertimecafe.hu\/en\/wp-json\/wp\/v2\/product_tag?post=27826"}],"curies":[{"name":"wp","href":"https:\/\/api.w.org\/{rel}","templated":true}]}}