{"id":2801,"date":"2025-10-29T01:47:49","date_gmt":"2025-10-29T00:47:49","guid":{"rendered":"https:\/\/htcwoo.test\/?post_type=product&#038;p=2801"},"modified":"2026-04-19T20:50:11","modified_gmt":"2026-04-19T18:50:11","slug":"drukhari-talos","status":"publish","type":"product","link":"https:\/\/hammertimecafe.hu\/en\/product\/drukhari-talos\/","title":{"rendered":"DRUKHARI: TALOS"},"content":{"rendered":"<p>A Talos &eacute;s Cronos t&iacute;pus&uacute; f&aacute;jdalom g&eacute;pek a Haemonculus mesterek egyik legbizarrabb teremtm&eacute;nyei. Ezek a n&eacute;hai humanoidok vagy &aacute;llatok test&eacute;b\u0151l kre&aacute;lt sz&ouml;rnyetegek csak az&eacute;rt l&eacute;teznek, hogy ezerf&eacute;le f&aacute;jdalmas &eacute;s lass&uacute; hal&aacute;lt tartogassanak minden olyan ellenf&eacute;lnek, aki ki mer &aacute;llni vel&uuml;k. <\/p>\n<p>Ez a doboz 1 figur&aacute;t tartalmaz, amib\u0151l egy Talos vagy egy Cronos &eacute;p&iacute;thet\u0151! <\/p>\n<p>A doboz rengeteg alkatr&eacute;sz opci&oacute;t tartalmaz, ami lehet\u0151v&eacute; teszi a figur&aacute;k v&aacute;ltozatos felszerel&eacute;s&eacute;t!<\/p>\n<p>A dobozban tov&aacute;bb&aacute; 1db kis rep&uuml;l\u0151 talp tal&aacute;lhat&oacute;!<\/p>","protected":false},"excerpt":{"rendered":"<p>A Talos \u00e9s Cronos t\u00edpus\u00fa f\u00e1jdalom g\u00e9pek a Haemonculus mesterek egyik legbizarrabb teremtm\u00e9nyei. Ezek a n\u00e9hai humanoidok vagy \u00e1llatok test\u00e9b\u0151l kre\u00e1lt sz\u00f6rnyetegek csak az\u00e9rt l\u00e9teznek, hogy ezerf\u00e9le f\u00e1jdalmas \u00e9s lass\u00fa hal\u00e1lt tartogassanak minden olyan ellenf\u00e9lnek, aki ki mer \u00e1llni vel\u00fck. <\/p>","protected":false},"featured_media":8028,"comment_status":"open","ping_status":"closed","template":"","meta":{"_acf_changed":false},"product_brand":[46],"product_cat":[117],"product_tag":[],"class_list":{"0":"post-2801","1":"product","2":"type-product","3":"status-publish","4":"has-post-thumbnail","6":"product_brand-games-workshop","7":"product_cat-drukhari","9":"first","10":"instock","11":"sale","12":"taxable","13":"shipping-taxable","14":"purchasable","15":"product-type-simple"},"acf":[],"yoast_head":"<!-- This site is optimized with the Yoast SEO Premium plugin v25.6 (Yoast SEO v25.6) - https:\/\/yoast.com\/wordpress\/plugins\/seo\/ -->\n<title>DRUKHARI TALOS<\/title>\n<meta name=\"description\" content=\"DRUKHARI TALOS\" \/>\n<meta name=\"robots\" content=\"index, follow, max-snippet:-1, max-image-preview:large, max-video-preview:-1\" \/>\n<link rel=\"canonical\" href=\"https:\/\/hammertimecafe.hu\/en\/product\/drukhari-talos\/\" \/>\n<meta property=\"og:locale\" content=\"en_US\" \/>\n<meta property=\"og:type\" content=\"article\" \/>\n<meta property=\"og:title\" content=\"DRUKHARI: TALOS\" \/>\n<meta property=\"og:description\" content=\"DRUKHARI TALOS\" \/>\n<meta property=\"og:url\" content=\"https:\/\/hammertimecafe.hu\/en\/product\/drukhari-talos\/\" \/>\n<meta property=\"og:site_name\" content=\"HammerTime Cafe Webshop\" \/>\n<meta property=\"article:modified_time\" content=\"2026-04-19T18:50:11+00:00\" \/>\n<meta property=\"og:image\" content=\"https:\/\/hammertimecafe.hu\/app\/uploads\/2025\/10\/99120112016_talosnew_01_1.jpg\" \/>\n\t<meta property=\"og:image:width\" content=\"600\" \/>\n\t<meta property=\"og:image:height\" content=\"620\" \/>\n\t<meta property=\"og:image:type\" content=\"image\/jpeg\" \/>\n<meta name=\"twitter:card\" content=\"summary_large_image\" \/>\n<meta name=\"twitter:label1\" content=\"Est. reading time\" \/>\n\t<meta name=\"twitter:data1\" content=\"1 minute\" \/>\n<script type=\"application\/ld+json\" class=\"yoast-schema-graph\">{\"@context\":\"https:\/\/schema.org\",\"@graph\":[{\"@type\":\"WebPage\",\"@id\":\"https:\/\/hammertimecafe.hu\/termek\/drukhari-talos\/\",\"url\":\"https:\/\/hammertimecafe.hu\/termek\/drukhari-talos\/\",\"name\":\"DRUKHARI TALOS\",\"isPartOf\":{\"@id\":\"https:\/\/hammertimecafe.hu\/#website\"},\"primaryImageOfPage\":{\"@id\":\"https:\/\/hammertimecafe.hu\/termek\/drukhari-talos\/#primaryimage\"},\"image\":{\"@id\":\"https:\/\/hammertimecafe.hu\/termek\/drukhari-talos\/#primaryimage\"},\"thumbnailUrl\":\"https:\/\/hammertimecafe.hu\/app\/uploads\/2025\/10\/99120112016_talosnew_01_1.jpg\",\"datePublished\":\"2025-10-29T00:47:49+00:00\",\"dateModified\":\"2026-04-19T18:50:11+00:00\",\"description\":\"DRUKHARI TALOS\",\"breadcrumb\":{\"@id\":\"https:\/\/hammertimecafe.hu\/termek\/drukhari-talos\/#breadcrumb\"},\"inLanguage\":\"en-US\",\"potentialAction\":[{\"@type\":\"ReadAction\",\"target\":[\"https:\/\/hammertimecafe.hu\/termek\/drukhari-talos\/\"]}]},{\"@type\":\"ImageObject\",\"inLanguage\":\"en-US\",\"@id\":\"https:\/\/hammertimecafe.hu\/termek\/drukhari-talos\/#primaryimage\",\"url\":\"https:\/\/hammertimecafe.hu\/app\/uploads\/2025\/10\/99120112016_talosnew_01_1.jpg\",\"contentUrl\":\"https:\/\/hammertimecafe.hu\/app\/uploads\/2025\/10\/99120112016_talosnew_01_1.jpg\",\"width\":600,\"height\":620},{\"@type\":\"BreadcrumbList\",\"@id\":\"https:\/\/hammertimecafe.hu\/termek\/drukhari-talos\/#breadcrumb\",\"itemListElement\":[{\"@type\":\"ListItem\",\"position\":1,\"name\":\"Home\",\"item\":\"https:\/\/hammertimecafe.hu\/\"},{\"@type\":\"ListItem\",\"position\":2,\"name\":\"Shop\",\"item\":\"https:\/\/hammertimecafe.hu\/uzlet\/\"},{\"@type\":\"ListItem\",\"position\":3,\"name\":\"DRUKHARI: TALOS\"}]},{\"@type\":\"WebSite\",\"@id\":\"https:\/\/hammertimecafe.hu\/#website\",\"url\":\"https:\/\/hammertimecafe.hu\/\",\"name\":\"Hammertimecafe\",\"description\":\"A HammerTime Cafe Hivatalos Weboldala \u00e9s Webshopja.\",\"publisher\":{\"@id\":\"https:\/\/hammertimecafe.hu\/#organization\"},\"potentialAction\":[{\"@type\":\"SearchAction\",\"target\":{\"@type\":\"EntryPoint\",\"urlTemplate\":\"https:\/\/hammertimecafe.hu\/?s={search_term_string}\"},\"query-input\":{\"@type\":\"PropertyValueSpecification\",\"valueRequired\":true,\"valueName\":\"search_term_string\"}}],\"inLanguage\":\"en-US\"},{\"@type\":\"Organization\",\"@id\":\"https:\/\/hammertimecafe.hu\/#organization\",\"name\":\"Hammertimecafe\",\"url\":\"https:\/\/hammertimecafe.hu\/\",\"logo\":{\"@type\":\"ImageObject\",\"inLanguage\":\"en-US\",\"@id\":\"https:\/\/hammertimecafe.hu\/#\/schema\/logo\/image\/\",\"url\":\"https:\/\/htcwoo.test\/app\/uploads\/2025\/08\/logo_of_htc.png\",\"contentUrl\":\"https:\/\/htcwoo.test\/app\/uploads\/2025\/08\/logo_of_htc.png\",\"width\":166,\"height\":73,\"caption\":\"Hammertimecafe\"},\"image\":{\"@id\":\"https:\/\/hammertimecafe.hu\/#\/schema\/logo\/image\/\"}}]}<\/script>\n<!-- \/ Yoast SEO Premium plugin. -->","yoast_head_json":{"title":"DRUKHARI TALOS","description":"DRUKHARI TALOS","robots":{"index":"index","follow":"follow","max-snippet":"max-snippet:-1","max-image-preview":"max-image-preview:large","max-video-preview":"max-video-preview:-1"},"canonical":"https:\/\/hammertimecafe.hu\/en\/product\/drukhari-talos\/","og_locale":"en_US","og_type":"article","og_title":"DRUKHARI: TALOS","og_description":"DRUKHARI TALOS","og_url":"https:\/\/hammertimecafe.hu\/en\/product\/drukhari-talos\/","og_site_name":"HammerTime Cafe Webshop","article_modified_time":"2026-04-19T18:50:11+00:00","og_image":[{"width":600,"height":620,"url":"https:\/\/hammertimecafe.hu\/app\/uploads\/2025\/10\/99120112016_talosnew_01_1.jpg","type":"image\/jpeg"}],"twitter_card":"summary_large_image","twitter_misc":{"Est. reading time":"1 minute"},"schema":{"@context":"https:\/\/schema.org","@graph":[{"@type":"WebPage","@id":"https:\/\/hammertimecafe.hu\/termek\/drukhari-talos\/","url":"https:\/\/hammertimecafe.hu\/termek\/drukhari-talos\/","name":"DRUKHARI TALOS","isPartOf":{"@id":"https:\/\/hammertimecafe.hu\/#website"},"primaryImageOfPage":{"@id":"https:\/\/hammertimecafe.hu\/termek\/drukhari-talos\/#primaryimage"},"image":{"@id":"https:\/\/hammertimecafe.hu\/termek\/drukhari-talos\/#primaryimage"},"thumbnailUrl":"https:\/\/hammertimecafe.hu\/app\/uploads\/2025\/10\/99120112016_talosnew_01_1.jpg","datePublished":"2025-10-29T00:47:49+00:00","dateModified":"2026-04-19T18:50:11+00:00","description":"DRUKHARI TALOS","breadcrumb":{"@id":"https:\/\/hammertimecafe.hu\/termek\/drukhari-talos\/#breadcrumb"},"inLanguage":"en-US","potentialAction":[{"@type":"ReadAction","target":["https:\/\/hammertimecafe.hu\/termek\/drukhari-talos\/"]}]},{"@type":"ImageObject","inLanguage":"en-US","@id":"https:\/\/hammertimecafe.hu\/termek\/drukhari-talos\/#primaryimage","url":"https:\/\/hammertimecafe.hu\/app\/uploads\/2025\/10\/99120112016_talosnew_01_1.jpg","contentUrl":"https:\/\/hammertimecafe.hu\/app\/uploads\/2025\/10\/99120112016_talosnew_01_1.jpg","width":600,"height":620},{"@type":"BreadcrumbList","@id":"https:\/\/hammertimecafe.hu\/termek\/drukhari-talos\/#breadcrumb","itemListElement":[{"@type":"ListItem","position":1,"name":"Home","item":"https:\/\/hammertimecafe.hu\/"},{"@type":"ListItem","position":2,"name":"Shop","item":"https:\/\/hammertimecafe.hu\/uzlet\/"},{"@type":"ListItem","position":3,"name":"DRUKHARI: TALOS"}]},{"@type":"WebSite","@id":"https:\/\/hammertimecafe.hu\/#website","url":"https:\/\/hammertimecafe.hu\/","name":"Hammertimecafe","description":"The Official Website and Webshop of HammerTime Cafe.","publisher":{"@id":"https:\/\/hammertimecafe.hu\/#organization"},"potentialAction":[{"@type":"SearchAction","target":{"@type":"EntryPoint","urlTemplate":"https:\/\/hammertimecafe.hu\/?s={search_term_string}"},"query-input":{"@type":"PropertyValueSpecification","valueRequired":true,"valueName":"search_term_string"}}],"inLanguage":"en-US"},{"@type":"Organization","@id":"https:\/\/hammertimecafe.hu\/#organization","name":"Hammertimecafe","url":"https:\/\/hammertimecafe.hu\/","logo":{"@type":"ImageObject","inLanguage":"en-US","@id":"https:\/\/hammertimecafe.hu\/#\/schema\/logo\/image\/","url":"https:\/\/htcwoo.test\/app\/uploads\/2025\/08\/logo_of_htc.png","contentUrl":"https:\/\/htcwoo.test\/app\/uploads\/2025\/08\/logo_of_htc.png","width":166,"height":73,"caption":"Hammertimecafe"},"image":{"@id":"https:\/\/hammertimecafe.hu\/#\/schema\/logo\/image\/"}}]}},"_links":{"self":[{"href":"https:\/\/hammertimecafe.hu\/en\/wp-json\/wp\/v2\/product\/2801","targetHints":{"allow":["GET"]}}],"collection":[{"href":"https:\/\/hammertimecafe.hu\/en\/wp-json\/wp\/v2\/product"}],"about":[{"href":"https:\/\/hammertimecafe.hu\/en\/wp-json\/wp\/v2\/types\/product"}],"replies":[{"embeddable":true,"href":"https:\/\/hammertimecafe.hu\/en\/wp-json\/wp\/v2\/comments?post=2801"}],"wp:featuredmedia":[{"embeddable":true,"href":"https:\/\/hammertimecafe.hu\/en\/wp-json\/wp\/v2\/media\/8028"}],"wp:attachment":[{"href":"https:\/\/hammertimecafe.hu\/en\/wp-json\/wp\/v2\/media?parent=2801"}],"wp:term":[{"taxonomy":"product_brand","embeddable":true,"href":"https:\/\/hammertimecafe.hu\/en\/wp-json\/wp\/v2\/product_brand?post=2801"},{"taxonomy":"product_cat","embeddable":true,"href":"https:\/\/hammertimecafe.hu\/en\/wp-json\/wp\/v2\/product_cat?post=2801"},{"taxonomy":"product_tag","embeddable":true,"href":"https:\/\/hammertimecafe.hu\/en\/wp-json\/wp\/v2\/product_tag?post=2801"}],"curies":[{"name":"wp","href":"https:\/\/api.w.org\/{rel}","templated":true}]}}