{"id":28114,"date":"2026-03-21T10:12:23","date_gmt":"2026-03-21T09:12:23","guid":{"rendered":"https:\/\/hammertimecafe.hu\/?post_type=product&#038;p=28114"},"modified":"2026-03-21T10:12:25","modified_gmt":"2026-03-21T09:12:25","slug":"journal-tactica-mailed-fist","status":"publish","type":"product","link":"https:\/\/hammertimecafe.hu\/en\/product\/journal-tactica-mailed-fist\/","title":{"rendered":"JOURNAL TACTICA: MAILED FIST"},"content":{"rendered":"<p>A JOURNAL TACTICA: MAILED FIST egy izgalmas kieg\u00e9sz\u00edt\u0151 k\u00f6nyv a Warhammer: The Horus Heresy j\u00e1t\u00e9khoz, amely a p\u00e1nc\u00e9los hadvisel\u00e9sre f\u00f3kusz\u00e1l. A JOURNAL TACTICA: MAILED FIST r\u00e9szletesen bemutatja a Legiones Astartes legend\u00e1s szuperneh\u00e9z harckocsijainak fejl\u0151d\u00e9s\u00e9t \u00e9s szerep\u00e9t a Horus Heresy korszak\u00e1ban.<\/p>\n<p>A 48 oldalas kiadv\u00e1ny rengeteg h\u00e1tt\u00e9rt\u00f6rt\u00e9netet \u00e9s friss j\u00e1t\u00e9kszab\u00e1lyt tartalmaz. A JOURNAL TACTICA: MAILED FIST \u00faj egys\u00e9gprofilokat k\u00edn\u00e1l, amelyekkel m\u00e9g v\u00e1ltozatosabb\u00e1 teheted a csat\u00e1kat.<\/p>\n<p>A k\u00f6nyv egyik legfontosabb \u00fajdons\u00e1ga a Leviathan Missions szab\u00e1lyrendszer. A JOURNAL TACTICA: MAILED FIST seg\u00edts\u00e9g\u00e9vel hatalmas, aszimmetrikus csat\u00e1kat j\u00e1tszhatsz, amelyekben a p\u00e1nc\u00e9los egys\u00e9gek domin\u00e1lnak.<\/p>\n<p>A Leviathan k\u00fcldet\u00e9sek t\u00f6bbj\u00e1t\u00e9kos \u00fctk\u00f6zeteket \u00e9s nagyszab\u00e1s\u00fa harcokat is lehet\u0151v\u00e9 tesznek. A JOURNAL TACTICA: MAILED FIST \u00edgy t\u00f6k\u00e9letes v\u00e1laszt\u00e1s minden Horus Heresy j\u00e1t\u00e9kos sz\u00e1m\u00e1ra, aki szereti az epikus tankcsat\u00e1kat.<\/p>\n<p>Product language: English.<br \/>\nAz el\u0151rendel\u00e9si peri\u00f3dus 2026. 03. 21-\u00e9n indul, a term\u00e9k 2026. 04. 04-t\u0151l vehet\u0151 \u00e1t.<\/p>","protected":false},"excerpt":{"rendered":"<p>A JOURNAL TACTICA: MAILED FIST egy izgalmas kieg\u00e9sz\u00edt\u0151 k\u00f6nyv a Warhammer: The Horus Heresy j\u00e1t\u00e9khoz, amely a p\u00e1nc\u00e9los hadvisel\u00e9sre f\u00f3kusz\u00e1l. A JOURNAL TACTICA: MAILED FIST r\u00e9szletesen bemutatja a Legiones Astartes legend\u00e1s szuperneh\u00e9z harckocsijainak fejl\u0151d\u00e9s\u00e9t \u00e9s szerep\u00e9t a Horus Heresy korszak\u00e1ban.<\/p>","protected":false},"featured_media":28183,"comment_status":"open","ping_status":"closed","template":"","meta":{"_acf_changed":false},"product_brand":[46],"product_cat":[255,93,19,249,45],"product_tag":[],"class_list":{"0":"post-28114","1":"product","2":"type-product","3":"status-publish","4":"has-post-thumbnail","6":"product_brand-games-workshop","7":"product_cat-armies-of-the-imperium","8":"product_cat-space-marines","9":"product_cat-wargame","10":"product_cat-warhammer-40-000-wargame","11":"product_cat-warhammer-the-horus-heresy","13":"first","14":"onbackorder","15":"sale","16":"taxable","17":"shipping-taxable","18":"purchasable","19":"product-type-simple"},"acf":[],"yoast_head":"<!-- This site is optimized with the Yoast SEO Premium plugin v25.6 (Yoast SEO v25.6) - https:\/\/yoast.com\/wordpress\/plugins\/seo\/ -->\n<title>JOURNAL TACTICA: MAILED FIST - HammerTime Cafe Webshop<\/title>\n<meta name=\"description\" content=\"JOURNAL TACTICA: MAILED FIST Warhammer Horus Heresy kieg\u00e9sz\u00edt\u0151 k\u00f6nyv \u00faj egys\u00e9gprofilokkal \u00e9s Leviathan k\u00fcldet\u00e9sekkel.\" \/>\n<meta name=\"robots\" content=\"index, follow, max-snippet:-1, max-image-preview:large, max-video-preview:-1\" \/>\n<link rel=\"canonical\" href=\"https:\/\/hammertimecafe.hu\/en\/product\/journal-tactica-mailed-fist\/\" \/>\n<meta property=\"og:locale\" content=\"en_US\" \/>\n<meta property=\"og:type\" content=\"article\" \/>\n<meta property=\"og:title\" content=\"JOURNAL TACTICA: MAILED FIST\" \/>\n<meta property=\"og:description\" content=\"JOURNAL TACTICA: MAILED FIST Warhammer Horus Heresy kieg\u00e9sz\u00edt\u0151 k\u00f6nyv \u00faj egys\u00e9gprofilokkal \u00e9s Leviathan k\u00fcldet\u00e9sekkel.\" \/>\n<meta property=\"og:url\" content=\"https:\/\/hammertimecafe.hu\/en\/product\/journal-tactica-mailed-fist\/\" \/>\n<meta property=\"og:site_name\" content=\"HammerTime Cafe Webshop\" \/>\n<meta property=\"article:modified_time\" content=\"2026-03-21T09:12:25+00:00\" \/>\n<meta property=\"og:image\" content=\"https:\/\/hammertimecafe.hu\/app\/uploads\/2026\/03\/Journal-Tactica-Mailed-Fist.jpg\" \/>\n\t<meta property=\"og:image:width\" content=\"1840\" \/>\n\t<meta property=\"og:image:height\" content=\"1900\" \/>\n\t<meta property=\"og:image:type\" content=\"image\/jpeg\" \/>\n<meta name=\"twitter:card\" content=\"summary_large_image\" \/>\n<meta name=\"twitter:label1\" content=\"Est. reading time\" \/>\n\t<meta name=\"twitter:data1\" content=\"1 minute\" \/>\n<script type=\"application\/ld+json\" class=\"yoast-schema-graph\">{\"@context\":\"https:\/\/schema.org\",\"@graph\":[{\"@type\":\"WebPage\",\"@id\":\"https:\/\/hammertimecafe.hu\/termek\/journal-tactica-mailed-fist\/\",\"url\":\"https:\/\/hammertimecafe.hu\/termek\/journal-tactica-mailed-fist\/\",\"name\":\"JOURNAL TACTICA: MAILED FIST - HammerTime Cafe Webshop\",\"isPartOf\":{\"@id\":\"https:\/\/hammertimecafe.hu\/#website\"},\"primaryImageOfPage\":{\"@id\":\"https:\/\/hammertimecafe.hu\/termek\/journal-tactica-mailed-fist\/#primaryimage\"},\"image\":{\"@id\":\"https:\/\/hammertimecafe.hu\/termek\/journal-tactica-mailed-fist\/#primaryimage\"},\"thumbnailUrl\":\"https:\/\/hammertimecafe.hu\/app\/uploads\/2026\/03\/Journal-Tactica-Mailed-Fist.jpg\",\"datePublished\":\"2026-03-21T09:12:23+00:00\",\"dateModified\":\"2026-03-21T09:12:25+00:00\",\"description\":\"JOURNAL TACTICA: MAILED FIST Warhammer Horus Heresy kieg\u00e9sz\u00edt\u0151 k\u00f6nyv \u00faj egys\u00e9gprofilokkal \u00e9s Leviathan k\u00fcldet\u00e9sekkel.\",\"breadcrumb\":{\"@id\":\"https:\/\/hammertimecafe.hu\/termek\/journal-tactica-mailed-fist\/#breadcrumb\"},\"inLanguage\":\"en-US\",\"potentialAction\":[{\"@type\":\"ReadAction\",\"target\":[\"https:\/\/hammertimecafe.hu\/termek\/journal-tactica-mailed-fist\/\"]}]},{\"@type\":\"ImageObject\",\"inLanguage\":\"en-US\",\"@id\":\"https:\/\/hammertimecafe.hu\/termek\/journal-tactica-mailed-fist\/#primaryimage\",\"url\":\"https:\/\/hammertimecafe.hu\/app\/uploads\/2026\/03\/Journal-Tactica-Mailed-Fist.jpg\",\"contentUrl\":\"https:\/\/hammertimecafe.hu\/app\/uploads\/2026\/03\/Journal-Tactica-Mailed-Fist.jpg\",\"width\":1840,\"height\":1900,\"caption\":\"Journal Tactica Mailed Fist\"},{\"@type\":\"BreadcrumbList\",\"@id\":\"https:\/\/hammertimecafe.hu\/termek\/journal-tactica-mailed-fist\/#breadcrumb\",\"itemListElement\":[{\"@type\":\"ListItem\",\"position\":1,\"name\":\"Home\",\"item\":\"https:\/\/hammertimecafe.hu\/\"},{\"@type\":\"ListItem\",\"position\":2,\"name\":\"Shop\",\"item\":\"https:\/\/hammertimecafe.hu\/uzlet\/\"},{\"@type\":\"ListItem\",\"position\":3,\"name\":\"JOURNAL TACTICA: MAILED FIST\"}]},{\"@type\":\"WebSite\",\"@id\":\"https:\/\/hammertimecafe.hu\/#website\",\"url\":\"https:\/\/hammertimecafe.hu\/\",\"name\":\"Hammertimecafe\",\"description\":\"A HammerTime Cafe Hivatalos Weboldala \u00e9s Webshopja.\",\"publisher\":{\"@id\":\"https:\/\/hammertimecafe.hu\/#organization\"},\"potentialAction\":[{\"@type\":\"SearchAction\",\"target\":{\"@type\":\"EntryPoint\",\"urlTemplate\":\"https:\/\/hammertimecafe.hu\/?s={search_term_string}\"},\"query-input\":{\"@type\":\"PropertyValueSpecification\",\"valueRequired\":true,\"valueName\":\"search_term_string\"}}],\"inLanguage\":\"en-US\"},{\"@type\":\"Organization\",\"@id\":\"https:\/\/hammertimecafe.hu\/#organization\",\"name\":\"Hammertimecafe\",\"url\":\"https:\/\/hammertimecafe.hu\/\",\"logo\":{\"@type\":\"ImageObject\",\"inLanguage\":\"en-US\",\"@id\":\"https:\/\/hammertimecafe.hu\/#\/schema\/logo\/image\/\",\"url\":\"https:\/\/htcwoo.test\/app\/uploads\/2025\/08\/logo_of_htc.png\",\"contentUrl\":\"https:\/\/htcwoo.test\/app\/uploads\/2025\/08\/logo_of_htc.png\",\"width\":166,\"height\":73,\"caption\":\"Hammertimecafe\"},\"image\":{\"@id\":\"https:\/\/hammertimecafe.hu\/#\/schema\/logo\/image\/\"}}]}<\/script>\n<!-- \/ Yoast SEO Premium plugin. -->","yoast_head_json":{"title":"JOURNAL TACTICA: MAILED FIST - HammerTime Cafe Webshop","description":"JOURNAL TACTICA: MAILED FIST Warhammer Horus Heresy kieg\u00e9sz\u00edt\u0151 k\u00f6nyv \u00faj egys\u00e9gprofilokkal \u00e9s Leviathan k\u00fcldet\u00e9sekkel.","robots":{"index":"index","follow":"follow","max-snippet":"max-snippet:-1","max-image-preview":"max-image-preview:large","max-video-preview":"max-video-preview:-1"},"canonical":"https:\/\/hammertimecafe.hu\/en\/product\/journal-tactica-mailed-fist\/","og_locale":"en_US","og_type":"article","og_title":"JOURNAL TACTICA: MAILED FIST","og_description":"JOURNAL TACTICA: MAILED FIST Warhammer Horus Heresy kieg\u00e9sz\u00edt\u0151 k\u00f6nyv \u00faj egys\u00e9gprofilokkal \u00e9s Leviathan k\u00fcldet\u00e9sekkel.","og_url":"https:\/\/hammertimecafe.hu\/en\/product\/journal-tactica-mailed-fist\/","og_site_name":"HammerTime Cafe Webshop","article_modified_time":"2026-03-21T09:12:25+00:00","og_image":[{"width":1840,"height":1900,"url":"https:\/\/hammertimecafe.hu\/app\/uploads\/2026\/03\/Journal-Tactica-Mailed-Fist.jpg","type":"image\/jpeg"}],"twitter_card":"summary_large_image","twitter_misc":{"Est. reading time":"1 minute"},"schema":{"@context":"https:\/\/schema.org","@graph":[{"@type":"WebPage","@id":"https:\/\/hammertimecafe.hu\/termek\/journal-tactica-mailed-fist\/","url":"https:\/\/hammertimecafe.hu\/termek\/journal-tactica-mailed-fist\/","name":"JOURNAL TACTICA: MAILED FIST - HammerTime Cafe Webshop","isPartOf":{"@id":"https:\/\/hammertimecafe.hu\/#website"},"primaryImageOfPage":{"@id":"https:\/\/hammertimecafe.hu\/termek\/journal-tactica-mailed-fist\/#primaryimage"},"image":{"@id":"https:\/\/hammertimecafe.hu\/termek\/journal-tactica-mailed-fist\/#primaryimage"},"thumbnailUrl":"https:\/\/hammertimecafe.hu\/app\/uploads\/2026\/03\/Journal-Tactica-Mailed-Fist.jpg","datePublished":"2026-03-21T09:12:23+00:00","dateModified":"2026-03-21T09:12:25+00:00","description":"JOURNAL TACTICA: MAILED FIST Warhammer Horus Heresy kieg\u00e9sz\u00edt\u0151 k\u00f6nyv \u00faj egys\u00e9gprofilokkal \u00e9s Leviathan k\u00fcldet\u00e9sekkel.","breadcrumb":{"@id":"https:\/\/hammertimecafe.hu\/termek\/journal-tactica-mailed-fist\/#breadcrumb"},"inLanguage":"en-US","potentialAction":[{"@type":"ReadAction","target":["https:\/\/hammertimecafe.hu\/termek\/journal-tactica-mailed-fist\/"]}]},{"@type":"ImageObject","inLanguage":"en-US","@id":"https:\/\/hammertimecafe.hu\/termek\/journal-tactica-mailed-fist\/#primaryimage","url":"https:\/\/hammertimecafe.hu\/app\/uploads\/2026\/03\/Journal-Tactica-Mailed-Fist.jpg","contentUrl":"https:\/\/hammertimecafe.hu\/app\/uploads\/2026\/03\/Journal-Tactica-Mailed-Fist.jpg","width":1840,"height":1900,"caption":"Journal Tactica Mailed Fist"},{"@type":"BreadcrumbList","@id":"https:\/\/hammertimecafe.hu\/termek\/journal-tactica-mailed-fist\/#breadcrumb","itemListElement":[{"@type":"ListItem","position":1,"name":"Home","item":"https:\/\/hammertimecafe.hu\/"},{"@type":"ListItem","position":2,"name":"Shop","item":"https:\/\/hammertimecafe.hu\/uzlet\/"},{"@type":"ListItem","position":3,"name":"JOURNAL TACTICA: MAILED FIST"}]},{"@type":"WebSite","@id":"https:\/\/hammertimecafe.hu\/#website","url":"https:\/\/hammertimecafe.hu\/","name":"Hammertimecafe","description":"The Official Website and Webshop of HammerTime Cafe.","publisher":{"@id":"https:\/\/hammertimecafe.hu\/#organization"},"potentialAction":[{"@type":"SearchAction","target":{"@type":"EntryPoint","urlTemplate":"https:\/\/hammertimecafe.hu\/?s={search_term_string}"},"query-input":{"@type":"PropertyValueSpecification","valueRequired":true,"valueName":"search_term_string"}}],"inLanguage":"en-US"},{"@type":"Organization","@id":"https:\/\/hammertimecafe.hu\/#organization","name":"Hammertimecafe","url":"https:\/\/hammertimecafe.hu\/","logo":{"@type":"ImageObject","inLanguage":"en-US","@id":"https:\/\/hammertimecafe.hu\/#\/schema\/logo\/image\/","url":"https:\/\/htcwoo.test\/app\/uploads\/2025\/08\/logo_of_htc.png","contentUrl":"https:\/\/htcwoo.test\/app\/uploads\/2025\/08\/logo_of_htc.png","width":166,"height":73,"caption":"Hammertimecafe"},"image":{"@id":"https:\/\/hammertimecafe.hu\/#\/schema\/logo\/image\/"}}]}},"_links":{"self":[{"href":"https:\/\/hammertimecafe.hu\/en\/wp-json\/wp\/v2\/product\/28114","targetHints":{"allow":["GET"]}}],"collection":[{"href":"https:\/\/hammertimecafe.hu\/en\/wp-json\/wp\/v2\/product"}],"about":[{"href":"https:\/\/hammertimecafe.hu\/en\/wp-json\/wp\/v2\/types\/product"}],"replies":[{"embeddable":true,"href":"https:\/\/hammertimecafe.hu\/en\/wp-json\/wp\/v2\/comments?post=28114"}],"wp:featuredmedia":[{"embeddable":true,"href":"https:\/\/hammertimecafe.hu\/en\/wp-json\/wp\/v2\/media\/28183"}],"wp:attachment":[{"href":"https:\/\/hammertimecafe.hu\/en\/wp-json\/wp\/v2\/media?parent=28114"}],"wp:term":[{"taxonomy":"product_brand","embeddable":true,"href":"https:\/\/hammertimecafe.hu\/en\/wp-json\/wp\/v2\/product_brand?post=28114"},{"taxonomy":"product_cat","embeddable":true,"href":"https:\/\/hammertimecafe.hu\/en\/wp-json\/wp\/v2\/product_cat?post=28114"},{"taxonomy":"product_tag","embeddable":true,"href":"https:\/\/hammertimecafe.hu\/en\/wp-json\/wp\/v2\/product_tag?post=28114"}],"curies":[{"name":"wp","href":"https:\/\/api.w.org\/{rel}","templated":true}]}}