{"id":28117,"date":"2026-03-21T10:12:17","date_gmt":"2026-03-21T09:12:17","guid":{"rendered":"https:\/\/hammertimecafe.hu\/?post_type=product&#038;p=28117"},"modified":"2026-04-15T17:40:37","modified_gmt":"2026-04-15T15:40:37","slug":"warhammer-dice-set","status":"publish","type":"product","link":"https:\/\/hammertimecafe.hu\/en\/product\/warhammer-dice-set\/","title":{"rendered":"WARHAMMER DICE SET"},"content":{"rendered":"<p>A WARHAMMER DICE SET t\u00f6k\u00e9letes v\u00e1laszt\u00e1s minden Warhammer j\u00e1t\u00e9kos sz\u00e1m\u00e1ra, aki megb\u00edzhat\u00f3 dob\u00f3kock\u00e1kat keres a csat\u00e1khoz. A WARHAMMER DICE SET egy praktikus k\u00e9szlet, amely ide\u00e1lis kieg\u00e9sz\u00edt\u0151 lehet \u00faj Combat Patrol vagy Spearhead seregek mell\u00e9.<\/p>\n<p>A csomag \u00f6sszesen 20 darab dob\u00f3kock\u00e1t tartalmaz csontsz\u00edn\u0171 kivitelben. A WARHAMMER DICE SET kock\u00e1i fekete p\u00f6tty\u00f6kkel \u00e9s a hatos oldalon egy ikonikus Warhammer koponya szimb\u00f3lummal rendelkeznek.<\/p>\n<p>A j\u00f3l l\u00e1that\u00f3 jel\u00f6l\u00e9sek gyors \u00e9s k\u00f6nnyen \u00e9rtelmezhet\u0151 dob\u00e1sokat biztos\u00edtanak j\u00e1t\u00e9k k\u00f6zben. A WARHAMMER DICE SET ez\u00e9rt kiv\u00e1l\u00f3 v\u00e1laszt\u00e1s ak\u00e1r kezd\u0151, ak\u00e1r tapasztalt j\u00e1t\u00e9kosok sz\u00e1m\u00e1ra.<\/p>\n<p>A 20 darabos k\u00e9szlet elegend\u0151 dob\u00f3kock\u00e1t biztos\u00edt a legt\u00f6bb Warhammer j\u00e1t\u00e9khelyzethez. A WARHAMMER DICE SET praktikus \u00e9s st\u00edlusos kieg\u00e9sz\u00edt\u0151 minden Warhammer rajong\u00f3 sz\u00e1m\u00e1ra.<\/p>\n<p>Az el\u0151rendel\u00e9si peri\u00f3dus 2026. 03. 21-\u00e9n indul, a term\u00e9k 2026. 04. 04-t\u0151l vehet\u0151 \u00e1t.<\/p>","protected":false},"excerpt":{"rendered":"<p>A WARHAMMER DICE SET t\u00f6k\u00e9letes v\u00e1laszt\u00e1s minden Warhammer j\u00e1t\u00e9kos sz\u00e1m\u00e1ra, aki megb\u00edzhat\u00f3 dob\u00f3kock\u00e1kat keres a csat\u00e1khoz. A WARHAMMER DICE SET egy praktikus k\u00e9szlet, amely ide\u00e1lis kieg\u00e9sz\u00edt\u0151 lehet \u00faj Combat Patrol vagy Spearhead seregek mell\u00e9.<\/p>","protected":false},"featured_media":28187,"comment_status":"open","ping_status":"closed","template":"","meta":{"_acf_changed":false},"product_brand":[46],"product_cat":[155,284,19],"product_tag":[],"class_list":{"0":"post-28117","1":"product","2":"type-product","3":"status-publish","4":"has-post-thumbnail","6":"product_brand-games-workshop","7":"product_cat-dobokockak","8":"product_cat-kiegeszitok-kiegeszitok","9":"product_cat-wargame","11":"first","12":"instock","13":"sale","14":"taxable","15":"shipping-taxable","16":"purchasable","17":"product-type-simple"},"acf":[],"yoast_head":"<!-- This site is optimized with the Yoast SEO Premium plugin v25.6 (Yoast SEO v25.6) - https:\/\/yoast.com\/wordpress\/plugins\/seo\/ -->\n<title>WARHAMMER DICE SET - HammerTime Cafe Webshop<\/title>\n<meta name=\"description\" content=\"WARHAMMER DICE SET 20 darab csontsz\u00edn\u0171 dob\u00f3kock\u00e1val, fekete jel\u00f6l\u00e9sekkel \u00e9s ikonikus Warhammer koponya szimb\u00f3lummal.\" \/>\n<meta name=\"robots\" content=\"index, follow, max-snippet:-1, max-image-preview:large, max-video-preview:-1\" \/>\n<link rel=\"canonical\" href=\"https:\/\/hammertimecafe.hu\/en\/product\/warhammer-dice-set\/\" \/>\n<meta property=\"og:locale\" content=\"en_US\" \/>\n<meta property=\"og:type\" content=\"article\" \/>\n<meta property=\"og:title\" content=\"WARHAMMER DICE SET\" \/>\n<meta property=\"og:description\" content=\"WARHAMMER DICE SET 20 darab csontsz\u00edn\u0171 dob\u00f3kock\u00e1val, fekete jel\u00f6l\u00e9sekkel \u00e9s ikonikus Warhammer koponya szimb\u00f3lummal.\" \/>\n<meta property=\"og:url\" content=\"https:\/\/hammertimecafe.hu\/en\/product\/warhammer-dice-set\/\" \/>\n<meta property=\"og:site_name\" content=\"HammerTime Cafe Webshop\" \/>\n<meta property=\"article:modified_time\" content=\"2026-04-15T15:40:37+00:00\" \/>\n<meta property=\"og:image\" content=\"https:\/\/hammertimecafe.hu\/app\/uploads\/2026\/03\/Warhammer-Dice-Set.jpg\" \/>\n\t<meta property=\"og:image:width\" content=\"1840\" \/>\n\t<meta property=\"og:image:height\" content=\"1900\" \/>\n\t<meta property=\"og:image:type\" content=\"image\/jpeg\" \/>\n<meta name=\"twitter:card\" content=\"summary_large_image\" \/>\n<meta name=\"twitter:label1\" content=\"Est. reading time\" \/>\n\t<meta name=\"twitter:data1\" content=\"1 minute\" \/>\n<script type=\"application\/ld+json\" class=\"yoast-schema-graph\">{\"@context\":\"https:\/\/schema.org\",\"@graph\":[{\"@type\":\"WebPage\",\"@id\":\"https:\/\/hammertimecafe.hu\/termek\/warhammer-dice-set\/\",\"url\":\"https:\/\/hammertimecafe.hu\/termek\/warhammer-dice-set\/\",\"name\":\"WARHAMMER DICE SET - HammerTime Cafe Webshop\",\"isPartOf\":{\"@id\":\"https:\/\/hammertimecafe.hu\/#website\"},\"primaryImageOfPage\":{\"@id\":\"https:\/\/hammertimecafe.hu\/termek\/warhammer-dice-set\/#primaryimage\"},\"image\":{\"@id\":\"https:\/\/hammertimecafe.hu\/termek\/warhammer-dice-set\/#primaryimage\"},\"thumbnailUrl\":\"https:\/\/hammertimecafe.hu\/app\/uploads\/2026\/03\/Warhammer-Dice-Set.jpg\",\"datePublished\":\"2026-03-21T09:12:17+00:00\",\"dateModified\":\"2026-04-15T15:40:37+00:00\",\"description\":\"WARHAMMER DICE SET 20 darab csontsz\u00edn\u0171 dob\u00f3kock\u00e1val, fekete jel\u00f6l\u00e9sekkel \u00e9s ikonikus Warhammer koponya szimb\u00f3lummal.\",\"breadcrumb\":{\"@id\":\"https:\/\/hammertimecafe.hu\/termek\/warhammer-dice-set\/#breadcrumb\"},\"inLanguage\":\"en-US\",\"potentialAction\":[{\"@type\":\"ReadAction\",\"target\":[\"https:\/\/hammertimecafe.hu\/termek\/warhammer-dice-set\/\"]}]},{\"@type\":\"ImageObject\",\"inLanguage\":\"en-US\",\"@id\":\"https:\/\/hammertimecafe.hu\/termek\/warhammer-dice-set\/#primaryimage\",\"url\":\"https:\/\/hammertimecafe.hu\/app\/uploads\/2026\/03\/Warhammer-Dice-Set.jpg\",\"contentUrl\":\"https:\/\/hammertimecafe.hu\/app\/uploads\/2026\/03\/Warhammer-Dice-Set.jpg\",\"width\":1840,\"height\":1900,\"caption\":\"Warhammer Dice Set\"},{\"@type\":\"BreadcrumbList\",\"@id\":\"https:\/\/hammertimecafe.hu\/termek\/warhammer-dice-set\/#breadcrumb\",\"itemListElement\":[{\"@type\":\"ListItem\",\"position\":1,\"name\":\"Home\",\"item\":\"https:\/\/hammertimecafe.hu\/\"},{\"@type\":\"ListItem\",\"position\":2,\"name\":\"Shop\",\"item\":\"https:\/\/hammertimecafe.hu\/uzlet\/\"},{\"@type\":\"ListItem\",\"position\":3,\"name\":\"WARHAMMER DICE SET\"}]},{\"@type\":\"WebSite\",\"@id\":\"https:\/\/hammertimecafe.hu\/#website\",\"url\":\"https:\/\/hammertimecafe.hu\/\",\"name\":\"Hammertimecafe\",\"description\":\"A HammerTime Cafe Hivatalos Weboldala \u00e9s Webshopja.\",\"publisher\":{\"@id\":\"https:\/\/hammertimecafe.hu\/#organization\"},\"potentialAction\":[{\"@type\":\"SearchAction\",\"target\":{\"@type\":\"EntryPoint\",\"urlTemplate\":\"https:\/\/hammertimecafe.hu\/?s={search_term_string}\"},\"query-input\":{\"@type\":\"PropertyValueSpecification\",\"valueRequired\":true,\"valueName\":\"search_term_string\"}}],\"inLanguage\":\"en-US\"},{\"@type\":\"Organization\",\"@id\":\"https:\/\/hammertimecafe.hu\/#organization\",\"name\":\"Hammertimecafe\",\"url\":\"https:\/\/hammertimecafe.hu\/\",\"logo\":{\"@type\":\"ImageObject\",\"inLanguage\":\"en-US\",\"@id\":\"https:\/\/hammertimecafe.hu\/#\/schema\/logo\/image\/\",\"url\":\"https:\/\/htcwoo.test\/app\/uploads\/2025\/08\/logo_of_htc.png\",\"contentUrl\":\"https:\/\/htcwoo.test\/app\/uploads\/2025\/08\/logo_of_htc.png\",\"width\":166,\"height\":73,\"caption\":\"Hammertimecafe\"},\"image\":{\"@id\":\"https:\/\/hammertimecafe.hu\/#\/schema\/logo\/image\/\"}}]}<\/script>\n<!-- \/ Yoast SEO Premium plugin. -->","yoast_head_json":{"title":"WARHAMMER DICE SET - HammerTime Cafe Webshop","description":"WARHAMMER DICE SET 20 darab csontsz\u00edn\u0171 dob\u00f3kock\u00e1val, fekete jel\u00f6l\u00e9sekkel \u00e9s ikonikus Warhammer koponya szimb\u00f3lummal.","robots":{"index":"index","follow":"follow","max-snippet":"max-snippet:-1","max-image-preview":"max-image-preview:large","max-video-preview":"max-video-preview:-1"},"canonical":"https:\/\/hammertimecafe.hu\/en\/product\/warhammer-dice-set\/","og_locale":"en_US","og_type":"article","og_title":"WARHAMMER DICE SET","og_description":"WARHAMMER DICE SET 20 darab csontsz\u00edn\u0171 dob\u00f3kock\u00e1val, fekete jel\u00f6l\u00e9sekkel \u00e9s ikonikus Warhammer koponya szimb\u00f3lummal.","og_url":"https:\/\/hammertimecafe.hu\/en\/product\/warhammer-dice-set\/","og_site_name":"HammerTime Cafe Webshop","article_modified_time":"2026-04-15T15:40:37+00:00","og_image":[{"width":1840,"height":1900,"url":"https:\/\/hammertimecafe.hu\/app\/uploads\/2026\/03\/Warhammer-Dice-Set.jpg","type":"image\/jpeg"}],"twitter_card":"summary_large_image","twitter_misc":{"Est. reading time":"1 minute"},"schema":{"@context":"https:\/\/schema.org","@graph":[{"@type":"WebPage","@id":"https:\/\/hammertimecafe.hu\/termek\/warhammer-dice-set\/","url":"https:\/\/hammertimecafe.hu\/termek\/warhammer-dice-set\/","name":"WARHAMMER DICE SET - HammerTime Cafe Webshop","isPartOf":{"@id":"https:\/\/hammertimecafe.hu\/#website"},"primaryImageOfPage":{"@id":"https:\/\/hammertimecafe.hu\/termek\/warhammer-dice-set\/#primaryimage"},"image":{"@id":"https:\/\/hammertimecafe.hu\/termek\/warhammer-dice-set\/#primaryimage"},"thumbnailUrl":"https:\/\/hammertimecafe.hu\/app\/uploads\/2026\/03\/Warhammer-Dice-Set.jpg","datePublished":"2026-03-21T09:12:17+00:00","dateModified":"2026-04-15T15:40:37+00:00","description":"WARHAMMER DICE SET 20 darab csontsz\u00edn\u0171 dob\u00f3kock\u00e1val, fekete jel\u00f6l\u00e9sekkel \u00e9s ikonikus Warhammer koponya szimb\u00f3lummal.","breadcrumb":{"@id":"https:\/\/hammertimecafe.hu\/termek\/warhammer-dice-set\/#breadcrumb"},"inLanguage":"en-US","potentialAction":[{"@type":"ReadAction","target":["https:\/\/hammertimecafe.hu\/termek\/warhammer-dice-set\/"]}]},{"@type":"ImageObject","inLanguage":"en-US","@id":"https:\/\/hammertimecafe.hu\/termek\/warhammer-dice-set\/#primaryimage","url":"https:\/\/hammertimecafe.hu\/app\/uploads\/2026\/03\/Warhammer-Dice-Set.jpg","contentUrl":"https:\/\/hammertimecafe.hu\/app\/uploads\/2026\/03\/Warhammer-Dice-Set.jpg","width":1840,"height":1900,"caption":"Warhammer Dice Set"},{"@type":"BreadcrumbList","@id":"https:\/\/hammertimecafe.hu\/termek\/warhammer-dice-set\/#breadcrumb","itemListElement":[{"@type":"ListItem","position":1,"name":"Home","item":"https:\/\/hammertimecafe.hu\/"},{"@type":"ListItem","position":2,"name":"Shop","item":"https:\/\/hammertimecafe.hu\/uzlet\/"},{"@type":"ListItem","position":3,"name":"WARHAMMER DICE SET"}]},{"@type":"WebSite","@id":"https:\/\/hammertimecafe.hu\/#website","url":"https:\/\/hammertimecafe.hu\/","name":"Hammertimecafe","description":"The Official Website and Webshop of HammerTime Cafe.","publisher":{"@id":"https:\/\/hammertimecafe.hu\/#organization"},"potentialAction":[{"@type":"SearchAction","target":{"@type":"EntryPoint","urlTemplate":"https:\/\/hammertimecafe.hu\/?s={search_term_string}"},"query-input":{"@type":"PropertyValueSpecification","valueRequired":true,"valueName":"search_term_string"}}],"inLanguage":"en-US"},{"@type":"Organization","@id":"https:\/\/hammertimecafe.hu\/#organization","name":"Hammertimecafe","url":"https:\/\/hammertimecafe.hu\/","logo":{"@type":"ImageObject","inLanguage":"en-US","@id":"https:\/\/hammertimecafe.hu\/#\/schema\/logo\/image\/","url":"https:\/\/htcwoo.test\/app\/uploads\/2025\/08\/logo_of_htc.png","contentUrl":"https:\/\/htcwoo.test\/app\/uploads\/2025\/08\/logo_of_htc.png","width":166,"height":73,"caption":"Hammertimecafe"},"image":{"@id":"https:\/\/hammertimecafe.hu\/#\/schema\/logo\/image\/"}}]}},"_links":{"self":[{"href":"https:\/\/hammertimecafe.hu\/en\/wp-json\/wp\/v2\/product\/28117","targetHints":{"allow":["GET"]}}],"collection":[{"href":"https:\/\/hammertimecafe.hu\/en\/wp-json\/wp\/v2\/product"}],"about":[{"href":"https:\/\/hammertimecafe.hu\/en\/wp-json\/wp\/v2\/types\/product"}],"replies":[{"embeddable":true,"href":"https:\/\/hammertimecafe.hu\/en\/wp-json\/wp\/v2\/comments?post=28117"}],"wp:featuredmedia":[{"embeddable":true,"href":"https:\/\/hammertimecafe.hu\/en\/wp-json\/wp\/v2\/media\/28187"}],"wp:attachment":[{"href":"https:\/\/hammertimecafe.hu\/en\/wp-json\/wp\/v2\/media?parent=28117"}],"wp:term":[{"taxonomy":"product_brand","embeddable":true,"href":"https:\/\/hammertimecafe.hu\/en\/wp-json\/wp\/v2\/product_brand?post=28117"},{"taxonomy":"product_cat","embeddable":true,"href":"https:\/\/hammertimecafe.hu\/en\/wp-json\/wp\/v2\/product_cat?post=28117"},{"taxonomy":"product_tag","embeddable":true,"href":"https:\/\/hammertimecafe.hu\/en\/wp-json\/wp\/v2\/product_tag?post=28117"}],"curies":[{"name":"wp","href":"https:\/\/api.w.org\/{rel}","templated":true}]}}