{"id":28118,"date":"2026-03-21T10:12:15","date_gmt":"2026-03-21T09:12:15","guid":{"rendered":"https:\/\/hammertimecafe.hu\/?post_type=product&#038;p=28118"},"modified":"2026-04-20T17:26:41","modified_gmt":"2026-04-20T15:26:41","slug":"warhammer-colour-painting-handle-mk3","status":"publish","type":"product","link":"https:\/\/hammertimecafe.hu\/en\/product\/warhammer-colour-painting-handle-mk3\/","title":{"rendered":"WARHAMMER COLOUR: PAINTING HANDLE MK3"},"content":{"rendered":"<p>A WARHAMMER COLOUR: PAINTING HANDLE MK3 ide\u00e1lis eszk\u00f6z a Warhammer miniat\u00far\u00e1k prec\u00edz fest\u00e9s\u00e9hez. A WARHAMMER COLOUR: PAINTING HANDLE MK3 stabil tart\u00e1st biztos\u00edt, \u00edgy a legapr\u00f3bb r\u00e9szletek fest\u00e9se is k\u00e9nyelmesebb \u00e9s pontosabb lesz.<\/p>\n<p>Ez a fest\u0151markolat egy egyszer\u0171s\u00edtett, m\u00e9gis strapab\u00edr\u00f3 v\u00e1ltozata a klasszikus Warhammer fest\u0151fog\u00f3nak. A WARHAMMER COLOUR: PAINTING HANDLE MK3 s\u00farl\u00f3d\u00e1sos r\u00f6gz\u00edt\u00e9ssel tartja a 25 mm \u00e9s 40 mm k\u00f6z\u00f6tti talpakkal rendelkez\u0151 figur\u00e1kat.<\/p>\n<p>A k\u00f6nny\u0171 m\u0171anyag kialak\u00edt\u00e1s hosszabb fest\u00e9si munk\u00e1k sor\u00e1n is k\u00e9nyelmes haszn\u00e1latot biztos\u00edt. A WARHAMMER COLOUR: PAINTING HANDLE MK3 k\u00fcl\u00f6n\u00f6sen praktikus v\u00e1laszt\u00e1s, ha egyszerre sok miniat\u00far\u00e1t szeretn\u00e9l festeni.<\/p>\n<p>A markolaton tal\u00e1lhat\u00f3 egy k\u00fcl\u00f6n ny\u00edl\u00e1s is a Sub-assembly Holder sz\u00e1m\u00e1ra. \u00cdgy a WARHAMMER COLOUR: PAINTING HANDLE MK3 seg\u00edts\u00e9g\u00e9vel a kisebb alkatr\u00e9szek fest\u00e9se is egyszer\u0171bb\u00e9 v\u00e1lik.<\/p>\n<p>Az el\u0151rendel\u00e9si peri\u00f3dus 2026. 03. 21-\u00e9n indul, a term\u00e9k 2026. 04. 04-t\u0151l vehet\u0151 \u00e1t.<\/p>","protected":false},"excerpt":{"rendered":"<p>A WARHAMMER COLOUR: PAINTING HANDLE MK3 ide\u00e1lis eszk\u00f6z a Warhammer miniat\u00far\u00e1k prec\u00edz fest\u00e9s\u00e9hez. A WARHAMMER COLOUR: PAINTING HANDLE MK3 stabil tart\u00e1st biztos\u00edt, \u00edgy a legapr\u00f3bb r\u00e9szletek fest\u00e9se is k\u00e9nyelmesebb \u00e9s pontosabb lesz.<\/p>","protected":false},"featured_media":28189,"comment_status":"open","ping_status":"closed","template":"","meta":{"_acf_changed":false},"product_brand":[46],"product_cat":[134,127],"product_tag":[],"class_list":{"0":"post-28118","1":"product","2":"type-product","3":"status-publish","4":"has-post-thumbnail","6":"product_brand-games-workshop","7":"product_cat-ecsetek-es-eszkozok","8":"product_cat-festekek-es-eszkozok","10":"first","11":"instock","12":"sale","13":"taxable","14":"shipping-taxable","15":"purchasable","16":"product-type-simple"},"acf":[],"yoast_head":"<!-- This site is optimized with the Yoast SEO Premium plugin v25.6 (Yoast SEO v25.6) - https:\/\/yoast.com\/wordpress\/plugins\/seo\/ -->\n<title>WARHAMMER COLOUR: PAINTING HANDLE MK3 - HammerTime Cafe Webshop<\/title>\n<meta name=\"description\" content=\"WARHAMMER COLOUR: PAINTING HANDLE MK3 fest\u0151markolat Warhammer figur\u00e1khoz, stabil fog\u00e1ssal \u00e9s 25\u201340 mm talpakhoz.\" \/>\n<meta name=\"robots\" content=\"index, follow, max-snippet:-1, max-image-preview:large, max-video-preview:-1\" \/>\n<link rel=\"canonical\" href=\"https:\/\/hammertimecafe.hu\/en\/product\/warhammer-colour-painting-handle-mk3\/\" \/>\n<meta property=\"og:locale\" content=\"en_US\" \/>\n<meta property=\"og:type\" content=\"article\" \/>\n<meta property=\"og:title\" content=\"WARHAMMER COLOUR: PAINTING HANDLE MK3\" \/>\n<meta property=\"og:description\" content=\"WARHAMMER COLOUR: PAINTING HANDLE MK3 fest\u0151markolat Warhammer figur\u00e1khoz, stabil fog\u00e1ssal \u00e9s 25\u201340 mm talpakhoz.\" \/>\n<meta property=\"og:url\" content=\"https:\/\/hammertimecafe.hu\/en\/product\/warhammer-colour-painting-handle-mk3\/\" \/>\n<meta property=\"og:site_name\" content=\"HammerTime Cafe Webshop\" \/>\n<meta property=\"article:modified_time\" content=\"2026-04-20T15:26:41+00:00\" \/>\n<meta property=\"og:image\" content=\"https:\/\/hammertimecafe.hu\/app\/uploads\/2026\/03\/Warhammer-Colour-Painting-Handle-MK3.jpg\" \/>\n\t<meta property=\"og:image:width\" content=\"1840\" \/>\n\t<meta property=\"og:image:height\" content=\"1900\" \/>\n\t<meta property=\"og:image:type\" content=\"image\/jpeg\" \/>\n<meta name=\"twitter:card\" content=\"summary_large_image\" \/>\n<meta name=\"twitter:label1\" content=\"Est. reading time\" \/>\n\t<meta name=\"twitter:data1\" content=\"1 minute\" \/>\n<script type=\"application\/ld+json\" class=\"yoast-schema-graph\">{\"@context\":\"https:\/\/schema.org\",\"@graph\":[{\"@type\":\"WebPage\",\"@id\":\"https:\/\/hammertimecafe.hu\/termek\/warhammer-colour-painting-handle-mk3\/\",\"url\":\"https:\/\/hammertimecafe.hu\/termek\/warhammer-colour-painting-handle-mk3\/\",\"name\":\"WARHAMMER COLOUR: PAINTING HANDLE MK3 - HammerTime Cafe Webshop\",\"isPartOf\":{\"@id\":\"https:\/\/hammertimecafe.hu\/#website\"},\"primaryImageOfPage\":{\"@id\":\"https:\/\/hammertimecafe.hu\/termek\/warhammer-colour-painting-handle-mk3\/#primaryimage\"},\"image\":{\"@id\":\"https:\/\/hammertimecafe.hu\/termek\/warhammer-colour-painting-handle-mk3\/#primaryimage\"},\"thumbnailUrl\":\"https:\/\/hammertimecafe.hu\/app\/uploads\/2026\/03\/Warhammer-Colour-Painting-Handle-MK3.jpg\",\"datePublished\":\"2026-03-21T09:12:15+00:00\",\"dateModified\":\"2026-04-20T15:26:41+00:00\",\"description\":\"WARHAMMER COLOUR: PAINTING HANDLE MK3 fest\u0151markolat Warhammer figur\u00e1khoz, stabil fog\u00e1ssal \u00e9s 25\u201340 mm talpakhoz.\",\"breadcrumb\":{\"@id\":\"https:\/\/hammertimecafe.hu\/termek\/warhammer-colour-painting-handle-mk3\/#breadcrumb\"},\"inLanguage\":\"en-US\",\"potentialAction\":[{\"@type\":\"ReadAction\",\"target\":[\"https:\/\/hammertimecafe.hu\/termek\/warhammer-colour-painting-handle-mk3\/\"]}]},{\"@type\":\"ImageObject\",\"inLanguage\":\"en-US\",\"@id\":\"https:\/\/hammertimecafe.hu\/termek\/warhammer-colour-painting-handle-mk3\/#primaryimage\",\"url\":\"https:\/\/hammertimecafe.hu\/app\/uploads\/2026\/03\/Warhammer-Colour-Painting-Handle-MK3.jpg\",\"contentUrl\":\"https:\/\/hammertimecafe.hu\/app\/uploads\/2026\/03\/Warhammer-Colour-Painting-Handle-MK3.jpg\",\"width\":1840,\"height\":1900,\"caption\":\"Warhammer Colour Painting Handle MK3\"},{\"@type\":\"BreadcrumbList\",\"@id\":\"https:\/\/hammertimecafe.hu\/termek\/warhammer-colour-painting-handle-mk3\/#breadcrumb\",\"itemListElement\":[{\"@type\":\"ListItem\",\"position\":1,\"name\":\"Home\",\"item\":\"https:\/\/hammertimecafe.hu\/\"},{\"@type\":\"ListItem\",\"position\":2,\"name\":\"Shop\",\"item\":\"https:\/\/hammertimecafe.hu\/uzlet\/\"},{\"@type\":\"ListItem\",\"position\":3,\"name\":\"WARHAMMER COLOUR: PAINTING HANDLE MK3\"}]},{\"@type\":\"WebSite\",\"@id\":\"https:\/\/hammertimecafe.hu\/#website\",\"url\":\"https:\/\/hammertimecafe.hu\/\",\"name\":\"Hammertimecafe\",\"description\":\"A HammerTime Cafe Hivatalos Weboldala \u00e9s Webshopja.\",\"publisher\":{\"@id\":\"https:\/\/hammertimecafe.hu\/#organization\"},\"potentialAction\":[{\"@type\":\"SearchAction\",\"target\":{\"@type\":\"EntryPoint\",\"urlTemplate\":\"https:\/\/hammertimecafe.hu\/?s={search_term_string}\"},\"query-input\":{\"@type\":\"PropertyValueSpecification\",\"valueRequired\":true,\"valueName\":\"search_term_string\"}}],\"inLanguage\":\"en-US\"},{\"@type\":\"Organization\",\"@id\":\"https:\/\/hammertimecafe.hu\/#organization\",\"name\":\"Hammertimecafe\",\"url\":\"https:\/\/hammertimecafe.hu\/\",\"logo\":{\"@type\":\"ImageObject\",\"inLanguage\":\"en-US\",\"@id\":\"https:\/\/hammertimecafe.hu\/#\/schema\/logo\/image\/\",\"url\":\"https:\/\/htcwoo.test\/app\/uploads\/2025\/08\/logo_of_htc.png\",\"contentUrl\":\"https:\/\/htcwoo.test\/app\/uploads\/2025\/08\/logo_of_htc.png\",\"width\":166,\"height\":73,\"caption\":\"Hammertimecafe\"},\"image\":{\"@id\":\"https:\/\/hammertimecafe.hu\/#\/schema\/logo\/image\/\"}}]}<\/script>\n<!-- \/ Yoast SEO Premium plugin. -->","yoast_head_json":{"title":"WARHAMMER COLOUR: PAINTING HANDLE MK3 - HammerTime Cafe Webshop","description":"WARHAMMER COLOUR: PAINTING HANDLE MK3 fest\u0151markolat Warhammer figur\u00e1khoz, stabil fog\u00e1ssal \u00e9s 25\u201340 mm talpakhoz.","robots":{"index":"index","follow":"follow","max-snippet":"max-snippet:-1","max-image-preview":"max-image-preview:large","max-video-preview":"max-video-preview:-1"},"canonical":"https:\/\/hammertimecafe.hu\/en\/product\/warhammer-colour-painting-handle-mk3\/","og_locale":"en_US","og_type":"article","og_title":"WARHAMMER COLOUR: PAINTING HANDLE MK3","og_description":"WARHAMMER COLOUR: PAINTING HANDLE MK3 fest\u0151markolat Warhammer figur\u00e1khoz, stabil fog\u00e1ssal \u00e9s 25\u201340 mm talpakhoz.","og_url":"https:\/\/hammertimecafe.hu\/en\/product\/warhammer-colour-painting-handle-mk3\/","og_site_name":"HammerTime Cafe Webshop","article_modified_time":"2026-04-20T15:26:41+00:00","og_image":[{"width":1840,"height":1900,"url":"https:\/\/hammertimecafe.hu\/app\/uploads\/2026\/03\/Warhammer-Colour-Painting-Handle-MK3.jpg","type":"image\/jpeg"}],"twitter_card":"summary_large_image","twitter_misc":{"Est. reading time":"1 minute"},"schema":{"@context":"https:\/\/schema.org","@graph":[{"@type":"WebPage","@id":"https:\/\/hammertimecafe.hu\/termek\/warhammer-colour-painting-handle-mk3\/","url":"https:\/\/hammertimecafe.hu\/termek\/warhammer-colour-painting-handle-mk3\/","name":"WARHAMMER COLOUR: PAINTING HANDLE MK3 - HammerTime Cafe Webshop","isPartOf":{"@id":"https:\/\/hammertimecafe.hu\/#website"},"primaryImageOfPage":{"@id":"https:\/\/hammertimecafe.hu\/termek\/warhammer-colour-painting-handle-mk3\/#primaryimage"},"image":{"@id":"https:\/\/hammertimecafe.hu\/termek\/warhammer-colour-painting-handle-mk3\/#primaryimage"},"thumbnailUrl":"https:\/\/hammertimecafe.hu\/app\/uploads\/2026\/03\/Warhammer-Colour-Painting-Handle-MK3.jpg","datePublished":"2026-03-21T09:12:15+00:00","dateModified":"2026-04-20T15:26:41+00:00","description":"WARHAMMER COLOUR: PAINTING HANDLE MK3 fest\u0151markolat Warhammer figur\u00e1khoz, stabil fog\u00e1ssal \u00e9s 25\u201340 mm talpakhoz.","breadcrumb":{"@id":"https:\/\/hammertimecafe.hu\/termek\/warhammer-colour-painting-handle-mk3\/#breadcrumb"},"inLanguage":"en-US","potentialAction":[{"@type":"ReadAction","target":["https:\/\/hammertimecafe.hu\/termek\/warhammer-colour-painting-handle-mk3\/"]}]},{"@type":"ImageObject","inLanguage":"en-US","@id":"https:\/\/hammertimecafe.hu\/termek\/warhammer-colour-painting-handle-mk3\/#primaryimage","url":"https:\/\/hammertimecafe.hu\/app\/uploads\/2026\/03\/Warhammer-Colour-Painting-Handle-MK3.jpg","contentUrl":"https:\/\/hammertimecafe.hu\/app\/uploads\/2026\/03\/Warhammer-Colour-Painting-Handle-MK3.jpg","width":1840,"height":1900,"caption":"Warhammer Colour Painting Handle MK3"},{"@type":"BreadcrumbList","@id":"https:\/\/hammertimecafe.hu\/termek\/warhammer-colour-painting-handle-mk3\/#breadcrumb","itemListElement":[{"@type":"ListItem","position":1,"name":"Home","item":"https:\/\/hammertimecafe.hu\/"},{"@type":"ListItem","position":2,"name":"Shop","item":"https:\/\/hammertimecafe.hu\/uzlet\/"},{"@type":"ListItem","position":3,"name":"WARHAMMER COLOUR: PAINTING HANDLE MK3"}]},{"@type":"WebSite","@id":"https:\/\/hammertimecafe.hu\/#website","url":"https:\/\/hammertimecafe.hu\/","name":"Hammertimecafe","description":"The Official Website and Webshop of HammerTime Cafe.","publisher":{"@id":"https:\/\/hammertimecafe.hu\/#organization"},"potentialAction":[{"@type":"SearchAction","target":{"@type":"EntryPoint","urlTemplate":"https:\/\/hammertimecafe.hu\/?s={search_term_string}"},"query-input":{"@type":"PropertyValueSpecification","valueRequired":true,"valueName":"search_term_string"}}],"inLanguage":"en-US"},{"@type":"Organization","@id":"https:\/\/hammertimecafe.hu\/#organization","name":"Hammertimecafe","url":"https:\/\/hammertimecafe.hu\/","logo":{"@type":"ImageObject","inLanguage":"en-US","@id":"https:\/\/hammertimecafe.hu\/#\/schema\/logo\/image\/","url":"https:\/\/htcwoo.test\/app\/uploads\/2025\/08\/logo_of_htc.png","contentUrl":"https:\/\/htcwoo.test\/app\/uploads\/2025\/08\/logo_of_htc.png","width":166,"height":73,"caption":"Hammertimecafe"},"image":{"@id":"https:\/\/hammertimecafe.hu\/#\/schema\/logo\/image\/"}}]}},"_links":{"self":[{"href":"https:\/\/hammertimecafe.hu\/en\/wp-json\/wp\/v2\/product\/28118","targetHints":{"allow":["GET"]}}],"collection":[{"href":"https:\/\/hammertimecafe.hu\/en\/wp-json\/wp\/v2\/product"}],"about":[{"href":"https:\/\/hammertimecafe.hu\/en\/wp-json\/wp\/v2\/types\/product"}],"replies":[{"embeddable":true,"href":"https:\/\/hammertimecafe.hu\/en\/wp-json\/wp\/v2\/comments?post=28118"}],"wp:featuredmedia":[{"embeddable":true,"href":"https:\/\/hammertimecafe.hu\/en\/wp-json\/wp\/v2\/media\/28189"}],"wp:attachment":[{"href":"https:\/\/hammertimecafe.hu\/en\/wp-json\/wp\/v2\/media?parent=28118"}],"wp:term":[{"taxonomy":"product_brand","embeddable":true,"href":"https:\/\/hammertimecafe.hu\/en\/wp-json\/wp\/v2\/product_brand?post=28118"},{"taxonomy":"product_cat","embeddable":true,"href":"https:\/\/hammertimecafe.hu\/en\/wp-json\/wp\/v2\/product_cat?post=28118"},{"taxonomy":"product_tag","embeddable":true,"href":"https:\/\/hammertimecafe.hu\/en\/wp-json\/wp\/v2\/product_tag?post=28118"}],"curies":[{"name":"wp","href":"https:\/\/api.w.org\/{rel}","templated":true}]}}