{"id":28266,"date":"2026-03-28T10:00:49","date_gmt":"2026-03-28T09:00:49","guid":{"rendered":"https:\/\/hammertimecafe.hu\/?post_type=product&#038;p=28266"},"modified":"2026-04-19T20:37:27","modified_gmt":"2026-04-19T18:37:27","slug":"sylvaneth-strongroot-grove","status":"publish","type":"product","link":"https:\/\/hammertimecafe.hu\/en\/product\/sylvaneth-strongroot-grove\/","title":{"rendered":"SYLVANETH: STRONGROOT GROVE"},"content":{"rendered":"<p>A SYLVANETH: STRONGROOT GROVE egy leny\u0171g\u00f6z\u0151 Sylvaneth battleforce, amely az erd\u0151k leg\u0151sibb \u00e9s leger\u0151sebb l\u00e9nyeit hozza el a csatat\u00e9rre. A SYLVANETH: STRONGROOT GROVE t\u00f6k\u00e9letes v\u00e1laszt\u00e1s azok sz\u00e1m\u00e1ra, akik massz\u00edv \u00e9s ikonikus egys\u00e9gekkel szeretn\u00e9k b\u0151v\u00edteni sereg\u00fcket.<\/p>\n<p>A k\u00e9szlet h\u00e1rom hatalmas Treelord modellt tartalmaz, amelyek t\u00f6bbf\u00e9lek\u00e9ppen is \u00f6ssze\u00e9p\u00edthet\u0151k. A SYLVANETH: STRONGROOT GROVE lehet\u0151s\u00e9get ad arra, hogy ezeket Treelord Ancient vagy Spirit of Durthu v\u00e1ltozatk\u00e9nt is elk\u00e9sz\u00edtsd.<\/p>\n<p>A dobozban hat Kurnoth Hunters is tal\u00e1lhat\u00f3, amelyek k\u00fcl\u00f6nb\u00f6z\u0151 fegyverekkel szerelhet\u0151k fel. A SYLVANETH: STRONGROOT GROVE egys\u00e9gei greatsword, greatscythe vagy greatbow opci\u00f3kkal is \u00e9p\u00edthet\u0151k, \u00edgy teljes m\u00e9rt\u00e9kben testreszabhatod hadseregedet.<\/p>\n<p>A Spirit of Durthu egy k\u00fcl\u00f6n\u00f6sen f\u00e9lelmetes entit\u00e1s, amely puszt\u00edt\u00f3 er\u0151vel s\u00fajt le az ellens\u00e9gre Alarielle nev\u00e9ben. A SYLVANETH: STRONGROOT GROVE t\u00f6k\u00e9letes v\u00e1laszt\u00e1s minden Age of Sigmar j\u00e1t\u00e9kos sz\u00e1m\u00e1ra, aki egy er\u0151teljes \u00e9s l\u00e1tv\u00e1nyos sereget szeretne.<\/p>\n<p>The miniatures require assembly and painting.<br \/>\nProduct language: English.<br \/>\nA term\u00e9k limit\u00e1lt, a rendel\u00e9seket \u00e9rkez\u00e9si sorrendben szolg\u00e1ljuk ki.<br \/>\nAz el\u0151rendel\u00e9si peri\u00f3dus 2026. 03. 28-\u00e1n indul, a term\u00e9k 2026. 04. 11-t\u0151l vehet\u0151 \u00e1t.<\/p>","protected":false},"excerpt":{"rendered":"<p>A SYLVANETH: STRONGROOT GROVE egy leny\u0171g\u00f6z\u0151 Sylvaneth battleforce, amely az erd\u0151k leg\u0151sibb \u00e9s leger\u0151sebb l\u00e9nyeit hozza el a csatat\u00e9rre. A SYLVANETH: STRONGROOT GROVE t\u00f6k\u00e9letes v\u00e1laszt\u00e1s azok sz\u00e1m\u00e1ra, akik massz\u00edv \u00e9s ikonikus egys\u00e9gekkel szeretn\u00e9k b\u0151v\u00edteni sereg\u00fcket.<\/p>","protected":false},"featured_media":28549,"comment_status":"open","ping_status":"closed","template":"","meta":{"_acf_changed":false},"product_brand":[46],"product_cat":[119,145,19,42],"product_tag":[],"class_list":{"0":"post-28266","1":"product","2":"type-product","3":"status-publish","4":"has-post-thumbnail","6":"product_brand-games-workshop","7":"product_cat-grand-alliance-order","8":"product_cat-sylvaneth","9":"product_cat-wargame","10":"product_cat-warhammer-age-of-sigmar","12":"first","13":"onbackorder","14":"sale","15":"taxable","16":"shipping-taxable","17":"purchasable","18":"product-type-simple"},"acf":[],"yoast_head":"<!-- This site is optimized with the Yoast SEO Premium plugin v25.6 (Yoast SEO v25.6) - https:\/\/yoast.com\/wordpress\/plugins\/seo\/ -->\n<title>SYLVANETH: STRONGROOT GROVE - HammerTime Cafe Webshop<\/title>\n<meta name=\"description\" content=\"SYLVANETH: STRONGROOT GROVE battleforce Treelordokkal \u00e9s Kurnoth Hunters egys\u00e9gekkel, t\u00f6bb fegyveropci\u00f3val \u00e9s vari\u00e1ci\u00f3val.\" \/>\n<meta name=\"robots\" content=\"index, follow, max-snippet:-1, max-image-preview:large, max-video-preview:-1\" \/>\n<link rel=\"canonical\" href=\"https:\/\/hammertimecafe.hu\/en\/product\/sylvaneth-strongroot-grove\/\" \/>\n<meta property=\"og:locale\" content=\"en_US\" \/>\n<meta property=\"og:type\" content=\"article\" \/>\n<meta property=\"og:title\" content=\"SYLVANETH: STRONGROOT GROVE\" \/>\n<meta property=\"og:description\" content=\"SYLVANETH: STRONGROOT GROVE battleforce Treelordokkal \u00e9s Kurnoth Hunters egys\u00e9gekkel, t\u00f6bb fegyveropci\u00f3val \u00e9s vari\u00e1ci\u00f3val.\" \/>\n<meta property=\"og:url\" content=\"https:\/\/hammertimecafe.hu\/en\/product\/sylvaneth-strongroot-grove\/\" \/>\n<meta property=\"og:site_name\" content=\"HammerTime Cafe Webshop\" \/>\n<meta property=\"article:modified_time\" content=\"2026-04-19T18:37:27+00:00\" \/>\n<meta property=\"og:image\" content=\"https:\/\/hammertimecafe.hu\/app\/uploads\/2026\/03\/Sylvaneth-Strongroot-Grove.jpg\" \/>\n\t<meta property=\"og:image:width\" content=\"1840\" \/>\n\t<meta property=\"og:image:height\" content=\"1900\" \/>\n\t<meta property=\"og:image:type\" content=\"image\/jpeg\" \/>\n<meta name=\"twitter:card\" content=\"summary_large_image\" \/>\n<meta name=\"twitter:label1\" content=\"Est. reading time\" \/>\n\t<meta name=\"twitter:data1\" content=\"2 minutes\" \/>\n<script type=\"application\/ld+json\" class=\"yoast-schema-graph\">{\"@context\":\"https:\/\/schema.org\",\"@graph\":[{\"@type\":\"WebPage\",\"@id\":\"https:\/\/hammertimecafe.hu\/termek\/sylvaneth-strongroot-grove\/\",\"url\":\"https:\/\/hammertimecafe.hu\/termek\/sylvaneth-strongroot-grove\/\",\"name\":\"SYLVANETH: STRONGROOT GROVE - HammerTime Cafe Webshop\",\"isPartOf\":{\"@id\":\"https:\/\/hammertimecafe.hu\/#website\"},\"primaryImageOfPage\":{\"@id\":\"https:\/\/hammertimecafe.hu\/termek\/sylvaneth-strongroot-grove\/#primaryimage\"},\"image\":{\"@id\":\"https:\/\/hammertimecafe.hu\/termek\/sylvaneth-strongroot-grove\/#primaryimage\"},\"thumbnailUrl\":\"https:\/\/hammertimecafe.hu\/app\/uploads\/2026\/03\/Sylvaneth-Strongroot-Grove.jpg\",\"datePublished\":\"2026-03-28T09:00:49+00:00\",\"dateModified\":\"2026-04-19T18:37:27+00:00\",\"description\":\"SYLVANETH: STRONGROOT GROVE battleforce Treelordokkal \u00e9s Kurnoth Hunters egys\u00e9gekkel, t\u00f6bb fegyveropci\u00f3val \u00e9s vari\u00e1ci\u00f3val.\",\"breadcrumb\":{\"@id\":\"https:\/\/hammertimecafe.hu\/termek\/sylvaneth-strongroot-grove\/#breadcrumb\"},\"inLanguage\":\"en-US\",\"potentialAction\":[{\"@type\":\"ReadAction\",\"target\":[\"https:\/\/hammertimecafe.hu\/termek\/sylvaneth-strongroot-grove\/\"]}]},{\"@type\":\"ImageObject\",\"inLanguage\":\"en-US\",\"@id\":\"https:\/\/hammertimecafe.hu\/termek\/sylvaneth-strongroot-grove\/#primaryimage\",\"url\":\"https:\/\/hammertimecafe.hu\/app\/uploads\/2026\/03\/Sylvaneth-Strongroot-Grove.jpg\",\"contentUrl\":\"https:\/\/hammertimecafe.hu\/app\/uploads\/2026\/03\/Sylvaneth-Strongroot-Grove.jpg\",\"width\":1840,\"height\":1900,\"caption\":\"Sylvaneth Strongroot Grove\"},{\"@type\":\"BreadcrumbList\",\"@id\":\"https:\/\/hammertimecafe.hu\/termek\/sylvaneth-strongroot-grove\/#breadcrumb\",\"itemListElement\":[{\"@type\":\"ListItem\",\"position\":1,\"name\":\"Home\",\"item\":\"https:\/\/hammertimecafe.hu\/\"},{\"@type\":\"ListItem\",\"position\":2,\"name\":\"Shop\",\"item\":\"https:\/\/hammertimecafe.hu\/uzlet\/\"},{\"@type\":\"ListItem\",\"position\":3,\"name\":\"SYLVANETH: STRONGROOT GROVE\"}]},{\"@type\":\"WebSite\",\"@id\":\"https:\/\/hammertimecafe.hu\/#website\",\"url\":\"https:\/\/hammertimecafe.hu\/\",\"name\":\"Hammertimecafe\",\"description\":\"A HammerTime Cafe Hivatalos Weboldala \u00e9s Webshopja.\",\"publisher\":{\"@id\":\"https:\/\/hammertimecafe.hu\/#organization\"},\"potentialAction\":[{\"@type\":\"SearchAction\",\"target\":{\"@type\":\"EntryPoint\",\"urlTemplate\":\"https:\/\/hammertimecafe.hu\/?s={search_term_string}\"},\"query-input\":{\"@type\":\"PropertyValueSpecification\",\"valueRequired\":true,\"valueName\":\"search_term_string\"}}],\"inLanguage\":\"en-US\"},{\"@type\":\"Organization\",\"@id\":\"https:\/\/hammertimecafe.hu\/#organization\",\"name\":\"Hammertimecafe\",\"url\":\"https:\/\/hammertimecafe.hu\/\",\"logo\":{\"@type\":\"ImageObject\",\"inLanguage\":\"en-US\",\"@id\":\"https:\/\/hammertimecafe.hu\/#\/schema\/logo\/image\/\",\"url\":\"https:\/\/htcwoo.test\/app\/uploads\/2025\/08\/logo_of_htc.png\",\"contentUrl\":\"https:\/\/htcwoo.test\/app\/uploads\/2025\/08\/logo_of_htc.png\",\"width\":166,\"height\":73,\"caption\":\"Hammertimecafe\"},\"image\":{\"@id\":\"https:\/\/hammertimecafe.hu\/#\/schema\/logo\/image\/\"}}]}<\/script>\n<!-- \/ Yoast SEO Premium plugin. -->","yoast_head_json":{"title":"SYLVANETH: STRONGROOT GROVE - HammerTime Cafe Webshop","description":"SYLVANETH: STRONGROOT GROVE battleforce Treelordokkal \u00e9s Kurnoth Hunters egys\u00e9gekkel, t\u00f6bb fegyveropci\u00f3val \u00e9s vari\u00e1ci\u00f3val.","robots":{"index":"index","follow":"follow","max-snippet":"max-snippet:-1","max-image-preview":"max-image-preview:large","max-video-preview":"max-video-preview:-1"},"canonical":"https:\/\/hammertimecafe.hu\/en\/product\/sylvaneth-strongroot-grove\/","og_locale":"en_US","og_type":"article","og_title":"SYLVANETH: STRONGROOT GROVE","og_description":"SYLVANETH: STRONGROOT GROVE battleforce Treelordokkal \u00e9s Kurnoth Hunters egys\u00e9gekkel, t\u00f6bb fegyveropci\u00f3val \u00e9s vari\u00e1ci\u00f3val.","og_url":"https:\/\/hammertimecafe.hu\/en\/product\/sylvaneth-strongroot-grove\/","og_site_name":"HammerTime Cafe Webshop","article_modified_time":"2026-04-19T18:37:27+00:00","og_image":[{"width":1840,"height":1900,"url":"https:\/\/hammertimecafe.hu\/app\/uploads\/2026\/03\/Sylvaneth-Strongroot-Grove.jpg","type":"image\/jpeg"}],"twitter_card":"summary_large_image","twitter_misc":{"Est. reading time":"2 minutes"},"schema":{"@context":"https:\/\/schema.org","@graph":[{"@type":"WebPage","@id":"https:\/\/hammertimecafe.hu\/termek\/sylvaneth-strongroot-grove\/","url":"https:\/\/hammertimecafe.hu\/termek\/sylvaneth-strongroot-grove\/","name":"SYLVANETH: STRONGROOT GROVE - HammerTime Cafe Webshop","isPartOf":{"@id":"https:\/\/hammertimecafe.hu\/#website"},"primaryImageOfPage":{"@id":"https:\/\/hammertimecafe.hu\/termek\/sylvaneth-strongroot-grove\/#primaryimage"},"image":{"@id":"https:\/\/hammertimecafe.hu\/termek\/sylvaneth-strongroot-grove\/#primaryimage"},"thumbnailUrl":"https:\/\/hammertimecafe.hu\/app\/uploads\/2026\/03\/Sylvaneth-Strongroot-Grove.jpg","datePublished":"2026-03-28T09:00:49+00:00","dateModified":"2026-04-19T18:37:27+00:00","description":"SYLVANETH: STRONGROOT GROVE battleforce Treelordokkal \u00e9s Kurnoth Hunters egys\u00e9gekkel, t\u00f6bb fegyveropci\u00f3val \u00e9s vari\u00e1ci\u00f3val.","breadcrumb":{"@id":"https:\/\/hammertimecafe.hu\/termek\/sylvaneth-strongroot-grove\/#breadcrumb"},"inLanguage":"en-US","potentialAction":[{"@type":"ReadAction","target":["https:\/\/hammertimecafe.hu\/termek\/sylvaneth-strongroot-grove\/"]}]},{"@type":"ImageObject","inLanguage":"en-US","@id":"https:\/\/hammertimecafe.hu\/termek\/sylvaneth-strongroot-grove\/#primaryimage","url":"https:\/\/hammertimecafe.hu\/app\/uploads\/2026\/03\/Sylvaneth-Strongroot-Grove.jpg","contentUrl":"https:\/\/hammertimecafe.hu\/app\/uploads\/2026\/03\/Sylvaneth-Strongroot-Grove.jpg","width":1840,"height":1900,"caption":"Sylvaneth Strongroot Grove"},{"@type":"BreadcrumbList","@id":"https:\/\/hammertimecafe.hu\/termek\/sylvaneth-strongroot-grove\/#breadcrumb","itemListElement":[{"@type":"ListItem","position":1,"name":"Home","item":"https:\/\/hammertimecafe.hu\/"},{"@type":"ListItem","position":2,"name":"Shop","item":"https:\/\/hammertimecafe.hu\/uzlet\/"},{"@type":"ListItem","position":3,"name":"SYLVANETH: STRONGROOT GROVE"}]},{"@type":"WebSite","@id":"https:\/\/hammertimecafe.hu\/#website","url":"https:\/\/hammertimecafe.hu\/","name":"Hammertimecafe","description":"The Official Website and Webshop of HammerTime Cafe.","publisher":{"@id":"https:\/\/hammertimecafe.hu\/#organization"},"potentialAction":[{"@type":"SearchAction","target":{"@type":"EntryPoint","urlTemplate":"https:\/\/hammertimecafe.hu\/?s={search_term_string}"},"query-input":{"@type":"PropertyValueSpecification","valueRequired":true,"valueName":"search_term_string"}}],"inLanguage":"en-US"},{"@type":"Organization","@id":"https:\/\/hammertimecafe.hu\/#organization","name":"Hammertimecafe","url":"https:\/\/hammertimecafe.hu\/","logo":{"@type":"ImageObject","inLanguage":"en-US","@id":"https:\/\/hammertimecafe.hu\/#\/schema\/logo\/image\/","url":"https:\/\/htcwoo.test\/app\/uploads\/2025\/08\/logo_of_htc.png","contentUrl":"https:\/\/htcwoo.test\/app\/uploads\/2025\/08\/logo_of_htc.png","width":166,"height":73,"caption":"Hammertimecafe"},"image":{"@id":"https:\/\/hammertimecafe.hu\/#\/schema\/logo\/image\/"}}]}},"_links":{"self":[{"href":"https:\/\/hammertimecafe.hu\/en\/wp-json\/wp\/v2\/product\/28266","targetHints":{"allow":["GET"]}}],"collection":[{"href":"https:\/\/hammertimecafe.hu\/en\/wp-json\/wp\/v2\/product"}],"about":[{"href":"https:\/\/hammertimecafe.hu\/en\/wp-json\/wp\/v2\/types\/product"}],"replies":[{"embeddable":true,"href":"https:\/\/hammertimecafe.hu\/en\/wp-json\/wp\/v2\/comments?post=28266"}],"wp:featuredmedia":[{"embeddable":true,"href":"https:\/\/hammertimecafe.hu\/en\/wp-json\/wp\/v2\/media\/28549"}],"wp:attachment":[{"href":"https:\/\/hammertimecafe.hu\/en\/wp-json\/wp\/v2\/media?parent=28266"}],"wp:term":[{"taxonomy":"product_brand","embeddable":true,"href":"https:\/\/hammertimecafe.hu\/en\/wp-json\/wp\/v2\/product_brand?post=28266"},{"taxonomy":"product_cat","embeddable":true,"href":"https:\/\/hammertimecafe.hu\/en\/wp-json\/wp\/v2\/product_cat?post=28266"},{"taxonomy":"product_tag","embeddable":true,"href":"https:\/\/hammertimecafe.hu\/en\/wp-json\/wp\/v2\/product_tag?post=28266"}],"curies":[{"name":"wp","href":"https:\/\/api.w.org\/{rel}","templated":true}]}}