{"id":28268,"date":"2026-03-28T10:00:43","date_gmt":"2026-03-28T09:00:43","guid":{"rendered":"https:\/\/hammertimecafe.hu\/?post_type=product&#038;p=28268"},"modified":"2026-04-19T20:37:27","modified_gmt":"2026-04-19T18:37:27","slug":"sylvaneth-grove-guardian","status":"publish","type":"product","link":"https:\/\/hammertimecafe.hu\/en\/product\/sylvaneth-grove-guardian\/","title":{"rendered":"SYLVANETH: GROVE GUARDIAN"},"content":{"rendered":"<p>A SYLVANETH: GROVE GUARDIAN a Sylvaneth seregek egyik kulcsfontoss\u00e1g\u00fa t\u00e1mogat\u00f3 egys\u00e9ge, amely az \u00e9let \u00e9s \u00fajj\u00e1sz\u00fclet\u00e9s erej\u00e9t k\u00e9pviseli. A SYLVANETH: GROVE GUARDIAN a soulpod ligetek \u0151rz\u0151jek\u00e9nt szolg\u00e1l, biztos\u00edtva a Sylvaneth szellemek visszat\u00e9r\u00e9s\u00e9t a harcmez\u0151re.<\/p>\n<p>Ez a gondoskod\u00f3, m\u00e9gis haragv\u00f3 szellem k\u00e9pes meggy\u00f3gy\u00edtani sz\u00f6vets\u00e9geseit \u00e9s vissza\u00e1ll\u00edtani test\u00fck \u00e9ps\u00e9g\u00e9t. A SYLVANETH: GROVE GUARDIAN k\u00fcl\u00f6n\u00f6sen hat\u00e9kony a hosszabb csat\u00e1k sor\u00e1n, ahol a t\u00fal\u00e9l\u00e9s kulcsfontoss\u00e1g\u00fa.<\/p>\n<p>A Grove Guardian emellett f\u00f3kuszpontk\u00e9nt szolg\u00e1l az Alarielle-hez int\u00e9zett im\u00e1k sz\u00e1m\u00e1ra is. A SYLVANETH: GROVE GUARDIAN \u00edgy tov\u00e1bb er\u0151s\u00edti a Sylvaneth egys\u00e9gek term\u00e9szetes regener\u00e1ci\u00f3s k\u00e9pess\u00e9geit.<\/p>\n<p>Ha egy er\u0151s t\u00e1mogat\u00f3 egys\u00e9get keresel, amely n\u00f6veli sereged t\u00fal\u00e9l\u0151k\u00e9pess\u00e9g\u00e9t, ez a modell ide\u00e1lis v\u00e1laszt\u00e1s. A SYLVANETH: GROVE GUARDIAN t\u00f6k\u00e9letes kieg\u00e9sz\u00edt\u0151 minden Age of Sigmar j\u00e1t\u00e9kos sz\u00e1m\u00e1ra.<\/p>\n<p>The miniatures require assembly and painting.<br \/>\nProduct language: English.<br \/>\nAz el\u0151rendel\u00e9si peri\u00f3dus 2026. 03. 28-\u00e1n indul, a term\u00e9k 2026. 04. 11-t\u0151l vehet\u0151 \u00e1t.<\/p>","protected":false},"excerpt":{"rendered":"<p>A SYLVANETH: GROVE GUARDIAN a Sylvaneth seregek egyik kulcsfontoss\u00e1g\u00fa t\u00e1mogat\u00f3 egys\u00e9ge, amely az \u00e9let \u00e9s \u00fajj\u00e1sz\u00fclet\u00e9s erej\u00e9t k\u00e9pviseli. A SYLVANETH: GROVE GUARDIAN a soulpod ligetek \u0151rz\u0151jek\u00e9nt szolg\u00e1l, biztos\u00edtva a Sylvaneth szellemek visszat\u00e9r\u00e9s\u00e9t a harcmez\u0151re.<\/p>","protected":false},"featured_media":28548,"comment_status":"open","ping_status":"closed","template":"","meta":{"_acf_changed":false},"product_brand":[46],"product_cat":[119,145,19,42],"product_tag":[],"class_list":{"0":"post-28268","1":"product","2":"type-product","3":"status-publish","4":"has-post-thumbnail","6":"product_brand-games-workshop","7":"product_cat-grand-alliance-order","8":"product_cat-sylvaneth","9":"product_cat-wargame","10":"product_cat-warhammer-age-of-sigmar","12":"first","13":"onbackorder","14":"sale","15":"taxable","16":"shipping-taxable","17":"purchasable","18":"product-type-simple"},"acf":[],"yoast_head":"<!-- This site is optimized with the Yoast SEO Premium plugin v25.6 (Yoast SEO v25.6) - https:\/\/yoast.com\/wordpress\/plugins\/seo\/ -->\n<title>SYLVANETH: GROVE GUARDIAN - HammerTime Cafe Webshop<\/title>\n<meta name=\"description\" content=\"SYLVANETH: GROVE GUARDIAN gy\u00f3gy\u00edt\u00f3 Sylvaneth h\u0151s, amely t\u00e1mogatja seregedet \u00e9s er\u0151s\u00edti az Age of Sigmar csat\u00e1kat.\" \/>\n<meta name=\"robots\" content=\"index, follow, max-snippet:-1, max-image-preview:large, max-video-preview:-1\" \/>\n<link rel=\"canonical\" href=\"https:\/\/hammertimecafe.hu\/en\/product\/sylvaneth-grove-guardian\/\" \/>\n<meta property=\"og:locale\" content=\"en_US\" \/>\n<meta property=\"og:type\" content=\"article\" \/>\n<meta property=\"og:title\" content=\"SYLVANETH: GROVE GUARDIAN\" \/>\n<meta property=\"og:description\" content=\"SYLVANETH: GROVE GUARDIAN gy\u00f3gy\u00edt\u00f3 Sylvaneth h\u0151s, amely t\u00e1mogatja seregedet \u00e9s er\u0151s\u00edti az Age of Sigmar csat\u00e1kat.\" \/>\n<meta property=\"og:url\" content=\"https:\/\/hammertimecafe.hu\/en\/product\/sylvaneth-grove-guardian\/\" \/>\n<meta property=\"og:site_name\" content=\"HammerTime Cafe Webshop\" \/>\n<meta property=\"article:modified_time\" content=\"2026-04-19T18:37:27+00:00\" \/>\n<meta property=\"og:image\" content=\"https:\/\/hammertimecafe.hu\/app\/uploads\/2026\/03\/Sylvaneth-Grove-Guardian.jpg\" \/>\n\t<meta property=\"og:image:width\" content=\"1840\" \/>\n\t<meta property=\"og:image:height\" content=\"1900\" \/>\n\t<meta property=\"og:image:type\" content=\"image\/jpeg\" \/>\n<meta name=\"twitter:card\" content=\"summary_large_image\" \/>\n<meta name=\"twitter:label1\" content=\"Est. reading time\" \/>\n\t<meta name=\"twitter:data1\" content=\"1 minute\" \/>\n<script type=\"application\/ld+json\" class=\"yoast-schema-graph\">{\"@context\":\"https:\/\/schema.org\",\"@graph\":[{\"@type\":\"WebPage\",\"@id\":\"https:\/\/hammertimecafe.hu\/termek\/sylvaneth-grove-guardian\/\",\"url\":\"https:\/\/hammertimecafe.hu\/termek\/sylvaneth-grove-guardian\/\",\"name\":\"SYLVANETH: GROVE GUARDIAN - HammerTime Cafe Webshop\",\"isPartOf\":{\"@id\":\"https:\/\/hammertimecafe.hu\/#website\"},\"primaryImageOfPage\":{\"@id\":\"https:\/\/hammertimecafe.hu\/termek\/sylvaneth-grove-guardian\/#primaryimage\"},\"image\":{\"@id\":\"https:\/\/hammertimecafe.hu\/termek\/sylvaneth-grove-guardian\/#primaryimage\"},\"thumbnailUrl\":\"https:\/\/hammertimecafe.hu\/app\/uploads\/2026\/03\/Sylvaneth-Grove-Guardian.jpg\",\"datePublished\":\"2026-03-28T09:00:43+00:00\",\"dateModified\":\"2026-04-19T18:37:27+00:00\",\"description\":\"SYLVANETH: GROVE GUARDIAN gy\u00f3gy\u00edt\u00f3 Sylvaneth h\u0151s, amely t\u00e1mogatja seregedet \u00e9s er\u0151s\u00edti az Age of Sigmar csat\u00e1kat.\",\"breadcrumb\":{\"@id\":\"https:\/\/hammertimecafe.hu\/termek\/sylvaneth-grove-guardian\/#breadcrumb\"},\"inLanguage\":\"en-US\",\"potentialAction\":[{\"@type\":\"ReadAction\",\"target\":[\"https:\/\/hammertimecafe.hu\/termek\/sylvaneth-grove-guardian\/\"]}]},{\"@type\":\"ImageObject\",\"inLanguage\":\"en-US\",\"@id\":\"https:\/\/hammertimecafe.hu\/termek\/sylvaneth-grove-guardian\/#primaryimage\",\"url\":\"https:\/\/hammertimecafe.hu\/app\/uploads\/2026\/03\/Sylvaneth-Grove-Guardian.jpg\",\"contentUrl\":\"https:\/\/hammertimecafe.hu\/app\/uploads\/2026\/03\/Sylvaneth-Grove-Guardian.jpg\",\"width\":1840,\"height\":1900,\"caption\":\"Sylvaneth Grove Guardian\"},{\"@type\":\"BreadcrumbList\",\"@id\":\"https:\/\/hammertimecafe.hu\/termek\/sylvaneth-grove-guardian\/#breadcrumb\",\"itemListElement\":[{\"@type\":\"ListItem\",\"position\":1,\"name\":\"Home\",\"item\":\"https:\/\/hammertimecafe.hu\/\"},{\"@type\":\"ListItem\",\"position\":2,\"name\":\"Shop\",\"item\":\"https:\/\/hammertimecafe.hu\/uzlet\/\"},{\"@type\":\"ListItem\",\"position\":3,\"name\":\"SYLVANETH: GROVE GUARDIAN\"}]},{\"@type\":\"WebSite\",\"@id\":\"https:\/\/hammertimecafe.hu\/#website\",\"url\":\"https:\/\/hammertimecafe.hu\/\",\"name\":\"Hammertimecafe\",\"description\":\"A HammerTime Cafe Hivatalos Weboldala \u00e9s Webshopja.\",\"publisher\":{\"@id\":\"https:\/\/hammertimecafe.hu\/#organization\"},\"potentialAction\":[{\"@type\":\"SearchAction\",\"target\":{\"@type\":\"EntryPoint\",\"urlTemplate\":\"https:\/\/hammertimecafe.hu\/?s={search_term_string}\"},\"query-input\":{\"@type\":\"PropertyValueSpecification\",\"valueRequired\":true,\"valueName\":\"search_term_string\"}}],\"inLanguage\":\"en-US\"},{\"@type\":\"Organization\",\"@id\":\"https:\/\/hammertimecafe.hu\/#organization\",\"name\":\"Hammertimecafe\",\"url\":\"https:\/\/hammertimecafe.hu\/\",\"logo\":{\"@type\":\"ImageObject\",\"inLanguage\":\"en-US\",\"@id\":\"https:\/\/hammertimecafe.hu\/#\/schema\/logo\/image\/\",\"url\":\"https:\/\/htcwoo.test\/app\/uploads\/2025\/08\/logo_of_htc.png\",\"contentUrl\":\"https:\/\/htcwoo.test\/app\/uploads\/2025\/08\/logo_of_htc.png\",\"width\":166,\"height\":73,\"caption\":\"Hammertimecafe\"},\"image\":{\"@id\":\"https:\/\/hammertimecafe.hu\/#\/schema\/logo\/image\/\"}}]}<\/script>\n<!-- \/ Yoast SEO Premium plugin. -->","yoast_head_json":{"title":"SYLVANETH: GROVE GUARDIAN - HammerTime Cafe Webshop","description":"SYLVANETH: GROVE GUARDIAN gy\u00f3gy\u00edt\u00f3 Sylvaneth h\u0151s, amely t\u00e1mogatja seregedet \u00e9s er\u0151s\u00edti az Age of Sigmar csat\u00e1kat.","robots":{"index":"index","follow":"follow","max-snippet":"max-snippet:-1","max-image-preview":"max-image-preview:large","max-video-preview":"max-video-preview:-1"},"canonical":"https:\/\/hammertimecafe.hu\/en\/product\/sylvaneth-grove-guardian\/","og_locale":"en_US","og_type":"article","og_title":"SYLVANETH: GROVE GUARDIAN","og_description":"SYLVANETH: GROVE GUARDIAN gy\u00f3gy\u00edt\u00f3 Sylvaneth h\u0151s, amely t\u00e1mogatja seregedet \u00e9s er\u0151s\u00edti az Age of Sigmar csat\u00e1kat.","og_url":"https:\/\/hammertimecafe.hu\/en\/product\/sylvaneth-grove-guardian\/","og_site_name":"HammerTime Cafe Webshop","article_modified_time":"2026-04-19T18:37:27+00:00","og_image":[{"width":1840,"height":1900,"url":"https:\/\/hammertimecafe.hu\/app\/uploads\/2026\/03\/Sylvaneth-Grove-Guardian.jpg","type":"image\/jpeg"}],"twitter_card":"summary_large_image","twitter_misc":{"Est. reading time":"1 minute"},"schema":{"@context":"https:\/\/schema.org","@graph":[{"@type":"WebPage","@id":"https:\/\/hammertimecafe.hu\/termek\/sylvaneth-grove-guardian\/","url":"https:\/\/hammertimecafe.hu\/termek\/sylvaneth-grove-guardian\/","name":"SYLVANETH: GROVE GUARDIAN - HammerTime Cafe Webshop","isPartOf":{"@id":"https:\/\/hammertimecafe.hu\/#website"},"primaryImageOfPage":{"@id":"https:\/\/hammertimecafe.hu\/termek\/sylvaneth-grove-guardian\/#primaryimage"},"image":{"@id":"https:\/\/hammertimecafe.hu\/termek\/sylvaneth-grove-guardian\/#primaryimage"},"thumbnailUrl":"https:\/\/hammertimecafe.hu\/app\/uploads\/2026\/03\/Sylvaneth-Grove-Guardian.jpg","datePublished":"2026-03-28T09:00:43+00:00","dateModified":"2026-04-19T18:37:27+00:00","description":"SYLVANETH: GROVE GUARDIAN gy\u00f3gy\u00edt\u00f3 Sylvaneth h\u0151s, amely t\u00e1mogatja seregedet \u00e9s er\u0151s\u00edti az Age of Sigmar csat\u00e1kat.","breadcrumb":{"@id":"https:\/\/hammertimecafe.hu\/termek\/sylvaneth-grove-guardian\/#breadcrumb"},"inLanguage":"en-US","potentialAction":[{"@type":"ReadAction","target":["https:\/\/hammertimecafe.hu\/termek\/sylvaneth-grove-guardian\/"]}]},{"@type":"ImageObject","inLanguage":"en-US","@id":"https:\/\/hammertimecafe.hu\/termek\/sylvaneth-grove-guardian\/#primaryimage","url":"https:\/\/hammertimecafe.hu\/app\/uploads\/2026\/03\/Sylvaneth-Grove-Guardian.jpg","contentUrl":"https:\/\/hammertimecafe.hu\/app\/uploads\/2026\/03\/Sylvaneth-Grove-Guardian.jpg","width":1840,"height":1900,"caption":"Sylvaneth Grove Guardian"},{"@type":"BreadcrumbList","@id":"https:\/\/hammertimecafe.hu\/termek\/sylvaneth-grove-guardian\/#breadcrumb","itemListElement":[{"@type":"ListItem","position":1,"name":"Home","item":"https:\/\/hammertimecafe.hu\/"},{"@type":"ListItem","position":2,"name":"Shop","item":"https:\/\/hammertimecafe.hu\/uzlet\/"},{"@type":"ListItem","position":3,"name":"SYLVANETH: GROVE GUARDIAN"}]},{"@type":"WebSite","@id":"https:\/\/hammertimecafe.hu\/#website","url":"https:\/\/hammertimecafe.hu\/","name":"Hammertimecafe","description":"The Official Website and Webshop of HammerTime Cafe.","publisher":{"@id":"https:\/\/hammertimecafe.hu\/#organization"},"potentialAction":[{"@type":"SearchAction","target":{"@type":"EntryPoint","urlTemplate":"https:\/\/hammertimecafe.hu\/?s={search_term_string}"},"query-input":{"@type":"PropertyValueSpecification","valueRequired":true,"valueName":"search_term_string"}}],"inLanguage":"en-US"},{"@type":"Organization","@id":"https:\/\/hammertimecafe.hu\/#organization","name":"Hammertimecafe","url":"https:\/\/hammertimecafe.hu\/","logo":{"@type":"ImageObject","inLanguage":"en-US","@id":"https:\/\/hammertimecafe.hu\/#\/schema\/logo\/image\/","url":"https:\/\/htcwoo.test\/app\/uploads\/2025\/08\/logo_of_htc.png","contentUrl":"https:\/\/htcwoo.test\/app\/uploads\/2025\/08\/logo_of_htc.png","width":166,"height":73,"caption":"Hammertimecafe"},"image":{"@id":"https:\/\/hammertimecafe.hu\/#\/schema\/logo\/image\/"}}]}},"_links":{"self":[{"href":"https:\/\/hammertimecafe.hu\/en\/wp-json\/wp\/v2\/product\/28268","targetHints":{"allow":["GET"]}}],"collection":[{"href":"https:\/\/hammertimecafe.hu\/en\/wp-json\/wp\/v2\/product"}],"about":[{"href":"https:\/\/hammertimecafe.hu\/en\/wp-json\/wp\/v2\/types\/product"}],"replies":[{"embeddable":true,"href":"https:\/\/hammertimecafe.hu\/en\/wp-json\/wp\/v2\/comments?post=28268"}],"wp:featuredmedia":[{"embeddable":true,"href":"https:\/\/hammertimecafe.hu\/en\/wp-json\/wp\/v2\/media\/28548"}],"wp:attachment":[{"href":"https:\/\/hammertimecafe.hu\/en\/wp-json\/wp\/v2\/media?parent=28268"}],"wp:term":[{"taxonomy":"product_brand","embeddable":true,"href":"https:\/\/hammertimecafe.hu\/en\/wp-json\/wp\/v2\/product_brand?post=28268"},{"taxonomy":"product_cat","embeddable":true,"href":"https:\/\/hammertimecafe.hu\/en\/wp-json\/wp\/v2\/product_cat?post=28268"},{"taxonomy":"product_tag","embeddable":true,"href":"https:\/\/hammertimecafe.hu\/en\/wp-json\/wp\/v2\/product_tag?post=28268"}],"curies":[{"name":"wp","href":"https:\/\/api.w.org\/{rel}","templated":true}]}}