{"id":28275,"date":"2026-03-28T10:00:32","date_gmt":"2026-03-28T09:00:32","guid":{"rendered":"https:\/\/hammertimecafe.hu\/?post_type=product&#038;p=28275"},"modified":"2026-04-19T20:37:28","modified_gmt":"2026-04-19T18:37:28","slug":"spearhead-khainite-shadow-coven","status":"publish","type":"product","link":"https:\/\/hammertimecafe.hu\/en\/product\/spearhead-khainite-shadow-coven\/","title":{"rendered":"SPEARHEAD: KHAINITE SHADOW COVEN"},"content":{"rendered":"<p>A SPEARHEAD: KHAINITE SHADOW COVEN egy gyors \u00e9s k\u00f6ny\u00f6rtelen aelf sereg, amely a v\u00e9ront\u00e1s ritu\u00e1l\u00e9j\u00e1t hozza el a csatat\u00e9rre. A SPEARHEAD: KHAINITE SHADOW COVEN t\u00f6k\u00e9letes v\u00e1laszt\u00e1s azoknak, akik agressz\u00edv \u00e9s dinamikus j\u00e1t\u00e9kst\u00edlust keresnek.<\/p>\n<p>A sereg k\u00f6zponti eleme a Slaughter Queen on Cauldron of Blood, amely az egyik legl\u00e1tv\u00e1nyosabb modell a Spearhead csatatereken. A SPEARHEAD: KHAINITE SHADOW COVEN tartalmaz egy Hag Queen \u00e9s egy Bloodwrack Medusa h\u0151st is.<\/p>\n<p>A csapatot kilenc Khainite Shadowstalkers \u00e9s 10 Sisters of Slaughter eg\u00e9sz\u00edti ki, akik gyors \u00e9s hal\u00e1los t\u00e1mad\u00e1sokkal puszt\u00edtj\u00e1k az ellens\u00e9get. A SPEARHEAD: KHAINITE SHADOW COVEN kiv\u00e1l\u00f3an alkalmas rajta\u00fct\u00e9sekre \u00e9s az ellenf\u00e9l gyors fel\u0151rl\u00e9s\u00e9re.<\/p>\n<p>Ez a sereg a sebess\u00e9g \u00e9s a puszt\u00edt\u00e1s t\u00f6k\u00e9letes kombin\u00e1ci\u00f3ja. A SPEARHEAD: KHAINITE SHADOW COVEN ide\u00e1lis v\u00e1laszt\u00e1s minden Age of Sigmar j\u00e1t\u00e9kos sz\u00e1m\u00e1ra, aki egy l\u00e1tv\u00e1nyos \u00e9s hat\u00e9kony hadsereget szeretne.<\/p>\n<p>The miniatures require assembly and painting.<br \/>\nProduct language: English.<br \/>\nAz el\u0151rendel\u00e9si peri\u00f3dus 2026. 03. 28-\u00e1n indul, a term\u00e9k 2026. 04. 11-t\u0151l vehet\u0151 \u00e1t.<\/p>","protected":false},"excerpt":{"rendered":"<p>A SPEARHEAD: KHAINITE SHADOW COVEN egy gyors \u00e9s k\u00f6ny\u00f6rtelen aelf sereg, amely a v\u00e9ront\u00e1s ritu\u00e1l\u00e9j\u00e1t hozza el a csatat\u00e9rre. A SPEARHEAD: KHAINITE SHADOW COVEN t\u00f6k\u00e9letes v\u00e1laszt\u00e1s azoknak, akik agressz\u00edv \u00e9s dinamikus j\u00e1t\u00e9kst\u00edlust keresnek.<\/p>","protected":false},"featured_media":28546,"comment_status":"open","ping_status":"closed","template":"","meta":{"_acf_changed":false},"product_brand":[46],"product_cat":[179,119,19,42],"product_tag":[],"class_list":{"0":"post-28275","1":"product","2":"type-product","3":"status-publish","4":"has-post-thumbnail","6":"product_brand-games-workshop","7":"product_cat-daughters-of-khaine","8":"product_cat-grand-alliance-order","9":"product_cat-wargame","10":"product_cat-warhammer-age-of-sigmar","12":"first","13":"onbackorder","14":"sale","15":"taxable","16":"shipping-taxable","17":"purchasable","18":"product-type-simple"},"acf":[],"yoast_head":"<!-- This site is optimized with the Yoast SEO Premium plugin v25.6 (Yoast SEO v25.6) - https:\/\/yoast.com\/wordpress\/plugins\/seo\/ -->\n<title>SPEARHEAD: KHAINITE SHADOW COVEN - HammerTime Cafe Webshop<\/title>\n<meta name=\"description\" content=\"SPEARHEAD: KHAINITE SHADOW COVEN gyors \u00e9s hal\u00e1los aelf sereg Cauldron of Blood modellel \u00e9s t\u00f6bb Khainite egys\u00e9ggel.\" \/>\n<meta name=\"robots\" content=\"index, follow, max-snippet:-1, max-image-preview:large, max-video-preview:-1\" \/>\n<link rel=\"canonical\" href=\"https:\/\/hammertimecafe.hu\/en\/product\/spearhead-khainite-shadow-coven\/\" \/>\n<meta property=\"og:locale\" content=\"en_US\" \/>\n<meta property=\"og:type\" content=\"article\" \/>\n<meta property=\"og:title\" content=\"SPEARHEAD: KHAINITE SHADOW COVEN\" \/>\n<meta property=\"og:description\" content=\"SPEARHEAD: KHAINITE SHADOW COVEN gyors \u00e9s hal\u00e1los aelf sereg Cauldron of Blood modellel \u00e9s t\u00f6bb Khainite egys\u00e9ggel.\" \/>\n<meta property=\"og:url\" content=\"https:\/\/hammertimecafe.hu\/en\/product\/spearhead-khainite-shadow-coven\/\" \/>\n<meta property=\"og:site_name\" content=\"HammerTime Cafe Webshop\" \/>\n<meta property=\"article:modified_time\" content=\"2026-04-19T18:37:28+00:00\" \/>\n<meta property=\"og:image\" content=\"https:\/\/hammertimecafe.hu\/app\/uploads\/2026\/03\/Spearhead-Khainite-Shadow-Coven-992x1024.jpg\" \/>\n\t<meta property=\"og:image:width\" content=\"992\" \/>\n\t<meta property=\"og:image:height\" content=\"1024\" \/>\n\t<meta property=\"og:image:type\" content=\"image\/jpeg\" \/>\n<meta name=\"twitter:card\" content=\"summary_large_image\" \/>\n<meta name=\"twitter:label1\" content=\"Est. reading time\" \/>\n\t<meta name=\"twitter:data1\" content=\"1 minute\" \/>\n<script type=\"application\/ld+json\" class=\"yoast-schema-graph\">{\"@context\":\"https:\/\/schema.org\",\"@graph\":[{\"@type\":\"WebPage\",\"@id\":\"https:\/\/hammertimecafe.hu\/termek\/spearhead-khainite-shadow-coven\/\",\"url\":\"https:\/\/hammertimecafe.hu\/termek\/spearhead-khainite-shadow-coven\/\",\"name\":\"SPEARHEAD: KHAINITE SHADOW COVEN - HammerTime Cafe Webshop\",\"isPartOf\":{\"@id\":\"https:\/\/hammertimecafe.hu\/#website\"},\"primaryImageOfPage\":{\"@id\":\"https:\/\/hammertimecafe.hu\/termek\/spearhead-khainite-shadow-coven\/#primaryimage\"},\"image\":{\"@id\":\"https:\/\/hammertimecafe.hu\/termek\/spearhead-khainite-shadow-coven\/#primaryimage\"},\"thumbnailUrl\":\"https:\/\/hammertimecafe.hu\/app\/uploads\/2026\/03\/Spearhead-Khainite-Shadow-Coven.jpg\",\"datePublished\":\"2026-03-28T09:00:32+00:00\",\"dateModified\":\"2026-04-19T18:37:28+00:00\",\"description\":\"SPEARHEAD: KHAINITE SHADOW COVEN gyors \u00e9s hal\u00e1los aelf sereg Cauldron of Blood modellel \u00e9s t\u00f6bb Khainite egys\u00e9ggel.\",\"breadcrumb\":{\"@id\":\"https:\/\/hammertimecafe.hu\/termek\/spearhead-khainite-shadow-coven\/#breadcrumb\"},\"inLanguage\":\"en-US\",\"potentialAction\":[{\"@type\":\"ReadAction\",\"target\":[\"https:\/\/hammertimecafe.hu\/termek\/spearhead-khainite-shadow-coven\/\"]}]},{\"@type\":\"ImageObject\",\"inLanguage\":\"en-US\",\"@id\":\"https:\/\/hammertimecafe.hu\/termek\/spearhead-khainite-shadow-coven\/#primaryimage\",\"url\":\"https:\/\/hammertimecafe.hu\/app\/uploads\/2026\/03\/Spearhead-Khainite-Shadow-Coven.jpg\",\"contentUrl\":\"https:\/\/hammertimecafe.hu\/app\/uploads\/2026\/03\/Spearhead-Khainite-Shadow-Coven.jpg\",\"width\":1840,\"height\":1900,\"caption\":\"Spearhead Khainite Shadow Coven\"},{\"@type\":\"BreadcrumbList\",\"@id\":\"https:\/\/hammertimecafe.hu\/termek\/spearhead-khainite-shadow-coven\/#breadcrumb\",\"itemListElement\":[{\"@type\":\"ListItem\",\"position\":1,\"name\":\"Home\",\"item\":\"https:\/\/hammertimecafe.hu\/\"},{\"@type\":\"ListItem\",\"position\":2,\"name\":\"Shop\",\"item\":\"https:\/\/hammertimecafe.hu\/uzlet\/\"},{\"@type\":\"ListItem\",\"position\":3,\"name\":\"SPEARHEAD: KHAINITE SHADOW COVEN\"}]},{\"@type\":\"WebSite\",\"@id\":\"https:\/\/hammertimecafe.hu\/#website\",\"url\":\"https:\/\/hammertimecafe.hu\/\",\"name\":\"Hammertimecafe\",\"description\":\"A HammerTime Cafe Hivatalos Weboldala \u00e9s Webshopja.\",\"publisher\":{\"@id\":\"https:\/\/hammertimecafe.hu\/#organization\"},\"potentialAction\":[{\"@type\":\"SearchAction\",\"target\":{\"@type\":\"EntryPoint\",\"urlTemplate\":\"https:\/\/hammertimecafe.hu\/?s={search_term_string}\"},\"query-input\":{\"@type\":\"PropertyValueSpecification\",\"valueRequired\":true,\"valueName\":\"search_term_string\"}}],\"inLanguage\":\"en-US\"},{\"@type\":\"Organization\",\"@id\":\"https:\/\/hammertimecafe.hu\/#organization\",\"name\":\"Hammertimecafe\",\"url\":\"https:\/\/hammertimecafe.hu\/\",\"logo\":{\"@type\":\"ImageObject\",\"inLanguage\":\"en-US\",\"@id\":\"https:\/\/hammertimecafe.hu\/#\/schema\/logo\/image\/\",\"url\":\"https:\/\/htcwoo.test\/app\/uploads\/2025\/08\/logo_of_htc.png\",\"contentUrl\":\"https:\/\/htcwoo.test\/app\/uploads\/2025\/08\/logo_of_htc.png\",\"width\":166,\"height\":73,\"caption\":\"Hammertimecafe\"},\"image\":{\"@id\":\"https:\/\/hammertimecafe.hu\/#\/schema\/logo\/image\/\"}}]}<\/script>\n<!-- \/ Yoast SEO Premium plugin. -->","yoast_head_json":{"title":"SPEARHEAD: KHAINITE SHADOW COVEN - HammerTime Cafe Webshop","description":"SPEARHEAD: KHAINITE SHADOW COVEN gyors \u00e9s hal\u00e1los aelf sereg Cauldron of Blood modellel \u00e9s t\u00f6bb Khainite egys\u00e9ggel.","robots":{"index":"index","follow":"follow","max-snippet":"max-snippet:-1","max-image-preview":"max-image-preview:large","max-video-preview":"max-video-preview:-1"},"canonical":"https:\/\/hammertimecafe.hu\/en\/product\/spearhead-khainite-shadow-coven\/","og_locale":"en_US","og_type":"article","og_title":"SPEARHEAD: KHAINITE SHADOW COVEN","og_description":"SPEARHEAD: KHAINITE SHADOW COVEN gyors \u00e9s hal\u00e1los aelf sereg Cauldron of Blood modellel \u00e9s t\u00f6bb Khainite egys\u00e9ggel.","og_url":"https:\/\/hammertimecafe.hu\/en\/product\/spearhead-khainite-shadow-coven\/","og_site_name":"HammerTime Cafe Webshop","article_modified_time":"2026-04-19T18:37:28+00:00","og_image":[{"width":992,"height":1024,"url":"https:\/\/hammertimecafe.hu\/app\/uploads\/2026\/03\/Spearhead-Khainite-Shadow-Coven-992x1024.jpg","type":"image\/jpeg"}],"twitter_card":"summary_large_image","twitter_misc":{"Est. reading time":"1 minute"},"schema":{"@context":"https:\/\/schema.org","@graph":[{"@type":"WebPage","@id":"https:\/\/hammertimecafe.hu\/termek\/spearhead-khainite-shadow-coven\/","url":"https:\/\/hammertimecafe.hu\/termek\/spearhead-khainite-shadow-coven\/","name":"SPEARHEAD: KHAINITE SHADOW COVEN - HammerTime Cafe Webshop","isPartOf":{"@id":"https:\/\/hammertimecafe.hu\/#website"},"primaryImageOfPage":{"@id":"https:\/\/hammertimecafe.hu\/termek\/spearhead-khainite-shadow-coven\/#primaryimage"},"image":{"@id":"https:\/\/hammertimecafe.hu\/termek\/spearhead-khainite-shadow-coven\/#primaryimage"},"thumbnailUrl":"https:\/\/hammertimecafe.hu\/app\/uploads\/2026\/03\/Spearhead-Khainite-Shadow-Coven.jpg","datePublished":"2026-03-28T09:00:32+00:00","dateModified":"2026-04-19T18:37:28+00:00","description":"SPEARHEAD: KHAINITE SHADOW COVEN gyors \u00e9s hal\u00e1los aelf sereg Cauldron of Blood modellel \u00e9s t\u00f6bb Khainite egys\u00e9ggel.","breadcrumb":{"@id":"https:\/\/hammertimecafe.hu\/termek\/spearhead-khainite-shadow-coven\/#breadcrumb"},"inLanguage":"en-US","potentialAction":[{"@type":"ReadAction","target":["https:\/\/hammertimecafe.hu\/termek\/spearhead-khainite-shadow-coven\/"]}]},{"@type":"ImageObject","inLanguage":"en-US","@id":"https:\/\/hammertimecafe.hu\/termek\/spearhead-khainite-shadow-coven\/#primaryimage","url":"https:\/\/hammertimecafe.hu\/app\/uploads\/2026\/03\/Spearhead-Khainite-Shadow-Coven.jpg","contentUrl":"https:\/\/hammertimecafe.hu\/app\/uploads\/2026\/03\/Spearhead-Khainite-Shadow-Coven.jpg","width":1840,"height":1900,"caption":"Spearhead Khainite Shadow Coven"},{"@type":"BreadcrumbList","@id":"https:\/\/hammertimecafe.hu\/termek\/spearhead-khainite-shadow-coven\/#breadcrumb","itemListElement":[{"@type":"ListItem","position":1,"name":"Home","item":"https:\/\/hammertimecafe.hu\/"},{"@type":"ListItem","position":2,"name":"Shop","item":"https:\/\/hammertimecafe.hu\/uzlet\/"},{"@type":"ListItem","position":3,"name":"SPEARHEAD: KHAINITE SHADOW COVEN"}]},{"@type":"WebSite","@id":"https:\/\/hammertimecafe.hu\/#website","url":"https:\/\/hammertimecafe.hu\/","name":"Hammertimecafe","description":"The Official Website and Webshop of HammerTime Cafe.","publisher":{"@id":"https:\/\/hammertimecafe.hu\/#organization"},"potentialAction":[{"@type":"SearchAction","target":{"@type":"EntryPoint","urlTemplate":"https:\/\/hammertimecafe.hu\/?s={search_term_string}"},"query-input":{"@type":"PropertyValueSpecification","valueRequired":true,"valueName":"search_term_string"}}],"inLanguage":"en-US"},{"@type":"Organization","@id":"https:\/\/hammertimecafe.hu\/#organization","name":"Hammertimecafe","url":"https:\/\/hammertimecafe.hu\/","logo":{"@type":"ImageObject","inLanguage":"en-US","@id":"https:\/\/hammertimecafe.hu\/#\/schema\/logo\/image\/","url":"https:\/\/htcwoo.test\/app\/uploads\/2025\/08\/logo_of_htc.png","contentUrl":"https:\/\/htcwoo.test\/app\/uploads\/2025\/08\/logo_of_htc.png","width":166,"height":73,"caption":"Hammertimecafe"},"image":{"@id":"https:\/\/hammertimecafe.hu\/#\/schema\/logo\/image\/"}}]}},"_links":{"self":[{"href":"https:\/\/hammertimecafe.hu\/en\/wp-json\/wp\/v2\/product\/28275","targetHints":{"allow":["GET"]}}],"collection":[{"href":"https:\/\/hammertimecafe.hu\/en\/wp-json\/wp\/v2\/product"}],"about":[{"href":"https:\/\/hammertimecafe.hu\/en\/wp-json\/wp\/v2\/types\/product"}],"replies":[{"embeddable":true,"href":"https:\/\/hammertimecafe.hu\/en\/wp-json\/wp\/v2\/comments?post=28275"}],"wp:featuredmedia":[{"embeddable":true,"href":"https:\/\/hammertimecafe.hu\/en\/wp-json\/wp\/v2\/media\/28546"}],"wp:attachment":[{"href":"https:\/\/hammertimecafe.hu\/en\/wp-json\/wp\/v2\/media?parent=28275"}],"wp:term":[{"taxonomy":"product_brand","embeddable":true,"href":"https:\/\/hammertimecafe.hu\/en\/wp-json\/wp\/v2\/product_brand?post=28275"},{"taxonomy":"product_cat","embeddable":true,"href":"https:\/\/hammertimecafe.hu\/en\/wp-json\/wp\/v2\/product_cat?post=28275"},{"taxonomy":"product_tag","embeddable":true,"href":"https:\/\/hammertimecafe.hu\/en\/wp-json\/wp\/v2\/product_tag?post=28275"}],"curies":[{"name":"wp","href":"https:\/\/api.w.org\/{rel}","templated":true}]}}