{"id":28278,"date":"2026-03-28T10:00:29","date_gmt":"2026-03-28T09:00:29","guid":{"rendered":"https:\/\/hammertimecafe.hu\/?post_type=product&#038;p=28278"},"modified":"2026-04-19T20:37:28","modified_gmt":"2026-04-19T18:37:28","slug":"daughters-of-khaine-the-crimson-lash","status":"publish","type":"product","link":"https:\/\/hammertimecafe.hu\/en\/product\/daughters-of-khaine-the-crimson-lash\/","title":{"rendered":"DAUGHTERS OF KHAINE: THE CRIMSON LASH"},"content":{"rendered":"<p>A DAUGHTERS OF KHAINE: THE CRIMSON LASH egy l\u00e1tv\u00e1nyos \u00e9s v\u00e9rszomjas Regiment of Renown, amely a Khainite gladi\u00e1torok brutalit\u00e1s\u00e1t hozza el a csatat\u00e9rre. A DAUGHTERS OF KHAINE: THE CRIMSON LASH t\u00f6k\u00e9letes v\u00e1laszt\u00e1s azoknak, akik gyors \u00e9s agressz\u00edv k\u00f6zelharci egys\u00e9gekkel szeretn\u00e9nek domin\u00e1lni.<\/p>\n<p>A warband \u00e9l\u00e9n egy High Gladiatrix \u00e1ll, aki hal\u00e1los \u00fcgyess\u00e9ggel vezeti harcba k\u00f6vet\u0151it. A DAUGHTERS OF KHAINE: THE CRIMSON LASH tartalmaz 10 Sisters of Slaughter harcost, akik vill\u00e1mgyors t\u00e1mad\u00e1sokkal z\u00fazz\u00e1k sz\u00e9t az ellens\u00e9get.<\/p>\n<p>Ez az egys\u00e9g haszn\u00e1lhat\u00f3 Regiment of Renown form\u00e1j\u00e1ban a Grand Alliance Order legt\u00f6bb sereg\u00e9ben. A DAUGHTERS OF KHAINE: THE CRIMSON LASH ugyanakkor \u00f6n\u00e1ll\u00f3 egys\u00e9gekk\u00e9nt is beilleszthet\u0151 egy Daughters of Khaine hadseregbe.<\/p>\n<p>A gladi\u00e1torok nemcsak l\u00e1tv\u00e1nyosak, hanem rendk\u00edv\u00fcl hat\u00e9konyak is a k\u00f6zelharcban. A DAUGHTERS OF KHAINE: THE CRIMSON LASH ide\u00e1lis v\u00e1laszt\u00e1s minden Age of Sigmar j\u00e1t\u00e9kos sz\u00e1m\u00e1ra, aki egyedi \u00e9s tematikus egys\u00e9get keres.<\/p>\n<p>The miniatures require assembly and painting.<br \/>\nProduct language: English.<br \/>\nA term\u00e9k limit\u00e1lt, a rendel\u00e9seket \u00e9rkez\u00e9si sorrendben szolg\u00e1ljuk ki.<br \/>\nAz el\u0151rendel\u00e9si peri\u00f3dus 2026. 03. 28-\u00e1n indul, a term\u00e9k 2026. 04. 11-t\u0151l vehet\u0151 \u00e1t.<\/p>","protected":false},"excerpt":{"rendered":"<p>A DAUGHTERS OF KHAINE: THE CRIMSON LASH egy l\u00e1tv\u00e1nyos \u00e9s v\u00e9rszomjas Regiment of Renown, amely a Khainite gladi\u00e1torok brutalit\u00e1s\u00e1t hozza el a csatat\u00e9rre. A DAUGHTERS OF KHAINE: THE CRIMSON LASH t\u00f6k\u00e9letes v\u00e1laszt\u00e1s azoknak, akik gyors \u00e9s agressz\u00edv k\u00f6zelharci egys\u00e9gekkel szeretn\u00e9nek domin\u00e1lni.<\/p>","protected":false},"featured_media":28543,"comment_status":"open","ping_status":"closed","template":"","meta":{"_acf_changed":false},"product_brand":[46],"product_cat":[179,119,19,42],"product_tag":[],"class_list":{"0":"post-28278","1":"product","2":"type-product","3":"status-publish","4":"has-post-thumbnail","6":"product_brand-games-workshop","7":"product_cat-daughters-of-khaine","8":"product_cat-grand-alliance-order","9":"product_cat-wargame","10":"product_cat-warhammer-age-of-sigmar","12":"first","13":"onbackorder","14":"sale","15":"taxable","16":"shipping-taxable","17":"purchasable","18":"product-type-simple"},"acf":[],"yoast_head":"<!-- This site is optimized with the Yoast SEO Premium plugin v25.6 (Yoast SEO v25.6) - https:\/\/yoast.com\/wordpress\/plugins\/seo\/ -->\n<title>DAUGHTERS OF KHAINE: THE CRIMSON LASH - HammerTime Cafe Webshop<\/title>\n<meta name=\"description\" content=\"DAUGHTERS OF KHAINE: THE CRIMSON LASH Regiment of Renown High Gladiatrix \u00e9s Sisters of Slaughter egys\u00e9gekkel.\" \/>\n<meta name=\"robots\" content=\"index, follow, max-snippet:-1, max-image-preview:large, max-video-preview:-1\" \/>\n<link rel=\"canonical\" href=\"https:\/\/hammertimecafe.hu\/en\/product\/daughters-of-khaine-the-crimson-lash\/\" \/>\n<meta property=\"og:locale\" content=\"en_US\" \/>\n<meta property=\"og:type\" content=\"article\" \/>\n<meta property=\"og:title\" content=\"DAUGHTERS OF KHAINE: THE CRIMSON LASH\" \/>\n<meta property=\"og:description\" content=\"DAUGHTERS OF KHAINE: THE CRIMSON LASH Regiment of Renown High Gladiatrix \u00e9s Sisters of Slaughter egys\u00e9gekkel.\" \/>\n<meta property=\"og:url\" content=\"https:\/\/hammertimecafe.hu\/en\/product\/daughters-of-khaine-the-crimson-lash\/\" \/>\n<meta property=\"og:site_name\" content=\"HammerTime Cafe Webshop\" \/>\n<meta property=\"article:modified_time\" content=\"2026-04-19T18:37:28+00:00\" \/>\n<meta property=\"og:image\" content=\"https:\/\/hammertimecafe.hu\/app\/uploads\/2026\/03\/Daughters-of-Khaine-The-Crimson-Lash.jpg\" \/>\n\t<meta property=\"og:image:width\" content=\"1840\" \/>\n\t<meta property=\"og:image:height\" content=\"1900\" \/>\n\t<meta property=\"og:image:type\" content=\"image\/jpeg\" \/>\n<meta name=\"twitter:card\" content=\"summary_large_image\" \/>\n<meta name=\"twitter:label1\" content=\"Est. reading time\" \/>\n\t<meta name=\"twitter:data1\" content=\"1 minute\" \/>\n<script type=\"application\/ld+json\" class=\"yoast-schema-graph\">{\"@context\":\"https:\/\/schema.org\",\"@graph\":[{\"@type\":\"WebPage\",\"@id\":\"https:\/\/hammertimecafe.hu\/termek\/daughters-of-khaine-the-crimson-lash\/\",\"url\":\"https:\/\/hammertimecafe.hu\/termek\/daughters-of-khaine-the-crimson-lash\/\",\"name\":\"DAUGHTERS OF KHAINE: THE CRIMSON LASH - HammerTime Cafe Webshop\",\"isPartOf\":{\"@id\":\"https:\/\/hammertimecafe.hu\/#website\"},\"primaryImageOfPage\":{\"@id\":\"https:\/\/hammertimecafe.hu\/termek\/daughters-of-khaine-the-crimson-lash\/#primaryimage\"},\"image\":{\"@id\":\"https:\/\/hammertimecafe.hu\/termek\/daughters-of-khaine-the-crimson-lash\/#primaryimage\"},\"thumbnailUrl\":\"https:\/\/hammertimecafe.hu\/app\/uploads\/2026\/03\/Daughters-of-Khaine-The-Crimson-Lash.jpg\",\"datePublished\":\"2026-03-28T09:00:29+00:00\",\"dateModified\":\"2026-04-19T18:37:28+00:00\",\"description\":\"DAUGHTERS OF KHAINE: THE CRIMSON LASH Regiment of Renown High Gladiatrix \u00e9s Sisters of Slaughter egys\u00e9gekkel.\",\"breadcrumb\":{\"@id\":\"https:\/\/hammertimecafe.hu\/termek\/daughters-of-khaine-the-crimson-lash\/#breadcrumb\"},\"inLanguage\":\"en-US\",\"potentialAction\":[{\"@type\":\"ReadAction\",\"target\":[\"https:\/\/hammertimecafe.hu\/termek\/daughters-of-khaine-the-crimson-lash\/\"]}]},{\"@type\":\"ImageObject\",\"inLanguage\":\"en-US\",\"@id\":\"https:\/\/hammertimecafe.hu\/termek\/daughters-of-khaine-the-crimson-lash\/#primaryimage\",\"url\":\"https:\/\/hammertimecafe.hu\/app\/uploads\/2026\/03\/Daughters-of-Khaine-The-Crimson-Lash.jpg\",\"contentUrl\":\"https:\/\/hammertimecafe.hu\/app\/uploads\/2026\/03\/Daughters-of-Khaine-The-Crimson-Lash.jpg\",\"width\":1840,\"height\":1900,\"caption\":\"Daughters of Khaine The Crimson Lash\"},{\"@type\":\"BreadcrumbList\",\"@id\":\"https:\/\/hammertimecafe.hu\/termek\/daughters-of-khaine-the-crimson-lash\/#breadcrumb\",\"itemListElement\":[{\"@type\":\"ListItem\",\"position\":1,\"name\":\"Home\",\"item\":\"https:\/\/hammertimecafe.hu\/\"},{\"@type\":\"ListItem\",\"position\":2,\"name\":\"Shop\",\"item\":\"https:\/\/hammertimecafe.hu\/uzlet\/\"},{\"@type\":\"ListItem\",\"position\":3,\"name\":\"DAUGHTERS OF KHAINE: THE CRIMSON LASH\"}]},{\"@type\":\"WebSite\",\"@id\":\"https:\/\/hammertimecafe.hu\/#website\",\"url\":\"https:\/\/hammertimecafe.hu\/\",\"name\":\"Hammertimecafe\",\"description\":\"A HammerTime Cafe Hivatalos Weboldala \u00e9s Webshopja.\",\"publisher\":{\"@id\":\"https:\/\/hammertimecafe.hu\/#organization\"},\"potentialAction\":[{\"@type\":\"SearchAction\",\"target\":{\"@type\":\"EntryPoint\",\"urlTemplate\":\"https:\/\/hammertimecafe.hu\/?s={search_term_string}\"},\"query-input\":{\"@type\":\"PropertyValueSpecification\",\"valueRequired\":true,\"valueName\":\"search_term_string\"}}],\"inLanguage\":\"en-US\"},{\"@type\":\"Organization\",\"@id\":\"https:\/\/hammertimecafe.hu\/#organization\",\"name\":\"Hammertimecafe\",\"url\":\"https:\/\/hammertimecafe.hu\/\",\"logo\":{\"@type\":\"ImageObject\",\"inLanguage\":\"en-US\",\"@id\":\"https:\/\/hammertimecafe.hu\/#\/schema\/logo\/image\/\",\"url\":\"https:\/\/htcwoo.test\/app\/uploads\/2025\/08\/logo_of_htc.png\",\"contentUrl\":\"https:\/\/htcwoo.test\/app\/uploads\/2025\/08\/logo_of_htc.png\",\"width\":166,\"height\":73,\"caption\":\"Hammertimecafe\"},\"image\":{\"@id\":\"https:\/\/hammertimecafe.hu\/#\/schema\/logo\/image\/\"}}]}<\/script>\n<!-- \/ Yoast SEO Premium plugin. -->","yoast_head_json":{"title":"DAUGHTERS OF KHAINE: THE CRIMSON LASH - HammerTime Cafe Webshop","description":"DAUGHTERS OF KHAINE: THE CRIMSON LASH Regiment of Renown High Gladiatrix \u00e9s Sisters of Slaughter egys\u00e9gekkel.","robots":{"index":"index","follow":"follow","max-snippet":"max-snippet:-1","max-image-preview":"max-image-preview:large","max-video-preview":"max-video-preview:-1"},"canonical":"https:\/\/hammertimecafe.hu\/en\/product\/daughters-of-khaine-the-crimson-lash\/","og_locale":"en_US","og_type":"article","og_title":"DAUGHTERS OF KHAINE: THE CRIMSON LASH","og_description":"DAUGHTERS OF KHAINE: THE CRIMSON LASH Regiment of Renown High Gladiatrix \u00e9s Sisters of Slaughter egys\u00e9gekkel.","og_url":"https:\/\/hammertimecafe.hu\/en\/product\/daughters-of-khaine-the-crimson-lash\/","og_site_name":"HammerTime Cafe Webshop","article_modified_time":"2026-04-19T18:37:28+00:00","og_image":[{"width":1840,"height":1900,"url":"https:\/\/hammertimecafe.hu\/app\/uploads\/2026\/03\/Daughters-of-Khaine-The-Crimson-Lash.jpg","type":"image\/jpeg"}],"twitter_card":"summary_large_image","twitter_misc":{"Est. reading time":"1 minute"},"schema":{"@context":"https:\/\/schema.org","@graph":[{"@type":"WebPage","@id":"https:\/\/hammertimecafe.hu\/termek\/daughters-of-khaine-the-crimson-lash\/","url":"https:\/\/hammertimecafe.hu\/termek\/daughters-of-khaine-the-crimson-lash\/","name":"DAUGHTERS OF KHAINE: THE CRIMSON LASH - HammerTime Cafe Webshop","isPartOf":{"@id":"https:\/\/hammertimecafe.hu\/#website"},"primaryImageOfPage":{"@id":"https:\/\/hammertimecafe.hu\/termek\/daughters-of-khaine-the-crimson-lash\/#primaryimage"},"image":{"@id":"https:\/\/hammertimecafe.hu\/termek\/daughters-of-khaine-the-crimson-lash\/#primaryimage"},"thumbnailUrl":"https:\/\/hammertimecafe.hu\/app\/uploads\/2026\/03\/Daughters-of-Khaine-The-Crimson-Lash.jpg","datePublished":"2026-03-28T09:00:29+00:00","dateModified":"2026-04-19T18:37:28+00:00","description":"DAUGHTERS OF KHAINE: THE CRIMSON LASH Regiment of Renown High Gladiatrix \u00e9s Sisters of Slaughter egys\u00e9gekkel.","breadcrumb":{"@id":"https:\/\/hammertimecafe.hu\/termek\/daughters-of-khaine-the-crimson-lash\/#breadcrumb"},"inLanguage":"en-US","potentialAction":[{"@type":"ReadAction","target":["https:\/\/hammertimecafe.hu\/termek\/daughters-of-khaine-the-crimson-lash\/"]}]},{"@type":"ImageObject","inLanguage":"en-US","@id":"https:\/\/hammertimecafe.hu\/termek\/daughters-of-khaine-the-crimson-lash\/#primaryimage","url":"https:\/\/hammertimecafe.hu\/app\/uploads\/2026\/03\/Daughters-of-Khaine-The-Crimson-Lash.jpg","contentUrl":"https:\/\/hammertimecafe.hu\/app\/uploads\/2026\/03\/Daughters-of-Khaine-The-Crimson-Lash.jpg","width":1840,"height":1900,"caption":"Daughters of Khaine The Crimson Lash"},{"@type":"BreadcrumbList","@id":"https:\/\/hammertimecafe.hu\/termek\/daughters-of-khaine-the-crimson-lash\/#breadcrumb","itemListElement":[{"@type":"ListItem","position":1,"name":"Home","item":"https:\/\/hammertimecafe.hu\/"},{"@type":"ListItem","position":2,"name":"Shop","item":"https:\/\/hammertimecafe.hu\/uzlet\/"},{"@type":"ListItem","position":3,"name":"DAUGHTERS OF KHAINE: THE CRIMSON LASH"}]},{"@type":"WebSite","@id":"https:\/\/hammertimecafe.hu\/#website","url":"https:\/\/hammertimecafe.hu\/","name":"Hammertimecafe","description":"The Official Website and Webshop of HammerTime Cafe.","publisher":{"@id":"https:\/\/hammertimecafe.hu\/#organization"},"potentialAction":[{"@type":"SearchAction","target":{"@type":"EntryPoint","urlTemplate":"https:\/\/hammertimecafe.hu\/?s={search_term_string}"},"query-input":{"@type":"PropertyValueSpecification","valueRequired":true,"valueName":"search_term_string"}}],"inLanguage":"en-US"},{"@type":"Organization","@id":"https:\/\/hammertimecafe.hu\/#organization","name":"Hammertimecafe","url":"https:\/\/hammertimecafe.hu\/","logo":{"@type":"ImageObject","inLanguage":"en-US","@id":"https:\/\/hammertimecafe.hu\/#\/schema\/logo\/image\/","url":"https:\/\/htcwoo.test\/app\/uploads\/2025\/08\/logo_of_htc.png","contentUrl":"https:\/\/htcwoo.test\/app\/uploads\/2025\/08\/logo_of_htc.png","width":166,"height":73,"caption":"Hammertimecafe"},"image":{"@id":"https:\/\/hammertimecafe.hu\/#\/schema\/logo\/image\/"}}]}},"_links":{"self":[{"href":"https:\/\/hammertimecafe.hu\/en\/wp-json\/wp\/v2\/product\/28278","targetHints":{"allow":["GET"]}}],"collection":[{"href":"https:\/\/hammertimecafe.hu\/en\/wp-json\/wp\/v2\/product"}],"about":[{"href":"https:\/\/hammertimecafe.hu\/en\/wp-json\/wp\/v2\/types\/product"}],"replies":[{"embeddable":true,"href":"https:\/\/hammertimecafe.hu\/en\/wp-json\/wp\/v2\/comments?post=28278"}],"wp:featuredmedia":[{"embeddable":true,"href":"https:\/\/hammertimecafe.hu\/en\/wp-json\/wp\/v2\/media\/28543"}],"wp:attachment":[{"href":"https:\/\/hammertimecafe.hu\/en\/wp-json\/wp\/v2\/media?parent=28278"}],"wp:term":[{"taxonomy":"product_brand","embeddable":true,"href":"https:\/\/hammertimecafe.hu\/en\/wp-json\/wp\/v2\/product_brand?post=28278"},{"taxonomy":"product_cat","embeddable":true,"href":"https:\/\/hammertimecafe.hu\/en\/wp-json\/wp\/v2\/product_cat?post=28278"},{"taxonomy":"product_tag","embeddable":true,"href":"https:\/\/hammertimecafe.hu\/en\/wp-json\/wp\/v2\/product_tag?post=28278"}],"curies":[{"name":"wp","href":"https:\/\/api.w.org\/{rel}","templated":true}]}}