{"id":28609,"date":"2026-04-04T10:20:25","date_gmt":"2026-04-04T08:20:25","guid":{"rendered":"https:\/\/hammertimecafe.hu\/?post_type=product&#038;p=28609"},"modified":"2026-04-24T20:55:41","modified_gmt":"2026-04-24T18:55:41","slug":"eye-of-terror-battalion-imperial-knights","status":"publish","type":"product","link":"https:\/\/hammertimecafe.hu\/en\/product\/eye-of-terror-battalion-imperial-knights\/","title":{"rendered":"EYE OF TERROR BATTALION: IMPERIAL KNIGHTS"},"content":{"rendered":"<p>Az EYE OF TERROR BATTALION: IMPERIAL KNIGHTS egy leny\u0171g\u00f6z\u0151 csomag, amely a Knight vil\u00e1gok puszt\u00edt\u00f3 erej\u00e9t hozza el a csatat\u00e9rre. Az EYE OF TERROR BATTALION: IMPERIAL KNIGHTS t\u00f6k\u00e9letes v\u00e1laszt\u00e1s minden j\u00e1t\u00e9kos sz\u00e1m\u00e1ra, aki monument\u00e1lis harci g\u00e9pekkel domin\u00e1ln\u00e1 az ellenfeleit.<\/p>\n<p>A k\u00e9szlet k\u00f6zponti eleme egy Dominus-pattern Knight, amely \u00f6ssze\u00e1ll\u00edthat\u00f3 Knight Valiant vagy Knight Castellan v\u00e1ltozatban. Az EYE OF TERROR BATTALION: IMPERIAL KNIGHTS emellett k\u00e9t Armiger modellt is tartalmaz, amelyek Warglaives vagy Helverins konfigur\u00e1ci\u00f3ban \u00e9p\u00edthet\u0151k meg.<\/p>\n<p>Az \u00faj Freeblade Company Detachment szab\u00e1lyok tov\u00e1bbi taktikai lehet\u0151s\u00e9geket k\u00edn\u00e1lnak a j\u00e1t\u00e9k sor\u00e1n. Az EYE OF TERROR BATTALION: IMPERIAL KNIGHTS \u00edgy nemcsak l\u00e1tv\u00e1nyos, hanem rendk\u00edv\u00fcl sokoldal\u00fa v\u00e1laszt\u00e1s is.<\/p>\n<p>Ez a k\u00e9szlet ide\u00e1lis v\u00e1laszt\u00e1s mind gy\u0171jt\u0151knek, mind j\u00e1t\u00e9kosoknak, akik egy er\u0151s \u00e9s tematikus hadsereget szeretn\u00e9nek. Az EYE OF TERROR BATTALION: IMPERIAL KNIGHTS garant\u00e1ltan uralja a csatateret.<\/p>\n<p>The miniatures require assembly and painting.<br \/>\nProduct language: English.<br \/>\nAz el\u0151rendel\u00e9si peri\u00f3dus 2026. 04. 04-\u00e9n indul, a term\u00e9k 2026. 04. 18-t\u00f3l vehet\u0151 \u00e1t.<br \/>\nA term\u00e9k limit\u00e1lt, a rendel\u00e9seket \u00e9rkez\u00e9si sorrendben szolg\u00e1ljuk ki.<\/p>","protected":false},"excerpt":{"rendered":"<p>Az EYE OF TERROR BATTALION: IMPERIAL KNIGHTS egy leny\u0171g\u00f6z\u0151 csomag, amely a Knight vil\u00e1gok puszt\u00edt\u00f3 erej\u00e9t hozza el a csatat\u00e9rre. Az EYE OF TERROR BATTALION: IMPERIAL KNIGHTS t\u00f6k\u00e9letes v\u00e1laszt\u00e1s minden j\u00e1t\u00e9kos sz\u00e1m\u00e1ra, aki monument\u00e1lis harci g\u00e9pekkel domin\u00e1ln\u00e1 az ellenfeleit.<\/p>","protected":false},"featured_media":28715,"comment_status":"open","ping_status":"closed","template":"","meta":{"_acf_changed":false},"product_brand":[46],"product_cat":[255,223,19,249],"product_tag":[],"class_list":{"0":"post-28609","1":"product","2":"type-product","3":"status-publish","4":"has-post-thumbnail","6":"product_brand-games-workshop","7":"product_cat-armies-of-the-imperium","8":"product_cat-imperial-knights","9":"product_cat-wargame","10":"product_cat-warhammer-40-000-wargame","12":"first","13":"onbackorder","14":"sale","15":"taxable","16":"shipping-taxable","17":"purchasable","18":"product-type-simple"},"acf":[],"yoast_head":"<!-- This site is optimized with the Yoast SEO Premium plugin v25.6 (Yoast SEO v25.6) - https:\/\/yoast.com\/wordpress\/plugins\/seo\/ -->\n<title>EYE OF TERROR BATTALION: IMPERIAL KNIGHTS - HammerTime Cafe Webshop<\/title>\n<meta name=\"description\" content=\"EYE OF TERROR BATTALION: IMPERIAL KNIGHTS Knight Valiant vagy Castellan \u00e9s Armiger modellekkel Warhammer 40,000-hez.\" \/>\n<meta name=\"robots\" content=\"index, follow, max-snippet:-1, max-image-preview:large, max-video-preview:-1\" \/>\n<link rel=\"canonical\" href=\"https:\/\/hammertimecafe.hu\/en\/product\/eye-of-terror-battalion-imperial-knights\/\" \/>\n<meta property=\"og:locale\" content=\"en_US\" \/>\n<meta property=\"og:type\" content=\"article\" \/>\n<meta property=\"og:title\" content=\"EYE OF TERROR BATTALION: IMPERIAL KNIGHTS\" \/>\n<meta property=\"og:description\" content=\"EYE OF TERROR BATTALION: IMPERIAL KNIGHTS Knight Valiant vagy Castellan \u00e9s Armiger modellekkel Warhammer 40,000-hez.\" \/>\n<meta property=\"og:url\" content=\"https:\/\/hammertimecafe.hu\/en\/product\/eye-of-terror-battalion-imperial-knights\/\" \/>\n<meta property=\"og:site_name\" content=\"HammerTime Cafe Webshop\" \/>\n<meta property=\"article:modified_time\" content=\"2026-04-24T18:55:41+00:00\" \/>\n<meta property=\"og:image\" content=\"https:\/\/hammertimecafe.hu\/app\/uploads\/2026\/03\/EYE-OF-TERROR-BATTALION-IMPERIAL-KNIGHTS.jpg\" \/>\n\t<meta property=\"og:image:width\" content=\"1840\" \/>\n\t<meta property=\"og:image:height\" content=\"1900\" \/>\n\t<meta property=\"og:image:type\" content=\"image\/jpeg\" \/>\n<meta name=\"twitter:card\" content=\"summary_large_image\" \/>\n<meta name=\"twitter:label1\" content=\"Est. reading time\" \/>\n\t<meta name=\"twitter:data1\" content=\"1 minute\" \/>\n<script type=\"application\/ld+json\" class=\"yoast-schema-graph\">{\"@context\":\"https:\/\/schema.org\",\"@graph\":[{\"@type\":\"WebPage\",\"@id\":\"https:\/\/hammertimecafe.hu\/termek\/eye-of-terror-battalion-imperial-knights\/\",\"url\":\"https:\/\/hammertimecafe.hu\/termek\/eye-of-terror-battalion-imperial-knights\/\",\"name\":\"EYE OF TERROR BATTALION: IMPERIAL KNIGHTS - HammerTime Cafe Webshop\",\"isPartOf\":{\"@id\":\"https:\/\/hammertimecafe.hu\/#website\"},\"primaryImageOfPage\":{\"@id\":\"https:\/\/hammertimecafe.hu\/termek\/eye-of-terror-battalion-imperial-knights\/#primaryimage\"},\"image\":{\"@id\":\"https:\/\/hammertimecafe.hu\/termek\/eye-of-terror-battalion-imperial-knights\/#primaryimage\"},\"thumbnailUrl\":\"https:\/\/hammertimecafe.hu\/app\/uploads\/2026\/03\/EYE-OF-TERROR-BATTALION-IMPERIAL-KNIGHTS.jpg\",\"datePublished\":\"2026-04-04T08:20:25+00:00\",\"dateModified\":\"2026-04-24T18:55:41+00:00\",\"description\":\"EYE OF TERROR BATTALION: IMPERIAL KNIGHTS Knight Valiant vagy Castellan \u00e9s Armiger modellekkel Warhammer 40,000-hez.\",\"breadcrumb\":{\"@id\":\"https:\/\/hammertimecafe.hu\/termek\/eye-of-terror-battalion-imperial-knights\/#breadcrumb\"},\"inLanguage\":\"en-US\",\"potentialAction\":[{\"@type\":\"ReadAction\",\"target\":[\"https:\/\/hammertimecafe.hu\/termek\/eye-of-terror-battalion-imperial-knights\/\"]}]},{\"@type\":\"ImageObject\",\"inLanguage\":\"en-US\",\"@id\":\"https:\/\/hammertimecafe.hu\/termek\/eye-of-terror-battalion-imperial-knights\/#primaryimage\",\"url\":\"https:\/\/hammertimecafe.hu\/app\/uploads\/2026\/03\/EYE-OF-TERROR-BATTALION-IMPERIAL-KNIGHTS.jpg\",\"contentUrl\":\"https:\/\/hammertimecafe.hu\/app\/uploads\/2026\/03\/EYE-OF-TERROR-BATTALION-IMPERIAL-KNIGHTS.jpg\",\"width\":1840,\"height\":1900,\"caption\":\"EYE OF TERROR BATTALION IMPERIAL KNIGHTS\"},{\"@type\":\"BreadcrumbList\",\"@id\":\"https:\/\/hammertimecafe.hu\/termek\/eye-of-terror-battalion-imperial-knights\/#breadcrumb\",\"itemListElement\":[{\"@type\":\"ListItem\",\"position\":1,\"name\":\"Home\",\"item\":\"https:\/\/hammertimecafe.hu\/\"},{\"@type\":\"ListItem\",\"position\":2,\"name\":\"Shop\",\"item\":\"https:\/\/hammertimecafe.hu\/uzlet\/\"},{\"@type\":\"ListItem\",\"position\":3,\"name\":\"EYE OF TERROR BATTALION: IMPERIAL KNIGHTS\"}]},{\"@type\":\"WebSite\",\"@id\":\"https:\/\/hammertimecafe.hu\/#website\",\"url\":\"https:\/\/hammertimecafe.hu\/\",\"name\":\"Hammertimecafe\",\"description\":\"A HammerTime Cafe Hivatalos Weboldala \u00e9s Webshopja.\",\"publisher\":{\"@id\":\"https:\/\/hammertimecafe.hu\/#organization\"},\"potentialAction\":[{\"@type\":\"SearchAction\",\"target\":{\"@type\":\"EntryPoint\",\"urlTemplate\":\"https:\/\/hammertimecafe.hu\/?s={search_term_string}\"},\"query-input\":{\"@type\":\"PropertyValueSpecification\",\"valueRequired\":true,\"valueName\":\"search_term_string\"}}],\"inLanguage\":\"en-US\"},{\"@type\":\"Organization\",\"@id\":\"https:\/\/hammertimecafe.hu\/#organization\",\"name\":\"Hammertimecafe\",\"url\":\"https:\/\/hammertimecafe.hu\/\",\"logo\":{\"@type\":\"ImageObject\",\"inLanguage\":\"en-US\",\"@id\":\"https:\/\/hammertimecafe.hu\/#\/schema\/logo\/image\/\",\"url\":\"https:\/\/htcwoo.test\/app\/uploads\/2025\/08\/logo_of_htc.png\",\"contentUrl\":\"https:\/\/htcwoo.test\/app\/uploads\/2025\/08\/logo_of_htc.png\",\"width\":166,\"height\":73,\"caption\":\"Hammertimecafe\"},\"image\":{\"@id\":\"https:\/\/hammertimecafe.hu\/#\/schema\/logo\/image\/\"}}]}<\/script>\n<!-- \/ Yoast SEO Premium plugin. -->","yoast_head_json":{"title":"EYE OF TERROR BATTALION: IMPERIAL KNIGHTS - HammerTime Cafe Webshop","description":"EYE OF TERROR BATTALION: IMPERIAL KNIGHTS Knight Valiant vagy Castellan \u00e9s Armiger modellekkel Warhammer 40,000-hez.","robots":{"index":"index","follow":"follow","max-snippet":"max-snippet:-1","max-image-preview":"max-image-preview:large","max-video-preview":"max-video-preview:-1"},"canonical":"https:\/\/hammertimecafe.hu\/en\/product\/eye-of-terror-battalion-imperial-knights\/","og_locale":"en_US","og_type":"article","og_title":"EYE OF TERROR BATTALION: IMPERIAL KNIGHTS","og_description":"EYE OF TERROR BATTALION: IMPERIAL KNIGHTS Knight Valiant vagy Castellan \u00e9s Armiger modellekkel Warhammer 40,000-hez.","og_url":"https:\/\/hammertimecafe.hu\/en\/product\/eye-of-terror-battalion-imperial-knights\/","og_site_name":"HammerTime Cafe Webshop","article_modified_time":"2026-04-24T18:55:41+00:00","og_image":[{"width":1840,"height":1900,"url":"https:\/\/hammertimecafe.hu\/app\/uploads\/2026\/03\/EYE-OF-TERROR-BATTALION-IMPERIAL-KNIGHTS.jpg","type":"image\/jpeg"}],"twitter_card":"summary_large_image","twitter_misc":{"Est. reading time":"1 minute"},"schema":{"@context":"https:\/\/schema.org","@graph":[{"@type":"WebPage","@id":"https:\/\/hammertimecafe.hu\/termek\/eye-of-terror-battalion-imperial-knights\/","url":"https:\/\/hammertimecafe.hu\/termek\/eye-of-terror-battalion-imperial-knights\/","name":"EYE OF TERROR BATTALION: IMPERIAL KNIGHTS - HammerTime Cafe Webshop","isPartOf":{"@id":"https:\/\/hammertimecafe.hu\/#website"},"primaryImageOfPage":{"@id":"https:\/\/hammertimecafe.hu\/termek\/eye-of-terror-battalion-imperial-knights\/#primaryimage"},"image":{"@id":"https:\/\/hammertimecafe.hu\/termek\/eye-of-terror-battalion-imperial-knights\/#primaryimage"},"thumbnailUrl":"https:\/\/hammertimecafe.hu\/app\/uploads\/2026\/03\/EYE-OF-TERROR-BATTALION-IMPERIAL-KNIGHTS.jpg","datePublished":"2026-04-04T08:20:25+00:00","dateModified":"2026-04-24T18:55:41+00:00","description":"EYE OF TERROR BATTALION: IMPERIAL KNIGHTS Knight Valiant vagy Castellan \u00e9s Armiger modellekkel Warhammer 40,000-hez.","breadcrumb":{"@id":"https:\/\/hammertimecafe.hu\/termek\/eye-of-terror-battalion-imperial-knights\/#breadcrumb"},"inLanguage":"en-US","potentialAction":[{"@type":"ReadAction","target":["https:\/\/hammertimecafe.hu\/termek\/eye-of-terror-battalion-imperial-knights\/"]}]},{"@type":"ImageObject","inLanguage":"en-US","@id":"https:\/\/hammertimecafe.hu\/termek\/eye-of-terror-battalion-imperial-knights\/#primaryimage","url":"https:\/\/hammertimecafe.hu\/app\/uploads\/2026\/03\/EYE-OF-TERROR-BATTALION-IMPERIAL-KNIGHTS.jpg","contentUrl":"https:\/\/hammertimecafe.hu\/app\/uploads\/2026\/03\/EYE-OF-TERROR-BATTALION-IMPERIAL-KNIGHTS.jpg","width":1840,"height":1900,"caption":"EYE OF TERROR BATTALION IMPERIAL KNIGHTS"},{"@type":"BreadcrumbList","@id":"https:\/\/hammertimecafe.hu\/termek\/eye-of-terror-battalion-imperial-knights\/#breadcrumb","itemListElement":[{"@type":"ListItem","position":1,"name":"Home","item":"https:\/\/hammertimecafe.hu\/"},{"@type":"ListItem","position":2,"name":"Shop","item":"https:\/\/hammertimecafe.hu\/uzlet\/"},{"@type":"ListItem","position":3,"name":"EYE OF TERROR BATTALION: IMPERIAL KNIGHTS"}]},{"@type":"WebSite","@id":"https:\/\/hammertimecafe.hu\/#website","url":"https:\/\/hammertimecafe.hu\/","name":"Hammertimecafe","description":"The Official Website and Webshop of HammerTime Cafe.","publisher":{"@id":"https:\/\/hammertimecafe.hu\/#organization"},"potentialAction":[{"@type":"SearchAction","target":{"@type":"EntryPoint","urlTemplate":"https:\/\/hammertimecafe.hu\/?s={search_term_string}"},"query-input":{"@type":"PropertyValueSpecification","valueRequired":true,"valueName":"search_term_string"}}],"inLanguage":"en-US"},{"@type":"Organization","@id":"https:\/\/hammertimecafe.hu\/#organization","name":"Hammertimecafe","url":"https:\/\/hammertimecafe.hu\/","logo":{"@type":"ImageObject","inLanguage":"en-US","@id":"https:\/\/hammertimecafe.hu\/#\/schema\/logo\/image\/","url":"https:\/\/htcwoo.test\/app\/uploads\/2025\/08\/logo_of_htc.png","contentUrl":"https:\/\/htcwoo.test\/app\/uploads\/2025\/08\/logo_of_htc.png","width":166,"height":73,"caption":"Hammertimecafe"},"image":{"@id":"https:\/\/hammertimecafe.hu\/#\/schema\/logo\/image\/"}}]}},"_links":{"self":[{"href":"https:\/\/hammertimecafe.hu\/en\/wp-json\/wp\/v2\/product\/28609","targetHints":{"allow":["GET"]}}],"collection":[{"href":"https:\/\/hammertimecafe.hu\/en\/wp-json\/wp\/v2\/product"}],"about":[{"href":"https:\/\/hammertimecafe.hu\/en\/wp-json\/wp\/v2\/types\/product"}],"replies":[{"embeddable":true,"href":"https:\/\/hammertimecafe.hu\/en\/wp-json\/wp\/v2\/comments?post=28609"}],"wp:featuredmedia":[{"embeddable":true,"href":"https:\/\/hammertimecafe.hu\/en\/wp-json\/wp\/v2\/media\/28715"}],"wp:attachment":[{"href":"https:\/\/hammertimecafe.hu\/en\/wp-json\/wp\/v2\/media?parent=28609"}],"wp:term":[{"taxonomy":"product_brand","embeddable":true,"href":"https:\/\/hammertimecafe.hu\/en\/wp-json\/wp\/v2\/product_brand?post=28609"},{"taxonomy":"product_cat","embeddable":true,"href":"https:\/\/hammertimecafe.hu\/en\/wp-json\/wp\/v2\/product_cat?post=28609"},{"taxonomy":"product_tag","embeddable":true,"href":"https:\/\/hammertimecafe.hu\/en\/wp-json\/wp\/v2\/product_tag?post=28609"}],"curies":[{"name":"wp","href":"https:\/\/api.w.org\/{rel}","templated":true}]}}