{"id":28612,"date":"2026-04-04T10:20:20","date_gmt":"2026-04-04T08:20:20","guid":{"rendered":"https:\/\/hammertimecafe.hu\/?post_type=product&#038;p=28612"},"modified":"2026-04-29T17:23:32","modified_gmt":"2026-04-29T15:23:32","slug":"eye-of-terror-battalion-adeptus-mechanicus","status":"publish","type":"product","link":"https:\/\/hammertimecafe.hu\/en\/product\/eye-of-terror-battalion-adeptus-mechanicus\/","title":{"rendered":"EYE OF TERROR BATTALION: ADEPTUS MECHANICUS"},"content":{"rendered":"<p>Az EYE OF TERROR BATTALION: ADEPTUS MECHANICUS egy er\u0151teljes csomag, amely a Mechanicus hadig\u00e9peinek puszt\u00edt\u00f3 erej\u00e9t hozza el a csatat\u00e9rre. Az EYE OF TERROR BATTALION: ADEPTUS MECHANICUS ide\u00e1lis v\u00e1laszt\u00e1s megl\u00e9v\u0151 hadseregek b\u0151v\u00edt\u00e9s\u00e9re vagy egy \u00faj, p\u00e1nc\u00e9losokra \u00e9p\u00fcl\u0151 sereg alapjak\u00e9nt.<\/p>\n<p>A doboz tartalmaz egy Onager Dunecrawlert, egy Skorpius Disintegratort (amely Duneriderk\u00e9nt is \u00f6ssze\u00e1ll\u00edthat\u00f3), valamint egy Ironstrider Ballistariust (amely Sydonian Dragoonk\u00e9nt is \u00e9p\u00edthet\u0151). Az EYE OF TERROR BATTALION: ADEPTUS MECHANICUS \u00edgy t\u00f6bbf\u00e9le taktikai lehet\u0151s\u00e9get k\u00edn\u00e1l.<\/p>\n<p>Ez a k\u00e9szlet t\u00f6k\u00e9letesen illeszkedik az \u00faj Eradication Cohort Detachment szab\u00e1lyaihoz. Az EYE OF TERROR BATTALION: ADEPTUS MECHANICUS kiv\u00e1l\u00f3 v\u00e1laszt\u00e1s minden j\u00e1t\u00e9kos sz\u00e1m\u00e1ra, aki neh\u00e9zfegyveres t\u00e1mogat\u00e1ssal er\u0151s\u00edten\u00e9 seregeit.<\/p>\n<p>A kombin\u00e1lt t\u0171zer\u0151 \u00e9s mobilit\u00e1s lehet\u0151v\u00e9 teszi az ellens\u00e9g gyors \u00e9s hat\u00e9kony megsemmis\u00edt\u00e9s\u00e9t. Az EYE OF TERROR BATTALION: ADEPTUS MECHANICUS egy igaz\u00e1n \u00fct\u0151k\u00e9pes b\u0151v\u00edt\u00e9s b\u00e1rmely Adeptus Mechanicus hadsereghez.<\/p>\n<p>The miniatures require assembly and painting.<br \/>\nProduct language: English.<br \/>\nAz el\u0151rendel\u00e9si peri\u00f3dus 2026. 04. 04-\u00e9n indul, a term\u00e9k 2026. 04. 18-t\u00f3l vehet\u0151 \u00e1t.<br \/>\nA term\u00e9k limit\u00e1lt, a rendel\u00e9seket \u00e9rkez\u00e9si sorrendben szolg\u00e1ljuk ki.<\/p>","protected":false},"excerpt":{"rendered":"<p>Az EYE OF TERROR BATTALION: ADEPTUS MECHANICUS egy er\u0151teljes csomag, amely a Mechanicus hadig\u00e9peinek puszt\u00edt\u00f3 erej\u00e9t hozza el a csatat\u00e9rre. Az EYE OF TERROR BATTALION: ADEPTUS MECHANICUS ide\u00e1lis v\u00e1laszt\u00e1s megl\u00e9v\u0151 hadseregek b\u0151v\u00edt\u00e9s\u00e9re vagy egy \u00faj, p\u00e1nc\u00e9losokra \u00e9p\u00fcl\u0151 sereg alapjak\u00e9nt.<\/p>","protected":false},"featured_media":28713,"comment_status":"open","ping_status":"closed","template":"","meta":{"_acf_changed":false},"product_brand":[46],"product_cat":[141,255,19,249],"product_tag":[],"class_list":{"0":"post-28612","1":"product","2":"type-product","3":"status-publish","4":"has-post-thumbnail","6":"product_brand-games-workshop","7":"product_cat-adeptus-mechanicus","8":"product_cat-armies-of-the-imperium","9":"product_cat-wargame","10":"product_cat-warhammer-40-000-wargame","12":"first","13":"onbackorder","14":"sale","15":"taxable","16":"shipping-taxable","17":"purchasable","18":"product-type-simple"},"acf":[],"yoast_head":"<!-- This site is optimized with the Yoast SEO Premium plugin v25.6 (Yoast SEO v25.6) - https:\/\/yoast.com\/wordpress\/plugins\/seo\/ -->\n<title>EYE OF TERROR BATTALION: ADEPTUS MECHANICUS - HammerTime Cafe Webshop<\/title>\n<meta name=\"description\" content=\"EYE OF TERROR BATTALION: ADEPTUS MECHANICUS Onager, Skorpius \u00e9s Ironstrider egys\u00e9gekkel Warhammer 40,000-hez.\" \/>\n<meta name=\"robots\" content=\"index, follow, max-snippet:-1, max-image-preview:large, max-video-preview:-1\" \/>\n<link rel=\"canonical\" href=\"https:\/\/hammertimecafe.hu\/en\/product\/eye-of-terror-battalion-adeptus-mechanicus\/\" \/>\n<meta property=\"og:locale\" content=\"en_US\" \/>\n<meta property=\"og:type\" content=\"article\" \/>\n<meta property=\"og:title\" content=\"EYE OF TERROR BATTALION: ADEPTUS MECHANICUS\" \/>\n<meta property=\"og:description\" content=\"EYE OF TERROR BATTALION: ADEPTUS MECHANICUS Onager, Skorpius \u00e9s Ironstrider egys\u00e9gekkel Warhammer 40,000-hez.\" \/>\n<meta property=\"og:url\" content=\"https:\/\/hammertimecafe.hu\/en\/product\/eye-of-terror-battalion-adeptus-mechanicus\/\" \/>\n<meta property=\"og:site_name\" content=\"HammerTime Cafe Webshop\" \/>\n<meta property=\"article:modified_time\" content=\"2026-04-29T15:23:32+00:00\" \/>\n<meta property=\"og:image\" content=\"https:\/\/hammertimecafe.hu\/app\/uploads\/2026\/03\/EYE-OF-TERROR-BATTALION-ADEPTUS-MECHANICUS-992x1024.jpg\" \/>\n\t<meta property=\"og:image:width\" content=\"992\" \/>\n\t<meta property=\"og:image:height\" content=\"1024\" \/>\n\t<meta property=\"og:image:type\" content=\"image\/jpeg\" \/>\n<meta name=\"twitter:card\" content=\"summary_large_image\" \/>\n<meta name=\"twitter:label1\" content=\"Est. reading time\" \/>\n\t<meta name=\"twitter:data1\" content=\"1 minute\" \/>\n<script type=\"application\/ld+json\" class=\"yoast-schema-graph\">{\"@context\":\"https:\/\/schema.org\",\"@graph\":[{\"@type\":\"WebPage\",\"@id\":\"https:\/\/hammertimecafe.hu\/termek\/eye-of-terror-battalion-adeptus-mechanicus\/\",\"url\":\"https:\/\/hammertimecafe.hu\/termek\/eye-of-terror-battalion-adeptus-mechanicus\/\",\"name\":\"EYE OF TERROR BATTALION: ADEPTUS MECHANICUS - HammerTime Cafe Webshop\",\"isPartOf\":{\"@id\":\"https:\/\/hammertimecafe.hu\/#website\"},\"primaryImageOfPage\":{\"@id\":\"https:\/\/hammertimecafe.hu\/termek\/eye-of-terror-battalion-adeptus-mechanicus\/#primaryimage\"},\"image\":{\"@id\":\"https:\/\/hammertimecafe.hu\/termek\/eye-of-terror-battalion-adeptus-mechanicus\/#primaryimage\"},\"thumbnailUrl\":\"https:\/\/hammertimecafe.hu\/app\/uploads\/2026\/03\/EYE-OF-TERROR-BATTALION-ADEPTUS-MECHANICUS.jpg\",\"datePublished\":\"2026-04-04T08:20:20+00:00\",\"dateModified\":\"2026-04-29T15:23:32+00:00\",\"description\":\"EYE OF TERROR BATTALION: ADEPTUS MECHANICUS Onager, Skorpius \u00e9s Ironstrider egys\u00e9gekkel Warhammer 40,000-hez.\",\"breadcrumb\":{\"@id\":\"https:\/\/hammertimecafe.hu\/termek\/eye-of-terror-battalion-adeptus-mechanicus\/#breadcrumb\"},\"inLanguage\":\"en-US\",\"potentialAction\":[{\"@type\":\"ReadAction\",\"target\":[\"https:\/\/hammertimecafe.hu\/termek\/eye-of-terror-battalion-adeptus-mechanicus\/\"]}]},{\"@type\":\"ImageObject\",\"inLanguage\":\"en-US\",\"@id\":\"https:\/\/hammertimecafe.hu\/termek\/eye-of-terror-battalion-adeptus-mechanicus\/#primaryimage\",\"url\":\"https:\/\/hammertimecafe.hu\/app\/uploads\/2026\/03\/EYE-OF-TERROR-BATTALION-ADEPTUS-MECHANICUS.jpg\",\"contentUrl\":\"https:\/\/hammertimecafe.hu\/app\/uploads\/2026\/03\/EYE-OF-TERROR-BATTALION-ADEPTUS-MECHANICUS.jpg\",\"width\":1840,\"height\":1900,\"caption\":\"EYE OF TERROR BATTALION ADEPTUS MECHANICUS\"},{\"@type\":\"BreadcrumbList\",\"@id\":\"https:\/\/hammertimecafe.hu\/termek\/eye-of-terror-battalion-adeptus-mechanicus\/#breadcrumb\",\"itemListElement\":[{\"@type\":\"ListItem\",\"position\":1,\"name\":\"Home\",\"item\":\"https:\/\/hammertimecafe.hu\/\"},{\"@type\":\"ListItem\",\"position\":2,\"name\":\"Shop\",\"item\":\"https:\/\/hammertimecafe.hu\/uzlet\/\"},{\"@type\":\"ListItem\",\"position\":3,\"name\":\"EYE OF TERROR BATTALION: ADEPTUS MECHANICUS\"}]},{\"@type\":\"WebSite\",\"@id\":\"https:\/\/hammertimecafe.hu\/#website\",\"url\":\"https:\/\/hammertimecafe.hu\/\",\"name\":\"Hammertimecafe\",\"description\":\"A HammerTime Cafe Hivatalos Weboldala \u00e9s Webshopja.\",\"publisher\":{\"@id\":\"https:\/\/hammertimecafe.hu\/#organization\"},\"potentialAction\":[{\"@type\":\"SearchAction\",\"target\":{\"@type\":\"EntryPoint\",\"urlTemplate\":\"https:\/\/hammertimecafe.hu\/?s={search_term_string}\"},\"query-input\":{\"@type\":\"PropertyValueSpecification\",\"valueRequired\":true,\"valueName\":\"search_term_string\"}}],\"inLanguage\":\"en-US\"},{\"@type\":\"Organization\",\"@id\":\"https:\/\/hammertimecafe.hu\/#organization\",\"name\":\"Hammertimecafe\",\"url\":\"https:\/\/hammertimecafe.hu\/\",\"logo\":{\"@type\":\"ImageObject\",\"inLanguage\":\"en-US\",\"@id\":\"https:\/\/hammertimecafe.hu\/#\/schema\/logo\/image\/\",\"url\":\"https:\/\/htcwoo.test\/app\/uploads\/2025\/08\/logo_of_htc.png\",\"contentUrl\":\"https:\/\/htcwoo.test\/app\/uploads\/2025\/08\/logo_of_htc.png\",\"width\":166,\"height\":73,\"caption\":\"Hammertimecafe\"},\"image\":{\"@id\":\"https:\/\/hammertimecafe.hu\/#\/schema\/logo\/image\/\"}}]}<\/script>\n<!-- \/ Yoast SEO Premium plugin. -->","yoast_head_json":{"title":"EYE OF TERROR BATTALION: ADEPTUS MECHANICUS - HammerTime Cafe Webshop","description":"EYE OF TERROR BATTALION: ADEPTUS MECHANICUS Onager, Skorpius \u00e9s Ironstrider egys\u00e9gekkel Warhammer 40,000-hez.","robots":{"index":"index","follow":"follow","max-snippet":"max-snippet:-1","max-image-preview":"max-image-preview:large","max-video-preview":"max-video-preview:-1"},"canonical":"https:\/\/hammertimecafe.hu\/en\/product\/eye-of-terror-battalion-adeptus-mechanicus\/","og_locale":"en_US","og_type":"article","og_title":"EYE OF TERROR BATTALION: ADEPTUS MECHANICUS","og_description":"EYE OF TERROR BATTALION: ADEPTUS MECHANICUS Onager, Skorpius \u00e9s Ironstrider egys\u00e9gekkel Warhammer 40,000-hez.","og_url":"https:\/\/hammertimecafe.hu\/en\/product\/eye-of-terror-battalion-adeptus-mechanicus\/","og_site_name":"HammerTime Cafe Webshop","article_modified_time":"2026-04-29T15:23:32+00:00","og_image":[{"width":992,"height":1024,"url":"https:\/\/hammertimecafe.hu\/app\/uploads\/2026\/03\/EYE-OF-TERROR-BATTALION-ADEPTUS-MECHANICUS-992x1024.jpg","type":"image\/jpeg"}],"twitter_card":"summary_large_image","twitter_misc":{"Est. reading time":"1 minute"},"schema":{"@context":"https:\/\/schema.org","@graph":[{"@type":"WebPage","@id":"https:\/\/hammertimecafe.hu\/termek\/eye-of-terror-battalion-adeptus-mechanicus\/","url":"https:\/\/hammertimecafe.hu\/termek\/eye-of-terror-battalion-adeptus-mechanicus\/","name":"EYE OF TERROR BATTALION: ADEPTUS MECHANICUS - HammerTime Cafe Webshop","isPartOf":{"@id":"https:\/\/hammertimecafe.hu\/#website"},"primaryImageOfPage":{"@id":"https:\/\/hammertimecafe.hu\/termek\/eye-of-terror-battalion-adeptus-mechanicus\/#primaryimage"},"image":{"@id":"https:\/\/hammertimecafe.hu\/termek\/eye-of-terror-battalion-adeptus-mechanicus\/#primaryimage"},"thumbnailUrl":"https:\/\/hammertimecafe.hu\/app\/uploads\/2026\/03\/EYE-OF-TERROR-BATTALION-ADEPTUS-MECHANICUS.jpg","datePublished":"2026-04-04T08:20:20+00:00","dateModified":"2026-04-29T15:23:32+00:00","description":"EYE OF TERROR BATTALION: ADEPTUS MECHANICUS Onager, Skorpius \u00e9s Ironstrider egys\u00e9gekkel Warhammer 40,000-hez.","breadcrumb":{"@id":"https:\/\/hammertimecafe.hu\/termek\/eye-of-terror-battalion-adeptus-mechanicus\/#breadcrumb"},"inLanguage":"en-US","potentialAction":[{"@type":"ReadAction","target":["https:\/\/hammertimecafe.hu\/termek\/eye-of-terror-battalion-adeptus-mechanicus\/"]}]},{"@type":"ImageObject","inLanguage":"en-US","@id":"https:\/\/hammertimecafe.hu\/termek\/eye-of-terror-battalion-adeptus-mechanicus\/#primaryimage","url":"https:\/\/hammertimecafe.hu\/app\/uploads\/2026\/03\/EYE-OF-TERROR-BATTALION-ADEPTUS-MECHANICUS.jpg","contentUrl":"https:\/\/hammertimecafe.hu\/app\/uploads\/2026\/03\/EYE-OF-TERROR-BATTALION-ADEPTUS-MECHANICUS.jpg","width":1840,"height":1900,"caption":"EYE OF TERROR BATTALION ADEPTUS MECHANICUS"},{"@type":"BreadcrumbList","@id":"https:\/\/hammertimecafe.hu\/termek\/eye-of-terror-battalion-adeptus-mechanicus\/#breadcrumb","itemListElement":[{"@type":"ListItem","position":1,"name":"Home","item":"https:\/\/hammertimecafe.hu\/"},{"@type":"ListItem","position":2,"name":"Shop","item":"https:\/\/hammertimecafe.hu\/uzlet\/"},{"@type":"ListItem","position":3,"name":"EYE OF TERROR BATTALION: ADEPTUS MECHANICUS"}]},{"@type":"WebSite","@id":"https:\/\/hammertimecafe.hu\/#website","url":"https:\/\/hammertimecafe.hu\/","name":"Hammertimecafe","description":"The Official Website and Webshop of HammerTime Cafe.","publisher":{"@id":"https:\/\/hammertimecafe.hu\/#organization"},"potentialAction":[{"@type":"SearchAction","target":{"@type":"EntryPoint","urlTemplate":"https:\/\/hammertimecafe.hu\/?s={search_term_string}"},"query-input":{"@type":"PropertyValueSpecification","valueRequired":true,"valueName":"search_term_string"}}],"inLanguage":"en-US"},{"@type":"Organization","@id":"https:\/\/hammertimecafe.hu\/#organization","name":"Hammertimecafe","url":"https:\/\/hammertimecafe.hu\/","logo":{"@type":"ImageObject","inLanguage":"en-US","@id":"https:\/\/hammertimecafe.hu\/#\/schema\/logo\/image\/","url":"https:\/\/htcwoo.test\/app\/uploads\/2025\/08\/logo_of_htc.png","contentUrl":"https:\/\/htcwoo.test\/app\/uploads\/2025\/08\/logo_of_htc.png","width":166,"height":73,"caption":"Hammertimecafe"},"image":{"@id":"https:\/\/hammertimecafe.hu\/#\/schema\/logo\/image\/"}}]}},"_links":{"self":[{"href":"https:\/\/hammertimecafe.hu\/en\/wp-json\/wp\/v2\/product\/28612","targetHints":{"allow":["GET"]}}],"collection":[{"href":"https:\/\/hammertimecafe.hu\/en\/wp-json\/wp\/v2\/product"}],"about":[{"href":"https:\/\/hammertimecafe.hu\/en\/wp-json\/wp\/v2\/types\/product"}],"replies":[{"embeddable":true,"href":"https:\/\/hammertimecafe.hu\/en\/wp-json\/wp\/v2\/comments?post=28612"}],"wp:featuredmedia":[{"embeddable":true,"href":"https:\/\/hammertimecafe.hu\/en\/wp-json\/wp\/v2\/media\/28713"}],"wp:attachment":[{"href":"https:\/\/hammertimecafe.hu\/en\/wp-json\/wp\/v2\/media?parent=28612"}],"wp:term":[{"taxonomy":"product_brand","embeddable":true,"href":"https:\/\/hammertimecafe.hu\/en\/wp-json\/wp\/v2\/product_brand?post=28612"},{"taxonomy":"product_cat","embeddable":true,"href":"https:\/\/hammertimecafe.hu\/en\/wp-json\/wp\/v2\/product_cat?post=28612"},{"taxonomy":"product_tag","embeddable":true,"href":"https:\/\/hammertimecafe.hu\/en\/wp-json\/wp\/v2\/product_tag?post=28612"}],"curies":[{"name":"wp","href":"https:\/\/api.w.org\/{rel}","templated":true}]}}