{"id":2872,"date":"2025-10-29T01:48:34","date_gmt":"2025-10-29T00:48:34","guid":{"rendered":"https:\/\/htcwoo.test\/termek\/balthasar-gold\/"},"modified":"2026-05-06T16:41:10","modified_gmt":"2026-05-06T14:41:10","slug":"base-balthasar-gold","status":"publish","type":"product","link":"https:\/\/hammertimecafe.hu\/en\/product\/base-balthasar-gold\/","title":{"rendered":"BASE: BALTHASAR GOLD"},"content":{"rendered":"<p>A BASE: BALTHASAR GOLD ide\u00e1lis v\u00e1laszt\u00e1s, ha gazdag, f\u00e9mes alapsz\u00ednt szeretn\u00e9l Warhammer miniat\u00far\u00e1idhoz. A BASE: BALTHASAR GOLD magas pigmenttartalm\u00e1nak k\u00f6sz\u00f6nhet\u0151en kiv\u00e1l\u00f3 fed\u00e9st \u00e9s l\u00e1tv\u00e1nyos eredm\u00e9nyt biztos\u00edt.<\/p>\n<p>A fest\u00e9k realisztikus f\u00e9mes hat\u00e1st ny\u00fajt, amely k\u00fcl\u00f6n\u00f6sen j\u00f3l mutat p\u00e1nc\u00e9lokon \u00e9s fegyvereken. A BASE: BALTHASAR GOLD egyenletes alapr\u00e9teget k\u00e9pez, amelyre k\u00f6nnyed\u00e9n \u00e9p\u00edthet\u0151k tov\u00e1bbi fest\u00e9kr\u00e9tegek.<\/p>\n<p>Kezd\u0151k \u00e9s halad\u00f3 fest\u0151k sz\u00e1m\u00e1ra egyar\u00e1nt ide\u00e1lis v\u00e1laszt\u00e1s, ha r\u00e9szletgazdag \u00e9s tart\u00f3s eredm\u00e9nyt szeretn\u00e9nek. A BASE: BALTHASAR GOLD megb\u00edzhat\u00f3 teljes\u00edtm\u00e9nyt ny\u00fajt minden fest\u00e9si projekt sor\u00e1n.<\/p>\n<p>A Warhammer Colour fest\u00e9kek a j\u00f3l ismert Citadel Colour min\u0151s\u00e9get k\u00e9pviselik \u00faj n\u00e9v alatt. A BASE: BALTHASAR GOLD tov\u00e1bbra is alapdarab minden Warhammer hobbista sz\u00e1m\u00e1ra.<\/p>\n<p>\u0170rtartalom: 12 ml<br \/>\nAkril alap\u00fa fest\u00e9k<br \/>\nAz \u00e1tcsomagol\u00e1si folyamatok fokozatoss\u00e1ga miatt m\u00e9g el\u0151fordulhat, hogy Citadel Colours m\u00e1rk\u00e1j\u00fa fest\u00e9ket kapnak Warhammer Colours helyett a v\u00e1s\u00e1rl\u00e1s sor\u00e1n.<\/p>","protected":false},"excerpt":{"rendered":"<p>A BASE: BALTHASAR GOLD ide\u00e1lis v\u00e1laszt\u00e1s, ha gazdag, f\u00e9mes alapsz\u00ednt szeretn\u00e9l Warhammer miniat\u00far\u00e1idhoz. A BASE: BALTHASAR GOLD magas pigmenttartalm\u00e1nak k\u00f6sz\u00f6nhet\u0151en kiv\u00e1l\u00f3 fed\u00e9st \u00e9s l\u00e1tv\u00e1nyos eredm\u00e9nyt biztos\u00edt.<\/p>","protected":false},"featured_media":28338,"comment_status":"open","ping_status":"closed","template":"","meta":{"_acf_changed":false},"product_brand":[46],"product_cat":[383,382,127,129],"product_tag":[],"class_list":{"0":"post-2872","1":"product","2":"type-product","3":"status-publish","4":"has-post-thumbnail","6":"product_brand-games-workshop","7":"product_cat-base","8":"product_cat-citadel-festekek","9":"product_cat-festekek-es-eszkozok","10":"product_cat-tegelyes-festekek","12":"first","13":"instock","14":"sale","15":"taxable","16":"shipping-taxable","17":"purchasable","18":"product-type-simple"},"acf":[],"yoast_head":"<!-- This site is optimized with the Yoast SEO Premium plugin v25.6 (Yoast SEO v25.6) - https:\/\/yoast.com\/wordpress\/plugins\/seo\/ -->\n<title>BASE: BALTHASAR GOLD - HammerTime Cafe Webshop<\/title>\n<meta name=\"description\" content=\"BASE: BALTHASAR GOLD akril fest\u00e9k magas pigmenttartalommal \u00e9s f\u00e9mes hat\u00e1ssal Warhammer miniat\u00far\u00e1k fest\u00e9s\u00e9hez.\" \/>\n<meta name=\"robots\" content=\"index, follow, max-snippet:-1, max-image-preview:large, max-video-preview:-1\" \/>\n<link rel=\"canonical\" href=\"https:\/\/hammertimecafe.hu\/en\/product\/base-balthasar-gold\/\" \/>\n<meta property=\"og:locale\" content=\"en_US\" \/>\n<meta property=\"og:type\" content=\"article\" \/>\n<meta property=\"og:title\" content=\"BASE: BALTHASAR GOLD\" \/>\n<meta property=\"og:description\" content=\"BASE: BALTHASAR GOLD akril fest\u00e9k magas pigmenttartalommal \u00e9s f\u00e9mes hat\u00e1ssal Warhammer miniat\u00far\u00e1k fest\u00e9s\u00e9hez.\" \/>\n<meta property=\"og:url\" content=\"https:\/\/hammertimecafe.hu\/en\/product\/base-balthasar-gold\/\" \/>\n<meta property=\"og:site_name\" content=\"HammerTime Cafe Webshop\" \/>\n<meta property=\"article:modified_time\" content=\"2026-05-06T14:41:10+00:00\" \/>\n<meta property=\"og:image\" content=\"https:\/\/hammertimecafe.hu\/app\/uploads\/2025\/12\/BASE-BALTHASAR-GOLD.jpg\" \/>\n\t<meta property=\"og:image:width\" content=\"1840\" \/>\n\t<meta property=\"og:image:height\" content=\"1900\" \/>\n\t<meta property=\"og:image:type\" content=\"image\/jpeg\" \/>\n<meta name=\"twitter:card\" content=\"summary_large_image\" \/>\n<meta name=\"twitter:label1\" content=\"Est. reading time\" \/>\n\t<meta name=\"twitter:data1\" content=\"1 minute\" \/>\n<script type=\"application\/ld+json\" class=\"yoast-schema-graph\">{\"@context\":\"https:\/\/schema.org\",\"@graph\":[{\"@type\":\"WebPage\",\"@id\":\"https:\/\/hammertimecafe.hu\/termek\/base-balthasar-gold\/\",\"url\":\"https:\/\/hammertimecafe.hu\/termek\/base-balthasar-gold\/\",\"name\":\"BASE: BALTHASAR GOLD - HammerTime Cafe Webshop\",\"isPartOf\":{\"@id\":\"https:\/\/hammertimecafe.hu\/#website\"},\"primaryImageOfPage\":{\"@id\":\"https:\/\/hammertimecafe.hu\/termek\/base-balthasar-gold\/#primaryimage\"},\"image\":{\"@id\":\"https:\/\/hammertimecafe.hu\/termek\/base-balthasar-gold\/#primaryimage\"},\"thumbnailUrl\":\"https:\/\/hammertimecafe.hu\/app\/uploads\/2025\/12\/BASE-BALTHASAR-GOLD.jpg\",\"datePublished\":\"2025-10-29T00:48:34+00:00\",\"dateModified\":\"2026-05-06T14:41:10+00:00\",\"description\":\"BASE: BALTHASAR GOLD akril fest\u00e9k magas pigmenttartalommal \u00e9s f\u00e9mes hat\u00e1ssal Warhammer miniat\u00far\u00e1k fest\u00e9s\u00e9hez.\",\"breadcrumb\":{\"@id\":\"https:\/\/hammertimecafe.hu\/termek\/base-balthasar-gold\/#breadcrumb\"},\"inLanguage\":\"en-US\",\"potentialAction\":[{\"@type\":\"ReadAction\",\"target\":[\"https:\/\/hammertimecafe.hu\/termek\/base-balthasar-gold\/\"]}]},{\"@type\":\"ImageObject\",\"inLanguage\":\"en-US\",\"@id\":\"https:\/\/hammertimecafe.hu\/termek\/base-balthasar-gold\/#primaryimage\",\"url\":\"https:\/\/hammertimecafe.hu\/app\/uploads\/2025\/12\/BASE-BALTHASAR-GOLD.jpg\",\"contentUrl\":\"https:\/\/hammertimecafe.hu\/app\/uploads\/2025\/12\/BASE-BALTHASAR-GOLD.jpg\",\"width\":1840,\"height\":1900,\"caption\":\"BASE BALTHASAR GOLD\"},{\"@type\":\"BreadcrumbList\",\"@id\":\"https:\/\/hammertimecafe.hu\/termek\/base-balthasar-gold\/#breadcrumb\",\"itemListElement\":[{\"@type\":\"ListItem\",\"position\":1,\"name\":\"Home\",\"item\":\"https:\/\/hammertimecafe.hu\/\"},{\"@type\":\"ListItem\",\"position\":2,\"name\":\"Shop\",\"item\":\"https:\/\/hammertimecafe.hu\/uzlet\/\"},{\"@type\":\"ListItem\",\"position\":3,\"name\":\"BASE: BALTHASAR GOLD\"}]},{\"@type\":\"WebSite\",\"@id\":\"https:\/\/hammertimecafe.hu\/#website\",\"url\":\"https:\/\/hammertimecafe.hu\/\",\"name\":\"Hammertimecafe\",\"description\":\"A HammerTime Cafe Hivatalos Weboldala \u00e9s Webshopja.\",\"publisher\":{\"@id\":\"https:\/\/hammertimecafe.hu\/#organization\"},\"potentialAction\":[{\"@type\":\"SearchAction\",\"target\":{\"@type\":\"EntryPoint\",\"urlTemplate\":\"https:\/\/hammertimecafe.hu\/?s={search_term_string}\"},\"query-input\":{\"@type\":\"PropertyValueSpecification\",\"valueRequired\":true,\"valueName\":\"search_term_string\"}}],\"inLanguage\":\"en-US\"},{\"@type\":\"Organization\",\"@id\":\"https:\/\/hammertimecafe.hu\/#organization\",\"name\":\"Hammertimecafe\",\"url\":\"https:\/\/hammertimecafe.hu\/\",\"logo\":{\"@type\":\"ImageObject\",\"inLanguage\":\"en-US\",\"@id\":\"https:\/\/hammertimecafe.hu\/#\/schema\/logo\/image\/\",\"url\":\"https:\/\/htcwoo.test\/app\/uploads\/2025\/08\/logo_of_htc.png\",\"contentUrl\":\"https:\/\/htcwoo.test\/app\/uploads\/2025\/08\/logo_of_htc.png\",\"width\":166,\"height\":73,\"caption\":\"Hammertimecafe\"},\"image\":{\"@id\":\"https:\/\/hammertimecafe.hu\/#\/schema\/logo\/image\/\"}}]}<\/script>\n<!-- \/ Yoast SEO Premium plugin. -->","yoast_head_json":{"title":"BASE: BALTHASAR GOLD - HammerTime Cafe Webshop","description":"BASE: BALTHASAR GOLD akril fest\u00e9k magas pigmenttartalommal \u00e9s f\u00e9mes hat\u00e1ssal Warhammer miniat\u00far\u00e1k fest\u00e9s\u00e9hez.","robots":{"index":"index","follow":"follow","max-snippet":"max-snippet:-1","max-image-preview":"max-image-preview:large","max-video-preview":"max-video-preview:-1"},"canonical":"https:\/\/hammertimecafe.hu\/en\/product\/base-balthasar-gold\/","og_locale":"en_US","og_type":"article","og_title":"BASE: BALTHASAR GOLD","og_description":"BASE: BALTHASAR GOLD akril fest\u00e9k magas pigmenttartalommal \u00e9s f\u00e9mes hat\u00e1ssal Warhammer miniat\u00far\u00e1k fest\u00e9s\u00e9hez.","og_url":"https:\/\/hammertimecafe.hu\/en\/product\/base-balthasar-gold\/","og_site_name":"HammerTime Cafe Webshop","article_modified_time":"2026-05-06T14:41:10+00:00","og_image":[{"width":1840,"height":1900,"url":"https:\/\/hammertimecafe.hu\/app\/uploads\/2025\/12\/BASE-BALTHASAR-GOLD.jpg","type":"image\/jpeg"}],"twitter_card":"summary_large_image","twitter_misc":{"Est. reading time":"1 minute"},"schema":{"@context":"https:\/\/schema.org","@graph":[{"@type":"WebPage","@id":"https:\/\/hammertimecafe.hu\/termek\/base-balthasar-gold\/","url":"https:\/\/hammertimecafe.hu\/termek\/base-balthasar-gold\/","name":"BASE: BALTHASAR GOLD - HammerTime Cafe Webshop","isPartOf":{"@id":"https:\/\/hammertimecafe.hu\/#website"},"primaryImageOfPage":{"@id":"https:\/\/hammertimecafe.hu\/termek\/base-balthasar-gold\/#primaryimage"},"image":{"@id":"https:\/\/hammertimecafe.hu\/termek\/base-balthasar-gold\/#primaryimage"},"thumbnailUrl":"https:\/\/hammertimecafe.hu\/app\/uploads\/2025\/12\/BASE-BALTHASAR-GOLD.jpg","datePublished":"2025-10-29T00:48:34+00:00","dateModified":"2026-05-06T14:41:10+00:00","description":"BASE: BALTHASAR GOLD akril fest\u00e9k magas pigmenttartalommal \u00e9s f\u00e9mes hat\u00e1ssal Warhammer miniat\u00far\u00e1k fest\u00e9s\u00e9hez.","breadcrumb":{"@id":"https:\/\/hammertimecafe.hu\/termek\/base-balthasar-gold\/#breadcrumb"},"inLanguage":"en-US","potentialAction":[{"@type":"ReadAction","target":["https:\/\/hammertimecafe.hu\/termek\/base-balthasar-gold\/"]}]},{"@type":"ImageObject","inLanguage":"en-US","@id":"https:\/\/hammertimecafe.hu\/termek\/base-balthasar-gold\/#primaryimage","url":"https:\/\/hammertimecafe.hu\/app\/uploads\/2025\/12\/BASE-BALTHASAR-GOLD.jpg","contentUrl":"https:\/\/hammertimecafe.hu\/app\/uploads\/2025\/12\/BASE-BALTHASAR-GOLD.jpg","width":1840,"height":1900,"caption":"BASE BALTHASAR GOLD"},{"@type":"BreadcrumbList","@id":"https:\/\/hammertimecafe.hu\/termek\/base-balthasar-gold\/#breadcrumb","itemListElement":[{"@type":"ListItem","position":1,"name":"Home","item":"https:\/\/hammertimecafe.hu\/"},{"@type":"ListItem","position":2,"name":"Shop","item":"https:\/\/hammertimecafe.hu\/uzlet\/"},{"@type":"ListItem","position":3,"name":"BASE: BALTHASAR GOLD"}]},{"@type":"WebSite","@id":"https:\/\/hammertimecafe.hu\/#website","url":"https:\/\/hammertimecafe.hu\/","name":"Hammertimecafe","description":"The Official Website and Webshop of HammerTime Cafe.","publisher":{"@id":"https:\/\/hammertimecafe.hu\/#organization"},"potentialAction":[{"@type":"SearchAction","target":{"@type":"EntryPoint","urlTemplate":"https:\/\/hammertimecafe.hu\/?s={search_term_string}"},"query-input":{"@type":"PropertyValueSpecification","valueRequired":true,"valueName":"search_term_string"}}],"inLanguage":"en-US"},{"@type":"Organization","@id":"https:\/\/hammertimecafe.hu\/#organization","name":"Hammertimecafe","url":"https:\/\/hammertimecafe.hu\/","logo":{"@type":"ImageObject","inLanguage":"en-US","@id":"https:\/\/hammertimecafe.hu\/#\/schema\/logo\/image\/","url":"https:\/\/htcwoo.test\/app\/uploads\/2025\/08\/logo_of_htc.png","contentUrl":"https:\/\/htcwoo.test\/app\/uploads\/2025\/08\/logo_of_htc.png","width":166,"height":73,"caption":"Hammertimecafe"},"image":{"@id":"https:\/\/hammertimecafe.hu\/#\/schema\/logo\/image\/"}}]}},"_links":{"self":[{"href":"https:\/\/hammertimecafe.hu\/en\/wp-json\/wp\/v2\/product\/2872","targetHints":{"allow":["GET"]}}],"collection":[{"href":"https:\/\/hammertimecafe.hu\/en\/wp-json\/wp\/v2\/product"}],"about":[{"href":"https:\/\/hammertimecafe.hu\/en\/wp-json\/wp\/v2\/types\/product"}],"replies":[{"embeddable":true,"href":"https:\/\/hammertimecafe.hu\/en\/wp-json\/wp\/v2\/comments?post=2872"}],"wp:featuredmedia":[{"embeddable":true,"href":"https:\/\/hammertimecafe.hu\/en\/wp-json\/wp\/v2\/media\/28338"}],"wp:attachment":[{"href":"https:\/\/hammertimecafe.hu\/en\/wp-json\/wp\/v2\/media?parent=2872"}],"wp:term":[{"taxonomy":"product_brand","embeddable":true,"href":"https:\/\/hammertimecafe.hu\/en\/wp-json\/wp\/v2\/product_brand?post=2872"},{"taxonomy":"product_cat","embeddable":true,"href":"https:\/\/hammertimecafe.hu\/en\/wp-json\/wp\/v2\/product_cat?post=2872"},{"taxonomy":"product_tag","embeddable":true,"href":"https:\/\/hammertimecafe.hu\/en\/wp-json\/wp\/v2\/product_tag?post=2872"}],"curies":[{"name":"wp","href":"https:\/\/api.w.org\/{rel}","templated":true}]}}