{"id":28806,"date":"2026-04-11T10:13:37","date_gmt":"2026-04-11T08:13:37","guid":{"rendered":"https:\/\/hammertimecafe.hu\/?post_type=product&#038;p=28806"},"modified":"2026-05-07T16:01:47","modified_gmt":"2026-05-07T14:01:47","slug":"legio-custodes-caladius-grav-tank","status":"publish","type":"product","link":"https:\/\/hammertimecafe.hu\/en\/product\/legio-custodes-caladius-grav-tank\/","title":{"rendered":"LEGIO CUSTODES: CALADIUS GRAV-TANK"},"content":{"rendered":"<p>A LEGIO CUSTODES: CALADIUS GRAV-TANK egy fejlett lebeg\u0151 harci j\u00e1rm\u0171, amely puszt\u00edt\u00f3 t\u0171zer\u0151vel t\u00e1mogatja a Custodes seregeket. A LEGIO CUSTODES: CALADIUS GRAV-TANK ide\u00e1lis v\u00e1laszt\u00e1s minden j\u00e1t\u00e9kos sz\u00e1m\u00e1ra, aki gyors \u00e9s er\u0151s p\u00e1nc\u00e9los egys\u00e9get keres.<\/p>\n<p>Ez a grav-tank magas technol\u00f3gi\u00e1j\u00fa lebeg\u0151 meghajt\u00e1s\u00e1val k\u00f6nnyed\u00e9n man\u0151verezik a csatat\u00e9ren. A LEGIO CUSTODES: CALADIUS GRAV-TANK f\u0151 fegyvere a toronyba szerelt twin Iliastus accelerator cannon, amely hatalmas puszt\u00edt\u00e1st v\u00e9gez.<\/p>\n<p>Tov\u00e1bbi fegyveropci\u00f3k\u00e9nt v\u00e1laszthat\u00f3 twin lastrum bolt cannon vagy twin neutronium cascade projector. A LEGIO CUSTODES: CALADIUS GRAV-TANK \u00edgy k\u00fcl\u00f6nb\u00f6z\u0151 taktikai helyzetekhez is alkalmazkodik.<\/p>\n<p>Ez a j\u00e1rm\u0171 t\u00f6k\u00e9letes kombin\u00e1ci\u00f3ja a sebess\u00e9gnek \u00e9s a t\u0171zer\u0151nek, amely domin\u00e1lja a csatateret. A LEGIO CUSTODES: CALADIUS GRAV-TANK kiv\u00e1l\u00f3 kieg\u00e9sz\u00edt\u0151 minden Legio Custodes hadsereghez.<\/p>\n<p>The miniatures require assembly and painting.<br \/>\nProduct language: English.<br \/>\nAz el\u0151rendel\u00e9si peri\u00f3dus 2026. 04. 11-\u00e9n indul, a term\u00e9k 2026. 04. 25-t\u0151l vehet\u0151 \u00e1t.<\/p>","protected":false},"excerpt":{"rendered":"<p>A LEGIO CUSTODES: CALADIUS GRAV-TANK egy fejlett lebeg\u0151 harci j\u00e1rm\u0171, amely puszt\u00edt\u00f3 t\u0171zer\u0151vel t\u00e1mogatja a Custodes seregeket. A LEGIO CUSTODES: CALADIUS GRAV-TANK ide\u00e1lis v\u00e1laszt\u00e1s minden j\u00e1t\u00e9kos sz\u00e1m\u00e1ra, aki gyors \u00e9s er\u0151s p\u00e1nc\u00e9los egys\u00e9get keres.<\/p>","protected":false},"featured_media":28913,"comment_status":"open","ping_status":"closed","template":"","meta":{"_acf_changed":false},"product_brand":[46],"product_cat":[169,255,19,249,45],"product_tag":[],"class_list":{"0":"post-28806","1":"product","2":"type-product","3":"status-publish","4":"has-post-thumbnail","6":"product_brand-games-workshop","7":"product_cat-adeptus-custodes","8":"product_cat-armies-of-the-imperium","9":"product_cat-wargame","10":"product_cat-warhammer-40-000-wargame","11":"product_cat-warhammer-the-horus-heresy","13":"first","14":"onbackorder","15":"sale","16":"taxable","17":"shipping-taxable","18":"purchasable","19":"product-type-simple"},"acf":[],"yoast_head":"<!-- This site is optimized with the Yoast SEO Premium plugin v25.6 (Yoast SEO v25.6) - https:\/\/yoast.com\/wordpress\/plugins\/seo\/ -->\n<title>LEGIO CUSTODES: CALADIUS GRAV-TANK - HammerTime Cafe Webshop<\/title>\n<meta name=\"description\" content=\"LEGIO CUSTODES: CALADIUS GRAV-TANK lebeg\u0151 harci j\u00e1rm\u0171 nagy t\u0171zer\u0151vel \u00e9s t\u00f6bb fegyveropci\u00f3val Warhammer 40,000-hez.\" \/>\n<meta name=\"robots\" content=\"index, follow, max-snippet:-1, max-image-preview:large, max-video-preview:-1\" \/>\n<link rel=\"canonical\" href=\"https:\/\/hammertimecafe.hu\/en\/product\/legio-custodes-caladius-grav-tank\/\" \/>\n<meta property=\"og:locale\" content=\"en_US\" \/>\n<meta property=\"og:type\" content=\"article\" \/>\n<meta property=\"og:title\" content=\"LEGIO CUSTODES: CALADIUS GRAV-TANK\" \/>\n<meta property=\"og:description\" content=\"LEGIO CUSTODES: CALADIUS GRAV-TANK lebeg\u0151 harci j\u00e1rm\u0171 nagy t\u0171zer\u0151vel \u00e9s t\u00f6bb fegyveropci\u00f3val Warhammer 40,000-hez.\" \/>\n<meta property=\"og:url\" content=\"https:\/\/hammertimecafe.hu\/en\/product\/legio-custodes-caladius-grav-tank\/\" \/>\n<meta property=\"og:site_name\" content=\"HammerTime Cafe Webshop\" \/>\n<meta property=\"article:modified_time\" content=\"2026-05-07T14:01:47+00:00\" \/>\n<meta property=\"og:image\" content=\"https:\/\/hammertimecafe.hu\/app\/uploads\/2026\/04\/https___trade.games-workshop.com_assets_2026_04_99123043007_CustodesCaladiusGravTank8.jpg\" \/>\n\t<meta property=\"og:image:width\" content=\"1840\" \/>\n\t<meta property=\"og:image:height\" content=\"1900\" \/>\n\t<meta property=\"og:image:type\" content=\"image\/jpeg\" \/>\n<meta name=\"twitter:card\" content=\"summary_large_image\" \/>\n<meta name=\"twitter:label1\" content=\"Est. reading time\" \/>\n\t<meta name=\"twitter:data1\" content=\"1 minute\" \/>\n<script type=\"application\/ld+json\" class=\"yoast-schema-graph\">{\"@context\":\"https:\/\/schema.org\",\"@graph\":[{\"@type\":\"WebPage\",\"@id\":\"https:\/\/hammertimecafe.hu\/termek\/legio-custodes-caladius-grav-tank\/\",\"url\":\"https:\/\/hammertimecafe.hu\/termek\/legio-custodes-caladius-grav-tank\/\",\"name\":\"LEGIO CUSTODES: CALADIUS GRAV-TANK - HammerTime Cafe Webshop\",\"isPartOf\":{\"@id\":\"https:\/\/hammertimecafe.hu\/#website\"},\"primaryImageOfPage\":{\"@id\":\"https:\/\/hammertimecafe.hu\/termek\/legio-custodes-caladius-grav-tank\/#primaryimage\"},\"image\":{\"@id\":\"https:\/\/hammertimecafe.hu\/termek\/legio-custodes-caladius-grav-tank\/#primaryimage\"},\"thumbnailUrl\":\"https:\/\/hammertimecafe.hu\/app\/uploads\/2026\/04\/https___trade.games-workshop.com_assets_2026_04_99123043007_CustodesCaladiusGravTank8.jpg\",\"datePublished\":\"2026-04-11T08:13:37+00:00\",\"dateModified\":\"2026-05-07T14:01:47+00:00\",\"description\":\"LEGIO CUSTODES: CALADIUS GRAV-TANK lebeg\u0151 harci j\u00e1rm\u0171 nagy t\u0171zer\u0151vel \u00e9s t\u00f6bb fegyveropci\u00f3val Warhammer 40,000-hez.\",\"breadcrumb\":{\"@id\":\"https:\/\/hammertimecafe.hu\/termek\/legio-custodes-caladius-grav-tank\/#breadcrumb\"},\"inLanguage\":\"en-US\",\"potentialAction\":[{\"@type\":\"ReadAction\",\"target\":[\"https:\/\/hammertimecafe.hu\/termek\/legio-custodes-caladius-grav-tank\/\"]}]},{\"@type\":\"ImageObject\",\"inLanguage\":\"en-US\",\"@id\":\"https:\/\/hammertimecafe.hu\/termek\/legio-custodes-caladius-grav-tank\/#primaryimage\",\"url\":\"https:\/\/hammertimecafe.hu\/app\/uploads\/2026\/04\/https___trade.games-workshop.com_assets_2026_04_99123043007_CustodesCaladiusGravTank8.jpg\",\"contentUrl\":\"https:\/\/hammertimecafe.hu\/app\/uploads\/2026\/04\/https___trade.games-workshop.com_assets_2026_04_99123043007_CustodesCaladiusGravTank8.jpg\",\"width\":1840,\"height\":1900},{\"@type\":\"BreadcrumbList\",\"@id\":\"https:\/\/hammertimecafe.hu\/termek\/legio-custodes-caladius-grav-tank\/#breadcrumb\",\"itemListElement\":[{\"@type\":\"ListItem\",\"position\":1,\"name\":\"Home\",\"item\":\"https:\/\/hammertimecafe.hu\/\"},{\"@type\":\"ListItem\",\"position\":2,\"name\":\"Shop\",\"item\":\"https:\/\/hammertimecafe.hu\/uzlet\/\"},{\"@type\":\"ListItem\",\"position\":3,\"name\":\"LEGIO CUSTODES: CALADIUS GRAV-TANK\"}]},{\"@type\":\"WebSite\",\"@id\":\"https:\/\/hammertimecafe.hu\/#website\",\"url\":\"https:\/\/hammertimecafe.hu\/\",\"name\":\"Hammertimecafe\",\"description\":\"A HammerTime Cafe Hivatalos Weboldala \u00e9s Webshopja.\",\"publisher\":{\"@id\":\"https:\/\/hammertimecafe.hu\/#organization\"},\"potentialAction\":[{\"@type\":\"SearchAction\",\"target\":{\"@type\":\"EntryPoint\",\"urlTemplate\":\"https:\/\/hammertimecafe.hu\/?s={search_term_string}\"},\"query-input\":{\"@type\":\"PropertyValueSpecification\",\"valueRequired\":true,\"valueName\":\"search_term_string\"}}],\"inLanguage\":\"en-US\"},{\"@type\":\"Organization\",\"@id\":\"https:\/\/hammertimecafe.hu\/#organization\",\"name\":\"Hammertimecafe\",\"url\":\"https:\/\/hammertimecafe.hu\/\",\"logo\":{\"@type\":\"ImageObject\",\"inLanguage\":\"en-US\",\"@id\":\"https:\/\/hammertimecafe.hu\/#\/schema\/logo\/image\/\",\"url\":\"https:\/\/htcwoo.test\/app\/uploads\/2025\/08\/logo_of_htc.png\",\"contentUrl\":\"https:\/\/htcwoo.test\/app\/uploads\/2025\/08\/logo_of_htc.png\",\"width\":166,\"height\":73,\"caption\":\"Hammertimecafe\"},\"image\":{\"@id\":\"https:\/\/hammertimecafe.hu\/#\/schema\/logo\/image\/\"}}]}<\/script>\n<!-- \/ Yoast SEO Premium plugin. -->","yoast_head_json":{"title":"LEGIO CUSTODES: CALADIUS GRAV-TANK - HammerTime Cafe Webshop","description":"LEGIO CUSTODES: CALADIUS GRAV-TANK lebeg\u0151 harci j\u00e1rm\u0171 nagy t\u0171zer\u0151vel \u00e9s t\u00f6bb fegyveropci\u00f3val Warhammer 40,000-hez.","robots":{"index":"index","follow":"follow","max-snippet":"max-snippet:-1","max-image-preview":"max-image-preview:large","max-video-preview":"max-video-preview:-1"},"canonical":"https:\/\/hammertimecafe.hu\/en\/product\/legio-custodes-caladius-grav-tank\/","og_locale":"en_US","og_type":"article","og_title":"LEGIO CUSTODES: CALADIUS GRAV-TANK","og_description":"LEGIO CUSTODES: CALADIUS GRAV-TANK lebeg\u0151 harci j\u00e1rm\u0171 nagy t\u0171zer\u0151vel \u00e9s t\u00f6bb fegyveropci\u00f3val Warhammer 40,000-hez.","og_url":"https:\/\/hammertimecafe.hu\/en\/product\/legio-custodes-caladius-grav-tank\/","og_site_name":"HammerTime Cafe Webshop","article_modified_time":"2026-05-07T14:01:47+00:00","og_image":[{"width":1840,"height":1900,"url":"https:\/\/hammertimecafe.hu\/app\/uploads\/2026\/04\/https___trade.games-workshop.com_assets_2026_04_99123043007_CustodesCaladiusGravTank8.jpg","type":"image\/jpeg"}],"twitter_card":"summary_large_image","twitter_misc":{"Est. reading time":"1 minute"},"schema":{"@context":"https:\/\/schema.org","@graph":[{"@type":"WebPage","@id":"https:\/\/hammertimecafe.hu\/termek\/legio-custodes-caladius-grav-tank\/","url":"https:\/\/hammertimecafe.hu\/termek\/legio-custodes-caladius-grav-tank\/","name":"LEGIO CUSTODES: CALADIUS GRAV-TANK - HammerTime Cafe Webshop","isPartOf":{"@id":"https:\/\/hammertimecafe.hu\/#website"},"primaryImageOfPage":{"@id":"https:\/\/hammertimecafe.hu\/termek\/legio-custodes-caladius-grav-tank\/#primaryimage"},"image":{"@id":"https:\/\/hammertimecafe.hu\/termek\/legio-custodes-caladius-grav-tank\/#primaryimage"},"thumbnailUrl":"https:\/\/hammertimecafe.hu\/app\/uploads\/2026\/04\/https___trade.games-workshop.com_assets_2026_04_99123043007_CustodesCaladiusGravTank8.jpg","datePublished":"2026-04-11T08:13:37+00:00","dateModified":"2026-05-07T14:01:47+00:00","description":"LEGIO CUSTODES: CALADIUS GRAV-TANK lebeg\u0151 harci j\u00e1rm\u0171 nagy t\u0171zer\u0151vel \u00e9s t\u00f6bb fegyveropci\u00f3val Warhammer 40,000-hez.","breadcrumb":{"@id":"https:\/\/hammertimecafe.hu\/termek\/legio-custodes-caladius-grav-tank\/#breadcrumb"},"inLanguage":"en-US","potentialAction":[{"@type":"ReadAction","target":["https:\/\/hammertimecafe.hu\/termek\/legio-custodes-caladius-grav-tank\/"]}]},{"@type":"ImageObject","inLanguage":"en-US","@id":"https:\/\/hammertimecafe.hu\/termek\/legio-custodes-caladius-grav-tank\/#primaryimage","url":"https:\/\/hammertimecafe.hu\/app\/uploads\/2026\/04\/https___trade.games-workshop.com_assets_2026_04_99123043007_CustodesCaladiusGravTank8.jpg","contentUrl":"https:\/\/hammertimecafe.hu\/app\/uploads\/2026\/04\/https___trade.games-workshop.com_assets_2026_04_99123043007_CustodesCaladiusGravTank8.jpg","width":1840,"height":1900},{"@type":"BreadcrumbList","@id":"https:\/\/hammertimecafe.hu\/termek\/legio-custodes-caladius-grav-tank\/#breadcrumb","itemListElement":[{"@type":"ListItem","position":1,"name":"Home","item":"https:\/\/hammertimecafe.hu\/"},{"@type":"ListItem","position":2,"name":"Shop","item":"https:\/\/hammertimecafe.hu\/uzlet\/"},{"@type":"ListItem","position":3,"name":"LEGIO CUSTODES: CALADIUS GRAV-TANK"}]},{"@type":"WebSite","@id":"https:\/\/hammertimecafe.hu\/#website","url":"https:\/\/hammertimecafe.hu\/","name":"Hammertimecafe","description":"The Official Website and Webshop of HammerTime Cafe.","publisher":{"@id":"https:\/\/hammertimecafe.hu\/#organization"},"potentialAction":[{"@type":"SearchAction","target":{"@type":"EntryPoint","urlTemplate":"https:\/\/hammertimecafe.hu\/?s={search_term_string}"},"query-input":{"@type":"PropertyValueSpecification","valueRequired":true,"valueName":"search_term_string"}}],"inLanguage":"en-US"},{"@type":"Organization","@id":"https:\/\/hammertimecafe.hu\/#organization","name":"Hammertimecafe","url":"https:\/\/hammertimecafe.hu\/","logo":{"@type":"ImageObject","inLanguage":"en-US","@id":"https:\/\/hammertimecafe.hu\/#\/schema\/logo\/image\/","url":"https:\/\/htcwoo.test\/app\/uploads\/2025\/08\/logo_of_htc.png","contentUrl":"https:\/\/htcwoo.test\/app\/uploads\/2025\/08\/logo_of_htc.png","width":166,"height":73,"caption":"Hammertimecafe"},"image":{"@id":"https:\/\/hammertimecafe.hu\/#\/schema\/logo\/image\/"}}]}},"_links":{"self":[{"href":"https:\/\/hammertimecafe.hu\/en\/wp-json\/wp\/v2\/product\/28806","targetHints":{"allow":["GET"]}}],"collection":[{"href":"https:\/\/hammertimecafe.hu\/en\/wp-json\/wp\/v2\/product"}],"about":[{"href":"https:\/\/hammertimecafe.hu\/en\/wp-json\/wp\/v2\/types\/product"}],"replies":[{"embeddable":true,"href":"https:\/\/hammertimecafe.hu\/en\/wp-json\/wp\/v2\/comments?post=28806"}],"wp:featuredmedia":[{"embeddable":true,"href":"https:\/\/hammertimecafe.hu\/en\/wp-json\/wp\/v2\/media\/28913"}],"wp:attachment":[{"href":"https:\/\/hammertimecafe.hu\/en\/wp-json\/wp\/v2\/media?parent=28806"}],"wp:term":[{"taxonomy":"product_brand","embeddable":true,"href":"https:\/\/hammertimecafe.hu\/en\/wp-json\/wp\/v2\/product_brand?post=28806"},{"taxonomy":"product_cat","embeddable":true,"href":"https:\/\/hammertimecafe.hu\/en\/wp-json\/wp\/v2\/product_cat?post=28806"},{"taxonomy":"product_tag","embeddable":true,"href":"https:\/\/hammertimecafe.hu\/en\/wp-json\/wp\/v2\/product_tag?post=28806"}],"curies":[{"name":"wp","href":"https:\/\/api.w.org\/{rel}","templated":true}]}}